{"id":1627,"date":"2022-03-19T00:28:52","date_gmt":"2022-03-19T00:28:52","guid":{"rendered":"https:\/\/gooddealersmeds.com\/sl\/?post_type=product&#038;p=1627"},"modified":"2022-10-04T00:43:31","modified_gmt":"2022-10-04T00:43:31","slug":"buy-pure-mdma-crystals-online","status":"publish","type":"product","link":"https:\/\/gooddealersmeds.com\/sl\/product\/buy-pure-mdma-crystals-online\/","title":{"rendered":"Kupite \u010diste kristale MDMA na spletu"},"content":{"rendered":"<p>Kupite \u010diste kristale Mdma na spletu v na\u0161i trgovini. <a href=\"https:\/\/gooddealersmeds.com\/sl\/product\/buy-pure-mdma-crystals-online\/\">MDMA<\/a> je po\u017eivilo z evfori\u010dnimi in rahlo halucinogenimi lastnostmi. MDMA je na voljo v dveh oblikah, tabletah in prahu\/kristalih, in ga je mogo\u010de jemati peroralno ali njuhati.<\/p>\n<p>Snov 3,4-metilendioksimetamfetamin je derivat amfetamina, ki je v zadnjih letih pridobil veliko popularnost in je postal rekreacijski zdravilo izbire mnogih mladostnikov in mladih odraslih. Posamezniki, ki jemljejo MDMA, opisujejo ob\u010dutek evforije, izgubo inhibicije, ob\u010dutek bli\u017eine in\/ali empatije ter pove\u010dano \u010dutnost. \u00bbMolly\u00ab, pra\u0161kasta ali kristalna oblika MDMA, kemikalije, ki se uporablja v ekstaziju, je bila priljubljena droga.<\/p>\n<p>Odmerek bo odvisen od \u0161tevilnih dejavnikov, vklju\u010dno s toleranco, spolom in na\u010dinom jemanja (nazalno). ali ustno). To je samo vodilo.<\/p>\n<p>Priporo\u010deni odmerek = 50 mg + va\u0161a telesna te\u017ea v kilogramih<\/p>\n<p>Med u\u010dinki, ki se lahko pojavijo kot posledica uporabe MDMA, so naslednji:<\/p>\n<ul>\n<li>Pove\u010dana vitalnost\/zavedanje<\/li>\n<li>Evforija<\/li>\n<li>Pove\u010dana empatija ali ob\u010dutek, da ste &#8220;zaljubljen&#8221;<\/li>\n<li>Pove\u010dano spo\u0161tovanje do glasbe<\/li>\n<li>Halucinacije blage narave<\/li>\n<li>Povi\u0161anje temperature<\/li>\n<li>Sklepanje\u00a0\u010deljusti, \u0161kripanje z zobmi in \u017eve\u010denje jezika in lic (gunganje)<\/li>\n<li>Slabost\/bruhanje<\/li>\n<li>Nezmo\u017enost orgazma\/erektilna disfunkcija<\/li>\n<\/ul>\n<p>Na\u0161e naro\u010dilo je popolnoma zasebno in varno. Poleg tega na\u0161a naro\u010dila obravnavamo z najve\u010djim upo\u0161tevanjem va\u0161e zasebnosti kot stranke. Drugi\u010d, zelo se trudimo, da bo va\u0161a dostava \u010dim bolj diskretna. Za va\u0161o VIP dostavo uporabljamo ugledno ladijsko podjetje.<\/p>\n<p>Poleg tega lahko va\u0161 paket zavarujemo, da zagotovimo njegovo varnost med prevozom od ladje do va\u0161ih vrat. Kon\u010dno varujemo vse va\u0161e podatke in jih nikoli ne bomo izdali ali razkrili brez va\u0161ega dovoljenja.<\/p>\n<p>Stranke po vsem svetu lahko kupijo \u010diste kristale MDMA na spletu z ali brez recepta pri na\u0161em <a href=\"https:\/\/gooddealersmeds.com\/sl\/products\/\">trgovina<\/a>.<\/p>\n","protected":false},"excerpt":{"rendered":"<p>Prodaja kristalov Ecstasy\/Molly (kupite kristale Ecstasy\/Molly na spletu). Kupite \u010diste kristale MDMA na spletu, kristale metilona na spletu, kupite metilon na spletu, kupite kristale ekstazija na spletu, kupite kristale Molly na spletu<\/p>\n","protected":false},"featured_media":1637,"comment_status":"open","ping_status":"closed","template":"","meta":{"inline_featured_image":false},"product_brand":[],"product_cat":[343],"product_tag":[185,191,187,186,190,193,196,197,195,188,192,107,189,194],"class_list":{"0":"post-1627","1":"product","2":"type-product","3":"status-publish","4":"has-post-thumbnail","6":"product_cat-drugi","7":"product_tag-buy-pure-mdma-crystals-online-buy-pure-mdma-crystals","8":"product_tag-buy-pure-mdma-crystals-online-near-me","9":"product_tag-buy-pure-mdma-crystals-online-usa","10":"product_tag-buy-pure-mdma-crystals-usa","11":"product_tag-isti-mdma-kristali-za-prodajo-blizu-me","12":"product_tag-isti-mdma-kristali-za-prodajo-v-zda","13":"product_tag-how-to-order-pure-mdma-crystals","14":"product_tag-is-pure-mdma-crystals-legal-in-canada","15":"product_tag-is-pure-mdma-crystals-legal-in-usa","16":"product_tag-kje-kupiti-iste-mdma-kristale","17":"product_tag-kje-kupiti-iste-mdma-kristale-na-spletu","18":"product_tag-kupiti","19":"product_tag-isti-mdma-kristali-za-prodajo","20":"product_tag-iste-mdma-kristale-e-lahko-dobite","21":"pa_grams-1-kg-1000-g","22":"pa_grams-100-g","23":"pa_grams-20-g","24":"pa_grams-200-g","25":"pa_grams-250-g","26":"pa_grams-35-g","27":"pa_grams-50-g","28":"pa_grams-500-g","30":"first","31":"instock","32":"featured","33":"shipping-taxable","34":"purchasable","35":"product-type-variable","36":"has-default-attributes"},"yoast_head":"<!-- This site is optimized with the Yoast SEO Premium plugin v20.6 (Yoast SEO v27.3) - https:\/\/yoast.com\/product\/yoast-seo-premium-wordpress\/ -->\n<title>Kupite \u010diste kristale MDMA na spletu | MDMA za prodajoGood Dealers Meds<\/title>\n<meta name=\"description\" content=\"Kupite \u010diste kristale MDMA na spletu. Prodajamo \u010disti MDMA s cenej\u0161imi ponudbami, ki so na voljo za nakup v razsutem stanju pri Good Dealers Meds in ostanemo anonimni.\" \/>\n<meta name=\"robots\" content=\"index, follow, max-snippet:-1, max-image-preview:large, max-video-preview:-1\" \/>\n<link rel=\"canonical\" href=\"https:\/\/gooddealersmeds.com\/sl\/product\/buy-pure-mdma-crystals-online\/\" \/>\n<meta property=\"og:locale\" content=\"en_US\" \/>\n<meta property=\"og:type\" content=\"article\" \/>\n<meta property=\"og:title\" content=\"Kupite \u010diste kristale MDMA na spletu\" \/>\n<meta property=\"og:description\" content=\"Kupite \u010diste kristale MDMA na spletu. Prodajamo \u010disti MDMA s cenej\u0161imi ponudbami, ki so na voljo za nakup v razsutem stanju pri Good Dealers Meds in ostanemo anonimni.\" \/>\n<meta property=\"og:url\" content=\"https:\/\/gooddealersmeds.com\/sl\/product\/buy-pure-mdma-crystals-online\/\" \/>\n<meta property=\"og:site_name\" content=\"Good Dealers Meds\" \/>\n<meta property=\"article:modified_time\" content=\"2022-10-04T00:43:31+00:00\" \/>\n<meta property=\"og:image\" content=\"https:\/\/gooddealersmeds.com\/sl\/wp-content\/uploads\/sites\/10\/2022\/03\/Buy-pure-MDMA-Crystals-online.jpg\" \/>\n\t<meta property=\"og:image:width\" content=\"600\" \/>\n\t<meta property=\"og:image:height\" content=\"600\" \/>\n\t<meta property=\"og:image:type\" content=\"image\/jpeg\" \/>\n<meta name=\"twitter:card\" content=\"summary_large_image\" \/>\n<meta name=\"twitter:label1\" content=\"Est. reading time\" \/>\n\t<meta name=\"twitter:data1\" content=\"1 minute\" \/>\n<script type=\"application\/ld+json\" class=\"yoast-schema-graph\">{\"@context\":\"https:\\\/\\\/schema.org\",\"@graph\":[{\"@type\":\"WebPage\",\"@id\":\"https:\\\/\\\/gooddealersmeds.com\\\/sl\\\/product\\\/buy-pure-mdma-crystals-online\\\/\",\"url\":\"https:\\\/\\\/gooddealersmeds.com\\\/sl\\\/product\\\/buy-pure-mdma-crystals-online\\\/\",\"name\":\"Kupite \u010diste kristale MDMA na spletu | MDMA za prodajoGood Dealers Meds\",\"isPartOf\":{\"@id\":\"https:\\\/\\\/gooddealersmeds.com\\\/sl\\\/#website\"},\"primaryImageOfPage\":{\"@id\":\"https:\\\/\\\/gooddealersmeds.com\\\/sl\\\/product\\\/buy-pure-mdma-crystals-online\\\/#primaryimage\"},\"image\":{\"@id\":\"https:\\\/\\\/gooddealersmeds.com\\\/sl\\\/product\\\/buy-pure-mdma-crystals-online\\\/#primaryimage\"},\"thumbnailUrl\":\"https:\\\/\\\/gooddealersmeds.com\\\/sl\\\/wp-content\\\/uploads\\\/sites\\\/10\\\/2022\\\/03\\\/Buy-pure-MDMA-Crystals-online.jpg\",\"datePublished\":\"2022-03-19T00:28:52+00:00\",\"dateModified\":\"2022-10-04T00:43:31+00:00\",\"description\":\"Kupite \u010diste kristale MDMA na spletu. Prodajamo \u010disti MDMA s cenej\u0161imi ponudbami, ki so na voljo za nakup v razsutem stanju pri Good Dealers Meds in ostanemo anonimni.\",\"breadcrumb\":{\"@id\":\"https:\\\/\\\/gooddealersmeds.com\\\/sl\\\/product\\\/buy-pure-mdma-crystals-online\\\/#breadcrumb\"},\"inLanguage\":\"en-US\",\"potentialAction\":[{\"@type\":\"ReadAction\",\"target\":[\"https:\\\/\\\/gooddealersmeds.com\\\/sl\\\/product\\\/buy-pure-mdma-crystals-online\\\/\"]}]},{\"@type\":\"ImageObject\",\"inLanguage\":\"en-US\",\"@id\":\"https:\\\/\\\/gooddealersmeds.com\\\/sl\\\/product\\\/buy-pure-mdma-crystals-online\\\/#primaryimage\",\"url\":\"https:\\\/\\\/gooddealersmeds.com\\\/sl\\\/wp-content\\\/uploads\\\/sites\\\/10\\\/2022\\\/03\\\/Buy-pure-MDMA-Crystals-online.jpg\",\"contentUrl\":\"https:\\\/\\\/gooddealersmeds.com\\\/sl\\\/wp-content\\\/uploads\\\/sites\\\/10\\\/2022\\\/03\\\/Buy-pure-MDMA-Crystals-online.jpg\",\"width\":600,\"height\":600,\"caption\":\"Buy MDMA Powder Online\"},{\"@type\":\"BreadcrumbList\",\"@id\":\"https:\\\/\\\/gooddealersmeds.com\\\/sl\\\/product\\\/buy-pure-mdma-crystals-online\\\/#breadcrumb\",\"itemListElement\":[{\"@type\":\"ListItem\",\"position\":1,\"name\":\"Home\",\"item\":\"https:\\\/\\\/gooddealersmeds.com\\\/sl\\\/\"},{\"@type\":\"ListItem\",\"position\":2,\"name\":\"Izdelki\",\"item\":\"https:\\\/\\\/gooddealersmeds.com\\\/sl\\\/izdelki\\\/\"},{\"@type\":\"ListItem\",\"position\":3,\"name\":\"Kupite \u010diste kristale MDMA na spletu\"}]},{\"@type\":\"WebSite\",\"@id\":\"https:\\\/\\\/gooddealersmeds.com\\\/sl\\\/#website\",\"url\":\"https:\\\/\\\/gooddealersmeds.com\\\/sl\\\/\",\"name\":\"Good Dealers Meds\",\"description\":\"All our best\",\"publisher\":{\"@id\":\"https:\\\/\\\/gooddealersmeds.com\\\/sl\\\/#organization\"},\"potentialAction\":[{\"@type\":\"SearchAction\",\"target\":{\"@type\":\"EntryPoint\",\"urlTemplate\":\"https:\\\/\\\/gooddealersmeds.com\\\/sl\\\/?s={search_term_string}\"},\"query-input\":{\"@type\":\"PropertyValueSpecification\",\"valueRequired\":true,\"valueName\":\"search_term_string\"}}],\"inLanguage\":\"en-US\"},{\"@type\":\"Organization\",\"@id\":\"https:\\\/\\\/gooddealersmeds.com\\\/sl\\\/#organization\",\"name\":\"Good Dealers Meds\",\"url\":\"https:\\\/\\\/gooddealersmeds.com\\\/sl\\\/\",\"logo\":{\"@type\":\"ImageObject\",\"inLanguage\":\"en-US\",\"@id\":\"https:\\\/\\\/gooddealersmeds.com\\\/sl\\\/#\\\/schema\\\/logo\\\/image\\\/\",\"url\":\"https:\\\/\\\/gooddealersmeds.com\\\/sl\\\/wp-content\\\/uploads\\\/sites\\\/10\\\/2022\\\/03\\\/gooddealersmeds__logo__20220317T222800Z.00.png\",\"contentUrl\":\"https:\\\/\\\/gooddealersmeds.com\\\/sl\\\/wp-content\\\/uploads\\\/sites\\\/10\\\/2022\\\/03\\\/gooddealersmeds__logo__20220317T222800Z.00.png\",\"width\":500,\"height\":325,\"caption\":\"Good Dealers Meds\"},\"image\":{\"@id\":\"https:\\\/\\\/gooddealersmeds.com\\\/sl\\\/#\\\/schema\\\/logo\\\/image\\\/\"}}]}<\/script>\n<!-- \/ Yoast SEO Premium plugin. -->","yoast_head_json":{"title":"Kupite \u010diste kristale MDMA na spletu | MDMA za prodajoGood Dealers Meds","description":"Kupite \u010diste kristale MDMA na spletu. Prodajamo \u010disti MDMA s cenej\u0161imi ponudbami, ki so na voljo za nakup v razsutem stanju pri Good Dealers Meds in ostanemo anonimni.","robots":{"index":"index","follow":"follow","max-snippet":"max-snippet:-1","max-image-preview":"max-image-preview:large","max-video-preview":"max-video-preview:-1"},"canonical":"https:\/\/gooddealersmeds.com\/sl\/product\/buy-pure-mdma-crystals-online\/","og_locale":"en_US","og_type":"article","og_title":"Kupite \u010diste kristale MDMA na spletu","og_description":"Kupite \u010diste kristale MDMA na spletu. Prodajamo \u010disti MDMA s cenej\u0161imi ponudbami, ki so na voljo za nakup v razsutem stanju pri Good Dealers Meds in ostanemo anonimni.","og_url":"https:\/\/gooddealersmeds.com\/sl\/product\/buy-pure-mdma-crystals-online\/","og_site_name":"Good Dealers Meds","article_modified_time":"2022-10-04T00:43:31+00:00","og_image":[{"width":600,"height":600,"url":"https:\/\/gooddealersmeds.com\/sl\/wp-content\/uploads\/sites\/10\/2022\/03\/Buy-pure-MDMA-Crystals-online.jpg","type":"image\/jpeg"}],"twitter_card":"summary_large_image","twitter_misc":{"Est. reading time":"1 minute"},"schema":{"@context":"https:\/\/schema.org","@graph":[{"@type":"WebPage","@id":"https:\/\/gooddealersmeds.com\/sl\/product\/buy-pure-mdma-crystals-online\/","url":"https:\/\/gooddealersmeds.com\/sl\/product\/buy-pure-mdma-crystals-online\/","name":"Kupite \u010diste kristale MDMA na spletu | MDMA za prodajoGood Dealers Meds","isPartOf":{"@id":"https:\/\/gooddealersmeds.com\/sl\/#website"},"primaryImageOfPage":{"@id":"https:\/\/gooddealersmeds.com\/sl\/product\/buy-pure-mdma-crystals-online\/#primaryimage"},"image":{"@id":"https:\/\/gooddealersmeds.com\/sl\/product\/buy-pure-mdma-crystals-online\/#primaryimage"},"thumbnailUrl":"https:\/\/gooddealersmeds.com\/sl\/wp-content\/uploads\/sites\/10\/2022\/03\/Buy-pure-MDMA-Crystals-online.jpg","datePublished":"2022-03-19T00:28:52+00:00","dateModified":"2022-10-04T00:43:31+00:00","description":"Kupite \u010diste kristale MDMA na spletu. Prodajamo \u010disti MDMA s cenej\u0161imi ponudbami, ki so na voljo za nakup v razsutem stanju pri Good Dealers Meds in ostanemo anonimni.","breadcrumb":{"@id":"https:\/\/gooddealersmeds.com\/sl\/product\/buy-pure-mdma-crystals-online\/#breadcrumb"},"inLanguage":"en-US","potentialAction":[{"@type":"ReadAction","target":["https:\/\/gooddealersmeds.com\/sl\/product\/buy-pure-mdma-crystals-online\/"]}]},{"@type":"ImageObject","inLanguage":"en-US","@id":"https:\/\/gooddealersmeds.com\/sl\/product\/buy-pure-mdma-crystals-online\/#primaryimage","url":"https:\/\/gooddealersmeds.com\/sl\/wp-content\/uploads\/sites\/10\/2022\/03\/Buy-pure-MDMA-Crystals-online.jpg","contentUrl":"https:\/\/gooddealersmeds.com\/sl\/wp-content\/uploads\/sites\/10\/2022\/03\/Buy-pure-MDMA-Crystals-online.jpg","width":600,"height":600,"caption":"Buy MDMA Powder Online"},{"@type":"BreadcrumbList","@id":"https:\/\/gooddealersmeds.com\/sl\/product\/buy-pure-mdma-crystals-online\/#breadcrumb","itemListElement":[{"@type":"ListItem","position":1,"name":"Home","item":"https:\/\/gooddealersmeds.com\/sl\/"},{"@type":"ListItem","position":2,"name":"Izdelki","item":"https:\/\/gooddealersmeds.com\/sl\/izdelki\/"},{"@type":"ListItem","position":3,"name":"Kupite \u010diste kristale MDMA na spletu"}]},{"@type":"WebSite","@id":"https:\/\/gooddealersmeds.com\/sl\/#website","url":"https:\/\/gooddealersmeds.com\/sl\/","name":"Good Dealers Meds","description":"All our best","publisher":{"@id":"https:\/\/gooddealersmeds.com\/sl\/#organization"},"potentialAction":[{"@type":"SearchAction","target":{"@type":"EntryPoint","urlTemplate":"https:\/\/gooddealersmeds.com\/sl\/?s={search_term_string}"},"query-input":{"@type":"PropertyValueSpecification","valueRequired":true,"valueName":"search_term_string"}}],"inLanguage":"en-US"},{"@type":"Organization","@id":"https:\/\/gooddealersmeds.com\/sl\/#organization","name":"Good Dealers Meds","url":"https:\/\/gooddealersmeds.com\/sl\/","logo":{"@type":"ImageObject","inLanguage":"en-US","@id":"https:\/\/gooddealersmeds.com\/sl\/#\/schema\/logo\/image\/","url":"https:\/\/gooddealersmeds.com\/sl\/wp-content\/uploads\/sites\/10\/2022\/03\/gooddealersmeds__logo__20220317T222800Z.00.png","contentUrl":"https:\/\/gooddealersmeds.com\/sl\/wp-content\/uploads\/sites\/10\/2022\/03\/gooddealersmeds__logo__20220317T222800Z.00.png","width":500,"height":325,"caption":"Good Dealers Meds"},"image":{"@id":"https:\/\/gooddealersmeds.com\/sl\/#\/schema\/logo\/image\/"}}]}},"_links":{"self":[{"href":"https:\/\/gooddealersmeds.com\/sl\/wp-json\/wp\/v2\/product\/1627","targetHints":{"allow":["GET"]}}],"collection":[{"href":"https:\/\/gooddealersmeds.com\/sl\/wp-json\/wp\/v2\/product"}],"about":[{"href":"https:\/\/gooddealersmeds.com\/sl\/wp-json\/wp\/v2\/types\/product"}],"replies":[{"embeddable":true,"href":"https:\/\/gooddealersmeds.com\/sl\/wp-json\/wp\/v2\/comments?post=1627"}],"wp:featuredmedia":[{"embeddable":true,"href":"https:\/\/gooddealersmeds.com\/sl\/wp-json\/wp\/v2\/media\/1637"}],"wp:attachment":[{"href":"https:\/\/gooddealersmeds.com\/sl\/wp-json\/wp\/v2\/media?parent=1627"}],"wp:term":[{"taxonomy":"product_brand","embeddable":true,"href":"https:\/\/gooddealersmeds.com\/sl\/wp-json\/wp\/v2\/product_brand?post=1627"},{"taxonomy":"product_cat","embeddable":true,"href":"https:\/\/gooddealersmeds.com\/sl\/wp-json\/wp\/v2\/product_cat?post=1627"},{"taxonomy":"product_tag","embeddable":true,"href":"https:\/\/gooddealersmeds.com\/sl\/wp-json\/wp\/v2\/product_tag?post=1627"}],"curies":[{"name":"wp","href":"https:\/\/api.w.org\/{rel}","templated":true}]}}