{"id":1615,"date":"2022-03-19T00:11:34","date_gmt":"2022-03-19T00:11:34","guid":{"rendered":"https:\/\/gooddealersmeds.com\/sl\/?post_type=product&#038;p=1615"},"modified":"2022-10-04T00:43:38","modified_gmt":"2022-10-04T00:43:38","slug":"buy-crystal-met-metamfetamin-na-spletu","status":"publish","type":"product","link":"https:\/\/gooddealersmeds.com\/sl\/product\/buy-crystal-met-metamfetamin-na-spletu\/","title":{"rendered":"Kupite Crystal Meth (metamfetamin) na spletu"},"content":{"rendered":"<p>Ice (kristalni met) je metamfetamin, \u010dlan dru\u017eine amfetaminov. Je mo\u010dan stimulans, ki povzro\u010da mo\u010dno odvisnost in vpliva na centralni \u017eiv\u010dni sistem. Buy Crystal M\u0435th Online se slabo preprodaja in se prodaja zaradi njihove ponudbe za rekreacijsko uporabo.<\/p>\n<p>Metamfetamin je \u010dlan dru\u017eine fenetilamina, ki vklju\u010duje vrsto snovi, ki so lahko stimulansi, entaktogeni ali halucinogeni. Crystal met je stimulans centralnega \u017eiv\u010dnega sistema, ki povzro\u010da hipertenzijo in tahikardijo z ob\u010dutki pove\u010dane samozavesti, dru\u017eabnosti in energije. Metamfetamin ima ob\u010dasno terapevtsko uporabo pri zdravljenju narkolepsije in motnje pozornosti s hiperaktivnostjo (ADHD).<\/p>\n<p>Poznan tudi kot met, kreda, led in kristal, med \u0161tevilnimi drugimi izrazi je v obliki belega , kristalni prah grenkega okusa brez vonja, ki se zlahka raztopi v vodi ali alkoholu. je bila razvita v za\u010detku 20. stoletja iz mati\u010dne kemikalije, amfetamina, in je bila prvotno uporabljena v nosnih dekongestivih in bronhialnih inhalatorjih.<\/p>\n<p>Ta razmeroma pogosta droga je ostala priljubljena med rekreativnimi uporabniki drog, ker deluje hitro in povzro\u010di intenziven evfori\u010den ob\u010dutek. Ker ga je enostavno izdelati v doma\u010dih laboratorijih, obstaja stalen in lahko dostopen tok izdelka za tiste, ki postanejo zasvojeni.<\/p>\n<p>Tako kot amfetamin tudi kristalni met povzro\u010di ve\u010djo aktivnost in zgovornost, zmanj\u0161an apetit in prijeten ob\u010dutek dobro po\u010dutje ali evforijo. Vendar pa se kristalni met razlikuje od amfetamina v tem, da pri primerljivih odmerkih pride v mo\u017egane veliko ve\u010d snovi, zaradi \u010desar je u\u010dinkovitej\u0161i stimulans. Ima tudi dolgotrajnej\u0161e in huj\u0161e u\u010dinke na centralni \u017eiv\u010dni sistem. Zaradi teh lastnosti je zdravilo z velikim potencialom za \u0161iroko zlorabo.<\/p>\n<p>Crystal Meth je mogo\u010de kaditi, njuhati, pogoltniti ali vbrizgati. Pogosto se uporablja na zabavah, ker pove\u010duje budnost in vam omogo\u010da, da ostanete pozorni dlje kot obi\u010dajno.<\/p>\n<p>Mo\u010dan naval, ki ga ljudje dobijo zaradi uporabe metamfetamina, povzro\u010di, da se mnogi zasvojijo \u017ee na za\u010detku. Ko se uporablja, kemikalija, imenovana dopamin, preplavi dele mo\u017eganov, ki uravnavajo ob\u010dutke ugodja. Uporabniki se tudi po\u010dutijo samozavestne in energi\u010dne.<\/p>\n<p>Crystal Meth lahko naro\u010dite prek spleta v na\u0161i <a href=\"https:\/\/gooddealersmeds.com\/sl\/products\/\">trgovini<\/a> z varno dostavo nad Evropo.<\/p>\n","protected":false},"excerpt":{"rendered":"<p>Najbolj\u0161a trgovina za naro\u010danje stekla. <strong>Crystal Meth<\/strong> lahko zdaj kupite prek spleta in vam ga dostavijo naslednji dan. Najnovej\u0161a ali najnovej\u0161a oblika kristalnega metamfetamina je skoraj 100-odstotno \u010dista. Je brez vonja in se lahko kadi v steklenih pipah.<\/p>\n<p>Izdelke visoke \u010distosti dobavljamo z zelo dobrim in diskretnim sistemom po\u0161iljanja. Z 12-letnimi izku\u0161njami na podro\u010dju raziskav kemikalij; osredoto\u010deni smo na varnost.<\/p>\n<p>Smo zanesljivi, vredni zaupanja, hitra dostava in visokokakovostni izdelki samo po dostopni ceni.<\/p>\n","protected":false},"featured_media":1626,"comment_status":"open","ping_status":"closed","template":"","meta":{"inline_featured_image":false},"product_brand":[],"product_cat":[343],"product_tag":[166,167,164,172,183,173,171,168,165,107,181,182,170,174,179,177,175,178,169,108,176,184,180],"class_list":{"0":"post-1615","1":"product","2":"type-product","3":"status-publish","4":"has-post-thumbnail","6":"product_cat-drugi","7":"product_tag-buy-meth-crystal","8":"product_tag-buy-meth-crystal-methamphetamine-online","9":"product_tag-buy-meth-crystal-methamphetamine-online-cheaply","10":"product_tag-buy-research-chemicals-online-buy-crystal-meth","11":"product_tag-crystal","12":"product_tag-kje-kupiti-crystal-met","13":"product_tag-kje-kupiti-metamfetamin","14":"product_tag-kupi-metamfetamin","15":"product_tag-buy-meth-crystal-online","16":"product_tag-kupiti","17":"product_tag-met","18":"product_tag-metamfetamin","19":"product_tag-metamfetamin-za-prodajo","20":"product_tag-metamfetamin-za-prodajo-na-spletu","21":"product_tag-nakup","22":"product_tag-nakup-kristal-metamfetamin","23":"product_tag-naroilo-met","24":"product_tag-red-crystal-metamfetamin","25":"product_tag-naroilo-metamfetamina-na-spletu","26":"product_tag-online","27":"product_tag-order-crystal-meth-online","28":"product_tag-praek","29":"product_tag-varno","30":"pa_grams-1-kg-1000-g","31":"pa_grams-100-g","32":"pa_grams-20-g","33":"pa_grams-200-g","34":"pa_grams-250-g","35":"pa_grams-35-g","36":"pa_grams-50-g","37":"pa_grams-500-g","39":"first","40":"instock","41":"featured","42":"shipping-taxable","43":"purchasable","44":"product-type-variable","45":"has-default-attributes"},"yoast_head":"<!-- This site is optimized with the Yoast SEO Premium plugin v20.6 (Yoast SEO v27.3) - https:\/\/yoast.com\/product\/yoast-seo-premium-wordpress\/ -->\n<title>Kupite Crystal Meth na spletu (metamfetamin) | Good Dealers Meds<\/title>\n<meta name=\"description\" content=\"Kupite metamfetamin Crystal Meth prek spleta pri Good Dealers Meds. Zagotavljamo varno in zanesljivo po\u0161iljanje v ZDA, Kanado in po svetu.\" \/>\n<meta name=\"robots\" content=\"index, follow, max-snippet:-1, max-image-preview:large, max-video-preview:-1\" \/>\n<link rel=\"canonical\" href=\"https:\/\/gooddealersmeds.com\/sl\/product\/buy-crystal-met-metamfetamin-na-spletu\/\" \/>\n<meta property=\"og:locale\" content=\"en_US\" \/>\n<meta property=\"og:type\" content=\"article\" \/>\n<meta property=\"og:title\" content=\"Kupite Crystal Meth (metamfetamin) na spletu\" \/>\n<meta property=\"og:description\" content=\"Kupite metamfetamin Crystal Meth prek spleta pri Good Dealers Meds. Zagotavljamo varno in zanesljivo po\u0161iljanje v ZDA, Kanado in po svetu.\" \/>\n<meta property=\"og:url\" content=\"https:\/\/gooddealersmeds.com\/sl\/product\/buy-crystal-met-metamfetamin-na-spletu\/\" \/>\n<meta property=\"og:site_name\" content=\"Good Dealers Meds\" \/>\n<meta property=\"article:modified_time\" content=\"2022-10-04T00:43:38+00:00\" \/>\n<meta property=\"og:image\" content=\"https:\/\/gooddealersmeds.com\/sl\/wp-content\/uploads\/sites\/10\/2022\/03\/Buy-Crystal-Meth-Online.jpg\" \/>\n\t<meta property=\"og:image:width\" content=\"600\" \/>\n\t<meta property=\"og:image:height\" content=\"600\" \/>\n\t<meta property=\"og:image:type\" content=\"image\/jpeg\" \/>\n<meta name=\"twitter:card\" content=\"summary_large_image\" \/>\n<meta name=\"twitter:label1\" content=\"Est. reading time\" \/>\n\t<meta name=\"twitter:data1\" content=\"2 minutes\" \/>\n<script type=\"application\/ld+json\" class=\"yoast-schema-graph\">{\"@context\":\"https:\\\/\\\/schema.org\",\"@graph\":[{\"@type\":\"WebPage\",\"@id\":\"https:\\\/\\\/gooddealersmeds.com\\\/sl\\\/product\\\/buy-crystal-met-metamfetamin-na-spletu\\\/\",\"url\":\"https:\\\/\\\/gooddealersmeds.com\\\/sl\\\/product\\\/buy-crystal-met-metamfetamin-na-spletu\\\/\",\"name\":\"Kupite Crystal Meth na spletu (metamfetamin) | Good Dealers Meds\",\"isPartOf\":{\"@id\":\"https:\\\/\\\/gooddealersmeds.com\\\/sl\\\/#website\"},\"primaryImageOfPage\":{\"@id\":\"https:\\\/\\\/gooddealersmeds.com\\\/sl\\\/product\\\/buy-crystal-met-metamfetamin-na-spletu\\\/#primaryimage\"},\"image\":{\"@id\":\"https:\\\/\\\/gooddealersmeds.com\\\/sl\\\/product\\\/buy-crystal-met-metamfetamin-na-spletu\\\/#primaryimage\"},\"thumbnailUrl\":\"https:\\\/\\\/gooddealersmeds.com\\\/sl\\\/wp-content\\\/uploads\\\/sites\\\/10\\\/2022\\\/03\\\/Buy-Crystal-Meth-Online.jpg\",\"datePublished\":\"2022-03-19T00:11:34+00:00\",\"dateModified\":\"2022-10-04T00:43:38+00:00\",\"description\":\"Kupite metamfetamin Crystal Meth prek spleta pri Good Dealers Meds. Zagotavljamo varno in zanesljivo po\u0161iljanje v ZDA, Kanado in po svetu.\",\"breadcrumb\":{\"@id\":\"https:\\\/\\\/gooddealersmeds.com\\\/sl\\\/product\\\/buy-crystal-met-metamfetamin-na-spletu\\\/#breadcrumb\"},\"inLanguage\":\"en-US\",\"potentialAction\":[{\"@type\":\"ReadAction\",\"target\":[\"https:\\\/\\\/gooddealersmeds.com\\\/sl\\\/product\\\/buy-crystal-met-metamfetamin-na-spletu\\\/\"]}]},{\"@type\":\"ImageObject\",\"inLanguage\":\"en-US\",\"@id\":\"https:\\\/\\\/gooddealersmeds.com\\\/sl\\\/product\\\/buy-crystal-met-metamfetamin-na-spletu\\\/#primaryimage\",\"url\":\"https:\\\/\\\/gooddealersmeds.com\\\/sl\\\/wp-content\\\/uploads\\\/sites\\\/10\\\/2022\\\/03\\\/Buy-Crystal-Meth-Online.jpg\",\"contentUrl\":\"https:\\\/\\\/gooddealersmeds.com\\\/sl\\\/wp-content\\\/uploads\\\/sites\\\/10\\\/2022\\\/03\\\/Buy-Crystal-Meth-Online.jpg\",\"width\":600,\"height\":600,\"caption\":\"Buy Crystal Meth Online\"},{\"@type\":\"BreadcrumbList\",\"@id\":\"https:\\\/\\\/gooddealersmeds.com\\\/sl\\\/product\\\/buy-crystal-met-metamfetamin-na-spletu\\\/#breadcrumb\",\"itemListElement\":[{\"@type\":\"ListItem\",\"position\":1,\"name\":\"Home\",\"item\":\"https:\\\/\\\/gooddealersmeds.com\\\/sl\\\/\"},{\"@type\":\"ListItem\",\"position\":2,\"name\":\"Izdelki\",\"item\":\"https:\\\/\\\/gooddealersmeds.com\\\/sl\\\/izdelki\\\/\"},{\"@type\":\"ListItem\",\"position\":3,\"name\":\"Kupite Crystal Meth (metamfetamin) na spletu\"}]},{\"@type\":\"WebSite\",\"@id\":\"https:\\\/\\\/gooddealersmeds.com\\\/sl\\\/#website\",\"url\":\"https:\\\/\\\/gooddealersmeds.com\\\/sl\\\/\",\"name\":\"Good Dealers Meds\",\"description\":\"All our best\",\"publisher\":{\"@id\":\"https:\\\/\\\/gooddealersmeds.com\\\/sl\\\/#organization\"},\"potentialAction\":[{\"@type\":\"SearchAction\",\"target\":{\"@type\":\"EntryPoint\",\"urlTemplate\":\"https:\\\/\\\/gooddealersmeds.com\\\/sl\\\/?s={search_term_string}\"},\"query-input\":{\"@type\":\"PropertyValueSpecification\",\"valueRequired\":true,\"valueName\":\"search_term_string\"}}],\"inLanguage\":\"en-US\"},{\"@type\":\"Organization\",\"@id\":\"https:\\\/\\\/gooddealersmeds.com\\\/sl\\\/#organization\",\"name\":\"Good Dealers Meds\",\"url\":\"https:\\\/\\\/gooddealersmeds.com\\\/sl\\\/\",\"logo\":{\"@type\":\"ImageObject\",\"inLanguage\":\"en-US\",\"@id\":\"https:\\\/\\\/gooddealersmeds.com\\\/sl\\\/#\\\/schema\\\/logo\\\/image\\\/\",\"url\":\"https:\\\/\\\/gooddealersmeds.com\\\/sl\\\/wp-content\\\/uploads\\\/sites\\\/10\\\/2022\\\/03\\\/gooddealersmeds__logo__20220317T222800Z.00.png\",\"contentUrl\":\"https:\\\/\\\/gooddealersmeds.com\\\/sl\\\/wp-content\\\/uploads\\\/sites\\\/10\\\/2022\\\/03\\\/gooddealersmeds__logo__20220317T222800Z.00.png\",\"width\":500,\"height\":325,\"caption\":\"Good Dealers Meds\"},\"image\":{\"@id\":\"https:\\\/\\\/gooddealersmeds.com\\\/sl\\\/#\\\/schema\\\/logo\\\/image\\\/\"}}]}<\/script>\n<!-- \/ Yoast SEO Premium plugin. -->","yoast_head_json":{"title":"Kupite Crystal Meth na spletu (metamfetamin) | Good Dealers Meds","description":"Kupite metamfetamin Crystal Meth prek spleta pri Good Dealers Meds. Zagotavljamo varno in zanesljivo po\u0161iljanje v ZDA, Kanado in po svetu.","robots":{"index":"index","follow":"follow","max-snippet":"max-snippet:-1","max-image-preview":"max-image-preview:large","max-video-preview":"max-video-preview:-1"},"canonical":"https:\/\/gooddealersmeds.com\/sl\/product\/buy-crystal-met-metamfetamin-na-spletu\/","og_locale":"en_US","og_type":"article","og_title":"Kupite Crystal Meth (metamfetamin) na spletu","og_description":"Kupite metamfetamin Crystal Meth prek spleta pri Good Dealers Meds. Zagotavljamo varno in zanesljivo po\u0161iljanje v ZDA, Kanado in po svetu.","og_url":"https:\/\/gooddealersmeds.com\/sl\/product\/buy-crystal-met-metamfetamin-na-spletu\/","og_site_name":"Good Dealers Meds","article_modified_time":"2022-10-04T00:43:38+00:00","og_image":[{"width":600,"height":600,"url":"https:\/\/gooddealersmeds.com\/sl\/wp-content\/uploads\/sites\/10\/2022\/03\/Buy-Crystal-Meth-Online.jpg","type":"image\/jpeg"}],"twitter_card":"summary_large_image","twitter_misc":{"Est. reading time":"2 minutes"},"schema":{"@context":"https:\/\/schema.org","@graph":[{"@type":"WebPage","@id":"https:\/\/gooddealersmeds.com\/sl\/product\/buy-crystal-met-metamfetamin-na-spletu\/","url":"https:\/\/gooddealersmeds.com\/sl\/product\/buy-crystal-met-metamfetamin-na-spletu\/","name":"Kupite Crystal Meth na spletu (metamfetamin) | Good Dealers Meds","isPartOf":{"@id":"https:\/\/gooddealersmeds.com\/sl\/#website"},"primaryImageOfPage":{"@id":"https:\/\/gooddealersmeds.com\/sl\/product\/buy-crystal-met-metamfetamin-na-spletu\/#primaryimage"},"image":{"@id":"https:\/\/gooddealersmeds.com\/sl\/product\/buy-crystal-met-metamfetamin-na-spletu\/#primaryimage"},"thumbnailUrl":"https:\/\/gooddealersmeds.com\/sl\/wp-content\/uploads\/sites\/10\/2022\/03\/Buy-Crystal-Meth-Online.jpg","datePublished":"2022-03-19T00:11:34+00:00","dateModified":"2022-10-04T00:43:38+00:00","description":"Kupite metamfetamin Crystal Meth prek spleta pri Good Dealers Meds. Zagotavljamo varno in zanesljivo po\u0161iljanje v ZDA, Kanado in po svetu.","breadcrumb":{"@id":"https:\/\/gooddealersmeds.com\/sl\/product\/buy-crystal-met-metamfetamin-na-spletu\/#breadcrumb"},"inLanguage":"en-US","potentialAction":[{"@type":"ReadAction","target":["https:\/\/gooddealersmeds.com\/sl\/product\/buy-crystal-met-metamfetamin-na-spletu\/"]}]},{"@type":"ImageObject","inLanguage":"en-US","@id":"https:\/\/gooddealersmeds.com\/sl\/product\/buy-crystal-met-metamfetamin-na-spletu\/#primaryimage","url":"https:\/\/gooddealersmeds.com\/sl\/wp-content\/uploads\/sites\/10\/2022\/03\/Buy-Crystal-Meth-Online.jpg","contentUrl":"https:\/\/gooddealersmeds.com\/sl\/wp-content\/uploads\/sites\/10\/2022\/03\/Buy-Crystal-Meth-Online.jpg","width":600,"height":600,"caption":"Buy Crystal Meth Online"},{"@type":"BreadcrumbList","@id":"https:\/\/gooddealersmeds.com\/sl\/product\/buy-crystal-met-metamfetamin-na-spletu\/#breadcrumb","itemListElement":[{"@type":"ListItem","position":1,"name":"Home","item":"https:\/\/gooddealersmeds.com\/sl\/"},{"@type":"ListItem","position":2,"name":"Izdelki","item":"https:\/\/gooddealersmeds.com\/sl\/izdelki\/"},{"@type":"ListItem","position":3,"name":"Kupite Crystal Meth (metamfetamin) na spletu"}]},{"@type":"WebSite","@id":"https:\/\/gooddealersmeds.com\/sl\/#website","url":"https:\/\/gooddealersmeds.com\/sl\/","name":"Good Dealers Meds","description":"All our best","publisher":{"@id":"https:\/\/gooddealersmeds.com\/sl\/#organization"},"potentialAction":[{"@type":"SearchAction","target":{"@type":"EntryPoint","urlTemplate":"https:\/\/gooddealersmeds.com\/sl\/?s={search_term_string}"},"query-input":{"@type":"PropertyValueSpecification","valueRequired":true,"valueName":"search_term_string"}}],"inLanguage":"en-US"},{"@type":"Organization","@id":"https:\/\/gooddealersmeds.com\/sl\/#organization","name":"Good Dealers Meds","url":"https:\/\/gooddealersmeds.com\/sl\/","logo":{"@type":"ImageObject","inLanguage":"en-US","@id":"https:\/\/gooddealersmeds.com\/sl\/#\/schema\/logo\/image\/","url":"https:\/\/gooddealersmeds.com\/sl\/wp-content\/uploads\/sites\/10\/2022\/03\/gooddealersmeds__logo__20220317T222800Z.00.png","contentUrl":"https:\/\/gooddealersmeds.com\/sl\/wp-content\/uploads\/sites\/10\/2022\/03\/gooddealersmeds__logo__20220317T222800Z.00.png","width":500,"height":325,"caption":"Good Dealers Meds"},"image":{"@id":"https:\/\/gooddealersmeds.com\/sl\/#\/schema\/logo\/image\/"}}]}},"_links":{"self":[{"href":"https:\/\/gooddealersmeds.com\/sl\/wp-json\/wp\/v2\/product\/1615","targetHints":{"allow":["GET"]}}],"collection":[{"href":"https:\/\/gooddealersmeds.com\/sl\/wp-json\/wp\/v2\/product"}],"about":[{"href":"https:\/\/gooddealersmeds.com\/sl\/wp-json\/wp\/v2\/types\/product"}],"replies":[{"embeddable":true,"href":"https:\/\/gooddealersmeds.com\/sl\/wp-json\/wp\/v2\/comments?post=1615"}],"wp:featuredmedia":[{"embeddable":true,"href":"https:\/\/gooddealersmeds.com\/sl\/wp-json\/wp\/v2\/media\/1626"}],"wp:attachment":[{"href":"https:\/\/gooddealersmeds.com\/sl\/wp-json\/wp\/v2\/media?parent=1615"}],"wp:term":[{"taxonomy":"product_brand","embeddable":true,"href":"https:\/\/gooddealersmeds.com\/sl\/wp-json\/wp\/v2\/product_brand?post=1615"},{"taxonomy":"product_cat","embeddable":true,"href":"https:\/\/gooddealersmeds.com\/sl\/wp-json\/wp\/v2\/product_cat?post=1615"},{"taxonomy":"product_tag","embeddable":true,"href":"https:\/\/gooddealersmeds.com\/sl\/wp-json\/wp\/v2\/product_tag?post=1615"}],"curies":[{"name":"wp","href":"https:\/\/api.w.org\/{rel}","templated":true}]}}