{"id":1605,"date":"2022-03-19T00:01:04","date_gmt":"2022-03-19T00:01:04","guid":{"rendered":"https:\/\/gooddealersmeds.com\/sl\/?post_type=product&#038;p=1605"},"modified":"2022-10-04T00:43:44","modified_gmt":"2022-10-04T00:43:44","slug":"buy-4mmc-mefedron-online","status":"publish","type":"product","link":"https:\/\/gooddealersmeds.com\/sl\/product\/buy-4mmc-mefedron-online\/","title":{"rendered":"Kupite 4MMC (mefedron) na spletu"},"content":{"rendered":"<p>Kupite mefedron prek spleta na na\u0161em spletnem mestu na recept ali brez njega. Ponujamo visokokakovostne raziskovalne kemikalije. Na\u0161e kemikalije so 99,5 % \u010diste in so standardizirane tako za raziskave kot za osebno uporabo. Prodajamo po zelo nizkih cenah in ponujamo velike popuste. Ker imamo neposreden dostop do proizvodnega obrata, so na\u0161i raziskovalni kemi\u010dni izdelki cenovno zelo konkuren\u010dni.<\/p>\n<p>Mefedron <a href=\"https:\/\/gooddealersmeds.com\/sl\/product\/buy-4mmc-mephedrone- na spletu\/\">4MMC naprodaj<\/a> na spletu. Imenuje se tudi 4-metilmetkatinon (4-MMC) ali 4-metilefedron in ga ne smemo zamenjevati<br \/> z metadonom, ki je popolnoma druga snov. Je kiralna kemikalija in obe njegovi molekuli imata podobno mo\u010d kot substrati prena\u0161alca dopamina. R-mefedron je znatno \u0161ibkej\u0161i substrat kot S-mefedron. Mefedron je na voljo za nakup na spletu.<\/p>\n<p>Mefedron (4-MMC) se pogosto uporablja v povezavi z alkoholnimi pija\u010dami. \u0160tudija na mi\u0161ih je preu\u010dila interakcijo teh dveh zdravil in se osredoto\u010dila na zna\u010dilnosti psihostimulansa in nagrajevanja 4-MMC. Ugotovljeno je bilo, da nizki odmerki alkoholnih pija\u010d (ki ne dajejo energije) temeljito izbolj\u0161ajo psihostimulativne u\u010dinke 4-MMC. Ta u\u010dinek je ubla\u017eilo pove\u010danje sinapti\u010dnega dopamina, saj je haloperidol, ne pa tudi ketanserin, lahko prepre\u010dil potenciranje z alkoholom. Manj\u0161i, nekompenzacijski dele\u017e alkohola je bil prav tako dodan 4-MMC-jevim lastnostim obresti.<\/p>\n<p>Mefedron, tako kot drugi feniletilamini, deluje kot substrat za prena\u0161anje dopamina (DA) in serotonina (5-HT), kar prekine vezikularno shranjevanje in znatno zvi\u0161anje ravni dopamina in serotonina, kar povzro\u010di mo\u010dne psihostimulativne, enaktogene in halucinogene u\u010dinke.<\/p>\n<p>Uporabniki mefedrona pravijo, da daje ob\u010dutek stimulacije in da krepi naslednje funkcije:<\/p>\n<ul>\n<li>Budnost<\/li>\n<li>Nemir<\/li>\n<li>Evforija<\/li>\n<li>Vznemirjenje<\/li>\n<li>\u017delja po pogovoru<\/li>\n<li>Odprtost<\/li>\n<li>Spolna \u017eelja<\/li>\n<\/ul>\n<p>Naro\u010danje mefedrona (4-MMC) prek spleta je vedno dobra odlo\u010ditev, saj vam pomaga prihraniti denar in \u010das. In edini zanesljiv na\u010din za nakup mefedrona (4-MMC) prek spleta je povezava s spletno lekarno. Od njih lahko pri\u010dakujete izdelke vrhunske kakovosti in pravo\u010dasno dostavo ter se ne boste obremenjevali.<\/p>\n<p>Mefedron lahko preprosto kupite na spletu pri na\u0161em <a href=\"https:\/\/gooddealersmeds.com\/sl \/products\/\">spletno mesto<\/a> na recept ali brez njega.<\/p>\n<p>&nbsp;<\/p>\n","protected":false},"excerpt":{"rendered":"<p><strong>Tu smo, da vam pomagamo pri vseh va\u0161ih potrebah in zahtevah. Preprosto stopite v stik z na\u0161o spletno trgovino in udobno opravite nakup. Va\u0161e zahteve so zdaj oddaljene le en klik. Pove\u017eite se z nami takoj! (Kupite mefedron 4MMC)<\/strong><\/p>\n<p>Izdelke visoke \u010distosti dobavljamo z zelo dobrim in diskretnim sistemom po\u0161iljanja. Z 12-letnimi izku\u0161njami na podro\u010dju raziskav kemikalij; osredoto\u010deni smo na varnost.<\/p>\n","protected":false},"featured_media":1698,"comment_status":"open","ping_status":"closed","template":"","meta":{"inline_featured_image":false},"product_brand":[],"product_cat":[343],"product_tag":[158,161,121,104,125,149,129,135,132,137,131,133,130,144,134,142,143,156,105,109,141,127,128,118,147,119,123,150,136,117,116,126,122,140,160,155,107,157,162,152,146,138,154,153,108,120,139,124,159,106,110,145,151,148,163],"class_list":{"0":"post-1605","1":"product","2":"type-product","3":"status-publish","4":"has-post-thumbnail","6":"product_cat-drugi","7":"product_tag-4-mmc-mefedron","8":"product_tag-4-metilmetkatinon-mefedron","9":"product_tag-4mmc-mefedron-za-prodajo-v-zda","10":"product_tag-ali","11":"product_tag-je-4mmc-mefedron-zakonit-v-zda","12":"product_tag-best-site-to-buy-mephedrone","13":"product_tag-buy-mephedrone-4mmc-online-buy-mephedrone","14":"product_tag-buy-mephedrone-bath-salts","15":"product_tag-buy-mephedrone-czech-republic","16":"product_tag-buy-mephedrone-from-china","17":"product_tag-buy-mephedrone-online","18":"product_tag-buy-mephedrone-online-usa","19":"product_tag-buy-mephedrone-plant-food","20":"product_tag-buy-mephedrone-plant-food-for-marijuana-plant","21":"product_tag-buy-mephedrone-plant-food-online-supplier","22":"product_tag-buy-mephedrone-powder","23":"product_tag-buy-mephedrone-usa-mastercard","24":"product_tag-buy-mephedrone-wholesale","25":"product_tag-canada","26":"product_tag-dobavitelji","27":"product_tag-dobavitelji-rastlinske-hrane-mefedrona","28":"product_tag-how-to-order-4mmc-mephedrone","29":"product_tag-is-4mmc-mefedron-v-kanadi","30":"product_tag-kako-kupiti-4mmc-mefedron-na-spletu","31":"product_tag-kako-kupiti-mefedron-na-spletu","32":"product_tag-kje-kupiti-4mmc-mefedron","33":"product_tag-kje-kupiti-4mmc-mefedron-na-spletu","34":"product_tag-kje-kupiti-mefedron-v-zda","35":"product_tag-kje-lahko-kupim-mefedron-uk","36":"product_tag-buy-4mmc-mefedron-blizu-mene","37":"product_tag-buy-4mmc-mefedron-online-kupi-mefedron","38":"product_tag-buy-4mmc-mefedron-online-usa","39":"product_tag-kupite-4mmc-mefedron-na-spletu-zdaj","40":"product_tag-nakup-mefedrona-na-spletu","41":"product_tag-kupi-rastlinsko-gnojilo-mefedron","42":"product_tag-kupite-rastlinsko-hrano-na-spletu-mefedron","43":"product_tag-kupiti","44":"product_tag-mefedron-4-mmc","45":"product_tag-mefedron-4-metilmetkatinon","46":"product_tag-mefedron-kupite-na-spletu-zda","47":"product_tag-mefedron-za-kupiti","48":"product_tag-mefedron-prodam","49":"product_tag-mefedron-rastlina-hrana-kupi-na-spletu","50":"product_tag-mefedron-rastlina-hrana-kupi","51":"product_tag-online","52":"product_tag-4mmc-mefedron-prodam","53":"product_tag-mefedron-rastlinska-hrana","54":"product_tag-e-vedno-lahko-dobite-4mmc-mefedron","55":"product_tag-snort-mephedrone","56":"product_tag-uk","57":"product_tag-varna-dostava","58":"product_tag-where-can-i-buy-mephedrone","59":"product_tag-where-can-i-buy-mephedrone-in-the-usa","60":"product_tag-where-can-i-buy-mephedrone-online","61":"product_tag-zdravila-forum-mefedron","62":"pa_grams-1-kg-1000-g","63":"pa_grams-100-g","64":"pa_grams-20-g","65":"pa_grams-200-g","66":"pa_grams-250-g","67":"pa_grams-35-g","68":"pa_grams-50-g","69":"pa_grams-500-g","71":"first","72":"instock","73":"featured","74":"shipping-taxable","75":"purchasable","76":"product-type-variable","77":"has-default-attributes"},"yoast_head":"<!-- This site is optimized with the Yoast SEO Premium plugin v20.6 (Yoast SEO v27.3) - https:\/\/yoast.com\/product\/yoast-seo-premium-wordpress\/ -->\n<title>Kupite mefedron na spletu (4MMC) | Good Dealers Meds<\/title>\n<meta name=\"description\" content=\"Kupite mefedron na spletu (4MMC). Kakovostna zdravila za anksioznost in raziskovalne kemikalije, ki so na voljo za nakup na spletu pri Good Dealers Meds.\" \/>\n<meta name=\"robots\" content=\"index, follow, max-snippet:-1, max-image-preview:large, max-video-preview:-1\" \/>\n<link rel=\"canonical\" href=\"https:\/\/gooddealersmeds.com\/sl\/product\/buy-4mmc-mefedron-online\/\" \/>\n<meta property=\"og:locale\" content=\"en_US\" \/>\n<meta property=\"og:type\" content=\"article\" \/>\n<meta property=\"og:title\" content=\"Kupite 4MMC (mefedron) na spletu\" \/>\n<meta property=\"og:description\" content=\"Kupite mefedron na spletu (4MMC). Kakovostna zdravila za anksioznost in raziskovalne kemikalije, ki so na voljo za nakup na spletu pri Good Dealers Meds.\" \/>\n<meta property=\"og:url\" content=\"https:\/\/gooddealersmeds.com\/sl\/product\/buy-4mmc-mefedron-online\/\" \/>\n<meta property=\"og:site_name\" content=\"Good Dealers Meds\" \/>\n<meta property=\"article:modified_time\" content=\"2022-10-04T00:43:44+00:00\" \/>\n<meta property=\"og:image\" content=\"https:\/\/gooddealersmeds.com\/sl\/wp-content\/uploads\/sites\/10\/2022\/03\/ff.jpg\" \/>\n\t<meta property=\"og:image:width\" content=\"550\" \/>\n\t<meta property=\"og:image:height\" content=\"412\" \/>\n\t<meta property=\"og:image:type\" content=\"image\/jpeg\" \/>\n<meta name=\"twitter:card\" content=\"summary_large_image\" \/>\n<meta name=\"twitter:label1\" content=\"Est. reading time\" \/>\n\t<meta name=\"twitter:data1\" content=\"2 minutes\" \/>\n<script type=\"application\/ld+json\" class=\"yoast-schema-graph\">{\"@context\":\"https:\\\/\\\/schema.org\",\"@graph\":[{\"@type\":\"WebPage\",\"@id\":\"https:\\\/\\\/gooddealersmeds.com\\\/sl\\\/product\\\/buy-4mmc-mefedron-online\\\/\",\"url\":\"https:\\\/\\\/gooddealersmeds.com\\\/sl\\\/product\\\/buy-4mmc-mefedron-online\\\/\",\"name\":\"Kupite mefedron na spletu (4MMC) | Good Dealers Meds\",\"isPartOf\":{\"@id\":\"https:\\\/\\\/gooddealersmeds.com\\\/sl\\\/#website\"},\"primaryImageOfPage\":{\"@id\":\"https:\\\/\\\/gooddealersmeds.com\\\/sl\\\/product\\\/buy-4mmc-mefedron-online\\\/#primaryimage\"},\"image\":{\"@id\":\"https:\\\/\\\/gooddealersmeds.com\\\/sl\\\/product\\\/buy-4mmc-mefedron-online\\\/#primaryimage\"},\"thumbnailUrl\":\"https:\\\/\\\/gooddealersmeds.com\\\/sl\\\/wp-content\\\/uploads\\\/sites\\\/10\\\/2022\\\/03\\\/ff.jpg\",\"datePublished\":\"2022-03-19T00:01:04+00:00\",\"dateModified\":\"2022-10-04T00:43:44+00:00\",\"description\":\"Kupite mefedron na spletu (4MMC). Kakovostna zdravila za anksioznost in raziskovalne kemikalije, ki so na voljo za nakup na spletu pri Good Dealers Meds.\",\"breadcrumb\":{\"@id\":\"https:\\\/\\\/gooddealersmeds.com\\\/sl\\\/product\\\/buy-4mmc-mefedron-online\\\/#breadcrumb\"},\"inLanguage\":\"en-US\",\"potentialAction\":[{\"@type\":\"ReadAction\",\"target\":[\"https:\\\/\\\/gooddealersmeds.com\\\/sl\\\/product\\\/buy-4mmc-mefedron-online\\\/\"]}]},{\"@type\":\"ImageObject\",\"inLanguage\":\"en-US\",\"@id\":\"https:\\\/\\\/gooddealersmeds.com\\\/sl\\\/product\\\/buy-4mmc-mefedron-online\\\/#primaryimage\",\"url\":\"https:\\\/\\\/gooddealersmeds.com\\\/sl\\\/wp-content\\\/uploads\\\/sites\\\/10\\\/2022\\\/03\\\/ff.jpg\",\"contentUrl\":\"https:\\\/\\\/gooddealersmeds.com\\\/sl\\\/wp-content\\\/uploads\\\/sites\\\/10\\\/2022\\\/03\\\/ff.jpg\",\"width\":550,\"height\":412,\"caption\":\"Buy 4MMC Mephedrone Online\"},{\"@type\":\"BreadcrumbList\",\"@id\":\"https:\\\/\\\/gooddealersmeds.com\\\/sl\\\/product\\\/buy-4mmc-mefedron-online\\\/#breadcrumb\",\"itemListElement\":[{\"@type\":\"ListItem\",\"position\":1,\"name\":\"Home\",\"item\":\"https:\\\/\\\/gooddealersmeds.com\\\/sl\\\/\"},{\"@type\":\"ListItem\",\"position\":2,\"name\":\"Izdelki\",\"item\":\"https:\\\/\\\/gooddealersmeds.com\\\/sl\\\/izdelki\\\/\"},{\"@type\":\"ListItem\",\"position\":3,\"name\":\"Kupite 4MMC (mefedron) na spletu\"}]},{\"@type\":\"WebSite\",\"@id\":\"https:\\\/\\\/gooddealersmeds.com\\\/sl\\\/#website\",\"url\":\"https:\\\/\\\/gooddealersmeds.com\\\/sl\\\/\",\"name\":\"Good Dealers Meds\",\"description\":\"All our best\",\"publisher\":{\"@id\":\"https:\\\/\\\/gooddealersmeds.com\\\/sl\\\/#organization\"},\"potentialAction\":[{\"@type\":\"SearchAction\",\"target\":{\"@type\":\"EntryPoint\",\"urlTemplate\":\"https:\\\/\\\/gooddealersmeds.com\\\/sl\\\/?s={search_term_string}\"},\"query-input\":{\"@type\":\"PropertyValueSpecification\",\"valueRequired\":true,\"valueName\":\"search_term_string\"}}],\"inLanguage\":\"en-US\"},{\"@type\":\"Organization\",\"@id\":\"https:\\\/\\\/gooddealersmeds.com\\\/sl\\\/#organization\",\"name\":\"Good Dealers Meds\",\"url\":\"https:\\\/\\\/gooddealersmeds.com\\\/sl\\\/\",\"logo\":{\"@type\":\"ImageObject\",\"inLanguage\":\"en-US\",\"@id\":\"https:\\\/\\\/gooddealersmeds.com\\\/sl\\\/#\\\/schema\\\/logo\\\/image\\\/\",\"url\":\"https:\\\/\\\/gooddealersmeds.com\\\/sl\\\/wp-content\\\/uploads\\\/sites\\\/10\\\/2022\\\/03\\\/gooddealersmeds__logo__20220317T222800Z.00.png\",\"contentUrl\":\"https:\\\/\\\/gooddealersmeds.com\\\/sl\\\/wp-content\\\/uploads\\\/sites\\\/10\\\/2022\\\/03\\\/gooddealersmeds__logo__20220317T222800Z.00.png\",\"width\":500,\"height\":325,\"caption\":\"Good Dealers Meds\"},\"image\":{\"@id\":\"https:\\\/\\\/gooddealersmeds.com\\\/sl\\\/#\\\/schema\\\/logo\\\/image\\\/\"}}]}<\/script>\n<!-- \/ Yoast SEO Premium plugin. -->","yoast_head_json":{"title":"Kupite mefedron na spletu (4MMC) | Good Dealers Meds","description":"Kupite mefedron na spletu (4MMC). Kakovostna zdravila za anksioznost in raziskovalne kemikalije, ki so na voljo za nakup na spletu pri Good Dealers Meds.","robots":{"index":"index","follow":"follow","max-snippet":"max-snippet:-1","max-image-preview":"max-image-preview:large","max-video-preview":"max-video-preview:-1"},"canonical":"https:\/\/gooddealersmeds.com\/sl\/product\/buy-4mmc-mefedron-online\/","og_locale":"en_US","og_type":"article","og_title":"Kupite 4MMC (mefedron) na spletu","og_description":"Kupite mefedron na spletu (4MMC). Kakovostna zdravila za anksioznost in raziskovalne kemikalije, ki so na voljo za nakup na spletu pri Good Dealers Meds.","og_url":"https:\/\/gooddealersmeds.com\/sl\/product\/buy-4mmc-mefedron-online\/","og_site_name":"Good Dealers Meds","article_modified_time":"2022-10-04T00:43:44+00:00","og_image":[{"width":550,"height":412,"url":"https:\/\/gooddealersmeds.com\/sl\/wp-content\/uploads\/sites\/10\/2022\/03\/ff.jpg","type":"image\/jpeg"}],"twitter_card":"summary_large_image","twitter_misc":{"Est. reading time":"2 minutes"},"schema":{"@context":"https:\/\/schema.org","@graph":[{"@type":"WebPage","@id":"https:\/\/gooddealersmeds.com\/sl\/product\/buy-4mmc-mefedron-online\/","url":"https:\/\/gooddealersmeds.com\/sl\/product\/buy-4mmc-mefedron-online\/","name":"Kupite mefedron na spletu (4MMC) | Good Dealers Meds","isPartOf":{"@id":"https:\/\/gooddealersmeds.com\/sl\/#website"},"primaryImageOfPage":{"@id":"https:\/\/gooddealersmeds.com\/sl\/product\/buy-4mmc-mefedron-online\/#primaryimage"},"image":{"@id":"https:\/\/gooddealersmeds.com\/sl\/product\/buy-4mmc-mefedron-online\/#primaryimage"},"thumbnailUrl":"https:\/\/gooddealersmeds.com\/sl\/wp-content\/uploads\/sites\/10\/2022\/03\/ff.jpg","datePublished":"2022-03-19T00:01:04+00:00","dateModified":"2022-10-04T00:43:44+00:00","description":"Kupite mefedron na spletu (4MMC). Kakovostna zdravila za anksioznost in raziskovalne kemikalije, ki so na voljo za nakup na spletu pri Good Dealers Meds.","breadcrumb":{"@id":"https:\/\/gooddealersmeds.com\/sl\/product\/buy-4mmc-mefedron-online\/#breadcrumb"},"inLanguage":"en-US","potentialAction":[{"@type":"ReadAction","target":["https:\/\/gooddealersmeds.com\/sl\/product\/buy-4mmc-mefedron-online\/"]}]},{"@type":"ImageObject","inLanguage":"en-US","@id":"https:\/\/gooddealersmeds.com\/sl\/product\/buy-4mmc-mefedron-online\/#primaryimage","url":"https:\/\/gooddealersmeds.com\/sl\/wp-content\/uploads\/sites\/10\/2022\/03\/ff.jpg","contentUrl":"https:\/\/gooddealersmeds.com\/sl\/wp-content\/uploads\/sites\/10\/2022\/03\/ff.jpg","width":550,"height":412,"caption":"Buy 4MMC Mephedrone Online"},{"@type":"BreadcrumbList","@id":"https:\/\/gooddealersmeds.com\/sl\/product\/buy-4mmc-mefedron-online\/#breadcrumb","itemListElement":[{"@type":"ListItem","position":1,"name":"Home","item":"https:\/\/gooddealersmeds.com\/sl\/"},{"@type":"ListItem","position":2,"name":"Izdelki","item":"https:\/\/gooddealersmeds.com\/sl\/izdelki\/"},{"@type":"ListItem","position":3,"name":"Kupite 4MMC (mefedron) na spletu"}]},{"@type":"WebSite","@id":"https:\/\/gooddealersmeds.com\/sl\/#website","url":"https:\/\/gooddealersmeds.com\/sl\/","name":"Good Dealers Meds","description":"All our best","publisher":{"@id":"https:\/\/gooddealersmeds.com\/sl\/#organization"},"potentialAction":[{"@type":"SearchAction","target":{"@type":"EntryPoint","urlTemplate":"https:\/\/gooddealersmeds.com\/sl\/?s={search_term_string}"},"query-input":{"@type":"PropertyValueSpecification","valueRequired":true,"valueName":"search_term_string"}}],"inLanguage":"en-US"},{"@type":"Organization","@id":"https:\/\/gooddealersmeds.com\/sl\/#organization","name":"Good Dealers Meds","url":"https:\/\/gooddealersmeds.com\/sl\/","logo":{"@type":"ImageObject","inLanguage":"en-US","@id":"https:\/\/gooddealersmeds.com\/sl\/#\/schema\/logo\/image\/","url":"https:\/\/gooddealersmeds.com\/sl\/wp-content\/uploads\/sites\/10\/2022\/03\/gooddealersmeds__logo__20220317T222800Z.00.png","contentUrl":"https:\/\/gooddealersmeds.com\/sl\/wp-content\/uploads\/sites\/10\/2022\/03\/gooddealersmeds__logo__20220317T222800Z.00.png","width":500,"height":325,"caption":"Good Dealers Meds"},"image":{"@id":"https:\/\/gooddealersmeds.com\/sl\/#\/schema\/logo\/image\/"}}]}},"_links":{"self":[{"href":"https:\/\/gooddealersmeds.com\/sl\/wp-json\/wp\/v2\/product\/1605","targetHints":{"allow":["GET"]}}],"collection":[{"href":"https:\/\/gooddealersmeds.com\/sl\/wp-json\/wp\/v2\/product"}],"about":[{"href":"https:\/\/gooddealersmeds.com\/sl\/wp-json\/wp\/v2\/types\/product"}],"replies":[{"embeddable":true,"href":"https:\/\/gooddealersmeds.com\/sl\/wp-json\/wp\/v2\/comments?post=1605"}],"wp:featuredmedia":[{"embeddable":true,"href":"https:\/\/gooddealersmeds.com\/sl\/wp-json\/wp\/v2\/media\/1698"}],"wp:attachment":[{"href":"https:\/\/gooddealersmeds.com\/sl\/wp-json\/wp\/v2\/media?parent=1605"}],"wp:term":[{"taxonomy":"product_brand","embeddable":true,"href":"https:\/\/gooddealersmeds.com\/sl\/wp-json\/wp\/v2\/product_brand?post=1605"},{"taxonomy":"product_cat","embeddable":true,"href":"https:\/\/gooddealersmeds.com\/sl\/wp-json\/wp\/v2\/product_cat?post=1605"},{"taxonomy":"product_tag","embeddable":true,"href":"https:\/\/gooddealersmeds.com\/sl\/wp-json\/wp\/v2\/product_tag?post=1605"}],"curies":[{"name":"wp","href":"https:\/\/api.w.org\/{rel}","templated":true}]}}