{"id":1588,"date":"2022-03-18T23:47:24","date_gmt":"2022-03-18T23:47:24","guid":{"rendered":"https:\/\/gooddealersmeds.com\/sl\/?post_type=product&#038;p=1588"},"modified":"2022-10-04T00:43:51","modified_gmt":"2022-10-04T00:43:51","slug":"buy-fentanyl-tablete-na-spletu","status":"publish","type":"product","link":"https:\/\/gooddealersmeds.com\/sl\/product\/buy-fentanyl-tablete-na-spletu\/","title":{"rendered":"Kupite tablete fentanila na spletu"},"content":{"rendered":"<h1><strong>Fentanil v prahu<\/strong><\/h1>\n<p>Fentanil je \u010dlan skupine zdravil, znanih kot fentanil; je hitro delujo\u010d opioid (sinteti\u010dni opiat) zdravilo, ki laj\u0161a bole\u010dino, ne da bi povzro\u010dilo izgubo zavesti (analgetik) &#8211; Kupite fentanil tablete na spletu. Fentanil zmanj\u0161a delovanje centralnega \u017eiv\u010dnega sistema (CNS) in dihalno funkcijo. Je 50\u2013100-krat mo\u010dnej\u0161i od morfija, vendar mu je zelo enak.<\/p>\n<p>&nbsp;<\/p>\n<p>Dihanje \u017ertev prevelikega odmerka fentanila lahko postane ote\u017eeno ali popolnoma preneha. Preveliko odmerjanje se pojavi, ko zdravilo povzro\u010di resne ne\u017eelene u\u010dinke in \u017eivljenjsko nevarne simptome. Ko ljudje prevzamejo prevelik odmerek fentanila, se lahko njihovo dihanje upo\u010dasni ali ustavi. To lahko zmanj\u0161a koli\u010dino kisika, ki dose\u017ee celice telesa, stanje, imenovano hipoksija. Mo\u010d fentanila povzro\u010da odvisnost. Pri uporabi fentanila na recept po zdravnikovem navodilu lahko oseba razvije odvisnost, ki jo zaznamujejo odtegnitveni simptomi po prenehanju jemanja zdravila. \u010ceprav je oseba morda odvisna od snovi, ne da bi bila od nje zasvojena, lahko zasvojenost ob\u010dasno sledi odvisnosti mo\u017eganov &#8211; Kako lahko kupim tableto fentanila. Je naju\u010dinkovitej\u0161e opioidno zdravilo proti bole\u010dinam, ki se zdaj uporablja v zdravstveni oskrbi.<\/p>\n<p>Kljub dejstvu, da fentanil velja za varnega in u\u010dinkovitega, \u010de se uporablja v nadzorovanem medicinskem okolju, ima zdravilo velik potencial za zlorabo. Nekateri ljudje izdelujejo analoge fentanila, ki so zelo podobni izvirnemu zdravilu. Fentanil se ve\u017ee na receptorje v mo\u017eganih, ki nadzorujejo bole\u010dino in \u010dustva, tako kot druga opioidna zdravila. Fentanil obi\u010dajno povzro\u010di ne\u017eelene u\u010dinke, kot so slabost, bruhanje, zaprtje, srbenje, zaspanost, zmedenost in po\u0161kodbe zaradi pomanjkanja koordinacije. Primeri resnih negativnih u\u010dinkov so depresija dihanja, halucinacije, serotoninski sindrom, nizek krvni tlak ali pojav te\u017eav z uporabo opioidov.<\/p>\n<p>Poleg tega se uporablja za zdravljenje trdovratne bole\u010dine, kot je bole\u010dina pri raku . Bolniki, ki ne morejo jemati morfija ali katerih zasoplost je odporna na morfij, lahko za zdravljenje simptomov uporabljajo tudi fentanil. V okoljih paliativne oskrbe, kjer je treba hudo bole\u010dino in te\u017eko dihanje zdraviti z opioidi visoke jakosti, je fentanil \u0161e posebej koristen za prikaz kombinacije.<\/p>\n<p>Zaradi izjemno spremenljivega smrtnega odmerka v kombinaciji z drugimi zdravili fentanil predstavlja izjemno veliko nevarnost prevelikega odmerjanja pri ljudeh. Preveliki odmerki so le malo nepredvidljivi v naj\u010distej\u0161i obliki. Kje dobiti tablete fentanila brez recepta<\/p>\n<p><a href=\"https:\/\/gooddealersmeds.com\/sl\/product\/buy-fentanyl-tablets-online\/\">tablete fentanila naprodaj<\/a> na GoodDealersMeds, Umestno bi bilo poudariti, da so koristne in rekreativne lastnosti omenjenih izdelkov odvisne od odgovorne uporabe.<\/p>\n","protected":false},"excerpt":{"rendered":"<h1>Kupite fentanil transdermalni sistemski obli\u017e<\/h1>\n<p>Tveganje za resne ne\u017eelene u\u010dinke (kot so po\u010dasno\/plitko dihanje, huda zaspanost\/omoti\u010dnost) se lahko pove\u010da, \u010de se to zdravilo uporablja z drugimi izdelki, ki prav tako lahko povzro\u010dijo zaspanost ali te\u017eave z dihanjem.<\/p>\n","protected":false},"featured_media":1596,"comment_status":"open","ping_status":"closed","template":"","meta":{"inline_featured_image":false},"product_brand":[],"product_cat":[347],"product_tag":[115,112,97,96,95,114,102,98,113,101,100,99,111,103,110],"class_list":{"0":"post-1588","1":"product","2":"type-product","3":"status-publish","4":"has-post-thumbnail","6":"product_cat-opioid-protiboleinsko","7":"product_tag-is-fentanyl-tablets-legal-in-canada","8":"product_tag-is-fentanyl-tablete-legal-in-usa","9":"product_tag-buy-fentanyl-online","10":"product_tag-buy-fentanyl-tablets","11":"product_tag-buy-fentanyl-tablets-online-buy-tablets","12":"product_tag-how-to-order-fentanyl-tablets","13":"product_tag-kje-kupiti-fentanil-tablete-na-spletu","14":"product_tag-kje-kupiti-fentanil-tablete","15":"product_tag-buy-fentanyl-tablete-online-us","16":"product_tag-buy-tablets-online","17":"product_tag-tablete-za-prodajo","18":"product_tag-fentanil-tablete-za-prodajo","19":"product_tag-tablete-fentanila-e-lahko-dobite","20":"product_tag-fentanil-tablete-za-prodajo-v-zda","21":"product_tag-varna-dostava","22":"pa_pills-100-pills","23":"pa_pills-1000-pills","24":"pa_pills-30-pills","25":"pa_pills-300-pills","26":"pa_pills-50-pills","27":"pa_pills-500-pills","29":"first","30":"instock","31":"featured","32":"shipping-taxable","33":"purchasable","34":"product-type-variable","35":"has-default-attributes"},"yoast_head":"<!-- This site is optimized with the Yoast SEO Premium plugin v20.6 (Yoast SEO v27.3) - https:\/\/yoast.com\/product\/yoast-seo-premium-wordpress\/ -->\n<title>Kupite fentanil tablete na spletu brez recepta | Good Dealers Meds<\/title>\n<meta name=\"description\" content=\"Kupite tablete fentanila na spletu pri GoodDealersMeds. Fentanil tablete za prodajo po vsem svetu. Naro\u010dite zdaj in dobite dostavo na svojem pragu.\" \/>\n<meta name=\"robots\" content=\"index, follow, max-snippet:-1, max-image-preview:large, max-video-preview:-1\" \/>\n<link rel=\"canonical\" href=\"https:\/\/gooddealersmeds.com\/sl\/product\/buy-fentanyl-tablete-na-spletu\/\" \/>\n<meta property=\"og:locale\" content=\"en_US\" \/>\n<meta property=\"og:type\" content=\"article\" \/>\n<meta property=\"og:title\" content=\"Kupite tablete fentanila na spletu\" \/>\n<meta property=\"og:description\" content=\"Kupite tablete fentanila na spletu pri GoodDealersMeds. Fentanil tablete za prodajo po vsem svetu. Naro\u010dite zdaj in dobite dostavo na svojem pragu.\" \/>\n<meta property=\"og:url\" content=\"https:\/\/gooddealersmeds.com\/sl\/product\/buy-fentanyl-tablete-na-spletu\/\" \/>\n<meta property=\"og:site_name\" content=\"Good Dealers Meds\" \/>\n<meta property=\"article:modified_time\" content=\"2022-10-04T00:43:51+00:00\" \/>\n<meta property=\"og:image\" content=\"https:\/\/gooddealersmeds.com\/sl\/wp-content\/uploads\/sites\/10\/2022\/03\/buy-fentanyl-tablets-online.jpg\" \/>\n\t<meta property=\"og:image:width\" content=\"600\" \/>\n\t<meta property=\"og:image:height\" content=\"600\" \/>\n\t<meta property=\"og:image:type\" content=\"image\/jpeg\" \/>\n<meta name=\"twitter:card\" content=\"summary_large_image\" \/>\n<meta name=\"twitter:label1\" content=\"Est. reading time\" \/>\n\t<meta name=\"twitter:data1\" content=\"2 minutes\" \/>\n<script type=\"application\/ld+json\" class=\"yoast-schema-graph\">{\"@context\":\"https:\\\/\\\/schema.org\",\"@graph\":[{\"@type\":\"WebPage\",\"@id\":\"https:\\\/\\\/gooddealersmeds.com\\\/sl\\\/product\\\/buy-fentanyl-tablete-na-spletu\\\/\",\"url\":\"https:\\\/\\\/gooddealersmeds.com\\\/sl\\\/product\\\/buy-fentanyl-tablete-na-spletu\\\/\",\"name\":\"Kupite fentanil tablete na spletu brez recepta | Good Dealers Meds\",\"isPartOf\":{\"@id\":\"https:\\\/\\\/gooddealersmeds.com\\\/sl\\\/#website\"},\"primaryImageOfPage\":{\"@id\":\"https:\\\/\\\/gooddealersmeds.com\\\/sl\\\/product\\\/buy-fentanyl-tablete-na-spletu\\\/#primaryimage\"},\"image\":{\"@id\":\"https:\\\/\\\/gooddealersmeds.com\\\/sl\\\/product\\\/buy-fentanyl-tablete-na-spletu\\\/#primaryimage\"},\"thumbnailUrl\":\"https:\\\/\\\/gooddealersmeds.com\\\/sl\\\/wp-content\\\/uploads\\\/sites\\\/10\\\/2022\\\/03\\\/buy-fentanyl-tablets-online.jpg\",\"datePublished\":\"2022-03-18T23:47:24+00:00\",\"dateModified\":\"2022-10-04T00:43:51+00:00\",\"description\":\"Kupite tablete fentanila na spletu pri GoodDealersMeds. Fentanil tablete za prodajo po vsem svetu. Naro\u010dite zdaj in dobite dostavo na svojem pragu.\",\"breadcrumb\":{\"@id\":\"https:\\\/\\\/gooddealersmeds.com\\\/sl\\\/product\\\/buy-fentanyl-tablete-na-spletu\\\/#breadcrumb\"},\"inLanguage\":\"en-US\",\"potentialAction\":[{\"@type\":\"ReadAction\",\"target\":[\"https:\\\/\\\/gooddealersmeds.com\\\/sl\\\/product\\\/buy-fentanyl-tablete-na-spletu\\\/\"]}]},{\"@type\":\"ImageObject\",\"inLanguage\":\"en-US\",\"@id\":\"https:\\\/\\\/gooddealersmeds.com\\\/sl\\\/product\\\/buy-fentanyl-tablete-na-spletu\\\/#primaryimage\",\"url\":\"https:\\\/\\\/gooddealersmeds.com\\\/sl\\\/wp-content\\\/uploads\\\/sites\\\/10\\\/2022\\\/03\\\/buy-fentanyl-tablets-online.jpg\",\"contentUrl\":\"https:\\\/\\\/gooddealersmeds.com\\\/sl\\\/wp-content\\\/uploads\\\/sites\\\/10\\\/2022\\\/03\\\/buy-fentanyl-tablets-online.jpg\",\"width\":600,\"height\":600,\"caption\":\"Buy Fentanyl Tablets Online\"},{\"@type\":\"BreadcrumbList\",\"@id\":\"https:\\\/\\\/gooddealersmeds.com\\\/sl\\\/product\\\/buy-fentanyl-tablete-na-spletu\\\/#breadcrumb\",\"itemListElement\":[{\"@type\":\"ListItem\",\"position\":1,\"name\":\"Home\",\"item\":\"https:\\\/\\\/gooddealersmeds.com\\\/sl\\\/\"},{\"@type\":\"ListItem\",\"position\":2,\"name\":\"Izdelki\",\"item\":\"https:\\\/\\\/gooddealersmeds.com\\\/sl\\\/izdelki\\\/\"},{\"@type\":\"ListItem\",\"position\":3,\"name\":\"Kupite tablete fentanila na spletu\"}]},{\"@type\":\"WebSite\",\"@id\":\"https:\\\/\\\/gooddealersmeds.com\\\/sl\\\/#website\",\"url\":\"https:\\\/\\\/gooddealersmeds.com\\\/sl\\\/\",\"name\":\"Good Dealers Meds\",\"description\":\"All our best\",\"publisher\":{\"@id\":\"https:\\\/\\\/gooddealersmeds.com\\\/sl\\\/#organization\"},\"potentialAction\":[{\"@type\":\"SearchAction\",\"target\":{\"@type\":\"EntryPoint\",\"urlTemplate\":\"https:\\\/\\\/gooddealersmeds.com\\\/sl\\\/?s={search_term_string}\"},\"query-input\":{\"@type\":\"PropertyValueSpecification\",\"valueRequired\":true,\"valueName\":\"search_term_string\"}}],\"inLanguage\":\"en-US\"},{\"@type\":\"Organization\",\"@id\":\"https:\\\/\\\/gooddealersmeds.com\\\/sl\\\/#organization\",\"name\":\"Good Dealers Meds\",\"url\":\"https:\\\/\\\/gooddealersmeds.com\\\/sl\\\/\",\"logo\":{\"@type\":\"ImageObject\",\"inLanguage\":\"en-US\",\"@id\":\"https:\\\/\\\/gooddealersmeds.com\\\/sl\\\/#\\\/schema\\\/logo\\\/image\\\/\",\"url\":\"https:\\\/\\\/gooddealersmeds.com\\\/sl\\\/wp-content\\\/uploads\\\/sites\\\/10\\\/2022\\\/03\\\/gooddealersmeds__logo__20220317T222800Z.00.png\",\"contentUrl\":\"https:\\\/\\\/gooddealersmeds.com\\\/sl\\\/wp-content\\\/uploads\\\/sites\\\/10\\\/2022\\\/03\\\/gooddealersmeds__logo__20220317T222800Z.00.png\",\"width\":500,\"height\":325,\"caption\":\"Good Dealers Meds\"},\"image\":{\"@id\":\"https:\\\/\\\/gooddealersmeds.com\\\/sl\\\/#\\\/schema\\\/logo\\\/image\\\/\"}}]}<\/script>\n<!-- \/ Yoast SEO Premium plugin. -->","yoast_head_json":{"title":"Kupite fentanil tablete na spletu brez recepta | Good Dealers Meds","description":"Kupite tablete fentanila na spletu pri GoodDealersMeds. Fentanil tablete za prodajo po vsem svetu. Naro\u010dite zdaj in dobite dostavo na svojem pragu.","robots":{"index":"index","follow":"follow","max-snippet":"max-snippet:-1","max-image-preview":"max-image-preview:large","max-video-preview":"max-video-preview:-1"},"canonical":"https:\/\/gooddealersmeds.com\/sl\/product\/buy-fentanyl-tablete-na-spletu\/","og_locale":"en_US","og_type":"article","og_title":"Kupite tablete fentanila na spletu","og_description":"Kupite tablete fentanila na spletu pri GoodDealersMeds. Fentanil tablete za prodajo po vsem svetu. Naro\u010dite zdaj in dobite dostavo na svojem pragu.","og_url":"https:\/\/gooddealersmeds.com\/sl\/product\/buy-fentanyl-tablete-na-spletu\/","og_site_name":"Good Dealers Meds","article_modified_time":"2022-10-04T00:43:51+00:00","og_image":[{"width":600,"height":600,"url":"https:\/\/gooddealersmeds.com\/sl\/wp-content\/uploads\/sites\/10\/2022\/03\/buy-fentanyl-tablets-online.jpg","type":"image\/jpeg"}],"twitter_card":"summary_large_image","twitter_misc":{"Est. reading time":"2 minutes"},"schema":{"@context":"https:\/\/schema.org","@graph":[{"@type":"WebPage","@id":"https:\/\/gooddealersmeds.com\/sl\/product\/buy-fentanyl-tablete-na-spletu\/","url":"https:\/\/gooddealersmeds.com\/sl\/product\/buy-fentanyl-tablete-na-spletu\/","name":"Kupite fentanil tablete na spletu brez recepta | Good Dealers Meds","isPartOf":{"@id":"https:\/\/gooddealersmeds.com\/sl\/#website"},"primaryImageOfPage":{"@id":"https:\/\/gooddealersmeds.com\/sl\/product\/buy-fentanyl-tablete-na-spletu\/#primaryimage"},"image":{"@id":"https:\/\/gooddealersmeds.com\/sl\/product\/buy-fentanyl-tablete-na-spletu\/#primaryimage"},"thumbnailUrl":"https:\/\/gooddealersmeds.com\/sl\/wp-content\/uploads\/sites\/10\/2022\/03\/buy-fentanyl-tablets-online.jpg","datePublished":"2022-03-18T23:47:24+00:00","dateModified":"2022-10-04T00:43:51+00:00","description":"Kupite tablete fentanila na spletu pri GoodDealersMeds. Fentanil tablete za prodajo po vsem svetu. Naro\u010dite zdaj in dobite dostavo na svojem pragu.","breadcrumb":{"@id":"https:\/\/gooddealersmeds.com\/sl\/product\/buy-fentanyl-tablete-na-spletu\/#breadcrumb"},"inLanguage":"en-US","potentialAction":[{"@type":"ReadAction","target":["https:\/\/gooddealersmeds.com\/sl\/product\/buy-fentanyl-tablete-na-spletu\/"]}]},{"@type":"ImageObject","inLanguage":"en-US","@id":"https:\/\/gooddealersmeds.com\/sl\/product\/buy-fentanyl-tablete-na-spletu\/#primaryimage","url":"https:\/\/gooddealersmeds.com\/sl\/wp-content\/uploads\/sites\/10\/2022\/03\/buy-fentanyl-tablets-online.jpg","contentUrl":"https:\/\/gooddealersmeds.com\/sl\/wp-content\/uploads\/sites\/10\/2022\/03\/buy-fentanyl-tablets-online.jpg","width":600,"height":600,"caption":"Buy Fentanyl Tablets Online"},{"@type":"BreadcrumbList","@id":"https:\/\/gooddealersmeds.com\/sl\/product\/buy-fentanyl-tablete-na-spletu\/#breadcrumb","itemListElement":[{"@type":"ListItem","position":1,"name":"Home","item":"https:\/\/gooddealersmeds.com\/sl\/"},{"@type":"ListItem","position":2,"name":"Izdelki","item":"https:\/\/gooddealersmeds.com\/sl\/izdelki\/"},{"@type":"ListItem","position":3,"name":"Kupite tablete fentanila na spletu"}]},{"@type":"WebSite","@id":"https:\/\/gooddealersmeds.com\/sl\/#website","url":"https:\/\/gooddealersmeds.com\/sl\/","name":"Good Dealers Meds","description":"All our best","publisher":{"@id":"https:\/\/gooddealersmeds.com\/sl\/#organization"},"potentialAction":[{"@type":"SearchAction","target":{"@type":"EntryPoint","urlTemplate":"https:\/\/gooddealersmeds.com\/sl\/?s={search_term_string}"},"query-input":{"@type":"PropertyValueSpecification","valueRequired":true,"valueName":"search_term_string"}}],"inLanguage":"en-US"},{"@type":"Organization","@id":"https:\/\/gooddealersmeds.com\/sl\/#organization","name":"Good Dealers Meds","url":"https:\/\/gooddealersmeds.com\/sl\/","logo":{"@type":"ImageObject","inLanguage":"en-US","@id":"https:\/\/gooddealersmeds.com\/sl\/#\/schema\/logo\/image\/","url":"https:\/\/gooddealersmeds.com\/sl\/wp-content\/uploads\/sites\/10\/2022\/03\/gooddealersmeds__logo__20220317T222800Z.00.png","contentUrl":"https:\/\/gooddealersmeds.com\/sl\/wp-content\/uploads\/sites\/10\/2022\/03\/gooddealersmeds__logo__20220317T222800Z.00.png","width":500,"height":325,"caption":"Good Dealers Meds"},"image":{"@id":"https:\/\/gooddealersmeds.com\/sl\/#\/schema\/logo\/image\/"}}]}},"_links":{"self":[{"href":"https:\/\/gooddealersmeds.com\/sl\/wp-json\/wp\/v2\/product\/1588","targetHints":{"allow":["GET"]}}],"collection":[{"href":"https:\/\/gooddealersmeds.com\/sl\/wp-json\/wp\/v2\/product"}],"about":[{"href":"https:\/\/gooddealersmeds.com\/sl\/wp-json\/wp\/v2\/types\/product"}],"replies":[{"embeddable":true,"href":"https:\/\/gooddealersmeds.com\/sl\/wp-json\/wp\/v2\/comments?post=1588"}],"wp:featuredmedia":[{"embeddable":true,"href":"https:\/\/gooddealersmeds.com\/sl\/wp-json\/wp\/v2\/media\/1596"}],"wp:attachment":[{"href":"https:\/\/gooddealersmeds.com\/sl\/wp-json\/wp\/v2\/media?parent=1588"}],"wp:term":[{"taxonomy":"product_brand","embeddable":true,"href":"https:\/\/gooddealersmeds.com\/sl\/wp-json\/wp\/v2\/product_brand?post=1588"},{"taxonomy":"product_cat","embeddable":true,"href":"https:\/\/gooddealersmeds.com\/sl\/wp-json\/wp\/v2\/product_cat?post=1588"},{"taxonomy":"product_tag","embeddable":true,"href":"https:\/\/gooddealersmeds.com\/sl\/wp-json\/wp\/v2\/product_tag?post=1588"}],"curies":[{"name":"wp","href":"https:\/\/api.w.org\/{rel}","templated":true}]}}