{"id":1582,"date":"2022-03-18T23:46:33","date_gmt":"2022-03-18T23:46:33","guid":{"rendered":"https:\/\/gooddealersmeds.com\/sl\/?post_type=product&#038;p=1582"},"modified":"2022-10-04T00:43:59","modified_gmt":"2022-10-04T00:43:59","slug":"amfetaminska-kapsula","status":"publish","type":"product","link":"https:\/\/gooddealersmeds.com\/sl\/product\/amfetaminska-kapsula\/","title":{"rendered":"Kupite kapsulo amfetamina na spletu"},"content":{"rendered":"<h3>Amfetamin<\/h3>\n<p>Amfetamin (povzeto iz <u>a<\/u>lpha\u2013<u>m<\/u>ethyl<u>ph<\/u>en<u>et<\/u>hil<u>amin<\/u>) je stimulans centralnega \u017eiv\u010dnega sistema (CNS), ki se med drugim tr\u017ei pod blagovno znamko Evekeo. Prvi\u010d, uporablja se pri zdravljenju ADHD, narkolepsije in debelosti. Poleg tega so amfetamini stimulansi, kar pomeni, da pospe\u0161ijo sporo\u010dila, ki potujejo med mo\u017egani in telesom. Amfetamin v prahu. Naro\u010dite amfetamin prek spleta.<\/p>\n<p>Poleg tega se amfetamin uporablja tudi kot sredstvo za izbolj\u0161anje atletske uspe\u0161nosti in kognitivnih sposobnosti ter rekreativno kot afrodiziak in evforiant. Poleg tega je v mnogih dr\u017eavah zdravilo na recept, nepoobla\u0161\u010deno posedovanje in distribucija amfetamina pa sta pogosto strogo nadzorovana zaradi znatnih zdravstvenih tveganj, povezanih z rekreacijsko uporabo. Amfetamin v prahu.<\/p>\n<h3>Dodatne informacije<\/h3>\n<p>Zdravniki zakonsko predpisujejo nekatere vrste amfetaminov za zdravljenje stanj, kot sta ADHD in narkolepsija (kjer ima oseba nenadzorovano \u017eeljo po spanju).<\/p>\n<p>Poleg tega se videz amfetaminov razlikuje. Poleg tega so lahko v obliki pra\u0161ka, tablet, kristalov in kapsul. Pri po\u0161iljanju pakiramo tudi v &#8220;folije&#8221; (alu folije), plasti\u010dne vre\u010dke ali majhne balone. Naro\u010dite amfetamin prek spleta.<\/p>\n<p>Barva amfetamina v prahu je lahko od bele do rjave, v\u010dasih ima lahko sledi sive ali ro\u017enate barve. Ima mo\u010dan vonj in grenak okus. Poleg tega se kapsule in tablete amfetamina precej razlikujejo po velikosti in barvi. Amfetamin za prodajo.<\/p>\n<p>Poleg tega so lahko nezakonito proizvedeni amfetamini me\u0161anica mamil, veziv, kofeina in sladkorja. Naro\u010dite amfetamin prek spleta.<\/p>\n<h3>Kako uporabljati<\/h3>\n<p>Amfetamine obi\u010dajno pogoltnemo, vbrizgamo ali kadimo. Prav tako so nasmr\u010dani. Kupite amfetamin v prahu prek spleta.<\/p>\n<h3>U\u010dinki amfetaminov<\/h3>\n<p>Prvi\u010d, amfetamini na vsakogar vplivajo druga\u010de, glede na velikost, te\u017eo in zdravje, ne glede na to, ali jih je oseba navajena jemati, ali so druga zdravila zau\u017eite pribli\u017eno ob istem \u010dasu, zau\u017eito koli\u010dino, jakost zdravila (se razlikuje od serije do serije pri nezakonito proizvedenih drogah). Kupite amfetamin prek spleta.<\/p>\n<p>Zato lahko u\u010dinke amfetaminov ob\u010dutite takoj (\u010de jih vbrizgate ali kadite) ali v 30 minutah (\u010de jih njuhate ali pogoltnete). Kupite amfetamin prek spleta.<\/p>\n<p>Poleg tega se lahko pojavijo naslednji u\u010dinki:<\/p>\n<ul>\n<li>Sre\u010da in samozavest<\/li>\n<li>Ve\u010d govorjenja in ob\u010dutek energije<\/li>\n<li>Ponavljanje preprostih stvari, kot sta srbenje in praskanje<\/li>\n<li>Velike zenice in suha usta<\/li>\n<li>Hiter sr\u010dni utrip in dihanje<\/li>\n<li>\u0160kripanje z zobmi<\/li>\n<li>Zmanj\u0161ano apetit<\/li>\n<li>Prekomerno znojenje<\/li>\n<li>Pove\u010dan spolni nagon<\/li>\n<\/ul>\n<p>Nadalje, uporaba depresivnih zdravil, kot so alkohol, benzodiazepini ali konoplja, za pomo\u010d pri negativni u\u010dinki lahko povzro\u010dijo cikel odvisnosti od obeh vrst drog. Poleg tega kupite amfetamin na spletu. <a href=\"https:\/\/gooddealersmeds.com\/sl\/product\/amphetamine-capsule\/\">Prodam visokokakovosten amfetamin<\/a><\/p>\n<h3>Amfetaminska psihoza<\/h3>\n<p>In visoko odmerki in pogosta te\u017eka uporaba lahko povzro\u010dita tudi &#8216;amfetaminsko psihozo&#8217;, za katero so zna\u010dilne paranoi\u010dne blodnje, halucinacije in neobi\u010dajno agresivno ali nasilno vedenje. Poleg tega ti simptomi obi\u010dajno izginejo nekaj dni po tem, ko oseba preneha jemati amfetamine.<\/p>\n<h3>Me\u0161anje amfetaminov z drugimi zdravili<\/h3>\n<p>Prvi\u010d, medsebojno delovanje zdravil lahko spremeni delovanje amfetamina ali pove\u010da tveganje za resne stranski u\u010dinki. Hranite seznam vseh izdelkov, ki jih uporabljate (vklju\u010dno z zdravili na recept\/brez recepta in zeli\u0161\u010dnimi izdelki) in ga delite z nami:<\/p>\n<p>Poleg tega lahko amfetamini in nekateri antidepresivi zvi\u0161ajo krvni tlak, kar lahko povzro\u010di nereden sr\u010dni utrip , sr\u010dno popu\u0161\u010danje in mo\u017eganska kap. Amfetamin najbolj\u0161e kakovosti za prodajo na spletu na <span style=\"color: #333333\"><a style=\"color: #333333\" href=\"https:\/\/gooddealersmeds.com\/sl\/\">Good Dealers Meds<\/a> <\/span>.<\/p>\n<p>Tudi me\u0161anje amfetaminov z alkoholom, konopljo oz. benzodiazepini postavlja telo pod visoko stopnjo stresa, ko se posku\u0161a spopasti z nasprotujo\u010dimi si u\u010dinki obeh vrst zdravil, kar lahko privede do prevelikega odmerka. Prodam amfetamin.<\/p>\n","protected":false},"excerpt":{"rendered":"<p>Kupite amfetamin na spletu pri zaupanja vrednem dobavitelju in si zagotovite najbolj\u0161o kakovost. Zagotavljamo vam najbolj\u0161o izku\u0161njo po\u0161iljanja. Kupite metamfetamin.<\/p>\n","protected":false},"featured_media":1950,"comment_status":"open","ping_status":"closed","template":"","meta":{"inline_featured_image":false},"product_brand":[],"product_cat":[346],"product_tag":[],"class_list":{"0":"post-1582","1":"product","2":"type-product","3":"status-publish","4":"has-post-thumbnail","6":"product_cat-poivila","7":"pa_pills-100-pills","8":"pa_pills-1000-pills","9":"pa_pills-30-pills","10":"pa_pills-300-pills","11":"pa_pills-50-pills","12":"pa_pills-500-pills","14":"first","15":"instock","16":"featured","17":"shipping-taxable","18":"purchasable","19":"product-type-variable","20":"has-default-attributes"},"yoast_head":"<!-- This site is optimized with the Yoast SEO Premium plugin v20.6 (Yoast SEO v27.3) - https:\/\/yoast.com\/product\/yoast-seo-premium-wordpress\/ -->\n<title>Kupite amfetamin na spletu \u2013 amfetamin za prodajo | Good Dealers Meds<\/title>\n<meta name=\"description\" content=\"Kupite amfetamin na spletu po ugodni ceni pri Good Dealers Meds najbolj\u0161e kakovosti za zdravljenje ADHD, narkolepsije in debelosti.\" \/>\n<meta name=\"robots\" content=\"index, follow, max-snippet:-1, max-image-preview:large, max-video-preview:-1\" \/>\n<link rel=\"canonical\" href=\"https:\/\/gooddealersmeds.com\/sl\/product\/amfetaminska-kapsula\/\" \/>\n<meta property=\"og:locale\" content=\"en_US\" \/>\n<meta property=\"og:type\" content=\"article\" \/>\n<meta property=\"og:title\" content=\"Kupite kapsulo amfetamina na spletu\" \/>\n<meta property=\"og:description\" content=\"Kupite amfetamin na spletu po ugodni ceni pri Good Dealers Meds najbolj\u0161e kakovosti za zdravljenje ADHD, narkolepsije in debelosti.\" \/>\n<meta property=\"og:url\" content=\"https:\/\/gooddealersmeds.com\/sl\/product\/amfetaminska-kapsula\/\" \/>\n<meta property=\"og:site_name\" content=\"Good Dealers Meds\" \/>\n<meta property=\"article:modified_time\" content=\"2022-10-04T00:43:59+00:00\" \/>\n<meta property=\"og:image\" content=\"https:\/\/gooddealersmeds.com\/sl\/wp-content\/uploads\/sites\/10\/2022\/03\/Amphetamine-Capsule.jpg\" \/>\n\t<meta property=\"og:image:width\" content=\"400\" \/>\n\t<meta property=\"og:image:height\" content=\"533\" \/>\n\t<meta property=\"og:image:type\" content=\"image\/jpeg\" \/>\n<meta name=\"twitter:card\" content=\"summary_large_image\" \/>\n<meta name=\"twitter:label1\" content=\"Est. reading time\" \/>\n\t<meta name=\"twitter:data1\" content=\"3 minutes\" \/>\n<script type=\"application\/ld+json\" class=\"yoast-schema-graph\">{\"@context\":\"https:\\\/\\\/schema.org\",\"@graph\":[{\"@type\":\"WebPage\",\"@id\":\"https:\\\/\\\/gooddealersmeds.com\\\/sl\\\/product\\\/amfetaminska-kapsula\\\/\",\"url\":\"https:\\\/\\\/gooddealersmeds.com\\\/sl\\\/product\\\/amfetaminska-kapsula\\\/\",\"name\":\"Kupite amfetamin na spletu \u2013 amfetamin za prodajo | Good Dealers Meds\",\"isPartOf\":{\"@id\":\"https:\\\/\\\/gooddealersmeds.com\\\/sl\\\/#website\"},\"primaryImageOfPage\":{\"@id\":\"https:\\\/\\\/gooddealersmeds.com\\\/sl\\\/product\\\/amfetaminska-kapsula\\\/#primaryimage\"},\"image\":{\"@id\":\"https:\\\/\\\/gooddealersmeds.com\\\/sl\\\/product\\\/amfetaminska-kapsula\\\/#primaryimage\"},\"thumbnailUrl\":\"https:\\\/\\\/gooddealersmeds.com\\\/sl\\\/wp-content\\\/uploads\\\/sites\\\/10\\\/2022\\\/03\\\/Amphetamine-Capsule.jpg\",\"datePublished\":\"2022-03-18T23:46:33+00:00\",\"dateModified\":\"2022-10-04T00:43:59+00:00\",\"description\":\"Kupite amfetamin na spletu po ugodni ceni pri Good Dealers Meds najbolj\u0161e kakovosti za zdravljenje ADHD, narkolepsije in debelosti.\",\"breadcrumb\":{\"@id\":\"https:\\\/\\\/gooddealersmeds.com\\\/sl\\\/product\\\/amfetaminska-kapsula\\\/#breadcrumb\"},\"inLanguage\":\"en-US\",\"potentialAction\":[{\"@type\":\"ReadAction\",\"target\":[\"https:\\\/\\\/gooddealersmeds.com\\\/sl\\\/product\\\/amfetaminska-kapsula\\\/\"]}]},{\"@type\":\"ImageObject\",\"inLanguage\":\"en-US\",\"@id\":\"https:\\\/\\\/gooddealersmeds.com\\\/sl\\\/product\\\/amfetaminska-kapsula\\\/#primaryimage\",\"url\":\"https:\\\/\\\/gooddealersmeds.com\\\/sl\\\/wp-content\\\/uploads\\\/sites\\\/10\\\/2022\\\/03\\\/Amphetamine-Capsule.jpg\",\"contentUrl\":\"https:\\\/\\\/gooddealersmeds.com\\\/sl\\\/wp-content\\\/uploads\\\/sites\\\/10\\\/2022\\\/03\\\/Amphetamine-Capsule.jpg\",\"width\":400,\"height\":533,\"caption\":\"Buy Amphetamine Online\"},{\"@type\":\"BreadcrumbList\",\"@id\":\"https:\\\/\\\/gooddealersmeds.com\\\/sl\\\/product\\\/amfetaminska-kapsula\\\/#breadcrumb\",\"itemListElement\":[{\"@type\":\"ListItem\",\"position\":1,\"name\":\"Home\",\"item\":\"https:\\\/\\\/gooddealersmeds.com\\\/sl\\\/\"},{\"@type\":\"ListItem\",\"position\":2,\"name\":\"Izdelki\",\"item\":\"https:\\\/\\\/gooddealersmeds.com\\\/sl\\\/izdelki\\\/\"},{\"@type\":\"ListItem\",\"position\":3,\"name\":\"Kupite kapsulo amfetamina na spletu\"}]},{\"@type\":\"WebSite\",\"@id\":\"https:\\\/\\\/gooddealersmeds.com\\\/sl\\\/#website\",\"url\":\"https:\\\/\\\/gooddealersmeds.com\\\/sl\\\/\",\"name\":\"Good Dealers Meds\",\"description\":\"All our best\",\"publisher\":{\"@id\":\"https:\\\/\\\/gooddealersmeds.com\\\/sl\\\/#organization\"},\"potentialAction\":[{\"@type\":\"SearchAction\",\"target\":{\"@type\":\"EntryPoint\",\"urlTemplate\":\"https:\\\/\\\/gooddealersmeds.com\\\/sl\\\/?s={search_term_string}\"},\"query-input\":{\"@type\":\"PropertyValueSpecification\",\"valueRequired\":true,\"valueName\":\"search_term_string\"}}],\"inLanguage\":\"en-US\"},{\"@type\":\"Organization\",\"@id\":\"https:\\\/\\\/gooddealersmeds.com\\\/sl\\\/#organization\",\"name\":\"Good Dealers Meds\",\"url\":\"https:\\\/\\\/gooddealersmeds.com\\\/sl\\\/\",\"logo\":{\"@type\":\"ImageObject\",\"inLanguage\":\"en-US\",\"@id\":\"https:\\\/\\\/gooddealersmeds.com\\\/sl\\\/#\\\/schema\\\/logo\\\/image\\\/\",\"url\":\"https:\\\/\\\/gooddealersmeds.com\\\/sl\\\/wp-content\\\/uploads\\\/sites\\\/10\\\/2022\\\/03\\\/gooddealersmeds__logo__20220317T222800Z.00.png\",\"contentUrl\":\"https:\\\/\\\/gooddealersmeds.com\\\/sl\\\/wp-content\\\/uploads\\\/sites\\\/10\\\/2022\\\/03\\\/gooddealersmeds__logo__20220317T222800Z.00.png\",\"width\":500,\"height\":325,\"caption\":\"Good Dealers Meds\"},\"image\":{\"@id\":\"https:\\\/\\\/gooddealersmeds.com\\\/sl\\\/#\\\/schema\\\/logo\\\/image\\\/\"}}]}<\/script>\n<!-- \/ Yoast SEO Premium plugin. -->","yoast_head_json":{"title":"Kupite amfetamin na spletu \u2013 amfetamin za prodajo | Good Dealers Meds","description":"Kupite amfetamin na spletu po ugodni ceni pri Good Dealers Meds najbolj\u0161e kakovosti za zdravljenje ADHD, narkolepsije in debelosti.","robots":{"index":"index","follow":"follow","max-snippet":"max-snippet:-1","max-image-preview":"max-image-preview:large","max-video-preview":"max-video-preview:-1"},"canonical":"https:\/\/gooddealersmeds.com\/sl\/product\/amfetaminska-kapsula\/","og_locale":"en_US","og_type":"article","og_title":"Kupite kapsulo amfetamina na spletu","og_description":"Kupite amfetamin na spletu po ugodni ceni pri Good Dealers Meds najbolj\u0161e kakovosti za zdravljenje ADHD, narkolepsije in debelosti.","og_url":"https:\/\/gooddealersmeds.com\/sl\/product\/amfetaminska-kapsula\/","og_site_name":"Good Dealers Meds","article_modified_time":"2022-10-04T00:43:59+00:00","og_image":[{"width":400,"height":533,"url":"https:\/\/gooddealersmeds.com\/sl\/wp-content\/uploads\/sites\/10\/2022\/03\/Amphetamine-Capsule.jpg","type":"image\/jpeg"}],"twitter_card":"summary_large_image","twitter_misc":{"Est. reading time":"3 minutes"},"schema":{"@context":"https:\/\/schema.org","@graph":[{"@type":"WebPage","@id":"https:\/\/gooddealersmeds.com\/sl\/product\/amfetaminska-kapsula\/","url":"https:\/\/gooddealersmeds.com\/sl\/product\/amfetaminska-kapsula\/","name":"Kupite amfetamin na spletu \u2013 amfetamin za prodajo | Good Dealers Meds","isPartOf":{"@id":"https:\/\/gooddealersmeds.com\/sl\/#website"},"primaryImageOfPage":{"@id":"https:\/\/gooddealersmeds.com\/sl\/product\/amfetaminska-kapsula\/#primaryimage"},"image":{"@id":"https:\/\/gooddealersmeds.com\/sl\/product\/amfetaminska-kapsula\/#primaryimage"},"thumbnailUrl":"https:\/\/gooddealersmeds.com\/sl\/wp-content\/uploads\/sites\/10\/2022\/03\/Amphetamine-Capsule.jpg","datePublished":"2022-03-18T23:46:33+00:00","dateModified":"2022-10-04T00:43:59+00:00","description":"Kupite amfetamin na spletu po ugodni ceni pri Good Dealers Meds najbolj\u0161e kakovosti za zdravljenje ADHD, narkolepsije in debelosti.","breadcrumb":{"@id":"https:\/\/gooddealersmeds.com\/sl\/product\/amfetaminska-kapsula\/#breadcrumb"},"inLanguage":"en-US","potentialAction":[{"@type":"ReadAction","target":["https:\/\/gooddealersmeds.com\/sl\/product\/amfetaminska-kapsula\/"]}]},{"@type":"ImageObject","inLanguage":"en-US","@id":"https:\/\/gooddealersmeds.com\/sl\/product\/amfetaminska-kapsula\/#primaryimage","url":"https:\/\/gooddealersmeds.com\/sl\/wp-content\/uploads\/sites\/10\/2022\/03\/Amphetamine-Capsule.jpg","contentUrl":"https:\/\/gooddealersmeds.com\/sl\/wp-content\/uploads\/sites\/10\/2022\/03\/Amphetamine-Capsule.jpg","width":400,"height":533,"caption":"Buy Amphetamine Online"},{"@type":"BreadcrumbList","@id":"https:\/\/gooddealersmeds.com\/sl\/product\/amfetaminska-kapsula\/#breadcrumb","itemListElement":[{"@type":"ListItem","position":1,"name":"Home","item":"https:\/\/gooddealersmeds.com\/sl\/"},{"@type":"ListItem","position":2,"name":"Izdelki","item":"https:\/\/gooddealersmeds.com\/sl\/izdelki\/"},{"@type":"ListItem","position":3,"name":"Kupite kapsulo amfetamina na spletu"}]},{"@type":"WebSite","@id":"https:\/\/gooddealersmeds.com\/sl\/#website","url":"https:\/\/gooddealersmeds.com\/sl\/","name":"Good Dealers Meds","description":"All our best","publisher":{"@id":"https:\/\/gooddealersmeds.com\/sl\/#organization"},"potentialAction":[{"@type":"SearchAction","target":{"@type":"EntryPoint","urlTemplate":"https:\/\/gooddealersmeds.com\/sl\/?s={search_term_string}"},"query-input":{"@type":"PropertyValueSpecification","valueRequired":true,"valueName":"search_term_string"}}],"inLanguage":"en-US"},{"@type":"Organization","@id":"https:\/\/gooddealersmeds.com\/sl\/#organization","name":"Good Dealers Meds","url":"https:\/\/gooddealersmeds.com\/sl\/","logo":{"@type":"ImageObject","inLanguage":"en-US","@id":"https:\/\/gooddealersmeds.com\/sl\/#\/schema\/logo\/image\/","url":"https:\/\/gooddealersmeds.com\/sl\/wp-content\/uploads\/sites\/10\/2022\/03\/gooddealersmeds__logo__20220317T222800Z.00.png","contentUrl":"https:\/\/gooddealersmeds.com\/sl\/wp-content\/uploads\/sites\/10\/2022\/03\/gooddealersmeds__logo__20220317T222800Z.00.png","width":500,"height":325,"caption":"Good Dealers Meds"},"image":{"@id":"https:\/\/gooddealersmeds.com\/sl\/#\/schema\/logo\/image\/"}}]}},"_links":{"self":[{"href":"https:\/\/gooddealersmeds.com\/sl\/wp-json\/wp\/v2\/product\/1582","targetHints":{"allow":["GET"]}}],"collection":[{"href":"https:\/\/gooddealersmeds.com\/sl\/wp-json\/wp\/v2\/product"}],"about":[{"href":"https:\/\/gooddealersmeds.com\/sl\/wp-json\/wp\/v2\/types\/product"}],"replies":[{"embeddable":true,"href":"https:\/\/gooddealersmeds.com\/sl\/wp-json\/wp\/v2\/comments?post=1582"}],"wp:featuredmedia":[{"embeddable":true,"href":"https:\/\/gooddealersmeds.com\/sl\/wp-json\/wp\/v2\/media\/1950"}],"wp:attachment":[{"href":"https:\/\/gooddealersmeds.com\/sl\/wp-json\/wp\/v2\/media?parent=1582"}],"wp:term":[{"taxonomy":"product_brand","embeddable":true,"href":"https:\/\/gooddealersmeds.com\/sl\/wp-json\/wp\/v2\/product_brand?post=1582"},{"taxonomy":"product_cat","embeddable":true,"href":"https:\/\/gooddealersmeds.com\/sl\/wp-json\/wp\/v2\/product_cat?post=1582"},{"taxonomy":"product_tag","embeddable":true,"href":"https:\/\/gooddealersmeds.com\/sl\/wp-json\/wp\/v2\/product_tag?post=1582"}],"curies":[{"name":"wp","href":"https:\/\/api.w.org\/{rel}","templated":true}]}}