{"id":1572,"date":"2022-03-18T01:52:51","date_gmt":"2022-03-18T01:52:51","guid":{"rendered":"https:\/\/gooddealersmeds.com\/sl\/?post_type=product&#038;p=1572"},"modified":"2022-10-04T00:44:07","modified_gmt":"2022-10-04T00:44:07","slug":"mdma-ecstasy-ali-molly","status":"publish","type":"product","link":"https:\/\/gooddealersmeds.com\/sl\/product\/mdma-ecstasy-ali-molly\/","title":{"rendered":"MDMA (Ecstasy ali Molly)"},"content":{"rendered":"<p><strong>Kupujte MDMA na spletu (MOLLY\/ECSTASY)<\/strong><\/p>\n<p>&#8220;<strong><em>Kupujte MDMA na spletu&#8221; <\/em><\/strong>pri <span style=\"color: #333333\"><a style=\"color: #333333\" href=\"https:\/\/gooddealersmeds.com\/sl\/\">Good Dealers Meds<\/a><\/span>. MDMA ali 3,4-metilendioksimetamfetamin, obi\u010dajno imenovan <a href=\"https:\/\/gooddealersmeds.com\/sl\/product\/mdma-ecstasy-or-molly\/\">ecstasy<\/a>, je lahko zdravilo, ki spreminja um primarno uporablja kot <span style=\"color: #333333\"><a style=\"color: #333333\" href=\"https:\/\/en.wikipedia.org\/wiki\/Narcotic\">narkotik<\/a>. \u017deleni u\u010dinki MDMA vklju\u010dujejo spremenjene ob\u010dutke in pove\u010dano energijo, empatijo in ugodje.<\/p>\n<p>ABON MDMA test je hiter, enostopenjski imunokromatografski test, zasnovan za kvalitativno odkrivanje presnovka zdravila v \u010dlove\u0161kem urinu na mejni vrednosti. koncentracija.<\/p>\n<p>Ve\u010dina predhodnih raziskav je bila osredoto\u010dena na nevarnosti, povezane z neklini\u010dno (&#8216;rekreativno&#8217;) uporabo MDMA. Tema o tem, ali bi lahko rekreativni uporabniki MDMA ob\u010dutili ugodne dolgoro\u010dne u\u010dinke uporabe MDMA, se odpira zaradi mo\u017enih prednosti, ki jih prina\u0161a psihoterapija s pomo\u010djo MDMA.<\/p>\n<p><strong>KAKO MDMA VPLIVA NA MO\u017dGANE?<\/p>\n<p>MDMA pove\u010da aktivnosti treh mo\u017eganskih kemikalij, ki so:<\/p>\n<ul>\n<li>DOPAMIN pove\u010da energijo\/aktivnost in deluje kot sistem za krepitev vedenja.<\/li>\n<li>NOREPINEFRIN- pove\u010da pulz in vitalne znake, kar je tvegano za ljudi s te\u017eavami s srcem in o\u017eiljem.<\/li>\n<li>SEROTONIN- vpliva na razpolo\u017eenje, apetit, spanje in druge funkcije. Prav tako spro\u017ei hormone, ki lahko vplivajo na spolno vzburjenje in zaupanje. Spro\u0161\u010danje velikih koli\u010din serotonina lahko verjetno povzro\u010di \u010dustveno bli\u017eino, dvig razpolo\u017eenja in empatijo, ki jo ob\u010dutijo tisti, ki u\u017eivajo MDMA.<\/li>\n<\/ul>\n<p><strong>DRUGI U\u010cINKI NA ZDRAVJE VKLJU\u010cUJEJO:<\/strong><\/p>\n<ul>\n<li>Slabost<\/li>\n<li>Mi\u0161i\u010dni kr\u010di<\/li>\n<li>Nehoteno stiskanje zob<\/li>\n<li>Zamegljen vid<\/li>\n<li>Mrazenje<\/li>\n<li>Potenje<\/li>\n<\/ul>\n","protected":false},"excerpt":{"rendered":"<p>MDMA ali 3,4-metilendioksimetamfetamin, ki ga obi\u010dajno imenujemo ekstazi, je morda zdravilo, ki spreminja um in se uporablja predvsem kot narkotik. \u017deleni u\u010dinki MDMA vklju\u010dujejo spremenjene ob\u010dutke in pove\u010dano energijo, empatijo in u\u017eitek.<\/p>\n","protected":false},"featured_media":1581,"comment_status":"open","ping_status":"closed","template":"","meta":{"inline_featured_image":false},"product_brand":[],"product_cat":[345],"product_tag":[],"class_list":{"0":"post-1572","1":"product","2":"type-product","3":"status-publish","4":"has-post-thumbnail","6":"product_cat-psihedeline-droge","7":"pa_pills-100-pills","8":"pa_pills-1000-pills","9":"pa_pills-30-pills","10":"pa_pills-300-pills","11":"pa_pills-50-pills","12":"pa_pills-500-pills","14":"first","15":"instock","16":"featured","17":"shipping-taxable","18":"purchasable","19":"product-type-variable","20":"has-default-attributes"},"yoast_head":"<!-- This site is optimized with the Yoast SEO Premium plugin v20.6 (Yoast SEO v27.3) - https:\/\/yoast.com\/product\/yoast-seo-premium-wordpress\/ -->\n<title>Kupite MDMA na spletu brez recepta | Good Dealers Meds<\/title>\n<meta name=\"description\" content=\"Kupite MDMA prek spleta, ki ga obi\u010dajno imenujemo ekstazi, je morda zdravilo za spreminjanje uma, ki ga proizvajalec Good Dealers Meds uporablja predvsem kot narkotik.\" \/>\n<meta name=\"robots\" content=\"index, follow, max-snippet:-1, max-image-preview:large, max-video-preview:-1\" \/>\n<link rel=\"canonical\" href=\"https:\/\/gooddealersmeds.com\/sl\/product\/mdma-ecstasy-ali-molly\/\" \/>\n<meta property=\"og:locale\" content=\"en_US\" \/>\n<meta property=\"og:type\" content=\"article\" \/>\n<meta property=\"og:title\" content=\"MDMA (Ecstasy ali Molly)\" \/>\n<meta property=\"og:description\" content=\"Kupite MDMA prek spleta, ki ga obi\u010dajno imenujemo ekstazi, je morda zdravilo za spreminjanje uma, ki ga proizvajalec Good Dealers Meds uporablja predvsem kot narkotik.\" \/>\n<meta property=\"og:url\" content=\"https:\/\/gooddealersmeds.com\/sl\/product\/mdma-ecstasy-ali-molly\/\" \/>\n<meta property=\"og:site_name\" content=\"Good Dealers Meds\" \/>\n<meta property=\"article:modified_time\" content=\"2022-10-04T00:44:07+00:00\" \/>\n<meta property=\"og:image\" content=\"https:\/\/gooddealersmeds.com\/sl\/wp-content\/uploads\/sites\/10\/2022\/03\/MDMA-Ecstasy-or-Molly-1.jpeg\" \/>\n\t<meta property=\"og:image:width\" content=\"600\" \/>\n\t<meta property=\"og:image:height\" content=\"600\" \/>\n\t<meta property=\"og:image:type\" content=\"image\/jpeg\" \/>\n<meta name=\"twitter:card\" content=\"summary_large_image\" \/>\n<meta name=\"twitter:label1\" content=\"Est. reading time\" \/>\n\t<meta name=\"twitter:data1\" content=\"1 minute\" \/>\n<script type=\"application\/ld+json\" class=\"yoast-schema-graph\">{\"@context\":\"https:\\\/\\\/schema.org\",\"@graph\":[{\"@type\":\"WebPage\",\"@id\":\"https:\\\/\\\/gooddealersmeds.com\\\/sl\\\/product\\\/mdma-ecstasy-ali-molly\\\/\",\"url\":\"https:\\\/\\\/gooddealersmeds.com\\\/sl\\\/product\\\/mdma-ecstasy-ali-molly\\\/\",\"name\":\"Kupite MDMA na spletu brez recepta | Good Dealers Meds\",\"isPartOf\":{\"@id\":\"https:\\\/\\\/gooddealersmeds.com\\\/sl\\\/#website\"},\"primaryImageOfPage\":{\"@id\":\"https:\\\/\\\/gooddealersmeds.com\\\/sl\\\/product\\\/mdma-ecstasy-ali-molly\\\/#primaryimage\"},\"image\":{\"@id\":\"https:\\\/\\\/gooddealersmeds.com\\\/sl\\\/product\\\/mdma-ecstasy-ali-molly\\\/#primaryimage\"},\"thumbnailUrl\":\"https:\\\/\\\/gooddealersmeds.com\\\/sl\\\/wp-content\\\/uploads\\\/sites\\\/10\\\/2022\\\/03\\\/MDMA-Ecstasy-or-Molly-1.jpeg\",\"datePublished\":\"2022-03-18T01:52:51+00:00\",\"dateModified\":\"2022-10-04T00:44:07+00:00\",\"description\":\"Kupite MDMA prek spleta, ki ga obi\u010dajno imenujemo ekstazi, je morda zdravilo za spreminjanje uma, ki ga proizvajalec Good Dealers Meds uporablja predvsem kot narkotik.\",\"breadcrumb\":{\"@id\":\"https:\\\/\\\/gooddealersmeds.com\\\/sl\\\/product\\\/mdma-ecstasy-ali-molly\\\/#breadcrumb\"},\"inLanguage\":\"en-US\",\"potentialAction\":[{\"@type\":\"ReadAction\",\"target\":[\"https:\\\/\\\/gooddealersmeds.com\\\/sl\\\/product\\\/mdma-ecstasy-ali-molly\\\/\"]}]},{\"@type\":\"ImageObject\",\"inLanguage\":\"en-US\",\"@id\":\"https:\\\/\\\/gooddealersmeds.com\\\/sl\\\/product\\\/mdma-ecstasy-ali-molly\\\/#primaryimage\",\"url\":\"https:\\\/\\\/gooddealersmeds.com\\\/sl\\\/wp-content\\\/uploads\\\/sites\\\/10\\\/2022\\\/03\\\/MDMA-Ecstasy-or-Molly-1.jpeg\",\"contentUrl\":\"https:\\\/\\\/gooddealersmeds.com\\\/sl\\\/wp-content\\\/uploads\\\/sites\\\/10\\\/2022\\\/03\\\/MDMA-Ecstasy-or-Molly-1.jpeg\",\"width\":600,\"height\":600,\"caption\":\"Buy MDMA Online\"},{\"@type\":\"BreadcrumbList\",\"@id\":\"https:\\\/\\\/gooddealersmeds.com\\\/sl\\\/product\\\/mdma-ecstasy-ali-molly\\\/#breadcrumb\",\"itemListElement\":[{\"@type\":\"ListItem\",\"position\":1,\"name\":\"Home\",\"item\":\"https:\\\/\\\/gooddealersmeds.com\\\/sl\\\/\"},{\"@type\":\"ListItem\",\"position\":2,\"name\":\"Izdelki\",\"item\":\"https:\\\/\\\/gooddealersmeds.com\\\/sl\\\/izdelki\\\/\"},{\"@type\":\"ListItem\",\"position\":3,\"name\":\"MDMA (Ecstasy ali Molly)\"}]},{\"@type\":\"WebSite\",\"@id\":\"https:\\\/\\\/gooddealersmeds.com\\\/sl\\\/#website\",\"url\":\"https:\\\/\\\/gooddealersmeds.com\\\/sl\\\/\",\"name\":\"Good Dealers Meds\",\"description\":\"All our best\",\"publisher\":{\"@id\":\"https:\\\/\\\/gooddealersmeds.com\\\/sl\\\/#organization\"},\"potentialAction\":[{\"@type\":\"SearchAction\",\"target\":{\"@type\":\"EntryPoint\",\"urlTemplate\":\"https:\\\/\\\/gooddealersmeds.com\\\/sl\\\/?s={search_term_string}\"},\"query-input\":{\"@type\":\"PropertyValueSpecification\",\"valueRequired\":true,\"valueName\":\"search_term_string\"}}],\"inLanguage\":\"en-US\"},{\"@type\":\"Organization\",\"@id\":\"https:\\\/\\\/gooddealersmeds.com\\\/sl\\\/#organization\",\"name\":\"Good Dealers Meds\",\"url\":\"https:\\\/\\\/gooddealersmeds.com\\\/sl\\\/\",\"logo\":{\"@type\":\"ImageObject\",\"inLanguage\":\"en-US\",\"@id\":\"https:\\\/\\\/gooddealersmeds.com\\\/sl\\\/#\\\/schema\\\/logo\\\/image\\\/\",\"url\":\"https:\\\/\\\/gooddealersmeds.com\\\/sl\\\/wp-content\\\/uploads\\\/sites\\\/10\\\/2022\\\/03\\\/gooddealersmeds__logo__20220317T222800Z.00.png\",\"contentUrl\":\"https:\\\/\\\/gooddealersmeds.com\\\/sl\\\/wp-content\\\/uploads\\\/sites\\\/10\\\/2022\\\/03\\\/gooddealersmeds__logo__20220317T222800Z.00.png\",\"width\":500,\"height\":325,\"caption\":\"Good Dealers Meds\"},\"image\":{\"@id\":\"https:\\\/\\\/gooddealersmeds.com\\\/sl\\\/#\\\/schema\\\/logo\\\/image\\\/\"}}]}<\/script>\n<!-- \/ Yoast SEO Premium plugin. -->","yoast_head_json":{"title":"Kupite MDMA na spletu brez recepta | Good Dealers Meds","description":"Kupite MDMA prek spleta, ki ga obi\u010dajno imenujemo ekstazi, je morda zdravilo za spreminjanje uma, ki ga proizvajalec Good Dealers Meds uporablja predvsem kot narkotik.","robots":{"index":"index","follow":"follow","max-snippet":"max-snippet:-1","max-image-preview":"max-image-preview:large","max-video-preview":"max-video-preview:-1"},"canonical":"https:\/\/gooddealersmeds.com\/sl\/product\/mdma-ecstasy-ali-molly\/","og_locale":"en_US","og_type":"article","og_title":"MDMA (Ecstasy ali Molly)","og_description":"Kupite MDMA prek spleta, ki ga obi\u010dajno imenujemo ekstazi, je morda zdravilo za spreminjanje uma, ki ga proizvajalec Good Dealers Meds uporablja predvsem kot narkotik.","og_url":"https:\/\/gooddealersmeds.com\/sl\/product\/mdma-ecstasy-ali-molly\/","og_site_name":"Good Dealers Meds","article_modified_time":"2022-10-04T00:44:07+00:00","og_image":[{"width":600,"height":600,"url":"https:\/\/gooddealersmeds.com\/sl\/wp-content\/uploads\/sites\/10\/2022\/03\/MDMA-Ecstasy-or-Molly-1.jpeg","type":"image\/jpeg"}],"twitter_card":"summary_large_image","twitter_misc":{"Est. reading time":"1 minute"},"schema":{"@context":"https:\/\/schema.org","@graph":[{"@type":"WebPage","@id":"https:\/\/gooddealersmeds.com\/sl\/product\/mdma-ecstasy-ali-molly\/","url":"https:\/\/gooddealersmeds.com\/sl\/product\/mdma-ecstasy-ali-molly\/","name":"Kupite MDMA na spletu brez recepta | Good Dealers Meds","isPartOf":{"@id":"https:\/\/gooddealersmeds.com\/sl\/#website"},"primaryImageOfPage":{"@id":"https:\/\/gooddealersmeds.com\/sl\/product\/mdma-ecstasy-ali-molly\/#primaryimage"},"image":{"@id":"https:\/\/gooddealersmeds.com\/sl\/product\/mdma-ecstasy-ali-molly\/#primaryimage"},"thumbnailUrl":"https:\/\/gooddealersmeds.com\/sl\/wp-content\/uploads\/sites\/10\/2022\/03\/MDMA-Ecstasy-or-Molly-1.jpeg","datePublished":"2022-03-18T01:52:51+00:00","dateModified":"2022-10-04T00:44:07+00:00","description":"Kupite MDMA prek spleta, ki ga obi\u010dajno imenujemo ekstazi, je morda zdravilo za spreminjanje uma, ki ga proizvajalec Good Dealers Meds uporablja predvsem kot narkotik.","breadcrumb":{"@id":"https:\/\/gooddealersmeds.com\/sl\/product\/mdma-ecstasy-ali-molly\/#breadcrumb"},"inLanguage":"en-US","potentialAction":[{"@type":"ReadAction","target":["https:\/\/gooddealersmeds.com\/sl\/product\/mdma-ecstasy-ali-molly\/"]}]},{"@type":"ImageObject","inLanguage":"en-US","@id":"https:\/\/gooddealersmeds.com\/sl\/product\/mdma-ecstasy-ali-molly\/#primaryimage","url":"https:\/\/gooddealersmeds.com\/sl\/wp-content\/uploads\/sites\/10\/2022\/03\/MDMA-Ecstasy-or-Molly-1.jpeg","contentUrl":"https:\/\/gooddealersmeds.com\/sl\/wp-content\/uploads\/sites\/10\/2022\/03\/MDMA-Ecstasy-or-Molly-1.jpeg","width":600,"height":600,"caption":"Buy MDMA Online"},{"@type":"BreadcrumbList","@id":"https:\/\/gooddealersmeds.com\/sl\/product\/mdma-ecstasy-ali-molly\/#breadcrumb","itemListElement":[{"@type":"ListItem","position":1,"name":"Home","item":"https:\/\/gooddealersmeds.com\/sl\/"},{"@type":"ListItem","position":2,"name":"Izdelki","item":"https:\/\/gooddealersmeds.com\/sl\/izdelki\/"},{"@type":"ListItem","position":3,"name":"MDMA (Ecstasy ali Molly)"}]},{"@type":"WebSite","@id":"https:\/\/gooddealersmeds.com\/sl\/#website","url":"https:\/\/gooddealersmeds.com\/sl\/","name":"Good Dealers Meds","description":"All our best","publisher":{"@id":"https:\/\/gooddealersmeds.com\/sl\/#organization"},"potentialAction":[{"@type":"SearchAction","target":{"@type":"EntryPoint","urlTemplate":"https:\/\/gooddealersmeds.com\/sl\/?s={search_term_string}"},"query-input":{"@type":"PropertyValueSpecification","valueRequired":true,"valueName":"search_term_string"}}],"inLanguage":"en-US"},{"@type":"Organization","@id":"https:\/\/gooddealersmeds.com\/sl\/#organization","name":"Good Dealers Meds","url":"https:\/\/gooddealersmeds.com\/sl\/","logo":{"@type":"ImageObject","inLanguage":"en-US","@id":"https:\/\/gooddealersmeds.com\/sl\/#\/schema\/logo\/image\/","url":"https:\/\/gooddealersmeds.com\/sl\/wp-content\/uploads\/sites\/10\/2022\/03\/gooddealersmeds__logo__20220317T222800Z.00.png","contentUrl":"https:\/\/gooddealersmeds.com\/sl\/wp-content\/uploads\/sites\/10\/2022\/03\/gooddealersmeds__logo__20220317T222800Z.00.png","width":500,"height":325,"caption":"Good Dealers Meds"},"image":{"@id":"https:\/\/gooddealersmeds.com\/sl\/#\/schema\/logo\/image\/"}}]}},"_links":{"self":[{"href":"https:\/\/gooddealersmeds.com\/sl\/wp-json\/wp\/v2\/product\/1572","targetHints":{"allow":["GET"]}}],"collection":[{"href":"https:\/\/gooddealersmeds.com\/sl\/wp-json\/wp\/v2\/product"}],"about":[{"href":"https:\/\/gooddealersmeds.com\/sl\/wp-json\/wp\/v2\/types\/product"}],"replies":[{"embeddable":true,"href":"https:\/\/gooddealersmeds.com\/sl\/wp-json\/wp\/v2\/comments?post=1572"}],"wp:featuredmedia":[{"embeddable":true,"href":"https:\/\/gooddealersmeds.com\/sl\/wp-json\/wp\/v2\/media\/1581"}],"wp:attachment":[{"href":"https:\/\/gooddealersmeds.com\/sl\/wp-json\/wp\/v2\/media?parent=1572"}],"wp:term":[{"taxonomy":"product_brand","embeddable":true,"href":"https:\/\/gooddealersmeds.com\/sl\/wp-json\/wp\/v2\/product_brand?post=1572"},{"taxonomy":"product_cat","embeddable":true,"href":"https:\/\/gooddealersmeds.com\/sl\/wp-json\/wp\/v2\/product_cat?post=1572"},{"taxonomy":"product_tag","embeddable":true,"href":"https:\/\/gooddealersmeds.com\/sl\/wp-json\/wp\/v2\/product_tag?post=1572"}],"curies":[{"name":"wp","href":"https:\/\/api.w.org\/{rel}","templated":true}]}}