{"id":1563,"date":"2022-03-18T01:19:50","date_gmt":"2022-03-18T01:19:50","guid":{"rendered":"https:\/\/gooddealersmeds.com\/sl\/?post_type=product&#038;p=1563"},"modified":"2022-10-04T00:44:14","modified_gmt":"2022-10-04T00:44:14","slug":"nakup-amfetamina-v-prahu-na-spletu","status":"publish","type":"product","link":"https:\/\/gooddealersmeds.com\/sl\/product\/nakup-amfetamina-v-prahu-na-spletu\/","title":{"rendered":"Kupite amfetamin v prahu na spletu"},"content":{"rendered":"<p>Kupite amfetamin v prahu prek spleta. Amfetamini so stimulansi, ki spodbujajo delovanje dolo\u010denih mo\u017eganskih kemikalij. Ta zdravila vsebujejo amfetamin, stimulans centralnega \u017eiv\u010dnega sistema, ki se uporablja za zdravljenje motnje pozornosti in hiperaktivnosti, narkolepsije in debelosti. V ve\u010dini primerov se dve kemikaliji zdru\u017eita, da ga tvorita. Obstajata dva od njih: levoamfetamin in dekstroamfetamin. Dejansko zdravilo, ki se uporablja za zdravljenje ADHD, je dekstroamfetamin. Levoamfetamin je po drugi strani psihostimulans, ki spodbuja budnost in osredoto\u010denost.<\/p>\n<p>Drugi primeri so deksamfetamin, sulfat in metamfetamin, mo\u010dnej\u0161a razli\u010dica amfetamina. Vendar se zdravila, ki vsebujejo amfetamin, v Evropi prodajajo pod razli\u010dnimi blagovnimi znamkami. <a href=\"https:\/\/gooddealersmeds.com\/sl\/product\/buy-amphetamine-powder-online\/\">Amfetamin v prahu za prodajo<\/a> se uporablja za zdravljenje motnje pozornosti in hiperaktivnosti v medicini s strani zdravnikov s priporo\u010dilom .<\/p>\n<p>Pra\u0161ek se pogoltne ali v\u0161mrka. Amfetamin sulfat ni dovolj hlapen, da bi ga lahko kadili. Za razliko od hidrokloridne soli metamfetamina.<\/p>\n<p><strong>U\u010dinki<\/strong><\/p>\n<p>Prvi\u010d, na vsakogar vpliva druga\u010de, odvisno od velikosti, te\u017ee, in zdravje, ali ga je posameznik navajen jemati, ali so\u010dasno jemlje druga zdravila, zau\u017eito koli\u010dino in jakost zdravila (se razlikuje od serije do serije pri nezakonito proizvedenih zdravilih).<\/p>\n<p>Kot Posledi\u010dno je mogo\u010de njegove u\u010dinke ob\u010dutiti takoj (\u010de ga vbrizgamo ali kadimo) ali v 30 minutah (\u010de ga v\u0161mrkamo ali pogoltnemo).<\/p>\n<p>Pojavijo se lahko naslednji u\u010dinki:<\/p>\n<ul>\n<li> Sre\u010da in samozavest<\/li>\n<li>Ve\u010d govora in ob\u010dutek energije<\/li>\n<li>Ponavljanje preprostih stvari, kot sta srbenje in praskanje<\/li>\n<li>Velike zenice in suha usta<\/li>\n<li>Hiter sr\u010dni utrip in dihanje<\/li>\n<li>\u0160kripanje z zobmi<\/li>\n<li>Zmanj\u0161an apetit<\/li>\n<li>Prekomerno potenje<\/li>\n<li>Pove\u010dan spolni nagon<\/li>\n<\/ul>\n<p> <strong>Kako deluje amfetamin v prahu?<\/strong><\/p>\n<p>T ga je treba jemati v skladu z zdravnikovimi navodili za zdravstvene potrebe. Za\u010dnite z najmanj\u0161o mo\u017eno koli\u010dino za rekreacijske namene, da zagotovite, da snov nima negativnega vpliva. Blagi odmerek je 5-20 mg, medtem ko vse, kar je nad tem, velja za mo\u010dan odmerek (40-70 mg).<\/p>\n<p><strong>Ne\u017eeleni u\u010dinki<\/strong><\/p>\n<p>Nereden sr\u010dni utrip, visok krvni tlak in visoka temperatura. Obstajajo tudi mo\u017enosti za pokanje krvnih \u017eil, sr\u010dni infarkt ali mo\u017egansko kap. Pride lahko celo do smrti.<\/p>\n<p>Amfetamin v prahu lahko kupite na spletu v na\u0161i <a href=\"https:\/\/gooddealersmeds.com\/sl\/products\/\">trgovini<\/a> z varno dostavo po vsej Evropi .<\/p>\n","protected":false},"excerpt":{"rendered":"<p>Kupite amfetamin v prahu prek spleta pri zaupanja vrednem dobavitelju in si zagotovite najbolj\u0161o kakovost. Zagotavljamo vam najbolj\u0161o izku\u0161njo po\u0161iljanja. Kupite metamfetamin.<\/p>\n","protected":false},"featured_media":1571,"comment_status":"open","ping_status":"closed","template":"","meta":{"inline_featured_image":false},"product_brand":[],"product_cat":[343],"product_tag":[],"class_list":{"0":"post-1563","1":"product","2":"type-product","3":"status-publish","4":"has-post-thumbnail","6":"product_cat-drugi","7":"pa_grams-1-kg-1000-g","8":"pa_grams-100-g","9":"pa_grams-20-g","10":"pa_grams-200-g","11":"pa_grams-250-g","12":"pa_grams-35-g","13":"pa_grams-50-g","14":"pa_grams-500-g","16":"first","17":"instock","18":"featured","19":"shipping-taxable","20":"purchasable","21":"product-type-variable","22":"has-default-attributes"},"yoast_head":"<!-- This site is optimized with the Yoast SEO Premium plugin v20.6 (Yoast SEO v27.3) - https:\/\/yoast.com\/product\/yoast-seo-premium-wordpress\/ -->\n<title>Kupite amfetamin v prahu na spletu | Good Dealers Meds<\/title>\n<meta name=\"description\" content=\"Kupite amfetamin v prahu prek spleta pri zaupanja vrednem dobavitelju in si zagotovite najbolj\u0161o kakovost. Zagotavljamo vam najbolj\u0161o izku\u0161njo po\u0161iljanja.\" \/>\n<meta name=\"robots\" content=\"index, follow, max-snippet:-1, max-image-preview:large, max-video-preview:-1\" \/>\n<link rel=\"canonical\" href=\"https:\/\/gooddealersmeds.com\/sl\/product\/nakup-amfetamina-v-prahu-na-spletu\/\" \/>\n<meta property=\"og:locale\" content=\"en_US\" \/>\n<meta property=\"og:type\" content=\"article\" \/>\n<meta property=\"og:title\" content=\"Kupite amfetamin v prahu na spletu\" \/>\n<meta property=\"og:description\" content=\"Kupite amfetamin v prahu prek spleta pri zaupanja vrednem dobavitelju in si zagotovite najbolj\u0161o kakovost. Zagotavljamo vam najbolj\u0161o izku\u0161njo po\u0161iljanja.\" \/>\n<meta property=\"og:url\" content=\"https:\/\/gooddealersmeds.com\/sl\/product\/nakup-amfetamina-v-prahu-na-spletu\/\" \/>\n<meta property=\"og:site_name\" content=\"Good Dealers Meds\" \/>\n<meta property=\"article:modified_time\" content=\"2022-10-04T00:44:14+00:00\" \/>\n<meta property=\"og:image\" content=\"https:\/\/gooddealersmeds.com\/sl\/wp-content\/uploads\/sites\/10\/2022\/03\/AMPHETAMINE-POWDER.jpg\" \/>\n\t<meta property=\"og:image:width\" content=\"480\" \/>\n\t<meta property=\"og:image:height\" content=\"480\" \/>\n\t<meta property=\"og:image:type\" content=\"image\/jpeg\" \/>\n<meta name=\"twitter:card\" content=\"summary_large_image\" \/>\n<meta name=\"twitter:label1\" content=\"Est. reading time\" \/>\n\t<meta name=\"twitter:data1\" content=\"2 minutes\" \/>\n<script type=\"application\/ld+json\" class=\"yoast-schema-graph\">{\"@context\":\"https:\\\/\\\/schema.org\",\"@graph\":[{\"@type\":\"WebPage\",\"@id\":\"https:\\\/\\\/gooddealersmeds.com\\\/sl\\\/product\\\/nakup-amfetamina-v-prahu-na-spletu\\\/\",\"url\":\"https:\\\/\\\/gooddealersmeds.com\\\/sl\\\/product\\\/nakup-amfetamina-v-prahu-na-spletu\\\/\",\"name\":\"Kupite amfetamin v prahu na spletu | Good Dealers Meds\",\"isPartOf\":{\"@id\":\"https:\\\/\\\/gooddealersmeds.com\\\/sl\\\/#website\"},\"primaryImageOfPage\":{\"@id\":\"https:\\\/\\\/gooddealersmeds.com\\\/sl\\\/product\\\/nakup-amfetamina-v-prahu-na-spletu\\\/#primaryimage\"},\"image\":{\"@id\":\"https:\\\/\\\/gooddealersmeds.com\\\/sl\\\/product\\\/nakup-amfetamina-v-prahu-na-spletu\\\/#primaryimage\"},\"thumbnailUrl\":\"https:\\\/\\\/gooddealersmeds.com\\\/sl\\\/wp-content\\\/uploads\\\/sites\\\/10\\\/2022\\\/03\\\/AMPHETAMINE-POWDER.jpg\",\"datePublished\":\"2022-03-18T01:19:50+00:00\",\"dateModified\":\"2022-10-04T00:44:14+00:00\",\"description\":\"Kupite amfetamin v prahu prek spleta pri zaupanja vrednem dobavitelju in si zagotovite najbolj\u0161o kakovost. Zagotavljamo vam najbolj\u0161o izku\u0161njo po\u0161iljanja.\",\"breadcrumb\":{\"@id\":\"https:\\\/\\\/gooddealersmeds.com\\\/sl\\\/product\\\/nakup-amfetamina-v-prahu-na-spletu\\\/#breadcrumb\"},\"inLanguage\":\"en-US\",\"potentialAction\":[{\"@type\":\"ReadAction\",\"target\":[\"https:\\\/\\\/gooddealersmeds.com\\\/sl\\\/product\\\/nakup-amfetamina-v-prahu-na-spletu\\\/\"]}]},{\"@type\":\"ImageObject\",\"inLanguage\":\"en-US\",\"@id\":\"https:\\\/\\\/gooddealersmeds.com\\\/sl\\\/product\\\/nakup-amfetamina-v-prahu-na-spletu\\\/#primaryimage\",\"url\":\"https:\\\/\\\/gooddealersmeds.com\\\/sl\\\/wp-content\\\/uploads\\\/sites\\\/10\\\/2022\\\/03\\\/AMPHETAMINE-POWDER.jpg\",\"contentUrl\":\"https:\\\/\\\/gooddealersmeds.com\\\/sl\\\/wp-content\\\/uploads\\\/sites\\\/10\\\/2022\\\/03\\\/AMPHETAMINE-POWDER.jpg\",\"width\":480,\"height\":480,\"caption\":\"Buy Amphetamine Powder Online\"},{\"@type\":\"BreadcrumbList\",\"@id\":\"https:\\\/\\\/gooddealersmeds.com\\\/sl\\\/product\\\/nakup-amfetamina-v-prahu-na-spletu\\\/#breadcrumb\",\"itemListElement\":[{\"@type\":\"ListItem\",\"position\":1,\"name\":\"Home\",\"item\":\"https:\\\/\\\/gooddealersmeds.com\\\/sl\\\/\"},{\"@type\":\"ListItem\",\"position\":2,\"name\":\"Izdelki\",\"item\":\"https:\\\/\\\/gooddealersmeds.com\\\/sl\\\/izdelki\\\/\"},{\"@type\":\"ListItem\",\"position\":3,\"name\":\"Kupite amfetamin v prahu na spletu\"}]},{\"@type\":\"WebSite\",\"@id\":\"https:\\\/\\\/gooddealersmeds.com\\\/sl\\\/#website\",\"url\":\"https:\\\/\\\/gooddealersmeds.com\\\/sl\\\/\",\"name\":\"Good Dealers Meds\",\"description\":\"All our best\",\"publisher\":{\"@id\":\"https:\\\/\\\/gooddealersmeds.com\\\/sl\\\/#organization\"},\"potentialAction\":[{\"@type\":\"SearchAction\",\"target\":{\"@type\":\"EntryPoint\",\"urlTemplate\":\"https:\\\/\\\/gooddealersmeds.com\\\/sl\\\/?s={search_term_string}\"},\"query-input\":{\"@type\":\"PropertyValueSpecification\",\"valueRequired\":true,\"valueName\":\"search_term_string\"}}],\"inLanguage\":\"en-US\"},{\"@type\":\"Organization\",\"@id\":\"https:\\\/\\\/gooddealersmeds.com\\\/sl\\\/#organization\",\"name\":\"Good Dealers Meds\",\"url\":\"https:\\\/\\\/gooddealersmeds.com\\\/sl\\\/\",\"logo\":{\"@type\":\"ImageObject\",\"inLanguage\":\"en-US\",\"@id\":\"https:\\\/\\\/gooddealersmeds.com\\\/sl\\\/#\\\/schema\\\/logo\\\/image\\\/\",\"url\":\"https:\\\/\\\/gooddealersmeds.com\\\/sl\\\/wp-content\\\/uploads\\\/sites\\\/10\\\/2022\\\/03\\\/gooddealersmeds__logo__20220317T222800Z.00.png\",\"contentUrl\":\"https:\\\/\\\/gooddealersmeds.com\\\/sl\\\/wp-content\\\/uploads\\\/sites\\\/10\\\/2022\\\/03\\\/gooddealersmeds__logo__20220317T222800Z.00.png\",\"width\":500,\"height\":325,\"caption\":\"Good Dealers Meds\"},\"image\":{\"@id\":\"https:\\\/\\\/gooddealersmeds.com\\\/sl\\\/#\\\/schema\\\/logo\\\/image\\\/\"}}]}<\/script>\n<!-- \/ Yoast SEO Premium plugin. -->","yoast_head_json":{"title":"Kupite amfetamin v prahu na spletu | Good Dealers Meds","description":"Kupite amfetamin v prahu prek spleta pri zaupanja vrednem dobavitelju in si zagotovite najbolj\u0161o kakovost. Zagotavljamo vam najbolj\u0161o izku\u0161njo po\u0161iljanja.","robots":{"index":"index","follow":"follow","max-snippet":"max-snippet:-1","max-image-preview":"max-image-preview:large","max-video-preview":"max-video-preview:-1"},"canonical":"https:\/\/gooddealersmeds.com\/sl\/product\/nakup-amfetamina-v-prahu-na-spletu\/","og_locale":"en_US","og_type":"article","og_title":"Kupite amfetamin v prahu na spletu","og_description":"Kupite amfetamin v prahu prek spleta pri zaupanja vrednem dobavitelju in si zagotovite najbolj\u0161o kakovost. Zagotavljamo vam najbolj\u0161o izku\u0161njo po\u0161iljanja.","og_url":"https:\/\/gooddealersmeds.com\/sl\/product\/nakup-amfetamina-v-prahu-na-spletu\/","og_site_name":"Good Dealers Meds","article_modified_time":"2022-10-04T00:44:14+00:00","og_image":[{"width":480,"height":480,"url":"https:\/\/gooddealersmeds.com\/sl\/wp-content\/uploads\/sites\/10\/2022\/03\/AMPHETAMINE-POWDER.jpg","type":"image\/jpeg"}],"twitter_card":"summary_large_image","twitter_misc":{"Est. reading time":"2 minutes"},"schema":{"@context":"https:\/\/schema.org","@graph":[{"@type":"WebPage","@id":"https:\/\/gooddealersmeds.com\/sl\/product\/nakup-amfetamina-v-prahu-na-spletu\/","url":"https:\/\/gooddealersmeds.com\/sl\/product\/nakup-amfetamina-v-prahu-na-spletu\/","name":"Kupite amfetamin v prahu na spletu | Good Dealers Meds","isPartOf":{"@id":"https:\/\/gooddealersmeds.com\/sl\/#website"},"primaryImageOfPage":{"@id":"https:\/\/gooddealersmeds.com\/sl\/product\/nakup-amfetamina-v-prahu-na-spletu\/#primaryimage"},"image":{"@id":"https:\/\/gooddealersmeds.com\/sl\/product\/nakup-amfetamina-v-prahu-na-spletu\/#primaryimage"},"thumbnailUrl":"https:\/\/gooddealersmeds.com\/sl\/wp-content\/uploads\/sites\/10\/2022\/03\/AMPHETAMINE-POWDER.jpg","datePublished":"2022-03-18T01:19:50+00:00","dateModified":"2022-10-04T00:44:14+00:00","description":"Kupite amfetamin v prahu prek spleta pri zaupanja vrednem dobavitelju in si zagotovite najbolj\u0161o kakovost. Zagotavljamo vam najbolj\u0161o izku\u0161njo po\u0161iljanja.","breadcrumb":{"@id":"https:\/\/gooddealersmeds.com\/sl\/product\/nakup-amfetamina-v-prahu-na-spletu\/#breadcrumb"},"inLanguage":"en-US","potentialAction":[{"@type":"ReadAction","target":["https:\/\/gooddealersmeds.com\/sl\/product\/nakup-amfetamina-v-prahu-na-spletu\/"]}]},{"@type":"ImageObject","inLanguage":"en-US","@id":"https:\/\/gooddealersmeds.com\/sl\/product\/nakup-amfetamina-v-prahu-na-spletu\/#primaryimage","url":"https:\/\/gooddealersmeds.com\/sl\/wp-content\/uploads\/sites\/10\/2022\/03\/AMPHETAMINE-POWDER.jpg","contentUrl":"https:\/\/gooddealersmeds.com\/sl\/wp-content\/uploads\/sites\/10\/2022\/03\/AMPHETAMINE-POWDER.jpg","width":480,"height":480,"caption":"Buy Amphetamine Powder Online"},{"@type":"BreadcrumbList","@id":"https:\/\/gooddealersmeds.com\/sl\/product\/nakup-amfetamina-v-prahu-na-spletu\/#breadcrumb","itemListElement":[{"@type":"ListItem","position":1,"name":"Home","item":"https:\/\/gooddealersmeds.com\/sl\/"},{"@type":"ListItem","position":2,"name":"Izdelki","item":"https:\/\/gooddealersmeds.com\/sl\/izdelki\/"},{"@type":"ListItem","position":3,"name":"Kupite amfetamin v prahu na spletu"}]},{"@type":"WebSite","@id":"https:\/\/gooddealersmeds.com\/sl\/#website","url":"https:\/\/gooddealersmeds.com\/sl\/","name":"Good Dealers Meds","description":"All our best","publisher":{"@id":"https:\/\/gooddealersmeds.com\/sl\/#organization"},"potentialAction":[{"@type":"SearchAction","target":{"@type":"EntryPoint","urlTemplate":"https:\/\/gooddealersmeds.com\/sl\/?s={search_term_string}"},"query-input":{"@type":"PropertyValueSpecification","valueRequired":true,"valueName":"search_term_string"}}],"inLanguage":"en-US"},{"@type":"Organization","@id":"https:\/\/gooddealersmeds.com\/sl\/#organization","name":"Good Dealers Meds","url":"https:\/\/gooddealersmeds.com\/sl\/","logo":{"@type":"ImageObject","inLanguage":"en-US","@id":"https:\/\/gooddealersmeds.com\/sl\/#\/schema\/logo\/image\/","url":"https:\/\/gooddealersmeds.com\/sl\/wp-content\/uploads\/sites\/10\/2022\/03\/gooddealersmeds__logo__20220317T222800Z.00.png","contentUrl":"https:\/\/gooddealersmeds.com\/sl\/wp-content\/uploads\/sites\/10\/2022\/03\/gooddealersmeds__logo__20220317T222800Z.00.png","width":500,"height":325,"caption":"Good Dealers Meds"},"image":{"@id":"https:\/\/gooddealersmeds.com\/sl\/#\/schema\/logo\/image\/"}}]}},"_links":{"self":[{"href":"https:\/\/gooddealersmeds.com\/sl\/wp-json\/wp\/v2\/product\/1563","targetHints":{"allow":["GET"]}}],"collection":[{"href":"https:\/\/gooddealersmeds.com\/sl\/wp-json\/wp\/v2\/product"}],"about":[{"href":"https:\/\/gooddealersmeds.com\/sl\/wp-json\/wp\/v2\/types\/product"}],"replies":[{"embeddable":true,"href":"https:\/\/gooddealersmeds.com\/sl\/wp-json\/wp\/v2\/comments?post=1563"}],"wp:featuredmedia":[{"embeddable":true,"href":"https:\/\/gooddealersmeds.com\/sl\/wp-json\/wp\/v2\/media\/1571"}],"wp:attachment":[{"href":"https:\/\/gooddealersmeds.com\/sl\/wp-json\/wp\/v2\/media?parent=1563"}],"wp:term":[{"taxonomy":"product_brand","embeddable":true,"href":"https:\/\/gooddealersmeds.com\/sl\/wp-json\/wp\/v2\/product_brand?post=1563"},{"taxonomy":"product_cat","embeddable":true,"href":"https:\/\/gooddealersmeds.com\/sl\/wp-json\/wp\/v2\/product_cat?post=1563"},{"taxonomy":"product_tag","embeddable":true,"href":"https:\/\/gooddealersmeds.com\/sl\/wp-json\/wp\/v2\/product_tag?post=1563"}],"curies":[{"name":"wp","href":"https:\/\/api.w.org\/{rel}","templated":true}]}}