{"id":1554,"date":"2022-03-18T00:49:43","date_gmt":"2022-03-18T00:49:43","guid":{"rendered":"https:\/\/gooddealersmeds.com\/sl\/?post_type=product&#038;p=1554"},"modified":"2022-10-04T00:44:22","modified_gmt":"2022-10-04T00:44:22","slug":"efedrin-hcl","status":"publish","type":"product","link":"https:\/\/gooddealersmeds.com\/sl\/product\/efedrin-hcl\/","title":{"rendered":"Kupite efedrin HCL na spletu"},"content":{"rendered":"<h1>Kupite efedrin na spletu brez recepta po dostopni ceni<\/h1>\n<p>Efedrin je zdravilo in stimulans. Pogosto se uporablja za prepre\u010devanje nizkega krvnega tlaka med spinalno anestezijo. Uporabljali so ga tudi za <a href=\"https:\/\/www.cdc.gov\/asthma\/faqs.htm\" target=\"_blank\" rel=\"noopener\"><span style=\"color: #333333\">astmo<\/span><\/a>, narkolepsijo in debelostjo, vendar ni prednostno zdravljenje. Nejasna je korist pri zama\u0161enem nosu. Lahko ga jemljete peroralno ali z injekcijo v mi\u0161ico, veno ali tik pod ko\u017eo. kupite ta izdelek pri nas. Za\u010detek pri intravenski uporabi je hiter, medtem ko lahko injiciranje v mi\u0161ico traja 20 minut, peroralno pa lahko traja celo uro za u\u010dinek. \u010ce ga dajemo z injekcijo, traja pribli\u017eno eno uro, \u010de ga jemljemo peroralno, pa lahko traja do \u0161tiri ure. <a href=\"https:\/\/gooddealersmeds.com\/sl\/product\/ephedrine-hcl\/\">efedrin naprodaj<\/a> na spletu pri <span style=\"color: #333333\"><a style=\"color: #333333\" href=\"https:\/\/gooddealersmeds.com\/sl\/\" target=\"_blank\" rel=\"noopener\">Good Dealers Meds<\/a><\/span>.<\/p>\n<p>\u010ceprav je verjetno varen v nose\u010dnosti, je njegova uporaba v tej populaciji je slabo raziskan. Uporaba med dojenjem ni priporo\u010dljiva. Efedrin deluje tako, da pove\u010da aktivnost adrenergi\u010dnih receptorjev \u03b1 in \u03b2.<\/p>\n<p>Efedrin se uporablja za za\u010dasno laj\u0161anje kratkega dihanja, ti\u0161\u010danja v prsih in piskajo\u010dega dihanja zaradi bronhialne astme. Efedrin se lahko uporablja tudi za druga stanja, kot dolo\u010di va\u0161 zdravnik.<\/p>\n<p>Efedrin je dekongestiv in bronhodilatator. Deluje tako, da zmanj\u0161a otekanje in zo\u017ei krvne \u017eile v nosnih poteh ter raz\u0161iri plju\u010dne dihalne poti, kar vam omogo\u010da la\u017eje dihanje.<\/p>\n<p>z izku\u0161njami in pristno naravo na\u0161ih zdravil smo pomagali \u0161tevilnim bolnikom pridobiti dobro zdravje. Na\u0161a u\u010dinkovita ekipa farmacevtov in tehnikov si prizadeva zagotoviti hitro in prijazno storitev. Kakovost in natan\u010dnost sta vrednoti, pri katerih no\u010demo sklepati kompromisov. kupite efedrin na spletu<\/p>\n","protected":false},"excerpt":{"rendered":"<p>Efedrin se uporablja za za\u010dasno laj\u0161anje kratkega dihanja, ti\u0161\u010danja v prsih in piskajo\u010dega dihanja zaradi bronhialne astme.<\/p>\n","protected":false},"featured_media":1562,"comment_status":"open","ping_status":"closed","template":"","meta":{"inline_featured_image":false},"product_brand":[],"product_cat":[346],"product_tag":[],"class_list":{"0":"post-1554","1":"product","2":"type-product","3":"status-publish","4":"has-post-thumbnail","6":"product_cat-poivila","7":"pa_pills-100-pills","8":"pa_pills-1000-pills","9":"pa_pills-30-pills","10":"pa_pills-300-pills","11":"pa_pills-50-pills","12":"pa_pills-500-pills","14":"first","15":"instock","16":"featured","17":"shipping-taxable","18":"purchasable","19":"product-type-variable","20":"has-default-attributes"},"yoast_head":"<!-- This site is optimized with the Yoast SEO Premium plugin v20.6 (Yoast SEO v27.3) - https:\/\/yoast.com\/product\/yoast-seo-premium-wordpress\/ -->\n<title>Kupite efedrin na spletu brez recepta | Good Dealers Meds<\/title>\n<meta name=\"description\" content=\"Kupite efedrin najbolj\u0161e kakovosti na spletu pri dobrih prodajalcih. Zdravila za za\u010dasno laj\u0161anje te\u017ekega dihanja, ti\u0161\u010danja v prsih in piskajo\u010dega dihanja.\" \/>\n<meta name=\"robots\" content=\"index, follow, max-snippet:-1, max-image-preview:large, max-video-preview:-1\" \/>\n<link rel=\"canonical\" href=\"https:\/\/gooddealersmeds.com\/sl\/product\/efedrin-hcl\/\" \/>\n<meta property=\"og:locale\" content=\"en_US\" \/>\n<meta property=\"og:type\" content=\"article\" \/>\n<meta property=\"og:title\" content=\"Kupite efedrin HCL na spletu\" \/>\n<meta property=\"og:description\" content=\"Kupite efedrin najbolj\u0161e kakovosti na spletu pri dobrih prodajalcih. Zdravila za za\u010dasno laj\u0161anje te\u017ekega dihanja, ti\u0161\u010danja v prsih in piskajo\u010dega dihanja.\" \/>\n<meta property=\"og:url\" content=\"https:\/\/gooddealersmeds.com\/sl\/product\/efedrin-hcl\/\" \/>\n<meta property=\"og:site_name\" content=\"Good Dealers Meds\" \/>\n<meta property=\"article:modified_time\" content=\"2022-10-04T00:44:22+00:00\" \/>\n<meta property=\"og:image\" content=\"https:\/\/gooddealersmeds.com\/sl\/wp-content\/uploads\/sites\/10\/2022\/03\/buy-ephedrine-online.jpg\" \/>\n\t<meta property=\"og:image:width\" content=\"900\" \/>\n\t<meta property=\"og:image:height\" content=\"800\" \/>\n\t<meta property=\"og:image:type\" content=\"image\/jpeg\" \/>\n<meta name=\"twitter:card\" content=\"summary_large_image\" \/>\n<meta name=\"twitter:label1\" content=\"Est. reading time\" \/>\n\t<meta name=\"twitter:data1\" content=\"1 minute\" \/>\n<script type=\"application\/ld+json\" class=\"yoast-schema-graph\">{\"@context\":\"https:\\\/\\\/schema.org\",\"@graph\":[{\"@type\":\"WebPage\",\"@id\":\"https:\\\/\\\/gooddealersmeds.com\\\/sl\\\/product\\\/efedrin-hcl\\\/\",\"url\":\"https:\\\/\\\/gooddealersmeds.com\\\/sl\\\/product\\\/efedrin-hcl\\\/\",\"name\":\"Kupite efedrin na spletu brez recepta | Good Dealers Meds\",\"isPartOf\":{\"@id\":\"https:\\\/\\\/gooddealersmeds.com\\\/sl\\\/#website\"},\"primaryImageOfPage\":{\"@id\":\"https:\\\/\\\/gooddealersmeds.com\\\/sl\\\/product\\\/efedrin-hcl\\\/#primaryimage\"},\"image\":{\"@id\":\"https:\\\/\\\/gooddealersmeds.com\\\/sl\\\/product\\\/efedrin-hcl\\\/#primaryimage\"},\"thumbnailUrl\":\"https:\\\/\\\/gooddealersmeds.com\\\/sl\\\/wp-content\\\/uploads\\\/sites\\\/10\\\/2022\\\/03\\\/buy-ephedrine-online.jpg\",\"datePublished\":\"2022-03-18T00:49:43+00:00\",\"dateModified\":\"2022-10-04T00:44:22+00:00\",\"description\":\"Kupite efedrin najbolj\u0161e kakovosti na spletu pri dobrih prodajalcih. Zdravila za za\u010dasno laj\u0161anje te\u017ekega dihanja, ti\u0161\u010danja v prsih in piskajo\u010dega dihanja.\",\"breadcrumb\":{\"@id\":\"https:\\\/\\\/gooddealersmeds.com\\\/sl\\\/product\\\/efedrin-hcl\\\/#breadcrumb\"},\"inLanguage\":\"en-US\",\"potentialAction\":[{\"@type\":\"ReadAction\",\"target\":[\"https:\\\/\\\/gooddealersmeds.com\\\/sl\\\/product\\\/efedrin-hcl\\\/\"]}]},{\"@type\":\"ImageObject\",\"inLanguage\":\"en-US\",\"@id\":\"https:\\\/\\\/gooddealersmeds.com\\\/sl\\\/product\\\/efedrin-hcl\\\/#primaryimage\",\"url\":\"https:\\\/\\\/gooddealersmeds.com\\\/sl\\\/wp-content\\\/uploads\\\/sites\\\/10\\\/2022\\\/03\\\/buy-ephedrine-online.jpg\",\"contentUrl\":\"https:\\\/\\\/gooddealersmeds.com\\\/sl\\\/wp-content\\\/uploads\\\/sites\\\/10\\\/2022\\\/03\\\/buy-ephedrine-online.jpg\",\"width\":900,\"height\":800,\"caption\":\"Buy Ephedrine Online\"},{\"@type\":\"BreadcrumbList\",\"@id\":\"https:\\\/\\\/gooddealersmeds.com\\\/sl\\\/product\\\/efedrin-hcl\\\/#breadcrumb\",\"itemListElement\":[{\"@type\":\"ListItem\",\"position\":1,\"name\":\"Home\",\"item\":\"https:\\\/\\\/gooddealersmeds.com\\\/sl\\\/\"},{\"@type\":\"ListItem\",\"position\":2,\"name\":\"Izdelki\",\"item\":\"https:\\\/\\\/gooddealersmeds.com\\\/sl\\\/izdelki\\\/\"},{\"@type\":\"ListItem\",\"position\":3,\"name\":\"Kupite efedrin HCL na spletu\"}]},{\"@type\":\"WebSite\",\"@id\":\"https:\\\/\\\/gooddealersmeds.com\\\/sl\\\/#website\",\"url\":\"https:\\\/\\\/gooddealersmeds.com\\\/sl\\\/\",\"name\":\"Good Dealers Meds\",\"description\":\"All our best\",\"publisher\":{\"@id\":\"https:\\\/\\\/gooddealersmeds.com\\\/sl\\\/#organization\"},\"potentialAction\":[{\"@type\":\"SearchAction\",\"target\":{\"@type\":\"EntryPoint\",\"urlTemplate\":\"https:\\\/\\\/gooddealersmeds.com\\\/sl\\\/?s={search_term_string}\"},\"query-input\":{\"@type\":\"PropertyValueSpecification\",\"valueRequired\":true,\"valueName\":\"search_term_string\"}}],\"inLanguage\":\"en-US\"},{\"@type\":\"Organization\",\"@id\":\"https:\\\/\\\/gooddealersmeds.com\\\/sl\\\/#organization\",\"name\":\"Good Dealers Meds\",\"url\":\"https:\\\/\\\/gooddealersmeds.com\\\/sl\\\/\",\"logo\":{\"@type\":\"ImageObject\",\"inLanguage\":\"en-US\",\"@id\":\"https:\\\/\\\/gooddealersmeds.com\\\/sl\\\/#\\\/schema\\\/logo\\\/image\\\/\",\"url\":\"https:\\\/\\\/gooddealersmeds.com\\\/sl\\\/wp-content\\\/uploads\\\/sites\\\/10\\\/2022\\\/03\\\/gooddealersmeds__logo__20220317T222800Z.00.png\",\"contentUrl\":\"https:\\\/\\\/gooddealersmeds.com\\\/sl\\\/wp-content\\\/uploads\\\/sites\\\/10\\\/2022\\\/03\\\/gooddealersmeds__logo__20220317T222800Z.00.png\",\"width\":500,\"height\":325,\"caption\":\"Good Dealers Meds\"},\"image\":{\"@id\":\"https:\\\/\\\/gooddealersmeds.com\\\/sl\\\/#\\\/schema\\\/logo\\\/image\\\/\"}}]}<\/script>\n<!-- \/ Yoast SEO Premium plugin. -->","yoast_head_json":{"title":"Kupite efedrin na spletu brez recepta | Good Dealers Meds","description":"Kupite efedrin najbolj\u0161e kakovosti na spletu pri dobrih prodajalcih. Zdravila za za\u010dasno laj\u0161anje te\u017ekega dihanja, ti\u0161\u010danja v prsih in piskajo\u010dega dihanja.","robots":{"index":"index","follow":"follow","max-snippet":"max-snippet:-1","max-image-preview":"max-image-preview:large","max-video-preview":"max-video-preview:-1"},"canonical":"https:\/\/gooddealersmeds.com\/sl\/product\/efedrin-hcl\/","og_locale":"en_US","og_type":"article","og_title":"Kupite efedrin HCL na spletu","og_description":"Kupite efedrin najbolj\u0161e kakovosti na spletu pri dobrih prodajalcih. Zdravila za za\u010dasno laj\u0161anje te\u017ekega dihanja, ti\u0161\u010danja v prsih in piskajo\u010dega dihanja.","og_url":"https:\/\/gooddealersmeds.com\/sl\/product\/efedrin-hcl\/","og_site_name":"Good Dealers Meds","article_modified_time":"2022-10-04T00:44:22+00:00","og_image":[{"width":900,"height":800,"url":"https:\/\/gooddealersmeds.com\/sl\/wp-content\/uploads\/sites\/10\/2022\/03\/buy-ephedrine-online.jpg","type":"image\/jpeg"}],"twitter_card":"summary_large_image","twitter_misc":{"Est. reading time":"1 minute"},"schema":{"@context":"https:\/\/schema.org","@graph":[{"@type":"WebPage","@id":"https:\/\/gooddealersmeds.com\/sl\/product\/efedrin-hcl\/","url":"https:\/\/gooddealersmeds.com\/sl\/product\/efedrin-hcl\/","name":"Kupite efedrin na spletu brez recepta | Good Dealers Meds","isPartOf":{"@id":"https:\/\/gooddealersmeds.com\/sl\/#website"},"primaryImageOfPage":{"@id":"https:\/\/gooddealersmeds.com\/sl\/product\/efedrin-hcl\/#primaryimage"},"image":{"@id":"https:\/\/gooddealersmeds.com\/sl\/product\/efedrin-hcl\/#primaryimage"},"thumbnailUrl":"https:\/\/gooddealersmeds.com\/sl\/wp-content\/uploads\/sites\/10\/2022\/03\/buy-ephedrine-online.jpg","datePublished":"2022-03-18T00:49:43+00:00","dateModified":"2022-10-04T00:44:22+00:00","description":"Kupite efedrin najbolj\u0161e kakovosti na spletu pri dobrih prodajalcih. Zdravila za za\u010dasno laj\u0161anje te\u017ekega dihanja, ti\u0161\u010danja v prsih in piskajo\u010dega dihanja.","breadcrumb":{"@id":"https:\/\/gooddealersmeds.com\/sl\/product\/efedrin-hcl\/#breadcrumb"},"inLanguage":"en-US","potentialAction":[{"@type":"ReadAction","target":["https:\/\/gooddealersmeds.com\/sl\/product\/efedrin-hcl\/"]}]},{"@type":"ImageObject","inLanguage":"en-US","@id":"https:\/\/gooddealersmeds.com\/sl\/product\/efedrin-hcl\/#primaryimage","url":"https:\/\/gooddealersmeds.com\/sl\/wp-content\/uploads\/sites\/10\/2022\/03\/buy-ephedrine-online.jpg","contentUrl":"https:\/\/gooddealersmeds.com\/sl\/wp-content\/uploads\/sites\/10\/2022\/03\/buy-ephedrine-online.jpg","width":900,"height":800,"caption":"Buy Ephedrine Online"},{"@type":"BreadcrumbList","@id":"https:\/\/gooddealersmeds.com\/sl\/product\/efedrin-hcl\/#breadcrumb","itemListElement":[{"@type":"ListItem","position":1,"name":"Home","item":"https:\/\/gooddealersmeds.com\/sl\/"},{"@type":"ListItem","position":2,"name":"Izdelki","item":"https:\/\/gooddealersmeds.com\/sl\/izdelki\/"},{"@type":"ListItem","position":3,"name":"Kupite efedrin HCL na spletu"}]},{"@type":"WebSite","@id":"https:\/\/gooddealersmeds.com\/sl\/#website","url":"https:\/\/gooddealersmeds.com\/sl\/","name":"Good Dealers Meds","description":"All our best","publisher":{"@id":"https:\/\/gooddealersmeds.com\/sl\/#organization"},"potentialAction":[{"@type":"SearchAction","target":{"@type":"EntryPoint","urlTemplate":"https:\/\/gooddealersmeds.com\/sl\/?s={search_term_string}"},"query-input":{"@type":"PropertyValueSpecification","valueRequired":true,"valueName":"search_term_string"}}],"inLanguage":"en-US"},{"@type":"Organization","@id":"https:\/\/gooddealersmeds.com\/sl\/#organization","name":"Good Dealers Meds","url":"https:\/\/gooddealersmeds.com\/sl\/","logo":{"@type":"ImageObject","inLanguage":"en-US","@id":"https:\/\/gooddealersmeds.com\/sl\/#\/schema\/logo\/image\/","url":"https:\/\/gooddealersmeds.com\/sl\/wp-content\/uploads\/sites\/10\/2022\/03\/gooddealersmeds__logo__20220317T222800Z.00.png","contentUrl":"https:\/\/gooddealersmeds.com\/sl\/wp-content\/uploads\/sites\/10\/2022\/03\/gooddealersmeds__logo__20220317T222800Z.00.png","width":500,"height":325,"caption":"Good Dealers Meds"},"image":{"@id":"https:\/\/gooddealersmeds.com\/sl\/#\/schema\/logo\/image\/"}}]}},"_links":{"self":[{"href":"https:\/\/gooddealersmeds.com\/sl\/wp-json\/wp\/v2\/product\/1554","targetHints":{"allow":["GET"]}}],"collection":[{"href":"https:\/\/gooddealersmeds.com\/sl\/wp-json\/wp\/v2\/product"}],"about":[{"href":"https:\/\/gooddealersmeds.com\/sl\/wp-json\/wp\/v2\/types\/product"}],"replies":[{"embeddable":true,"href":"https:\/\/gooddealersmeds.com\/sl\/wp-json\/wp\/v2\/comments?post=1554"}],"wp:featuredmedia":[{"embeddable":true,"href":"https:\/\/gooddealersmeds.com\/sl\/wp-json\/wp\/v2\/media\/1562"}],"wp:attachment":[{"href":"https:\/\/gooddealersmeds.com\/sl\/wp-json\/wp\/v2\/media?parent=1554"}],"wp:term":[{"taxonomy":"product_brand","embeddable":true,"href":"https:\/\/gooddealersmeds.com\/sl\/wp-json\/wp\/v2\/product_brand?post=1554"},{"taxonomy":"product_cat","embeddable":true,"href":"https:\/\/gooddealersmeds.com\/sl\/wp-json\/wp\/v2\/product_cat?post=1554"},{"taxonomy":"product_tag","embeddable":true,"href":"https:\/\/gooddealersmeds.com\/sl\/wp-json\/wp\/v2\/product_tag?post=1554"}],"curies":[{"name":"wp","href":"https:\/\/api.w.org\/{rel}","templated":true}]}}