{"id":1544,"date":"2022-03-18T00:24:33","date_gmt":"2022-03-18T00:24:33","guid":{"rendered":"https:\/\/gooddealersmeds.com\/sl\/?post_type=product&#038;p=1544"},"modified":"2022-10-04T00:44:28","modified_gmt":"2022-10-04T00:44:28","slug":"oksikontin","status":"publish","type":"product","link":"https:\/\/gooddealersmeds.com\/sl\/product\/oksikontin\/","title":{"rendered":"Oxycontin Naprodaj"},"content":{"rendered":"<h1>Kupite Oxycontin v spletu<\/h1>\n<p class=\"p1\">&#8220;<em><strong>Kupite Oxycontin v spletu<\/strong><\/em>&#8220;, to zdravilo se uporablja za laj\u0161anje hudih stalnih bole\u010din (npr. kot zaradi raka). Oksikodon spada v razred zdravil, znanih kot opioidni analgetiki. Deluje v mo\u017eganih, da spremeni, kako se va\u0161e telo po\u010duti in odziva na bole\u010dino. <a href=\"https:\/\/gooddealersmeds.com\/sl\/product\/oxycontin\/\">Kupite Oxycontin<\/a> prek spleta, kupite Oxy prek spleta brez recepta<\/p>\n<p class=\"p1\">Ve\u010dja jakost to zdravilo (ve\u010d kot 40 miligramov na tableto) je treba uporabljati le, \u010de ste redno jemali zmerne do velike koli\u010dine opioidnih zdravil proti bole\u010dinam. Te jakosti lahko povzro\u010dijo preveliko odmerjanje (celo smrt), \u010de jih vzame oseba, ki ni redno jemala opioidov.<\/p>\n<p class=\"p1\">Ne uporabljajte oblike oksikodona s podalj\u0161anim spro\u0161\u010danjem za laj\u0161anje blage bole\u010dine ali bo to izginilo v nekaj dneh. To zdravilo ni za ob\u010dasno (\u00bbpo potrebi\u00ab) uporabo.<\/p>\n<p class=\"p1\">To zdravilo se uporablja za laj\u0161anje hude stalne bole\u010dine (na primer zaradi raka). Oksikodon spada v razred zdravil, znanih kot opioidni analgetiki. Deluje v mo\u017eganih, da spremeni, kako se va\u0161e telo po\u010duti in odziva na bole\u010dino.<\/p>\n<p class=\"p1\">Ne uporabljajte oblike oksikodona s podalj\u0161anim spro\u0161\u010danjem za laj\u0161anje bole\u010dine, ki je blaga ali bo izginila v Nekaj \u200b\u200bdni. To zdravilo ni za ob\u010dasno (\u00bbpo potrebi\u00ab) uporabo.<\/p>\n<h3 class=\"p1\"><strong>Zloraba, zloraba in preusmerjanje opioidov<\/strong><\/h3>\n<p class=\" p1\">Oksikodon je opioidni agonist morfijskega tipa. Tak\u0161na zdravila i\u0161\u010dejo u\u017eivalci drog in ljudje z motnjami odvisnosti in so predmet kriminalne preusmeritve. <span style=\"color: #000000\"><a style=\"color: #000000\" href=\"https:\/\/gooddealersmeds.com\/sl\/products\/\">Oksikodon<\/a><\/span> se lahko zlorablja na podoben na\u010din kot drugi opioidni agonisti, zakoniti ali nedovoljeni. To je treba upo\u0161tevati pri predpisovanju ali izdajanju zdravila OxyContin v primerih, ko je zdravnik ali farmacevt zaskrbljen zaradi pove\u010danega tveganja napa\u010dne uporabe, zlorabe ali preusmerjanja. Poro\u010dali so, da je bil OxyContin zlorabljen z drobljenjem, \u017eve\u010denjem, njuhanjem ali injiciranjem raztopljenega izdelka.<\/p>\n<h3 class=\"p1\"><strong>PREVIDNOSTNI UKREPI<\/strong><\/h3>\n<p class=\"p1 \">Opioidni analgetiki imajo ozek terapevtski indeks pri dolo\u010denih populacijah bolnikov, zlasti v kombinaciji z zdravili za depresijo osrednjega \u017eiv\u010devja, in jih je treba rezervirati za primere, ko koristi opioidne analgezije odtehtajo znana tveganja depresije dihanja, spremenjenega du\u0161evnega stanja in posturalne hipotenzije. Uporaba zdravila Oxycontin je povezana s pove\u010danimi mo\u017enimi tveganji in ga je treba uporabljati le previdno v naslednjih stanjih: akutni alkoholizem; adrenokortikalna insuficienca (npr. Addisonova bolezen); depresija CNS ali koma; delirium tremens; oslabljeni bolniki; kifoskolioza, povezana z depresijo dihanja; miksedem ali hipotiroidizem; hipertrofija prostate ali striktura se\u010dnice; huda okvara jetrne, plju\u010dne ali ledvi\u010dne funkcije; in toksi\u010dne psihoze. Dajanje oksikodona lahko prikrije diagnozo ali klini\u010dni potek pri bolnikih z akutno <span style=\"color: #333333\"><a style=\"color: #333333\" href=\"https:\/\/www.mountsinai.org\/health -library\/symptoms\/abdominal-pain\">trebu\u0161ne bolezni<\/a><\/span>. Oksikodon lahko poslab\u0161a konvulzije pri bolnikih s konvulzivnimi motnjami, vsi opioidi pa lahko povzro\u010dijo ali poslab\u0161ajo napade v nekaterih klini\u010dnih okoljih.<\/p>\n","protected":false},"excerpt":{"rendered":"<p>Oxycontin 40 mg je zdravilo za laj\u0161anje bole\u010din. Uporablja se za zdravljenje stalne bole\u010dine, ki traja ve\u010d kot nekaj dni. Uporabljajo ga ljudje, ki so jemali opioide ali narkotike<\/p>\n","protected":false},"featured_media":1553,"comment_status":"open","ping_status":"closed","template":"","meta":{"inline_featured_image":false},"product_brand":[],"product_cat":[347],"product_tag":[86,87,89,88,85,92,91,90],"class_list":{"0":"post-1544","1":"product","2":"type-product","3":"status-publish","4":"has-post-thumbnail","6":"product_cat-opioid-protiboleinsko","7":"product_tag-buy-online-oxycontin","8":"product_tag-buy-oxycontin-online-no-prescription","9":"product_tag-buy-oxycontin-online-uk","10":"product_tag-kupi-oksikontin-spletna-lekarna","11":"product_tag-buy-legal-oxycontin-online","12":"product_tag-oksikontin-tablete-prodam","13":"product_tag-oksikontin-tablete-za-prodajo","14":"product_tag-oksikontin-prodaja-avstralija","15":"pa_pills-100-pills","16":"pa_pills-1000-pills","17":"pa_pills-30-pills","18":"pa_pills-300-pills","19":"pa_pills-50-pills","20":"pa_pills-500-pills","22":"first","23":"instock","24":"featured","25":"shipping-taxable","26":"purchasable","27":"product-type-variable","28":"has-default-attributes"},"yoast_head":"<!-- This site is optimized with the Yoast SEO Premium plugin v20.6 (Yoast SEO v27.3) - https:\/\/yoast.com\/product\/yoast-seo-premium-wordpress\/ -->\n<title>Kupite Oxycontin na spletu | Kupite Oxy na spletu brez recepta<\/title>\n<meta name=\"description\" content=\"Oxycontin se uporablja za laj\u0161anje hudih bole\u010din. Vpliva na mo\u017egane, da se telo upre bole\u010dini. kupite Oxycontin na spletu, kupite oxy na spletu.\" \/>\n<meta name=\"robots\" content=\"index, follow, max-snippet:-1, max-image-preview:large, max-video-preview:-1\" \/>\n<link rel=\"canonical\" href=\"https:\/\/gooddealersmeds.com\/sl\/product\/oksikontin\/\" \/>\n<meta property=\"og:locale\" content=\"en_US\" \/>\n<meta property=\"og:type\" content=\"article\" \/>\n<meta property=\"og:title\" content=\"Oxycontin Naprodaj\" \/>\n<meta property=\"og:description\" content=\"Oxycontin se uporablja za laj\u0161anje hudih bole\u010din. Vpliva na mo\u017egane, da se telo upre bole\u010dini. kupite Oxycontin na spletu, kupite oxy na spletu.\" \/>\n<meta property=\"og:url\" content=\"https:\/\/gooddealersmeds.com\/sl\/product\/oksikontin\/\" \/>\n<meta property=\"og:site_name\" content=\"Good Dealers Meds\" \/>\n<meta property=\"article:modified_time\" content=\"2022-10-04T00:44:28+00:00\" \/>\n<meta property=\"og:image\" content=\"https:\/\/gooddealersmeds.com\/sl\/wp-content\/uploads\/sites\/10\/2022\/03\/Buy-Oxycontin-online-one.jpg\" \/>\n\t<meta property=\"og:image:width\" content=\"600\" \/>\n\t<meta property=\"og:image:height\" content=\"450\" \/>\n\t<meta property=\"og:image:type\" content=\"image\/jpeg\" \/>\n<meta name=\"twitter:card\" content=\"summary_large_image\" \/>\n<meta name=\"twitter:label1\" content=\"Est. reading time\" \/>\n\t<meta name=\"twitter:data1\" content=\"2 minutes\" \/>\n<script type=\"application\/ld+json\" class=\"yoast-schema-graph\">{\"@context\":\"https:\\\/\\\/schema.org\",\"@graph\":[{\"@type\":\"WebPage\",\"@id\":\"https:\\\/\\\/gooddealersmeds.com\\\/sl\\\/product\\\/oksikontin\\\/\",\"url\":\"https:\\\/\\\/gooddealersmeds.com\\\/sl\\\/product\\\/oksikontin\\\/\",\"name\":\"Kupite Oxycontin na spletu | Kupite Oxy na spletu brez recepta\",\"isPartOf\":{\"@id\":\"https:\\\/\\\/gooddealersmeds.com\\\/sl\\\/#website\"},\"primaryImageOfPage\":{\"@id\":\"https:\\\/\\\/gooddealersmeds.com\\\/sl\\\/product\\\/oksikontin\\\/#primaryimage\"},\"image\":{\"@id\":\"https:\\\/\\\/gooddealersmeds.com\\\/sl\\\/product\\\/oksikontin\\\/#primaryimage\"},\"thumbnailUrl\":\"https:\\\/\\\/gooddealersmeds.com\\\/sl\\\/wp-content\\\/uploads\\\/sites\\\/10\\\/2022\\\/03\\\/Buy-Oxycontin-online-one.jpg\",\"datePublished\":\"2022-03-18T00:24:33+00:00\",\"dateModified\":\"2022-10-04T00:44:28+00:00\",\"description\":\"Oxycontin se uporablja za laj\u0161anje hudih bole\u010din. Vpliva na mo\u017egane, da se telo upre bole\u010dini. kupite Oxycontin na spletu, kupite oxy na spletu.\",\"breadcrumb\":{\"@id\":\"https:\\\/\\\/gooddealersmeds.com\\\/sl\\\/product\\\/oksikontin\\\/#breadcrumb\"},\"inLanguage\":\"en-US\",\"potentialAction\":[{\"@type\":\"ReadAction\",\"target\":[\"https:\\\/\\\/gooddealersmeds.com\\\/sl\\\/product\\\/oksikontin\\\/\"]}]},{\"@type\":\"ImageObject\",\"inLanguage\":\"en-US\",\"@id\":\"https:\\\/\\\/gooddealersmeds.com\\\/sl\\\/product\\\/oksikontin\\\/#primaryimage\",\"url\":\"https:\\\/\\\/gooddealersmeds.com\\\/sl\\\/wp-content\\\/uploads\\\/sites\\\/10\\\/2022\\\/03\\\/Buy-Oxycontin-online-one.jpg\",\"contentUrl\":\"https:\\\/\\\/gooddealersmeds.com\\\/sl\\\/wp-content\\\/uploads\\\/sites\\\/10\\\/2022\\\/03\\\/Buy-Oxycontin-online-one.jpg\",\"width\":600,\"height\":450,\"caption\":\"Buy Oxycontin Online\"},{\"@type\":\"BreadcrumbList\",\"@id\":\"https:\\\/\\\/gooddealersmeds.com\\\/sl\\\/product\\\/oksikontin\\\/#breadcrumb\",\"itemListElement\":[{\"@type\":\"ListItem\",\"position\":1,\"name\":\"Home\",\"item\":\"https:\\\/\\\/gooddealersmeds.com\\\/sl\\\/\"},{\"@type\":\"ListItem\",\"position\":2,\"name\":\"Izdelki\",\"item\":\"https:\\\/\\\/gooddealersmeds.com\\\/sl\\\/izdelki\\\/\"},{\"@type\":\"ListItem\",\"position\":3,\"name\":\"Oxycontin Naprodaj\"}]},{\"@type\":\"WebSite\",\"@id\":\"https:\\\/\\\/gooddealersmeds.com\\\/sl\\\/#website\",\"url\":\"https:\\\/\\\/gooddealersmeds.com\\\/sl\\\/\",\"name\":\"Good Dealers Meds\",\"description\":\"All our best\",\"publisher\":{\"@id\":\"https:\\\/\\\/gooddealersmeds.com\\\/sl\\\/#organization\"},\"potentialAction\":[{\"@type\":\"SearchAction\",\"target\":{\"@type\":\"EntryPoint\",\"urlTemplate\":\"https:\\\/\\\/gooddealersmeds.com\\\/sl\\\/?s={search_term_string}\"},\"query-input\":{\"@type\":\"PropertyValueSpecification\",\"valueRequired\":true,\"valueName\":\"search_term_string\"}}],\"inLanguage\":\"en-US\"},{\"@type\":\"Organization\",\"@id\":\"https:\\\/\\\/gooddealersmeds.com\\\/sl\\\/#organization\",\"name\":\"Good Dealers Meds\",\"url\":\"https:\\\/\\\/gooddealersmeds.com\\\/sl\\\/\",\"logo\":{\"@type\":\"ImageObject\",\"inLanguage\":\"en-US\",\"@id\":\"https:\\\/\\\/gooddealersmeds.com\\\/sl\\\/#\\\/schema\\\/logo\\\/image\\\/\",\"url\":\"https:\\\/\\\/gooddealersmeds.com\\\/sl\\\/wp-content\\\/uploads\\\/sites\\\/10\\\/2022\\\/03\\\/gooddealersmeds__logo__20220317T222800Z.00.png\",\"contentUrl\":\"https:\\\/\\\/gooddealersmeds.com\\\/sl\\\/wp-content\\\/uploads\\\/sites\\\/10\\\/2022\\\/03\\\/gooddealersmeds__logo__20220317T222800Z.00.png\",\"width\":500,\"height\":325,\"caption\":\"Good Dealers Meds\"},\"image\":{\"@id\":\"https:\\\/\\\/gooddealersmeds.com\\\/sl\\\/#\\\/schema\\\/logo\\\/image\\\/\"}}]}<\/script>\n<!-- \/ Yoast SEO Premium plugin. -->","yoast_head_json":{"title":"Kupite Oxycontin na spletu | Kupite Oxy na spletu brez recepta","description":"Oxycontin se uporablja za laj\u0161anje hudih bole\u010din. Vpliva na mo\u017egane, da se telo upre bole\u010dini. kupite Oxycontin na spletu, kupite oxy na spletu.","robots":{"index":"index","follow":"follow","max-snippet":"max-snippet:-1","max-image-preview":"max-image-preview:large","max-video-preview":"max-video-preview:-1"},"canonical":"https:\/\/gooddealersmeds.com\/sl\/product\/oksikontin\/","og_locale":"en_US","og_type":"article","og_title":"Oxycontin Naprodaj","og_description":"Oxycontin se uporablja za laj\u0161anje hudih bole\u010din. Vpliva na mo\u017egane, da se telo upre bole\u010dini. kupite Oxycontin na spletu, kupite oxy na spletu.","og_url":"https:\/\/gooddealersmeds.com\/sl\/product\/oksikontin\/","og_site_name":"Good Dealers Meds","article_modified_time":"2022-10-04T00:44:28+00:00","og_image":[{"width":600,"height":450,"url":"https:\/\/gooddealersmeds.com\/sl\/wp-content\/uploads\/sites\/10\/2022\/03\/Buy-Oxycontin-online-one.jpg","type":"image\/jpeg"}],"twitter_card":"summary_large_image","twitter_misc":{"Est. reading time":"2 minutes"},"schema":{"@context":"https:\/\/schema.org","@graph":[{"@type":"WebPage","@id":"https:\/\/gooddealersmeds.com\/sl\/product\/oksikontin\/","url":"https:\/\/gooddealersmeds.com\/sl\/product\/oksikontin\/","name":"Kupite Oxycontin na spletu | Kupite Oxy na spletu brez recepta","isPartOf":{"@id":"https:\/\/gooddealersmeds.com\/sl\/#website"},"primaryImageOfPage":{"@id":"https:\/\/gooddealersmeds.com\/sl\/product\/oksikontin\/#primaryimage"},"image":{"@id":"https:\/\/gooddealersmeds.com\/sl\/product\/oksikontin\/#primaryimage"},"thumbnailUrl":"https:\/\/gooddealersmeds.com\/sl\/wp-content\/uploads\/sites\/10\/2022\/03\/Buy-Oxycontin-online-one.jpg","datePublished":"2022-03-18T00:24:33+00:00","dateModified":"2022-10-04T00:44:28+00:00","description":"Oxycontin se uporablja za laj\u0161anje hudih bole\u010din. Vpliva na mo\u017egane, da se telo upre bole\u010dini. kupite Oxycontin na spletu, kupite oxy na spletu.","breadcrumb":{"@id":"https:\/\/gooddealersmeds.com\/sl\/product\/oksikontin\/#breadcrumb"},"inLanguage":"en-US","potentialAction":[{"@type":"ReadAction","target":["https:\/\/gooddealersmeds.com\/sl\/product\/oksikontin\/"]}]},{"@type":"ImageObject","inLanguage":"en-US","@id":"https:\/\/gooddealersmeds.com\/sl\/product\/oksikontin\/#primaryimage","url":"https:\/\/gooddealersmeds.com\/sl\/wp-content\/uploads\/sites\/10\/2022\/03\/Buy-Oxycontin-online-one.jpg","contentUrl":"https:\/\/gooddealersmeds.com\/sl\/wp-content\/uploads\/sites\/10\/2022\/03\/Buy-Oxycontin-online-one.jpg","width":600,"height":450,"caption":"Buy Oxycontin Online"},{"@type":"BreadcrumbList","@id":"https:\/\/gooddealersmeds.com\/sl\/product\/oksikontin\/#breadcrumb","itemListElement":[{"@type":"ListItem","position":1,"name":"Home","item":"https:\/\/gooddealersmeds.com\/sl\/"},{"@type":"ListItem","position":2,"name":"Izdelki","item":"https:\/\/gooddealersmeds.com\/sl\/izdelki\/"},{"@type":"ListItem","position":3,"name":"Oxycontin Naprodaj"}]},{"@type":"WebSite","@id":"https:\/\/gooddealersmeds.com\/sl\/#website","url":"https:\/\/gooddealersmeds.com\/sl\/","name":"Good Dealers Meds","description":"All our best","publisher":{"@id":"https:\/\/gooddealersmeds.com\/sl\/#organization"},"potentialAction":[{"@type":"SearchAction","target":{"@type":"EntryPoint","urlTemplate":"https:\/\/gooddealersmeds.com\/sl\/?s={search_term_string}"},"query-input":{"@type":"PropertyValueSpecification","valueRequired":true,"valueName":"search_term_string"}}],"inLanguage":"en-US"},{"@type":"Organization","@id":"https:\/\/gooddealersmeds.com\/sl\/#organization","name":"Good Dealers Meds","url":"https:\/\/gooddealersmeds.com\/sl\/","logo":{"@type":"ImageObject","inLanguage":"en-US","@id":"https:\/\/gooddealersmeds.com\/sl\/#\/schema\/logo\/image\/","url":"https:\/\/gooddealersmeds.com\/sl\/wp-content\/uploads\/sites\/10\/2022\/03\/gooddealersmeds__logo__20220317T222800Z.00.png","contentUrl":"https:\/\/gooddealersmeds.com\/sl\/wp-content\/uploads\/sites\/10\/2022\/03\/gooddealersmeds__logo__20220317T222800Z.00.png","width":500,"height":325,"caption":"Good Dealers Meds"},"image":{"@id":"https:\/\/gooddealersmeds.com\/sl\/#\/schema\/logo\/image\/"}}]}},"_links":{"self":[{"href":"https:\/\/gooddealersmeds.com\/sl\/wp-json\/wp\/v2\/product\/1544","targetHints":{"allow":["GET"]}}],"collection":[{"href":"https:\/\/gooddealersmeds.com\/sl\/wp-json\/wp\/v2\/product"}],"about":[{"href":"https:\/\/gooddealersmeds.com\/sl\/wp-json\/wp\/v2\/types\/product"}],"replies":[{"embeddable":true,"href":"https:\/\/gooddealersmeds.com\/sl\/wp-json\/wp\/v2\/comments?post=1544"}],"wp:featuredmedia":[{"embeddable":true,"href":"https:\/\/gooddealersmeds.com\/sl\/wp-json\/wp\/v2\/media\/1553"}],"wp:attachment":[{"href":"https:\/\/gooddealersmeds.com\/sl\/wp-json\/wp\/v2\/media?parent=1544"}],"wp:term":[{"taxonomy":"product_brand","embeddable":true,"href":"https:\/\/gooddealersmeds.com\/sl\/wp-json\/wp\/v2\/product_brand?post=1544"},{"taxonomy":"product_cat","embeddable":true,"href":"https:\/\/gooddealersmeds.com\/sl\/wp-json\/wp\/v2\/product_cat?post=1544"},{"taxonomy":"product_tag","embeddable":true,"href":"https:\/\/gooddealersmeds.com\/sl\/wp-json\/wp\/v2\/product_tag?post=1544"}],"curies":[{"name":"wp","href":"https:\/\/api.w.org\/{rel}","templated":true}]}}