{"id":1524,"date":"2022-03-17T23:13:27","date_gmt":"2022-03-17T23:13:27","guid":{"rendered":"https:\/\/gooddealersmeds.com\/sl\/?post_type=product&#038;p=1524"},"modified":"2022-10-04T00:44:42","modified_gmt":"2022-10-04T00:44:42","slug":"buy-adderall-online","status":"publish","type":"product","link":"https:\/\/gooddealersmeds.com\/sl\/product\/buy-adderall-online\/","title":{"rendered":"Kupite Adderall na spletu"},"content":{"rendered":"<p>Ve\u010dina strank, ki i\u0161\u010dejo 30-dnevno zalogo generi\u010dnega zdravila Adderall, raje kupi in ponovno napolni svoj recept pri uglednem viru. Na\u0161 cilj je zagotoviti kraj, kjer lahko bolniki dobijo svoje recepte ne glede na njihovo zavarovalno kritje ali finan\u010dno stanje. Z na\u0161o pomo\u010djo lahko preprosto kupite Adderall na spletu in upravljate svoje recepte!<\/p>\n<p>Generik Adderall (dekstroamfetamin\/amfetamin) je me\u0161anica dveh zdravil za stimulacijo centralnega \u017eiv\u010dnega sistema, ki se uporabljata za zdravljenje motnje pozornosti in hiperaktivnosti \u2013 ADHD. Deluje tako, da pove\u010da norepinefrin in dopamin, dve naravno prisotni kemikaliji v mo\u017eganih, ki spodbujata mo\u017egansko aktivnost in vam lahko pomagata biti pozoren, ostati osredoto\u010den na nalogo in nadzorovati vedenjske te\u017eave. Deluje tako, da spremeni koli\u010dine dolo\u010denih kemi\u010dnih molekul v mo\u017eganih.<\/p>\n<p>Amfetamin\/dekstroamfetamin spada v skupino stimulansov. Pomaga lahko tudi pri organizaciji dela in razvoju sposobnosti poslu\u0161anja. To zdravilo se uporablja tudi za zdravljenje specifi\u010dne motnje spanja, znane kot narkolepsija, da bi vam pomagalo ostati budni \u010dez dan. Ne sme se ga uporabljati za laj\u0161anje utrujenosti ali za prelo\u017eitev odhoda v posteljo pri tistih, ki nimajo te\u017eav s spanjem.<\/p>\n<p>Odmerjanje temelji na va\u0161em zdravstvenem stanju in odzivu na zdravljenje. \u010ce \u017eelite imeti najve\u010dje koristi od tega zdravila, ga jemljite pogosto. Za pomo\u010d pri spominu ga vzemite vsak dan ob istem \u010dasu. Neaktivne kemikalije v tem izdelku lahko povzro\u010dijo alergijske reakcije ali druge zaplete.<\/p>\n<p>V pravi spletni lekarni lahko najdete polnila za va\u0161 <a href=\"https:\/\/gooddealersmeds.com\/sl\/product\/buy -adderall-online\/\">Adderall<\/a> recept po razumnih cenah. \u017delimo podreti ovire med bolniki in zdravili, ki jih potrebujejo za \u017eivljenje z minimalnimi stranskimi u\u010dinki. \u010ce pri nas dobite zalogo generi\u010dnega zdravila Adderall, dobite dostop do najugodnej\u0161ega na\u010dina pridobivanja zdravil za ADHD.<\/p>\n<p>Adderall lahko kupite na spletu pri na\u0161em <a href=\"https:\/\/gooddealersmeds.com \/sl\/products\/\">trgovina<\/a> z varno dostavo po vsej Evropi.<\/p>\n","protected":false},"excerpt":{"rendered":"<p>ADHD in narkolepsija sta dve glavni motnji, ki bi lahko uni\u010dili obi\u010dajna \u017eivljenja ljudi po vsem svetu. ADHD je na splo\u0161no preob\u010dutljivostna motnja pomanjkanja pozornosti, pri kateri ve\u010dina ljudi morda ne more biti pozorna ali se osredoto\u010diti na dolo\u010dene naloge in stvari v \u017eivljenju. To je posledica neravnovesja v mo\u017eganskih kemikalijah, ki vodi v nepozornost. Zdravilo Adderall lahko uporabite za zdravljenje nepazljivosti, narkolepsije in hiperaktivnosti. Ob\u010dutek raztresenosti je zelo pogost pri motnjah ADHD in pri narkolepsiji; ljudje ponavadi spimo tudi ob nenavadnih urah. Ob vsem tem lahko Adderall postane navada, \u010de ga zlorabljamo brez ustreznega posveta z zdravnikom. Pazite tudi, da zdravila Adderall 30 mg ne daste neznanim tujcem ali prijateljem z zgodovino zasvojenosti z drogami in zlorabe.<\/p>\n","protected":false},"featured_media":1532,"comment_status":"open","ping_status":"closed","template":"","meta":{"inline_featured_image":false},"product_brand":[],"product_cat":[346],"product_tag":[],"class_list":{"0":"post-1524","1":"product","2":"type-product","3":"status-publish","4":"has-post-thumbnail","6":"product_cat-poivila","7":"pa_pills-100-pills","8":"pa_pills-1000-pills","9":"pa_pills-30-pills","10":"pa_pills-300-pills","11":"pa_pills-50-pills","12":"pa_pills-500-pills","14":"first","15":"instock","16":"featured","17":"shipping-taxable","18":"purchasable","19":"product-type-variable","20":"has-default-attributes"},"yoast_head":"<!-- This site is optimized with the Yoast SEO Premium plugin v20.6 (Yoast SEO v27.3) - https:\/\/yoast.com\/product\/yoast-seo-premium-wordpress\/ -->\n<title>Kupite Adderall na spletu \u2013 poceni Adderall naprodaj 30 mg | Good Dealers Meds<\/title>\n<meta name=\"description\" content=\"Kupite adderall 30 mg brez recepta po ugodni ceni pri Good Dealers Meds za zdravljenje ADHD in narkolepsije.\" \/>\n<meta name=\"robots\" content=\"index, follow, max-snippet:-1, max-image-preview:large, max-video-preview:-1\" \/>\n<link rel=\"canonical\" href=\"https:\/\/gooddealersmeds.com\/sl\/product\/buy-adderall-online\/\" \/>\n<meta property=\"og:locale\" content=\"en_US\" \/>\n<meta property=\"og:type\" content=\"article\" \/>\n<meta property=\"og:title\" content=\"Kupite Adderall na spletu\" \/>\n<meta property=\"og:description\" content=\"Kupite adderall 30 mg brez recepta po ugodni ceni pri Good Dealers Meds za zdravljenje ADHD in narkolepsije.\" \/>\n<meta property=\"og:url\" content=\"https:\/\/gooddealersmeds.com\/sl\/product\/buy-adderall-online\/\" \/>\n<meta property=\"og:site_name\" content=\"Good Dealers Meds\" \/>\n<meta property=\"article:modified_time\" content=\"2022-10-04T00:44:42+00:00\" \/>\n<meta property=\"og:image\" content=\"https:\/\/gooddealersmeds.com\/sl\/wp-content\/uploads\/sites\/10\/2022\/03\/buy-adderall-online1.jpg\" \/>\n\t<meta property=\"og:image:width\" content=\"300\" \/>\n\t<meta property=\"og:image:height\" content=\"300\" \/>\n\t<meta property=\"og:image:type\" content=\"image\/jpeg\" \/>\n<meta name=\"twitter:card\" content=\"summary_large_image\" \/>\n<meta name=\"twitter:label1\" content=\"Est. reading time\" \/>\n\t<meta name=\"twitter:data1\" content=\"2 minutes\" \/>\n<script type=\"application\/ld+json\" class=\"yoast-schema-graph\">{\"@context\":\"https:\\\/\\\/schema.org\",\"@graph\":[{\"@type\":\"WebPage\",\"@id\":\"https:\\\/\\\/gooddealersmeds.com\\\/sl\\\/product\\\/buy-adderall-online\\\/\",\"url\":\"https:\\\/\\\/gooddealersmeds.com\\\/sl\\\/product\\\/buy-adderall-online\\\/\",\"name\":\"Kupite Adderall na spletu \u2013 poceni Adderall naprodaj 30 mg | Good Dealers Meds\",\"isPartOf\":{\"@id\":\"https:\\\/\\\/gooddealersmeds.com\\\/sl\\\/#website\"},\"primaryImageOfPage\":{\"@id\":\"https:\\\/\\\/gooddealersmeds.com\\\/sl\\\/product\\\/buy-adderall-online\\\/#primaryimage\"},\"image\":{\"@id\":\"https:\\\/\\\/gooddealersmeds.com\\\/sl\\\/product\\\/buy-adderall-online\\\/#primaryimage\"},\"thumbnailUrl\":\"https:\\\/\\\/gooddealersmeds.com\\\/sl\\\/wp-content\\\/uploads\\\/sites\\\/10\\\/2022\\\/03\\\/buy-adderall-online1.jpg\",\"datePublished\":\"2022-03-17T23:13:27+00:00\",\"dateModified\":\"2022-10-04T00:44:42+00:00\",\"description\":\"Kupite adderall 30 mg brez recepta po ugodni ceni pri Good Dealers Meds za zdravljenje ADHD in narkolepsije.\",\"breadcrumb\":{\"@id\":\"https:\\\/\\\/gooddealersmeds.com\\\/sl\\\/product\\\/buy-adderall-online\\\/#breadcrumb\"},\"inLanguage\":\"en-US\",\"potentialAction\":[{\"@type\":\"ReadAction\",\"target\":[\"https:\\\/\\\/gooddealersmeds.com\\\/sl\\\/product\\\/buy-adderall-online\\\/\"]}]},{\"@type\":\"ImageObject\",\"inLanguage\":\"en-US\",\"@id\":\"https:\\\/\\\/gooddealersmeds.com\\\/sl\\\/product\\\/buy-adderall-online\\\/#primaryimage\",\"url\":\"https:\\\/\\\/gooddealersmeds.com\\\/sl\\\/wp-content\\\/uploads\\\/sites\\\/10\\\/2022\\\/03\\\/buy-adderall-online1.jpg\",\"contentUrl\":\"https:\\\/\\\/gooddealersmeds.com\\\/sl\\\/wp-content\\\/uploads\\\/sites\\\/10\\\/2022\\\/03\\\/buy-adderall-online1.jpg\",\"width\":300,\"height\":300,\"caption\":\"Buy Adderall Online\"},{\"@type\":\"BreadcrumbList\",\"@id\":\"https:\\\/\\\/gooddealersmeds.com\\\/sl\\\/product\\\/buy-adderall-online\\\/#breadcrumb\",\"itemListElement\":[{\"@type\":\"ListItem\",\"position\":1,\"name\":\"Home\",\"item\":\"https:\\\/\\\/gooddealersmeds.com\\\/sl\\\/\"},{\"@type\":\"ListItem\",\"position\":2,\"name\":\"Izdelki\",\"item\":\"https:\\\/\\\/gooddealersmeds.com\\\/sl\\\/izdelki\\\/\"},{\"@type\":\"ListItem\",\"position\":3,\"name\":\"Kupite Adderall na spletu\"}]},{\"@type\":\"WebSite\",\"@id\":\"https:\\\/\\\/gooddealersmeds.com\\\/sl\\\/#website\",\"url\":\"https:\\\/\\\/gooddealersmeds.com\\\/sl\\\/\",\"name\":\"Good Dealers Meds\",\"description\":\"All our best\",\"publisher\":{\"@id\":\"https:\\\/\\\/gooddealersmeds.com\\\/sl\\\/#organization\"},\"potentialAction\":[{\"@type\":\"SearchAction\",\"target\":{\"@type\":\"EntryPoint\",\"urlTemplate\":\"https:\\\/\\\/gooddealersmeds.com\\\/sl\\\/?s={search_term_string}\"},\"query-input\":{\"@type\":\"PropertyValueSpecification\",\"valueRequired\":true,\"valueName\":\"search_term_string\"}}],\"inLanguage\":\"en-US\"},{\"@type\":\"Organization\",\"@id\":\"https:\\\/\\\/gooddealersmeds.com\\\/sl\\\/#organization\",\"name\":\"Good Dealers Meds\",\"url\":\"https:\\\/\\\/gooddealersmeds.com\\\/sl\\\/\",\"logo\":{\"@type\":\"ImageObject\",\"inLanguage\":\"en-US\",\"@id\":\"https:\\\/\\\/gooddealersmeds.com\\\/sl\\\/#\\\/schema\\\/logo\\\/image\\\/\",\"url\":\"https:\\\/\\\/gooddealersmeds.com\\\/sl\\\/wp-content\\\/uploads\\\/sites\\\/10\\\/2022\\\/03\\\/gooddealersmeds__logo__20220317T222800Z.00.png\",\"contentUrl\":\"https:\\\/\\\/gooddealersmeds.com\\\/sl\\\/wp-content\\\/uploads\\\/sites\\\/10\\\/2022\\\/03\\\/gooddealersmeds__logo__20220317T222800Z.00.png\",\"width\":500,\"height\":325,\"caption\":\"Good Dealers Meds\"},\"image\":{\"@id\":\"https:\\\/\\\/gooddealersmeds.com\\\/sl\\\/#\\\/schema\\\/logo\\\/image\\\/\"}}]}<\/script>\n<!-- \/ Yoast SEO Premium plugin. -->","yoast_head_json":{"title":"Kupite Adderall na spletu \u2013 poceni Adderall naprodaj 30 mg | Good Dealers Meds","description":"Kupite adderall 30 mg brez recepta po ugodni ceni pri Good Dealers Meds za zdravljenje ADHD in narkolepsije.","robots":{"index":"index","follow":"follow","max-snippet":"max-snippet:-1","max-image-preview":"max-image-preview:large","max-video-preview":"max-video-preview:-1"},"canonical":"https:\/\/gooddealersmeds.com\/sl\/product\/buy-adderall-online\/","og_locale":"en_US","og_type":"article","og_title":"Kupite Adderall na spletu","og_description":"Kupite adderall 30 mg brez recepta po ugodni ceni pri Good Dealers Meds za zdravljenje ADHD in narkolepsije.","og_url":"https:\/\/gooddealersmeds.com\/sl\/product\/buy-adderall-online\/","og_site_name":"Good Dealers Meds","article_modified_time":"2022-10-04T00:44:42+00:00","og_image":[{"width":300,"height":300,"url":"https:\/\/gooddealersmeds.com\/sl\/wp-content\/uploads\/sites\/10\/2022\/03\/buy-adderall-online1.jpg","type":"image\/jpeg"}],"twitter_card":"summary_large_image","twitter_misc":{"Est. reading time":"2 minutes"},"schema":{"@context":"https:\/\/schema.org","@graph":[{"@type":"WebPage","@id":"https:\/\/gooddealersmeds.com\/sl\/product\/buy-adderall-online\/","url":"https:\/\/gooddealersmeds.com\/sl\/product\/buy-adderall-online\/","name":"Kupite Adderall na spletu \u2013 poceni Adderall naprodaj 30 mg | Good Dealers Meds","isPartOf":{"@id":"https:\/\/gooddealersmeds.com\/sl\/#website"},"primaryImageOfPage":{"@id":"https:\/\/gooddealersmeds.com\/sl\/product\/buy-adderall-online\/#primaryimage"},"image":{"@id":"https:\/\/gooddealersmeds.com\/sl\/product\/buy-adderall-online\/#primaryimage"},"thumbnailUrl":"https:\/\/gooddealersmeds.com\/sl\/wp-content\/uploads\/sites\/10\/2022\/03\/buy-adderall-online1.jpg","datePublished":"2022-03-17T23:13:27+00:00","dateModified":"2022-10-04T00:44:42+00:00","description":"Kupite adderall 30 mg brez recepta po ugodni ceni pri Good Dealers Meds za zdravljenje ADHD in narkolepsije.","breadcrumb":{"@id":"https:\/\/gooddealersmeds.com\/sl\/product\/buy-adderall-online\/#breadcrumb"},"inLanguage":"en-US","potentialAction":[{"@type":"ReadAction","target":["https:\/\/gooddealersmeds.com\/sl\/product\/buy-adderall-online\/"]}]},{"@type":"ImageObject","inLanguage":"en-US","@id":"https:\/\/gooddealersmeds.com\/sl\/product\/buy-adderall-online\/#primaryimage","url":"https:\/\/gooddealersmeds.com\/sl\/wp-content\/uploads\/sites\/10\/2022\/03\/buy-adderall-online1.jpg","contentUrl":"https:\/\/gooddealersmeds.com\/sl\/wp-content\/uploads\/sites\/10\/2022\/03\/buy-adderall-online1.jpg","width":300,"height":300,"caption":"Buy Adderall Online"},{"@type":"BreadcrumbList","@id":"https:\/\/gooddealersmeds.com\/sl\/product\/buy-adderall-online\/#breadcrumb","itemListElement":[{"@type":"ListItem","position":1,"name":"Home","item":"https:\/\/gooddealersmeds.com\/sl\/"},{"@type":"ListItem","position":2,"name":"Izdelki","item":"https:\/\/gooddealersmeds.com\/sl\/izdelki\/"},{"@type":"ListItem","position":3,"name":"Kupite Adderall na spletu"}]},{"@type":"WebSite","@id":"https:\/\/gooddealersmeds.com\/sl\/#website","url":"https:\/\/gooddealersmeds.com\/sl\/","name":"Good Dealers Meds","description":"All our best","publisher":{"@id":"https:\/\/gooddealersmeds.com\/sl\/#organization"},"potentialAction":[{"@type":"SearchAction","target":{"@type":"EntryPoint","urlTemplate":"https:\/\/gooddealersmeds.com\/sl\/?s={search_term_string}"},"query-input":{"@type":"PropertyValueSpecification","valueRequired":true,"valueName":"search_term_string"}}],"inLanguage":"en-US"},{"@type":"Organization","@id":"https:\/\/gooddealersmeds.com\/sl\/#organization","name":"Good Dealers Meds","url":"https:\/\/gooddealersmeds.com\/sl\/","logo":{"@type":"ImageObject","inLanguage":"en-US","@id":"https:\/\/gooddealersmeds.com\/sl\/#\/schema\/logo\/image\/","url":"https:\/\/gooddealersmeds.com\/sl\/wp-content\/uploads\/sites\/10\/2022\/03\/gooddealersmeds__logo__20220317T222800Z.00.png","contentUrl":"https:\/\/gooddealersmeds.com\/sl\/wp-content\/uploads\/sites\/10\/2022\/03\/gooddealersmeds__logo__20220317T222800Z.00.png","width":500,"height":325,"caption":"Good Dealers Meds"},"image":{"@id":"https:\/\/gooddealersmeds.com\/sl\/#\/schema\/logo\/image\/"}}]}},"_links":{"self":[{"href":"https:\/\/gooddealersmeds.com\/sl\/wp-json\/wp\/v2\/product\/1524","targetHints":{"allow":["GET"]}}],"collection":[{"href":"https:\/\/gooddealersmeds.com\/sl\/wp-json\/wp\/v2\/product"}],"about":[{"href":"https:\/\/gooddealersmeds.com\/sl\/wp-json\/wp\/v2\/types\/product"}],"replies":[{"embeddable":true,"href":"https:\/\/gooddealersmeds.com\/sl\/wp-json\/wp\/v2\/comments?post=1524"}],"wp:featuredmedia":[{"embeddable":true,"href":"https:\/\/gooddealersmeds.com\/sl\/wp-json\/wp\/v2\/media\/1532"}],"wp:attachment":[{"href":"https:\/\/gooddealersmeds.com\/sl\/wp-json\/wp\/v2\/media?parent=1524"}],"wp:term":[{"taxonomy":"product_brand","embeddable":true,"href":"https:\/\/gooddealersmeds.com\/sl\/wp-json\/wp\/v2\/product_brand?post=1524"},{"taxonomy":"product_cat","embeddable":true,"href":"https:\/\/gooddealersmeds.com\/sl\/wp-json\/wp\/v2\/product_cat?post=1524"},{"taxonomy":"product_tag","embeddable":true,"href":"https:\/\/gooddealersmeds.com\/sl\/wp-json\/wp\/v2\/product_tag?post=1524"}],"curies":[{"name":"wp","href":"https:\/\/api.w.org\/{rel}","templated":true}]}}