{"id":2226,"date":"2023-01-08T19:09:14","date_gmt":"2023-01-08T19:09:14","guid":{"rendered":"https:\/\/gooddealersmeds.com\/sk\/?post_type=product&#038;p=2226"},"modified":"2025-01-09T12:03:13","modified_gmt":"2025-01-09T12:03:13","slug":"kupte-si-kyanid-draselny","status":"publish","type":"product","link":"https:\/\/gooddealersmeds.com\/sk\/product\/kupte-si-kyanid-draselny\/","title":{"rendered":"K\u00fapte si kyanid draseln\u00fd"},"content":{"rendered":"<h1><strong>Nakupujte kyanid draseln\u00fd online<br \/>\n<\/strong><\/h1>\n<p>Kyanid draseln\u00fd\u00a0je vysoko toxick\u00e1 so\u013e anorganick\u00e9ho kyanidu, ktor\u00fa m\u00f4\u017eu \u013eudia pou\u017ei\u0165 ako n\u00e1hradu za ob\u013e\u00fabenej\u0161\u00ed kyanid sodn\u00fd. K\u00fapi\u0165 <a href=\"https:\/\/gooddealersmeds.com\/sk\/product\/kupte-si-kyanid-draselny\/\">kyanid draseln\u00fd<\/a> online =\u00a0 Jeho chemick\u00fd vzorec je <a href=\"https:\/\/cs.wikipedia.org\/wiki\/Kyanid_draseln%C3%BD\">KCN<\/a>. \u013dudia u\u017e\u00edvaj\u00fa najm\u00e4 kyanid draseln\u00fd vo forme tabliet alebo pr\u00e1\u0161ku. Ak posielate od n\u00e1s, dostupn\u00e9 d\u00e1vkovanie je 300 mg peror\u00e1lnej pilulky a minim\u00e1lna objedn\u00e1vka na 100 gramov pr\u00e1\u0161kovej formy, k\u00fapte si leg\u00e1lny kyanid draseln\u00fd, k\u00fapte si kyanid draseln\u00fd v Kanade, k\u00fapte kyanid draseln\u00fd v USA, k\u00fapte si kyanid draseln\u00fd v Austr\u00e1lii, k\u00fapte si kyanid draseln\u00fd, k\u00fapte drasl\u00edk kyanid vo Ve\u013ekej Brit\u00e1nii, k\u00fapi\u0165 kyanid draseln\u00fd bl\u00edzko m\u0148a, k\u00fapi\u0165 jed kyanid draseln\u00fd, k\u00fapi\u0165 kyanid draseln\u00fd, k\u00fapi\u0165 kyanid draseln\u00fd zlato, k\u00fapi\u0165 kyanid draseln\u00fd Austr\u00e1lia, k\u00fapi\u0165 kyanid draseln\u00fd vo ve\u013ekom, kde m\u00f4\u017eem k\u00fapi\u0165 kyanid draseln\u00fd v Lond\u00fdne<\/p>\n<p>Na\u0161e laborat\u00f3rium vyr\u00e1ba a distribuuje drasl\u00edk najvy\u0161\u0161ej kvality, \u010do je bezfarebn\u00e1 kry\u0161talick\u00e1 zl\u00fa\u010denina. N\u00e1\u0161 kyanid draseln\u00fd je zn\u00e1my predajcami \u0161perkov pre jeho extr\u00e9mne a mimoriadne vysoko kvalitn\u00e9 chemick\u00e9 pozl\u00e1tenie a le\u0161tenie. Na\u0161a \u0165a\u017eba zlata. organick\u00e1 synt\u00e9za. a z\u00e1kazn\u00edci galvanick\u00e9ho pokovovania sa nikdy nikam nepozreli, K\u00fapi\u0165 kyanid draseln\u00fd online, odkedy testovali n\u00e1\u0161 kyanid draseln\u00fd. Kyanid draseln\u00fd sa pon\u00faka vo forme pr\u00e1\u0161ku alebo valcovit\u00fdch tabliet, ka\u017ed\u00e1 tableta s hmotnos\u0165ou 100 gramov. Je to anorganick\u00e1 zl\u00fa\u010denina so vzorcom KCN. T\u00e1to bezfarebn\u00e1 kry\u0161talick\u00e1 zl\u00fa\u010denina. vzh\u013eadovo podobn\u00fd cukru. je vysoko rozpustn\u00fd vo vode. V\u00e4\u010d\u0161ina KCN sa pou\u017e\u00edva pri \u0165a\u017ebe zlata. organick\u00e1 synt\u00e9za. sp\u00e1chanie samovra\u017edy a galvaniz\u00e1cie. Objednajte si kyanid draseln\u00fd online, kyanid draseln\u00fd na predaj<\/p>\n","protected":false},"excerpt":{"rendered":"<p>K\u00fapte si kyanid draseln\u00fd online za prijate\u013en\u00e9 ceny a nechajte si ho doru\u010di\u0165 a\u017e k va\u0161im dver\u00e1m. Posielame do cel\u00e9ho sveta. Pred\u00e1m kyanid draseln\u00fd<\/p>\n","protected":false},"featured_media":2256,"comment_status":"open","ping_status":"closed","template":"","meta":{"inline_featured_image":false},"product_brand":[],"product_cat":[343],"product_tag":[],"class_list":{"0":"post-2226","1":"product","2":"type-product","3":"status-publish","4":"has-post-thumbnail","6":"product_cat-in","8":"first","9":"instock","10":"shipping-taxable","11":"purchasable","12":"product-type-variable","13":"has-default-attributes"},"yoast_head":"<!-- This site is optimized with the Yoast SEO Premium plugin v20.6 (Yoast SEO v27.3) - https:\/\/yoast.com\/product\/yoast-seo-premium-wordpress\/ -->\n<title>K\u00fapi\u0165 kyanid draseln\u00fd online | Kyanid draseln\u00fd na predaj za dobr\u00fa cenu<\/title>\n<meta name=\"description\" content=\"K\u00fapi\u0165 kyanid draseln\u00fd online za prijate\u013en\u00e9 ceny a nechajte si ho doru\u010di\u0165 a\u017e k va\u0161im dver\u00e1m. Posielame do cel\u00e9ho sveta. Pred\u00e1m kyanid draseln\u00fd\" \/>\n<meta name=\"robots\" content=\"index, follow, max-snippet:-1, max-image-preview:large, max-video-preview:-1\" \/>\n<link rel=\"canonical\" href=\"https:\/\/gooddealersmeds.com\/sk\/product\/kupte-si-kyanid-draselny\/\" \/>\n<meta property=\"og:locale\" content=\"en_US\" \/>\n<meta property=\"og:type\" content=\"article\" \/>\n<meta property=\"og:title\" content=\"K\u00fapte si kyanid draseln\u00fd\" \/>\n<meta property=\"og:description\" content=\"K\u00fapi\u0165 kyanid draseln\u00fd online za prijate\u013en\u00e9 ceny a nechajte si ho doru\u010di\u0165 a\u017e k va\u0161im dver\u00e1m. Posielame do cel\u00e9ho sveta. Pred\u00e1m kyanid draseln\u00fd\" \/>\n<meta property=\"og:url\" content=\"https:\/\/gooddealersmeds.com\/sk\/product\/kupte-si-kyanid-draselny\/\" \/>\n<meta property=\"og:site_name\" content=\"Good Dealers Meds\" \/>\n<meta property=\"article:modified_time\" content=\"2025-01-09T12:03:13+00:00\" \/>\n<meta property=\"og:image\" content=\"https:\/\/gooddealersmeds.com\/sk\/wp-content\/uploads\/sites\/9\/2023\/01\/potassium-cyanide.jpg\" \/>\n\t<meta property=\"og:image:width\" content=\"503\" \/>\n\t<meta property=\"og:image:height\" content=\"505\" \/>\n\t<meta property=\"og:image:type\" content=\"image\/jpeg\" \/>\n<meta name=\"twitter:card\" content=\"summary_large_image\" \/>\n<meta name=\"twitter:label1\" content=\"Est. reading time\" \/>\n\t<meta name=\"twitter:data1\" content=\"2 minutes\" \/>\n<script type=\"application\/ld+json\" class=\"yoast-schema-graph\">{\"@context\":\"https:\\\/\\\/schema.org\",\"@graph\":[{\"@type\":\"WebPage\",\"@id\":\"https:\\\/\\\/gooddealersmeds.com\\\/sk\\\/product\\\/kupte-si-kyanid-draselny\\\/\",\"url\":\"https:\\\/\\\/gooddealersmeds.com\\\/sk\\\/product\\\/kupte-si-kyanid-draselny\\\/\",\"name\":\"K\u00fapi\u0165 kyanid draseln\u00fd online | Kyanid draseln\u00fd na predaj za dobr\u00fa cenu\",\"isPartOf\":{\"@id\":\"https:\\\/\\\/gooddealersmeds.com\\\/sk\\\/#website\"},\"primaryImageOfPage\":{\"@id\":\"https:\\\/\\\/gooddealersmeds.com\\\/sk\\\/product\\\/kupte-si-kyanid-draselny\\\/#primaryimage\"},\"image\":{\"@id\":\"https:\\\/\\\/gooddealersmeds.com\\\/sk\\\/product\\\/kupte-si-kyanid-draselny\\\/#primaryimage\"},\"thumbnailUrl\":\"https:\\\/\\\/gooddealersmeds.com\\\/sk\\\/wp-content\\\/uploads\\\/sites\\\/9\\\/2023\\\/01\\\/potassium-cyanide.jpg\",\"datePublished\":\"2023-01-08T19:09:14+00:00\",\"dateModified\":\"2025-01-09T12:03:13+00:00\",\"description\":\"K\u00fapi\u0165 kyanid draseln\u00fd online za prijate\u013en\u00e9 ceny a nechajte si ho doru\u010di\u0165 a\u017e k va\u0161im dver\u00e1m. Posielame do cel\u00e9ho sveta. Pred\u00e1m kyanid draseln\u00fd\",\"breadcrumb\":{\"@id\":\"https:\\\/\\\/gooddealersmeds.com\\\/sk\\\/product\\\/kupte-si-kyanid-draselny\\\/#breadcrumb\"},\"inLanguage\":\"en-US\",\"potentialAction\":[{\"@type\":\"ReadAction\",\"target\":[\"https:\\\/\\\/gooddealersmeds.com\\\/sk\\\/product\\\/kupte-si-kyanid-draselny\\\/\"]}]},{\"@type\":\"ImageObject\",\"inLanguage\":\"en-US\",\"@id\":\"https:\\\/\\\/gooddealersmeds.com\\\/sk\\\/product\\\/kupte-si-kyanid-draselny\\\/#primaryimage\",\"url\":\"https:\\\/\\\/gooddealersmeds.com\\\/sk\\\/wp-content\\\/uploads\\\/sites\\\/9\\\/2023\\\/01\\\/potassium-cyanide.jpg\",\"contentUrl\":\"https:\\\/\\\/gooddealersmeds.com\\\/sk\\\/wp-content\\\/uploads\\\/sites\\\/9\\\/2023\\\/01\\\/potassium-cyanide.jpg\",\"width\":503,\"height\":505},{\"@type\":\"BreadcrumbList\",\"@id\":\"https:\\\/\\\/gooddealersmeds.com\\\/sk\\\/product\\\/kupte-si-kyanid-draselny\\\/#breadcrumb\",\"itemListElement\":[{\"@type\":\"ListItem\",\"position\":1,\"name\":\"Home\",\"item\":\"https:\\\/\\\/gooddealersmeds.com\\\/sk\\\/\"},{\"@type\":\"ListItem\",\"position\":2,\"name\":\"Produkty\",\"item\":\"https:\\\/\\\/gooddealersmeds.com\\\/sk\\\/produkty\\\/\"},{\"@type\":\"ListItem\",\"position\":3,\"name\":\"K\u00fapte si kyanid draseln\u00fd\"}]},{\"@type\":\"WebSite\",\"@id\":\"https:\\\/\\\/gooddealersmeds.com\\\/sk\\\/#website\",\"url\":\"https:\\\/\\\/gooddealersmeds.com\\\/sk\\\/\",\"name\":\"Good Dealers Meds\",\"description\":\"All our best\",\"publisher\":{\"@id\":\"https:\\\/\\\/gooddealersmeds.com\\\/sk\\\/#organization\"},\"potentialAction\":[{\"@type\":\"SearchAction\",\"target\":{\"@type\":\"EntryPoint\",\"urlTemplate\":\"https:\\\/\\\/gooddealersmeds.com\\\/sk\\\/?s={search_term_string}\"},\"query-input\":{\"@type\":\"PropertyValueSpecification\",\"valueRequired\":true,\"valueName\":\"search_term_string\"}}],\"inLanguage\":\"en-US\"},{\"@type\":\"Organization\",\"@id\":\"https:\\\/\\\/gooddealersmeds.com\\\/sk\\\/#organization\",\"name\":\"Good Dealers Meds\",\"url\":\"https:\\\/\\\/gooddealersmeds.com\\\/sk\\\/\",\"logo\":{\"@type\":\"ImageObject\",\"inLanguage\":\"en-US\",\"@id\":\"https:\\\/\\\/gooddealersmeds.com\\\/sk\\\/#\\\/schema\\\/logo\\\/image\\\/\",\"url\":\"https:\\\/\\\/gooddealersmeds.com\\\/sk\\\/wp-content\\\/uploads\\\/sites\\\/9\\\/2022\\\/03\\\/gooddealersmeds__logo__20220317T222800Z.00.png\",\"contentUrl\":\"https:\\\/\\\/gooddealersmeds.com\\\/sk\\\/wp-content\\\/uploads\\\/sites\\\/9\\\/2022\\\/03\\\/gooddealersmeds__logo__20220317T222800Z.00.png\",\"width\":500,\"height\":325,\"caption\":\"Good Dealers Meds\"},\"image\":{\"@id\":\"https:\\\/\\\/gooddealersmeds.com\\\/sk\\\/#\\\/schema\\\/logo\\\/image\\\/\"}}]}<\/script>\n<!-- \/ Yoast SEO Premium plugin. -->","yoast_head_json":{"title":"K\u00fapi\u0165 kyanid draseln\u00fd online | Kyanid draseln\u00fd na predaj za dobr\u00fa cenu","description":"K\u00fapi\u0165 kyanid draseln\u00fd online za prijate\u013en\u00e9 ceny a nechajte si ho doru\u010di\u0165 a\u017e k va\u0161im dver\u00e1m. Posielame do cel\u00e9ho sveta. Pred\u00e1m kyanid draseln\u00fd","robots":{"index":"index","follow":"follow","max-snippet":"max-snippet:-1","max-image-preview":"max-image-preview:large","max-video-preview":"max-video-preview:-1"},"canonical":"https:\/\/gooddealersmeds.com\/sk\/product\/kupte-si-kyanid-draselny\/","og_locale":"en_US","og_type":"article","og_title":"K\u00fapte si kyanid draseln\u00fd","og_description":"K\u00fapi\u0165 kyanid draseln\u00fd online za prijate\u013en\u00e9 ceny a nechajte si ho doru\u010di\u0165 a\u017e k va\u0161im dver\u00e1m. Posielame do cel\u00e9ho sveta. Pred\u00e1m kyanid draseln\u00fd","og_url":"https:\/\/gooddealersmeds.com\/sk\/product\/kupte-si-kyanid-draselny\/","og_site_name":"Good Dealers Meds","article_modified_time":"2025-01-09T12:03:13+00:00","og_image":[{"width":503,"height":505,"url":"https:\/\/gooddealersmeds.com\/sk\/wp-content\/uploads\/sites\/9\/2023\/01\/potassium-cyanide.jpg","type":"image\/jpeg"}],"twitter_card":"summary_large_image","twitter_misc":{"Est. reading time":"2 minutes"},"schema":{"@context":"https:\/\/schema.org","@graph":[{"@type":"WebPage","@id":"https:\/\/gooddealersmeds.com\/sk\/product\/kupte-si-kyanid-draselny\/","url":"https:\/\/gooddealersmeds.com\/sk\/product\/kupte-si-kyanid-draselny\/","name":"K\u00fapi\u0165 kyanid draseln\u00fd online | Kyanid draseln\u00fd na predaj za dobr\u00fa cenu","isPartOf":{"@id":"https:\/\/gooddealersmeds.com\/sk\/#website"},"primaryImageOfPage":{"@id":"https:\/\/gooddealersmeds.com\/sk\/product\/kupte-si-kyanid-draselny\/#primaryimage"},"image":{"@id":"https:\/\/gooddealersmeds.com\/sk\/product\/kupte-si-kyanid-draselny\/#primaryimage"},"thumbnailUrl":"https:\/\/gooddealersmeds.com\/sk\/wp-content\/uploads\/sites\/9\/2023\/01\/potassium-cyanide.jpg","datePublished":"2023-01-08T19:09:14+00:00","dateModified":"2025-01-09T12:03:13+00:00","description":"K\u00fapi\u0165 kyanid draseln\u00fd online za prijate\u013en\u00e9 ceny a nechajte si ho doru\u010di\u0165 a\u017e k va\u0161im dver\u00e1m. Posielame do cel\u00e9ho sveta. Pred\u00e1m kyanid draseln\u00fd","breadcrumb":{"@id":"https:\/\/gooddealersmeds.com\/sk\/product\/kupte-si-kyanid-draselny\/#breadcrumb"},"inLanguage":"en-US","potentialAction":[{"@type":"ReadAction","target":["https:\/\/gooddealersmeds.com\/sk\/product\/kupte-si-kyanid-draselny\/"]}]},{"@type":"ImageObject","inLanguage":"en-US","@id":"https:\/\/gooddealersmeds.com\/sk\/product\/kupte-si-kyanid-draselny\/#primaryimage","url":"https:\/\/gooddealersmeds.com\/sk\/wp-content\/uploads\/sites\/9\/2023\/01\/potassium-cyanide.jpg","contentUrl":"https:\/\/gooddealersmeds.com\/sk\/wp-content\/uploads\/sites\/9\/2023\/01\/potassium-cyanide.jpg","width":503,"height":505},{"@type":"BreadcrumbList","@id":"https:\/\/gooddealersmeds.com\/sk\/product\/kupte-si-kyanid-draselny\/#breadcrumb","itemListElement":[{"@type":"ListItem","position":1,"name":"Home","item":"https:\/\/gooddealersmeds.com\/sk\/"},{"@type":"ListItem","position":2,"name":"Produkty","item":"https:\/\/gooddealersmeds.com\/sk\/produkty\/"},{"@type":"ListItem","position":3,"name":"K\u00fapte si kyanid draseln\u00fd"}]},{"@type":"WebSite","@id":"https:\/\/gooddealersmeds.com\/sk\/#website","url":"https:\/\/gooddealersmeds.com\/sk\/","name":"Good Dealers Meds","description":"All our best","publisher":{"@id":"https:\/\/gooddealersmeds.com\/sk\/#organization"},"potentialAction":[{"@type":"SearchAction","target":{"@type":"EntryPoint","urlTemplate":"https:\/\/gooddealersmeds.com\/sk\/?s={search_term_string}"},"query-input":{"@type":"PropertyValueSpecification","valueRequired":true,"valueName":"search_term_string"}}],"inLanguage":"en-US"},{"@type":"Organization","@id":"https:\/\/gooddealersmeds.com\/sk\/#organization","name":"Good Dealers Meds","url":"https:\/\/gooddealersmeds.com\/sk\/","logo":{"@type":"ImageObject","inLanguage":"en-US","@id":"https:\/\/gooddealersmeds.com\/sk\/#\/schema\/logo\/image\/","url":"https:\/\/gooddealersmeds.com\/sk\/wp-content\/uploads\/sites\/9\/2022\/03\/gooddealersmeds__logo__20220317T222800Z.00.png","contentUrl":"https:\/\/gooddealersmeds.com\/sk\/wp-content\/uploads\/sites\/9\/2022\/03\/gooddealersmeds__logo__20220317T222800Z.00.png","width":500,"height":325,"caption":"Good Dealers Meds"},"image":{"@id":"https:\/\/gooddealersmeds.com\/sk\/#\/schema\/logo\/image\/"}}]}},"_links":{"self":[{"href":"https:\/\/gooddealersmeds.com\/sk\/wp-json\/wp\/v2\/product\/2226","targetHints":{"allow":["GET"]}}],"collection":[{"href":"https:\/\/gooddealersmeds.com\/sk\/wp-json\/wp\/v2\/product"}],"about":[{"href":"https:\/\/gooddealersmeds.com\/sk\/wp-json\/wp\/v2\/types\/product"}],"replies":[{"embeddable":true,"href":"https:\/\/gooddealersmeds.com\/sk\/wp-json\/wp\/v2\/comments?post=2226"}],"wp:featuredmedia":[{"embeddable":true,"href":"https:\/\/gooddealersmeds.com\/sk\/wp-json\/wp\/v2\/media\/2256"}],"wp:attachment":[{"href":"https:\/\/gooddealersmeds.com\/sk\/wp-json\/wp\/v2\/media?parent=2226"}],"wp:term":[{"taxonomy":"product_brand","embeddable":true,"href":"https:\/\/gooddealersmeds.com\/sk\/wp-json\/wp\/v2\/product_brand?post=2226"},{"taxonomy":"product_cat","embeddable":true,"href":"https:\/\/gooddealersmeds.com\/sk\/wp-json\/wp\/v2\/product_cat?post=2226"},{"taxonomy":"product_tag","embeddable":true,"href":"https:\/\/gooddealersmeds.com\/sk\/wp-json\/wp\/v2\/product_tag?post=2226"}],"curies":[{"name":"wp","href":"https:\/\/api.w.org\/{rel}","templated":true}]}}