{"id":2225,"date":"2023-01-08T19:09:14","date_gmt":"2023-01-08T19:09:14","guid":{"rendered":"https:\/\/gooddealersmeds.com\/sk\/?post_type=product&#038;p=2225"},"modified":"2023-03-13T00:49:16","modified_gmt":"2023-03-13T00:49:16","slug":"tekuty-gama-butyrolakton-gbl","status":"publish","type":"product","link":"https:\/\/gooddealersmeds.com\/sk\/product\/tekuty-gama-butyrolakton-gbl\/","title":{"rendered":"Tekut\u00fd gama butyrolakt\u00f3n (Gbl)."},"content":{"rendered":"<h1>Kde k\u00fapi\u0165 GBL, k\u00fapi\u0165 gama butyrolakt\u00f3n online<\/h1>\n<p>K\u00fapi\u0165 gama butyrolakt\u00f3n online. Kde k\u00fapi\u0165 GBL,\u00a0gama-butyrolakt\u00f3n sa na\u0161iel v extraktoch zo vzoriek nefal\u0161ovan\u00fdch v\u00edn. Toto zistenie nazna\u010duje, \u017ee\u00a0<a href=\"https:\/\/www.hiv-drogen.de\/\">GBL<\/a>\u00a0je prirodzene sa vyskytuj\u00faca zlo\u017eka v niektor\u00fdch v\u00ednach a m\u00f4\u017ee by\u0165 pr\u00edtomn\u00e1 v podobn\u00fdch produktoch. Detegovan\u00e1 koncentr\u00e1cia bola pribli\u017ene 5 ug\/ml a bola \u013eahko pozorovate\u013en\u00e1 pomocou jednoduchej extrak\u010dnej techniky nasledovanej GC\/MS anal\u00fdzou. GBL mo\u017eno n\u00e1js\u0165 v syrov\u00fdch ar\u00f3mach, ale zvy\u010dajne m\u00e1 za n\u00e1sledok obsah 0,0002 % GBL v kone\u010dnej potravine.<\/p>\n<p><a href=\"https:\/\/gooddealersmeds.com\/sk\/product\/tekuty-gama-butyrolakton-gbl\/\">Gama butyrolakt\u00f3n<\/a> je chemick\u00e1 l\u00e1tka. \u013dudia ho pou\u017e\u00edvaj\u00fa ako liek. D\u00e1vajte pozor, aby ste si nezamie\u0148ali\u00a0gama butyrolakt\u00f3n\u00a0(GBL) s\u00a0gama hydroxybutyr\u00e1tom\u00a0(GHB). Napriek v\u00e1\u017enym obav\u00e1m o bezpe\u010dnos\u0165 a nez\u00e1konnosti \u013eudia u\u017e\u00edvaj\u00fa gama butyrolakt\u00f3n na zlep\u0161enie \u0161portov\u00e9ho v\u00fdkonu, sp\u00e1nku a sexu\u00e1lnej v\u00fdkonnosti a pote\u0161enia. K\u00fapte si gama butyrolakt\u00f3n online, sk\u00famajte chemik\u00e1lie online v Eur\u00f3pe<\/p>\n<p>Na\u0161e v\u00fdhody. Kde objedna\u0165 gama-butyrolakt\u00f3n<\/p>\n<p>&#8211; Pred\u00e1vame vysoko kvalitn\u00e9 produkty od najlep\u0161\u00edch v\u00fdrobcov,<\/p>\n<p>&#8211; pon\u00fakan\u00fd tovar je dostupn\u00fd na sklade,<\/p>\n<p>&#8211; z\u00e1sielky s\u00fa ve\u013emi dobre zabalen\u00e9,<\/p>\n<p>&#8211; z\u00e1sielka je v\u017edy realizovan\u00e1 expresn\u00fdm tempom,<\/p>\n<p>&#8211; sme leg\u00e1lne funguj\u00faca spolo\u010dnos\u0165.<\/p>\n<p>&#8211; k zak\u00fapen\u00e9mu tovaru v\u017edy dostanete doklad alebo fakt\u00faru.<\/p>\n<p>GoodDealersMeds pon\u00faka najlep\u0161\u00ed gama-butyrolakt\u00f3n, pred\u00e1vame kvalitn\u00e9 produkty Kde k\u00fapi\u0165 gama-butyrolakt\u00f3n<\/p>\n<p>objedna\u0165 gama-butyrolakt\u00f3n v usa, objedna\u0165 gama-butyrolakt\u00f3n na amazone, objedna\u0165 gama-butyrolakt\u00f3n online usa, gama-butyrolakt\u00f3nov\u00fd \u010disti\u010d n\u00e1kup usa, kde objedna\u0165 gama butyrolakt\u00f3ny, gama-butyrolakt\u00f3nov\u00fd \u010disti\u010d usa, n\u00e1kup gama-butyrolakt\u00f3nu ale predaj online, , objedna\u0165 gama-butyrolakt\u00f3n online Austr\u00e1lia, gama-butyrolakt\u00f3n online na predaj, magick\u00fd \u010disti\u010d gama-butyrolakt\u00f3n<b><\/b><\/p>\n<p>Popis<br \/>\nBezfarebn\u00e1 tekutina (kupuje sa v mal\u00fdch f\u013ea\u0161ti\u010dk\u00e1ch), farebn\u00e9 kapsuly.<br \/>\nTerapeutick\u00e9 vyu\u017eitie<br \/>\nAnestetikum so sedat\u00edvnou kvalitou. GHB sa pou\u017e\u00edva ako premedik\u00e1cia pri chirurgick\u00fdch z\u00e1krokoch a v poslednej dobe sa pou\u017e\u00edva pri lie\u010dbe por\u00fach sp\u00e1nku.<br \/>\nOdvykanie vyvol\u00e1va rozru\u0161en\u00fd stav, ako pri in\u00fdch typoch sedat\u00edv<\/p>\n","protected":false},"excerpt":{"rendered":"<p>Dod\u00e1vame GBL vysokej \u010distoty po celom svete, Kde k\u00fapi\u0165 GBL, Na\u0161a kvalita je najlep\u0161ia, ak\u00fa m\u00f4\u017eete n\u00e1js\u0165, objednajte si GBL tu s expresnou dopravou.<\/p>\n","protected":false},"featured_media":2255,"comment_status":"open","ping_status":"closed","template":"","meta":{"inline_featured_image":false},"product_brand":[],"product_cat":[344],"product_tag":[],"class_list":{"0":"post-2225","1":"product","2":"type-product","3":"status-publish","4":"has-post-thumbnail","6":"product_cat-vskum-chemiklie","8":"first","9":"instock","10":"shipping-taxable","11":"purchasable","12":"product-type-variable","13":"has-default-attributes"},"yoast_head":"<!-- This site is optimized with the Yoast SEO Premium plugin v20.6 (Yoast SEO v27.5) - https:\/\/yoast.com\/product\/yoast-seo-premium-wordpress\/ -->\n<title>Kde k\u00fapi\u0165 GBL | GBL na predaj | Objedna\u0165 GBL online | N\u00e1kup GBL.<\/title>\n<meta name=\"description\" content=\"Dod\u00e1vame GBL vysokej \u010distoty po celom svete, Kde k\u00fapi\u0165 GBL, Na\u0161a kvalita je najlep\u0161ia, ak\u00fa m\u00f4\u017eete n\u00e1js\u0165, objednajte si GBL tu s expresnou dopravou.\" \/>\n<meta name=\"robots\" content=\"index, follow, max-snippet:-1, max-image-preview:large, max-video-preview:-1\" \/>\n<link rel=\"canonical\" href=\"https:\/\/gooddealersmeds.com\/sk\/product\/tekuty-gama-butyrolakton-gbl\/\" \/>\n<meta property=\"og:locale\" content=\"en_US\" \/>\n<meta property=\"og:type\" content=\"article\" \/>\n<meta property=\"og:title\" content=\"Tekut\u00fd gama butyrolakt\u00f3n (Gbl).\" \/>\n<meta property=\"og:description\" content=\"Dod\u00e1vame GBL vysokej \u010distoty po celom svete, Kde k\u00fapi\u0165 GBL, Na\u0161a kvalita je najlep\u0161ia, ak\u00fa m\u00f4\u017eete n\u00e1js\u0165, objednajte si GBL tu s expresnou dopravou.\" \/>\n<meta property=\"og:url\" content=\"https:\/\/gooddealersmeds.com\/sk\/product\/tekuty-gama-butyrolakton-gbl\/\" \/>\n<meta property=\"og:site_name\" content=\"Good Dealers Meds\" \/>\n<meta property=\"article:modified_time\" content=\"2023-03-13T00:49:16+00:00\" \/>\n<meta property=\"og:image\" content=\"https:\/\/gooddealersmeds.com\/sk\/wp-content\/uploads\/sites\/9\/2023\/01\/ht.jpg\" \/>\n\t<meta property=\"og:image:width\" content=\"600\" \/>\n\t<meta property=\"og:image:height\" content=\"600\" \/>\n\t<meta property=\"og:image:type\" content=\"image\/jpeg\" \/>\n<meta name=\"twitter:card\" content=\"summary_large_image\" \/>\n<meta name=\"twitter:label1\" content=\"Est. reading time\" \/>\n\t<meta name=\"twitter:data1\" content=\"2 minutes\" \/>\n<script type=\"application\/ld+json\" class=\"yoast-schema-graph\">{\"@context\":\"https:\\\/\\\/schema.org\",\"@graph\":[{\"@type\":\"WebPage\",\"@id\":\"https:\\\/\\\/gooddealersmeds.com\\\/sk\\\/product\\\/tekuty-gama-butyrolakton-gbl\\\/\",\"url\":\"https:\\\/\\\/gooddealersmeds.com\\\/sk\\\/product\\\/tekuty-gama-butyrolakton-gbl\\\/\",\"name\":\"Kde k\u00fapi\u0165 GBL | GBL na predaj | Objedna\u0165 GBL online | N\u00e1kup GBL.\",\"isPartOf\":{\"@id\":\"https:\\\/\\\/gooddealersmeds.com\\\/sk\\\/#website\"},\"primaryImageOfPage\":{\"@id\":\"https:\\\/\\\/gooddealersmeds.com\\\/sk\\\/product\\\/tekuty-gama-butyrolakton-gbl\\\/#primaryimage\"},\"image\":{\"@id\":\"https:\\\/\\\/gooddealersmeds.com\\\/sk\\\/product\\\/tekuty-gama-butyrolakton-gbl\\\/#primaryimage\"},\"thumbnailUrl\":\"https:\\\/\\\/gooddealersmeds.com\\\/sk\\\/wp-content\\\/uploads\\\/sites\\\/9\\\/2023\\\/01\\\/ht.jpg\",\"datePublished\":\"2023-01-08T19:09:14+00:00\",\"dateModified\":\"2023-03-13T00:49:16+00:00\",\"description\":\"Dod\u00e1vame GBL vysokej \u010distoty po celom svete, Kde k\u00fapi\u0165 GBL, Na\u0161a kvalita je najlep\u0161ia, ak\u00fa m\u00f4\u017eete n\u00e1js\u0165, objednajte si GBL tu s expresnou dopravou.\",\"breadcrumb\":{\"@id\":\"https:\\\/\\\/gooddealersmeds.com\\\/sk\\\/product\\\/tekuty-gama-butyrolakton-gbl\\\/#breadcrumb\"},\"inLanguage\":\"en-US\",\"potentialAction\":[{\"@type\":\"ReadAction\",\"target\":[\"https:\\\/\\\/gooddealersmeds.com\\\/sk\\\/product\\\/tekuty-gama-butyrolakton-gbl\\\/\"]}]},{\"@type\":\"ImageObject\",\"inLanguage\":\"en-US\",\"@id\":\"https:\\\/\\\/gooddealersmeds.com\\\/sk\\\/product\\\/tekuty-gama-butyrolakton-gbl\\\/#primaryimage\",\"url\":\"https:\\\/\\\/gooddealersmeds.com\\\/sk\\\/wp-content\\\/uploads\\\/sites\\\/9\\\/2023\\\/01\\\/ht.jpg\",\"contentUrl\":\"https:\\\/\\\/gooddealersmeds.com\\\/sk\\\/wp-content\\\/uploads\\\/sites\\\/9\\\/2023\\\/01\\\/ht.jpg\",\"width\":600,\"height\":600},{\"@type\":\"BreadcrumbList\",\"@id\":\"https:\\\/\\\/gooddealersmeds.com\\\/sk\\\/product\\\/tekuty-gama-butyrolakton-gbl\\\/#breadcrumb\",\"itemListElement\":[{\"@type\":\"ListItem\",\"position\":1,\"name\":\"Home\",\"item\":\"https:\\\/\\\/gooddealersmeds.com\\\/sk\\\/\"},{\"@type\":\"ListItem\",\"position\":2,\"name\":\"Produkty\",\"item\":\"https:\\\/\\\/gooddealersmeds.com\\\/sk\\\/produkty\\\/\"},{\"@type\":\"ListItem\",\"position\":3,\"name\":\"Tekut\u00fd gama butyrolakt\u00f3n (Gbl).\"}]},{\"@type\":\"WebSite\",\"@id\":\"https:\\\/\\\/gooddealersmeds.com\\\/sk\\\/#website\",\"url\":\"https:\\\/\\\/gooddealersmeds.com\\\/sk\\\/\",\"name\":\"Good Dealers Meds\",\"description\":\"All our best\",\"publisher\":{\"@id\":\"https:\\\/\\\/gooddealersmeds.com\\\/sk\\\/#organization\"},\"potentialAction\":[{\"@type\":\"SearchAction\",\"target\":{\"@type\":\"EntryPoint\",\"urlTemplate\":\"https:\\\/\\\/gooddealersmeds.com\\\/sk\\\/?s={search_term_string}\"},\"query-input\":{\"@type\":\"PropertyValueSpecification\",\"valueRequired\":true,\"valueName\":\"search_term_string\"}}],\"inLanguage\":\"en-US\"},{\"@type\":\"Organization\",\"@id\":\"https:\\\/\\\/gooddealersmeds.com\\\/sk\\\/#organization\",\"name\":\"Good Dealers Meds\",\"url\":\"https:\\\/\\\/gooddealersmeds.com\\\/sk\\\/\",\"logo\":{\"@type\":\"ImageObject\",\"inLanguage\":\"en-US\",\"@id\":\"https:\\\/\\\/gooddealersmeds.com\\\/sk\\\/#\\\/schema\\\/logo\\\/image\\\/\",\"url\":\"https:\\\/\\\/gooddealersmeds.com\\\/sk\\\/wp-content\\\/uploads\\\/sites\\\/9\\\/2022\\\/03\\\/gooddealersmeds__logo__20220317T222800Z.00.png\",\"contentUrl\":\"https:\\\/\\\/gooddealersmeds.com\\\/sk\\\/wp-content\\\/uploads\\\/sites\\\/9\\\/2022\\\/03\\\/gooddealersmeds__logo__20220317T222800Z.00.png\",\"width\":500,\"height\":325,\"caption\":\"Good Dealers Meds\"},\"image\":{\"@id\":\"https:\\\/\\\/gooddealersmeds.com\\\/sk\\\/#\\\/schema\\\/logo\\\/image\\\/\"}}]}<\/script>\n<!-- \/ Yoast SEO Premium plugin. -->","yoast_head_json":{"title":"Kde k\u00fapi\u0165 GBL | GBL na predaj | Objedna\u0165 GBL online | N\u00e1kup GBL.","description":"Dod\u00e1vame GBL vysokej \u010distoty po celom svete, Kde k\u00fapi\u0165 GBL, Na\u0161a kvalita je najlep\u0161ia, ak\u00fa m\u00f4\u017eete n\u00e1js\u0165, objednajte si GBL tu s expresnou dopravou.","robots":{"index":"index","follow":"follow","max-snippet":"max-snippet:-1","max-image-preview":"max-image-preview:large","max-video-preview":"max-video-preview:-1"},"canonical":"https:\/\/gooddealersmeds.com\/sk\/product\/tekuty-gama-butyrolakton-gbl\/","og_locale":"en_US","og_type":"article","og_title":"Tekut\u00fd gama butyrolakt\u00f3n (Gbl).","og_description":"Dod\u00e1vame GBL vysokej \u010distoty po celom svete, Kde k\u00fapi\u0165 GBL, Na\u0161a kvalita je najlep\u0161ia, ak\u00fa m\u00f4\u017eete n\u00e1js\u0165, objednajte si GBL tu s expresnou dopravou.","og_url":"https:\/\/gooddealersmeds.com\/sk\/product\/tekuty-gama-butyrolakton-gbl\/","og_site_name":"Good Dealers Meds","article_modified_time":"2023-03-13T00:49:16+00:00","og_image":[{"width":600,"height":600,"url":"https:\/\/gooddealersmeds.com\/sk\/wp-content\/uploads\/sites\/9\/2023\/01\/ht.jpg","type":"image\/jpeg"}],"twitter_card":"summary_large_image","twitter_misc":{"Est. reading time":"2 minutes"},"schema":{"@context":"https:\/\/schema.org","@graph":[{"@type":"WebPage","@id":"https:\/\/gooddealersmeds.com\/sk\/product\/tekuty-gama-butyrolakton-gbl\/","url":"https:\/\/gooddealersmeds.com\/sk\/product\/tekuty-gama-butyrolakton-gbl\/","name":"Kde k\u00fapi\u0165 GBL | GBL na predaj | Objedna\u0165 GBL online | N\u00e1kup GBL.","isPartOf":{"@id":"https:\/\/gooddealersmeds.com\/sk\/#website"},"primaryImageOfPage":{"@id":"https:\/\/gooddealersmeds.com\/sk\/product\/tekuty-gama-butyrolakton-gbl\/#primaryimage"},"image":{"@id":"https:\/\/gooddealersmeds.com\/sk\/product\/tekuty-gama-butyrolakton-gbl\/#primaryimage"},"thumbnailUrl":"https:\/\/gooddealersmeds.com\/sk\/wp-content\/uploads\/sites\/9\/2023\/01\/ht.jpg","datePublished":"2023-01-08T19:09:14+00:00","dateModified":"2023-03-13T00:49:16+00:00","description":"Dod\u00e1vame GBL vysokej \u010distoty po celom svete, Kde k\u00fapi\u0165 GBL, Na\u0161a kvalita je najlep\u0161ia, ak\u00fa m\u00f4\u017eete n\u00e1js\u0165, objednajte si GBL tu s expresnou dopravou.","breadcrumb":{"@id":"https:\/\/gooddealersmeds.com\/sk\/product\/tekuty-gama-butyrolakton-gbl\/#breadcrumb"},"inLanguage":"en-US","potentialAction":[{"@type":"ReadAction","target":["https:\/\/gooddealersmeds.com\/sk\/product\/tekuty-gama-butyrolakton-gbl\/"]}]},{"@type":"ImageObject","inLanguage":"en-US","@id":"https:\/\/gooddealersmeds.com\/sk\/product\/tekuty-gama-butyrolakton-gbl\/#primaryimage","url":"https:\/\/gooddealersmeds.com\/sk\/wp-content\/uploads\/sites\/9\/2023\/01\/ht.jpg","contentUrl":"https:\/\/gooddealersmeds.com\/sk\/wp-content\/uploads\/sites\/9\/2023\/01\/ht.jpg","width":600,"height":600},{"@type":"BreadcrumbList","@id":"https:\/\/gooddealersmeds.com\/sk\/product\/tekuty-gama-butyrolakton-gbl\/#breadcrumb","itemListElement":[{"@type":"ListItem","position":1,"name":"Home","item":"https:\/\/gooddealersmeds.com\/sk\/"},{"@type":"ListItem","position":2,"name":"Produkty","item":"https:\/\/gooddealersmeds.com\/sk\/produkty\/"},{"@type":"ListItem","position":3,"name":"Tekut\u00fd gama butyrolakt\u00f3n (Gbl)."}]},{"@type":"WebSite","@id":"https:\/\/gooddealersmeds.com\/sk\/#website","url":"https:\/\/gooddealersmeds.com\/sk\/","name":"Good Dealers Meds","description":"All our best","publisher":{"@id":"https:\/\/gooddealersmeds.com\/sk\/#organization"},"potentialAction":[{"@type":"SearchAction","target":{"@type":"EntryPoint","urlTemplate":"https:\/\/gooddealersmeds.com\/sk\/?s={search_term_string}"},"query-input":{"@type":"PropertyValueSpecification","valueRequired":true,"valueName":"search_term_string"}}],"inLanguage":"en-US"},{"@type":"Organization","@id":"https:\/\/gooddealersmeds.com\/sk\/#organization","name":"Good Dealers Meds","url":"https:\/\/gooddealersmeds.com\/sk\/","logo":{"@type":"ImageObject","inLanguage":"en-US","@id":"https:\/\/gooddealersmeds.com\/sk\/#\/schema\/logo\/image\/","url":"https:\/\/gooddealersmeds.com\/sk\/wp-content\/uploads\/sites\/9\/2022\/03\/gooddealersmeds__logo__20220317T222800Z.00.png","contentUrl":"https:\/\/gooddealersmeds.com\/sk\/wp-content\/uploads\/sites\/9\/2022\/03\/gooddealersmeds__logo__20220317T222800Z.00.png","width":500,"height":325,"caption":"Good Dealers Meds"},"image":{"@id":"https:\/\/gooddealersmeds.com\/sk\/#\/schema\/logo\/image\/"}}]}},"_links":{"self":[{"href":"https:\/\/gooddealersmeds.com\/sk\/wp-json\/wp\/v2\/product\/2225","targetHints":{"allow":["GET"]}}],"collection":[{"href":"https:\/\/gooddealersmeds.com\/sk\/wp-json\/wp\/v2\/product"}],"about":[{"href":"https:\/\/gooddealersmeds.com\/sk\/wp-json\/wp\/v2\/types\/product"}],"replies":[{"embeddable":true,"href":"https:\/\/gooddealersmeds.com\/sk\/wp-json\/wp\/v2\/comments?post=2225"}],"wp:featuredmedia":[{"embeddable":true,"href":"https:\/\/gooddealersmeds.com\/sk\/wp-json\/wp\/v2\/media\/2255"}],"wp:attachment":[{"href":"https:\/\/gooddealersmeds.com\/sk\/wp-json\/wp\/v2\/media?parent=2225"}],"wp:term":[{"taxonomy":"product_brand","embeddable":true,"href":"https:\/\/gooddealersmeds.com\/sk\/wp-json\/wp\/v2\/product_brand?post=2225"},{"taxonomy":"product_cat","embeddable":true,"href":"https:\/\/gooddealersmeds.com\/sk\/wp-json\/wp\/v2\/product_cat?post=2225"},{"taxonomy":"product_tag","embeddable":true,"href":"https:\/\/gooddealersmeds.com\/sk\/wp-json\/wp\/v2\/product_tag?post=2225"}],"curies":[{"name":"wp","href":"https:\/\/api.w.org\/{rel}","templated":true}]}}