{"id":2224,"date":"2023-01-08T19:09:14","date_gmt":"2023-01-08T19:09:14","guid":{"rendered":"https:\/\/gooddealersmeds.com\/sk\/?post_type=product&#038;p=2224"},"modified":"2023-03-13T00:50:54","modified_gmt":"2023-03-13T00:50:54","slug":"objednajte-si-apaan-alfa-fenylacetoacetonitril-online","status":"publish","type":"product","link":"https:\/\/gooddealersmeds.com\/sk\/product\/objednajte-si-apaan-alfa-fenylacetoacetonitril-online\/","title":{"rendered":"Objednajte si APAAN (alfa-fenylacetoacetonitril) online"},"content":{"rendered":"<h2>K\u00fapi\u0165 APAAN (alfa-fenylacetoacetonitril) online \u2013 Objednajte si APAAN online<\/h2>\n<p>Objednajte si APAAN online. APAAN (tie\u017e naz\u00fdvan\u00fd: apane) alebo alfa-fenylacetoacetonitril (anglicky: alfa-fenylacetoacetonitril) je organick\u00e1 zl\u00fa\u010denina pou\u017e\u00edvan\u00e1 pri v\u00fdrobe nieko\u013ek\u00fdch lie\u010div. APAAN obsahuje nitrilov\u00fa skupinu a benz\u00e9nov\u00fd kruh (fenylov\u00fa skupinu).<\/p>\n<p>L\u00e1tka sl\u00fa\u017ei ako drogov\u00fd prekurzor na v\u00fdrobu l\u00e1tky fenylacet\u00f3n (zn\u00e1my aj ako BMK = benzylmetylket\u00f3n) a pou\u017e\u00edva sa na v\u00fdrobu stimulantu metamfetam\u00ednu a amfetam\u00ednu. Existuj\u00fa aj in\u00e9 sp\u00f4soby v\u00fdroby metamfetam\u00ednu. Konkr\u00e9tne americk\u00e9 ministerstvo zahrani\u010dia uv\u00e1dza Holandsko ako miesto, kde sa pou\u017e\u00edva APAAN. [1] Eur\u00f3pske monitorovacie centrum pre drogy a drogov\u00fa z\u00e1vislos\u0165 (EMCDDA) konkr\u00e9tne spom\u00edna Po\u013esko. K\u00fapi\u0165 APAAN (<a href=\"https:\/\/nl.wikipedia.org\/wiki\/APAAN\">alfa-fenylacetoacetonitril<\/a>) online<\/p>\n<p>&nbsp;<\/p>\n<p>Zvy\u010dajne nie je nikdy \u0165a\u017ek\u00e9 n\u00e1js\u0165 \u010doko\u013evek, \u010do je mo\u017en\u00e9 k\u00fapi\u0165. Probl\u00e9m nast\u00e1va pri k\u00fape tejto veci. Pokia\u013e ide o APAAN, existuje to\u013eko predajcov, ktor\u00ed v\u00e1m s\u013e\u00fabia predaj produktu za ve\u013emi prijate\u013en\u00fa cenu. Mali by ste si v\u0161ak uvedomi\u0165, \u017ee APAAN je kontrolovan\u00e1 l\u00e1tka vo v\u00e4\u010d\u0161ine kraj\u00edn a nie je mo\u017en\u00e9, aby bola tak \u013eahko dostupn\u00e1. Pokia\u013e ide o predaj APAAN, existuje pr\u00edli\u0161 ve\u013ea riz\u00edk a m\u00f4\u017eu to by\u0165 podvodn\u00edci, ktor\u00ed sa v\u00e1s sna\u017eia pripravi\u0165 o va\u0161e \u0165a\u017eko zaroben\u00e9 peniaze.<\/p>\n<h3>Odkia\u013e teda z\u00edskate APAAN na predaj?<\/h3>\n<p>Jednoduch\u00fd sp\u00f4sob, ako z\u00edska\u0165\u00a0APAAN, je urobi\u0165 to z\u00a0online obchodu. Ke\u010f\u017ee online obchod neust\u00e1le rastie, je st\u00e1le jednoduch\u0161ie z\u00edska\u0165 dokonca kontrolovan\u00e9 l\u00e1tky. V\u0161etko, \u010do mus\u00edte urobi\u0165, je n\u00e1js\u0165 dobr\u00fa online spolo\u010dnos\u0165, ktor\u00e1 v\u00e1m diskr\u00e9tne doru\u010d\u00ed v\u00e1\u0161 produkt. Jednou z tak\u00fdchto spolo\u010dnost\u00ed sme aj my.<\/p>\n<p>APAAN a \u010fal\u0161ie s\u00favisiace l\u00e1tky pred\u00e1vame za ve\u013emi prijate\u013en\u00fa cenu. Po dlh\u0161om obdob\u00ed podnikania presne vieme, \u010do v\u0161etci na\u0161i z\u00e1kazn\u00edci chc\u00fa a \u010do si zasl\u00fa\u017eia. V\u0161etk\u00fdm n\u00e1m ide o kvalitn\u00e9 slu\u017eby a produkty. Zaka\u017ed\u00fdm, ke\u010f u n\u00e1s nak\u00fapite, dostanete to najlep\u0161ie.<\/p>\n<p>Pri dod\u00e1vkach db\u00e1me na to, aby boli diskr\u00e9tne a \u010do najr\u00fdchlej\u0161ie. V\u00e1\u0161 bal\u00edk je odoslan\u00fd do 24 hod\u00edn od prijatia va\u0161ej platby a odosielame ho kuri\u00e9rom s r\u00fdchlym doru\u010den\u00edm, tak\u017ee bal\u00edk dostanete do piatich dn\u00ed od odoslania. Dostanete tie\u017e e-mail s \u010d\u00edslom z\u00e1sielky. Vraciame aj peniaze za bal\u00edky, ktor\u00e9 sa m\u00f4\u017eu strati\u0165 na ceste alebo sa pokazia. M\u00f4\u017eeme v\u0161ak zaru\u010di\u0165, \u017ee t\u00fdchto pr\u00edpadov je ve\u013emi m\u00e1lo, preto\u017ee sa v\u00e1m sna\u017e\u00edme ka\u017ed\u00fd de\u0148 pon\u00faknu\u0165 len tie kvalitn\u00e9 slu\u017eby, ktor\u00e9 si zasl\u00fa\u017eite. Pokia\u013e ide o poplatky za dopravu, bud\u00fa zah\u0155\u0148a\u0165 baln\u00e9 a manipula\u010dn\u00e9 poplatky, ako aj n\u00e1klady na po\u0161tovn\u00e9. Upozor\u0148ujeme, \u017ee v\u00e1\u0161 poplatok za dopravu bude z\u00e1visie\u0165 od mno\u017estva, ktor\u00e9 m\u00e1te v objedn\u00e1vke, a od miesta ur\u010denia v\u00e1\u0161ho bal\u00edka.<\/p>\n<p>Zabezpe\u010dujeme tie\u017e, aby bola bran\u00e1 do \u00favahy va\u0161a bezpe\u010dnos\u0165. Posielame diskr\u00e9tne a priamo, aby sme zabezpe\u010dili, \u017ee v\u00e1\u0161 bal\u00edk nepr\u00edde s nik\u00fdm do kontaktu. Investovali sme tie\u017e do najnov\u0161ej technol\u00f3gie \u0161ifrovania, aby sme ochr\u00e1nili va\u0161e osobn\u00e9 a finan\u010dn\u00e9 inform\u00e1cie pred ak\u00fdmko\u013evek hackerom.<\/p>\n","protected":false},"excerpt":{"rendered":"<p>Objednajte si APAAN online, sme spo\u013eahliv\u00fd a d\u00f4veryhodn\u00fd dod\u00e1vate\u013e APAAN, s r\u00fdchlym doru\u010den\u00edm 100% zaru\u010den\u00fdm &amp; d\u00f4veryhodn\u00fd. K\u00fapte si lacn\u00fd APAAN online.<\/p>\n","protected":false},"featured_media":2254,"comment_status":"open","ping_status":"closed","template":"","meta":{"inline_featured_image":false},"product_brand":[],"product_cat":[344],"product_tag":[642,647,644,645,646,643],"class_list":{"0":"post-2224","1":"product","2":"type-product","3":"status-publish","4":"has-post-thumbnail","6":"product_cat-vskum-chemiklie","7":"product_tag-hromadna-cena-alfa-fenylacetoacetonitrilu","8":"product_tag-kde-kupit-apaan-online","9":"product_tag-kompletny-predaj-apaan-online","10":"product_tag-kupit-apaan-online","11":"product_tag-objednat-si-apaan-za-dobre-ceny","12":"product_tag-vyrobcovia-apaan-online","14":"first","15":"instock","16":"shipping-taxable","17":"purchasable","18":"product-type-variable","19":"has-default-attributes"},"yoast_head":"<!-- This site is optimized with the Yoast SEO Premium plugin v20.6 (Yoast SEO v27.4) - https:\/\/yoast.com\/product\/yoast-seo-premium-wordpress\/ -->\n<title>Objednajte si APAAN online | APAAN na predaj | K\u00fapte si lacno APAAN<\/title>\n<meta name=\"description\" content=\"Objednajte si APAAN online, sme spo\u013eahliv\u00fd a d\u00f4veryhodn\u00fd dod\u00e1vate\u013e APAAN s r\u00fdchlym doru\u010den\u00edm 100% zaru\u010den\u00fdm a d\u00f4veryhodn\u00fdm. K\u00fapte si lacn\u00fd APAAN online.\" \/>\n<meta name=\"robots\" content=\"index, follow, max-snippet:-1, max-image-preview:large, max-video-preview:-1\" \/>\n<link rel=\"canonical\" href=\"https:\/\/gooddealersmeds.com\/sk\/product\/objednajte-si-apaan-alfa-fenylacetoacetonitril-online\/\" \/>\n<meta property=\"og:locale\" content=\"en_US\" \/>\n<meta property=\"og:type\" content=\"article\" \/>\n<meta property=\"og:title\" content=\"Objednajte si APAAN (alfa-fenylacetoacetonitril) online\" \/>\n<meta property=\"og:description\" content=\"Objednajte si APAAN online, sme spo\u013eahliv\u00fd a d\u00f4veryhodn\u00fd dod\u00e1vate\u013e APAAN s r\u00fdchlym doru\u010den\u00edm 100% zaru\u010den\u00fdm a d\u00f4veryhodn\u00fdm. K\u00fapte si lacn\u00fd APAAN online.\" \/>\n<meta property=\"og:url\" content=\"https:\/\/gooddealersmeds.com\/sk\/product\/objednajte-si-apaan-alfa-fenylacetoacetonitril-online\/\" \/>\n<meta property=\"og:site_name\" content=\"Good Dealers Meds\" \/>\n<meta property=\"article:modified_time\" content=\"2023-03-13T00:50:54+00:00\" \/>\n<meta property=\"og:image\" content=\"https:\/\/gooddealersmeds.com\/sk\/wp-content\/uploads\/sites\/9\/2023\/01\/apaan.jpg\" \/>\n\t<meta property=\"og:image:width\" content=\"600\" \/>\n\t<meta property=\"og:image:height\" content=\"600\" \/>\n\t<meta property=\"og:image:type\" content=\"image\/jpeg\" \/>\n<meta name=\"twitter:card\" content=\"summary_large_image\" \/>\n<meta name=\"twitter:label1\" content=\"Est. reading time\" \/>\n\t<meta name=\"twitter:data1\" content=\"3 minutes\" \/>\n<script type=\"application\/ld+json\" class=\"yoast-schema-graph\">{\"@context\":\"https:\\\/\\\/schema.org\",\"@graph\":[{\"@type\":\"WebPage\",\"@id\":\"https:\\\/\\\/gooddealersmeds.com\\\/sk\\\/product\\\/objednajte-si-apaan-alfa-fenylacetoacetonitril-online\\\/\",\"url\":\"https:\\\/\\\/gooddealersmeds.com\\\/sk\\\/product\\\/objednajte-si-apaan-alfa-fenylacetoacetonitril-online\\\/\",\"name\":\"Objednajte si APAAN online | APAAN na predaj | K\u00fapte si lacno APAAN\",\"isPartOf\":{\"@id\":\"https:\\\/\\\/gooddealersmeds.com\\\/sk\\\/#website\"},\"primaryImageOfPage\":{\"@id\":\"https:\\\/\\\/gooddealersmeds.com\\\/sk\\\/product\\\/objednajte-si-apaan-alfa-fenylacetoacetonitril-online\\\/#primaryimage\"},\"image\":{\"@id\":\"https:\\\/\\\/gooddealersmeds.com\\\/sk\\\/product\\\/objednajte-si-apaan-alfa-fenylacetoacetonitril-online\\\/#primaryimage\"},\"thumbnailUrl\":\"https:\\\/\\\/gooddealersmeds.com\\\/sk\\\/wp-content\\\/uploads\\\/sites\\\/9\\\/2023\\\/01\\\/apaan.jpg\",\"datePublished\":\"2023-01-08T19:09:14+00:00\",\"dateModified\":\"2023-03-13T00:50:54+00:00\",\"description\":\"Objednajte si APAAN online, sme spo\u013eahliv\u00fd a d\u00f4veryhodn\u00fd dod\u00e1vate\u013e APAAN s r\u00fdchlym doru\u010den\u00edm 100% zaru\u010den\u00fdm a d\u00f4veryhodn\u00fdm. K\u00fapte si lacn\u00fd APAAN online.\",\"breadcrumb\":{\"@id\":\"https:\\\/\\\/gooddealersmeds.com\\\/sk\\\/product\\\/objednajte-si-apaan-alfa-fenylacetoacetonitril-online\\\/#breadcrumb\"},\"inLanguage\":\"en-US\",\"potentialAction\":[{\"@type\":\"ReadAction\",\"target\":[\"https:\\\/\\\/gooddealersmeds.com\\\/sk\\\/product\\\/objednajte-si-apaan-alfa-fenylacetoacetonitril-online\\\/\"]}]},{\"@type\":\"ImageObject\",\"inLanguage\":\"en-US\",\"@id\":\"https:\\\/\\\/gooddealersmeds.com\\\/sk\\\/product\\\/objednajte-si-apaan-alfa-fenylacetoacetonitril-online\\\/#primaryimage\",\"url\":\"https:\\\/\\\/gooddealersmeds.com\\\/sk\\\/wp-content\\\/uploads\\\/sites\\\/9\\\/2023\\\/01\\\/apaan.jpg\",\"contentUrl\":\"https:\\\/\\\/gooddealersmeds.com\\\/sk\\\/wp-content\\\/uploads\\\/sites\\\/9\\\/2023\\\/01\\\/apaan.jpg\",\"width\":600,\"height\":600},{\"@type\":\"BreadcrumbList\",\"@id\":\"https:\\\/\\\/gooddealersmeds.com\\\/sk\\\/product\\\/objednajte-si-apaan-alfa-fenylacetoacetonitril-online\\\/#breadcrumb\",\"itemListElement\":[{\"@type\":\"ListItem\",\"position\":1,\"name\":\"Home\",\"item\":\"https:\\\/\\\/gooddealersmeds.com\\\/sk\\\/\"},{\"@type\":\"ListItem\",\"position\":2,\"name\":\"Produkty\",\"item\":\"https:\\\/\\\/gooddealersmeds.com\\\/sk\\\/produkty\\\/\"},{\"@type\":\"ListItem\",\"position\":3,\"name\":\"Objednajte si APAAN (alfa-fenylacetoacetonitril) online\"}]},{\"@type\":\"WebSite\",\"@id\":\"https:\\\/\\\/gooddealersmeds.com\\\/sk\\\/#website\",\"url\":\"https:\\\/\\\/gooddealersmeds.com\\\/sk\\\/\",\"name\":\"Good Dealers Meds\",\"description\":\"All our best\",\"publisher\":{\"@id\":\"https:\\\/\\\/gooddealersmeds.com\\\/sk\\\/#organization\"},\"potentialAction\":[{\"@type\":\"SearchAction\",\"target\":{\"@type\":\"EntryPoint\",\"urlTemplate\":\"https:\\\/\\\/gooddealersmeds.com\\\/sk\\\/?s={search_term_string}\"},\"query-input\":{\"@type\":\"PropertyValueSpecification\",\"valueRequired\":true,\"valueName\":\"search_term_string\"}}],\"inLanguage\":\"en-US\"},{\"@type\":\"Organization\",\"@id\":\"https:\\\/\\\/gooddealersmeds.com\\\/sk\\\/#organization\",\"name\":\"Good Dealers Meds\",\"url\":\"https:\\\/\\\/gooddealersmeds.com\\\/sk\\\/\",\"logo\":{\"@type\":\"ImageObject\",\"inLanguage\":\"en-US\",\"@id\":\"https:\\\/\\\/gooddealersmeds.com\\\/sk\\\/#\\\/schema\\\/logo\\\/image\\\/\",\"url\":\"https:\\\/\\\/gooddealersmeds.com\\\/sk\\\/wp-content\\\/uploads\\\/sites\\\/9\\\/2022\\\/03\\\/gooddealersmeds__logo__20220317T222800Z.00.png\",\"contentUrl\":\"https:\\\/\\\/gooddealersmeds.com\\\/sk\\\/wp-content\\\/uploads\\\/sites\\\/9\\\/2022\\\/03\\\/gooddealersmeds__logo__20220317T222800Z.00.png\",\"width\":500,\"height\":325,\"caption\":\"Good Dealers Meds\"},\"image\":{\"@id\":\"https:\\\/\\\/gooddealersmeds.com\\\/sk\\\/#\\\/schema\\\/logo\\\/image\\\/\"}}]}<\/script>\n<!-- \/ Yoast SEO Premium plugin. -->","yoast_head_json":{"title":"Objednajte si APAAN online | APAAN na predaj | K\u00fapte si lacno APAAN","description":"Objednajte si APAAN online, sme spo\u013eahliv\u00fd a d\u00f4veryhodn\u00fd dod\u00e1vate\u013e APAAN s r\u00fdchlym doru\u010den\u00edm 100% zaru\u010den\u00fdm a d\u00f4veryhodn\u00fdm. K\u00fapte si lacn\u00fd APAAN online.","robots":{"index":"index","follow":"follow","max-snippet":"max-snippet:-1","max-image-preview":"max-image-preview:large","max-video-preview":"max-video-preview:-1"},"canonical":"https:\/\/gooddealersmeds.com\/sk\/product\/objednajte-si-apaan-alfa-fenylacetoacetonitril-online\/","og_locale":"en_US","og_type":"article","og_title":"Objednajte si APAAN (alfa-fenylacetoacetonitril) online","og_description":"Objednajte si APAAN online, sme spo\u013eahliv\u00fd a d\u00f4veryhodn\u00fd dod\u00e1vate\u013e APAAN s r\u00fdchlym doru\u010den\u00edm 100% zaru\u010den\u00fdm a d\u00f4veryhodn\u00fdm. K\u00fapte si lacn\u00fd APAAN online.","og_url":"https:\/\/gooddealersmeds.com\/sk\/product\/objednajte-si-apaan-alfa-fenylacetoacetonitril-online\/","og_site_name":"Good Dealers Meds","article_modified_time":"2023-03-13T00:50:54+00:00","og_image":[{"width":600,"height":600,"url":"https:\/\/gooddealersmeds.com\/sk\/wp-content\/uploads\/sites\/9\/2023\/01\/apaan.jpg","type":"image\/jpeg"}],"twitter_card":"summary_large_image","twitter_misc":{"Est. reading time":"3 minutes"},"schema":{"@context":"https:\/\/schema.org","@graph":[{"@type":"WebPage","@id":"https:\/\/gooddealersmeds.com\/sk\/product\/objednajte-si-apaan-alfa-fenylacetoacetonitril-online\/","url":"https:\/\/gooddealersmeds.com\/sk\/product\/objednajte-si-apaan-alfa-fenylacetoacetonitril-online\/","name":"Objednajte si APAAN online | APAAN na predaj | K\u00fapte si lacno APAAN","isPartOf":{"@id":"https:\/\/gooddealersmeds.com\/sk\/#website"},"primaryImageOfPage":{"@id":"https:\/\/gooddealersmeds.com\/sk\/product\/objednajte-si-apaan-alfa-fenylacetoacetonitril-online\/#primaryimage"},"image":{"@id":"https:\/\/gooddealersmeds.com\/sk\/product\/objednajte-si-apaan-alfa-fenylacetoacetonitril-online\/#primaryimage"},"thumbnailUrl":"https:\/\/gooddealersmeds.com\/sk\/wp-content\/uploads\/sites\/9\/2023\/01\/apaan.jpg","datePublished":"2023-01-08T19:09:14+00:00","dateModified":"2023-03-13T00:50:54+00:00","description":"Objednajte si APAAN online, sme spo\u013eahliv\u00fd a d\u00f4veryhodn\u00fd dod\u00e1vate\u013e APAAN s r\u00fdchlym doru\u010den\u00edm 100% zaru\u010den\u00fdm a d\u00f4veryhodn\u00fdm. K\u00fapte si lacn\u00fd APAAN online.","breadcrumb":{"@id":"https:\/\/gooddealersmeds.com\/sk\/product\/objednajte-si-apaan-alfa-fenylacetoacetonitril-online\/#breadcrumb"},"inLanguage":"en-US","potentialAction":[{"@type":"ReadAction","target":["https:\/\/gooddealersmeds.com\/sk\/product\/objednajte-si-apaan-alfa-fenylacetoacetonitril-online\/"]}]},{"@type":"ImageObject","inLanguage":"en-US","@id":"https:\/\/gooddealersmeds.com\/sk\/product\/objednajte-si-apaan-alfa-fenylacetoacetonitril-online\/#primaryimage","url":"https:\/\/gooddealersmeds.com\/sk\/wp-content\/uploads\/sites\/9\/2023\/01\/apaan.jpg","contentUrl":"https:\/\/gooddealersmeds.com\/sk\/wp-content\/uploads\/sites\/9\/2023\/01\/apaan.jpg","width":600,"height":600},{"@type":"BreadcrumbList","@id":"https:\/\/gooddealersmeds.com\/sk\/product\/objednajte-si-apaan-alfa-fenylacetoacetonitril-online\/#breadcrumb","itemListElement":[{"@type":"ListItem","position":1,"name":"Home","item":"https:\/\/gooddealersmeds.com\/sk\/"},{"@type":"ListItem","position":2,"name":"Produkty","item":"https:\/\/gooddealersmeds.com\/sk\/produkty\/"},{"@type":"ListItem","position":3,"name":"Objednajte si APAAN (alfa-fenylacetoacetonitril) online"}]},{"@type":"WebSite","@id":"https:\/\/gooddealersmeds.com\/sk\/#website","url":"https:\/\/gooddealersmeds.com\/sk\/","name":"Good Dealers Meds","description":"All our best","publisher":{"@id":"https:\/\/gooddealersmeds.com\/sk\/#organization"},"potentialAction":[{"@type":"SearchAction","target":{"@type":"EntryPoint","urlTemplate":"https:\/\/gooddealersmeds.com\/sk\/?s={search_term_string}"},"query-input":{"@type":"PropertyValueSpecification","valueRequired":true,"valueName":"search_term_string"}}],"inLanguage":"en-US"},{"@type":"Organization","@id":"https:\/\/gooddealersmeds.com\/sk\/#organization","name":"Good Dealers Meds","url":"https:\/\/gooddealersmeds.com\/sk\/","logo":{"@type":"ImageObject","inLanguage":"en-US","@id":"https:\/\/gooddealersmeds.com\/sk\/#\/schema\/logo\/image\/","url":"https:\/\/gooddealersmeds.com\/sk\/wp-content\/uploads\/sites\/9\/2022\/03\/gooddealersmeds__logo__20220317T222800Z.00.png","contentUrl":"https:\/\/gooddealersmeds.com\/sk\/wp-content\/uploads\/sites\/9\/2022\/03\/gooddealersmeds__logo__20220317T222800Z.00.png","width":500,"height":325,"caption":"Good Dealers Meds"},"image":{"@id":"https:\/\/gooddealersmeds.com\/sk\/#\/schema\/logo\/image\/"}}]}},"_links":{"self":[{"href":"https:\/\/gooddealersmeds.com\/sk\/wp-json\/wp\/v2\/product\/2224","targetHints":{"allow":["GET"]}}],"collection":[{"href":"https:\/\/gooddealersmeds.com\/sk\/wp-json\/wp\/v2\/product"}],"about":[{"href":"https:\/\/gooddealersmeds.com\/sk\/wp-json\/wp\/v2\/types\/product"}],"replies":[{"embeddable":true,"href":"https:\/\/gooddealersmeds.com\/sk\/wp-json\/wp\/v2\/comments?post=2224"}],"wp:featuredmedia":[{"embeddable":true,"href":"https:\/\/gooddealersmeds.com\/sk\/wp-json\/wp\/v2\/media\/2254"}],"wp:attachment":[{"href":"https:\/\/gooddealersmeds.com\/sk\/wp-json\/wp\/v2\/media?parent=2224"}],"wp:term":[{"taxonomy":"product_brand","embeddable":true,"href":"https:\/\/gooddealersmeds.com\/sk\/wp-json\/wp\/v2\/product_brand?post=2224"},{"taxonomy":"product_cat","embeddable":true,"href":"https:\/\/gooddealersmeds.com\/sk\/wp-json\/wp\/v2\/product_cat?post=2224"},{"taxonomy":"product_tag","embeddable":true,"href":"https:\/\/gooddealersmeds.com\/sk\/wp-json\/wp\/v2\/product_tag?post=2224"}],"curies":[{"name":"wp","href":"https:\/\/api.w.org\/{rel}","templated":true}]}}