{"id":2223,"date":"2023-01-08T19:09:13","date_gmt":"2023-01-08T19:09:13","guid":{"rendered":"https:\/\/gooddealersmeds.com\/sk\/?post_type=product&#038;p=2223"},"modified":"2023-03-13T01:20:39","modified_gmt":"2023-03-13T01:20:39","slug":"fenylaceton-kvapalina-na-predaj","status":"publish","type":"product","link":"https:\/\/gooddealersmeds.com\/sk\/product\/fenylaceton-kvapalina-na-predaj\/","title":{"rendered":"Fenylacet\u00f3n kvapalina na predaj"},"content":{"rendered":"<h2><strong>K\u00fapi\u0165 fenylacet\u00f3n online \u2013 tekut\u00fd fenylacet\u00f3n na predaj<\/strong><\/h2>\n<p>Benzylmetylket\u00f3n (fenylacet\u00f3n) je organick\u00e1 zl\u00fa\u010denina s chemick\u00fdm vzorcom C6H5CH2COCH3. Fenylacet\u00f3n kvapalina na predaj, tie\u017e je to bezfarebn\u00fd olej, ktor\u00fd je rozpustn\u00fd v organick\u00fdch rozp\u00fa\u0161\u0165adl\u00e1ch. Okrem toho sa t\u00e1to l\u00e1tka pou\u017e\u00edva pri v\u00fdrobe metamfetam\u00ednu a amfetam\u00ednu, kde je be\u017ene zn\u00e1ma ako <a href=\"https:\/\/en.wikipedia.org\/wiki\/Phenylacetone\">P2P<\/a>. Najpopul\u00e1rnej\u0161\u00edm prekurzorom amfetam\u00ednu a metamfetam\u00ednu je tie\u017e fenyl-2-propan\u00f3n alebo fenylacet\u00f3n. Existuje tie\u017e ohromuj\u00face mno\u017estvo syntetick\u00fdch ciest k tejto zl\u00fa\u010denine, a to v\u010faka relat\u00edvne jednoduchej \u0161trukt\u00fare zl\u00fa\u010deniny a tie\u017e kv\u00f4li jej popularite. Napokon mnoh\u00e9 zo synt\u00e9z mo\u017eno tie\u017e upravi\u0165 tak, aby produkovali substituovan\u00e9 fenyl-2-propan\u00f3ny, ako je napr\u00edklad st\u00e1le popul\u00e1rny MDMA prekurzor MDP2P (3,4-metyl\u00e9ndioxyfenyl-2-propan\u00f3n) pou\u017eit\u00edm v\u00fdchodiskov\u00fdch materi\u00e1lov s po\u017eadovan\u00fdmi aromatick\u00fdmi substituentmi, Fenylacet\u00f3n kvapalina na predaj<\/p>\n<p>Objedn\u00e1vka fenylacet\u00f3nu<br \/>\nKde m\u00f4\u017eem k\u00fapi\u0165 fenylacet\u00f3n<br \/>\nFenylaceton na predaj<br \/>\nFenylacet\u00f3n<br \/>\nk\u00fapi\u0165 fenylacet\u00f3n online<br \/>\nFenylacet\u00f3n k\u00fapi\u0165 tu<br \/>\nobjedna\u0165 fenylacet\u00f3n online<br \/>\nLacn\u00fd fenylacet\u00f3n na predaj<br \/>\nTu je fenylacet\u00f3n<br \/>\nFenylacet\u00f3n bl\u00edzko m\u0148a<br \/>\nFenylacet\u00f3n kde objedna\u0165<br \/>\nDistrib\u00fator fenylacet\u00f3nu<br \/>\nobjedn\u00e1vanie fenylacet\u00f3nu online<br \/>\nN\u00e1kup fenylacet\u00f3nu online<br \/>\nje fenylacet\u00f3n leg\u00e1lny<br \/>\nLegit\u00edmny dod\u00e1vate\u013e fenylacet\u00f3nu<\/p>\n<p>&nbsp;<\/p>\n<p>Sme n\u00e1pomocn\u00ed pri poskytovan\u00ed na\u0161ich cenn\u00fdch z\u00e1kazn\u00edkov vynikaj\u00facej kvality fenylacet\u00f3nu, ktor\u00fd je k dispoz\u00edcii s nasleduj\u00facou \u0161pecifik\u00e1ciou: &#8211;<br \/>\nCAS:103-79-7<br \/>\nMolekulov\u00fd vzorec: C9H10O<br \/>\nHmotnos\u0165 formuly: 134,18<\/p>\n<p>&nbsp;<\/p>\n<p>Ke\u010f bol 2-nitro-1-fenylprop\u00e1n o\u0161etren\u00fd mikroz\u00f3mami kr\u00e1li\u010dej pe\u010dene, zistilo sa, \u017ee fenylacet\u00f3n bol hlavn\u00fdm produkovan\u00fdm metabolitom. N\u00e1rast produktu s mikrozom\u00e1lnym prote\u00ednom a z\u00e1vislos\u0165 na NADPH a kysl\u00edku sl\u00fa\u017eili ako d\u00f4kaz, \u017ee proces bol enzymatick\u00fd. Okrem toho indukcia fenobarbitalu v\u00fdznamne zv\u00fd\u0161ila produkciu fenylacet\u00f3nu. Proces bol inhibovan\u00fd oxidom uho\u013enat\u00fdm, \u010do nazna\u010duje pr\u00edtomnos\u0165 metaloenz\u00fdmu. Experimenty s H2(18)O uk\u00e1zali, \u017ee karbonylov\u00fd kysl\u00edk poch\u00e1dza z vody. Predpoklad\u00e1 sa, \u017ee v mikrozom\u00e1lnom metabolizme 2-nitro-1-fenylprop\u00e1nu chemickej hydrol\u00fdze medziproduktu, pravdepodobne sekund\u00e1rnej kyseliny dusi\u010dnej, predch\u00e1dza enzymatick\u00fd proces.<\/p>\n","protected":false},"excerpt":{"rendered":"<p>Sme najlep\u0161\u00ed dod\u00e1vatelia fenylacet\u00f3nu za prijate\u013en\u00fa cenu a garantujeme dodanie. Objednajte si najlep\u0161iu kvalitu, fenylacet\u00f3nov\u00fa kvapalinu na predaj.<\/p>\n","protected":false},"featured_media":2253,"comment_status":"open","ping_status":"closed","template":"","meta":{"inline_featured_image":false},"product_brand":[],"product_cat":[344],"product_tag":[653,652,651,661,664,662,655,663,657,659,660,656,665,666,648,649,650,658,654,621],"class_list":{"0":"post-2223","1":"product","2":"type-product","3":"status-publish","4":"has-post-thumbnail","6":"product_cat-vskum-chemiklie","7":"product_tag-ako-pripravit-fenylaceton","8":"product_tag-ako-vyrobit-fenylaceton","9":"product_tag-ako-ziskat-fenylaceton","10":"product_tag-cena-fenylacetonu","11":"product_tag-co-je-fenylaceton","12":"product_tag-dodavatelia-fenylacetonu","13":"product_tag-fenylaceton-a-metylamin","14":"product_tag-fenylaceton-az-pervitin","15":"product_tag-fenylaceton-na-predaj","16":"product_tag-fenylacetonova-kvapalina","17":"product_tag-fenylacetonova-kvapalina-na-predaj","18":"product_tag-fenylacetonovy-krystal","19":"product_tag-kde-mozem-kupit-fenylaceton","20":"product_tag-kde-si-mozem-objednat-fenylaceton","21":"product_tag-kupit-fenylaceton","22":"product_tag-kupit-fenylacetonovy-krystal","23":"product_tag-kupit-tekuty-fenylaceton","24":"product_tag-legitimny-dodavatel-fenylacetonu","25":"product_tag-objednat-fenylaceton-online","26":"product_tag-p2p","28":"first","29":"instock","30":"shipping-taxable","31":"purchasable","32":"product-type-variable","33":"has-default-attributes"},"yoast_head":"<!-- This site is optimized with the Yoast SEO Premium plugin v20.6 (Yoast SEO v27.3) - https:\/\/yoast.com\/product\/yoast-seo-premium-wordpress\/ -->\n<title>Fenylacet\u00f3n kvapalina na predaj | fenylacet\u00f3n | K\u00fapi\u0165 fenylacet\u00f3n tu<\/title>\n<meta name=\"description\" content=\"Sme najlep\u0161\u00ed dod\u00e1vatelia fenylacet\u00f3nu za prijate\u013en\u00fa cenu a garantujeme dodanie. Objednajte si najlep\u0161iu kvalitu, Fenylacet\u00f3n kvapalina na predaj\" \/>\n<meta name=\"robots\" content=\"index, follow, max-snippet:-1, max-image-preview:large, max-video-preview:-1\" \/>\n<link rel=\"canonical\" href=\"https:\/\/gooddealersmeds.com\/sk\/product\/fenylaceton-kvapalina-na-predaj\/\" \/>\n<meta property=\"og:locale\" content=\"en_US\" \/>\n<meta property=\"og:type\" content=\"article\" \/>\n<meta property=\"og:title\" content=\"Fenylacet\u00f3n kvapalina na predaj\" \/>\n<meta property=\"og:description\" content=\"Sme najlep\u0161\u00ed dod\u00e1vatelia fenylacet\u00f3nu za prijate\u013en\u00fa cenu a garantujeme dodanie. Objednajte si najlep\u0161iu kvalitu, Fenylacet\u00f3n kvapalina na predaj\" \/>\n<meta property=\"og:url\" content=\"https:\/\/gooddealersmeds.com\/sk\/product\/fenylaceton-kvapalina-na-predaj\/\" \/>\n<meta property=\"og:site_name\" content=\"Good Dealers Meds\" \/>\n<meta property=\"article:modified_time\" content=\"2023-03-13T01:20:39+00:00\" \/>\n<meta property=\"og:image\" content=\"https:\/\/gooddealersmeds.com\/sk\/wp-content\/uploads\/sites\/9\/2023\/01\/Phenylacetone-Liquid.jpg\" \/>\n\t<meta property=\"og:image:width\" content=\"600\" \/>\n\t<meta property=\"og:image:height\" content=\"600\" \/>\n\t<meta property=\"og:image:type\" content=\"image\/jpeg\" \/>\n<meta name=\"twitter:card\" content=\"summary_large_image\" \/>\n<meta name=\"twitter:label1\" content=\"Est. reading time\" \/>\n\t<meta name=\"twitter:data1\" content=\"2 minutes\" \/>\n<script type=\"application\/ld+json\" class=\"yoast-schema-graph\">{\"@context\":\"https:\\\/\\\/schema.org\",\"@graph\":[{\"@type\":\"WebPage\",\"@id\":\"https:\\\/\\\/gooddealersmeds.com\\\/sk\\\/product\\\/fenylaceton-kvapalina-na-predaj\\\/\",\"url\":\"https:\\\/\\\/gooddealersmeds.com\\\/sk\\\/product\\\/fenylaceton-kvapalina-na-predaj\\\/\",\"name\":\"Fenylacet\u00f3n kvapalina na predaj | fenylacet\u00f3n | K\u00fapi\u0165 fenylacet\u00f3n tu\",\"isPartOf\":{\"@id\":\"https:\\\/\\\/gooddealersmeds.com\\\/sk\\\/#website\"},\"primaryImageOfPage\":{\"@id\":\"https:\\\/\\\/gooddealersmeds.com\\\/sk\\\/product\\\/fenylaceton-kvapalina-na-predaj\\\/#primaryimage\"},\"image\":{\"@id\":\"https:\\\/\\\/gooddealersmeds.com\\\/sk\\\/product\\\/fenylaceton-kvapalina-na-predaj\\\/#primaryimage\"},\"thumbnailUrl\":\"https:\\\/\\\/gooddealersmeds.com\\\/sk\\\/wp-content\\\/uploads\\\/sites\\\/9\\\/2023\\\/01\\\/Phenylacetone-Liquid.jpg\",\"datePublished\":\"2023-01-08T19:09:13+00:00\",\"dateModified\":\"2023-03-13T01:20:39+00:00\",\"description\":\"Sme najlep\u0161\u00ed dod\u00e1vatelia fenylacet\u00f3nu za prijate\u013en\u00fa cenu a garantujeme dodanie. Objednajte si najlep\u0161iu kvalitu, Fenylacet\u00f3n kvapalina na predaj\",\"breadcrumb\":{\"@id\":\"https:\\\/\\\/gooddealersmeds.com\\\/sk\\\/product\\\/fenylaceton-kvapalina-na-predaj\\\/#breadcrumb\"},\"inLanguage\":\"en-US\",\"potentialAction\":[{\"@type\":\"ReadAction\",\"target\":[\"https:\\\/\\\/gooddealersmeds.com\\\/sk\\\/product\\\/fenylaceton-kvapalina-na-predaj\\\/\"]}]},{\"@type\":\"ImageObject\",\"inLanguage\":\"en-US\",\"@id\":\"https:\\\/\\\/gooddealersmeds.com\\\/sk\\\/product\\\/fenylaceton-kvapalina-na-predaj\\\/#primaryimage\",\"url\":\"https:\\\/\\\/gooddealersmeds.com\\\/sk\\\/wp-content\\\/uploads\\\/sites\\\/9\\\/2023\\\/01\\\/Phenylacetone-Liquid.jpg\",\"contentUrl\":\"https:\\\/\\\/gooddealersmeds.com\\\/sk\\\/wp-content\\\/uploads\\\/sites\\\/9\\\/2023\\\/01\\\/Phenylacetone-Liquid.jpg\",\"width\":600,\"height\":600},{\"@type\":\"BreadcrumbList\",\"@id\":\"https:\\\/\\\/gooddealersmeds.com\\\/sk\\\/product\\\/fenylaceton-kvapalina-na-predaj\\\/#breadcrumb\",\"itemListElement\":[{\"@type\":\"ListItem\",\"position\":1,\"name\":\"Home\",\"item\":\"https:\\\/\\\/gooddealersmeds.com\\\/sk\\\/\"},{\"@type\":\"ListItem\",\"position\":2,\"name\":\"Produkty\",\"item\":\"https:\\\/\\\/gooddealersmeds.com\\\/sk\\\/produkty\\\/\"},{\"@type\":\"ListItem\",\"position\":3,\"name\":\"Fenylacet\u00f3n kvapalina na predaj\"}]},{\"@type\":\"WebSite\",\"@id\":\"https:\\\/\\\/gooddealersmeds.com\\\/sk\\\/#website\",\"url\":\"https:\\\/\\\/gooddealersmeds.com\\\/sk\\\/\",\"name\":\"Good Dealers Meds\",\"description\":\"All our best\",\"publisher\":{\"@id\":\"https:\\\/\\\/gooddealersmeds.com\\\/sk\\\/#organization\"},\"potentialAction\":[{\"@type\":\"SearchAction\",\"target\":{\"@type\":\"EntryPoint\",\"urlTemplate\":\"https:\\\/\\\/gooddealersmeds.com\\\/sk\\\/?s={search_term_string}\"},\"query-input\":{\"@type\":\"PropertyValueSpecification\",\"valueRequired\":true,\"valueName\":\"search_term_string\"}}],\"inLanguage\":\"en-US\"},{\"@type\":\"Organization\",\"@id\":\"https:\\\/\\\/gooddealersmeds.com\\\/sk\\\/#organization\",\"name\":\"Good Dealers Meds\",\"url\":\"https:\\\/\\\/gooddealersmeds.com\\\/sk\\\/\",\"logo\":{\"@type\":\"ImageObject\",\"inLanguage\":\"en-US\",\"@id\":\"https:\\\/\\\/gooddealersmeds.com\\\/sk\\\/#\\\/schema\\\/logo\\\/image\\\/\",\"url\":\"https:\\\/\\\/gooddealersmeds.com\\\/sk\\\/wp-content\\\/uploads\\\/sites\\\/9\\\/2022\\\/03\\\/gooddealersmeds__logo__20220317T222800Z.00.png\",\"contentUrl\":\"https:\\\/\\\/gooddealersmeds.com\\\/sk\\\/wp-content\\\/uploads\\\/sites\\\/9\\\/2022\\\/03\\\/gooddealersmeds__logo__20220317T222800Z.00.png\",\"width\":500,\"height\":325,\"caption\":\"Good Dealers Meds\"},\"image\":{\"@id\":\"https:\\\/\\\/gooddealersmeds.com\\\/sk\\\/#\\\/schema\\\/logo\\\/image\\\/\"}}]}<\/script>\n<!-- \/ Yoast SEO Premium plugin. -->","yoast_head_json":{"title":"Fenylacet\u00f3n kvapalina na predaj | fenylacet\u00f3n | K\u00fapi\u0165 fenylacet\u00f3n tu","description":"Sme najlep\u0161\u00ed dod\u00e1vatelia fenylacet\u00f3nu za prijate\u013en\u00fa cenu a garantujeme dodanie. Objednajte si najlep\u0161iu kvalitu, Fenylacet\u00f3n kvapalina na predaj","robots":{"index":"index","follow":"follow","max-snippet":"max-snippet:-1","max-image-preview":"max-image-preview:large","max-video-preview":"max-video-preview:-1"},"canonical":"https:\/\/gooddealersmeds.com\/sk\/product\/fenylaceton-kvapalina-na-predaj\/","og_locale":"en_US","og_type":"article","og_title":"Fenylacet\u00f3n kvapalina na predaj","og_description":"Sme najlep\u0161\u00ed dod\u00e1vatelia fenylacet\u00f3nu za prijate\u013en\u00fa cenu a garantujeme dodanie. Objednajte si najlep\u0161iu kvalitu, Fenylacet\u00f3n kvapalina na predaj","og_url":"https:\/\/gooddealersmeds.com\/sk\/product\/fenylaceton-kvapalina-na-predaj\/","og_site_name":"Good Dealers Meds","article_modified_time":"2023-03-13T01:20:39+00:00","og_image":[{"width":600,"height":600,"url":"https:\/\/gooddealersmeds.com\/sk\/wp-content\/uploads\/sites\/9\/2023\/01\/Phenylacetone-Liquid.jpg","type":"image\/jpeg"}],"twitter_card":"summary_large_image","twitter_misc":{"Est. reading time":"2 minutes"},"schema":{"@context":"https:\/\/schema.org","@graph":[{"@type":"WebPage","@id":"https:\/\/gooddealersmeds.com\/sk\/product\/fenylaceton-kvapalina-na-predaj\/","url":"https:\/\/gooddealersmeds.com\/sk\/product\/fenylaceton-kvapalina-na-predaj\/","name":"Fenylacet\u00f3n kvapalina na predaj | fenylacet\u00f3n | K\u00fapi\u0165 fenylacet\u00f3n tu","isPartOf":{"@id":"https:\/\/gooddealersmeds.com\/sk\/#website"},"primaryImageOfPage":{"@id":"https:\/\/gooddealersmeds.com\/sk\/product\/fenylaceton-kvapalina-na-predaj\/#primaryimage"},"image":{"@id":"https:\/\/gooddealersmeds.com\/sk\/product\/fenylaceton-kvapalina-na-predaj\/#primaryimage"},"thumbnailUrl":"https:\/\/gooddealersmeds.com\/sk\/wp-content\/uploads\/sites\/9\/2023\/01\/Phenylacetone-Liquid.jpg","datePublished":"2023-01-08T19:09:13+00:00","dateModified":"2023-03-13T01:20:39+00:00","description":"Sme najlep\u0161\u00ed dod\u00e1vatelia fenylacet\u00f3nu za prijate\u013en\u00fa cenu a garantujeme dodanie. Objednajte si najlep\u0161iu kvalitu, Fenylacet\u00f3n kvapalina na predaj","breadcrumb":{"@id":"https:\/\/gooddealersmeds.com\/sk\/product\/fenylaceton-kvapalina-na-predaj\/#breadcrumb"},"inLanguage":"en-US","potentialAction":[{"@type":"ReadAction","target":["https:\/\/gooddealersmeds.com\/sk\/product\/fenylaceton-kvapalina-na-predaj\/"]}]},{"@type":"ImageObject","inLanguage":"en-US","@id":"https:\/\/gooddealersmeds.com\/sk\/product\/fenylaceton-kvapalina-na-predaj\/#primaryimage","url":"https:\/\/gooddealersmeds.com\/sk\/wp-content\/uploads\/sites\/9\/2023\/01\/Phenylacetone-Liquid.jpg","contentUrl":"https:\/\/gooddealersmeds.com\/sk\/wp-content\/uploads\/sites\/9\/2023\/01\/Phenylacetone-Liquid.jpg","width":600,"height":600},{"@type":"BreadcrumbList","@id":"https:\/\/gooddealersmeds.com\/sk\/product\/fenylaceton-kvapalina-na-predaj\/#breadcrumb","itemListElement":[{"@type":"ListItem","position":1,"name":"Home","item":"https:\/\/gooddealersmeds.com\/sk\/"},{"@type":"ListItem","position":2,"name":"Produkty","item":"https:\/\/gooddealersmeds.com\/sk\/produkty\/"},{"@type":"ListItem","position":3,"name":"Fenylacet\u00f3n kvapalina na predaj"}]},{"@type":"WebSite","@id":"https:\/\/gooddealersmeds.com\/sk\/#website","url":"https:\/\/gooddealersmeds.com\/sk\/","name":"Good Dealers Meds","description":"All our best","publisher":{"@id":"https:\/\/gooddealersmeds.com\/sk\/#organization"},"potentialAction":[{"@type":"SearchAction","target":{"@type":"EntryPoint","urlTemplate":"https:\/\/gooddealersmeds.com\/sk\/?s={search_term_string}"},"query-input":{"@type":"PropertyValueSpecification","valueRequired":true,"valueName":"search_term_string"}}],"inLanguage":"en-US"},{"@type":"Organization","@id":"https:\/\/gooddealersmeds.com\/sk\/#organization","name":"Good Dealers Meds","url":"https:\/\/gooddealersmeds.com\/sk\/","logo":{"@type":"ImageObject","inLanguage":"en-US","@id":"https:\/\/gooddealersmeds.com\/sk\/#\/schema\/logo\/image\/","url":"https:\/\/gooddealersmeds.com\/sk\/wp-content\/uploads\/sites\/9\/2022\/03\/gooddealersmeds__logo__20220317T222800Z.00.png","contentUrl":"https:\/\/gooddealersmeds.com\/sk\/wp-content\/uploads\/sites\/9\/2022\/03\/gooddealersmeds__logo__20220317T222800Z.00.png","width":500,"height":325,"caption":"Good Dealers Meds"},"image":{"@id":"https:\/\/gooddealersmeds.com\/sk\/#\/schema\/logo\/image\/"}}]}},"_links":{"self":[{"href":"https:\/\/gooddealersmeds.com\/sk\/wp-json\/wp\/v2\/product\/2223","targetHints":{"allow":["GET"]}}],"collection":[{"href":"https:\/\/gooddealersmeds.com\/sk\/wp-json\/wp\/v2\/product"}],"about":[{"href":"https:\/\/gooddealersmeds.com\/sk\/wp-json\/wp\/v2\/types\/product"}],"replies":[{"embeddable":true,"href":"https:\/\/gooddealersmeds.com\/sk\/wp-json\/wp\/v2\/comments?post=2223"}],"wp:featuredmedia":[{"embeddable":true,"href":"https:\/\/gooddealersmeds.com\/sk\/wp-json\/wp\/v2\/media\/2253"}],"wp:attachment":[{"href":"https:\/\/gooddealersmeds.com\/sk\/wp-json\/wp\/v2\/media?parent=2223"}],"wp:term":[{"taxonomy":"product_brand","embeddable":true,"href":"https:\/\/gooddealersmeds.com\/sk\/wp-json\/wp\/v2\/product_brand?post=2223"},{"taxonomy":"product_cat","embeddable":true,"href":"https:\/\/gooddealersmeds.com\/sk\/wp-json\/wp\/v2\/product_cat?post=2223"},{"taxonomy":"product_tag","embeddable":true,"href":"https:\/\/gooddealersmeds.com\/sk\/wp-json\/wp\/v2\/product_tag?post=2223"}],"curies":[{"name":"wp","href":"https:\/\/api.w.org\/{rel}","templated":true}]}}