{"id":2222,"date":"2023-01-08T19:09:13","date_gmt":"2023-01-08T19:09:13","guid":{"rendered":"https:\/\/gooddealersmeds.com\/sk\/?post_type=product&#038;p=2222"},"modified":"2023-03-13T01:17:51","modified_gmt":"2023-03-13T01:17:51","slug":"kupte-si-pmk-piperonylmetylketonovy-olej","status":"publish","type":"product","link":"https:\/\/gooddealersmeds.com\/sk\/product\/kupte-si-pmk-piperonylmetylketonovy-olej\/","title":{"rendered":"K\u00fapte si PMK (piperonylmetylket\u00f3nov\u00fd) olej"},"content":{"rendered":"<h2>K\u00fapi\u0165 PMK (piperonylmetylket\u00f3nov\u00fd) olej online<\/h2>\n<p>K\u00fapte si\u00a0PMK (<a href=\"https:\/\/gooddealersmeds.com\/sk\/product\/kupte-si-pmk-piperonylmetylketonovy-olej\/\">piperonylmetylket\u00f3nov\u00fd<\/a>) olej\u00a0online. 3,4-Metyl\u00e9ndioxyfenylprop\u00e1n-2-\u00f3n alebo piperonylmetylket\u00f3n (MDP2P alebo PMK) je chemick\u00e1 zl\u00fa\u010denina pozost\u00e1vaj\u00faca z fenylacet\u00f3novej \u010dasti substituovanej metyl\u00e9ndioxy funk\u010dnou skupinou. Obvykle sa syntetizuje bu\u010f zo safrolu (na rozdiel od 3-[3,4-(metyl\u00e9ndioxy)fenyl]-2-prop\u00e9nu) alebo z izom\u00e9ru izom\u00e9ru izom\u00e9ru pomocou oxid\u00e1cie Wackerovou oxid\u00e1ciou alebo oxid\u00e1ciou peroxykyseliny. <a href=\"https:\/\/en.wikipedia.org\/wiki\/3,4-Methylenedioxyphenylpropan-2-one\">MDP2P<\/a> je nestabiln\u00fd pri izbovej teplote a kv\u00f4li spr\u00e1vnemu skladovaniu by sa mal umiestni\u0165 do mrazni\u010dky.<\/p>\n<p>MDP2P je prekurzorom v chemickej synt\u00e9ze zl\u00fa\u010den\u00edn triedy metyl\u00e9ndioxyfenetylam\u00ednu (MDxx), ktor\u00fdch klasick\u00fdm pr\u00edkladom je 3,4-metyl\u00e9ndioxy-N-metylamfetam\u00edn (MDMA), a je tie\u017e medziproduktom medzi rodinou MDxx a vzdialenej\u0161\u00edmi prekurzor, safrol alebo izosafrol. Vzh\u013eadom na svoje priradenia k chemick\u00fdm triedam MDxx, MDP2P, ako aj safrol a izosafrol, je uveden\u00fd v zozname chemik\u00e1li\u00ed v zozname chemik\u00e1li\u00ed pod\u013ea z\u00e1kona o kontrolovan\u00fdch l\u00e1tkach Spojen\u00fdch \u0161t\u00e1tov americk\u00fdch (USAA), ktor\u00fd riadi chemick\u00e9 l\u00e1tky a z\u00e1kon o chemik\u00e1li\u00e1ch. Obchodovanie s \u013eu\u010fmi (CDTA). V Eur\u00f3pskej \u00fanii sa tie\u017e pova\u017euje za v\u00fdchodiskov\u00fd materi\u00e1l kateg\u00f3rie 1, K\u00fapte si olej PMK online<\/p>\n<p>&nbsp;<\/p>\n<p>3,4-metyl\u00e9ndioxyfenylprop\u00e1n-2-\u00f3n<br \/>\nPMK<br \/>\nMDP2P<br \/>\nNSC 16688<br \/>\nPVI-2<\/p>\n<h3><strong>Kde si m\u00f4\u017eete objedna\u0165 PMK?<\/strong><\/h3>\n<p>Mo\u017eno ste sa pr\u00e1ve v noci zobudili a va\u0161u myse\u013e uchv\u00e1tila jedna dobr\u00e1 my\u0161lienka: \u201eM\u00f4\u017eem si vyrobi\u0165 vlastn\u00fa molly\/ext\u00e1zu? M\u00f4\u017eete, ale je to \u0165a\u017ek\u00e9, ako si mysl\u00edte. Na to potrebujete ur\u010dit\u00e9 prekurzory ako PMK Alebo mo\u017eno nechcete, aby PMK vyr\u00e1bal MDMA? Chcete to na v\u00fdskumn\u00e9 \u00fa\u010dely alebo podobn\u00e9 veci. Kde sa to d\u00e1 k\u00fapi\u0165? Alebo kde zo\u017eeniete PMK?<\/p>\n","protected":false},"excerpt":{"rendered":"<p>K\u00fapte si olej PMK online, sme spo\u013eahliv\u00fdm a d\u00f4veryhodn\u00fdm dod\u00e1vate\u013eom oleja PMK (piperonyl metylket\u00f3n), s r\u00fdchlym dodan\u00edm 100% zaru\u010den\u00fdm &amp; d\u00f4veryhodn\u00fd.<\/p>\n","protected":false},"featured_media":2252,"comment_status":"open","ping_status":"closed","template":"","meta":{"inline_featured_image":false},"product_brand":[],"product_cat":[344],"product_tag":[],"class_list":{"0":"post-2222","1":"product","2":"type-product","3":"status-publish","4":"has-post-thumbnail","6":"product_cat-vskum-chemiklie","8":"first","9":"instock","10":"shipping-taxable","11":"purchasable","12":"product-type-variable","13":"has-default-attributes"},"yoast_head":"<!-- This site is optimized with the Yoast SEO Premium plugin v20.6 (Yoast SEO v27.4) - https:\/\/yoast.com\/product\/yoast-seo-premium-wordpress\/ -->\n<title>K\u00fapte si olej PMK online | Objednajte si PMK (piperonylmetylket\u00f3nov\u00fd) olej<\/title>\n<meta name=\"description\" content=\"K\u00fapte si olej PMK online, sme spo\u013eahliv\u00fdm a d\u00f4veryhodn\u00fdm dod\u00e1vate\u013eom oleja PMK (piperonylmetylket\u00f3n), s r\u00fdchlym doru\u010den\u00edm 100% zaru\u010den\u00fdm a d\u00f4veryhodn\u00fdm.\" \/>\n<meta name=\"robots\" content=\"index, follow, max-snippet:-1, max-image-preview:large, max-video-preview:-1\" \/>\n<link rel=\"canonical\" href=\"https:\/\/gooddealersmeds.com\/sk\/product\/kupte-si-pmk-piperonylmetylketonovy-olej\/\" \/>\n<meta property=\"og:locale\" content=\"en_US\" \/>\n<meta property=\"og:type\" content=\"article\" \/>\n<meta property=\"og:title\" content=\"K\u00fapte si PMK (piperonylmetylket\u00f3nov\u00fd) olej\" \/>\n<meta property=\"og:description\" content=\"K\u00fapte si olej PMK online, sme spo\u013eahliv\u00fdm a d\u00f4veryhodn\u00fdm dod\u00e1vate\u013eom oleja PMK (piperonylmetylket\u00f3n), s r\u00fdchlym doru\u010den\u00edm 100% zaru\u010den\u00fdm a d\u00f4veryhodn\u00fdm.\" \/>\n<meta property=\"og:url\" content=\"https:\/\/gooddealersmeds.com\/sk\/product\/kupte-si-pmk-piperonylmetylketonovy-olej\/\" \/>\n<meta property=\"og:site_name\" content=\"Good Dealers Meds\" \/>\n<meta property=\"article:modified_time\" content=\"2023-03-13T01:17:51+00:00\" \/>\n<meta property=\"og:image\" content=\"https:\/\/gooddealersmeds.com\/sk\/wp-content\/uploads\/sites\/9\/2023\/01\/PMK-Piperonyl-Methyl-Ketone-Oil-1.jpg\" \/>\n\t<meta property=\"og:image:width\" content=\"600\" \/>\n\t<meta property=\"og:image:height\" content=\"600\" \/>\n\t<meta property=\"og:image:type\" content=\"image\/jpeg\" \/>\n<meta name=\"twitter:card\" content=\"summary_large_image\" \/>\n<meta name=\"twitter:label1\" content=\"Est. reading time\" \/>\n\t<meta name=\"twitter:data1\" content=\"2 minutes\" \/>\n<script type=\"application\/ld+json\" class=\"yoast-schema-graph\">{\"@context\":\"https:\\\/\\\/schema.org\",\"@graph\":[{\"@type\":\"WebPage\",\"@id\":\"https:\\\/\\\/gooddealersmeds.com\\\/sk\\\/product\\\/kupte-si-pmk-piperonylmetylketonovy-olej\\\/\",\"url\":\"https:\\\/\\\/gooddealersmeds.com\\\/sk\\\/product\\\/kupte-si-pmk-piperonylmetylketonovy-olej\\\/\",\"name\":\"K\u00fapte si olej PMK online | Objednajte si PMK (piperonylmetylket\u00f3nov\u00fd) olej\",\"isPartOf\":{\"@id\":\"https:\\\/\\\/gooddealersmeds.com\\\/sk\\\/#website\"},\"primaryImageOfPage\":{\"@id\":\"https:\\\/\\\/gooddealersmeds.com\\\/sk\\\/product\\\/kupte-si-pmk-piperonylmetylketonovy-olej\\\/#primaryimage\"},\"image\":{\"@id\":\"https:\\\/\\\/gooddealersmeds.com\\\/sk\\\/product\\\/kupte-si-pmk-piperonylmetylketonovy-olej\\\/#primaryimage\"},\"thumbnailUrl\":\"https:\\\/\\\/gooddealersmeds.com\\\/sk\\\/wp-content\\\/uploads\\\/sites\\\/9\\\/2023\\\/01\\\/PMK-Piperonyl-Methyl-Ketone-Oil-1.jpg\",\"datePublished\":\"2023-01-08T19:09:13+00:00\",\"dateModified\":\"2023-03-13T01:17:51+00:00\",\"description\":\"K\u00fapte si olej PMK online, sme spo\u013eahliv\u00fdm a d\u00f4veryhodn\u00fdm dod\u00e1vate\u013eom oleja PMK (piperonylmetylket\u00f3n), s r\u00fdchlym doru\u010den\u00edm 100% zaru\u010den\u00fdm a d\u00f4veryhodn\u00fdm.\",\"breadcrumb\":{\"@id\":\"https:\\\/\\\/gooddealersmeds.com\\\/sk\\\/product\\\/kupte-si-pmk-piperonylmetylketonovy-olej\\\/#breadcrumb\"},\"inLanguage\":\"en-US\",\"potentialAction\":[{\"@type\":\"ReadAction\",\"target\":[\"https:\\\/\\\/gooddealersmeds.com\\\/sk\\\/product\\\/kupte-si-pmk-piperonylmetylketonovy-olej\\\/\"]}]},{\"@type\":\"ImageObject\",\"inLanguage\":\"en-US\",\"@id\":\"https:\\\/\\\/gooddealersmeds.com\\\/sk\\\/product\\\/kupte-si-pmk-piperonylmetylketonovy-olej\\\/#primaryimage\",\"url\":\"https:\\\/\\\/gooddealersmeds.com\\\/sk\\\/wp-content\\\/uploads\\\/sites\\\/9\\\/2023\\\/01\\\/PMK-Piperonyl-Methyl-Ketone-Oil-1.jpg\",\"contentUrl\":\"https:\\\/\\\/gooddealersmeds.com\\\/sk\\\/wp-content\\\/uploads\\\/sites\\\/9\\\/2023\\\/01\\\/PMK-Piperonyl-Methyl-Ketone-Oil-1.jpg\",\"width\":600,\"height\":600},{\"@type\":\"BreadcrumbList\",\"@id\":\"https:\\\/\\\/gooddealersmeds.com\\\/sk\\\/product\\\/kupte-si-pmk-piperonylmetylketonovy-olej\\\/#breadcrumb\",\"itemListElement\":[{\"@type\":\"ListItem\",\"position\":1,\"name\":\"Home\",\"item\":\"https:\\\/\\\/gooddealersmeds.com\\\/sk\\\/\"},{\"@type\":\"ListItem\",\"position\":2,\"name\":\"Produkty\",\"item\":\"https:\\\/\\\/gooddealersmeds.com\\\/sk\\\/produkty\\\/\"},{\"@type\":\"ListItem\",\"position\":3,\"name\":\"K\u00fapte si PMK (piperonylmetylket\u00f3nov\u00fd) olej\"}]},{\"@type\":\"WebSite\",\"@id\":\"https:\\\/\\\/gooddealersmeds.com\\\/sk\\\/#website\",\"url\":\"https:\\\/\\\/gooddealersmeds.com\\\/sk\\\/\",\"name\":\"Good Dealers Meds\",\"description\":\"All our best\",\"publisher\":{\"@id\":\"https:\\\/\\\/gooddealersmeds.com\\\/sk\\\/#organization\"},\"potentialAction\":[{\"@type\":\"SearchAction\",\"target\":{\"@type\":\"EntryPoint\",\"urlTemplate\":\"https:\\\/\\\/gooddealersmeds.com\\\/sk\\\/?s={search_term_string}\"},\"query-input\":{\"@type\":\"PropertyValueSpecification\",\"valueRequired\":true,\"valueName\":\"search_term_string\"}}],\"inLanguage\":\"en-US\"},{\"@type\":\"Organization\",\"@id\":\"https:\\\/\\\/gooddealersmeds.com\\\/sk\\\/#organization\",\"name\":\"Good Dealers Meds\",\"url\":\"https:\\\/\\\/gooddealersmeds.com\\\/sk\\\/\",\"logo\":{\"@type\":\"ImageObject\",\"inLanguage\":\"en-US\",\"@id\":\"https:\\\/\\\/gooddealersmeds.com\\\/sk\\\/#\\\/schema\\\/logo\\\/image\\\/\",\"url\":\"https:\\\/\\\/gooddealersmeds.com\\\/sk\\\/wp-content\\\/uploads\\\/sites\\\/9\\\/2022\\\/03\\\/gooddealersmeds__logo__20220317T222800Z.00.png\",\"contentUrl\":\"https:\\\/\\\/gooddealersmeds.com\\\/sk\\\/wp-content\\\/uploads\\\/sites\\\/9\\\/2022\\\/03\\\/gooddealersmeds__logo__20220317T222800Z.00.png\",\"width\":500,\"height\":325,\"caption\":\"Good Dealers Meds\"},\"image\":{\"@id\":\"https:\\\/\\\/gooddealersmeds.com\\\/sk\\\/#\\\/schema\\\/logo\\\/image\\\/\"}}]}<\/script>\n<!-- \/ Yoast SEO Premium plugin. -->","yoast_head_json":{"title":"K\u00fapte si olej PMK online | Objednajte si PMK (piperonylmetylket\u00f3nov\u00fd) olej","description":"K\u00fapte si olej PMK online, sme spo\u013eahliv\u00fdm a d\u00f4veryhodn\u00fdm dod\u00e1vate\u013eom oleja PMK (piperonylmetylket\u00f3n), s r\u00fdchlym doru\u010den\u00edm 100% zaru\u010den\u00fdm a d\u00f4veryhodn\u00fdm.","robots":{"index":"index","follow":"follow","max-snippet":"max-snippet:-1","max-image-preview":"max-image-preview:large","max-video-preview":"max-video-preview:-1"},"canonical":"https:\/\/gooddealersmeds.com\/sk\/product\/kupte-si-pmk-piperonylmetylketonovy-olej\/","og_locale":"en_US","og_type":"article","og_title":"K\u00fapte si PMK (piperonylmetylket\u00f3nov\u00fd) olej","og_description":"K\u00fapte si olej PMK online, sme spo\u013eahliv\u00fdm a d\u00f4veryhodn\u00fdm dod\u00e1vate\u013eom oleja PMK (piperonylmetylket\u00f3n), s r\u00fdchlym doru\u010den\u00edm 100% zaru\u010den\u00fdm a d\u00f4veryhodn\u00fdm.","og_url":"https:\/\/gooddealersmeds.com\/sk\/product\/kupte-si-pmk-piperonylmetylketonovy-olej\/","og_site_name":"Good Dealers Meds","article_modified_time":"2023-03-13T01:17:51+00:00","og_image":[{"width":600,"height":600,"url":"https:\/\/gooddealersmeds.com\/sk\/wp-content\/uploads\/sites\/9\/2023\/01\/PMK-Piperonyl-Methyl-Ketone-Oil-1.jpg","type":"image\/jpeg"}],"twitter_card":"summary_large_image","twitter_misc":{"Est. reading time":"2 minutes"},"schema":{"@context":"https:\/\/schema.org","@graph":[{"@type":"WebPage","@id":"https:\/\/gooddealersmeds.com\/sk\/product\/kupte-si-pmk-piperonylmetylketonovy-olej\/","url":"https:\/\/gooddealersmeds.com\/sk\/product\/kupte-si-pmk-piperonylmetylketonovy-olej\/","name":"K\u00fapte si olej PMK online | Objednajte si PMK (piperonylmetylket\u00f3nov\u00fd) olej","isPartOf":{"@id":"https:\/\/gooddealersmeds.com\/sk\/#website"},"primaryImageOfPage":{"@id":"https:\/\/gooddealersmeds.com\/sk\/product\/kupte-si-pmk-piperonylmetylketonovy-olej\/#primaryimage"},"image":{"@id":"https:\/\/gooddealersmeds.com\/sk\/product\/kupte-si-pmk-piperonylmetylketonovy-olej\/#primaryimage"},"thumbnailUrl":"https:\/\/gooddealersmeds.com\/sk\/wp-content\/uploads\/sites\/9\/2023\/01\/PMK-Piperonyl-Methyl-Ketone-Oil-1.jpg","datePublished":"2023-01-08T19:09:13+00:00","dateModified":"2023-03-13T01:17:51+00:00","description":"K\u00fapte si olej PMK online, sme spo\u013eahliv\u00fdm a d\u00f4veryhodn\u00fdm dod\u00e1vate\u013eom oleja PMK (piperonylmetylket\u00f3n), s r\u00fdchlym doru\u010den\u00edm 100% zaru\u010den\u00fdm a d\u00f4veryhodn\u00fdm.","breadcrumb":{"@id":"https:\/\/gooddealersmeds.com\/sk\/product\/kupte-si-pmk-piperonylmetylketonovy-olej\/#breadcrumb"},"inLanguage":"en-US","potentialAction":[{"@type":"ReadAction","target":["https:\/\/gooddealersmeds.com\/sk\/product\/kupte-si-pmk-piperonylmetylketonovy-olej\/"]}]},{"@type":"ImageObject","inLanguage":"en-US","@id":"https:\/\/gooddealersmeds.com\/sk\/product\/kupte-si-pmk-piperonylmetylketonovy-olej\/#primaryimage","url":"https:\/\/gooddealersmeds.com\/sk\/wp-content\/uploads\/sites\/9\/2023\/01\/PMK-Piperonyl-Methyl-Ketone-Oil-1.jpg","contentUrl":"https:\/\/gooddealersmeds.com\/sk\/wp-content\/uploads\/sites\/9\/2023\/01\/PMK-Piperonyl-Methyl-Ketone-Oil-1.jpg","width":600,"height":600},{"@type":"BreadcrumbList","@id":"https:\/\/gooddealersmeds.com\/sk\/product\/kupte-si-pmk-piperonylmetylketonovy-olej\/#breadcrumb","itemListElement":[{"@type":"ListItem","position":1,"name":"Home","item":"https:\/\/gooddealersmeds.com\/sk\/"},{"@type":"ListItem","position":2,"name":"Produkty","item":"https:\/\/gooddealersmeds.com\/sk\/produkty\/"},{"@type":"ListItem","position":3,"name":"K\u00fapte si PMK (piperonylmetylket\u00f3nov\u00fd) olej"}]},{"@type":"WebSite","@id":"https:\/\/gooddealersmeds.com\/sk\/#website","url":"https:\/\/gooddealersmeds.com\/sk\/","name":"Good Dealers Meds","description":"All our best","publisher":{"@id":"https:\/\/gooddealersmeds.com\/sk\/#organization"},"potentialAction":[{"@type":"SearchAction","target":{"@type":"EntryPoint","urlTemplate":"https:\/\/gooddealersmeds.com\/sk\/?s={search_term_string}"},"query-input":{"@type":"PropertyValueSpecification","valueRequired":true,"valueName":"search_term_string"}}],"inLanguage":"en-US"},{"@type":"Organization","@id":"https:\/\/gooddealersmeds.com\/sk\/#organization","name":"Good Dealers Meds","url":"https:\/\/gooddealersmeds.com\/sk\/","logo":{"@type":"ImageObject","inLanguage":"en-US","@id":"https:\/\/gooddealersmeds.com\/sk\/#\/schema\/logo\/image\/","url":"https:\/\/gooddealersmeds.com\/sk\/wp-content\/uploads\/sites\/9\/2022\/03\/gooddealersmeds__logo__20220317T222800Z.00.png","contentUrl":"https:\/\/gooddealersmeds.com\/sk\/wp-content\/uploads\/sites\/9\/2022\/03\/gooddealersmeds__logo__20220317T222800Z.00.png","width":500,"height":325,"caption":"Good Dealers Meds"},"image":{"@id":"https:\/\/gooddealersmeds.com\/sk\/#\/schema\/logo\/image\/"}}]}},"_links":{"self":[{"href":"https:\/\/gooddealersmeds.com\/sk\/wp-json\/wp\/v2\/product\/2222","targetHints":{"allow":["GET"]}}],"collection":[{"href":"https:\/\/gooddealersmeds.com\/sk\/wp-json\/wp\/v2\/product"}],"about":[{"href":"https:\/\/gooddealersmeds.com\/sk\/wp-json\/wp\/v2\/types\/product"}],"replies":[{"embeddable":true,"href":"https:\/\/gooddealersmeds.com\/sk\/wp-json\/wp\/v2\/comments?post=2222"}],"wp:featuredmedia":[{"embeddable":true,"href":"https:\/\/gooddealersmeds.com\/sk\/wp-json\/wp\/v2\/media\/2252"}],"wp:attachment":[{"href":"https:\/\/gooddealersmeds.com\/sk\/wp-json\/wp\/v2\/media?parent=2222"}],"wp:term":[{"taxonomy":"product_brand","embeddable":true,"href":"https:\/\/gooddealersmeds.com\/sk\/wp-json\/wp\/v2\/product_brand?post=2222"},{"taxonomy":"product_cat","embeddable":true,"href":"https:\/\/gooddealersmeds.com\/sk\/wp-json\/wp\/v2\/product_cat?post=2222"},{"taxonomy":"product_tag","embeddable":true,"href":"https:\/\/gooddealersmeds.com\/sk\/wp-json\/wp\/v2\/product_tag?post=2222"}],"curies":[{"name":"wp","href":"https:\/\/api.w.org\/{rel}","templated":true}]}}