{"id":2221,"date":"2023-01-08T19:09:13","date_gmt":"2023-01-08T19:09:13","guid":{"rendered":"https:\/\/gooddealersmeds.com\/sk\/?post_type=product&#038;p=2221"},"modified":"2023-03-13T01:09:17","modified_gmt":"2023-03-13T01:09:17","slug":"kupit-jwh-250-online","status":"publish","type":"product","link":"https:\/\/gooddealersmeds.com\/sk\/product\/kupit-jwh-250-online\/","title":{"rendered":"K\u00fapi\u0165 JWH-250 online"},"content":{"rendered":"<h2>K\u00fapi\u0165 JWH-250 online<\/h2>\n<p>JWH-250 je indolov\u00e9 kanabimimetikum, ktor\u00e9 vykazuje vysok\u00fa afinitu k centr\u00e1lnym a perif\u00e9rnym kanabinoidn\u00fdm receptorom. K\u00fapi\u0165 JWH-250 online bol identifikovan\u00fd ako s\u00fa\u010das\u0165 nieko\u013ek\u00fdch r\u00f4znych produktov \u201ebylinn\u00e9ho kadidla\u201c, ktor\u00e9 sa \u010dasto pred\u00e1vaj\u00fa ako \u201ene\u013eudsk\u00e9\u201c. JWH-250 patr\u00ed do kateg\u00f3rie syntetick\u00fdch agonistov kanabinoidn\u00fdch receptorov (SCRA) a m\u00e1 podobn\u00e9 \u00fa\u010dinky ako THC. Mno\u017estvo JWH-250 v balen\u00ed sa m\u00f4\u017ee v\u00fdrazne l\u00ed\u0161i\u0165, \u010d\u00edm sa zvy\u0161uje mo\u017enos\u0165 pred\u00e1vkovania, preto\u017ee spotrebitelia si nie s\u00fa plne vedom\u00ed toho, \u010do je v tomto rastlinnom produkte. Hl\u00e1sen\u00e9 \u00fa\u010dinky pred\u00e1vkovania zah\u0155\u0148aj\u00fa tachykardiu, hypertenziu, nepokoj, halucin\u00e1cie, mierne zv\u00fd\u0161enie hladiny cukru v krvi, hypokali\u00e9miu a vracanie. <a href=\"https:\/\/gooddealersmeds.com\/sk\/product\/kupit-jwh-250-online\/\">JWH-250<\/a>.<\/p>\n<p>&nbsp;<\/p>\n<p>K\u00fapte si JWH-250 online. JWH-250\u00a0je syntetick\u00fd agonista kanabinoidn\u00e9ho receptora, ktor\u00fd bol v produktoch zisten\u00fd od konca 21. storo\u010dia. Vytvoril ho Dr. John W. Huffman a spr\u00e1vu o \u0148om vydali v roku 2005 Huffman a spol. K\u00fapte si JWH-250 online<\/p>\n<p>&nbsp;<\/p>\n<p>Lie\u010divo je fenylacetylindol a p\u00f4sob\u00ed ako agonista na receptoroch CB1 a CB2. M\u00e1 afinitu ~11 nM na CB1 a ~33 nM na CB2.<\/p>\n<p>Nieko\u013eko rokov po tom, \u010do bol prv\u00fdkr\u00e1t spomenut\u00fd v literat\u00fare, sa JWH-250 objavil na trhu.<\/p>\n<p>Bol tie\u017e zisten\u00fd v pr\u00e1\u0161koch a zmesiach pred\u00e1van\u00fdch cez internet v\u00fdskumn\u00edkom v Japonsku. Tieto vzorky obsahovali 77 a\u017e 165 mg na v\u00fdrobok.<\/p>\n<p>Kv\u00f4li sp\u00f4sobu, ak\u00fdm sa pred\u00e1va, je pravdepodobn\u00e9, \u017ee \u013eudia sa stretli s JWH-250 bez toho, aby si to uvedomovali.<\/p>\n<p>Molov\u00e1 hmotnos\u0165:\u00a0335,439\u00a0g\/mol<\/p>\n<p>ID ChEMBL:\u00a0188031<\/p>\n<p>ChemSpider ID:\u00a023256117<\/p>\n<p>PubChem CID:\u00a044397540<\/p>\n<p>Vzorec:\u00a0C22H25NO2<\/p>\n<p>&nbsp;<\/p>\n<p>k\u00fapi\u0165 legit\u00edmnu webov\u00fa str\u00e1nku JWH-250 na predaj, ako k\u00fapi\u0165 lacno JWH-250 po celom svete, predaj lieku JWH-250, predaj k\u00fape\u013eov\u00fdch sol\u00ed JWH-250, predaj JWH-250, predaj rastlinnej potravy JWH-250, kvalitn\u00e9 JWH -250 na predaj, JWH-250 k\u00fapi\u0165 webov\u00e9 str\u00e1nky, kde k\u00fapi\u0165 JWH-250, objedna\u0165 JWH-250, JWH-250 predaj, kde m\u00f4\u017eem k\u00fapi\u0165 JWH-250, JWH-250 kde k\u00fapi\u0165, najlep\u0161ie miesto na n\u00e1kup JWH-250 ,dod\u00e1vatelia mJWH-250, n\u00e1kup JWH-250, \u010dist\u00fd JWH-250, obchod JWH-250, obchod JWH-250, ve\u013ekoobchod JWH-250, n\u00e1kup JWH-250, predaj JWH-250, k\u00fapte JWH-250, k\u00fapte lacno JWH -250 online, k\u00fapi\u0165 lacn\u00fd mefedron online, kde k\u00fapi\u0165 lacn\u00fd obchod JWH-250, k\u00fapi\u0165 lacn\u00fd JWH-250 na rastlinn\u00e9 pou\u017eitie, kde k\u00fapi\u0165 JWH-250 na osobn\u00e9 pou\u017eitie,\u00a0 k\u00fapi\u0165 lacno JWH-250, kde z\u00edska\u0165 JWH-250 na predaj , k\u00fapte hromadne JWH-250, k\u00fapte JWH-250 za dostupn\u00e9 ceny, k\u00fapte JWH-250 na osobn\u00e9 pou\u017eitie, k\u00fapte JWH-250\u00a0 na predaj, predaj kvalitn\u00e9ho JWH-250, k\u00fapte JWH-250 cez internet,<\/p>\n","protected":false},"excerpt":{"rendered":"<p>JWH-250 je indolov\u00e9 kanabimimetikum, ktor\u00e9 vykazuje vysok\u00fa afinitu k centr\u00e1lnym a perif\u00e9rnym kanabinoidn\u00fdm receptorom. K\u00fapi\u0165 JWH-250 online bol identifikovan\u00fd ako s\u00fa\u010das\u0165 nieko\u013ek\u00fdch r\u00f4znych produktov \u201ebylinn\u00e9ho kadidla\u201c, ktor\u00e9 sa \u010dasto pred\u00e1vaj\u00fa ako \u201ene\u013eudsk\u00e9\u201c.<\/p>\n","protected":false},"featured_media":2251,"comment_status":"open","ping_status":"closed","template":"","meta":{"inline_featured_image":false},"product_brand":[],"product_cat":[344],"product_tag":[],"class_list":{"0":"post-2221","1":"product","2":"type-product","3":"status-publish","4":"has-post-thumbnail","6":"product_cat-vskum-chemiklie","8":"first","9":"instock","10":"shipping-taxable","11":"purchasable","12":"product-type-variable","13":"has-default-attributes"},"yoast_head":"<!-- This site is optimized with the Yoast SEO Premium plugin v20.6 (Yoast SEO v27.4) - https:\/\/yoast.com\/product\/yoast-seo-premium-wordpress\/ -->\n<title>K\u00fapi\u0165 JWH-250 online | Objedn\u00e1vka JWH-250 | Pred\u00e1m JWH-250<\/title>\n<meta name=\"description\" content=\"K\u00fapi\u0165 JWH-250 online za prijate\u013en\u00fa cenu, sme spo\u013eahliv\u00fd a d\u00f4veryhodn\u00fd dod\u00e1vate\u013e JWH-250 s r\u00fdchlym doru\u010den\u00edm 100% zaru\u010den\u00fdm a d\u00f4veryhodn\u00fdm.\" \/>\n<meta name=\"robots\" content=\"index, follow, max-snippet:-1, max-image-preview:large, max-video-preview:-1\" \/>\n<link rel=\"canonical\" href=\"https:\/\/gooddealersmeds.com\/sk\/product\/kupit-jwh-250-online\/\" \/>\n<meta property=\"og:locale\" content=\"en_US\" \/>\n<meta property=\"og:type\" content=\"article\" \/>\n<meta property=\"og:title\" content=\"K\u00fapi\u0165 JWH-250 online\" \/>\n<meta property=\"og:description\" content=\"K\u00fapi\u0165 JWH-250 online za prijate\u013en\u00fa cenu, sme spo\u013eahliv\u00fd a d\u00f4veryhodn\u00fd dod\u00e1vate\u013e JWH-250 s r\u00fdchlym doru\u010den\u00edm 100% zaru\u010den\u00fdm a d\u00f4veryhodn\u00fdm.\" \/>\n<meta property=\"og:url\" content=\"https:\/\/gooddealersmeds.com\/sk\/product\/kupit-jwh-250-online\/\" \/>\n<meta property=\"og:site_name\" content=\"Good Dealers Meds\" \/>\n<meta property=\"article:modified_time\" content=\"2023-03-13T01:09:17+00:00\" \/>\n<meta property=\"og:image\" content=\"https:\/\/gooddealersmeds.com\/sk\/wp-content\/uploads\/sites\/9\/2023\/01\/jhw.png\" \/>\n\t<meta property=\"og:image:width\" content=\"267\" \/>\n\t<meta property=\"og:image:height\" content=\"189\" \/>\n\t<meta property=\"og:image:type\" content=\"image\/png\" \/>\n<meta name=\"twitter:card\" content=\"summary_large_image\" \/>\n<meta name=\"twitter:label1\" content=\"Est. reading time\" \/>\n\t<meta name=\"twitter:data1\" content=\"2 minutes\" \/>\n<script type=\"application\/ld+json\" class=\"yoast-schema-graph\">{\"@context\":\"https:\\\/\\\/schema.org\",\"@graph\":[{\"@type\":\"WebPage\",\"@id\":\"https:\\\/\\\/gooddealersmeds.com\\\/sk\\\/product\\\/kupit-jwh-250-online\\\/\",\"url\":\"https:\\\/\\\/gooddealersmeds.com\\\/sk\\\/product\\\/kupit-jwh-250-online\\\/\",\"name\":\"K\u00fapi\u0165 JWH-250 online | Objedn\u00e1vka JWH-250 | Pred\u00e1m JWH-250\",\"isPartOf\":{\"@id\":\"https:\\\/\\\/gooddealersmeds.com\\\/sk\\\/#website\"},\"primaryImageOfPage\":{\"@id\":\"https:\\\/\\\/gooddealersmeds.com\\\/sk\\\/product\\\/kupit-jwh-250-online\\\/#primaryimage\"},\"image\":{\"@id\":\"https:\\\/\\\/gooddealersmeds.com\\\/sk\\\/product\\\/kupit-jwh-250-online\\\/#primaryimage\"},\"thumbnailUrl\":\"https:\\\/\\\/gooddealersmeds.com\\\/sk\\\/wp-content\\\/uploads\\\/sites\\\/9\\\/2023\\\/01\\\/jhw.png\",\"datePublished\":\"2023-01-08T19:09:13+00:00\",\"dateModified\":\"2023-03-13T01:09:17+00:00\",\"description\":\"K\u00fapi\u0165 JWH-250 online za prijate\u013en\u00fa cenu, sme spo\u013eahliv\u00fd a d\u00f4veryhodn\u00fd dod\u00e1vate\u013e JWH-250 s r\u00fdchlym doru\u010den\u00edm 100% zaru\u010den\u00fdm a d\u00f4veryhodn\u00fdm.\",\"breadcrumb\":{\"@id\":\"https:\\\/\\\/gooddealersmeds.com\\\/sk\\\/product\\\/kupit-jwh-250-online\\\/#breadcrumb\"},\"inLanguage\":\"en-US\",\"potentialAction\":[{\"@type\":\"ReadAction\",\"target\":[\"https:\\\/\\\/gooddealersmeds.com\\\/sk\\\/product\\\/kupit-jwh-250-online\\\/\"]}]},{\"@type\":\"ImageObject\",\"inLanguage\":\"en-US\",\"@id\":\"https:\\\/\\\/gooddealersmeds.com\\\/sk\\\/product\\\/kupit-jwh-250-online\\\/#primaryimage\",\"url\":\"https:\\\/\\\/gooddealersmeds.com\\\/sk\\\/wp-content\\\/uploads\\\/sites\\\/9\\\/2023\\\/01\\\/jhw.png\",\"contentUrl\":\"https:\\\/\\\/gooddealersmeds.com\\\/sk\\\/wp-content\\\/uploads\\\/sites\\\/9\\\/2023\\\/01\\\/jhw.png\",\"width\":267,\"height\":189},{\"@type\":\"BreadcrumbList\",\"@id\":\"https:\\\/\\\/gooddealersmeds.com\\\/sk\\\/product\\\/kupit-jwh-250-online\\\/#breadcrumb\",\"itemListElement\":[{\"@type\":\"ListItem\",\"position\":1,\"name\":\"Home\",\"item\":\"https:\\\/\\\/gooddealersmeds.com\\\/sk\\\/\"},{\"@type\":\"ListItem\",\"position\":2,\"name\":\"Produkty\",\"item\":\"https:\\\/\\\/gooddealersmeds.com\\\/sk\\\/produkty\\\/\"},{\"@type\":\"ListItem\",\"position\":3,\"name\":\"K\u00fapi\u0165 JWH-250 online\"}]},{\"@type\":\"WebSite\",\"@id\":\"https:\\\/\\\/gooddealersmeds.com\\\/sk\\\/#website\",\"url\":\"https:\\\/\\\/gooddealersmeds.com\\\/sk\\\/\",\"name\":\"Good Dealers Meds\",\"description\":\"All our best\",\"publisher\":{\"@id\":\"https:\\\/\\\/gooddealersmeds.com\\\/sk\\\/#organization\"},\"potentialAction\":[{\"@type\":\"SearchAction\",\"target\":{\"@type\":\"EntryPoint\",\"urlTemplate\":\"https:\\\/\\\/gooddealersmeds.com\\\/sk\\\/?s={search_term_string}\"},\"query-input\":{\"@type\":\"PropertyValueSpecification\",\"valueRequired\":true,\"valueName\":\"search_term_string\"}}],\"inLanguage\":\"en-US\"},{\"@type\":\"Organization\",\"@id\":\"https:\\\/\\\/gooddealersmeds.com\\\/sk\\\/#organization\",\"name\":\"Good Dealers Meds\",\"url\":\"https:\\\/\\\/gooddealersmeds.com\\\/sk\\\/\",\"logo\":{\"@type\":\"ImageObject\",\"inLanguage\":\"en-US\",\"@id\":\"https:\\\/\\\/gooddealersmeds.com\\\/sk\\\/#\\\/schema\\\/logo\\\/image\\\/\",\"url\":\"https:\\\/\\\/gooddealersmeds.com\\\/sk\\\/wp-content\\\/uploads\\\/sites\\\/9\\\/2022\\\/03\\\/gooddealersmeds__logo__20220317T222800Z.00.png\",\"contentUrl\":\"https:\\\/\\\/gooddealersmeds.com\\\/sk\\\/wp-content\\\/uploads\\\/sites\\\/9\\\/2022\\\/03\\\/gooddealersmeds__logo__20220317T222800Z.00.png\",\"width\":500,\"height\":325,\"caption\":\"Good Dealers Meds\"},\"image\":{\"@id\":\"https:\\\/\\\/gooddealersmeds.com\\\/sk\\\/#\\\/schema\\\/logo\\\/image\\\/\"}}]}<\/script>\n<!-- \/ Yoast SEO Premium plugin. -->","yoast_head_json":{"title":"K\u00fapi\u0165 JWH-250 online | Objedn\u00e1vka JWH-250 | Pred\u00e1m JWH-250","description":"K\u00fapi\u0165 JWH-250 online za prijate\u013en\u00fa cenu, sme spo\u013eahliv\u00fd a d\u00f4veryhodn\u00fd dod\u00e1vate\u013e JWH-250 s r\u00fdchlym doru\u010den\u00edm 100% zaru\u010den\u00fdm a d\u00f4veryhodn\u00fdm.","robots":{"index":"index","follow":"follow","max-snippet":"max-snippet:-1","max-image-preview":"max-image-preview:large","max-video-preview":"max-video-preview:-1"},"canonical":"https:\/\/gooddealersmeds.com\/sk\/product\/kupit-jwh-250-online\/","og_locale":"en_US","og_type":"article","og_title":"K\u00fapi\u0165 JWH-250 online","og_description":"K\u00fapi\u0165 JWH-250 online za prijate\u013en\u00fa cenu, sme spo\u013eahliv\u00fd a d\u00f4veryhodn\u00fd dod\u00e1vate\u013e JWH-250 s r\u00fdchlym doru\u010den\u00edm 100% zaru\u010den\u00fdm a d\u00f4veryhodn\u00fdm.","og_url":"https:\/\/gooddealersmeds.com\/sk\/product\/kupit-jwh-250-online\/","og_site_name":"Good Dealers Meds","article_modified_time":"2023-03-13T01:09:17+00:00","og_image":[{"width":267,"height":189,"url":"https:\/\/gooddealersmeds.com\/sk\/wp-content\/uploads\/sites\/9\/2023\/01\/jhw.png","type":"image\/png"}],"twitter_card":"summary_large_image","twitter_misc":{"Est. reading time":"2 minutes"},"schema":{"@context":"https:\/\/schema.org","@graph":[{"@type":"WebPage","@id":"https:\/\/gooddealersmeds.com\/sk\/product\/kupit-jwh-250-online\/","url":"https:\/\/gooddealersmeds.com\/sk\/product\/kupit-jwh-250-online\/","name":"K\u00fapi\u0165 JWH-250 online | Objedn\u00e1vka JWH-250 | Pred\u00e1m JWH-250","isPartOf":{"@id":"https:\/\/gooddealersmeds.com\/sk\/#website"},"primaryImageOfPage":{"@id":"https:\/\/gooddealersmeds.com\/sk\/product\/kupit-jwh-250-online\/#primaryimage"},"image":{"@id":"https:\/\/gooddealersmeds.com\/sk\/product\/kupit-jwh-250-online\/#primaryimage"},"thumbnailUrl":"https:\/\/gooddealersmeds.com\/sk\/wp-content\/uploads\/sites\/9\/2023\/01\/jhw.png","datePublished":"2023-01-08T19:09:13+00:00","dateModified":"2023-03-13T01:09:17+00:00","description":"K\u00fapi\u0165 JWH-250 online za prijate\u013en\u00fa cenu, sme spo\u013eahliv\u00fd a d\u00f4veryhodn\u00fd dod\u00e1vate\u013e JWH-250 s r\u00fdchlym doru\u010den\u00edm 100% zaru\u010den\u00fdm a d\u00f4veryhodn\u00fdm.","breadcrumb":{"@id":"https:\/\/gooddealersmeds.com\/sk\/product\/kupit-jwh-250-online\/#breadcrumb"},"inLanguage":"en-US","potentialAction":[{"@type":"ReadAction","target":["https:\/\/gooddealersmeds.com\/sk\/product\/kupit-jwh-250-online\/"]}]},{"@type":"ImageObject","inLanguage":"en-US","@id":"https:\/\/gooddealersmeds.com\/sk\/product\/kupit-jwh-250-online\/#primaryimage","url":"https:\/\/gooddealersmeds.com\/sk\/wp-content\/uploads\/sites\/9\/2023\/01\/jhw.png","contentUrl":"https:\/\/gooddealersmeds.com\/sk\/wp-content\/uploads\/sites\/9\/2023\/01\/jhw.png","width":267,"height":189},{"@type":"BreadcrumbList","@id":"https:\/\/gooddealersmeds.com\/sk\/product\/kupit-jwh-250-online\/#breadcrumb","itemListElement":[{"@type":"ListItem","position":1,"name":"Home","item":"https:\/\/gooddealersmeds.com\/sk\/"},{"@type":"ListItem","position":2,"name":"Produkty","item":"https:\/\/gooddealersmeds.com\/sk\/produkty\/"},{"@type":"ListItem","position":3,"name":"K\u00fapi\u0165 JWH-250 online"}]},{"@type":"WebSite","@id":"https:\/\/gooddealersmeds.com\/sk\/#website","url":"https:\/\/gooddealersmeds.com\/sk\/","name":"Good Dealers Meds","description":"All our best","publisher":{"@id":"https:\/\/gooddealersmeds.com\/sk\/#organization"},"potentialAction":[{"@type":"SearchAction","target":{"@type":"EntryPoint","urlTemplate":"https:\/\/gooddealersmeds.com\/sk\/?s={search_term_string}"},"query-input":{"@type":"PropertyValueSpecification","valueRequired":true,"valueName":"search_term_string"}}],"inLanguage":"en-US"},{"@type":"Organization","@id":"https:\/\/gooddealersmeds.com\/sk\/#organization","name":"Good Dealers Meds","url":"https:\/\/gooddealersmeds.com\/sk\/","logo":{"@type":"ImageObject","inLanguage":"en-US","@id":"https:\/\/gooddealersmeds.com\/sk\/#\/schema\/logo\/image\/","url":"https:\/\/gooddealersmeds.com\/sk\/wp-content\/uploads\/sites\/9\/2022\/03\/gooddealersmeds__logo__20220317T222800Z.00.png","contentUrl":"https:\/\/gooddealersmeds.com\/sk\/wp-content\/uploads\/sites\/9\/2022\/03\/gooddealersmeds__logo__20220317T222800Z.00.png","width":500,"height":325,"caption":"Good Dealers Meds"},"image":{"@id":"https:\/\/gooddealersmeds.com\/sk\/#\/schema\/logo\/image\/"}}]}},"_links":{"self":[{"href":"https:\/\/gooddealersmeds.com\/sk\/wp-json\/wp\/v2\/product\/2221","targetHints":{"allow":["GET"]}}],"collection":[{"href":"https:\/\/gooddealersmeds.com\/sk\/wp-json\/wp\/v2\/product"}],"about":[{"href":"https:\/\/gooddealersmeds.com\/sk\/wp-json\/wp\/v2\/types\/product"}],"replies":[{"embeddable":true,"href":"https:\/\/gooddealersmeds.com\/sk\/wp-json\/wp\/v2\/comments?post=2221"}],"wp:featuredmedia":[{"embeddable":true,"href":"https:\/\/gooddealersmeds.com\/sk\/wp-json\/wp\/v2\/media\/2251"}],"wp:attachment":[{"href":"https:\/\/gooddealersmeds.com\/sk\/wp-json\/wp\/v2\/media?parent=2221"}],"wp:term":[{"taxonomy":"product_brand","embeddable":true,"href":"https:\/\/gooddealersmeds.com\/sk\/wp-json\/wp\/v2\/product_brand?post=2221"},{"taxonomy":"product_cat","embeddable":true,"href":"https:\/\/gooddealersmeds.com\/sk\/wp-json\/wp\/v2\/product_cat?post=2221"},{"taxonomy":"product_tag","embeddable":true,"href":"https:\/\/gooddealersmeds.com\/sk\/wp-json\/wp\/v2\/product_tag?post=2221"}],"curies":[{"name":"wp","href":"https:\/\/api.w.org\/{rel}","templated":true}]}}