{"id":2220,"date":"2023-01-08T19:09:13","date_gmt":"2023-01-08T19:09:13","guid":{"rendered":"https:\/\/gooddealersmeds.com\/sk\/?post_type=product&#038;p=2220"},"modified":"2023-03-13T01:06:26","modified_gmt":"2023-03-13T01:06:26","slug":"kupit-jwh-018-online","status":"publish","type":"product","link":"https:\/\/gooddealersmeds.com\/sk\/product\/kupit-jwh-018-online\/","title":{"rendered":"K\u00fapi\u0165 JWH-018 online"},"content":{"rendered":"<h2>JWH 018 Pr\u00e1\u0161ok: K\u00fapte si JWH-018 online<\/h2>\n<p>K\u00fapi\u0165 JWH-018 online je analytick\u00fd referen\u010dn\u00fd materi\u00e1l klasifikovan\u00fd ako <a href=\"https:\/\/www.frontiersin.org\/articles\/10.3389\/fpsyt.2018.00055\/full\">syntetick\u00fd kanabinoid<\/a>. 1. Nach\u00e1dza sa v bylinn\u00fdch zmesiach typu Spice\/K2 a m\u00f4\u017ee ma\u0165 neurotoxick\u00e9 vlastnosti. JWH-018 bol tie\u017e z\u00edskan\u00fd z troch r\u00f4znych netradi\u010dn\u00fdch online zdrojov: <a href=\"https:\/\/gooddealersmeds.com\/sk\/product\/kupit-jwh-018-online\/\">jwh018<\/a>.<\/p>\n<p>Pozrite si a k\u00fapte JWH 018 vo vysokej \u010distote. JWH-018 je syntetick\u00fd kanabinoidn\u00fd agonista bez klasickej kanabinoidnej chemickej \u0161trukt\u00fary. Pou\u017e\u00edva sa vo v\u00fdskume ako v\u00fdskumn\u00fd n\u00e1stroj.<\/p>\n<p>objedn\u00e1vka JWH-018<br \/>\nkde si m\u00f4\u017eem k\u00fapi\u0165 JWH-018<br \/>\nPred\u00e1m JWH-018<br \/>\nJWH-018<br \/>\nk\u00fapi\u0165 JWH-018 online<br \/>\nJWH-018 k\u00fapite tu<\/p>\n<p>&nbsp;<\/p>\n<p><strong>JWH-018 na predaj<\/strong><\/p>\n<p>Zaviazali sme sa pom\u00e1ha\u0165 z\u00e1kazn\u00edkom na celom svete s ich r\u00f4znymi potrebami poskytovan\u00edm komplexn\u00fdch a profesion\u00e1lnych slu\u017eieb. U\u017eite si dobr\u00fa poves\u0165 medzi na\u0161imi obchodn\u00fdmi partnermi a z\u00e1kazn\u00edkmi v\u010faka vysokej kvalite produktov, dodr\u017eiavaniu najvy\u0161\u0161\u00edch \u0161tandardov vo v\u00fdrobe na\u0161ich produktov a v\u00fdberu v\u0161etk\u00fdch produktov, ktor\u00e9 zara\u010fujeme do n\u00e1\u0161ho sortimentu s dlhoro\u010dn\u00fdmi sk\u00fasenos\u0165ami.<\/p>\n<p>V tomto odvetv\u00ed sme si vybudovali poves\u0165 jedn\u00e9ho z najd\u00f4veryhodnej\u0161\u00edch dod\u00e1vate\u013eov vo Ve\u013ekej Brit\u00e1nii, Eur\u00f3pe a vo svete.<\/p>\n<p>Vieme, \u017ee existuje ve\u013ea r\u00f4znych mo\u017enost\u00ed pre va\u0161e dodanie v\u00fdskumn\u00fdch chemik\u00e1li\u00ed,<\/p>\n<p>N\u00e1jdite si preto chv\u00ed\u013eku a pre\u010d\u00edtajte si, \u010d\u00edm sa l\u00ed\u0161ime od ostatn\u00fdch.<\/p>\n<p>objednajte si JWH-018 online<br \/>\nPred\u00e1m lacno JWH-018<br \/>\nJWH-018 tu<br \/>\nJWH-018 bl\u00edzko m\u0148a<br \/>\nJWH-018 kde objedna\u0165<br \/>\ndistrib\u00fator JWH-018<\/p>\n<p>\u0160t\u00fadie in vivo uk\u00e1zali, \u017ee JWH-250 a JWH-073, pod\u00e1van\u00e9 oddelene, vyvolali v\u00fdrazn\u00fa hypotermiu, zv\u00fd\u0161ili prah bolesti na \u0161kodliv\u00e9 mechanick\u00e9 aj tepeln\u00e9 podnety, sp\u00f4sobili katalepsiu, zn\u00ed\u017een\u00fa motorick\u00fa aktivitu, zhor\u0161en\u00e9 senzomotorick\u00e9 reakcie (vizu\u00e1lne, akustick\u00e9 a hmatov\u00e9), sp\u00f4sobil k\u0155\u010de, myokloniu<\/p>\n","protected":false},"excerpt":{"rendered":"<p><strong>K\u00fapi\u0165 JWH 018 online:<\/strong><\/p>\n<p>Mnoho z\u00e1kazn\u00edkov JWH 018 si u n\u00e1s objedn\u00e1va. Pred\u00e1vame najkvalitnej\u0161\u00ed JWH-018 online a n\u00e1\u0161 najlep\u0161\u00ed sp\u00f4sob platby. M\u00f4\u017eete si objedna\u0165 JWH-018 a necha\u0165 si ho doru\u010di\u0165 cez noc, doru\u010denie sa vykon\u00e1va opatrne, nevy\u017eaduje sa \u017eiadny podpis. Gooddealchem.com je va\u0161e rie\u0161enie na n\u00e1kup JWH-018 online.<\/p>\n","protected":false},"featured_media":2250,"comment_status":"open","ping_status":"closed","template":"","meta":{"inline_featured_image":false},"product_brand":[],"product_cat":[344],"product_tag":[668,667],"class_list":{"0":"post-2220","1":"product","2":"type-product","3":"status-publish","4":"has-post-thumbnail","6":"product_cat-vskum-chemiklie","7":"product_tag-legitimny-dodavatel-jwh-018","8":"product_tag-nakup-jwh-018-online-je-legalny-jwh-018","10":"first","11":"instock","12":"shipping-taxable","13":"purchasable","14":"product-type-variable","15":"has-default-attributes"},"yoast_head":"<!-- This site is optimized with the Yoast SEO Premium plugin v20.6 (Yoast SEO v27.3) - https:\/\/yoast.com\/product\/yoast-seo-premium-wordpress\/ -->\n<title>K\u00fapi\u0165 JWH-018 online | Objednajte si JWH-018 tu | JWH-018 na predaj.<\/title>\n<meta name=\"description\" content=\"K\u00fapi\u0165 JWH-018 online, sme najlep\u0161\u00ed dod\u00e1vatelia JWH-018 za prijate\u013en\u00fa cenu a garantujeme doru\u010denie. Objednajte si produkt najvy\u0161\u0161ej kvality.\" \/>\n<meta name=\"robots\" content=\"index, follow, max-snippet:-1, max-image-preview:large, max-video-preview:-1\" \/>\n<link rel=\"canonical\" href=\"https:\/\/gooddealersmeds.com\/sk\/product\/kupit-jwh-018-online\/\" \/>\n<meta property=\"og:locale\" content=\"en_US\" \/>\n<meta property=\"og:type\" content=\"article\" \/>\n<meta property=\"og:title\" content=\"K\u00fapi\u0165 JWH-018 online\" \/>\n<meta property=\"og:description\" content=\"K\u00fapi\u0165 JWH-018 online, sme najlep\u0161\u00ed dod\u00e1vatelia JWH-018 za prijate\u013en\u00fa cenu a garantujeme doru\u010denie. Objednajte si produkt najvy\u0161\u0161ej kvality.\" \/>\n<meta property=\"og:url\" content=\"https:\/\/gooddealersmeds.com\/sk\/product\/kupit-jwh-018-online\/\" \/>\n<meta property=\"og:site_name\" content=\"Good Dealers Meds\" \/>\n<meta property=\"article:modified_time\" content=\"2023-03-13T01:06:26+00:00\" \/>\n<meta property=\"og:image\" content=\"https:\/\/gooddealersmeds.com\/sk\/wp-content\/uploads\/sites\/9\/2023\/01\/JHW-018-1.jpg\" \/>\n\t<meta property=\"og:image:width\" content=\"600\" \/>\n\t<meta property=\"og:image:height\" content=\"600\" \/>\n\t<meta property=\"og:image:type\" content=\"image\/jpeg\" \/>\n<meta name=\"twitter:card\" content=\"summary_large_image\" \/>\n<meta name=\"twitter:label1\" content=\"Est. reading time\" \/>\n\t<meta name=\"twitter:data1\" content=\"2 minutes\" \/>\n<script type=\"application\/ld+json\" class=\"yoast-schema-graph\">{\"@context\":\"https:\\\/\\\/schema.org\",\"@graph\":[{\"@type\":\"WebPage\",\"@id\":\"https:\\\/\\\/gooddealersmeds.com\\\/sk\\\/product\\\/kupit-jwh-018-online\\\/\",\"url\":\"https:\\\/\\\/gooddealersmeds.com\\\/sk\\\/product\\\/kupit-jwh-018-online\\\/\",\"name\":\"K\u00fapi\u0165 JWH-018 online | Objednajte si JWH-018 tu | JWH-018 na predaj.\",\"isPartOf\":{\"@id\":\"https:\\\/\\\/gooddealersmeds.com\\\/sk\\\/#website\"},\"primaryImageOfPage\":{\"@id\":\"https:\\\/\\\/gooddealersmeds.com\\\/sk\\\/product\\\/kupit-jwh-018-online\\\/#primaryimage\"},\"image\":{\"@id\":\"https:\\\/\\\/gooddealersmeds.com\\\/sk\\\/product\\\/kupit-jwh-018-online\\\/#primaryimage\"},\"thumbnailUrl\":\"https:\\\/\\\/gooddealersmeds.com\\\/sk\\\/wp-content\\\/uploads\\\/sites\\\/9\\\/2023\\\/01\\\/JHW-018-1.jpg\",\"datePublished\":\"2023-01-08T19:09:13+00:00\",\"dateModified\":\"2023-03-13T01:06:26+00:00\",\"description\":\"K\u00fapi\u0165 JWH-018 online, sme najlep\u0161\u00ed dod\u00e1vatelia JWH-018 za prijate\u013en\u00fa cenu a garantujeme doru\u010denie. Objednajte si produkt najvy\u0161\u0161ej kvality.\",\"breadcrumb\":{\"@id\":\"https:\\\/\\\/gooddealersmeds.com\\\/sk\\\/product\\\/kupit-jwh-018-online\\\/#breadcrumb\"},\"inLanguage\":\"en-US\",\"potentialAction\":[{\"@type\":\"ReadAction\",\"target\":[\"https:\\\/\\\/gooddealersmeds.com\\\/sk\\\/product\\\/kupit-jwh-018-online\\\/\"]}]},{\"@type\":\"ImageObject\",\"inLanguage\":\"en-US\",\"@id\":\"https:\\\/\\\/gooddealersmeds.com\\\/sk\\\/product\\\/kupit-jwh-018-online\\\/#primaryimage\",\"url\":\"https:\\\/\\\/gooddealersmeds.com\\\/sk\\\/wp-content\\\/uploads\\\/sites\\\/9\\\/2023\\\/01\\\/JHW-018-1.jpg\",\"contentUrl\":\"https:\\\/\\\/gooddealersmeds.com\\\/sk\\\/wp-content\\\/uploads\\\/sites\\\/9\\\/2023\\\/01\\\/JHW-018-1.jpg\",\"width\":600,\"height\":600},{\"@type\":\"BreadcrumbList\",\"@id\":\"https:\\\/\\\/gooddealersmeds.com\\\/sk\\\/product\\\/kupit-jwh-018-online\\\/#breadcrumb\",\"itemListElement\":[{\"@type\":\"ListItem\",\"position\":1,\"name\":\"Home\",\"item\":\"https:\\\/\\\/gooddealersmeds.com\\\/sk\\\/\"},{\"@type\":\"ListItem\",\"position\":2,\"name\":\"Produkty\",\"item\":\"https:\\\/\\\/gooddealersmeds.com\\\/sk\\\/produkty\\\/\"},{\"@type\":\"ListItem\",\"position\":3,\"name\":\"K\u00fapi\u0165 JWH-018 online\"}]},{\"@type\":\"WebSite\",\"@id\":\"https:\\\/\\\/gooddealersmeds.com\\\/sk\\\/#website\",\"url\":\"https:\\\/\\\/gooddealersmeds.com\\\/sk\\\/\",\"name\":\"Good Dealers Meds\",\"description\":\"All our best\",\"publisher\":{\"@id\":\"https:\\\/\\\/gooddealersmeds.com\\\/sk\\\/#organization\"},\"potentialAction\":[{\"@type\":\"SearchAction\",\"target\":{\"@type\":\"EntryPoint\",\"urlTemplate\":\"https:\\\/\\\/gooddealersmeds.com\\\/sk\\\/?s={search_term_string}\"},\"query-input\":{\"@type\":\"PropertyValueSpecification\",\"valueRequired\":true,\"valueName\":\"search_term_string\"}}],\"inLanguage\":\"en-US\"},{\"@type\":\"Organization\",\"@id\":\"https:\\\/\\\/gooddealersmeds.com\\\/sk\\\/#organization\",\"name\":\"Good Dealers Meds\",\"url\":\"https:\\\/\\\/gooddealersmeds.com\\\/sk\\\/\",\"logo\":{\"@type\":\"ImageObject\",\"inLanguage\":\"en-US\",\"@id\":\"https:\\\/\\\/gooddealersmeds.com\\\/sk\\\/#\\\/schema\\\/logo\\\/image\\\/\",\"url\":\"https:\\\/\\\/gooddealersmeds.com\\\/sk\\\/wp-content\\\/uploads\\\/sites\\\/9\\\/2022\\\/03\\\/gooddealersmeds__logo__20220317T222800Z.00.png\",\"contentUrl\":\"https:\\\/\\\/gooddealersmeds.com\\\/sk\\\/wp-content\\\/uploads\\\/sites\\\/9\\\/2022\\\/03\\\/gooddealersmeds__logo__20220317T222800Z.00.png\",\"width\":500,\"height\":325,\"caption\":\"Good Dealers Meds\"},\"image\":{\"@id\":\"https:\\\/\\\/gooddealersmeds.com\\\/sk\\\/#\\\/schema\\\/logo\\\/image\\\/\"}}]}<\/script>\n<!-- \/ Yoast SEO Premium plugin. -->","yoast_head_json":{"title":"K\u00fapi\u0165 JWH-018 online | Objednajte si JWH-018 tu | JWH-018 na predaj.","description":"K\u00fapi\u0165 JWH-018 online, sme najlep\u0161\u00ed dod\u00e1vatelia JWH-018 za prijate\u013en\u00fa cenu a garantujeme doru\u010denie. Objednajte si produkt najvy\u0161\u0161ej kvality.","robots":{"index":"index","follow":"follow","max-snippet":"max-snippet:-1","max-image-preview":"max-image-preview:large","max-video-preview":"max-video-preview:-1"},"canonical":"https:\/\/gooddealersmeds.com\/sk\/product\/kupit-jwh-018-online\/","og_locale":"en_US","og_type":"article","og_title":"K\u00fapi\u0165 JWH-018 online","og_description":"K\u00fapi\u0165 JWH-018 online, sme najlep\u0161\u00ed dod\u00e1vatelia JWH-018 za prijate\u013en\u00fa cenu a garantujeme doru\u010denie. Objednajte si produkt najvy\u0161\u0161ej kvality.","og_url":"https:\/\/gooddealersmeds.com\/sk\/product\/kupit-jwh-018-online\/","og_site_name":"Good Dealers Meds","article_modified_time":"2023-03-13T01:06:26+00:00","og_image":[{"width":600,"height":600,"url":"https:\/\/gooddealersmeds.com\/sk\/wp-content\/uploads\/sites\/9\/2023\/01\/JHW-018-1.jpg","type":"image\/jpeg"}],"twitter_card":"summary_large_image","twitter_misc":{"Est. reading time":"2 minutes"},"schema":{"@context":"https:\/\/schema.org","@graph":[{"@type":"WebPage","@id":"https:\/\/gooddealersmeds.com\/sk\/product\/kupit-jwh-018-online\/","url":"https:\/\/gooddealersmeds.com\/sk\/product\/kupit-jwh-018-online\/","name":"K\u00fapi\u0165 JWH-018 online | Objednajte si JWH-018 tu | JWH-018 na predaj.","isPartOf":{"@id":"https:\/\/gooddealersmeds.com\/sk\/#website"},"primaryImageOfPage":{"@id":"https:\/\/gooddealersmeds.com\/sk\/product\/kupit-jwh-018-online\/#primaryimage"},"image":{"@id":"https:\/\/gooddealersmeds.com\/sk\/product\/kupit-jwh-018-online\/#primaryimage"},"thumbnailUrl":"https:\/\/gooddealersmeds.com\/sk\/wp-content\/uploads\/sites\/9\/2023\/01\/JHW-018-1.jpg","datePublished":"2023-01-08T19:09:13+00:00","dateModified":"2023-03-13T01:06:26+00:00","description":"K\u00fapi\u0165 JWH-018 online, sme najlep\u0161\u00ed dod\u00e1vatelia JWH-018 za prijate\u013en\u00fa cenu a garantujeme doru\u010denie. Objednajte si produkt najvy\u0161\u0161ej kvality.","breadcrumb":{"@id":"https:\/\/gooddealersmeds.com\/sk\/product\/kupit-jwh-018-online\/#breadcrumb"},"inLanguage":"en-US","potentialAction":[{"@type":"ReadAction","target":["https:\/\/gooddealersmeds.com\/sk\/product\/kupit-jwh-018-online\/"]}]},{"@type":"ImageObject","inLanguage":"en-US","@id":"https:\/\/gooddealersmeds.com\/sk\/product\/kupit-jwh-018-online\/#primaryimage","url":"https:\/\/gooddealersmeds.com\/sk\/wp-content\/uploads\/sites\/9\/2023\/01\/JHW-018-1.jpg","contentUrl":"https:\/\/gooddealersmeds.com\/sk\/wp-content\/uploads\/sites\/9\/2023\/01\/JHW-018-1.jpg","width":600,"height":600},{"@type":"BreadcrumbList","@id":"https:\/\/gooddealersmeds.com\/sk\/product\/kupit-jwh-018-online\/#breadcrumb","itemListElement":[{"@type":"ListItem","position":1,"name":"Home","item":"https:\/\/gooddealersmeds.com\/sk\/"},{"@type":"ListItem","position":2,"name":"Produkty","item":"https:\/\/gooddealersmeds.com\/sk\/produkty\/"},{"@type":"ListItem","position":3,"name":"K\u00fapi\u0165 JWH-018 online"}]},{"@type":"WebSite","@id":"https:\/\/gooddealersmeds.com\/sk\/#website","url":"https:\/\/gooddealersmeds.com\/sk\/","name":"Good Dealers Meds","description":"All our best","publisher":{"@id":"https:\/\/gooddealersmeds.com\/sk\/#organization"},"potentialAction":[{"@type":"SearchAction","target":{"@type":"EntryPoint","urlTemplate":"https:\/\/gooddealersmeds.com\/sk\/?s={search_term_string}"},"query-input":{"@type":"PropertyValueSpecification","valueRequired":true,"valueName":"search_term_string"}}],"inLanguage":"en-US"},{"@type":"Organization","@id":"https:\/\/gooddealersmeds.com\/sk\/#organization","name":"Good Dealers Meds","url":"https:\/\/gooddealersmeds.com\/sk\/","logo":{"@type":"ImageObject","inLanguage":"en-US","@id":"https:\/\/gooddealersmeds.com\/sk\/#\/schema\/logo\/image\/","url":"https:\/\/gooddealersmeds.com\/sk\/wp-content\/uploads\/sites\/9\/2022\/03\/gooddealersmeds__logo__20220317T222800Z.00.png","contentUrl":"https:\/\/gooddealersmeds.com\/sk\/wp-content\/uploads\/sites\/9\/2022\/03\/gooddealersmeds__logo__20220317T222800Z.00.png","width":500,"height":325,"caption":"Good Dealers Meds"},"image":{"@id":"https:\/\/gooddealersmeds.com\/sk\/#\/schema\/logo\/image\/"}}]}},"_links":{"self":[{"href":"https:\/\/gooddealersmeds.com\/sk\/wp-json\/wp\/v2\/product\/2220","targetHints":{"allow":["GET"]}}],"collection":[{"href":"https:\/\/gooddealersmeds.com\/sk\/wp-json\/wp\/v2\/product"}],"about":[{"href":"https:\/\/gooddealersmeds.com\/sk\/wp-json\/wp\/v2\/types\/product"}],"replies":[{"embeddable":true,"href":"https:\/\/gooddealersmeds.com\/sk\/wp-json\/wp\/v2\/comments?post=2220"}],"wp:featuredmedia":[{"embeddable":true,"href":"https:\/\/gooddealersmeds.com\/sk\/wp-json\/wp\/v2\/media\/2250"}],"wp:attachment":[{"href":"https:\/\/gooddealersmeds.com\/sk\/wp-json\/wp\/v2\/media?parent=2220"}],"wp:term":[{"taxonomy":"product_brand","embeddable":true,"href":"https:\/\/gooddealersmeds.com\/sk\/wp-json\/wp\/v2\/product_brand?post=2220"},{"taxonomy":"product_cat","embeddable":true,"href":"https:\/\/gooddealersmeds.com\/sk\/wp-json\/wp\/v2\/product_cat?post=2220"},{"taxonomy":"product_tag","embeddable":true,"href":"https:\/\/gooddealersmeds.com\/sk\/wp-json\/wp\/v2\/product_tag?post=2220"}],"curies":[{"name":"wp","href":"https:\/\/api.w.org\/{rel}","templated":true}]}}