{"id":2219,"date":"2023-01-08T19:09:13","date_gmt":"2023-01-08T19:09:13","guid":{"rendered":"https:\/\/gooddealersmeds.com\/sk\/?post_type=product&#038;p=2219"},"modified":"2023-03-13T00:59:56","modified_gmt":"2023-03-13T00:59:56","slug":"kupit-caluanie-muelear-oxidize","status":"publish","type":"product","link":"https:\/\/gooddealersmeds.com\/sk\/product\/kupit-caluanie-muelear-oxidize\/","title":{"rendered":"K\u00fapi\u0165 Caluanie Muelear Oxidize"},"content":{"rendered":"<h2><strong>K\u00fapi Caluanie Muelear Oxidize\u00a0<\/strong><\/h2>\n<p>K\u00fapi\u0165 Caluanie Muelear Oxidiz , <a href=\"https:\/\/en.wikipedia.org\/wiki\/Research_chemical\">chemick\u00fd<\/a> produkt Caluanie je svetlohned\u00e1 visk\u00f3zna kvapalina z\u00edskan\u00e1 z, Caluanie sa pou\u017e\u00edva v chemickom priemysle a priemysle farieb ako hygroskopick\u00e9 \u010dinidlo a je \u0161iroko pou\u017e\u00edvan\u00e9 v priemysle n\u00e1terov, farieb, plastov a tla\u010diarensk\u00fdch farieb.<\/p>\n<p>&nbsp;<\/p>\n<p><strong>Pon\u00fakame na predaj Caluanie Muelear Oxidize.<\/strong><\/p>\n<p>Produkty:\u00a0<a href=\"https:\/\/gooddealersmeds.com\/sk\/product\/kupit-caluanie-muelear-oxidize\/\">Caluanie Muelear Oxidize<\/a>\u00a0(Caluanie surov\u00fd 99% vyroben\u00fd Muelearoxide), Caluanie (oxida\u010dn\u00fd distribu\u010dn\u00fd termostat, \u0165a\u017ek\u00e1 voda):<\/p>\n<p>Tento produkt sa pou\u017e\u00edva na drvenie a spracovanie drah\u00fdch kovov a polodrahokamov. Pou\u017e\u00edva sa pri spracovan\u00ed drahokamov a polodrahokamov, ako aj na drvenie kovov v chemickom priemysle. Caluanie Mulear Oxid online USA<\/p>\n<p>Dostupn\u00e9 balenie: 5L a 20L, 50L, 100L hromadn\u00e9 balenie alebo na \u017eiados\u0165 kupuj\u00faceho.,<\/p>\n<p>K\u00fapte si Caluanie Mulear Oxide online Eur\u00f3pa<br \/>\nKde k\u00fapi\u0165 Caluanie Mulear Oxide online Eur\u00f3pa<br \/>\nVe\u013ekoobchod Caluanie Mulear Oxide online Eur\u00f3pa<\/p>\n<p>Sme spo\u013eahliv\u00e1 dod\u00e1vate\u013esk\u00e1 spolo\u010dnos\u0165 a dosahujeme 100% \u00faspe\u0161nos\u0165 vo v\u0161etk\u00fdch krajin\u00e1ch.<br \/>\n\u0164a\u017ek\u00e1 voda men\u00ed vlastnosti kovov a rob\u00ed ich krehk\u00fdmi. Ale v \u010dase siln\u00e9ho odparovania vody sa kov vr\u00e1ti do p\u00f4vodn\u00e9ho stavu<\/p>\n<p>Poradie Caluanie Muelear Oxidize<br \/>\nkde m\u00f4\u017eem k\u00fapi\u0165 Caluanie Muelear Oxidize<br \/>\nPred\u00e1m Caluanie Muelear Oxidize<br \/>\nCaluanie Muelear Oxidize<br \/>\nk\u00fapi\u0165 Caluanie Muelear Oxidize online<br \/>\nCaluanie Muelear Oxidize k\u00fapi\u0165 tu<br \/>\nCaluanie Muelear Oxidize<br \/>\nobjedna\u0165 Caluanie Muelear Oxidize online<br \/>\nLacn\u00fd Caluanie Muelear Oxidize na predaj<br \/>\nCaluanie Muelear Oxidize tu<br \/>\nCaluanie Muelear Oxidize bl\u00edzko m\u0148a<br \/>\nCaluanie Muelear Oxidize kde objedna\u0165<br \/>\nDistrib\u00fator Caluanie Muelear Oxidize<\/p>\n<p>Objednajte si Caluanie Mulear Oxide online Eur\u00f3pa<br \/>\nKde objedna\u0165 Caluanie Mulear Oxide online Eur\u00f3pa<br \/>\nVe\u013ekoobchod Caluanie Mulear Oxide online<\/p>\n<p>Pon\u00fakame na predaj Caluanie Muelear Oxidize<\/p>\n","protected":false},"excerpt":{"rendered":"<p><strong>K\u00fapte si Caluanie Muelear Oxidize vyroben\u00e9 v USA na drvenie kovov<\/strong><\/p>\n<p>Pon\u00fakame na predaj Caluanie Muelear Oxidize. Produkt: Caluanie Muelear Oxidize (Surov\u00fd Caluanie 99% vyroben\u00fd z Muelearoxidize) Caluanie (Termostat pre oxida\u010dn\u00fa partiz\u00e1niz\u00e1ciu, \u0165a\u017ek\u00e1 voda): Cena za krabicu (1 kus) -5 l.<\/p>\n","protected":false},"featured_media":2249,"comment_status":"open","ping_status":"closed","template":"","meta":{"inline_featured_image":false},"product_brand":[],"product_cat":[344],"product_tag":[599,672,601,674,669,670,673,671,677,676,675],"class_list":{"0":"post-2219","1":"product","2":"type-product","3":"status-publish","4":"has-post-thumbnail","6":"product_cat-vskum-chemiklie","7":"product_tag-caluanie-muelear-oxidize","8":"product_tag-caluanie-muelear-oxidize-blizko-mna","9":"product_tag-caluanie-muelear-oxidize-distributor","10":"product_tag-caluanie-muelear-oxidize-kde-objednat-na-oxideleu-sale","11":"product_tag-caluanie-muelear-oxidize-kupit-tu","12":"product_tag-caluanie-muelear-oxidize-na-predaj","13":"product_tag-caluanie-muelear-oxidize-objednavku","14":"product_tag-caluanie-muelear-oxidize-tu","15":"product_tag-kde-si-mozem-kupit-caluanie-muelear-oxidize","16":"product_tag-kupit-caluanie-muelear-oxidize-online","17":"product_tag-objednat-caluanie-muelear-oxidize-online","19":"first","20":"instock","21":"shipping-taxable","22":"purchasable","23":"product-type-variable","24":"has-default-attributes"},"yoast_head":"<!-- This site is optimized with the Yoast SEO Premium plugin v20.6 (Yoast SEO v27.3) - https:\/\/yoast.com\/product\/yoast-seo-premium-wordpress\/ -->\n<title>K\u00fapi\u0165 Caluanie Muelear Oxidize | Caluanie Muelear Oxidize na predaj.<\/title>\n<meta name=\"description\" content=\"Sme najlep\u0161\u00edmi dod\u00e1vate\u013emi Caluanie Muelear Oxidize za prijate\u013en\u00fa cenu a garantujeme dodanie. K\u00fapi\u0165 Caluanie Muelear Oxidize.\" \/>\n<meta name=\"robots\" content=\"index, follow, max-snippet:-1, max-image-preview:large, max-video-preview:-1\" \/>\n<link rel=\"canonical\" href=\"https:\/\/gooddealersmeds.com\/sk\/product\/kupit-caluanie-muelear-oxidize\/\" \/>\n<meta property=\"og:locale\" content=\"en_US\" \/>\n<meta property=\"og:type\" content=\"article\" \/>\n<meta property=\"og:title\" content=\"K\u00fapi\u0165 Caluanie Muelear Oxidize\" \/>\n<meta property=\"og:description\" content=\"Sme najlep\u0161\u00edmi dod\u00e1vate\u013emi Caluanie Muelear Oxidize za prijate\u013en\u00fa cenu a garantujeme dodanie. K\u00fapi\u0165 Caluanie Muelear Oxidize.\" \/>\n<meta property=\"og:url\" content=\"https:\/\/gooddealersmeds.com\/sk\/product\/kupit-caluanie-muelear-oxidize\/\" \/>\n<meta property=\"og:site_name\" content=\"Good Dealers Meds\" \/>\n<meta property=\"article:modified_time\" content=\"2023-03-13T00:59:56+00:00\" \/>\n<meta property=\"og:image\" content=\"https:\/\/gooddealersmeds.com\/sk\/wp-content\/uploads\/sites\/9\/2023\/01\/Caluanie-Muelear-Oxidize-for-sal.jpg\" \/>\n\t<meta property=\"og:image:width\" content=\"600\" \/>\n\t<meta property=\"og:image:height\" content=\"600\" \/>\n\t<meta property=\"og:image:type\" content=\"image\/jpeg\" \/>\n<meta name=\"twitter:card\" content=\"summary_large_image\" \/>\n<meta name=\"twitter:label1\" content=\"Est. reading time\" \/>\n\t<meta name=\"twitter:data1\" content=\"1 minute\" \/>\n<script type=\"application\/ld+json\" class=\"yoast-schema-graph\">{\"@context\":\"https:\\\/\\\/schema.org\",\"@graph\":[{\"@type\":\"WebPage\",\"@id\":\"https:\\\/\\\/gooddealersmeds.com\\\/sk\\\/product\\\/kupit-caluanie-muelear-oxidize\\\/\",\"url\":\"https:\\\/\\\/gooddealersmeds.com\\\/sk\\\/product\\\/kupit-caluanie-muelear-oxidize\\\/\",\"name\":\"K\u00fapi\u0165 Caluanie Muelear Oxidize | Caluanie Muelear Oxidize na predaj.\",\"isPartOf\":{\"@id\":\"https:\\\/\\\/gooddealersmeds.com\\\/sk\\\/#website\"},\"primaryImageOfPage\":{\"@id\":\"https:\\\/\\\/gooddealersmeds.com\\\/sk\\\/product\\\/kupit-caluanie-muelear-oxidize\\\/#primaryimage\"},\"image\":{\"@id\":\"https:\\\/\\\/gooddealersmeds.com\\\/sk\\\/product\\\/kupit-caluanie-muelear-oxidize\\\/#primaryimage\"},\"thumbnailUrl\":\"https:\\\/\\\/gooddealersmeds.com\\\/sk\\\/wp-content\\\/uploads\\\/sites\\\/9\\\/2023\\\/01\\\/Caluanie-Muelear-Oxidize-for-sal.jpg\",\"datePublished\":\"2023-01-08T19:09:13+00:00\",\"dateModified\":\"2023-03-13T00:59:56+00:00\",\"description\":\"Sme najlep\u0161\u00edmi dod\u00e1vate\u013emi Caluanie Muelear Oxidize za prijate\u013en\u00fa cenu a garantujeme dodanie. K\u00fapi\u0165 Caluanie Muelear Oxidize.\",\"breadcrumb\":{\"@id\":\"https:\\\/\\\/gooddealersmeds.com\\\/sk\\\/product\\\/kupit-caluanie-muelear-oxidize\\\/#breadcrumb\"},\"inLanguage\":\"en-US\",\"potentialAction\":[{\"@type\":\"ReadAction\",\"target\":[\"https:\\\/\\\/gooddealersmeds.com\\\/sk\\\/product\\\/kupit-caluanie-muelear-oxidize\\\/\"]}]},{\"@type\":\"ImageObject\",\"inLanguage\":\"en-US\",\"@id\":\"https:\\\/\\\/gooddealersmeds.com\\\/sk\\\/product\\\/kupit-caluanie-muelear-oxidize\\\/#primaryimage\",\"url\":\"https:\\\/\\\/gooddealersmeds.com\\\/sk\\\/wp-content\\\/uploads\\\/sites\\\/9\\\/2023\\\/01\\\/Caluanie-Muelear-Oxidize-for-sal.jpg\",\"contentUrl\":\"https:\\\/\\\/gooddealersmeds.com\\\/sk\\\/wp-content\\\/uploads\\\/sites\\\/9\\\/2023\\\/01\\\/Caluanie-Muelear-Oxidize-for-sal.jpg\",\"width\":600,\"height\":600},{\"@type\":\"BreadcrumbList\",\"@id\":\"https:\\\/\\\/gooddealersmeds.com\\\/sk\\\/product\\\/kupit-caluanie-muelear-oxidize\\\/#breadcrumb\",\"itemListElement\":[{\"@type\":\"ListItem\",\"position\":1,\"name\":\"Home\",\"item\":\"https:\\\/\\\/gooddealersmeds.com\\\/sk\\\/\"},{\"@type\":\"ListItem\",\"position\":2,\"name\":\"Produkty\",\"item\":\"https:\\\/\\\/gooddealersmeds.com\\\/sk\\\/produkty\\\/\"},{\"@type\":\"ListItem\",\"position\":3,\"name\":\"K\u00fapi\u0165 Caluanie Muelear Oxidize\"}]},{\"@type\":\"WebSite\",\"@id\":\"https:\\\/\\\/gooddealersmeds.com\\\/sk\\\/#website\",\"url\":\"https:\\\/\\\/gooddealersmeds.com\\\/sk\\\/\",\"name\":\"Good Dealers Meds\",\"description\":\"All our best\",\"publisher\":{\"@id\":\"https:\\\/\\\/gooddealersmeds.com\\\/sk\\\/#organization\"},\"potentialAction\":[{\"@type\":\"SearchAction\",\"target\":{\"@type\":\"EntryPoint\",\"urlTemplate\":\"https:\\\/\\\/gooddealersmeds.com\\\/sk\\\/?s={search_term_string}\"},\"query-input\":{\"@type\":\"PropertyValueSpecification\",\"valueRequired\":true,\"valueName\":\"search_term_string\"}}],\"inLanguage\":\"en-US\"},{\"@type\":\"Organization\",\"@id\":\"https:\\\/\\\/gooddealersmeds.com\\\/sk\\\/#organization\",\"name\":\"Good Dealers Meds\",\"url\":\"https:\\\/\\\/gooddealersmeds.com\\\/sk\\\/\",\"logo\":{\"@type\":\"ImageObject\",\"inLanguage\":\"en-US\",\"@id\":\"https:\\\/\\\/gooddealersmeds.com\\\/sk\\\/#\\\/schema\\\/logo\\\/image\\\/\",\"url\":\"https:\\\/\\\/gooddealersmeds.com\\\/sk\\\/wp-content\\\/uploads\\\/sites\\\/9\\\/2022\\\/03\\\/gooddealersmeds__logo__20220317T222800Z.00.png\",\"contentUrl\":\"https:\\\/\\\/gooddealersmeds.com\\\/sk\\\/wp-content\\\/uploads\\\/sites\\\/9\\\/2022\\\/03\\\/gooddealersmeds__logo__20220317T222800Z.00.png\",\"width\":500,\"height\":325,\"caption\":\"Good Dealers Meds\"},\"image\":{\"@id\":\"https:\\\/\\\/gooddealersmeds.com\\\/sk\\\/#\\\/schema\\\/logo\\\/image\\\/\"}}]}<\/script>\n<!-- \/ Yoast SEO Premium plugin. -->","yoast_head_json":{"title":"K\u00fapi\u0165 Caluanie Muelear Oxidize | Caluanie Muelear Oxidize na predaj.","description":"Sme najlep\u0161\u00edmi dod\u00e1vate\u013emi Caluanie Muelear Oxidize za prijate\u013en\u00fa cenu a garantujeme dodanie. K\u00fapi\u0165 Caluanie Muelear Oxidize.","robots":{"index":"index","follow":"follow","max-snippet":"max-snippet:-1","max-image-preview":"max-image-preview:large","max-video-preview":"max-video-preview:-1"},"canonical":"https:\/\/gooddealersmeds.com\/sk\/product\/kupit-caluanie-muelear-oxidize\/","og_locale":"en_US","og_type":"article","og_title":"K\u00fapi\u0165 Caluanie Muelear Oxidize","og_description":"Sme najlep\u0161\u00edmi dod\u00e1vate\u013emi Caluanie Muelear Oxidize za prijate\u013en\u00fa cenu a garantujeme dodanie. K\u00fapi\u0165 Caluanie Muelear Oxidize.","og_url":"https:\/\/gooddealersmeds.com\/sk\/product\/kupit-caluanie-muelear-oxidize\/","og_site_name":"Good Dealers Meds","article_modified_time":"2023-03-13T00:59:56+00:00","og_image":[{"width":600,"height":600,"url":"https:\/\/gooddealersmeds.com\/sk\/wp-content\/uploads\/sites\/9\/2023\/01\/Caluanie-Muelear-Oxidize-for-sal.jpg","type":"image\/jpeg"}],"twitter_card":"summary_large_image","twitter_misc":{"Est. reading time":"1 minute"},"schema":{"@context":"https:\/\/schema.org","@graph":[{"@type":"WebPage","@id":"https:\/\/gooddealersmeds.com\/sk\/product\/kupit-caluanie-muelear-oxidize\/","url":"https:\/\/gooddealersmeds.com\/sk\/product\/kupit-caluanie-muelear-oxidize\/","name":"K\u00fapi\u0165 Caluanie Muelear Oxidize | Caluanie Muelear Oxidize na predaj.","isPartOf":{"@id":"https:\/\/gooddealersmeds.com\/sk\/#website"},"primaryImageOfPage":{"@id":"https:\/\/gooddealersmeds.com\/sk\/product\/kupit-caluanie-muelear-oxidize\/#primaryimage"},"image":{"@id":"https:\/\/gooddealersmeds.com\/sk\/product\/kupit-caluanie-muelear-oxidize\/#primaryimage"},"thumbnailUrl":"https:\/\/gooddealersmeds.com\/sk\/wp-content\/uploads\/sites\/9\/2023\/01\/Caluanie-Muelear-Oxidize-for-sal.jpg","datePublished":"2023-01-08T19:09:13+00:00","dateModified":"2023-03-13T00:59:56+00:00","description":"Sme najlep\u0161\u00edmi dod\u00e1vate\u013emi Caluanie Muelear Oxidize za prijate\u013en\u00fa cenu a garantujeme dodanie. K\u00fapi\u0165 Caluanie Muelear Oxidize.","breadcrumb":{"@id":"https:\/\/gooddealersmeds.com\/sk\/product\/kupit-caluanie-muelear-oxidize\/#breadcrumb"},"inLanguage":"en-US","potentialAction":[{"@type":"ReadAction","target":["https:\/\/gooddealersmeds.com\/sk\/product\/kupit-caluanie-muelear-oxidize\/"]}]},{"@type":"ImageObject","inLanguage":"en-US","@id":"https:\/\/gooddealersmeds.com\/sk\/product\/kupit-caluanie-muelear-oxidize\/#primaryimage","url":"https:\/\/gooddealersmeds.com\/sk\/wp-content\/uploads\/sites\/9\/2023\/01\/Caluanie-Muelear-Oxidize-for-sal.jpg","contentUrl":"https:\/\/gooddealersmeds.com\/sk\/wp-content\/uploads\/sites\/9\/2023\/01\/Caluanie-Muelear-Oxidize-for-sal.jpg","width":600,"height":600},{"@type":"BreadcrumbList","@id":"https:\/\/gooddealersmeds.com\/sk\/product\/kupit-caluanie-muelear-oxidize\/#breadcrumb","itemListElement":[{"@type":"ListItem","position":1,"name":"Home","item":"https:\/\/gooddealersmeds.com\/sk\/"},{"@type":"ListItem","position":2,"name":"Produkty","item":"https:\/\/gooddealersmeds.com\/sk\/produkty\/"},{"@type":"ListItem","position":3,"name":"K\u00fapi\u0165 Caluanie Muelear Oxidize"}]},{"@type":"WebSite","@id":"https:\/\/gooddealersmeds.com\/sk\/#website","url":"https:\/\/gooddealersmeds.com\/sk\/","name":"Good Dealers Meds","description":"All our best","publisher":{"@id":"https:\/\/gooddealersmeds.com\/sk\/#organization"},"potentialAction":[{"@type":"SearchAction","target":{"@type":"EntryPoint","urlTemplate":"https:\/\/gooddealersmeds.com\/sk\/?s={search_term_string}"},"query-input":{"@type":"PropertyValueSpecification","valueRequired":true,"valueName":"search_term_string"}}],"inLanguage":"en-US"},{"@type":"Organization","@id":"https:\/\/gooddealersmeds.com\/sk\/#organization","name":"Good Dealers Meds","url":"https:\/\/gooddealersmeds.com\/sk\/","logo":{"@type":"ImageObject","inLanguage":"en-US","@id":"https:\/\/gooddealersmeds.com\/sk\/#\/schema\/logo\/image\/","url":"https:\/\/gooddealersmeds.com\/sk\/wp-content\/uploads\/sites\/9\/2022\/03\/gooddealersmeds__logo__20220317T222800Z.00.png","contentUrl":"https:\/\/gooddealersmeds.com\/sk\/wp-content\/uploads\/sites\/9\/2022\/03\/gooddealersmeds__logo__20220317T222800Z.00.png","width":500,"height":325,"caption":"Good Dealers Meds"},"image":{"@id":"https:\/\/gooddealersmeds.com\/sk\/#\/schema\/logo\/image\/"}}]}},"_links":{"self":[{"href":"https:\/\/gooddealersmeds.com\/sk\/wp-json\/wp\/v2\/product\/2219","targetHints":{"allow":["GET"]}}],"collection":[{"href":"https:\/\/gooddealersmeds.com\/sk\/wp-json\/wp\/v2\/product"}],"about":[{"href":"https:\/\/gooddealersmeds.com\/sk\/wp-json\/wp\/v2\/types\/product"}],"replies":[{"embeddable":true,"href":"https:\/\/gooddealersmeds.com\/sk\/wp-json\/wp\/v2\/comments?post=2219"}],"wp:featuredmedia":[{"embeddable":true,"href":"https:\/\/gooddealersmeds.com\/sk\/wp-json\/wp\/v2\/media\/2249"}],"wp:attachment":[{"href":"https:\/\/gooddealersmeds.com\/sk\/wp-json\/wp\/v2\/media?parent=2219"}],"wp:term":[{"taxonomy":"product_brand","embeddable":true,"href":"https:\/\/gooddealersmeds.com\/sk\/wp-json\/wp\/v2\/product_brand?post=2219"},{"taxonomy":"product_cat","embeddable":true,"href":"https:\/\/gooddealersmeds.com\/sk\/wp-json\/wp\/v2\/product_cat?post=2219"},{"taxonomy":"product_tag","embeddable":true,"href":"https:\/\/gooddealersmeds.com\/sk\/wp-json\/wp\/v2\/product_tag?post=2219"}],"curies":[{"name":"wp","href":"https:\/\/api.w.org\/{rel}","templated":true}]}}