{"id":2218,"date":"2023-01-08T19:09:13","date_gmt":"2023-01-08T19:09:13","guid":{"rendered":"https:\/\/gooddealersmeds.com\/sk\/?post_type=product&#038;p=2218"},"modified":"2023-03-13T00:55:24","modified_gmt":"2023-03-13T00:55:24","slug":"kupit-a-oil-amfetaminovy-olej","status":"publish","type":"product","link":"https:\/\/gooddealersmeds.com\/sk\/product\/kupit-a-oil-amfetaminovy-olej\/","title":{"rendered":"K\u00fapi\u0165 A-Oil (amfetam\u00ednov\u00fd olej)"},"content":{"rendered":"<h2><strong>Nakupujte amfetam\u00ednov\u00fd olej (A-olej) online teraz<\/strong><\/h2>\n<p>K\u00fapte si amfetam\u00ednov\u00fd olej (A-olej) online. <a href=\"https:\/\/www.emcdda.europa.eu\/publications\/drug-profiles\/amphetamine_en\">A-amfetam\u00edn<\/a>\u00a0olej sa pou\u017e\u00edva v reakcii na synt\u00e9zu amfetam\u00ednu, ale tento liek je \u0165a\u017ek\u00e9 izolova\u0165 a vy\u010disti\u0165. Pri zahrievan\u00ed s kyselinou mrav\u010dou tvor\u00ed N-formylamfetam\u00edn zmes fenylakt\u00f3nu a formamfetamidu, ktor\u00e1 sa hydrolyzuje za vzniku hydrochloridu amfetam\u00ednu. Amfetam\u00ednov\u00fd olej sa z\u00edskava po neutraliz\u00e1cii m\u00e4k\u0161\u00edm z\u00e1kladom. Amfetam\u00ednov\u00fd olej sa potom destiluje vodnou parou, \u010d\u00edm sa z\u00edska \u010dist\u00fd amfetam\u00edn. Kyselina s\u00edrov\u00e1 sa potom pou\u017e\u00edva na \u00fapravu z\u00e1sadit\u00e9ho amfetam\u00ednu za vzniku kry\u0161talickej soli. objedna\u0165 amfetam\u00ednov\u00fd olej (<a href=\"https:\/\/gooddealersmeds.com\/sk\/product\/kupit-a-oil-amfetaminovy-olej\/\">A-olej<\/a>) online, online dod\u00e1vate\u013e amfetam\u00ednov\u00e9ho oleja, objedna\u0165 hromadn\u00fd amfetam\u00ednov\u00fd olej za lacn\u00fa cenu, amfetam\u00ednov\u00fd olej naz\u00fdvan\u00fd aj olej A, Ako pou\u017e\u00edva\u0165 amfetam\u00ednov\u00fd olej,<\/p>\n<p>\u010eal\u0161ou mo\u017enos\u0165ou je syntetizova\u0165 amfetam\u00edn reduk\u010dnou amin\u00e1ciou fenylacet\u00f3nu. V pr\u00edpade plynn\u00e9ho amoniaku je fenylacet\u00f3n produkovan\u00fd amfetam\u00ednom pri katalytickej redukcii (Pd\/C alebo Pt2O), K\u00fapte si amfetam\u00ednov\u00fd olej (A-olej)<\/p>\n<p>Synt\u00e9za metamfetam\u00ednu a skryt\u00e9ho amfetam\u00ednu s amfetam\u00ednom so zn\u00ed\u017een\u00fdm obsahom ropy. Reduk\u010dn\u00fd krok v synt\u00e9ze v jednom bode je \u00fastredn\u00fd pre r\u00f4zne publikovan\u00e9 sp\u00f4soby synt\u00e9zy amfetam\u00ednu a metamfetam\u00ednu. Z 95 odkazov uva\u017eovan\u00fdch pre synt\u00e9zu v\u0161etky okrem desiatich pou\u017eili redukcionistick\u00fd pr\u00edstup. Vzh\u013eadom na t\u00fato rozmanitos\u0165 uva\u017eujeme o preh\u013eade ch\u00e9mie a diskusii o kompozitnej literat\u00fare. kde objedna\u0165 amfetam\u00ednov\u00fd olej, objedna\u0165 olej online, amfetam\u00ednov\u00fd olej na predaj, Ako z\u00edska\u0165 amfetam\u00ednov\u00fd olej, objedna\u0165 amfetam\u00ednov\u00fd olej, olej na predaj, Ako k\u00fapi\u0165 olej online,<\/p>\n","protected":false},"excerpt":{"rendered":"<p>K\u00fapte si amfetam\u00ednov\u00fd olej (A-olej) online. A-amfetam\u00ednov\u00fd olej sa pou\u017e\u00edva v reak\u010dnej n\u00e1dobe na synt\u00e9zu amfetam\u00ednu, ale tento liek sa \u0165a\u017eko izoluje a \u010dist\u00ed.<\/p>\n","protected":false},"featured_media":2248,"comment_status":"open","ping_status":"closed","template":"","meta":{"inline_featured_image":false},"product_brand":[],"product_cat":[344],"product_tag":[],"class_list":{"0":"post-2218","1":"product","2":"type-product","3":"status-publish","4":"has-post-thumbnail","6":"product_cat-vskum-chemiklie","8":"first","9":"instock","10":"shipping-taxable","11":"purchasable","12":"product-type-variable","13":"has-default-attributes"},"yoast_head":"<!-- This site is optimized with the Yoast SEO Premium plugin v20.6 (Yoast SEO v27.5) - https:\/\/yoast.com\/product\/yoast-seo-premium-wordpress\/ -->\n<title>K\u00fapte si amfetam\u00ednov\u00fd olej (A-olej) | amfetam\u00ednov\u00fd olej (A-olej) na predaj<\/title>\n<meta name=\"description\" content=\"K\u00fapte si amfetam\u00ednov\u00fd olej (A-olej) online za prijate\u013en\u00e9 ceny a nechajte si ho doru\u010di\u0165 a\u017e k va\u0161im dver\u00e1m. Posielame do cel\u00e9ho sveta. objedn\u00e1vka amfetam\u00ednov\u00e9ho oleja\" \/>\n<meta name=\"robots\" content=\"index, follow, max-snippet:-1, max-image-preview:large, max-video-preview:-1\" \/>\n<link rel=\"canonical\" href=\"https:\/\/gooddealersmeds.com\/sk\/product\/kupit-a-oil-amfetaminovy-olej\/\" \/>\n<meta property=\"og:locale\" content=\"en_US\" \/>\n<meta property=\"og:type\" content=\"article\" \/>\n<meta property=\"og:title\" content=\"K\u00fapi\u0165 A-Oil (amfetam\u00ednov\u00fd olej)\" \/>\n<meta property=\"og:description\" content=\"K\u00fapte si amfetam\u00ednov\u00fd olej (A-olej) online za prijate\u013en\u00e9 ceny a nechajte si ho doru\u010di\u0165 a\u017e k va\u0161im dver\u00e1m. Posielame do cel\u00e9ho sveta. objedn\u00e1vka amfetam\u00ednov\u00e9ho oleja\" \/>\n<meta property=\"og:url\" content=\"https:\/\/gooddealersmeds.com\/sk\/product\/kupit-a-oil-amfetaminovy-olej\/\" \/>\n<meta property=\"og:site_name\" content=\"Good Dealers Meds\" \/>\n<meta property=\"article:modified_time\" content=\"2023-03-13T00:55:24+00:00\" \/>\n<meta property=\"og:image\" content=\"https:\/\/gooddealersmeds.com\/sk\/wp-content\/uploads\/sites\/9\/2023\/01\/A-Oil-Amphetamine-Oil-1.jpg\" \/>\n\t<meta property=\"og:image:width\" content=\"600\" \/>\n\t<meta property=\"og:image:height\" content=\"600\" \/>\n\t<meta property=\"og:image:type\" content=\"image\/jpeg\" \/>\n<meta name=\"twitter:card\" content=\"summary_large_image\" \/>\n<meta name=\"twitter:label1\" content=\"Est. reading time\" \/>\n\t<meta name=\"twitter:data1\" content=\"1 minute\" \/>\n<script type=\"application\/ld+json\" class=\"yoast-schema-graph\">{\"@context\":\"https:\\\/\\\/schema.org\",\"@graph\":[{\"@type\":\"WebPage\",\"@id\":\"https:\\\/\\\/gooddealersmeds.com\\\/sk\\\/product\\\/kupit-a-oil-amfetaminovy-olej\\\/\",\"url\":\"https:\\\/\\\/gooddealersmeds.com\\\/sk\\\/product\\\/kupit-a-oil-amfetaminovy-olej\\\/\",\"name\":\"K\u00fapte si amfetam\u00ednov\u00fd olej (A-olej) | amfetam\u00ednov\u00fd olej (A-olej) na predaj\",\"isPartOf\":{\"@id\":\"https:\\\/\\\/gooddealersmeds.com\\\/sk\\\/#website\"},\"primaryImageOfPage\":{\"@id\":\"https:\\\/\\\/gooddealersmeds.com\\\/sk\\\/product\\\/kupit-a-oil-amfetaminovy-olej\\\/#primaryimage\"},\"image\":{\"@id\":\"https:\\\/\\\/gooddealersmeds.com\\\/sk\\\/product\\\/kupit-a-oil-amfetaminovy-olej\\\/#primaryimage\"},\"thumbnailUrl\":\"https:\\\/\\\/gooddealersmeds.com\\\/sk\\\/wp-content\\\/uploads\\\/sites\\\/9\\\/2023\\\/01\\\/A-Oil-Amphetamine-Oil-1.jpg\",\"datePublished\":\"2023-01-08T19:09:13+00:00\",\"dateModified\":\"2023-03-13T00:55:24+00:00\",\"description\":\"K\u00fapte si amfetam\u00ednov\u00fd olej (A-olej) online za prijate\u013en\u00e9 ceny a nechajte si ho doru\u010di\u0165 a\u017e k va\u0161im dver\u00e1m. Posielame do cel\u00e9ho sveta. objedn\u00e1vka amfetam\u00ednov\u00e9ho oleja\",\"breadcrumb\":{\"@id\":\"https:\\\/\\\/gooddealersmeds.com\\\/sk\\\/product\\\/kupit-a-oil-amfetaminovy-olej\\\/#breadcrumb\"},\"inLanguage\":\"en-US\",\"potentialAction\":[{\"@type\":\"ReadAction\",\"target\":[\"https:\\\/\\\/gooddealersmeds.com\\\/sk\\\/product\\\/kupit-a-oil-amfetaminovy-olej\\\/\"]}]},{\"@type\":\"ImageObject\",\"inLanguage\":\"en-US\",\"@id\":\"https:\\\/\\\/gooddealersmeds.com\\\/sk\\\/product\\\/kupit-a-oil-amfetaminovy-olej\\\/#primaryimage\",\"url\":\"https:\\\/\\\/gooddealersmeds.com\\\/sk\\\/wp-content\\\/uploads\\\/sites\\\/9\\\/2023\\\/01\\\/A-Oil-Amphetamine-Oil-1.jpg\",\"contentUrl\":\"https:\\\/\\\/gooddealersmeds.com\\\/sk\\\/wp-content\\\/uploads\\\/sites\\\/9\\\/2023\\\/01\\\/A-Oil-Amphetamine-Oil-1.jpg\",\"width\":600,\"height\":600},{\"@type\":\"BreadcrumbList\",\"@id\":\"https:\\\/\\\/gooddealersmeds.com\\\/sk\\\/product\\\/kupit-a-oil-amfetaminovy-olej\\\/#breadcrumb\",\"itemListElement\":[{\"@type\":\"ListItem\",\"position\":1,\"name\":\"Home\",\"item\":\"https:\\\/\\\/gooddealersmeds.com\\\/sk\\\/\"},{\"@type\":\"ListItem\",\"position\":2,\"name\":\"Produkty\",\"item\":\"https:\\\/\\\/gooddealersmeds.com\\\/sk\\\/produkty\\\/\"},{\"@type\":\"ListItem\",\"position\":3,\"name\":\"K\u00fapi\u0165 A-Oil (amfetam\u00ednov\u00fd olej)\"}]},{\"@type\":\"WebSite\",\"@id\":\"https:\\\/\\\/gooddealersmeds.com\\\/sk\\\/#website\",\"url\":\"https:\\\/\\\/gooddealersmeds.com\\\/sk\\\/\",\"name\":\"Good Dealers Meds\",\"description\":\"All our best\",\"publisher\":{\"@id\":\"https:\\\/\\\/gooddealersmeds.com\\\/sk\\\/#organization\"},\"potentialAction\":[{\"@type\":\"SearchAction\",\"target\":{\"@type\":\"EntryPoint\",\"urlTemplate\":\"https:\\\/\\\/gooddealersmeds.com\\\/sk\\\/?s={search_term_string}\"},\"query-input\":{\"@type\":\"PropertyValueSpecification\",\"valueRequired\":true,\"valueName\":\"search_term_string\"}}],\"inLanguage\":\"en-US\"},{\"@type\":\"Organization\",\"@id\":\"https:\\\/\\\/gooddealersmeds.com\\\/sk\\\/#organization\",\"name\":\"Good Dealers Meds\",\"url\":\"https:\\\/\\\/gooddealersmeds.com\\\/sk\\\/\",\"logo\":{\"@type\":\"ImageObject\",\"inLanguage\":\"en-US\",\"@id\":\"https:\\\/\\\/gooddealersmeds.com\\\/sk\\\/#\\\/schema\\\/logo\\\/image\\\/\",\"url\":\"https:\\\/\\\/gooddealersmeds.com\\\/sk\\\/wp-content\\\/uploads\\\/sites\\\/9\\\/2022\\\/03\\\/gooddealersmeds__logo__20220317T222800Z.00.png\",\"contentUrl\":\"https:\\\/\\\/gooddealersmeds.com\\\/sk\\\/wp-content\\\/uploads\\\/sites\\\/9\\\/2022\\\/03\\\/gooddealersmeds__logo__20220317T222800Z.00.png\",\"width\":500,\"height\":325,\"caption\":\"Good Dealers Meds\"},\"image\":{\"@id\":\"https:\\\/\\\/gooddealersmeds.com\\\/sk\\\/#\\\/schema\\\/logo\\\/image\\\/\"}}]}<\/script>\n<!-- \/ Yoast SEO Premium plugin. -->","yoast_head_json":{"title":"K\u00fapte si amfetam\u00ednov\u00fd olej (A-olej) | amfetam\u00ednov\u00fd olej (A-olej) na predaj","description":"K\u00fapte si amfetam\u00ednov\u00fd olej (A-olej) online za prijate\u013en\u00e9 ceny a nechajte si ho doru\u010di\u0165 a\u017e k va\u0161im dver\u00e1m. Posielame do cel\u00e9ho sveta. objedn\u00e1vka amfetam\u00ednov\u00e9ho oleja","robots":{"index":"index","follow":"follow","max-snippet":"max-snippet:-1","max-image-preview":"max-image-preview:large","max-video-preview":"max-video-preview:-1"},"canonical":"https:\/\/gooddealersmeds.com\/sk\/product\/kupit-a-oil-amfetaminovy-olej\/","og_locale":"en_US","og_type":"article","og_title":"K\u00fapi\u0165 A-Oil (amfetam\u00ednov\u00fd olej)","og_description":"K\u00fapte si amfetam\u00ednov\u00fd olej (A-olej) online za prijate\u013en\u00e9 ceny a nechajte si ho doru\u010di\u0165 a\u017e k va\u0161im dver\u00e1m. Posielame do cel\u00e9ho sveta. objedn\u00e1vka amfetam\u00ednov\u00e9ho oleja","og_url":"https:\/\/gooddealersmeds.com\/sk\/product\/kupit-a-oil-amfetaminovy-olej\/","og_site_name":"Good Dealers Meds","article_modified_time":"2023-03-13T00:55:24+00:00","og_image":[{"width":600,"height":600,"url":"https:\/\/gooddealersmeds.com\/sk\/wp-content\/uploads\/sites\/9\/2023\/01\/A-Oil-Amphetamine-Oil-1.jpg","type":"image\/jpeg"}],"twitter_card":"summary_large_image","twitter_misc":{"Est. reading time":"1 minute"},"schema":{"@context":"https:\/\/schema.org","@graph":[{"@type":"WebPage","@id":"https:\/\/gooddealersmeds.com\/sk\/product\/kupit-a-oil-amfetaminovy-olej\/","url":"https:\/\/gooddealersmeds.com\/sk\/product\/kupit-a-oil-amfetaminovy-olej\/","name":"K\u00fapte si amfetam\u00ednov\u00fd olej (A-olej) | amfetam\u00ednov\u00fd olej (A-olej) na predaj","isPartOf":{"@id":"https:\/\/gooddealersmeds.com\/sk\/#website"},"primaryImageOfPage":{"@id":"https:\/\/gooddealersmeds.com\/sk\/product\/kupit-a-oil-amfetaminovy-olej\/#primaryimage"},"image":{"@id":"https:\/\/gooddealersmeds.com\/sk\/product\/kupit-a-oil-amfetaminovy-olej\/#primaryimage"},"thumbnailUrl":"https:\/\/gooddealersmeds.com\/sk\/wp-content\/uploads\/sites\/9\/2023\/01\/A-Oil-Amphetamine-Oil-1.jpg","datePublished":"2023-01-08T19:09:13+00:00","dateModified":"2023-03-13T00:55:24+00:00","description":"K\u00fapte si amfetam\u00ednov\u00fd olej (A-olej) online za prijate\u013en\u00e9 ceny a nechajte si ho doru\u010di\u0165 a\u017e k va\u0161im dver\u00e1m. Posielame do cel\u00e9ho sveta. objedn\u00e1vka amfetam\u00ednov\u00e9ho oleja","breadcrumb":{"@id":"https:\/\/gooddealersmeds.com\/sk\/product\/kupit-a-oil-amfetaminovy-olej\/#breadcrumb"},"inLanguage":"en-US","potentialAction":[{"@type":"ReadAction","target":["https:\/\/gooddealersmeds.com\/sk\/product\/kupit-a-oil-amfetaminovy-olej\/"]}]},{"@type":"ImageObject","inLanguage":"en-US","@id":"https:\/\/gooddealersmeds.com\/sk\/product\/kupit-a-oil-amfetaminovy-olej\/#primaryimage","url":"https:\/\/gooddealersmeds.com\/sk\/wp-content\/uploads\/sites\/9\/2023\/01\/A-Oil-Amphetamine-Oil-1.jpg","contentUrl":"https:\/\/gooddealersmeds.com\/sk\/wp-content\/uploads\/sites\/9\/2023\/01\/A-Oil-Amphetamine-Oil-1.jpg","width":600,"height":600},{"@type":"BreadcrumbList","@id":"https:\/\/gooddealersmeds.com\/sk\/product\/kupit-a-oil-amfetaminovy-olej\/#breadcrumb","itemListElement":[{"@type":"ListItem","position":1,"name":"Home","item":"https:\/\/gooddealersmeds.com\/sk\/"},{"@type":"ListItem","position":2,"name":"Produkty","item":"https:\/\/gooddealersmeds.com\/sk\/produkty\/"},{"@type":"ListItem","position":3,"name":"K\u00fapi\u0165 A-Oil (amfetam\u00ednov\u00fd olej)"}]},{"@type":"WebSite","@id":"https:\/\/gooddealersmeds.com\/sk\/#website","url":"https:\/\/gooddealersmeds.com\/sk\/","name":"Good Dealers Meds","description":"All our best","publisher":{"@id":"https:\/\/gooddealersmeds.com\/sk\/#organization"},"potentialAction":[{"@type":"SearchAction","target":{"@type":"EntryPoint","urlTemplate":"https:\/\/gooddealersmeds.com\/sk\/?s={search_term_string}"},"query-input":{"@type":"PropertyValueSpecification","valueRequired":true,"valueName":"search_term_string"}}],"inLanguage":"en-US"},{"@type":"Organization","@id":"https:\/\/gooddealersmeds.com\/sk\/#organization","name":"Good Dealers Meds","url":"https:\/\/gooddealersmeds.com\/sk\/","logo":{"@type":"ImageObject","inLanguage":"en-US","@id":"https:\/\/gooddealersmeds.com\/sk\/#\/schema\/logo\/image\/","url":"https:\/\/gooddealersmeds.com\/sk\/wp-content\/uploads\/sites\/9\/2022\/03\/gooddealersmeds__logo__20220317T222800Z.00.png","contentUrl":"https:\/\/gooddealersmeds.com\/sk\/wp-content\/uploads\/sites\/9\/2022\/03\/gooddealersmeds__logo__20220317T222800Z.00.png","width":500,"height":325,"caption":"Good Dealers Meds"},"image":{"@id":"https:\/\/gooddealersmeds.com\/sk\/#\/schema\/logo\/image\/"}}]}},"_links":{"self":[{"href":"https:\/\/gooddealersmeds.com\/sk\/wp-json\/wp\/v2\/product\/2218","targetHints":{"allow":["GET"]}}],"collection":[{"href":"https:\/\/gooddealersmeds.com\/sk\/wp-json\/wp\/v2\/product"}],"about":[{"href":"https:\/\/gooddealersmeds.com\/sk\/wp-json\/wp\/v2\/types\/product"}],"replies":[{"embeddable":true,"href":"https:\/\/gooddealersmeds.com\/sk\/wp-json\/wp\/v2\/comments?post=2218"}],"wp:featuredmedia":[{"embeddable":true,"href":"https:\/\/gooddealersmeds.com\/sk\/wp-json\/wp\/v2\/media\/2248"}],"wp:attachment":[{"href":"https:\/\/gooddealersmeds.com\/sk\/wp-json\/wp\/v2\/media?parent=2218"}],"wp:term":[{"taxonomy":"product_brand","embeddable":true,"href":"https:\/\/gooddealersmeds.com\/sk\/wp-json\/wp\/v2\/product_brand?post=2218"},{"taxonomy":"product_cat","embeddable":true,"href":"https:\/\/gooddealersmeds.com\/sk\/wp-json\/wp\/v2\/product_cat?post=2218"},{"taxonomy":"product_tag","embeddable":true,"href":"https:\/\/gooddealersmeds.com\/sk\/wp-json\/wp\/v2\/product_tag?post=2218"}],"curies":[{"name":"wp","href":"https:\/\/api.w.org\/{rel}","templated":true}]}}