{"id":2217,"date":"2023-01-08T19:09:13","date_gmt":"2023-01-08T19:09:13","guid":{"rendered":"https:\/\/gooddealersmeds.com\/sk\/?post_type=product&#038;p=2217"},"modified":"2023-03-13T01:03:09","modified_gmt":"2023-03-13T01:03:09","slug":"benzylmetylketonovy-bmk-olej","status":"publish","type":"product","link":"https:\/\/gooddealersmeds.com\/sk\/product\/benzylmetylketonovy-bmk-olej\/","title":{"rendered":"Benzylmetylket\u00f3nov\u00fd (BMK) olej"},"content":{"rendered":"<h2><strong>Kde objedna\u0165 olej BMK<\/strong><\/h2>\n<p>Dod\u00e1vame vo ve\u013ekom aj malom rozsahu. Kde objedna\u0165 olej BMK\u00a0\u00a0Oslovujeme iba v\u00e1\u017enych z\u00e1ujemcov. Pros\u00edm, nekontaktujte n\u00e1s, ak nem\u00e1te v \u00famysle k\u00fapi\u0165. Dod\u00e1vame v r\u00e1mci Eur\u00f3py a do zvy\u0161ku sveta nakupujeme po ceste, letecky a tie\u017e rob\u00edme zhodenie a doru\u010denie je 100% zaru\u010den\u00e9. Pre viac podrobnost\u00ed o na\u0161ich produktoch a o tom, ako n\u00e1s umiestni\u0165 a objedna\u0165, kontaktujte n\u00e1s ni\u017e\u0161ie: CAS 4676-39-5; A-olej; <a href=\"https:\/\/gooddealersmeds.com\/sk\/product\/benzylmetylketonovy-bmk-olej\/\">BMK olej<\/a>; fenylacet\u00f3n; PMK olej; MDP2P olej; CAS 103-79-7<\/p>\n<p>K\u00daPI\u0164 BENZYLMETHYLKETONOV\u00dd (BMK) OLEJ<\/p>\n<p>Benzylmetylket\u00f3nov\u00fd (BMK) pr\u00e1\u0161ok<\/p>\n<p>Benzylmetylket\u00f3nov\u00fd (BMK) olej<\/p>\n<p>Fenylacet\u00f3n: pr\u00e1\u0161ok<\/p>\n<p>K\u00fapte si fenylacet\u00f3n s \u010distotou 99,34 %.<\/p>\n<p>Fenylacet\u00f3n (tie\u017e zn\u00e1my ako 2-fenyl-2\u00f3n,\u00a0<a href=\"https:\/\/pubs.rsc.org\/\">benzylmentylmetylket\u00f3n<\/a> alebo benzyl-ket\u00f3nbromid) je organick\u00e1 zl\u00fa\u010denina. Je to \u010d\u00edry olej s indexom lomu 1,5168. Tento Sunstance pri v\u00fdrobe metafetam\u00ednu a amfetam\u00ednu ako suroviny alebo medziproduktu, kde sa be\u017ene ozna\u010duje aj ako P2P. K\u00fapte si fenylacet\u00f3nov\u00fd olej na predaj online.<\/p>\n<p>Fenylacet\u00f3n je organick\u00e1 zl\u00fa\u010denina, ktor\u00e1 je \u010d\u00edrym olejom s indexom lomu 1,5168. T\u00e1to l\u00e1tka sa pou\u017e\u00edva pri v\u00fdrobe metamfetam\u00ednu a amfetam\u00ednu, kde je be\u017ene zn\u00e1ma ako P2P. Fenylacet\u00f3n je produktom odstra\u0148ovania amfetam\u00ednu v \u013eudskom tele. Fenylacet\u00f3n m\u00e1 aj in\u00e9 n\u00e1zvy, ako napr\u00edklad fenylprop\u00e1n-2-\u00f3n, benzylmetylket\u00f3n alebo metylbenzylket\u00f3n.<\/p>\n<h3>POU\u017dITIE OLEJA BMK<\/h3>\n<p>S pou\u017eit\u00edm tohto fenyl-2-propan\u00f3nu sa vyr\u00e1baj\u00fa r\u00f4zne lie\u010div\u00e1<\/p>\n<p>Pou\u017e\u00edva sa ako dochucovadlo v potravin\u00e1ch.<\/p>\n<p>Pou\u017e\u00edva sa na v\u00fdrobu chemik\u00e1li\u00ed ako metamfetam\u00edn a amfetam\u00edn ako v\u00fdchodiskov\u00e1 zlo\u017eka.<\/p>\n<h3>KDE K\u00daPI\u0164 OLEJ BMK ALEBO FENYLACET\u00d3NOV\u00dd OLEJ NA PREDAJ ONLINE?<\/h3>\n<p>K\u00fapim olej bmk, objednaj olej bmk, lacno objednaj olej bmk, pred\u00e1m bmk, k\u00fap bmk oil china, BMK china,<\/p>\n","protected":false},"excerpt":{"rendered":"<p>Dod\u00e1vame vo ve\u013ekom a malom rozsahu BMK Oil, Kde objedna\u0165 BMK Oil, Zaober\u00e1me sa iba v\u00e1\u017enymi kupuj\u00facimi. kontaktujte n\u00e1s pre n\u00e1kup oleja BMK<\/p>\n","protected":false},"featured_media":2247,"comment_status":"open","ping_status":"closed","template":"","meta":{"inline_featured_image":false},"product_brand":[],"product_cat":[344],"product_tag":[678,679,681,680],"class_list":{"0":"post-2217","1":"product","2":"type-product","3":"status-publish","4":"has-post-thumbnail","6":"product_cat-vskum-chemiklie","7":"product_tag-bmk-olej","8":"product_tag-bmk-olej-na-predaj","9":"product_tag-kde-objednat-bmk-olej","10":"product_tag-kupit-bmk-olej","12":"first","13":"instock","14":"shipping-taxable","15":"purchasable","16":"product-type-variable","17":"has-default-attributes"},"yoast_head":"<!-- This site is optimized with the Yoast SEO Premium plugin v20.6 (Yoast SEO v27.3) - https:\/\/yoast.com\/product\/yoast-seo-premium-wordpress\/ -->\n<title>Kde objedna\u0165 olej BMK | K\u00fapim olej BMK | BMK olej na predaj | BMK olej<\/title>\n<meta name=\"description\" content=\"Dod\u00e1vame vo ve\u013ekom a malom rozsahu BMK olej, Kde objedna\u0165 olej BMK, Zaober\u00e1me sa iba v\u00e1\u017enymi kupuj\u00facimi. kontaktujte n\u00e1s pre n\u00e1kup oleja BMK\" \/>\n<meta name=\"robots\" content=\"index, follow, max-snippet:-1, max-image-preview:large, max-video-preview:-1\" \/>\n<link rel=\"canonical\" href=\"https:\/\/gooddealersmeds.com\/sk\/product\/benzylmetylketonovy-bmk-olej\/\" \/>\n<meta property=\"og:locale\" content=\"en_US\" \/>\n<meta property=\"og:type\" content=\"article\" \/>\n<meta property=\"og:title\" content=\"Benzylmetylket\u00f3nov\u00fd (BMK) olej\" \/>\n<meta property=\"og:description\" content=\"Dod\u00e1vame vo ve\u013ekom a malom rozsahu BMK olej, Kde objedna\u0165 olej BMK, Zaober\u00e1me sa iba v\u00e1\u017enymi kupuj\u00facimi. kontaktujte n\u00e1s pre n\u00e1kup oleja BMK\" \/>\n<meta property=\"og:url\" content=\"https:\/\/gooddealersmeds.com\/sk\/product\/benzylmetylketonovy-bmk-olej\/\" \/>\n<meta property=\"og:site_name\" content=\"Good Dealers Meds\" \/>\n<meta property=\"article:modified_time\" content=\"2023-03-13T01:03:09+00:00\" \/>\n<meta property=\"og:image\" content=\"https:\/\/gooddealersmeds.com\/sk\/wp-content\/uploads\/sites\/9\/2023\/01\/bmk-oil.jpg\" \/>\n\t<meta property=\"og:image:width\" content=\"600\" \/>\n\t<meta property=\"og:image:height\" content=\"600\" \/>\n\t<meta property=\"og:image:type\" content=\"image\/jpeg\" \/>\n<meta name=\"twitter:card\" content=\"summary_large_image\" \/>\n<meta name=\"twitter:label1\" content=\"Est. reading time\" \/>\n\t<meta name=\"twitter:data1\" content=\"2 minutes\" \/>\n<script type=\"application\/ld+json\" class=\"yoast-schema-graph\">{\"@context\":\"https:\\\/\\\/schema.org\",\"@graph\":[{\"@type\":\"WebPage\",\"@id\":\"https:\\\/\\\/gooddealersmeds.com\\\/sk\\\/product\\\/benzylmetylketonovy-bmk-olej\\\/\",\"url\":\"https:\\\/\\\/gooddealersmeds.com\\\/sk\\\/product\\\/benzylmetylketonovy-bmk-olej\\\/\",\"name\":\"Kde objedna\u0165 olej BMK | K\u00fapim olej BMK | BMK olej na predaj | BMK olej\",\"isPartOf\":{\"@id\":\"https:\\\/\\\/gooddealersmeds.com\\\/sk\\\/#website\"},\"primaryImageOfPage\":{\"@id\":\"https:\\\/\\\/gooddealersmeds.com\\\/sk\\\/product\\\/benzylmetylketonovy-bmk-olej\\\/#primaryimage\"},\"image\":{\"@id\":\"https:\\\/\\\/gooddealersmeds.com\\\/sk\\\/product\\\/benzylmetylketonovy-bmk-olej\\\/#primaryimage\"},\"thumbnailUrl\":\"https:\\\/\\\/gooddealersmeds.com\\\/sk\\\/wp-content\\\/uploads\\\/sites\\\/9\\\/2023\\\/01\\\/bmk-oil.jpg\",\"datePublished\":\"2023-01-08T19:09:13+00:00\",\"dateModified\":\"2023-03-13T01:03:09+00:00\",\"description\":\"Dod\u00e1vame vo ve\u013ekom a malom rozsahu BMK olej, Kde objedna\u0165 olej BMK, Zaober\u00e1me sa iba v\u00e1\u017enymi kupuj\u00facimi. kontaktujte n\u00e1s pre n\u00e1kup oleja BMK\",\"breadcrumb\":{\"@id\":\"https:\\\/\\\/gooddealersmeds.com\\\/sk\\\/product\\\/benzylmetylketonovy-bmk-olej\\\/#breadcrumb\"},\"inLanguage\":\"en-US\",\"potentialAction\":[{\"@type\":\"ReadAction\",\"target\":[\"https:\\\/\\\/gooddealersmeds.com\\\/sk\\\/product\\\/benzylmetylketonovy-bmk-olej\\\/\"]}]},{\"@type\":\"ImageObject\",\"inLanguage\":\"en-US\",\"@id\":\"https:\\\/\\\/gooddealersmeds.com\\\/sk\\\/product\\\/benzylmetylketonovy-bmk-olej\\\/#primaryimage\",\"url\":\"https:\\\/\\\/gooddealersmeds.com\\\/sk\\\/wp-content\\\/uploads\\\/sites\\\/9\\\/2023\\\/01\\\/bmk-oil.jpg\",\"contentUrl\":\"https:\\\/\\\/gooddealersmeds.com\\\/sk\\\/wp-content\\\/uploads\\\/sites\\\/9\\\/2023\\\/01\\\/bmk-oil.jpg\",\"width\":600,\"height\":600},{\"@type\":\"BreadcrumbList\",\"@id\":\"https:\\\/\\\/gooddealersmeds.com\\\/sk\\\/product\\\/benzylmetylketonovy-bmk-olej\\\/#breadcrumb\",\"itemListElement\":[{\"@type\":\"ListItem\",\"position\":1,\"name\":\"Home\",\"item\":\"https:\\\/\\\/gooddealersmeds.com\\\/sk\\\/\"},{\"@type\":\"ListItem\",\"position\":2,\"name\":\"Produkty\",\"item\":\"https:\\\/\\\/gooddealersmeds.com\\\/sk\\\/produkty\\\/\"},{\"@type\":\"ListItem\",\"position\":3,\"name\":\"Benzylmetylket\u00f3nov\u00fd (BMK) olej\"}]},{\"@type\":\"WebSite\",\"@id\":\"https:\\\/\\\/gooddealersmeds.com\\\/sk\\\/#website\",\"url\":\"https:\\\/\\\/gooddealersmeds.com\\\/sk\\\/\",\"name\":\"Good Dealers Meds\",\"description\":\"All our best\",\"publisher\":{\"@id\":\"https:\\\/\\\/gooddealersmeds.com\\\/sk\\\/#organization\"},\"potentialAction\":[{\"@type\":\"SearchAction\",\"target\":{\"@type\":\"EntryPoint\",\"urlTemplate\":\"https:\\\/\\\/gooddealersmeds.com\\\/sk\\\/?s={search_term_string}\"},\"query-input\":{\"@type\":\"PropertyValueSpecification\",\"valueRequired\":true,\"valueName\":\"search_term_string\"}}],\"inLanguage\":\"en-US\"},{\"@type\":\"Organization\",\"@id\":\"https:\\\/\\\/gooddealersmeds.com\\\/sk\\\/#organization\",\"name\":\"Good Dealers Meds\",\"url\":\"https:\\\/\\\/gooddealersmeds.com\\\/sk\\\/\",\"logo\":{\"@type\":\"ImageObject\",\"inLanguage\":\"en-US\",\"@id\":\"https:\\\/\\\/gooddealersmeds.com\\\/sk\\\/#\\\/schema\\\/logo\\\/image\\\/\",\"url\":\"https:\\\/\\\/gooddealersmeds.com\\\/sk\\\/wp-content\\\/uploads\\\/sites\\\/9\\\/2022\\\/03\\\/gooddealersmeds__logo__20220317T222800Z.00.png\",\"contentUrl\":\"https:\\\/\\\/gooddealersmeds.com\\\/sk\\\/wp-content\\\/uploads\\\/sites\\\/9\\\/2022\\\/03\\\/gooddealersmeds__logo__20220317T222800Z.00.png\",\"width\":500,\"height\":325,\"caption\":\"Good Dealers Meds\"},\"image\":{\"@id\":\"https:\\\/\\\/gooddealersmeds.com\\\/sk\\\/#\\\/schema\\\/logo\\\/image\\\/\"}}]}<\/script>\n<!-- \/ Yoast SEO Premium plugin. -->","yoast_head_json":{"title":"Kde objedna\u0165 olej BMK | K\u00fapim olej BMK | BMK olej na predaj | BMK olej","description":"Dod\u00e1vame vo ve\u013ekom a malom rozsahu BMK olej, Kde objedna\u0165 olej BMK, Zaober\u00e1me sa iba v\u00e1\u017enymi kupuj\u00facimi. kontaktujte n\u00e1s pre n\u00e1kup oleja BMK","robots":{"index":"index","follow":"follow","max-snippet":"max-snippet:-1","max-image-preview":"max-image-preview:large","max-video-preview":"max-video-preview:-1"},"canonical":"https:\/\/gooddealersmeds.com\/sk\/product\/benzylmetylketonovy-bmk-olej\/","og_locale":"en_US","og_type":"article","og_title":"Benzylmetylket\u00f3nov\u00fd (BMK) olej","og_description":"Dod\u00e1vame vo ve\u013ekom a malom rozsahu BMK olej, Kde objedna\u0165 olej BMK, Zaober\u00e1me sa iba v\u00e1\u017enymi kupuj\u00facimi. kontaktujte n\u00e1s pre n\u00e1kup oleja BMK","og_url":"https:\/\/gooddealersmeds.com\/sk\/product\/benzylmetylketonovy-bmk-olej\/","og_site_name":"Good Dealers Meds","article_modified_time":"2023-03-13T01:03:09+00:00","og_image":[{"width":600,"height":600,"url":"https:\/\/gooddealersmeds.com\/sk\/wp-content\/uploads\/sites\/9\/2023\/01\/bmk-oil.jpg","type":"image\/jpeg"}],"twitter_card":"summary_large_image","twitter_misc":{"Est. reading time":"2 minutes"},"schema":{"@context":"https:\/\/schema.org","@graph":[{"@type":"WebPage","@id":"https:\/\/gooddealersmeds.com\/sk\/product\/benzylmetylketonovy-bmk-olej\/","url":"https:\/\/gooddealersmeds.com\/sk\/product\/benzylmetylketonovy-bmk-olej\/","name":"Kde objedna\u0165 olej BMK | K\u00fapim olej BMK | BMK olej na predaj | BMK olej","isPartOf":{"@id":"https:\/\/gooddealersmeds.com\/sk\/#website"},"primaryImageOfPage":{"@id":"https:\/\/gooddealersmeds.com\/sk\/product\/benzylmetylketonovy-bmk-olej\/#primaryimage"},"image":{"@id":"https:\/\/gooddealersmeds.com\/sk\/product\/benzylmetylketonovy-bmk-olej\/#primaryimage"},"thumbnailUrl":"https:\/\/gooddealersmeds.com\/sk\/wp-content\/uploads\/sites\/9\/2023\/01\/bmk-oil.jpg","datePublished":"2023-01-08T19:09:13+00:00","dateModified":"2023-03-13T01:03:09+00:00","description":"Dod\u00e1vame vo ve\u013ekom a malom rozsahu BMK olej, Kde objedna\u0165 olej BMK, Zaober\u00e1me sa iba v\u00e1\u017enymi kupuj\u00facimi. kontaktujte n\u00e1s pre n\u00e1kup oleja BMK","breadcrumb":{"@id":"https:\/\/gooddealersmeds.com\/sk\/product\/benzylmetylketonovy-bmk-olej\/#breadcrumb"},"inLanguage":"en-US","potentialAction":[{"@type":"ReadAction","target":["https:\/\/gooddealersmeds.com\/sk\/product\/benzylmetylketonovy-bmk-olej\/"]}]},{"@type":"ImageObject","inLanguage":"en-US","@id":"https:\/\/gooddealersmeds.com\/sk\/product\/benzylmetylketonovy-bmk-olej\/#primaryimage","url":"https:\/\/gooddealersmeds.com\/sk\/wp-content\/uploads\/sites\/9\/2023\/01\/bmk-oil.jpg","contentUrl":"https:\/\/gooddealersmeds.com\/sk\/wp-content\/uploads\/sites\/9\/2023\/01\/bmk-oil.jpg","width":600,"height":600},{"@type":"BreadcrumbList","@id":"https:\/\/gooddealersmeds.com\/sk\/product\/benzylmetylketonovy-bmk-olej\/#breadcrumb","itemListElement":[{"@type":"ListItem","position":1,"name":"Home","item":"https:\/\/gooddealersmeds.com\/sk\/"},{"@type":"ListItem","position":2,"name":"Produkty","item":"https:\/\/gooddealersmeds.com\/sk\/produkty\/"},{"@type":"ListItem","position":3,"name":"Benzylmetylket\u00f3nov\u00fd (BMK) olej"}]},{"@type":"WebSite","@id":"https:\/\/gooddealersmeds.com\/sk\/#website","url":"https:\/\/gooddealersmeds.com\/sk\/","name":"Good Dealers Meds","description":"All our best","publisher":{"@id":"https:\/\/gooddealersmeds.com\/sk\/#organization"},"potentialAction":[{"@type":"SearchAction","target":{"@type":"EntryPoint","urlTemplate":"https:\/\/gooddealersmeds.com\/sk\/?s={search_term_string}"},"query-input":{"@type":"PropertyValueSpecification","valueRequired":true,"valueName":"search_term_string"}}],"inLanguage":"en-US"},{"@type":"Organization","@id":"https:\/\/gooddealersmeds.com\/sk\/#organization","name":"Good Dealers Meds","url":"https:\/\/gooddealersmeds.com\/sk\/","logo":{"@type":"ImageObject","inLanguage":"en-US","@id":"https:\/\/gooddealersmeds.com\/sk\/#\/schema\/logo\/image\/","url":"https:\/\/gooddealersmeds.com\/sk\/wp-content\/uploads\/sites\/9\/2022\/03\/gooddealersmeds__logo__20220317T222800Z.00.png","contentUrl":"https:\/\/gooddealersmeds.com\/sk\/wp-content\/uploads\/sites\/9\/2022\/03\/gooddealersmeds__logo__20220317T222800Z.00.png","width":500,"height":325,"caption":"Good Dealers Meds"},"image":{"@id":"https:\/\/gooddealersmeds.com\/sk\/#\/schema\/logo\/image\/"}}]}},"_links":{"self":[{"href":"https:\/\/gooddealersmeds.com\/sk\/wp-json\/wp\/v2\/product\/2217","targetHints":{"allow":["GET"]}}],"collection":[{"href":"https:\/\/gooddealersmeds.com\/sk\/wp-json\/wp\/v2\/product"}],"about":[{"href":"https:\/\/gooddealersmeds.com\/sk\/wp-json\/wp\/v2\/types\/product"}],"replies":[{"embeddable":true,"href":"https:\/\/gooddealersmeds.com\/sk\/wp-json\/wp\/v2\/comments?post=2217"}],"wp:featuredmedia":[{"embeddable":true,"href":"https:\/\/gooddealersmeds.com\/sk\/wp-json\/wp\/v2\/media\/2247"}],"wp:attachment":[{"href":"https:\/\/gooddealersmeds.com\/sk\/wp-json\/wp\/v2\/media?parent=2217"}],"wp:term":[{"taxonomy":"product_brand","embeddable":true,"href":"https:\/\/gooddealersmeds.com\/sk\/wp-json\/wp\/v2\/product_brand?post=2217"},{"taxonomy":"product_cat","embeddable":true,"href":"https:\/\/gooddealersmeds.com\/sk\/wp-json\/wp\/v2\/product_cat?post=2217"},{"taxonomy":"product_tag","embeddable":true,"href":"https:\/\/gooddealersmeds.com\/sk\/wp-json\/wp\/v2\/product_tag?post=2217"}],"curies":[{"name":"wp","href":"https:\/\/api.w.org\/{rel}","templated":true}]}}