{"id":2009,"date":"2022-07-03T14:50:24","date_gmt":"2022-07-03T14:50:24","guid":{"rendered":"https:\/\/gooddealersmeds.com\/sk\/?post_type=product&#038;p=2009"},"modified":"2022-10-03T22:01:47","modified_gmt":"2022-10-03T22:01:47","slug":"kupit-liquid-lsd-200ug-drop-online","status":"publish","type":"product","link":"https:\/\/gooddealersmeds.com\/sk\/product\/kupit-liquid-lsd-200ug-drop-online\/","title":{"rendered":"K\u00fapte si tekut\u00e9 LSD 200ug Drop online"},"content":{"rendered":"<h1><strong>K\u00fapte si tekut\u00e9 LSD 200 ug Drop online. <\/strong><\/h1>\n<p>H\u013ead\u00e1te sp\u00f4sob, ako si k\u00fapi\u0165 Liquid LSD 200ug Drop online?<\/p>\n<p><a href=\"https:\/\/gooddealersmeds.com\/sk\/product\/buy -liquid-lsd-200ug-drop-online\/\">Tekut\u00e1 kvapka 200ug LSD<\/a> je liek, ktor\u00fd mo\u017eno pou\u017ei\u0165 na rekrea\u010dn\u00e9 a terapeutick\u00e9 \u00fa\u010dely.<\/p>\n<p>Existuj\u00fa dva hlavn\u00e9 sp\u00f4soby: pridanie kvapiek priamo pod jazyk alebo zmie\u0161anie s alkoholom \u010di vodou a vypitie ako koktail. Druh\u00e1 met\u00f3da sa vo v\u0161eobecnosti pova\u017euje za nebezpe\u010dnej\u0161iu, preto\u017ee si vy\u017eaduje v\u00e4\u010d\u0161iu opatrnos\u0165 a m\u00e1 silnej\u0161\u00ed \u00fa\u010dinok na telo r\u00fdchlej\u0161ie, ne\u017e je potrebn\u00e9 pre takmer ak\u00fako\u013evek in\u00fa l\u00e1tku \u2013 ale ak to nie je nie\u010do, \u010do v\u00e1s pr\u00edli\u0161 znepokojuje, pokra\u010dujte a pou\u017eite bu\u010f met\u00f3da!<\/p>\n<p>Pam\u00e4tajte si, \u017ee aj jedna kvapka tekut\u00e9ho LSD m\u00f4\u017ee by\u0165 pr\u00edli\u0161 siln\u00e1.<\/p>\n<p>Ak ste v tomto nov\u00fd, pustite si kvapku. Je st\u00e1le ve\u013emi siln\u00fd a bude ma\u0165 dobr\u00fd vplyv na va\u0161e telo, ale nebude trva\u0165 tak dlho.<\/p>\n<h2><strong>Pre\u010do si objedna\u0165 Liquid LSD 200ug Drop Online?<\/strong><\/h2>\n<p>Vieme, \u017ee k\u00fapa tekut\u00e9ho LSD nie je tak\u00e9 jednoduch\u00e9, ako zasiahnu\u0165 miestneho drogov\u00e9ho d\u00edlera. Vy\u017eaduje si to \u010das, znalosti a peniaze \u2013 a ak chcete nakupova\u0165 online, pravdepodobne sa budete musie\u0165 vysporiada\u0165 s pochybn\u00fdmi obchodn\u00edkmi, ktor\u00ed v\u00e1s chc\u00fa oklama\u0165.<\/p>\n<p>Bez oh\u013eadu na to, kde v tomto svete \u017eijete , budete m\u00f4c\u0165 n\u00e1js\u0165 spo\u013eahliv\u00fd zdroj LSD a in\u00fdch drog bez ak\u00fdchko\u013evek probl\u00e9mov.<\/p>\n<h3><strong>Kde k\u00fapi\u0165 tekut\u00e9 LSD 200 ug Drop Online?<\/strong><\/h3>\n<p> Ak chcete vyu\u017ei\u0165 v\u00fdhody tohto lieku, budete potrebova\u0165 trochu tekut\u00e9ho LSD 200ug Drop. M\u00f4\u017eete si ho k\u00fapi\u0165 online v Good Dealers Meds.<\/p>\n<p>M\u00e1me najlep\u0161ie ponuky na internete a na\u0161e ceny s\u00fa v\u017edy konkurencieschopn\u00e9. M\u00e1me viac ako 10\u00a0ro\u010dn\u00e9 sk\u00fasenosti v\u00a0odvetv\u00ed, preto n\u00e1m verte, ke\u010f hovor\u00edme, \u017ee dost\u00e1vate skvel\u00fa ponuku. Tak\u017ee va\u0161e h\u013eadanie n\u00e1kupu Liquid LSD 200ug Drops online je u konca!<\/p>\n","protected":false},"excerpt":{"rendered":"<p>K\u00fapi\u0165 tekut\u00e9 lsd 200 ug &amp; drop Online Lacn\u00fd. N\u00e1kup\u00a0<em>LSD<\/em>\u00a0je ve\u013emi jednoduch\u00fd, je \u013eahko dostupn\u00fd v internetovom obchode v USA.<\/p>\n<p><strong>1 ml = 20 kvapiek = 20 pijaviek<\/strong><\/p>\n","protected":false},"featured_media":2010,"comment_status":"open","ping_status":"closed","template":"","meta":{"inline_featured_image":false},"product_brand":[],"product_cat":[345],"product_tag":[586,107,105,587,584,577,581,580,575,574,585,576,578,579,583,582],"class_list":{"0":"post-2009","1":"product","2":"type-product","3":"status-publish","4":"has-post-thumbnail","6":"product_cat-psychedelick-drogy","7":"product_tag-ako-objedna-liquid-lsd-200ug-drop","8":"product_tag-buy","9":"product_tag-canada","10":"product_tag-is-liquid-lsd-200ug-drop-legal-in-canada","11":"product_tag-is-liquid-lsd-200ug-drop-legal-in-usa","12":"product_tag-kde-na-kpi-liquid-lsd-200ug-drop","13":"product_tag-kde-kpi-liquid-lsd-200ug-drop-online","14":"product_tag-kpi-liquid-lsd-200ug-online","15":"product_tag-buy-liquid-lsd-200ug-drop","16":"product_tag-buy-liquid-lsd-200ug-drop-online-buy-liquid-lsd","17":"product_tag-kpi-liquid-lsd-200ug-drop-pills-online-usa","18":"product_tag-kpi-liquid-lsd-online","19":"product_tag-liquid-lsd-200ug-drop-for-sale","20":"product_tag-liquid-lsd-na-predaj","21":"product_tag-stle-mete-dosta-liquid-lsd-200ug-drop","22":"product_tag-tekut-lsd-200ug-drop-for-sale-in-usa","24":"first","25":"instock","26":"shipping-taxable","27":"purchasable","28":"product-type-variable","29":"has-default-attributes"},"yoast_head":"<!-- This site is optimized with the Yoast SEO Premium plugin v20.6 (Yoast SEO v27.3) - https:\/\/yoast.com\/product\/yoast-seo-premium-wordpress\/ -->\n<title>K\u00fapi\u0165 tekut\u00fd LSD Drop online (200 ug) - Objedna\u0165 LSD Drop | Good Dealers Meds<\/title>\n<meta name=\"description\" content=\"K\u00fapte si tekut\u00fd lsd 200ug &amp; drop online za v\u00fdhodn\u00fa cenu s najvy\u0161\u0161ou \u010distotou. Je \u013eahko dostupn\u00fd v internetovom obchode v Eur\u00f3pe.\" \/>\n<meta name=\"robots\" content=\"index, follow, max-snippet:-1, max-image-preview:large, max-video-preview:-1\" \/>\n<link rel=\"canonical\" href=\"https:\/\/gooddealersmeds.com\/sk\/product\/kupit-liquid-lsd-200ug-drop-online\/\" \/>\n<meta property=\"og:locale\" content=\"en_US\" \/>\n<meta property=\"og:type\" content=\"article\" \/>\n<meta property=\"og:title\" content=\"K\u00fapte si tekut\u00e9 LSD 200ug Drop online\" \/>\n<meta property=\"og:description\" content=\"K\u00fapte si tekut\u00fd lsd 200ug &amp; drop online za v\u00fdhodn\u00fa cenu s najvy\u0161\u0161ou \u010distotou. Je \u013eahko dostupn\u00fd v internetovom obchode v Eur\u00f3pe.\" \/>\n<meta property=\"og:url\" content=\"https:\/\/gooddealersmeds.com\/sk\/product\/kupit-liquid-lsd-200ug-drop-online\/\" \/>\n<meta property=\"og:site_name\" content=\"Good Dealers Meds\" \/>\n<meta property=\"article:modified_time\" content=\"2022-10-03T22:01:47+00:00\" \/>\n<meta property=\"og:image\" content=\"https:\/\/gooddealersmeds.com\/sk\/wp-content\/uploads\/sites\/9\/2022\/07\/buy-liquid-lsd-200ug-drop-online-cheap-1.jpg\" \/>\n\t<meta property=\"og:image:width\" content=\"600\" \/>\n\t<meta property=\"og:image:height\" content=\"600\" \/>\n\t<meta property=\"og:image:type\" content=\"image\/jpeg\" \/>\n<meta name=\"twitter:card\" content=\"summary_large_image\" \/>\n<meta name=\"twitter:label1\" content=\"Est. reading time\" \/>\n\t<meta name=\"twitter:data1\" content=\"2 minutes\" \/>\n<script type=\"application\/ld+json\" class=\"yoast-schema-graph\">{\"@context\":\"https:\\\/\\\/schema.org\",\"@graph\":[{\"@type\":\"WebPage\",\"@id\":\"https:\\\/\\\/gooddealersmeds.com\\\/sk\\\/product\\\/kupit-liquid-lsd-200ug-drop-online\\\/\",\"url\":\"https:\\\/\\\/gooddealersmeds.com\\\/sk\\\/product\\\/kupit-liquid-lsd-200ug-drop-online\\\/\",\"name\":\"K\u00fapi\u0165 tekut\u00fd LSD Drop online (200 ug) - Objedna\u0165 LSD Drop | Good Dealers Meds\",\"isPartOf\":{\"@id\":\"https:\\\/\\\/gooddealersmeds.com\\\/sk\\\/#website\"},\"primaryImageOfPage\":{\"@id\":\"https:\\\/\\\/gooddealersmeds.com\\\/sk\\\/product\\\/kupit-liquid-lsd-200ug-drop-online\\\/#primaryimage\"},\"image\":{\"@id\":\"https:\\\/\\\/gooddealersmeds.com\\\/sk\\\/product\\\/kupit-liquid-lsd-200ug-drop-online\\\/#primaryimage\"},\"thumbnailUrl\":\"https:\\\/\\\/gooddealersmeds.com\\\/sk\\\/wp-content\\\/uploads\\\/sites\\\/9\\\/2022\\\/07\\\/buy-liquid-lsd-200ug-drop-online-cheap-1.jpg\",\"datePublished\":\"2022-07-03T14:50:24+00:00\",\"dateModified\":\"2022-10-03T22:01:47+00:00\",\"description\":\"K\u00fapte si tekut\u00fd lsd 200ug & drop online za v\u00fdhodn\u00fa cenu s najvy\u0161\u0161ou \u010distotou. Je \u013eahko dostupn\u00fd v internetovom obchode v Eur\u00f3pe.\",\"breadcrumb\":{\"@id\":\"https:\\\/\\\/gooddealersmeds.com\\\/sk\\\/product\\\/kupit-liquid-lsd-200ug-drop-online\\\/#breadcrumb\"},\"inLanguage\":\"en-US\",\"potentialAction\":[{\"@type\":\"ReadAction\",\"target\":[\"https:\\\/\\\/gooddealersmeds.com\\\/sk\\\/product\\\/kupit-liquid-lsd-200ug-drop-online\\\/\"]}]},{\"@type\":\"ImageObject\",\"inLanguage\":\"en-US\",\"@id\":\"https:\\\/\\\/gooddealersmeds.com\\\/sk\\\/product\\\/kupit-liquid-lsd-200ug-drop-online\\\/#primaryimage\",\"url\":\"https:\\\/\\\/gooddealersmeds.com\\\/sk\\\/wp-content\\\/uploads\\\/sites\\\/9\\\/2022\\\/07\\\/buy-liquid-lsd-200ug-drop-online-cheap-1.jpg\",\"contentUrl\":\"https:\\\/\\\/gooddealersmeds.com\\\/sk\\\/wp-content\\\/uploads\\\/sites\\\/9\\\/2022\\\/07\\\/buy-liquid-lsd-200ug-drop-online-cheap-1.jpg\",\"width\":600,\"height\":600,\"caption\":\"Buy liquid LSD Drop\"},{\"@type\":\"BreadcrumbList\",\"@id\":\"https:\\\/\\\/gooddealersmeds.com\\\/sk\\\/product\\\/kupit-liquid-lsd-200ug-drop-online\\\/#breadcrumb\",\"itemListElement\":[{\"@type\":\"ListItem\",\"position\":1,\"name\":\"Home\",\"item\":\"https:\\\/\\\/gooddealersmeds.com\\\/sk\\\/\"},{\"@type\":\"ListItem\",\"position\":2,\"name\":\"Produkty\",\"item\":\"https:\\\/\\\/gooddealersmeds.com\\\/sk\\\/produkty\\\/\"},{\"@type\":\"ListItem\",\"position\":3,\"name\":\"K\u00fapte si tekut\u00e9 LSD 200ug Drop online\"}]},{\"@type\":\"WebSite\",\"@id\":\"https:\\\/\\\/gooddealersmeds.com\\\/sk\\\/#website\",\"url\":\"https:\\\/\\\/gooddealersmeds.com\\\/sk\\\/\",\"name\":\"Good Dealers Meds\",\"description\":\"All our best\",\"publisher\":{\"@id\":\"https:\\\/\\\/gooddealersmeds.com\\\/sk\\\/#organization\"},\"potentialAction\":[{\"@type\":\"SearchAction\",\"target\":{\"@type\":\"EntryPoint\",\"urlTemplate\":\"https:\\\/\\\/gooddealersmeds.com\\\/sk\\\/?s={search_term_string}\"},\"query-input\":{\"@type\":\"PropertyValueSpecification\",\"valueRequired\":true,\"valueName\":\"search_term_string\"}}],\"inLanguage\":\"en-US\"},{\"@type\":\"Organization\",\"@id\":\"https:\\\/\\\/gooddealersmeds.com\\\/sk\\\/#organization\",\"name\":\"Good Dealers Meds\",\"url\":\"https:\\\/\\\/gooddealersmeds.com\\\/sk\\\/\",\"logo\":{\"@type\":\"ImageObject\",\"inLanguage\":\"en-US\",\"@id\":\"https:\\\/\\\/gooddealersmeds.com\\\/sk\\\/#\\\/schema\\\/logo\\\/image\\\/\",\"url\":\"https:\\\/\\\/gooddealersmeds.com\\\/sk\\\/wp-content\\\/uploads\\\/sites\\\/9\\\/2022\\\/03\\\/gooddealersmeds__logo__20220317T222800Z.00.png\",\"contentUrl\":\"https:\\\/\\\/gooddealersmeds.com\\\/sk\\\/wp-content\\\/uploads\\\/sites\\\/9\\\/2022\\\/03\\\/gooddealersmeds__logo__20220317T222800Z.00.png\",\"width\":500,\"height\":325,\"caption\":\"Good Dealers Meds\"},\"image\":{\"@id\":\"https:\\\/\\\/gooddealersmeds.com\\\/sk\\\/#\\\/schema\\\/logo\\\/image\\\/\"}}]}<\/script>\n<!-- \/ Yoast SEO Premium plugin. -->","yoast_head_json":{"title":"K\u00fapi\u0165 tekut\u00fd LSD Drop online (200 ug) - Objedna\u0165 LSD Drop | Good Dealers Meds","description":"K\u00fapte si tekut\u00fd lsd 200ug & drop online za v\u00fdhodn\u00fa cenu s najvy\u0161\u0161ou \u010distotou. Je \u013eahko dostupn\u00fd v internetovom obchode v Eur\u00f3pe.","robots":{"index":"index","follow":"follow","max-snippet":"max-snippet:-1","max-image-preview":"max-image-preview:large","max-video-preview":"max-video-preview:-1"},"canonical":"https:\/\/gooddealersmeds.com\/sk\/product\/kupit-liquid-lsd-200ug-drop-online\/","og_locale":"en_US","og_type":"article","og_title":"K\u00fapte si tekut\u00e9 LSD 200ug Drop online","og_description":"K\u00fapte si tekut\u00fd lsd 200ug & drop online za v\u00fdhodn\u00fa cenu s najvy\u0161\u0161ou \u010distotou. Je \u013eahko dostupn\u00fd v internetovom obchode v Eur\u00f3pe.","og_url":"https:\/\/gooddealersmeds.com\/sk\/product\/kupit-liquid-lsd-200ug-drop-online\/","og_site_name":"Good Dealers Meds","article_modified_time":"2022-10-03T22:01:47+00:00","og_image":[{"width":600,"height":600,"url":"https:\/\/gooddealersmeds.com\/sk\/wp-content\/uploads\/sites\/9\/2022\/07\/buy-liquid-lsd-200ug-drop-online-cheap-1.jpg","type":"image\/jpeg"}],"twitter_card":"summary_large_image","twitter_misc":{"Est. reading time":"2 minutes"},"schema":{"@context":"https:\/\/schema.org","@graph":[{"@type":"WebPage","@id":"https:\/\/gooddealersmeds.com\/sk\/product\/kupit-liquid-lsd-200ug-drop-online\/","url":"https:\/\/gooddealersmeds.com\/sk\/product\/kupit-liquid-lsd-200ug-drop-online\/","name":"K\u00fapi\u0165 tekut\u00fd LSD Drop online (200 ug) - Objedna\u0165 LSD Drop | Good Dealers Meds","isPartOf":{"@id":"https:\/\/gooddealersmeds.com\/sk\/#website"},"primaryImageOfPage":{"@id":"https:\/\/gooddealersmeds.com\/sk\/product\/kupit-liquid-lsd-200ug-drop-online\/#primaryimage"},"image":{"@id":"https:\/\/gooddealersmeds.com\/sk\/product\/kupit-liquid-lsd-200ug-drop-online\/#primaryimage"},"thumbnailUrl":"https:\/\/gooddealersmeds.com\/sk\/wp-content\/uploads\/sites\/9\/2022\/07\/buy-liquid-lsd-200ug-drop-online-cheap-1.jpg","datePublished":"2022-07-03T14:50:24+00:00","dateModified":"2022-10-03T22:01:47+00:00","description":"K\u00fapte si tekut\u00fd lsd 200ug & drop online za v\u00fdhodn\u00fa cenu s najvy\u0161\u0161ou \u010distotou. Je \u013eahko dostupn\u00fd v internetovom obchode v Eur\u00f3pe.","breadcrumb":{"@id":"https:\/\/gooddealersmeds.com\/sk\/product\/kupit-liquid-lsd-200ug-drop-online\/#breadcrumb"},"inLanguage":"en-US","potentialAction":[{"@type":"ReadAction","target":["https:\/\/gooddealersmeds.com\/sk\/product\/kupit-liquid-lsd-200ug-drop-online\/"]}]},{"@type":"ImageObject","inLanguage":"en-US","@id":"https:\/\/gooddealersmeds.com\/sk\/product\/kupit-liquid-lsd-200ug-drop-online\/#primaryimage","url":"https:\/\/gooddealersmeds.com\/sk\/wp-content\/uploads\/sites\/9\/2022\/07\/buy-liquid-lsd-200ug-drop-online-cheap-1.jpg","contentUrl":"https:\/\/gooddealersmeds.com\/sk\/wp-content\/uploads\/sites\/9\/2022\/07\/buy-liquid-lsd-200ug-drop-online-cheap-1.jpg","width":600,"height":600,"caption":"Buy liquid LSD Drop"},{"@type":"BreadcrumbList","@id":"https:\/\/gooddealersmeds.com\/sk\/product\/kupit-liquid-lsd-200ug-drop-online\/#breadcrumb","itemListElement":[{"@type":"ListItem","position":1,"name":"Home","item":"https:\/\/gooddealersmeds.com\/sk\/"},{"@type":"ListItem","position":2,"name":"Produkty","item":"https:\/\/gooddealersmeds.com\/sk\/produkty\/"},{"@type":"ListItem","position":3,"name":"K\u00fapte si tekut\u00e9 LSD 200ug Drop online"}]},{"@type":"WebSite","@id":"https:\/\/gooddealersmeds.com\/sk\/#website","url":"https:\/\/gooddealersmeds.com\/sk\/","name":"Good Dealers Meds","description":"All our best","publisher":{"@id":"https:\/\/gooddealersmeds.com\/sk\/#organization"},"potentialAction":[{"@type":"SearchAction","target":{"@type":"EntryPoint","urlTemplate":"https:\/\/gooddealersmeds.com\/sk\/?s={search_term_string}"},"query-input":{"@type":"PropertyValueSpecification","valueRequired":true,"valueName":"search_term_string"}}],"inLanguage":"en-US"},{"@type":"Organization","@id":"https:\/\/gooddealersmeds.com\/sk\/#organization","name":"Good Dealers Meds","url":"https:\/\/gooddealersmeds.com\/sk\/","logo":{"@type":"ImageObject","inLanguage":"en-US","@id":"https:\/\/gooddealersmeds.com\/sk\/#\/schema\/logo\/image\/","url":"https:\/\/gooddealersmeds.com\/sk\/wp-content\/uploads\/sites\/9\/2022\/03\/gooddealersmeds__logo__20220317T222800Z.00.png","contentUrl":"https:\/\/gooddealersmeds.com\/sk\/wp-content\/uploads\/sites\/9\/2022\/03\/gooddealersmeds__logo__20220317T222800Z.00.png","width":500,"height":325,"caption":"Good Dealers Meds"},"image":{"@id":"https:\/\/gooddealersmeds.com\/sk\/#\/schema\/logo\/image\/"}}]}},"_links":{"self":[{"href":"https:\/\/gooddealersmeds.com\/sk\/wp-json\/wp\/v2\/product\/2009","targetHints":{"allow":["GET"]}}],"collection":[{"href":"https:\/\/gooddealersmeds.com\/sk\/wp-json\/wp\/v2\/product"}],"about":[{"href":"https:\/\/gooddealersmeds.com\/sk\/wp-json\/wp\/v2\/types\/product"}],"replies":[{"embeddable":true,"href":"https:\/\/gooddealersmeds.com\/sk\/wp-json\/wp\/v2\/comments?post=2009"}],"wp:featuredmedia":[{"embeddable":true,"href":"https:\/\/gooddealersmeds.com\/sk\/wp-json\/wp\/v2\/media\/2010"}],"wp:attachment":[{"href":"https:\/\/gooddealersmeds.com\/sk\/wp-json\/wp\/v2\/media?parent=2009"}],"wp:term":[{"taxonomy":"product_brand","embeddable":true,"href":"https:\/\/gooddealersmeds.com\/sk\/wp-json\/wp\/v2\/product_brand?post=2009"},{"taxonomy":"product_cat","embeddable":true,"href":"https:\/\/gooddealersmeds.com\/sk\/wp-json\/wp\/v2\/product_cat?post=2009"},{"taxonomy":"product_tag","embeddable":true,"href":"https:\/\/gooddealersmeds.com\/sk\/wp-json\/wp\/v2\/product_tag?post=2009"}],"curies":[{"name":"wp","href":"https:\/\/api.w.org\/{rel}","templated":true}]}}