{"id":2002,"date":"2022-08-01T19:12:36","date_gmt":"2022-08-01T19:12:36","guid":{"rendered":"https:\/\/gooddealersmeds.com\/sk\/?post_type=product&#038;p=2002"},"modified":"2022-10-03T22:01:40","modified_gmt":"2022-10-03T22:01:40","slug":"kupit-kvalita-fencyklidin-pcp-kvapalina","status":"publish","type":"product","link":"https:\/\/gooddealersmeds.com\/sk\/product\/kupit-kvalita-fencyklidin-pcp-kvapalina\/","title":{"rendered":"K\u00fapte si kvalitn\u00fd fencyklid\u00edn (PCP) Liquid"},"content":{"rendered":"<h1><strong>Fencyklid\u00ednov\u00e1 tekutina (PCP)<\/strong><\/h1>\n<p>Fencyklid\u00ednov\u00e1 tekutina (PCP) je psychedelick\u00e1 droga, ktor\u00e1 sa berie kv\u00f4li jej schopnosti meni\u0165 realitu. Je to rekrea\u010dn\u00e1 droga; m\u00f4\u017ee sa tie\u017e pod\u00e1va\u0165 injek\u010dne, preto\u017ee je v tekutom stave K\u00fapte si tekut\u00fd fencyklid\u00edn online. M\u00f4\u017ee by\u0165 tie\u017e zmie\u0161an\u00fd s tabakom alebo marihuanou v z\u00e1vislosti od individu\u00e1lnych preferenci\u00ed, <a href=\"https:\/\/gooddealersmeds.com\/sk\/product\/buy-quality-phencyclidine-pcp-liquid\/\">kde objedna\u0165 Phencyclidine Liquid<\/a>. Fencyklid\u00edn je \u010dlenom skupiny arylcyklohexylam\u00ednov\u00fdch liekov a je to disociat\u00edvne anestetikum. Pom\u00e1ha v\u00fdrazne zn\u00ed\u017ei\u0165 boles\u0165 v z\u00e1vislosti od prijatej d\u00e1vky; m\u00f4\u017ee tie\u017e p\u00f4sobi\u0165 ako anestetikum, stimulant alebo depres\u00edvum. Ved\u013eaj\u0161ie \u00fa\u010dinky, ako je rozmazan\u00e9 videnie, vracanie a z\u00e1vraty, m\u00f4\u017eu by\u0165 spojen\u00e9 s u\u017e\u00edvan\u00edm v\u00fdrazne vysok\u00fdch d\u00e1vok. Pri miernom pou\u017e\u00edvan\u00ed sa c\u00edtite oddelen\u00ed od reality a navodzuje pocit euf\u00f3rie. Je zn\u00e1me, \u017ee napodob\u0148uje takmer ako keby ste mali nad\u013eudsk\u00fa silu a nemali ste z ni\u010doho strach.<\/p>\n<h2><strong>Pou\u017e\u00edvanie fencyklid\u00ednu\u00a0<\/strong><\/h2>\n<p>Fencyklid\u00ednov\u00e1 tekutina (PCP) m\u00e1 r\u00fdchly reak\u010dn\u00fd \u010das pri injekcii priamo do tela. Zvy\u010dajne sa opotrebuje po 6-24 hodin\u00e1ch v z\u00e1vislosti od pou\u017eit\u00e9ho d\u00e1vkovania. Nebezpe\u010denstvo v\u00fdznamn\u00fdch ved\u013eaj\u0161\u00edch \u00fa\u010dinkov a pred\u00e1vkovania sa zvy\u0161uje pri kombin\u00e1cii PCP s in\u00fdmi liekmi, vr\u00e1tane liekov na predpis, <a href=\"https:\/\/gooddealersmeds.com\/sk\/product\/buy-quality-phencyclidine-pcp-liquid\/\">PCP vo\u013enopredajn\u00e9 (OTC)<\/a> a in\u00e9 opioidy na rekrea\u010dn\u00e9 \u00fa\u010dely. To plat\u00ed najm\u00e4 vtedy, ke\u010f kombinujete lieky, ktor\u00e9 tlmia centr\u00e1lny nervov\u00fd syst\u00e9m. Mohlo by to v\u00fdrazne spomali\u0165 va\u0161e d\u00fdchanie a mohlo by to sp\u00f4sobi\u0165 zv\u00fd\u0161enie krvn\u00e9ho tlaku.<\/p>\n<h3><strong>D\u00e1vka PCP<\/strong><\/h3>\n<p>Fencyklid\u00ednov\u00e1 tekutina (PCP) by sa nemala pou\u017e\u00edva\u0165 \u010dasto preto\u017ee \u010dast\u00e9 a dlhodob\u00e9 u\u017e\u00edvanie by mohlo ma\u0165 nepr\u00edjemn\u00e9 \u00fa\u010dinky. Nemal by sa pou\u017e\u00edva\u0165 samostatne, preto\u017ee pou\u017e\u00edvate\u013e by mohol poci\u0165ova\u0165 halucin\u00e1cie, ktor\u00e9 by mohli vies\u0165 k zvl\u00e1\u0161tnemu spr\u00e1vaniu a zm\u00e4tku; ma\u0165 spolo\u010dn\u00edka alebo spolo\u010dnos\u0165 by bolo vynikaj\u00face a prospe\u0161n\u00e9 v pr\u00edpade ak\u00e9hoko\u013evek probl\u00e9mu. Pri pou\u017e\u00edvan\u00ed PCP v\u017edy zosta\u0148te hydratovan\u00ed, aby ste sa vyhli dehydrat\u00e1cii a zv\u00fd\u0161enej telesnej teplote. V\u017edy je dobr\u00e9 vyhn\u00fa\u0165 sa mie\u0161aniu PCP s alkoholom. Existuje riziko z\u00e1vislosti na tejto droge, najm\u00e4 ak ju pou\u017e\u00edvate neust\u00e1le, mala by sa u\u017e\u00edva\u0165 v miernych d\u00e1vkach a m\u00f4\u017eete kontaktova\u0165 na\u0161ich lek\u00e1rov, aby ste z\u00edskali n\u00e1le\u017eit\u00e9 vzdelanie o pou\u017e\u00edvan\u00ed.<\/p>\n","protected":false},"excerpt":{"rendered":"<p>Fencyklid\u00ednov\u00e1 tekutina (PCP) Fencyklid\u00ednov\u00e1 tekutina (PCP) je psychedelick\u00e1 droga, ktor\u00e1 sa berie kv\u00f4li jej schopnosti meni\u0165 realitu. Je to rekrea\u010dn\u00e1 droga; m\u00f4\u017ee sa tie\u017e pod\u00e1va\u0165 injek\u010dne, preto\u017ee je v tekutom stave K\u00fapte si tekut\u00fd fencyklid\u00edn online. M\u00f4\u017ee by\u0165 tie\u017e zmie\u0161an\u00fd s tabakom alebo marihuanou v z\u00e1vislosti od individu\u00e1lnych preferenci\u00ed, kde objedna\u0165 Phencyclidine Liquid. Fencyklid\u00edn je&#8230;<\/p>\n","protected":false},"featured_media":2003,"comment_status":"open","ping_status":"closed","template":"","meta":{"inline_featured_image":false},"product_brand":[],"product_cat":[345],"product_tag":[],"class_list":{"0":"post-2002","1":"product","2":"type-product","3":"status-publish","4":"has-post-thumbnail","6":"product_cat-psychedelick-drogy","8":"first","9":"instock","10":"shipping-taxable","11":"product-type-simple"},"yoast_head":"<!-- This site is optimized with the Yoast SEO Premium plugin v20.6 (Yoast SEO v27.3) - https:\/\/yoast.com\/product\/yoast-seo-premium-wordpress\/ -->\n<title>K\u00fapte si fencyklid\u00ednov\u00fa tekutinu online \u2013 objednajte si PCP tekutinu | Good Dealers Meds<\/title>\n<meta name=\"description\" content=\"K\u00fapte si fencyklid\u00ednov\u00fa kvapalinu online (zn\u00e1mu aj ako anjelsk\u00fd prach) za prijate\u013en\u00fa cenu od d\u00f4veryhodn\u00fdch dod\u00e1vate\u013eov s najvy\u0161\u0161ou \u010distotou.\" \/>\n<meta name=\"robots\" content=\"index, follow, max-snippet:-1, max-image-preview:large, max-video-preview:-1\" \/>\n<link rel=\"canonical\" href=\"https:\/\/gooddealersmeds.com\/sk\/product\/kupit-kvalita-fencyklidin-pcp-kvapalina\/\" \/>\n<meta property=\"og:locale\" content=\"en_US\" \/>\n<meta property=\"og:type\" content=\"article\" \/>\n<meta property=\"og:title\" content=\"K\u00fapte si kvalitn\u00fd fencyklid\u00edn (PCP) Liquid\" \/>\n<meta property=\"og:description\" content=\"K\u00fapte si fencyklid\u00ednov\u00fa kvapalinu online (zn\u00e1mu aj ako anjelsk\u00fd prach) za prijate\u013en\u00fa cenu od d\u00f4veryhodn\u00fdch dod\u00e1vate\u013eov s najvy\u0161\u0161ou \u010distotou.\" \/>\n<meta property=\"og:url\" content=\"https:\/\/gooddealersmeds.com\/sk\/product\/kupit-kvalita-fencyklidin-pcp-kvapalina\/\" \/>\n<meta property=\"og:site_name\" content=\"Good Dealers Meds\" \/>\n<meta property=\"article:modified_time\" content=\"2022-10-03T22:01:40+00:00\" \/>\n<meta property=\"og:image\" content=\"https:\/\/gooddealersmeds.com\/sk\/wp-content\/uploads\/sites\/9\/2022\/07\/pcp-angel-dust-solution.jpg\" \/>\n\t<meta property=\"og:image:width\" content=\"718\" \/>\n\t<meta property=\"og:image:height\" content=\"539\" \/>\n\t<meta property=\"og:image:type\" content=\"image\/jpeg\" \/>\n<meta name=\"twitter:card\" content=\"summary_large_image\" \/>\n<meta name=\"twitter:label1\" content=\"Est. reading time\" \/>\n\t<meta name=\"twitter:data1\" content=\"2 minutes\" \/>\n<script type=\"application\/ld+json\" class=\"yoast-schema-graph\">{\"@context\":\"https:\\\/\\\/schema.org\",\"@graph\":[{\"@type\":\"WebPage\",\"@id\":\"https:\\\/\\\/gooddealersmeds.com\\\/sk\\\/product\\\/kupit-kvalita-fencyklidin-pcp-kvapalina\\\/\",\"url\":\"https:\\\/\\\/gooddealersmeds.com\\\/sk\\\/product\\\/kupit-kvalita-fencyklidin-pcp-kvapalina\\\/\",\"name\":\"K\u00fapte si fencyklid\u00ednov\u00fa tekutinu online \u2013 objednajte si PCP tekutinu | Good Dealers Meds\",\"isPartOf\":{\"@id\":\"https:\\\/\\\/gooddealersmeds.com\\\/sk\\\/#website\"},\"primaryImageOfPage\":{\"@id\":\"https:\\\/\\\/gooddealersmeds.com\\\/sk\\\/product\\\/kupit-kvalita-fencyklidin-pcp-kvapalina\\\/#primaryimage\"},\"image\":{\"@id\":\"https:\\\/\\\/gooddealersmeds.com\\\/sk\\\/product\\\/kupit-kvalita-fencyklidin-pcp-kvapalina\\\/#primaryimage\"},\"thumbnailUrl\":\"https:\\\/\\\/gooddealersmeds.com\\\/sk\\\/wp-content\\\/uploads\\\/sites\\\/9\\\/2022\\\/07\\\/pcp-angel-dust-solution.jpg\",\"datePublished\":\"2022-08-01T19:12:36+00:00\",\"dateModified\":\"2022-10-03T22:01:40+00:00\",\"description\":\"K\u00fapte si fencyklid\u00ednov\u00fa kvapalinu online (zn\u00e1mu aj ako anjelsk\u00fd prach) za prijate\u013en\u00fa cenu od d\u00f4veryhodn\u00fdch dod\u00e1vate\u013eov s najvy\u0161\u0161ou \u010distotou.\",\"breadcrumb\":{\"@id\":\"https:\\\/\\\/gooddealersmeds.com\\\/sk\\\/product\\\/kupit-kvalita-fencyklidin-pcp-kvapalina\\\/#breadcrumb\"},\"inLanguage\":\"en-US\",\"potentialAction\":[{\"@type\":\"ReadAction\",\"target\":[\"https:\\\/\\\/gooddealersmeds.com\\\/sk\\\/product\\\/kupit-kvalita-fencyklidin-pcp-kvapalina\\\/\"]}]},{\"@type\":\"ImageObject\",\"inLanguage\":\"en-US\",\"@id\":\"https:\\\/\\\/gooddealersmeds.com\\\/sk\\\/product\\\/kupit-kvalita-fencyklidin-pcp-kvapalina\\\/#primaryimage\",\"url\":\"https:\\\/\\\/gooddealersmeds.com\\\/sk\\\/wp-content\\\/uploads\\\/sites\\\/9\\\/2022\\\/07\\\/pcp-angel-dust-solution.jpg\",\"contentUrl\":\"https:\\\/\\\/gooddealersmeds.com\\\/sk\\\/wp-content\\\/uploads\\\/sites\\\/9\\\/2022\\\/07\\\/pcp-angel-dust-solution.jpg\",\"width\":718,\"height\":539,\"caption\":\"buy pcp powder\"},{\"@type\":\"BreadcrumbList\",\"@id\":\"https:\\\/\\\/gooddealersmeds.com\\\/sk\\\/product\\\/kupit-kvalita-fencyklidin-pcp-kvapalina\\\/#breadcrumb\",\"itemListElement\":[{\"@type\":\"ListItem\",\"position\":1,\"name\":\"Home\",\"item\":\"https:\\\/\\\/gooddealersmeds.com\\\/sk\\\/\"},{\"@type\":\"ListItem\",\"position\":2,\"name\":\"Produkty\",\"item\":\"https:\\\/\\\/gooddealersmeds.com\\\/sk\\\/produkty\\\/\"},{\"@type\":\"ListItem\",\"position\":3,\"name\":\"K\u00fapte si kvalitn\u00fd fencyklid\u00edn (PCP) Liquid\"}]},{\"@type\":\"WebSite\",\"@id\":\"https:\\\/\\\/gooddealersmeds.com\\\/sk\\\/#website\",\"url\":\"https:\\\/\\\/gooddealersmeds.com\\\/sk\\\/\",\"name\":\"Good Dealers Meds\",\"description\":\"All our best\",\"publisher\":{\"@id\":\"https:\\\/\\\/gooddealersmeds.com\\\/sk\\\/#organization\"},\"potentialAction\":[{\"@type\":\"SearchAction\",\"target\":{\"@type\":\"EntryPoint\",\"urlTemplate\":\"https:\\\/\\\/gooddealersmeds.com\\\/sk\\\/?s={search_term_string}\"},\"query-input\":{\"@type\":\"PropertyValueSpecification\",\"valueRequired\":true,\"valueName\":\"search_term_string\"}}],\"inLanguage\":\"en-US\"},{\"@type\":\"Organization\",\"@id\":\"https:\\\/\\\/gooddealersmeds.com\\\/sk\\\/#organization\",\"name\":\"Good Dealers Meds\",\"url\":\"https:\\\/\\\/gooddealersmeds.com\\\/sk\\\/\",\"logo\":{\"@type\":\"ImageObject\",\"inLanguage\":\"en-US\",\"@id\":\"https:\\\/\\\/gooddealersmeds.com\\\/sk\\\/#\\\/schema\\\/logo\\\/image\\\/\",\"url\":\"https:\\\/\\\/gooddealersmeds.com\\\/sk\\\/wp-content\\\/uploads\\\/sites\\\/9\\\/2022\\\/03\\\/gooddealersmeds__logo__20220317T222800Z.00.png\",\"contentUrl\":\"https:\\\/\\\/gooddealersmeds.com\\\/sk\\\/wp-content\\\/uploads\\\/sites\\\/9\\\/2022\\\/03\\\/gooddealersmeds__logo__20220317T222800Z.00.png\",\"width\":500,\"height\":325,\"caption\":\"Good Dealers Meds\"},\"image\":{\"@id\":\"https:\\\/\\\/gooddealersmeds.com\\\/sk\\\/#\\\/schema\\\/logo\\\/image\\\/\"}}]}<\/script>\n<!-- \/ Yoast SEO Premium plugin. -->","yoast_head_json":{"title":"K\u00fapte si fencyklid\u00ednov\u00fa tekutinu online \u2013 objednajte si PCP tekutinu | Good Dealers Meds","description":"K\u00fapte si fencyklid\u00ednov\u00fa kvapalinu online (zn\u00e1mu aj ako anjelsk\u00fd prach) za prijate\u013en\u00fa cenu od d\u00f4veryhodn\u00fdch dod\u00e1vate\u013eov s najvy\u0161\u0161ou \u010distotou.","robots":{"index":"index","follow":"follow","max-snippet":"max-snippet:-1","max-image-preview":"max-image-preview:large","max-video-preview":"max-video-preview:-1"},"canonical":"https:\/\/gooddealersmeds.com\/sk\/product\/kupit-kvalita-fencyklidin-pcp-kvapalina\/","og_locale":"en_US","og_type":"article","og_title":"K\u00fapte si kvalitn\u00fd fencyklid\u00edn (PCP) Liquid","og_description":"K\u00fapte si fencyklid\u00ednov\u00fa kvapalinu online (zn\u00e1mu aj ako anjelsk\u00fd prach) za prijate\u013en\u00fa cenu od d\u00f4veryhodn\u00fdch dod\u00e1vate\u013eov s najvy\u0161\u0161ou \u010distotou.","og_url":"https:\/\/gooddealersmeds.com\/sk\/product\/kupit-kvalita-fencyklidin-pcp-kvapalina\/","og_site_name":"Good Dealers Meds","article_modified_time":"2022-10-03T22:01:40+00:00","og_image":[{"width":718,"height":539,"url":"https:\/\/gooddealersmeds.com\/sk\/wp-content\/uploads\/sites\/9\/2022\/07\/pcp-angel-dust-solution.jpg","type":"image\/jpeg"}],"twitter_card":"summary_large_image","twitter_misc":{"Est. reading time":"2 minutes"},"schema":{"@context":"https:\/\/schema.org","@graph":[{"@type":"WebPage","@id":"https:\/\/gooddealersmeds.com\/sk\/product\/kupit-kvalita-fencyklidin-pcp-kvapalina\/","url":"https:\/\/gooddealersmeds.com\/sk\/product\/kupit-kvalita-fencyklidin-pcp-kvapalina\/","name":"K\u00fapte si fencyklid\u00ednov\u00fa tekutinu online \u2013 objednajte si PCP tekutinu | Good Dealers Meds","isPartOf":{"@id":"https:\/\/gooddealersmeds.com\/sk\/#website"},"primaryImageOfPage":{"@id":"https:\/\/gooddealersmeds.com\/sk\/product\/kupit-kvalita-fencyklidin-pcp-kvapalina\/#primaryimage"},"image":{"@id":"https:\/\/gooddealersmeds.com\/sk\/product\/kupit-kvalita-fencyklidin-pcp-kvapalina\/#primaryimage"},"thumbnailUrl":"https:\/\/gooddealersmeds.com\/sk\/wp-content\/uploads\/sites\/9\/2022\/07\/pcp-angel-dust-solution.jpg","datePublished":"2022-08-01T19:12:36+00:00","dateModified":"2022-10-03T22:01:40+00:00","description":"K\u00fapte si fencyklid\u00ednov\u00fa kvapalinu online (zn\u00e1mu aj ako anjelsk\u00fd prach) za prijate\u013en\u00fa cenu od d\u00f4veryhodn\u00fdch dod\u00e1vate\u013eov s najvy\u0161\u0161ou \u010distotou.","breadcrumb":{"@id":"https:\/\/gooddealersmeds.com\/sk\/product\/kupit-kvalita-fencyklidin-pcp-kvapalina\/#breadcrumb"},"inLanguage":"en-US","potentialAction":[{"@type":"ReadAction","target":["https:\/\/gooddealersmeds.com\/sk\/product\/kupit-kvalita-fencyklidin-pcp-kvapalina\/"]}]},{"@type":"ImageObject","inLanguage":"en-US","@id":"https:\/\/gooddealersmeds.com\/sk\/product\/kupit-kvalita-fencyklidin-pcp-kvapalina\/#primaryimage","url":"https:\/\/gooddealersmeds.com\/sk\/wp-content\/uploads\/sites\/9\/2022\/07\/pcp-angel-dust-solution.jpg","contentUrl":"https:\/\/gooddealersmeds.com\/sk\/wp-content\/uploads\/sites\/9\/2022\/07\/pcp-angel-dust-solution.jpg","width":718,"height":539,"caption":"buy pcp powder"},{"@type":"BreadcrumbList","@id":"https:\/\/gooddealersmeds.com\/sk\/product\/kupit-kvalita-fencyklidin-pcp-kvapalina\/#breadcrumb","itemListElement":[{"@type":"ListItem","position":1,"name":"Home","item":"https:\/\/gooddealersmeds.com\/sk\/"},{"@type":"ListItem","position":2,"name":"Produkty","item":"https:\/\/gooddealersmeds.com\/sk\/produkty\/"},{"@type":"ListItem","position":3,"name":"K\u00fapte si kvalitn\u00fd fencyklid\u00edn (PCP) Liquid"}]},{"@type":"WebSite","@id":"https:\/\/gooddealersmeds.com\/sk\/#website","url":"https:\/\/gooddealersmeds.com\/sk\/","name":"Good Dealers Meds","description":"All our best","publisher":{"@id":"https:\/\/gooddealersmeds.com\/sk\/#organization"},"potentialAction":[{"@type":"SearchAction","target":{"@type":"EntryPoint","urlTemplate":"https:\/\/gooddealersmeds.com\/sk\/?s={search_term_string}"},"query-input":{"@type":"PropertyValueSpecification","valueRequired":true,"valueName":"search_term_string"}}],"inLanguage":"en-US"},{"@type":"Organization","@id":"https:\/\/gooddealersmeds.com\/sk\/#organization","name":"Good Dealers Meds","url":"https:\/\/gooddealersmeds.com\/sk\/","logo":{"@type":"ImageObject","inLanguage":"en-US","@id":"https:\/\/gooddealersmeds.com\/sk\/#\/schema\/logo\/image\/","url":"https:\/\/gooddealersmeds.com\/sk\/wp-content\/uploads\/sites\/9\/2022\/03\/gooddealersmeds__logo__20220317T222800Z.00.png","contentUrl":"https:\/\/gooddealersmeds.com\/sk\/wp-content\/uploads\/sites\/9\/2022\/03\/gooddealersmeds__logo__20220317T222800Z.00.png","width":500,"height":325,"caption":"Good Dealers Meds"},"image":{"@id":"https:\/\/gooddealersmeds.com\/sk\/#\/schema\/logo\/image\/"}}]}},"_links":{"self":[{"href":"https:\/\/gooddealersmeds.com\/sk\/wp-json\/wp\/v2\/product\/2002","targetHints":{"allow":["GET"]}}],"collection":[{"href":"https:\/\/gooddealersmeds.com\/sk\/wp-json\/wp\/v2\/product"}],"about":[{"href":"https:\/\/gooddealersmeds.com\/sk\/wp-json\/wp\/v2\/types\/product"}],"replies":[{"embeddable":true,"href":"https:\/\/gooddealersmeds.com\/sk\/wp-json\/wp\/v2\/comments?post=2002"}],"wp:featuredmedia":[{"embeddable":true,"href":"https:\/\/gooddealersmeds.com\/sk\/wp-json\/wp\/v2\/media\/2003"}],"wp:attachment":[{"href":"https:\/\/gooddealersmeds.com\/sk\/wp-json\/wp\/v2\/media?parent=2002"}],"wp:term":[{"taxonomy":"product_brand","embeddable":true,"href":"https:\/\/gooddealersmeds.com\/sk\/wp-json\/wp\/v2\/product_brand?post=2002"},{"taxonomy":"product_cat","embeddable":true,"href":"https:\/\/gooddealersmeds.com\/sk\/wp-json\/wp\/v2\/product_cat?post=2002"},{"taxonomy":"product_tag","embeddable":true,"href":"https:\/\/gooddealersmeds.com\/sk\/wp-json\/wp\/v2\/product_tag?post=2002"}],"curies":[{"name":"wp","href":"https:\/\/api.w.org\/{rel}","templated":true}]}}