{"id":2001,"date":"2022-07-03T14:45:15","date_gmt":"2022-07-03T14:45:15","guid":{"rendered":"https:\/\/gooddealersmeds.com\/sk\/?post_type=product&#038;p=2001"},"modified":"2022-10-03T22:01:55","modified_gmt":"2022-10-03T22:01:55","slug":"kupit-ketamin-prasok-online","status":"publish","type":"product","link":"https:\/\/gooddealersmeds.com\/sk\/product\/kupit-ketamin-prasok-online\/","title":{"rendered":"K\u00fapte si ketam\u00ednov\u00fd pr\u00e1\u0161ok online"},"content":{"rendered":"<h1><strong>Ketam\u00ednov\u00fd pr\u00e1\u0161ok<\/strong><\/h1>\n<p>Ketam\u00edn je disociat\u00edvne anestetikum. Pou\u017e\u00edvaj\u00fa ho lek\u00e1ri na za\u010datie celkovej anest\u00e9zie &#8211; K\u00fapte si ketam\u00ednov\u00fd pr\u00e1\u0161ok online. M\u00f4\u017ee sa pou\u017ei\u0165 na lie\u010dbu depresie u pacientov, ktor\u00ed nereaguj\u00fa dobre na in\u00e9 formy lie\u010dby. M\u00f4\u017ee sa pou\u017ei\u0165 na lie\u010dbu \u00fazkostn\u00fdch probl\u00e9mov. Alkohol a ketam\u00edn s\u00fa l\u00e1tky tlmiace centr\u00e1lny nervov\u00fd syst\u00e9m, a preto sa ketam\u00edn v kombin\u00e1cii s alkoholom neodpor\u00fa\u010da, preto\u017ee m\u00f4\u017ee ma\u0165 smrte\u013en\u00e9 \u00fa\u010dinky. Je to popul\u00e1rna rekrea\u010dn\u00e1 droga, ktor\u00e1 pri u\u017e\u00edvan\u00ed m\u00f4\u017ee vyvola\u0165 pocit euf\u00f3rie. M\u00f4\u017ee sa tie\u017e pou\u017ei\u0165 na zmiernenie bolesti, najm\u00e4 ak sa zd\u00e1, \u017ee in\u00e9 lieky nevykon\u00e1vaj\u00fa t\u00fato pr\u00e1cu. Ketam\u00edn nefunguje ako in\u00e9 anestetik\u00e1, ktor\u00e9 blokuj\u00fa sign\u00e1ly bolesti, p\u00f4sob\u00ed tak, \u017ee odpoj\u00ed mozog od tela. Br\u00e1ni schopnosti mozgu spracov\u00e1va\u0165 sign\u00e1ly bolesti. Je zn\u00e1me, \u017ee ketam\u00edn zvy\u0161uje nervov\u00fa aktivitu a niektor\u00e9 \u0161t\u00fadie uk\u00e1zali, \u017ee m\u00f4\u017ee. <a href=\"https:\/\/gooddealersmeds.com\/sk\/product\/buy-ketamine-powder-online\/\">Ako si m\u00f4\u017eem objedna\u0165 ketam\u00edn<\/a><\/p>\n<p>&nbsp;<\/p>\n<p>pou\u017e\u00edva\u0165 na lie\u010dbu niektor\u00fdch du\u0161evn\u00fdch chor\u00f4b. M\u00f4\u017ee sa pou\u017ei\u0165 na zmiernenie bolesti sp\u00f4sobenej pop\u00e1leninami. M\u00f4\u017ee sa pou\u017ei\u0165 na lie\u010dbu zranen\u00ed utrpen\u00fdch na bojisku. Pou\u017e\u00edva sa aj na zvl\u00e1danie bolesti u det\u00ed, ktor\u00e9 nem\u00f4\u017eu pou\u017e\u00edva\u0165 in\u00e9 anestetik\u00e1 pre ne\u017eiaduce \u00fa\u010dinky alebo alergie. \u00da\u010dinok sa zvy\u010dajne prejavuje nieko\u013eko min\u00fat po u\u017eit\u00ed. Reak\u010dn\u00fd \u010das z\u00e1vis\u00ed od sp\u00f4sobu pou\u017eitia &#8211; Ketam\u00ednov\u00fd pr\u00e1\u0161ok na predaj. Ke\u010f sa u\u017e\u00edva, \u010das potrebn\u00fd na to, aby za\u010dal p\u00f4sobi\u0165, sa pohybuje od nieko\u013ek\u00fdch sek\u00fand do 30 min\u00fat. U u\u017e\u00edvate\u013eov ketam\u00ednu bolo hl\u00e1sen\u00e9, \u017ee poci\u0165uj\u00fa vysok\u00e9 hladiny, v\u010faka ktor\u00fdm sa m\u00f4\u017eu c\u00edti\u0165 \u0161\u0165astn\u00ed a v pohode. Okrem toho sa mohli c\u00edti\u0165 oddelen\u00ed od svojho tela kv\u00f4li skuto\u010dnosti, \u017ee ide o disocia\u010dn\u00e9 anestetikum. Lie\u010divo ovplyv\u0148uje glutam\u00ednov\u00e9 receptory a opravuje a reaktivuje synapsie, \u010d\u00edm zvy\u0161uje adaptabilitu mozgu, \u010do m\u00f4\u017ee pom\u00f4c\u0165 prekona\u0165 depresiu.<\/p>\n<p>&nbsp;<\/p>\n<p>Bolo hl\u00e1sen\u00e9, \u017ee ketam\u00edn rob\u00ed antidepres\u00edva alebo psychoterapiu \u00fa\u010dinn\u00fdmi aj ke\u010f spo\u010diatku neboli tak\u00e9 \u00fa\u010dinn\u00e9. To by mohlo tie\u017e vysvetli\u0165, pre\u010do ketam\u00edn m\u00f4\u017ee sp\u00f4sobi\u0165, \u017ee antidepres\u00edva alebo psychoterapia s\u00fa \u00fa\u010dinn\u00e9, ke\u010f predt\u00fdm neboli. Niektor\u00ed pou\u017e\u00edvatelia tvrdia, \u017ee to d\u00e1va pr\u00edjemn\u00fd pocit a c\u00edtia sa v jednote s vesm\u00edrom. U\u017e\u00edvajte si ho v k\u013eude v spolo\u010dnosti priate\u013eov &#8211; objednajte si ketam\u00ednov\u00fd pr\u00e1\u0161ok tu, uvo\u013enen\u00e9 prostredie m\u00f4\u017ee by\u0165 duchovn\u00e9 a upokojuj\u00face; U\u017e\u00edvanie v klube m\u00f4\u017ee by\u0165 vzru\u0161uj\u00face so zv\u00fd\u0161enou energiou a dobrou n\u00e1ladou.<\/p>\n<p>&nbsp;<\/p>\n<p>Ketam\u00edn m\u00f4\u017ee ma\u0165 aj in\u00e9 nepriazniv\u00e9 ved\u013eaj\u0161ie \u00fa\u010dinky, ako je \u00fazkos\u0165, z\u00e1vraty alebo strata rovnov\u00e1hu. Je to tie\u017e ve\u013emi n\u00e1vykov\u00e1 droga, je bez z\u00e1pachu a farby a m\u00f4\u017ee by\u0165 pou\u017eit\u00e1 na ubl\u00ed\u017eenie, ak sa nevenuje n\u00e1le\u017eit\u00e1 starostlivos\u0165. Ketam\u00edn na predaj Pora\u010fte sa s na\u0161imi lek\u00e1rmi, aby v\u00e1m poradili.<\/p>\n","protected":false},"excerpt":{"rendered":"<p>K\u00fapte si ketam\u00ednov\u00fd pr\u00e1\u0161ok online. K\u00fapte si ketam\u00ednov\u00fd HCL pr\u00e1\u0161ok na predaj online \u2013 ketam\u00ednov\u00fd pr\u00e1\u0161ok na predaj online \u2013 Objednajte si ketam\u00ednov\u00fd pr\u00e1\u0161ok<\/p>\n","protected":false},"featured_media":2008,"comment_status":"open","ping_status":"closed","template":"","meta":{"inline_featured_image":false},"product_brand":[],"product_cat":[345],"product_tag":[572,110,107,105,109,573,570,564,567,566,568,563,562,561,571,203,108,565,569,106,104],"class_list":{"0":"post-2001","1":"product","2":"type-product","3":"status-publish","4":"has-post-thumbnail","6":"product_cat-psychedelick-drogy","7":"product_tag-ako-si-objedna-ketamnov-prok","8":"product_tag-bezpen-doruenie","9":"product_tag-buy","10":"product_tag-canada","11":"product_tag-dodvateov","12":"product_tag-je-ketamn-prok-leglne-v-kanade","13":"product_tag-je-ketamn-prok-leglne-v-usa","14":"product_tag-kde-kpi-ketamn-prok","15":"product_tag-kde-na-kpi-ketamn-prok-online","16":"product_tag-ketamine-for-sale","17":"product_tag-ketamnov-prok-na-predaj-in-usa","18":"product_tag-kpi-ketamn-online","19":"product_tag-kpi-ketamn-prok","20":"product_tag-kpi-ketamn-prok-online-kpi-prok","21":"product_tag-kpi-ketamn-prok-online-usa","22":"product_tag-kpi-prok-online","23":"product_tag-online","24":"product_tag-ketamnov-prok-na-predaj","25":"product_tag-stle-mete-zska-ketamnov-prok","26":"product_tag-uk","27":"product_tag-usa","29":"first","30":"instock","31":"shipping-taxable","32":"purchasable","33":"product-type-variable","34":"has-default-attributes"},"yoast_head":"<!-- This site is optimized with the Yoast SEO Premium plugin v20.6 (Yoast SEO v27.4) - https:\/\/yoast.com\/product\/yoast-seo-premium-wordpress\/ -->\n<title>K\u00fapte si ketam\u00ednov\u00fd pr\u00e1\u0161ok online \u2013 K\u00fapte si ketam\u00edn | Good Dealers Meds<\/title>\n<meta name=\"description\" content=\"K\u00fapte si ketam\u00ednov\u00fd pr\u00e1\u0161ok online. Ketam\u00edn HCL na predaj \u2013 Objednajte si ketam\u00edn za prijate\u013en\u00fa cenu so zaru\u010denou spokojnos\u0165ou a r\u00fdchlym doru\u010den\u00edm.\" \/>\n<meta name=\"robots\" content=\"index, follow, max-snippet:-1, max-image-preview:large, max-video-preview:-1\" \/>\n<link rel=\"canonical\" href=\"https:\/\/gooddealersmeds.com\/sk\/product\/kupit-ketamin-prasok-online\/\" \/>\n<meta property=\"og:locale\" content=\"en_US\" \/>\n<meta property=\"og:type\" content=\"article\" \/>\n<meta property=\"og:title\" content=\"K\u00fapte si ketam\u00ednov\u00fd pr\u00e1\u0161ok online\" \/>\n<meta property=\"og:description\" content=\"K\u00fapte si ketam\u00ednov\u00fd pr\u00e1\u0161ok online. Ketam\u00edn HCL na predaj \u2013 Objednajte si ketam\u00edn za prijate\u013en\u00fa cenu so zaru\u010denou spokojnos\u0165ou a r\u00fdchlym doru\u010den\u00edm.\" \/>\n<meta property=\"og:url\" content=\"https:\/\/gooddealersmeds.com\/sk\/product\/kupit-ketamin-prasok-online\/\" \/>\n<meta property=\"og:site_name\" content=\"Good Dealers Meds\" \/>\n<meta property=\"article:modified_time\" content=\"2022-10-03T22:01:55+00:00\" \/>\n<meta property=\"og:image\" content=\"https:\/\/gooddealersmeds.com\/sk\/wp-content\/uploads\/sites\/9\/2022\/07\/ketamine-powder.jpg\" \/>\n\t<meta property=\"og:image:width\" content=\"600\" \/>\n\t<meta property=\"og:image:height\" content=\"600\" \/>\n\t<meta property=\"og:image:type\" content=\"image\/jpeg\" \/>\n<meta name=\"twitter:card\" content=\"summary_large_image\" \/>\n<meta name=\"twitter:label1\" content=\"Est. reading time\" \/>\n\t<meta name=\"twitter:data1\" content=\"3 minutes\" \/>\n<script type=\"application\/ld+json\" class=\"yoast-schema-graph\">{\"@context\":\"https:\\\/\\\/schema.org\",\"@graph\":[{\"@type\":\"WebPage\",\"@id\":\"https:\\\/\\\/gooddealersmeds.com\\\/sk\\\/product\\\/kupit-ketamin-prasok-online\\\/\",\"url\":\"https:\\\/\\\/gooddealersmeds.com\\\/sk\\\/product\\\/kupit-ketamin-prasok-online\\\/\",\"name\":\"K\u00fapte si ketam\u00ednov\u00fd pr\u00e1\u0161ok online \u2013 K\u00fapte si ketam\u00edn | Good Dealers Meds\",\"isPartOf\":{\"@id\":\"https:\\\/\\\/gooddealersmeds.com\\\/sk\\\/#website\"},\"primaryImageOfPage\":{\"@id\":\"https:\\\/\\\/gooddealersmeds.com\\\/sk\\\/product\\\/kupit-ketamin-prasok-online\\\/#primaryimage\"},\"image\":{\"@id\":\"https:\\\/\\\/gooddealersmeds.com\\\/sk\\\/product\\\/kupit-ketamin-prasok-online\\\/#primaryimage\"},\"thumbnailUrl\":\"https:\\\/\\\/gooddealersmeds.com\\\/sk\\\/wp-content\\\/uploads\\\/sites\\\/9\\\/2022\\\/07\\\/ketamine-powder.jpg\",\"datePublished\":\"2022-07-03T14:45:15+00:00\",\"dateModified\":\"2022-10-03T22:01:55+00:00\",\"description\":\"K\u00fapte si ketam\u00ednov\u00fd pr\u00e1\u0161ok online. Ketam\u00edn HCL na predaj \u2013 Objednajte si ketam\u00edn za prijate\u013en\u00fa cenu so zaru\u010denou spokojnos\u0165ou a r\u00fdchlym doru\u010den\u00edm.\",\"breadcrumb\":{\"@id\":\"https:\\\/\\\/gooddealersmeds.com\\\/sk\\\/product\\\/kupit-ketamin-prasok-online\\\/#breadcrumb\"},\"inLanguage\":\"en-US\",\"potentialAction\":[{\"@type\":\"ReadAction\",\"target\":[\"https:\\\/\\\/gooddealersmeds.com\\\/sk\\\/product\\\/kupit-ketamin-prasok-online\\\/\"]}]},{\"@type\":\"ImageObject\",\"inLanguage\":\"en-US\",\"@id\":\"https:\\\/\\\/gooddealersmeds.com\\\/sk\\\/product\\\/kupit-ketamin-prasok-online\\\/#primaryimage\",\"url\":\"https:\\\/\\\/gooddealersmeds.com\\\/sk\\\/wp-content\\\/uploads\\\/sites\\\/9\\\/2022\\\/07\\\/ketamine-powder.jpg\",\"contentUrl\":\"https:\\\/\\\/gooddealersmeds.com\\\/sk\\\/wp-content\\\/uploads\\\/sites\\\/9\\\/2022\\\/07\\\/ketamine-powder.jpg\",\"width\":600,\"height\":600,\"caption\":\"Buy Ketamine Powder Online\"},{\"@type\":\"BreadcrumbList\",\"@id\":\"https:\\\/\\\/gooddealersmeds.com\\\/sk\\\/product\\\/kupit-ketamin-prasok-online\\\/#breadcrumb\",\"itemListElement\":[{\"@type\":\"ListItem\",\"position\":1,\"name\":\"Home\",\"item\":\"https:\\\/\\\/gooddealersmeds.com\\\/sk\\\/\"},{\"@type\":\"ListItem\",\"position\":2,\"name\":\"Produkty\",\"item\":\"https:\\\/\\\/gooddealersmeds.com\\\/sk\\\/produkty\\\/\"},{\"@type\":\"ListItem\",\"position\":3,\"name\":\"K\u00fapte si ketam\u00ednov\u00fd pr\u00e1\u0161ok online\"}]},{\"@type\":\"WebSite\",\"@id\":\"https:\\\/\\\/gooddealersmeds.com\\\/sk\\\/#website\",\"url\":\"https:\\\/\\\/gooddealersmeds.com\\\/sk\\\/\",\"name\":\"Good Dealers Meds\",\"description\":\"All our best\",\"publisher\":{\"@id\":\"https:\\\/\\\/gooddealersmeds.com\\\/sk\\\/#organization\"},\"potentialAction\":[{\"@type\":\"SearchAction\",\"target\":{\"@type\":\"EntryPoint\",\"urlTemplate\":\"https:\\\/\\\/gooddealersmeds.com\\\/sk\\\/?s={search_term_string}\"},\"query-input\":{\"@type\":\"PropertyValueSpecification\",\"valueRequired\":true,\"valueName\":\"search_term_string\"}}],\"inLanguage\":\"en-US\"},{\"@type\":\"Organization\",\"@id\":\"https:\\\/\\\/gooddealersmeds.com\\\/sk\\\/#organization\",\"name\":\"Good Dealers Meds\",\"url\":\"https:\\\/\\\/gooddealersmeds.com\\\/sk\\\/\",\"logo\":{\"@type\":\"ImageObject\",\"inLanguage\":\"en-US\",\"@id\":\"https:\\\/\\\/gooddealersmeds.com\\\/sk\\\/#\\\/schema\\\/logo\\\/image\\\/\",\"url\":\"https:\\\/\\\/gooddealersmeds.com\\\/sk\\\/wp-content\\\/uploads\\\/sites\\\/9\\\/2022\\\/03\\\/gooddealersmeds__logo__20220317T222800Z.00.png\",\"contentUrl\":\"https:\\\/\\\/gooddealersmeds.com\\\/sk\\\/wp-content\\\/uploads\\\/sites\\\/9\\\/2022\\\/03\\\/gooddealersmeds__logo__20220317T222800Z.00.png\",\"width\":500,\"height\":325,\"caption\":\"Good Dealers Meds\"},\"image\":{\"@id\":\"https:\\\/\\\/gooddealersmeds.com\\\/sk\\\/#\\\/schema\\\/logo\\\/image\\\/\"}}]}<\/script>\n<!-- \/ Yoast SEO Premium plugin. -->","yoast_head_json":{"title":"K\u00fapte si ketam\u00ednov\u00fd pr\u00e1\u0161ok online \u2013 K\u00fapte si ketam\u00edn | Good Dealers Meds","description":"K\u00fapte si ketam\u00ednov\u00fd pr\u00e1\u0161ok online. Ketam\u00edn HCL na predaj \u2013 Objednajte si ketam\u00edn za prijate\u013en\u00fa cenu so zaru\u010denou spokojnos\u0165ou a r\u00fdchlym doru\u010den\u00edm.","robots":{"index":"index","follow":"follow","max-snippet":"max-snippet:-1","max-image-preview":"max-image-preview:large","max-video-preview":"max-video-preview:-1"},"canonical":"https:\/\/gooddealersmeds.com\/sk\/product\/kupit-ketamin-prasok-online\/","og_locale":"en_US","og_type":"article","og_title":"K\u00fapte si ketam\u00ednov\u00fd pr\u00e1\u0161ok online","og_description":"K\u00fapte si ketam\u00ednov\u00fd pr\u00e1\u0161ok online. Ketam\u00edn HCL na predaj \u2013 Objednajte si ketam\u00edn za prijate\u013en\u00fa cenu so zaru\u010denou spokojnos\u0165ou a r\u00fdchlym doru\u010den\u00edm.","og_url":"https:\/\/gooddealersmeds.com\/sk\/product\/kupit-ketamin-prasok-online\/","og_site_name":"Good Dealers Meds","article_modified_time":"2022-10-03T22:01:55+00:00","og_image":[{"width":600,"height":600,"url":"https:\/\/gooddealersmeds.com\/sk\/wp-content\/uploads\/sites\/9\/2022\/07\/ketamine-powder.jpg","type":"image\/jpeg"}],"twitter_card":"summary_large_image","twitter_misc":{"Est. reading time":"3 minutes"},"schema":{"@context":"https:\/\/schema.org","@graph":[{"@type":"WebPage","@id":"https:\/\/gooddealersmeds.com\/sk\/product\/kupit-ketamin-prasok-online\/","url":"https:\/\/gooddealersmeds.com\/sk\/product\/kupit-ketamin-prasok-online\/","name":"K\u00fapte si ketam\u00ednov\u00fd pr\u00e1\u0161ok online \u2013 K\u00fapte si ketam\u00edn | Good Dealers Meds","isPartOf":{"@id":"https:\/\/gooddealersmeds.com\/sk\/#website"},"primaryImageOfPage":{"@id":"https:\/\/gooddealersmeds.com\/sk\/product\/kupit-ketamin-prasok-online\/#primaryimage"},"image":{"@id":"https:\/\/gooddealersmeds.com\/sk\/product\/kupit-ketamin-prasok-online\/#primaryimage"},"thumbnailUrl":"https:\/\/gooddealersmeds.com\/sk\/wp-content\/uploads\/sites\/9\/2022\/07\/ketamine-powder.jpg","datePublished":"2022-07-03T14:45:15+00:00","dateModified":"2022-10-03T22:01:55+00:00","description":"K\u00fapte si ketam\u00ednov\u00fd pr\u00e1\u0161ok online. Ketam\u00edn HCL na predaj \u2013 Objednajte si ketam\u00edn za prijate\u013en\u00fa cenu so zaru\u010denou spokojnos\u0165ou a r\u00fdchlym doru\u010den\u00edm.","breadcrumb":{"@id":"https:\/\/gooddealersmeds.com\/sk\/product\/kupit-ketamin-prasok-online\/#breadcrumb"},"inLanguage":"en-US","potentialAction":[{"@type":"ReadAction","target":["https:\/\/gooddealersmeds.com\/sk\/product\/kupit-ketamin-prasok-online\/"]}]},{"@type":"ImageObject","inLanguage":"en-US","@id":"https:\/\/gooddealersmeds.com\/sk\/product\/kupit-ketamin-prasok-online\/#primaryimage","url":"https:\/\/gooddealersmeds.com\/sk\/wp-content\/uploads\/sites\/9\/2022\/07\/ketamine-powder.jpg","contentUrl":"https:\/\/gooddealersmeds.com\/sk\/wp-content\/uploads\/sites\/9\/2022\/07\/ketamine-powder.jpg","width":600,"height":600,"caption":"Buy Ketamine Powder Online"},{"@type":"BreadcrumbList","@id":"https:\/\/gooddealersmeds.com\/sk\/product\/kupit-ketamin-prasok-online\/#breadcrumb","itemListElement":[{"@type":"ListItem","position":1,"name":"Home","item":"https:\/\/gooddealersmeds.com\/sk\/"},{"@type":"ListItem","position":2,"name":"Produkty","item":"https:\/\/gooddealersmeds.com\/sk\/produkty\/"},{"@type":"ListItem","position":3,"name":"K\u00fapte si ketam\u00ednov\u00fd pr\u00e1\u0161ok online"}]},{"@type":"WebSite","@id":"https:\/\/gooddealersmeds.com\/sk\/#website","url":"https:\/\/gooddealersmeds.com\/sk\/","name":"Good Dealers Meds","description":"All our best","publisher":{"@id":"https:\/\/gooddealersmeds.com\/sk\/#organization"},"potentialAction":[{"@type":"SearchAction","target":{"@type":"EntryPoint","urlTemplate":"https:\/\/gooddealersmeds.com\/sk\/?s={search_term_string}"},"query-input":{"@type":"PropertyValueSpecification","valueRequired":true,"valueName":"search_term_string"}}],"inLanguage":"en-US"},{"@type":"Organization","@id":"https:\/\/gooddealersmeds.com\/sk\/#organization","name":"Good Dealers Meds","url":"https:\/\/gooddealersmeds.com\/sk\/","logo":{"@type":"ImageObject","inLanguage":"en-US","@id":"https:\/\/gooddealersmeds.com\/sk\/#\/schema\/logo\/image\/","url":"https:\/\/gooddealersmeds.com\/sk\/wp-content\/uploads\/sites\/9\/2022\/03\/gooddealersmeds__logo__20220317T222800Z.00.png","contentUrl":"https:\/\/gooddealersmeds.com\/sk\/wp-content\/uploads\/sites\/9\/2022\/03\/gooddealersmeds__logo__20220317T222800Z.00.png","width":500,"height":325,"caption":"Good Dealers Meds"},"image":{"@id":"https:\/\/gooddealersmeds.com\/sk\/#\/schema\/logo\/image\/"}}]}},"_links":{"self":[{"href":"https:\/\/gooddealersmeds.com\/sk\/wp-json\/wp\/v2\/product\/2001","targetHints":{"allow":["GET"]}}],"collection":[{"href":"https:\/\/gooddealersmeds.com\/sk\/wp-json\/wp\/v2\/product"}],"about":[{"href":"https:\/\/gooddealersmeds.com\/sk\/wp-json\/wp\/v2\/types\/product"}],"replies":[{"embeddable":true,"href":"https:\/\/gooddealersmeds.com\/sk\/wp-json\/wp\/v2\/comments?post=2001"}],"wp:featuredmedia":[{"embeddable":true,"href":"https:\/\/gooddealersmeds.com\/sk\/wp-json\/wp\/v2\/media\/2008"}],"wp:attachment":[{"href":"https:\/\/gooddealersmeds.com\/sk\/wp-json\/wp\/v2\/media?parent=2001"}],"wp:term":[{"taxonomy":"product_brand","embeddable":true,"href":"https:\/\/gooddealersmeds.com\/sk\/wp-json\/wp\/v2\/product_brand?post=2001"},{"taxonomy":"product_cat","embeddable":true,"href":"https:\/\/gooddealersmeds.com\/sk\/wp-json\/wp\/v2\/product_cat?post=2001"},{"taxonomy":"product_tag","embeddable":true,"href":"https:\/\/gooddealersmeds.com\/sk\/wp-json\/wp\/v2\/product_tag?post=2001"}],"curies":[{"name":"wp","href":"https:\/\/api.w.org\/{rel}","templated":true}]}}