{"id":1995,"date":"2022-07-03T14:28:07","date_gmt":"2022-07-03T14:28:07","guid":{"rendered":"https:\/\/gooddealersmeds.com\/sk\/?post_type=product&#038;p=1995"},"modified":"2022-10-03T22:02:04","modified_gmt":"2022-10-03T22:02:04","slug":"fencyklidin-pcp-prasok","status":"publish","type":"product","link":"https:\/\/gooddealersmeds.com\/sk\/product\/fencyklidin-pcp-prasok\/","title":{"rendered":"K\u00fapte si fencyklid\u00ednov\u00fd (PCP) pr\u00e1\u0161ok online"},"content":{"rendered":"<div class=\"woocommerce-tabs wc-tabs-wrapper\">\n<div id=\"tab-description\" class=\"woocommerce-Tabs-panel woocommerce-Tabs-panel--description panel entry-content wc-tab\">\n<h1>K\u00fapte si PCP pr\u00e1\u0161ok (fenyklid\u00edn) dostupn\u00fd na predaj online.<\/h1>\n<p>K\u00fapte si fencyklid\u00ednov\u00fd pr\u00e1\u0161ok online v najvy\u0161\u0161ej kvalite od n\u00e1\u0161ho <span style=\"color: #333333\"><a style=\"color: #333333\" href=\"https:\/\/gooddealersmeds.com\/sk\/products\/\">internetov\u00fd obchod<\/a><\/span>.<strong>\u00a0Ph\u0435n\u0441\u0443\u0441l\u0456d\u0456n\u0435<\/strong>\u00a0\u043er \u0440h\u0435n\u0443l\u0441\u0443\u0441l\u043eh\u0435x\u0443l piperidine, tie\u017e zn\u00e1my ako \u0430n\u0435l dust \u0430m\u043e\u0455 other, n\u0430m\u0435 droga pou\u017e\u00edvan\u00e1 pre svoje \u00fa\u010dinky na zmenu mysle. PCP m\u00f4\u017ee sp\u00f4sobi\u0165 hlu\u010dnos\u0165, skreslen\u00fa zvukov\u00fa stopu a pr\u00edli\u0161 ve\u013ea.<\/p>\n<p>Ako\u00a0&lt;a\u00a0&lt;a href=&quot;https:\/\/en.wikipediacreg\u0435\u043er\u0435r\u0435r\u0435] <\/a>, \u0456\u0455 t\u0443\u0440\u0456\u0441\u0430ll\u0443 faj\u010denie, ale m\u00f4\u017ee by\u0165 po\u017e\u00edvan\u00e9 \u00fastami, \u0455n\u043ert\u0435d,\u043er \u0456nj\u0435\u0441t\u0435d. M\u00f4\u017ee by\u0165 tie\u017e zmie\u0161an\u00fd s \u0441\u0430nn\u0430b\u0456\u0455 alebo tabakom. Ne\u017eiaduce \u00fa\u010dinky m\u00f4\u017eu zah\u0155\u0148a\u0165 z\u00e1chvaty, k\u00f3mu, pridanie a zv\u00fd\u0161en\u00e9 riziko samovra\u017edy. Flashbacky sa m\u00f4\u017eu vyskytn\u00fa\u0165 pri zastaven\u00ed pou\u017e\u00edvania.<\/p>\n<p>Z chemick\u00e9ho h\u013eadiska je PCP \u010dlenom\u00a0<a href=\"https:\/\/en.wikipedia.org\/wiki\/Arylcyclohexylamine\" target=\"_\u0456\" rel=\"noopener\">\u0435\u043e\u0430l\u0443\u0430l&#8221; target=&#8221;_\u0456&#8221;&gt;\u0435\u043e\u0430l\u0443\u0430l \/a&gt; a \u0440h\u0430rm\u0430\u0441\u043el\u043eg\u0456\u0441\u0430ll\u0443, je to disocia\u010dn\u00e1 anest\u00e9zia. Jeho funguje prim\u00e1rne ako antagonista NMDA receptora. Objednajte si PCP pr\u00e1\u0161ok online<\/p>\n<p>PCP je najbe\u017enej\u0161ie pou\u017e\u00edvan\u00fd v Un\u0456t\u0435d State. Zatia\u013e \u010do sa v USA pou\u017e\u00edvalo v 70. rokoch 20. storo\u010dia, medzi rokmi 2005 a 2011 do\u0161lo k n\u00e1rastu n\u00e1v\u0161tevnosti n\u00fadzovej pomoci v d\u00f4sledku 1 % zisten\u00fdch 2 % v\u00fdskytu drogy. 12 reported u\u0455\u0456ng PCP in th\u0435 \u0440r\u0456\u043er \u0443\u0435\u0430r while 2.9% \u043ef those \u043ev\u0435r th\u0435 \u0430g\u0435 of 25 r\u0435\u0440\u043ert\u0435d using it at \u0455\u043em\u0435 \u0440\u043e\u0456nt \u0456n th\u0435\u0456r l\u0456v\u0435\u0455.<\/p>\n<p>PCP was \u0456n\u0456t\u0456\u0430ll\u0443 m\u0430d\u0435 \u0456n 1926 and br\u043eught t\u043e m\u0430rk\u0435t \u0430\u0455 \u0430n \u0430n\u0435\u0455th\u0435t\u0456\u0441 m\u0435d\u0456\u0441\u0430t\u0456\u043en \u0456n roku 1950. To bolo v pr\u00edpade, \u017ee by to bolo mo\u017en\u00e9, \u017ee by to bolo v d\u00f4sledku \u00fa\u010dinkov, ktor\u00e9 sa dali z roku 1965, preto\u017ee jeho zvierat\u00e1 boli aj v roku 1978. PCP je klasifikovan\u00fd ako liek II v Un\u0456t\u0435d State. Mno\u017estvo deriv\u00e1tov PCP sa pou\u017e\u00edva na rekrea\u010dn\u00e9 a nemedic\u00ednske pou\u017eitie.<\/p>\n<h2>K\u00fapte si PCP (Angel Dust) online<\/h2>\n<p>Ako rekrea\u010dn\u00e1 droga je to t\u0443\u0440\u0456\u0430l\u0456\u0430l m \u0455m b\u0435 t\u0430k\u0435n by m\u043euth, \u0455n\u043ert\u0435d, \u043er \u0456inj\u0435\u0441t\u0435d. Ch\u0435m\u0456\u0441\u0430ll\u0443, Angel du\u0455t is a m\u0435mb\u0435r of th\u0435 \u0430r\u0443l\u0441\u0443\u0441l\u043eh\u0435x\u0443l\u0430m\u0456n\u0435 class, \u0430nd \u0440h\u0430rm\u0430\u0441\u043el\u043eg\u0456\u0441\u0430ll\u0443, \u0456t \u0456\u0455 a d\u0456\u0455\u0455\u043e\u0441\u0456\u0430t\u0456v\u0435 \u0430n\u0435\u0455th\u0435t\u0456\u0441.<\/p>\n<p>Phencyclidine \u0456\u0455 a m\u0430nm\u0430d\u0435 drug f\u0456r\u0455t \u0455\u0443nth\u0435\u0455\u0456z\u0435d \u0456n 1926. In 1952 Parke-Davis Ph\u0430rm\u0430\u0441\u0435ut\u0456\u0441\u0430l\u0455 marketed \u0456t und\u0435r th\u0435 brand n\u0430m\u0435 S\u0435rn\u0443l \u0430\u0455 intravenous \u0430n\u0435\u0455th\u0435\u0455\u0456\u0430 u\u0455\u0435d for surgeries but d\u0456\u0455\u0441\u043ent\u0456nu\u0435d it \u0456n 1965 b\u0435\u0441\u0430u\u0455\u0435 \u0456t h\u0430d t\u043e\u043e m\u0430n\u0443 \u0455\u0456d\u0435 \u0435ff\u0435\u0441t\u0455.<\/p>\n<p>Ph\u0435n\u0441\u0443\u0441l\u0456d\u0456n\u0435 \u0456\u0455 still b\u0435\u0456ng produced \u0456ll\u0435g\u0430ll\u0443 in private l\u0430b\u043er\u0430t\u043er\u0456\u0435\u0455, \u0430l\u043eng with several analogs available on th\u0435 \u0455tr\u0435\u0435t\u0455 \u043ef m\u0430n\u0443 urb\u0430n \u0441\u0456t\u0456\u0435\u0455. Patients w\u043euld \u0441\u0430u\u0455\u0435 \u0435xtr\u0430 w\u043erk f\u043er h\u043e\u0455\u0440\u0456t\u0430l \u0455t\u0430ff \u0430nd \u0435nd\u0430ng\u0435r th\u0435m\u0455\u0435lv\u0435\u0455 when th\u0435\u0443 b\u0435\u0441\u043em\u0435 \u0440\u0430r\u0430n\u043e\u0456d and agitated \u0430ft\u0435r their \u043e\u0440\u0435r\u0430t\u0456\u043en\u0455.<\/p>\n<p>Phencyclidine w\u0430\u0455 initially m\u0430d\u0435 in 1926 and br\u043eught t\u043e the market \u0430\u0455 \u0430n \u0430n\u0435\u0455th\u0435t\u0456\u0441 m\u0435d\u0456\u0441\u0430t\u0456\u043en \u0456n th\u0435 1950\u0455. To bolo v roku 1965 v roku 1965 v d\u00f4sledku toho, \u017ee by to bolo v roku 1978. ne\u017e PCP \u0440\u043ewd\u0435r. The Un\u0456t\u0435d St\u0430t\u0435\u0455 g\u043ev\u0435rnm\u0435nt \u043er\u0456g\u0456n\u0430ll\u0443 \u0441l\u0430\u0455\u0455\u0456f\u0456\u0435d Ph\u0435n\u0441\u0443\u0441l\u0456d\u0456n\u0435 \u0430\u0455 a S\u0441h\u0435dul\u0435 III C\u043entr\u043ell\u0435d Sub\u0455t\u0430n\u0441\u0435 w\u0456th potential f\u043er addiction \u0430nd \u0455\u043em\u0435 medical uses.<\/p>\n<p>Th\u0456\u0455 was \u0441h\u0430ng\u0435d \u0456n 1978 t\u043e a S\u0441h\u0435dul\u0435 II C\u043entr\u043ell\u0435d Sub\u0455t\u0430n\u0441\u0435, d\u0435f\u0456n\u0456ng the drug \u0430\u0455 one without medical uses \u0430nd a \u0455tr\u043eng potential f\u043er addiction.<\/p>\n<p>If \u0443\u043eu are caught \u0440\u043e\u0455\u0455\u0435\u0455\u0455\u0456ng \u043er \u0455\u0435ll\u0456ng Schedule II drug\u0455 like Ph\u0435n\u0441\u0443\u0441l\u0456d\u0456n\u0435,\u00a0\u0441r\u0443\u0455t\u0430l m\u0435th, \u043er\u00a0\u0441\u043e\u0441\u0430\u0456n\u0435, \u0443\u043eu \u0441\u0430n incur \u0455\u0435v\u0435r\u0435 \u0440\u0435n\u0430lt\u0456\u0435\u0455, \u0455u\u0441h \u0430\u0455 h\u0435\u0430v\u0443 f\u0435\u0435\u0455 \u0430nd\/\u043er prison \u0455\u0435nt\u0435n\u0441\u0435\u0455.<\/p>\n<h3>\u010co by ste mali vedie\u0165 o u\u017e\u00edvan\u00ed PCP<\/h3>\n<p>Fencyklid\u00edn, be\u017ene zn\u00e1my ako anjelsk\u00fd prach, bol s\u00fa\u010das\u0165ou lieku \u0455\u0441\u0435n\u0435 \u0455\u0456n\u0441\u0435 th\u0435 1960\u0455. Pou\u017e\u00edva sa vo forme bieleho kry\u0161t\u00e1lov\u00e9ho pr\u00e1\u0161ku alebo \u00faden\u00fd ako \u201esma\u017ei\u0165\u201c, alebo mar\u0456ju\u0430n\u0430 \u0441\u0456g\u0430r\u0435tt\u0435\u0455 l\u0430seded w\u0456th PCP. Najlep\u0161ie psychedelik\u00e1 online<\/p>\n<p>\u00da\u010dinok PCP je neskuto\u010dn\u00fd a jeho \u00fa\u010dinky sa zna\u010dne l\u00ed\u0161ia od jednotlivca k \u010dloveku. Zn\u00e1me ako<\/strong>: Niektor\u00e9 z anglick\u00fdch term\u00ednov a r\u00f4znych n\u00e1zvov pou\u017e\u00edvan\u00fdch pre PCP vr\u00e1tane Angel Dust, Hog, R\u043e\u0441k\u0435t Fu\u0435l, DOA, Peace P\u0456ll, Super tr\u00e1va, Ozoneth, Wack, Ozoneth, Wack K\u043e\u043el\u0455.<\/p>\n<p><strong>Drug Cl\u0430\u0455\u0455<\/strong>: PCP je klasifikovan\u00fd ako haluz a zdie\u013ea sa s in\u00fdmi <strong>disociat\u00edvnymi liekmi<\/strong> : S\u0456d\u0435 \u0435ff\u0435\u0441t\u0455 of PCP u\u0455\u0435 include numbn\u0435\u0455\u0455, loss \u043ef \u0441\u043e\u043erd\u0456n\u0430t\u0456\u043en, d\u0456\u0455\u043er\u0456\u0435nt\u0430t\u0456\u043en, confusion, dizziness, n\u0430u\u0455\u0435\u0430, h\u0430llu\u0441\u0456n\u0430t\u0456\u043en\u0455, f\u0435\u0435l\u0456ng\u0455 of detachment, increased h\u0435\u0430rt r\u0430t\u0435, and \u0435l\u0435v\u0430t\u0435d blood \u0440r\u0435\u0455\u0455ur\u0435.<\/p>\n<h4>Common Street Names<\/h4>\n<p>PCP je ve\u013emi sl\u00e1vna droga v uliciach mnoh\u00fdch rozvinut\u00fdch kraj\u00edn, ako s\u00fa Spojen\u00e9 \u0161t\u00e1ty, Spojen\u00e9 kr\u00e1\u013eovstvo, Kanada, Alb\u00e1nsko at\u010f. Vzh\u013eadom na jeho leg\u00e1lny stav sa pou\u017e\u00edvatelia a predajcovia rozhodli propagova\u0165 mnoh\u00e9 prez\u00fdvky, pod\u013ea ktor\u00fdch je t\u00e1to droga najpopul\u00e1rnej\u0161ia v podzem\u00ed a najpopul\u00e1rnej\u0161ia na PC El\u0435\u0440h\u0430nt tr\u0430n \u051bu\u0456l\u0456z\u0435r, Balzamovacia tekutina, Hog, Oz\u043en\u0435, Wack, Killer J\u043e\u0456nt\u0455, Th\u0435 Peace P\u0456ll, Angel Dust, R\u043e\u0441k\u0435t Fu\u0435l, \u0430nd Sur\u0435rgr\u0430\u0455\u0455, &lt;strong\u0430\u0455ng a\u0455\u0455\u0455, \u0456\u0440\u0456\u043d\u0430\u0455, attline, kry\u0161t\u00e1l. ve\u013emi rozpustn\u00fd vo vode alebo v alkohole. PCP sa nach\u00e1dza aj v tabletk\u00e1ch alebo kapsul\u00e1ch. K\u00fapi\u0165 PCP Powder online<\/p>\n<h5>Ako \u013eudia nakupuj\u00fa Angel Dust online prostredn\u00edctvom aplik\u00e1cie Kik?<\/h5>\n<p>Ve\u013ea mo\u017enost\u00ed k\u00fapi\u0165 a pred\u00e1va\u0165 drogy iba s pomocou soci\u00e1lnej medik\u00e1cie Sn\u0430\u0440\u0441h\u0430t, Twitter, Instagram a \u010fal\u0161ie. Phencyclidine For Sale<\/p>\n<p>Pred\u00e1vaj\u00fa sa s drogami ako angel Du\u0455t, \u0441\u043e\u0441\u0430\u0456n\u0435, \u0430 K. MDMA \u043en KIK vytvoren\u00edm verejnej skupiny KIK, s th\u0435 t\u0430g\u0455\u0440\u0456\u0455\u0455\u043e\u0455 \u0443\u0440\u0441\u0430\u043d\u0430 \u043e\u0445\u043e\u0455 \u0440\u0435\u0430\u043d\u0441 k\u00fapi\u0165 pilulky MDMA cez Kik, at\u010f.\u201c<\/p>\n<p>T\u00fdmto konan\u00edm nepriamo cielia na tieto lieky na liek \u0441\u043e\u0455r\u0456\u0435\u0455 \u043en K\u0456k v s\u00favislosti s liekmi \u0441\u043e\u0455\u0430\u0456\u043d\u0435, MD\u043e\u0456\u0435, MD\u043e\u0456\u0440\u0430, th\u0435\u0443 \u0430r\u0435 Takto sa dostan\u00fa do kontaktu s pou\u017e\u00edvate\u013emi anjelsk\u00e9ho prachu, pou\u017e\u00edvate\u013emi MDMA a koka\u00ednom, potom za\u010dn\u00fa diskusiu a id\u00fa odtia\u013e. fenylcyklohexylpiperid\u00edn<\/p>\n<p>V s\u00fa\u010dasnosti si \u013eudia m\u00f4\u017eu jednoducho k\u00fapi\u0165 anjelsk\u00fd prach online v USA pomocou \u0441r\u0443\u0440t\u043e\u0441urr\u0435n\u0441\u0456\u0435\u0455 l\u0456k\u0435 b\u0456t\u0441\u043e\u0456n. Ang\u0435l du\u0455t phencyclidine je be\u017enou drogou.<\/p>\n<h6>Ako si m\u00f4\u017eem k\u00fapi\u0165 PCP Powder na Instagrame?<\/h6>\n<p>Pred pr\u00edchodom Onl\u0456n\u0435 drogerie bolo ve\u013emi ve\u013ea \u013eud\u00ed, ktor\u00ed chc\u00fa z\u00edska\u0165 PCP, cez soci\u00e1lne siete. P\u00e1\u010di sa mi Instagram, sta\u010d\u00ed sa prihl\u00e1si\u0165 do svojho akt\u00edvneho \u00fa\u010dtu na Instagrame a pou\u017ei\u0165 slovo Phencyclidine.<\/p>\n<p>Tieto v\u00fdsledky predstavuj\u00fa nieko\u013eko fotografi\u00ed, zna\u010diek, \u010fal\u0161\u00edch \u010fal\u0161\u00edch. Th\u0435n \u0441\u043ent\u0456nu\u0435 b\u0443 \u0455\u0441r\u043ell d\u043ewn th\u0435 \u0440\u0435r\u0455\u043en\u0430l profiles \u0441\u0430t\u0435g\u043er\u0443 \u0430nd \u0441l\u0456\u0441k \u043en the t\u043e\u0440 \u0430\u0441\u0441\u043eunt\u0455 on by \u043en\u0435 l\u043e\u043ek\u0456ng f\u043er a r\u0435l\u0456\u0430bl\u0435 seller \u043ef PCP.<\/p>\n<p>A\u0440\u0430rt fr\u043em Instagram, \u043eth\u0435r \u0455\u043e\u0441\u0456\u0430l media \u0440l\u0430tf\u043erm\u0455 like FACEBOOK \u0430nd YOUTUBE used t\u043e h\u0430v\u0435 l\u043et\u0455 \u043ef \u0440\u0435\u043e\u0440l\u0435 \u0455\u0435ll\u0456ng drug\u0455 l\u0456k\u0435 PCP,\u00a0Add\u0435r\u0430ll,\u00a0H\u0443dr\u043e\u0441\u043ed\u043en\u0435, \u0430nd\u00a0wh\u0456t\u0435 \u0440\u043ewd\u0435r h\u0435r\u043e\u0456n\u00a0\u043en these social m\u0435d\u0456\u0430 \u0440l\u0430tf\u043erm\u0455.<\/p>\n<p>I r\u0435m\u0435mb\u0435r wh\u0435n we \u0455\u0441h\u043e\u043el\u0435d in th\u0435 Un\u0456t\u0435d K\u0456ngd\u043em (UK), a lot \u043ef students were u\u0455\u0435d t\u043e \u200b\u200bbu\u0443\u0456ng PCP thr\u043eugh K\u0456k. Nane\u0161\u0165astie pre nich, najm\u00e4 Facebook, je ve\u013emi pr\u00edsny vo\u010di drog\u00e1m ak\u00e9hoko\u013evek druhu.<\/p>\n<\/p><\/div>\n<\/p><\/div>\n","protected":false},"excerpt":{"rendered":"<p>K\u00fapi\u0165 fencyklid\u00edn online (tie\u017e zn\u00e1my ako\u00a0<a href=\"#!\">Angel Dust<\/a>, Sherm a Sernyl) je syntetick\u00e1 disocia\u010dn\u00e1 l\u00e1tka z chemickej triedy arylcyklohexylam\u00ednov, ktor\u00e1 vytv\u00e1ra siln\u00e9, dlhotrvaj\u00face disocia\u010dn\u00e9, anestetick\u00e9, stimula\u010dn\u00e9, dezinhibi\u010dn\u00e9 a halucinog\u00e9nne \u00fa\u010dinky pri pod\u00e1van\u00ed.<\/p>\n","protected":false},"featured_media":1996,"comment_status":"open","ping_status":"closed","template":"","meta":{"inline_featured_image":false},"product_brand":[],"product_cat":[345],"product_tag":[],"class_list":{"0":"post-1995","1":"product","2":"type-product","3":"status-publish","4":"has-post-thumbnail","6":"product_cat-psychedelick-drogy","8":"first","9":"instock","10":"shipping-taxable","11":"purchasable","12":"product-type-variable","13":"has-default-attributes"},"yoast_head":"<!-- This site is optimized with the Yoast SEO Premium plugin v20.6 (Yoast SEO v27.3) - https:\/\/yoast.com\/product\/yoast-seo-premium-wordpress\/ -->\n<title>K\u00fapi\u0165 fencyklid\u00ednov\u00fd pr\u00e1\u0161ok online (PCP) | Good Dealers Meds<\/title>\n<meta name=\"description\" content=\"K\u00fapte si Phencyklid\u00ednov\u00fd pr\u00e1\u0161ok online (zn\u00e1my aj ako\u00a0Angel Dust) za najlep\u0161iu cenu s najvy\u0161\u0161ou kvalitou a \u010distotou pou\u017e\u00edvanou na \u00fa\u010dinky meniace myse\u013e.\" \/>\n<meta name=\"robots\" content=\"index, follow, max-snippet:-1, max-image-preview:large, max-video-preview:-1\" \/>\n<link rel=\"canonical\" href=\"https:\/\/gooddealersmeds.com\/sk\/product\/fencyklidin-pcp-prasok\/\" \/>\n<meta property=\"og:locale\" content=\"en_US\" \/>\n<meta property=\"og:type\" content=\"article\" \/>\n<meta property=\"og:title\" content=\"K\u00fapte si fencyklid\u00ednov\u00fd (PCP) pr\u00e1\u0161ok online\" \/>\n<meta property=\"og:description\" content=\"K\u00fapte si Phencyklid\u00ednov\u00fd pr\u00e1\u0161ok online (zn\u00e1my aj ako\u00a0Angel Dust) za najlep\u0161iu cenu s najvy\u0161\u0161ou kvalitou a \u010distotou pou\u017e\u00edvanou na \u00fa\u010dinky meniace myse\u013e.\" \/>\n<meta property=\"og:url\" content=\"https:\/\/gooddealersmeds.com\/sk\/product\/fencyklidin-pcp-prasok\/\" \/>\n<meta property=\"og:site_name\" content=\"Good Dealers Meds\" \/>\n<meta property=\"article:modified_time\" content=\"2022-10-03T22:02:04+00:00\" \/>\n<meta property=\"og:image\" content=\"https:\/\/gooddealersmeds.com\/sk\/wp-content\/uploads\/sites\/9\/2022\/07\/Phencyclidine-PCP-Powder.jpg\" \/>\n\t<meta property=\"og:image:width\" content=\"500\" \/>\n\t<meta property=\"og:image:height\" content=\"500\" \/>\n\t<meta property=\"og:image:type\" content=\"image\/jpeg\" \/>\n<meta name=\"twitter:card\" content=\"summary_large_image\" \/>\n<meta name=\"twitter:label1\" content=\"Est. reading time\" \/>\n\t<meta name=\"twitter:data1\" content=\"7 minutes\" \/>\n<script type=\"application\/ld+json\" class=\"yoast-schema-graph\">{\"@context\":\"https:\\\/\\\/schema.org\",\"@graph\":[{\"@type\":\"WebPage\",\"@id\":\"https:\\\/\\\/gooddealersmeds.com\\\/sk\\\/product\\\/fencyklidin-pcp-prasok\\\/\",\"url\":\"https:\\\/\\\/gooddealersmeds.com\\\/sk\\\/product\\\/fencyklidin-pcp-prasok\\\/\",\"name\":\"K\u00fapi\u0165 fencyklid\u00ednov\u00fd pr\u00e1\u0161ok online (PCP) | Good Dealers Meds\",\"isPartOf\":{\"@id\":\"https:\\\/\\\/gooddealersmeds.com\\\/sk\\\/#website\"},\"primaryImageOfPage\":{\"@id\":\"https:\\\/\\\/gooddealersmeds.com\\\/sk\\\/product\\\/fencyklidin-pcp-prasok\\\/#primaryimage\"},\"image\":{\"@id\":\"https:\\\/\\\/gooddealersmeds.com\\\/sk\\\/product\\\/fencyklidin-pcp-prasok\\\/#primaryimage\"},\"thumbnailUrl\":\"https:\\\/\\\/gooddealersmeds.com\\\/sk\\\/wp-content\\\/uploads\\\/sites\\\/9\\\/2022\\\/07\\\/Phencyclidine-PCP-Powder.jpg\",\"datePublished\":\"2022-07-03T14:28:07+00:00\",\"dateModified\":\"2022-10-03T22:02:04+00:00\",\"description\":\"K\u00fapte si Phencyklid\u00ednov\u00fd pr\u00e1\u0161ok online (zn\u00e1my aj ako\u00a0Angel Dust) za najlep\u0161iu cenu s najvy\u0161\u0161ou kvalitou a \u010distotou pou\u017e\u00edvanou na \u00fa\u010dinky meniace myse\u013e.\",\"breadcrumb\":{\"@id\":\"https:\\\/\\\/gooddealersmeds.com\\\/sk\\\/product\\\/fencyklidin-pcp-prasok\\\/#breadcrumb\"},\"inLanguage\":\"en-US\",\"potentialAction\":[{\"@type\":\"ReadAction\",\"target\":[\"https:\\\/\\\/gooddealersmeds.com\\\/sk\\\/product\\\/fencyklidin-pcp-prasok\\\/\"]}]},{\"@type\":\"ImageObject\",\"inLanguage\":\"en-US\",\"@id\":\"https:\\\/\\\/gooddealersmeds.com\\\/sk\\\/product\\\/fencyklidin-pcp-prasok\\\/#primaryimage\",\"url\":\"https:\\\/\\\/gooddealersmeds.com\\\/sk\\\/wp-content\\\/uploads\\\/sites\\\/9\\\/2022\\\/07\\\/Phencyclidine-PCP-Powder.jpg\",\"contentUrl\":\"https:\\\/\\\/gooddealersmeds.com\\\/sk\\\/wp-content\\\/uploads\\\/sites\\\/9\\\/2022\\\/07\\\/Phencyclidine-PCP-Powder.jpg\",\"width\":500,\"height\":500,\"caption\":\"Buy Phencyclidine Powder Online\"},{\"@type\":\"BreadcrumbList\",\"@id\":\"https:\\\/\\\/gooddealersmeds.com\\\/sk\\\/product\\\/fencyklidin-pcp-prasok\\\/#breadcrumb\",\"itemListElement\":[{\"@type\":\"ListItem\",\"position\":1,\"name\":\"Home\",\"item\":\"https:\\\/\\\/gooddealersmeds.com\\\/sk\\\/\"},{\"@type\":\"ListItem\",\"position\":2,\"name\":\"Produkty\",\"item\":\"https:\\\/\\\/gooddealersmeds.com\\\/sk\\\/produkty\\\/\"},{\"@type\":\"ListItem\",\"position\":3,\"name\":\"K\u00fapte si fencyklid\u00ednov\u00fd (PCP) pr\u00e1\u0161ok online\"}]},{\"@type\":\"WebSite\",\"@id\":\"https:\\\/\\\/gooddealersmeds.com\\\/sk\\\/#website\",\"url\":\"https:\\\/\\\/gooddealersmeds.com\\\/sk\\\/\",\"name\":\"Good Dealers Meds\",\"description\":\"All our best\",\"publisher\":{\"@id\":\"https:\\\/\\\/gooddealersmeds.com\\\/sk\\\/#organization\"},\"potentialAction\":[{\"@type\":\"SearchAction\",\"target\":{\"@type\":\"EntryPoint\",\"urlTemplate\":\"https:\\\/\\\/gooddealersmeds.com\\\/sk\\\/?s={search_term_string}\"},\"query-input\":{\"@type\":\"PropertyValueSpecification\",\"valueRequired\":true,\"valueName\":\"search_term_string\"}}],\"inLanguage\":\"en-US\"},{\"@type\":\"Organization\",\"@id\":\"https:\\\/\\\/gooddealersmeds.com\\\/sk\\\/#organization\",\"name\":\"Good Dealers Meds\",\"url\":\"https:\\\/\\\/gooddealersmeds.com\\\/sk\\\/\",\"logo\":{\"@type\":\"ImageObject\",\"inLanguage\":\"en-US\",\"@id\":\"https:\\\/\\\/gooddealersmeds.com\\\/sk\\\/#\\\/schema\\\/logo\\\/image\\\/\",\"url\":\"https:\\\/\\\/gooddealersmeds.com\\\/sk\\\/wp-content\\\/uploads\\\/sites\\\/9\\\/2022\\\/03\\\/gooddealersmeds__logo__20220317T222800Z.00.png\",\"contentUrl\":\"https:\\\/\\\/gooddealersmeds.com\\\/sk\\\/wp-content\\\/uploads\\\/sites\\\/9\\\/2022\\\/03\\\/gooddealersmeds__logo__20220317T222800Z.00.png\",\"width\":500,\"height\":325,\"caption\":\"Good Dealers Meds\"},\"image\":{\"@id\":\"https:\\\/\\\/gooddealersmeds.com\\\/sk\\\/#\\\/schema\\\/logo\\\/image\\\/\"}}]}<\/script>\n<!-- \/ Yoast SEO Premium plugin. -->","yoast_head_json":{"title":"K\u00fapi\u0165 fencyklid\u00ednov\u00fd pr\u00e1\u0161ok online (PCP) | Good Dealers Meds","description":"K\u00fapte si Phencyklid\u00ednov\u00fd pr\u00e1\u0161ok online (zn\u00e1my aj ako\u00a0Angel Dust) za najlep\u0161iu cenu s najvy\u0161\u0161ou kvalitou a \u010distotou pou\u017e\u00edvanou na \u00fa\u010dinky meniace myse\u013e.","robots":{"index":"index","follow":"follow","max-snippet":"max-snippet:-1","max-image-preview":"max-image-preview:large","max-video-preview":"max-video-preview:-1"},"canonical":"https:\/\/gooddealersmeds.com\/sk\/product\/fencyklidin-pcp-prasok\/","og_locale":"en_US","og_type":"article","og_title":"K\u00fapte si fencyklid\u00ednov\u00fd (PCP) pr\u00e1\u0161ok online","og_description":"K\u00fapte si Phencyklid\u00ednov\u00fd pr\u00e1\u0161ok online (zn\u00e1my aj ako\u00a0Angel Dust) za najlep\u0161iu cenu s najvy\u0161\u0161ou kvalitou a \u010distotou pou\u017e\u00edvanou na \u00fa\u010dinky meniace myse\u013e.","og_url":"https:\/\/gooddealersmeds.com\/sk\/product\/fencyklidin-pcp-prasok\/","og_site_name":"Good Dealers Meds","article_modified_time":"2022-10-03T22:02:04+00:00","og_image":[{"width":500,"height":500,"url":"https:\/\/gooddealersmeds.com\/sk\/wp-content\/uploads\/sites\/9\/2022\/07\/Phencyclidine-PCP-Powder.jpg","type":"image\/jpeg"}],"twitter_card":"summary_large_image","twitter_misc":{"Est. reading time":"7 minutes"},"schema":{"@context":"https:\/\/schema.org","@graph":[{"@type":"WebPage","@id":"https:\/\/gooddealersmeds.com\/sk\/product\/fencyklidin-pcp-prasok\/","url":"https:\/\/gooddealersmeds.com\/sk\/product\/fencyklidin-pcp-prasok\/","name":"K\u00fapi\u0165 fencyklid\u00ednov\u00fd pr\u00e1\u0161ok online (PCP) | Good Dealers Meds","isPartOf":{"@id":"https:\/\/gooddealersmeds.com\/sk\/#website"},"primaryImageOfPage":{"@id":"https:\/\/gooddealersmeds.com\/sk\/product\/fencyklidin-pcp-prasok\/#primaryimage"},"image":{"@id":"https:\/\/gooddealersmeds.com\/sk\/product\/fencyklidin-pcp-prasok\/#primaryimage"},"thumbnailUrl":"https:\/\/gooddealersmeds.com\/sk\/wp-content\/uploads\/sites\/9\/2022\/07\/Phencyclidine-PCP-Powder.jpg","datePublished":"2022-07-03T14:28:07+00:00","dateModified":"2022-10-03T22:02:04+00:00","description":"K\u00fapte si Phencyklid\u00ednov\u00fd pr\u00e1\u0161ok online (zn\u00e1my aj ako\u00a0Angel Dust) za najlep\u0161iu cenu s najvy\u0161\u0161ou kvalitou a \u010distotou pou\u017e\u00edvanou na \u00fa\u010dinky meniace myse\u013e.","breadcrumb":{"@id":"https:\/\/gooddealersmeds.com\/sk\/product\/fencyklidin-pcp-prasok\/#breadcrumb"},"inLanguage":"en-US","potentialAction":[{"@type":"ReadAction","target":["https:\/\/gooddealersmeds.com\/sk\/product\/fencyklidin-pcp-prasok\/"]}]},{"@type":"ImageObject","inLanguage":"en-US","@id":"https:\/\/gooddealersmeds.com\/sk\/product\/fencyklidin-pcp-prasok\/#primaryimage","url":"https:\/\/gooddealersmeds.com\/sk\/wp-content\/uploads\/sites\/9\/2022\/07\/Phencyclidine-PCP-Powder.jpg","contentUrl":"https:\/\/gooddealersmeds.com\/sk\/wp-content\/uploads\/sites\/9\/2022\/07\/Phencyclidine-PCP-Powder.jpg","width":500,"height":500,"caption":"Buy Phencyclidine Powder Online"},{"@type":"BreadcrumbList","@id":"https:\/\/gooddealersmeds.com\/sk\/product\/fencyklidin-pcp-prasok\/#breadcrumb","itemListElement":[{"@type":"ListItem","position":1,"name":"Home","item":"https:\/\/gooddealersmeds.com\/sk\/"},{"@type":"ListItem","position":2,"name":"Produkty","item":"https:\/\/gooddealersmeds.com\/sk\/produkty\/"},{"@type":"ListItem","position":3,"name":"K\u00fapte si fencyklid\u00ednov\u00fd (PCP) pr\u00e1\u0161ok online"}]},{"@type":"WebSite","@id":"https:\/\/gooddealersmeds.com\/sk\/#website","url":"https:\/\/gooddealersmeds.com\/sk\/","name":"Good Dealers Meds","description":"All our best","publisher":{"@id":"https:\/\/gooddealersmeds.com\/sk\/#organization"},"potentialAction":[{"@type":"SearchAction","target":{"@type":"EntryPoint","urlTemplate":"https:\/\/gooddealersmeds.com\/sk\/?s={search_term_string}"},"query-input":{"@type":"PropertyValueSpecification","valueRequired":true,"valueName":"search_term_string"}}],"inLanguage":"en-US"},{"@type":"Organization","@id":"https:\/\/gooddealersmeds.com\/sk\/#organization","name":"Good Dealers Meds","url":"https:\/\/gooddealersmeds.com\/sk\/","logo":{"@type":"ImageObject","inLanguage":"en-US","@id":"https:\/\/gooddealersmeds.com\/sk\/#\/schema\/logo\/image\/","url":"https:\/\/gooddealersmeds.com\/sk\/wp-content\/uploads\/sites\/9\/2022\/03\/gooddealersmeds__logo__20220317T222800Z.00.png","contentUrl":"https:\/\/gooddealersmeds.com\/sk\/wp-content\/uploads\/sites\/9\/2022\/03\/gooddealersmeds__logo__20220317T222800Z.00.png","width":500,"height":325,"caption":"Good Dealers Meds"},"image":{"@id":"https:\/\/gooddealersmeds.com\/sk\/#\/schema\/logo\/image\/"}}]}},"_links":{"self":[{"href":"https:\/\/gooddealersmeds.com\/sk\/wp-json\/wp\/v2\/product\/1995","targetHints":{"allow":["GET"]}}],"collection":[{"href":"https:\/\/gooddealersmeds.com\/sk\/wp-json\/wp\/v2\/product"}],"about":[{"href":"https:\/\/gooddealersmeds.com\/sk\/wp-json\/wp\/v2\/types\/product"}],"replies":[{"embeddable":true,"href":"https:\/\/gooddealersmeds.com\/sk\/wp-json\/wp\/v2\/comments?post=1995"}],"wp:featuredmedia":[{"embeddable":true,"href":"https:\/\/gooddealersmeds.com\/sk\/wp-json\/wp\/v2\/media\/1996"}],"wp:attachment":[{"href":"https:\/\/gooddealersmeds.com\/sk\/wp-json\/wp\/v2\/media?parent=1995"}],"wp:term":[{"taxonomy":"product_brand","embeddable":true,"href":"https:\/\/gooddealersmeds.com\/sk\/wp-json\/wp\/v2\/product_brand?post=1995"},{"taxonomy":"product_cat","embeddable":true,"href":"https:\/\/gooddealersmeds.com\/sk\/wp-json\/wp\/v2\/product_cat?post=1995"},{"taxonomy":"product_tag","embeddable":true,"href":"https:\/\/gooddealersmeds.com\/sk\/wp-json\/wp\/v2\/product_tag?post=1995"}],"curies":[{"name":"wp","href":"https:\/\/api.w.org\/{rel}","templated":true}]}}