{"id":1986,"date":"2022-07-03T13:54:43","date_gmt":"2022-07-03T13:54:43","guid":{"rendered":"https:\/\/gooddealersmeds.com\/sk\/?post_type=product&#038;p=1986"},"modified":"2022-10-03T22:02:11","modified_gmt":"2022-10-03T22:02:11","slug":"al-lad-150mcg-blotters","status":"publish","type":"product","link":"https:\/\/gooddealersmeds.com\/sk\/product\/al-lad-150mcg-blotters\/","title":{"rendered":"K\u00fapte si pijavice AL-LAD 150 mcg"},"content":{"rendered":"<h1><strong>K\u00fapte si AL-LAD 150 mcg blotters online.<\/strong><\/h1>\n<p>AL-LAD 150 mcg blotters online je psychedelick\u00e1 chemik\u00e1lia z triedy lysergamidov. V porovnan\u00ed s 1P-LSD a LSD-25 m\u00e1 zv\u00fd\u0161en\u00e9 vizu\u00e1lne halucin\u00e1cie a mierne psychologick\u00e9 \u00fa\u010dinky. Prv\u00fdkr\u00e1t bol vyvinut\u00fd v polovici 80. rokov 20. storo\u010dia na \u00fa\u010dely v\u00fdskumu. Prv\u00fdkr\u00e1t bol vyvinut\u00fd v polovici 80. rokov 20. storo\u010dia na \u00fa\u010dely v\u00fdskumu. Prv\u00fdkr\u00e1t bol vyvinut\u00fd v polovici 80. rokov 20. storo\u010dia na \u00fa\u010dely v\u00fdskumu. Teraz sa v\u0161ak stal dostupn\u00fdm pre rekrea\u010dn\u00e9 pou\u017eitie.<\/p>\n<p>AL-LAD 150 mcg blotters Online sa \u010dasto ozna\u010duje ako \u201enajrekrea\u010dnej\u0161\u00ed\u201c z anal\u00f3gov lysergamidu.<\/p>\n<p>Je tie\u017e zn\u00e1my ako siln\u00fd entaktog\u00e9n \u2013 v\u010faka ktor\u00e9mu sa budete c\u00edti\u0165 bli\u017e\u0161ie k sebe a ostatn\u00fdm \u2013 a n\u00edzka d\u00e1vka m\u00f4\u017ee vyvola\u0165 siln\u00e9 \u00fa\u010dinky bez toho, aby sp\u00f4sobila ak\u00e9ko\u013evek fyzick\u00e9 nepohodlie.<\/p>\n<p>&nbsp;<\/p>\n<h2><strong>Pre\u010do nakupova\u0165 AL-LAD 150mcg blotters Online?<\/strong><\/h2>\n<p>&nbsp;<\/p>\n<p>AL-LAD \u010dasto pou\u017e\u00edvaj\u00fa \u013eudia, ktor\u00ed h\u013eadaj\u00fa alternat\u00edvu k LSD kv\u00f4li jeho vy\u0161\u0161ej potencii, miernej\u0161\u00edm \u00fa\u010dinkom a ni\u017e\u0161ia cena. Je to perfektn\u00fd n\u00e1pad nakupova\u0165 v\u00fdskumn\u00e9 chemik\u00e1lie online, aby ste u\u0161etrili peniaze. So \u017eiadnym z t\u00fdchto produktov nie s\u00fa spojen\u00e9 \u017eiadne skryt\u00e9 poplatky, preto\u017ee sa pred\u00e1vaj\u00fa za prijate\u013en\u00fa cenu. Ako \u010fal\u0161ie pohodlie si ich m\u00f4\u017eete necha\u0165 doru\u010di\u0165 priamo k va\u0161im dver\u00e1m bez ak\u00fdchko\u013evek probl\u00e9mov.<\/p>\n<p><strong>\u00a0<\/strong><\/p>\n<p><strong>Najlep\u0161ie miesto na K\u00fapte si AL-LAD 150mcg blotters online<\/strong><\/p>\n<p>Ak chcete <a href=\"https:\/\/gooddealersmeds.com\/sk\/product\/al-lad-150mcg-blotters\/\">k\u00fapi\u0165 AL-LAD 150 mcg pijavice online<\/a>, pr\u00e1ve ste prist\u00e1li na najlep\u0161om mieste. GoodDealersMeds pon\u00faka pijavice AL-LAD 150 mcg za dostupn\u00e9 ceny pri v\u0161etk\u00fdch objedn\u00e1vkach zadan\u00fdch prostredn\u00edctvom na\u0161ej webovej str\u00e1nky ALEBO prostredn\u00edctvom hovorov prijat\u00fdch na \u010d\u00edslo +31645886273.<\/p>\n<p>K\u00fapte si pijavice AL-LAD 150 mcg online e\u0161te dnes, aby ste u\u0161etrili nejak\u00e9 peniaze.<\/p>\n","protected":false},"excerpt":{"rendered":"<p>AL-LAD, technicky ozna\u010dovan\u00fd ako dietylamid kyseliny 6-alyl-6-nor-lysergovej, je relat\u00edvne nov\u00fdm anal\u00f3gom LSD-25. Predpoklad\u00e1 sa, \u017ee m\u00e1 podobn\u00fd mechanizmus \u00fa\u010dinku, ktor\u00fd funguje predov\u0161etk\u00fdm v\u00e4zbou na seroton\u00ednov\u00e9 receptory mozgu. Tie\u017e sa predpoklad\u00e1, \u017ee je to prekurzor LSD-25, hoci to nebolo potvrden\u00e9 v laborat\u00f3rnych podmienkach.<\/p>\n","protected":false},"featured_media":1987,"comment_status":"open","ping_status":"closed","template":"","meta":{"inline_featured_image":false},"product_brand":[],"product_cat":[345],"product_tag":[],"class_list":{"0":"post-1986","1":"product","2":"type-product","3":"status-publish","4":"has-post-thumbnail","6":"product_cat-psychedelick-drogy","8":"first","9":"instock","10":"shipping-taxable","11":"purchasable","12":"product-type-variable","13":"has-default-attributes"},"yoast_head":"<!-- This site is optimized with the Yoast SEO Premium plugin v20.6 (Yoast SEO v27.4) - https:\/\/yoast.com\/product\/yoast-seo-premium-wordpress\/ -->\n<title>K\u00fapte si AL-LAD pijavice online 150 mcg | Objedn\u00e1vka AL-LAD \u2013 Good Dealers Meds<\/title>\n<meta name=\"description\" content=\"K\u00fapi\u0165 AL-LAD blotters Online (6-alyl-6-nor-LSD alebo N-AN-ally-nor-lysergic) je psychedelick\u00e1 chemik\u00e1lia z triedy lysergamidov.\" \/>\n<meta name=\"robots\" content=\"index, follow, max-snippet:-1, max-image-preview:large, max-video-preview:-1\" \/>\n<link rel=\"canonical\" href=\"https:\/\/gooddealersmeds.com\/sk\/product\/al-lad-150mcg-blotters\/\" \/>\n<meta property=\"og:locale\" content=\"en_US\" \/>\n<meta property=\"og:type\" content=\"article\" \/>\n<meta property=\"og:title\" content=\"K\u00fapte si pijavice AL-LAD 150 mcg\" \/>\n<meta property=\"og:description\" content=\"K\u00fapi\u0165 AL-LAD blotters Online (6-alyl-6-nor-LSD alebo N-AN-ally-nor-lysergic) je psychedelick\u00e1 chemik\u00e1lia z triedy lysergamidov.\" \/>\n<meta property=\"og:url\" content=\"https:\/\/gooddealersmeds.com\/sk\/product\/al-lad-150mcg-blotters\/\" \/>\n<meta property=\"og:site_name\" content=\"Good Dealers Meds\" \/>\n<meta property=\"article:modified_time\" content=\"2022-10-03T22:02:11+00:00\" \/>\n<meta property=\"og:image\" content=\"https:\/\/gooddealersmeds.com\/sk\/wp-content\/uploads\/sites\/9\/2022\/07\/AL-LAD-150mcg-Blotters.webp\" \/>\n\t<meta property=\"og:image:width\" content=\"1553\" \/>\n\t<meta property=\"og:image:height\" content=\"1553\" \/>\n\t<meta property=\"og:image:type\" content=\"image\/webp\" \/>\n<meta name=\"twitter:card\" content=\"summary_large_image\" \/>\n<meta name=\"twitter:label1\" content=\"Est. reading time\" \/>\n\t<meta name=\"twitter:data1\" content=\"2 minutes\" \/>\n<script type=\"application\/ld+json\" class=\"yoast-schema-graph\">{\"@context\":\"https:\\\/\\\/schema.org\",\"@graph\":[{\"@type\":\"WebPage\",\"@id\":\"https:\\\/\\\/gooddealersmeds.com\\\/sk\\\/product\\\/al-lad-150mcg-blotters\\\/\",\"url\":\"https:\\\/\\\/gooddealersmeds.com\\\/sk\\\/product\\\/al-lad-150mcg-blotters\\\/\",\"name\":\"K\u00fapte si AL-LAD pijavice online 150 mcg | Objedn\u00e1vka AL-LAD \u2013 Good Dealers Meds\",\"isPartOf\":{\"@id\":\"https:\\\/\\\/gooddealersmeds.com\\\/sk\\\/#website\"},\"primaryImageOfPage\":{\"@id\":\"https:\\\/\\\/gooddealersmeds.com\\\/sk\\\/product\\\/al-lad-150mcg-blotters\\\/#primaryimage\"},\"image\":{\"@id\":\"https:\\\/\\\/gooddealersmeds.com\\\/sk\\\/product\\\/al-lad-150mcg-blotters\\\/#primaryimage\"},\"thumbnailUrl\":\"https:\\\/\\\/gooddealersmeds.com\\\/sk\\\/wp-content\\\/uploads\\\/sites\\\/9\\\/2022\\\/07\\\/AL-LAD-150mcg-Blotters.webp\",\"datePublished\":\"2022-07-03T13:54:43+00:00\",\"dateModified\":\"2022-10-03T22:02:11+00:00\",\"description\":\"K\u00fapi\u0165 AL-LAD blotters Online (6-alyl-6-nor-LSD alebo N-AN-ally-nor-lysergic) je psychedelick\u00e1 chemik\u00e1lia z triedy lysergamidov.\",\"breadcrumb\":{\"@id\":\"https:\\\/\\\/gooddealersmeds.com\\\/sk\\\/product\\\/al-lad-150mcg-blotters\\\/#breadcrumb\"},\"inLanguage\":\"en-US\",\"potentialAction\":[{\"@type\":\"ReadAction\",\"target\":[\"https:\\\/\\\/gooddealersmeds.com\\\/sk\\\/product\\\/al-lad-150mcg-blotters\\\/\"]}]},{\"@type\":\"ImageObject\",\"inLanguage\":\"en-US\",\"@id\":\"https:\\\/\\\/gooddealersmeds.com\\\/sk\\\/product\\\/al-lad-150mcg-blotters\\\/#primaryimage\",\"url\":\"https:\\\/\\\/gooddealersmeds.com\\\/sk\\\/wp-content\\\/uploads\\\/sites\\\/9\\\/2022\\\/07\\\/AL-LAD-150mcg-Blotters.webp\",\"contentUrl\":\"https:\\\/\\\/gooddealersmeds.com\\\/sk\\\/wp-content\\\/uploads\\\/sites\\\/9\\\/2022\\\/07\\\/AL-LAD-150mcg-Blotters.webp\",\"width\":1553,\"height\":1553,\"caption\":\"AL-LAD Blotters\"},{\"@type\":\"BreadcrumbList\",\"@id\":\"https:\\\/\\\/gooddealersmeds.com\\\/sk\\\/product\\\/al-lad-150mcg-blotters\\\/#breadcrumb\",\"itemListElement\":[{\"@type\":\"ListItem\",\"position\":1,\"name\":\"Home\",\"item\":\"https:\\\/\\\/gooddealersmeds.com\\\/sk\\\/\"},{\"@type\":\"ListItem\",\"position\":2,\"name\":\"Produkty\",\"item\":\"https:\\\/\\\/gooddealersmeds.com\\\/sk\\\/produkty\\\/\"},{\"@type\":\"ListItem\",\"position\":3,\"name\":\"K\u00fapte si pijavice AL-LAD 150 mcg\"}]},{\"@type\":\"WebSite\",\"@id\":\"https:\\\/\\\/gooddealersmeds.com\\\/sk\\\/#website\",\"url\":\"https:\\\/\\\/gooddealersmeds.com\\\/sk\\\/\",\"name\":\"Good Dealers Meds\",\"description\":\"All our best\",\"publisher\":{\"@id\":\"https:\\\/\\\/gooddealersmeds.com\\\/sk\\\/#organization\"},\"potentialAction\":[{\"@type\":\"SearchAction\",\"target\":{\"@type\":\"EntryPoint\",\"urlTemplate\":\"https:\\\/\\\/gooddealersmeds.com\\\/sk\\\/?s={search_term_string}\"},\"query-input\":{\"@type\":\"PropertyValueSpecification\",\"valueRequired\":true,\"valueName\":\"search_term_string\"}}],\"inLanguage\":\"en-US\"},{\"@type\":\"Organization\",\"@id\":\"https:\\\/\\\/gooddealersmeds.com\\\/sk\\\/#organization\",\"name\":\"Good Dealers Meds\",\"url\":\"https:\\\/\\\/gooddealersmeds.com\\\/sk\\\/\",\"logo\":{\"@type\":\"ImageObject\",\"inLanguage\":\"en-US\",\"@id\":\"https:\\\/\\\/gooddealersmeds.com\\\/sk\\\/#\\\/schema\\\/logo\\\/image\\\/\",\"url\":\"https:\\\/\\\/gooddealersmeds.com\\\/sk\\\/wp-content\\\/uploads\\\/sites\\\/9\\\/2022\\\/03\\\/gooddealersmeds__logo__20220317T222800Z.00.png\",\"contentUrl\":\"https:\\\/\\\/gooddealersmeds.com\\\/sk\\\/wp-content\\\/uploads\\\/sites\\\/9\\\/2022\\\/03\\\/gooddealersmeds__logo__20220317T222800Z.00.png\",\"width\":500,\"height\":325,\"caption\":\"Good Dealers Meds\"},\"image\":{\"@id\":\"https:\\\/\\\/gooddealersmeds.com\\\/sk\\\/#\\\/schema\\\/logo\\\/image\\\/\"}}]}<\/script>\n<!-- \/ Yoast SEO Premium plugin. -->","yoast_head_json":{"title":"K\u00fapte si AL-LAD pijavice online 150 mcg | Objedn\u00e1vka AL-LAD \u2013 Good Dealers Meds","description":"K\u00fapi\u0165 AL-LAD blotters Online (6-alyl-6-nor-LSD alebo N-AN-ally-nor-lysergic) je psychedelick\u00e1 chemik\u00e1lia z triedy lysergamidov.","robots":{"index":"index","follow":"follow","max-snippet":"max-snippet:-1","max-image-preview":"max-image-preview:large","max-video-preview":"max-video-preview:-1"},"canonical":"https:\/\/gooddealersmeds.com\/sk\/product\/al-lad-150mcg-blotters\/","og_locale":"en_US","og_type":"article","og_title":"K\u00fapte si pijavice AL-LAD 150 mcg","og_description":"K\u00fapi\u0165 AL-LAD blotters Online (6-alyl-6-nor-LSD alebo N-AN-ally-nor-lysergic) je psychedelick\u00e1 chemik\u00e1lia z triedy lysergamidov.","og_url":"https:\/\/gooddealersmeds.com\/sk\/product\/al-lad-150mcg-blotters\/","og_site_name":"Good Dealers Meds","article_modified_time":"2022-10-03T22:02:11+00:00","og_image":[{"width":1553,"height":1553,"url":"https:\/\/gooddealersmeds.com\/sk\/wp-content\/uploads\/sites\/9\/2022\/07\/AL-LAD-150mcg-Blotters.webp","type":"image\/webp"}],"twitter_card":"summary_large_image","twitter_misc":{"Est. reading time":"2 minutes"},"schema":{"@context":"https:\/\/schema.org","@graph":[{"@type":"WebPage","@id":"https:\/\/gooddealersmeds.com\/sk\/product\/al-lad-150mcg-blotters\/","url":"https:\/\/gooddealersmeds.com\/sk\/product\/al-lad-150mcg-blotters\/","name":"K\u00fapte si AL-LAD pijavice online 150 mcg | Objedn\u00e1vka AL-LAD \u2013 Good Dealers Meds","isPartOf":{"@id":"https:\/\/gooddealersmeds.com\/sk\/#website"},"primaryImageOfPage":{"@id":"https:\/\/gooddealersmeds.com\/sk\/product\/al-lad-150mcg-blotters\/#primaryimage"},"image":{"@id":"https:\/\/gooddealersmeds.com\/sk\/product\/al-lad-150mcg-blotters\/#primaryimage"},"thumbnailUrl":"https:\/\/gooddealersmeds.com\/sk\/wp-content\/uploads\/sites\/9\/2022\/07\/AL-LAD-150mcg-Blotters.webp","datePublished":"2022-07-03T13:54:43+00:00","dateModified":"2022-10-03T22:02:11+00:00","description":"K\u00fapi\u0165 AL-LAD blotters Online (6-alyl-6-nor-LSD alebo N-AN-ally-nor-lysergic) je psychedelick\u00e1 chemik\u00e1lia z triedy lysergamidov.","breadcrumb":{"@id":"https:\/\/gooddealersmeds.com\/sk\/product\/al-lad-150mcg-blotters\/#breadcrumb"},"inLanguage":"en-US","potentialAction":[{"@type":"ReadAction","target":["https:\/\/gooddealersmeds.com\/sk\/product\/al-lad-150mcg-blotters\/"]}]},{"@type":"ImageObject","inLanguage":"en-US","@id":"https:\/\/gooddealersmeds.com\/sk\/product\/al-lad-150mcg-blotters\/#primaryimage","url":"https:\/\/gooddealersmeds.com\/sk\/wp-content\/uploads\/sites\/9\/2022\/07\/AL-LAD-150mcg-Blotters.webp","contentUrl":"https:\/\/gooddealersmeds.com\/sk\/wp-content\/uploads\/sites\/9\/2022\/07\/AL-LAD-150mcg-Blotters.webp","width":1553,"height":1553,"caption":"AL-LAD Blotters"},{"@type":"BreadcrumbList","@id":"https:\/\/gooddealersmeds.com\/sk\/product\/al-lad-150mcg-blotters\/#breadcrumb","itemListElement":[{"@type":"ListItem","position":1,"name":"Home","item":"https:\/\/gooddealersmeds.com\/sk\/"},{"@type":"ListItem","position":2,"name":"Produkty","item":"https:\/\/gooddealersmeds.com\/sk\/produkty\/"},{"@type":"ListItem","position":3,"name":"K\u00fapte si pijavice AL-LAD 150 mcg"}]},{"@type":"WebSite","@id":"https:\/\/gooddealersmeds.com\/sk\/#website","url":"https:\/\/gooddealersmeds.com\/sk\/","name":"Good Dealers Meds","description":"All our best","publisher":{"@id":"https:\/\/gooddealersmeds.com\/sk\/#organization"},"potentialAction":[{"@type":"SearchAction","target":{"@type":"EntryPoint","urlTemplate":"https:\/\/gooddealersmeds.com\/sk\/?s={search_term_string}"},"query-input":{"@type":"PropertyValueSpecification","valueRequired":true,"valueName":"search_term_string"}}],"inLanguage":"en-US"},{"@type":"Organization","@id":"https:\/\/gooddealersmeds.com\/sk\/#organization","name":"Good Dealers Meds","url":"https:\/\/gooddealersmeds.com\/sk\/","logo":{"@type":"ImageObject","inLanguage":"en-US","@id":"https:\/\/gooddealersmeds.com\/sk\/#\/schema\/logo\/image\/","url":"https:\/\/gooddealersmeds.com\/sk\/wp-content\/uploads\/sites\/9\/2022\/03\/gooddealersmeds__logo__20220317T222800Z.00.png","contentUrl":"https:\/\/gooddealersmeds.com\/sk\/wp-content\/uploads\/sites\/9\/2022\/03\/gooddealersmeds__logo__20220317T222800Z.00.png","width":500,"height":325,"caption":"Good Dealers Meds"},"image":{"@id":"https:\/\/gooddealersmeds.com\/sk\/#\/schema\/logo\/image\/"}}]}},"_links":{"self":[{"href":"https:\/\/gooddealersmeds.com\/sk\/wp-json\/wp\/v2\/product\/1986","targetHints":{"allow":["GET"]}}],"collection":[{"href":"https:\/\/gooddealersmeds.com\/sk\/wp-json\/wp\/v2\/product"}],"about":[{"href":"https:\/\/gooddealersmeds.com\/sk\/wp-json\/wp\/v2\/types\/product"}],"replies":[{"embeddable":true,"href":"https:\/\/gooddealersmeds.com\/sk\/wp-json\/wp\/v2\/comments?post=1986"}],"wp:featuredmedia":[{"embeddable":true,"href":"https:\/\/gooddealersmeds.com\/sk\/wp-json\/wp\/v2\/media\/1987"}],"wp:attachment":[{"href":"https:\/\/gooddealersmeds.com\/sk\/wp-json\/wp\/v2\/media?parent=1986"}],"wp:term":[{"taxonomy":"product_brand","embeddable":true,"href":"https:\/\/gooddealersmeds.com\/sk\/wp-json\/wp\/v2\/product_brand?post=1986"},{"taxonomy":"product_cat","embeddable":true,"href":"https:\/\/gooddealersmeds.com\/sk\/wp-json\/wp\/v2\/product_cat?post=1986"},{"taxonomy":"product_tag","embeddable":true,"href":"https:\/\/gooddealersmeds.com\/sk\/wp-json\/wp\/v2\/product_tag?post=1986"}],"curies":[{"name":"wp","href":"https:\/\/api.w.org\/{rel}","templated":true}]}}