{"id":1984,"date":"2022-07-03T13:39:25","date_gmt":"2022-07-03T13:39:25","guid":{"rendered":"https:\/\/gooddealersmeds.com\/sk\/?post_type=product&#038;p=1984"},"modified":"2024-11-25T14:38:05","modified_gmt":"2024-11-25T14:38:05","slug":"kupit-gama-hydroxybutyrat-ghb-kvapalina","status":"publish","type":"product","link":"https:\/\/gooddealersmeds.com\/sk\/product\/kupit-gama-hydroxybutyrat-ghb-kvapalina\/","title":{"rendered":"K\u00fapi\u0165 gama hydroxybutyr\u00e1t (GHB) kvapalina"},"content":{"rendered":"<h1><strong>K\u00fapi\u0165 tekut\u00fd gama hydroxybutyr\u00e1t (GHB) online <\/strong><\/h1>\n<p>K\u00fapi\u0165 Gamma Hydroxybutyrate kvapalina, Gamma hydroxybutyr\u00e1t (GHB) je tlmiv\u00fd prostriedok, ktor\u00fd mo\u017eno u\u017e\u00edva\u0165 peror\u00e1lne, injekciou alebo odparova\u0165 v odparova\u010di liekov. Je to \u010d\u00edra tekutina so sedat\u00edvnymi \u00fa\u010dinkami a m\u00f4\u017ee sp\u00f4sobi\u0165 ospalos\u0165 a poruchy motoriky. K\u00fapi\u0165 Gamma Hydroxybutyrate kvapalina, K\u00fapi\u0165 Gamma Hydroxybutyrate kvapalina<\/p>\n<p>GHB sa niekedy ozna\u010duje ako \u201edizajn\u00e9rsky liek\u201c alebo \u201e<a href=\"https:\/\/gooddealersmeds.com\/sk\/product\/buy-gamma-hydroxybutyrate-ghb-liquid \/\">tekut\u00e1 ext\u00e1za<\/a>&#8220;, preto\u017ee bola p\u00f4vodne vyvinut\u00e1 v 60. rokoch minul\u00e9ho storo\u010dia vedcami. P\u00f4vodn\u00fdm \u00fa\u010delom GHB bolo pom\u00f4c\u0165 \u013eu\u010fom trpiacim narkolepsiou \u013eah\u0161ie zaspa\u0165; tento liek sa v\u0161ak \u010doskoro stal ob\u013e\u00faben\u00fdm medzi n\u00e1v\u0161tevn\u00edkmi klubov a klubmi, ktor\u00ed ho pou\u017e\u00edvali ako drogu, aby si u\u017eili opitos\u0165 bez toho, aby sa skuto\u010dne opili. Odvtedy sa GHB pou\u017e\u00edva mnoh\u00fdmi in\u00fdmi sp\u00f4sobmi: na lie\u010dbu nadmernej dennej ospalosti a niekedy opi\u00e1tov, K\u00fapi\u0165 Gamma Hydroxybutyrate kvapalina<\/p>\n<p><strong>\u00a0<\/strong><\/p>\n<p><strong>Pre\u010do nakupova\u0165 GHB online? <\/strong><\/p>\n<p><strong>\u00a0<\/strong><\/p>\n<p>Za n\u00e1kupom tekutiny GHB online je ve\u013ea d\u00f4vodov. Povedzme si nieko\u013eko z nich:<\/p>\n<ul>\n<li>Kupovan\u00edm GHB online si m\u00f4\u017eete k\u00fapi\u0165 svoj liek za atrakt\u00edvne ceny. Online lek\u00e1rne niekedy pon\u00fakaj\u00fa aj vernostn\u00e9 karty alebo propaga\u010dn\u00e9 k\u00f3dy, aby mohli vyu\u017ei\u0165 mo\u017enosti zliav.<\/li>\n<li>Na internete n\u00e1jdete nieko\u013eko webov\u00fdch str\u00e1nok, ktor\u00e9 pred\u00e1vaj\u00fa tekutinu GHB. Je teda jednoduch\u0161ie porovn\u00e1va\u0165 ceny online.<\/li>\n<li>Lieky ako gama-hydroxybutyr\u00e1t (GHB) s\u00fa v drog\u00e9ri\u00e1ch \u010dasto zriedkav\u00e9. M\u00f4\u017eete si ich teda k\u00fapi\u0165 online.<\/li>\n<li>Objedn\u00e1vku z\u00edskate jednoduch\u00fdm klepnut\u00edm na nieko\u013eko tla\u010didiel \u2013 je to tak\u00e9 jednoduch\u00e9!<\/li>\n<\/ul>\n<p><strong>\u00a0<\/strong><\/p>\n<p><strong>Kde si m\u00f4\u017eem k\u00fapi\u0165 GHB online?<\/strong><\/p>\n<p>&nbsp;<\/p>\n<p>Mnoh\u00e9 drog\u00e9rie poskytuj\u00fa GHB online, ale najlep\u0161\u00edm miestom je GoodDealersMeds. Pon\u00fakame bezplatn\u00fa dopravu, tak\u017ee si svoje ob\u013e\u00faben\u00e9 lieky m\u00f4\u017eete objedna\u0165 r\u00fdchlo a pohodlne odkia\u013eko\u013evek na svete. K\u00fapi\u0165 Gamma Hydroxybutyrate kvapalina<\/p>\n","protected":false},"excerpt":{"rendered":"<p>Gamma-hydroxybutyr\u00e1t je sedat\u00edvum, ktor\u00e9 sa pou\u017e\u00edva ako liek na spanie na predpis aj ako rekrea\u010dn\u00fd opojn\u00fd prostriedok, kde z\u00edska\u0165 GHB. Je zn\u00e1my svojou schopnos\u0165ou navodi\u0165 kr\u00e1tky (nieko\u013ekohodinov\u00fd) sp\u00e1nok podobn\u00fd k\u00f3me pri vysok\u00fdch d\u00e1vkach.<\/p>\n","protected":false},"featured_media":1985,"comment_status":"open","ping_status":"closed","template":"","meta":{"inline_featured_image":false},"product_brand":[],"product_cat":[345],"product_tag":[526,545,537,523,527,539,549,546,547,525,542,531,543,533,535,553,524,528,544,540,550,548,536,551,534,541,555,554,530,538,552,532,529],"class_list":{"0":"post-1984","1":"product","2":"type-product","3":"status-publish","4":"has-post-thumbnail","6":"product_cat-psychedelick-drogy","7":"product_tag-ako-kpi-dieldrin-online","8":"product_tag-ako-kpi-gama-butyrolaktn","9":"product_tag-ako-si-objedna-ghb-online","10":"product_tag-buy-dieldrin-online","11":"product_tag-buy-endosulfan-online","12":"product_tag-buy-gamma-hydroxybutyrate-online","13":"product_tag-buy-retail-gamma-butyrolactone","14":"product_tag-buy-wholesale-gamma-butyrolactone","15":"product_tag-buy-wholesale-gamma-butyrolactone-online","16":"product_tag-cheap-dieldrin-online","17":"product_tag-cheap-gamma-hydroxybutyrate-online","18":"product_tag-gama-butyrolaktn-ako-lieivo","19":"product_tag-gama-butyrolaktn-vekopredaj","20":"product_tag-ghb-buy-australia","21":"product_tag-ghb-buy-canada","22":"product_tag-kde-kpi-brmmetn-online","23":"product_tag-kde-kpi-dieldrin-online","24":"product_tag-kde-na-kpi-endosulfn-online","25":"product_tag-kde-kpi-gama-butyrolaktn","26":"product_tag-kde-kpi-gama-hydroxybutyrt-online","27":"product_tag-kde-kpi-maloobchodn-gama-butyrolaktn-online","28":"product_tag-kde-na-kupit-velkopredaj-gama-butyrolakton","29":"product_tag-kde-k-objedna-ghb-online","30":"product_tag-kpi-brmmetn-online","31":"product_tag-gama-hydroxybutyrt-kpi","32":"product_tag-kpi-nohalne-gama-hydroxybutyrt-online","33":"product_tag-kpi-metylhexanamn-online","34":"product_tag-legal-brommetan-online","35":"product_tag-legal-endosulfan-online","36":"product_tag-legal-gama-hydroxybutyrate-online","37":"product_tag-vekoobchod-brmmetn-online","38":"product_tag-gama-butyrolaktn-na-predaj","39":"product_tag-vekoobchod-endosulfn-online","41":"first","42":"instock","43":"shipping-taxable","44":"purchasable","45":"product-type-simple"},"yoast_head":"<!-- This site is optimized with the Yoast SEO Premium plugin v20.6 (Yoast SEO v27.3) - https:\/\/yoast.com\/product\/yoast-seo-premium-wordpress\/ -->\n<title>K\u00fapi\u0165 Gamma Hydroxybutyrate kvapalina (GHB) | Good Dealers Meds<\/title>\n<meta name=\"description\" content=\"K\u00fapi\u0165 Gamma Hydroxybutyrate kvapalina online od na\u0161ich predajcov, ktor\u00fd sa pou\u017e\u00edva ako liek na spanie na predpis aj ako rekrea\u010dn\u00fd opojn\u00fd n\u00e1poj.\" \/>\n<meta name=\"robots\" content=\"index, follow, max-snippet:-1, max-image-preview:large, max-video-preview:-1\" \/>\n<link rel=\"canonical\" href=\"https:\/\/gooddealersmeds.com\/sk\/product\/kupit-gama-hydroxybutyrat-ghb-kvapalina\/\" \/>\n<meta property=\"og:locale\" content=\"en_US\" \/>\n<meta property=\"og:type\" content=\"article\" \/>\n<meta property=\"og:title\" content=\"K\u00fapi\u0165 gama hydroxybutyr\u00e1t (GHB) kvapalina\" \/>\n<meta property=\"og:description\" content=\"K\u00fapi\u0165 Gamma Hydroxybutyrate kvapalina online od na\u0161ich predajcov, ktor\u00fd sa pou\u017e\u00edva ako liek na spanie na predpis aj ako rekrea\u010dn\u00fd opojn\u00fd n\u00e1poj.\" \/>\n<meta property=\"og:url\" content=\"https:\/\/gooddealersmeds.com\/sk\/product\/kupit-gama-hydroxybutyrat-ghb-kvapalina\/\" \/>\n<meta property=\"og:site_name\" content=\"Good Dealers Meds\" \/>\n<meta property=\"article:modified_time\" content=\"2024-11-25T14:38:05+00:00\" \/>\n<meta property=\"og:image\" content=\"https:\/\/gooddealersmeds.com\/sk\/wp-content\/uploads\/sites\/9\/2022\/07\/Buy-Gamma-Hydroxybutyrate-Ghb-Liquid.jpg\" \/>\n\t<meta property=\"og:image:width\" content=\"600\" \/>\n\t<meta property=\"og:image:height\" content=\"600\" \/>\n\t<meta property=\"og:image:type\" content=\"image\/jpeg\" \/>\n<meta name=\"twitter:card\" content=\"summary_large_image\" \/>\n<meta name=\"twitter:label1\" content=\"Est. reading time\" \/>\n\t<meta name=\"twitter:data1\" content=\"2 minutes\" \/>\n<script type=\"application\/ld+json\" class=\"yoast-schema-graph\">{\"@context\":\"https:\\\/\\\/schema.org\",\"@graph\":[{\"@type\":\"WebPage\",\"@id\":\"https:\\\/\\\/gooddealersmeds.com\\\/sk\\\/product\\\/kupit-gama-hydroxybutyrat-ghb-kvapalina\\\/\",\"url\":\"https:\\\/\\\/gooddealersmeds.com\\\/sk\\\/product\\\/kupit-gama-hydroxybutyrat-ghb-kvapalina\\\/\",\"name\":\"K\u00fapi\u0165 Gamma Hydroxybutyrate kvapalina (GHB) | Good Dealers Meds\",\"isPartOf\":{\"@id\":\"https:\\\/\\\/gooddealersmeds.com\\\/sk\\\/#website\"},\"primaryImageOfPage\":{\"@id\":\"https:\\\/\\\/gooddealersmeds.com\\\/sk\\\/product\\\/kupit-gama-hydroxybutyrat-ghb-kvapalina\\\/#primaryimage\"},\"image\":{\"@id\":\"https:\\\/\\\/gooddealersmeds.com\\\/sk\\\/product\\\/kupit-gama-hydroxybutyrat-ghb-kvapalina\\\/#primaryimage\"},\"thumbnailUrl\":\"https:\\\/\\\/gooddealersmeds.com\\\/sk\\\/wp-content\\\/uploads\\\/sites\\\/9\\\/2022\\\/07\\\/Buy-Gamma-Hydroxybutyrate-Ghb-Liquid.jpg\",\"datePublished\":\"2022-07-03T13:39:25+00:00\",\"dateModified\":\"2024-11-25T14:38:05+00:00\",\"description\":\"K\u00fapi\u0165 Gamma Hydroxybutyrate kvapalina online od na\u0161ich predajcov, ktor\u00fd sa pou\u017e\u00edva ako liek na spanie na predpis aj ako rekrea\u010dn\u00fd opojn\u00fd n\u00e1poj.\",\"breadcrumb\":{\"@id\":\"https:\\\/\\\/gooddealersmeds.com\\\/sk\\\/product\\\/kupit-gama-hydroxybutyrat-ghb-kvapalina\\\/#breadcrumb\"},\"inLanguage\":\"en-US\",\"potentialAction\":[{\"@type\":\"ReadAction\",\"target\":[\"https:\\\/\\\/gooddealersmeds.com\\\/sk\\\/product\\\/kupit-gama-hydroxybutyrat-ghb-kvapalina\\\/\"]}]},{\"@type\":\"ImageObject\",\"inLanguage\":\"en-US\",\"@id\":\"https:\\\/\\\/gooddealersmeds.com\\\/sk\\\/product\\\/kupit-gama-hydroxybutyrat-ghb-kvapalina\\\/#primaryimage\",\"url\":\"https:\\\/\\\/gooddealersmeds.com\\\/sk\\\/wp-content\\\/uploads\\\/sites\\\/9\\\/2022\\\/07\\\/Buy-Gamma-Hydroxybutyrate-Ghb-Liquid.jpg\",\"contentUrl\":\"https:\\\/\\\/gooddealersmeds.com\\\/sk\\\/wp-content\\\/uploads\\\/sites\\\/9\\\/2022\\\/07\\\/Buy-Gamma-Hydroxybutyrate-Ghb-Liquid.jpg\",\"width\":600,\"height\":600,\"caption\":\"Buy Gamma Hydroxybutyrate Liquid\"},{\"@type\":\"BreadcrumbList\",\"@id\":\"https:\\\/\\\/gooddealersmeds.com\\\/sk\\\/product\\\/kupit-gama-hydroxybutyrat-ghb-kvapalina\\\/#breadcrumb\",\"itemListElement\":[{\"@type\":\"ListItem\",\"position\":1,\"name\":\"Home\",\"item\":\"https:\\\/\\\/gooddealersmeds.com\\\/sk\\\/\"},{\"@type\":\"ListItem\",\"position\":2,\"name\":\"Produkty\",\"item\":\"https:\\\/\\\/gooddealersmeds.com\\\/sk\\\/produkty\\\/\"},{\"@type\":\"ListItem\",\"position\":3,\"name\":\"K\u00fapi\u0165 gama hydroxybutyr\u00e1t (GHB) kvapalina\"}]},{\"@type\":\"WebSite\",\"@id\":\"https:\\\/\\\/gooddealersmeds.com\\\/sk\\\/#website\",\"url\":\"https:\\\/\\\/gooddealersmeds.com\\\/sk\\\/\",\"name\":\"Good Dealers Meds\",\"description\":\"All our best\",\"publisher\":{\"@id\":\"https:\\\/\\\/gooddealersmeds.com\\\/sk\\\/#organization\"},\"potentialAction\":[{\"@type\":\"SearchAction\",\"target\":{\"@type\":\"EntryPoint\",\"urlTemplate\":\"https:\\\/\\\/gooddealersmeds.com\\\/sk\\\/?s={search_term_string}\"},\"query-input\":{\"@type\":\"PropertyValueSpecification\",\"valueRequired\":true,\"valueName\":\"search_term_string\"}}],\"inLanguage\":\"en-US\"},{\"@type\":\"Organization\",\"@id\":\"https:\\\/\\\/gooddealersmeds.com\\\/sk\\\/#organization\",\"name\":\"Good Dealers Meds\",\"url\":\"https:\\\/\\\/gooddealersmeds.com\\\/sk\\\/\",\"logo\":{\"@type\":\"ImageObject\",\"inLanguage\":\"en-US\",\"@id\":\"https:\\\/\\\/gooddealersmeds.com\\\/sk\\\/#\\\/schema\\\/logo\\\/image\\\/\",\"url\":\"https:\\\/\\\/gooddealersmeds.com\\\/sk\\\/wp-content\\\/uploads\\\/sites\\\/9\\\/2022\\\/03\\\/gooddealersmeds__logo__20220317T222800Z.00.png\",\"contentUrl\":\"https:\\\/\\\/gooddealersmeds.com\\\/sk\\\/wp-content\\\/uploads\\\/sites\\\/9\\\/2022\\\/03\\\/gooddealersmeds__logo__20220317T222800Z.00.png\",\"width\":500,\"height\":325,\"caption\":\"Good Dealers Meds\"},\"image\":{\"@id\":\"https:\\\/\\\/gooddealersmeds.com\\\/sk\\\/#\\\/schema\\\/logo\\\/image\\\/\"}}]}<\/script>\n<!-- \/ Yoast SEO Premium plugin. -->","yoast_head_json":{"title":"K\u00fapi\u0165 Gamma Hydroxybutyrate kvapalina (GHB) | Good Dealers Meds","description":"K\u00fapi\u0165 Gamma Hydroxybutyrate kvapalina online od na\u0161ich predajcov, ktor\u00fd sa pou\u017e\u00edva ako liek na spanie na predpis aj ako rekrea\u010dn\u00fd opojn\u00fd n\u00e1poj.","robots":{"index":"index","follow":"follow","max-snippet":"max-snippet:-1","max-image-preview":"max-image-preview:large","max-video-preview":"max-video-preview:-1"},"canonical":"https:\/\/gooddealersmeds.com\/sk\/product\/kupit-gama-hydroxybutyrat-ghb-kvapalina\/","og_locale":"en_US","og_type":"article","og_title":"K\u00fapi\u0165 gama hydroxybutyr\u00e1t (GHB) kvapalina","og_description":"K\u00fapi\u0165 Gamma Hydroxybutyrate kvapalina online od na\u0161ich predajcov, ktor\u00fd sa pou\u017e\u00edva ako liek na spanie na predpis aj ako rekrea\u010dn\u00fd opojn\u00fd n\u00e1poj.","og_url":"https:\/\/gooddealersmeds.com\/sk\/product\/kupit-gama-hydroxybutyrat-ghb-kvapalina\/","og_site_name":"Good Dealers Meds","article_modified_time":"2024-11-25T14:38:05+00:00","og_image":[{"width":600,"height":600,"url":"https:\/\/gooddealersmeds.com\/sk\/wp-content\/uploads\/sites\/9\/2022\/07\/Buy-Gamma-Hydroxybutyrate-Ghb-Liquid.jpg","type":"image\/jpeg"}],"twitter_card":"summary_large_image","twitter_misc":{"Est. reading time":"2 minutes"},"schema":{"@context":"https:\/\/schema.org","@graph":[{"@type":"WebPage","@id":"https:\/\/gooddealersmeds.com\/sk\/product\/kupit-gama-hydroxybutyrat-ghb-kvapalina\/","url":"https:\/\/gooddealersmeds.com\/sk\/product\/kupit-gama-hydroxybutyrat-ghb-kvapalina\/","name":"K\u00fapi\u0165 Gamma Hydroxybutyrate kvapalina (GHB) | Good Dealers Meds","isPartOf":{"@id":"https:\/\/gooddealersmeds.com\/sk\/#website"},"primaryImageOfPage":{"@id":"https:\/\/gooddealersmeds.com\/sk\/product\/kupit-gama-hydroxybutyrat-ghb-kvapalina\/#primaryimage"},"image":{"@id":"https:\/\/gooddealersmeds.com\/sk\/product\/kupit-gama-hydroxybutyrat-ghb-kvapalina\/#primaryimage"},"thumbnailUrl":"https:\/\/gooddealersmeds.com\/sk\/wp-content\/uploads\/sites\/9\/2022\/07\/Buy-Gamma-Hydroxybutyrate-Ghb-Liquid.jpg","datePublished":"2022-07-03T13:39:25+00:00","dateModified":"2024-11-25T14:38:05+00:00","description":"K\u00fapi\u0165 Gamma Hydroxybutyrate kvapalina online od na\u0161ich predajcov, ktor\u00fd sa pou\u017e\u00edva ako liek na spanie na predpis aj ako rekrea\u010dn\u00fd opojn\u00fd n\u00e1poj.","breadcrumb":{"@id":"https:\/\/gooddealersmeds.com\/sk\/product\/kupit-gama-hydroxybutyrat-ghb-kvapalina\/#breadcrumb"},"inLanguage":"en-US","potentialAction":[{"@type":"ReadAction","target":["https:\/\/gooddealersmeds.com\/sk\/product\/kupit-gama-hydroxybutyrat-ghb-kvapalina\/"]}]},{"@type":"ImageObject","inLanguage":"en-US","@id":"https:\/\/gooddealersmeds.com\/sk\/product\/kupit-gama-hydroxybutyrat-ghb-kvapalina\/#primaryimage","url":"https:\/\/gooddealersmeds.com\/sk\/wp-content\/uploads\/sites\/9\/2022\/07\/Buy-Gamma-Hydroxybutyrate-Ghb-Liquid.jpg","contentUrl":"https:\/\/gooddealersmeds.com\/sk\/wp-content\/uploads\/sites\/9\/2022\/07\/Buy-Gamma-Hydroxybutyrate-Ghb-Liquid.jpg","width":600,"height":600,"caption":"Buy Gamma Hydroxybutyrate Liquid"},{"@type":"BreadcrumbList","@id":"https:\/\/gooddealersmeds.com\/sk\/product\/kupit-gama-hydroxybutyrat-ghb-kvapalina\/#breadcrumb","itemListElement":[{"@type":"ListItem","position":1,"name":"Home","item":"https:\/\/gooddealersmeds.com\/sk\/"},{"@type":"ListItem","position":2,"name":"Produkty","item":"https:\/\/gooddealersmeds.com\/sk\/produkty\/"},{"@type":"ListItem","position":3,"name":"K\u00fapi\u0165 gama hydroxybutyr\u00e1t (GHB) kvapalina"}]},{"@type":"WebSite","@id":"https:\/\/gooddealersmeds.com\/sk\/#website","url":"https:\/\/gooddealersmeds.com\/sk\/","name":"Good Dealers Meds","description":"All our best","publisher":{"@id":"https:\/\/gooddealersmeds.com\/sk\/#organization"},"potentialAction":[{"@type":"SearchAction","target":{"@type":"EntryPoint","urlTemplate":"https:\/\/gooddealersmeds.com\/sk\/?s={search_term_string}"},"query-input":{"@type":"PropertyValueSpecification","valueRequired":true,"valueName":"search_term_string"}}],"inLanguage":"en-US"},{"@type":"Organization","@id":"https:\/\/gooddealersmeds.com\/sk\/#organization","name":"Good Dealers Meds","url":"https:\/\/gooddealersmeds.com\/sk\/","logo":{"@type":"ImageObject","inLanguage":"en-US","@id":"https:\/\/gooddealersmeds.com\/sk\/#\/schema\/logo\/image\/","url":"https:\/\/gooddealersmeds.com\/sk\/wp-content\/uploads\/sites\/9\/2022\/03\/gooddealersmeds__logo__20220317T222800Z.00.png","contentUrl":"https:\/\/gooddealersmeds.com\/sk\/wp-content\/uploads\/sites\/9\/2022\/03\/gooddealersmeds__logo__20220317T222800Z.00.png","width":500,"height":325,"caption":"Good Dealers Meds"},"image":{"@id":"https:\/\/gooddealersmeds.com\/sk\/#\/schema\/logo\/image\/"}}]}},"_links":{"self":[{"href":"https:\/\/gooddealersmeds.com\/sk\/wp-json\/wp\/v2\/product\/1984","targetHints":{"allow":["GET"]}}],"collection":[{"href":"https:\/\/gooddealersmeds.com\/sk\/wp-json\/wp\/v2\/product"}],"about":[{"href":"https:\/\/gooddealersmeds.com\/sk\/wp-json\/wp\/v2\/types\/product"}],"replies":[{"embeddable":true,"href":"https:\/\/gooddealersmeds.com\/sk\/wp-json\/wp\/v2\/comments?post=1984"}],"wp:featuredmedia":[{"embeddable":true,"href":"https:\/\/gooddealersmeds.com\/sk\/wp-json\/wp\/v2\/media\/1985"}],"wp:attachment":[{"href":"https:\/\/gooddealersmeds.com\/sk\/wp-json\/wp\/v2\/media?parent=1984"}],"wp:term":[{"taxonomy":"product_brand","embeddable":true,"href":"https:\/\/gooddealersmeds.com\/sk\/wp-json\/wp\/v2\/product_brand?post=1984"},{"taxonomy":"product_cat","embeddable":true,"href":"https:\/\/gooddealersmeds.com\/sk\/wp-json\/wp\/v2\/product_cat?post=1984"},{"taxonomy":"product_tag","embeddable":true,"href":"https:\/\/gooddealersmeds.com\/sk\/wp-json\/wp\/v2\/product_tag?post=1984"}],"curies":[{"name":"wp","href":"https:\/\/api.w.org\/{rel}","templated":true}]}}