{"id":1974,"date":"2022-07-03T13:35:45","date_gmt":"2022-07-03T13:35:45","guid":{"rendered":"https:\/\/gooddealersmeds.com\/sk\/?post_type=product&#038;p=1974"},"modified":"2022-10-03T22:02:27","modified_gmt":"2022-10-03T22:02:27","slug":"gama-hydroxybutyrat-ghb-prasok","status":"publish","type":"product","link":"https:\/\/gooddealersmeds.com\/sk\/product\/gama-hydroxybutyrat-ghb-prasok\/","title":{"rendered":"K\u00fapte si pr\u00e1\u0161ok gama hydroxybutyr\u00e1tu (GHB)."},"content":{"rendered":"<p><strong>K\u00fapi\u0165 pr\u00e1\u0161ok gama hydroxybutyr\u00e1tu (GHB) online<\/strong><\/p>\n<p>pr\u00e1\u0161ok gama hydroxybutyr\u00e1tu (GHB) je liek, ktor\u00fd p\u00f4sob\u00ed tlmivo na centr\u00e1lny nervov\u00fd syst\u00e9m, \u010do ovplyv\u0148uje mozog, srdce a in\u00e9 org\u00e1ny. Pou\u017e\u00edva sa na zn\u00ed\u017eenie \u00fazkosti, navodenie sp\u00e1nku a zlep\u0161enie n\u00e1lady. Pr\u00e1\u0161ok GHB sa m\u00f4\u017ee pou\u017ei\u0165 v mal\u00fdch mno\u017estv\u00e1ch na lie\u010dbu miernych pr\u00edpadov nespavosti alebo na prevenciu kocoviny po \u0165a\u017ekom pit\u00ed.<\/p>\n<p>GHB pr\u00e1\u0161ok alebo tekutina s\u00fa obe formy rovnak\u00e9ho lieku, ktor\u00fd obsahuje gama hydroxybutyr\u00e1t (GHB). Je to n\u00e1vykov\u00e1 l\u00e1tka, ktor\u00e1 pri konzum\u00e1cii ve\u013ek\u00fdch d\u00e1vok v priebehu \u010dasu sp\u00f4sobuje na va\u0161e telo a myse\u013e \u00fa\u010dinky podobn\u00e9 alkoholu.<\/p>\n<p>&nbsp;<\/p>\n<p><strong>Pre\u010do<\/strong> <strong>K\u00fapi\u0165 pr\u00e1\u0161ok gama hydroxybutyr\u00e1tu (GHB) online?<\/strong><\/p>\n<p>N\u00e1kup liekov, ako je pr\u00e1\u0161ok GHB online, n\u00e1m v\u00fdrazne u\u013eah\u010dil \u017eivot. Predt\u00fdm nebolo \u013eahk\u00e9 kupova\u0165 tak\u00e9to drogy online. N\u00e1kup pr\u00e1\u0161ku GHB online je teraz vzdialen\u00fd len tla\u010didlo. Sta\u010d\u00ed klikn\u00fa\u0165 na tla\u010didlo a va\u0161a objedn\u00e1vka je odoslan\u00e1.<\/p>\n<p>&nbsp;<\/p>\n<p><strong>K\u00fapte teraz pr\u00e1\u0161ok gama hydroxybutyr\u00e1tu (GHB).<\/strong><\/p>\n<p><a href=\"https:\/\/gooddealersmeds.com\/sk\/product\/gamma-hydroxybutyrate-ghb-powder\/\">GHB pr\u00e1\u0161ok<\/a> je dostupn\u00fd online prostredn\u00edctvom nieko\u013ek\u00fdch zdrojov vr\u00e1tane \u0161peci\u00e1lnych lek\u00e1rn\u00ed a online drog\u00e9ri\u00ed . Najlep\u0161\u00edm miestom na n\u00e1kup GHB online je Good Dealers Meds, ktor\u00fd poskytuje ve\u013ea mo\u017enost\u00ed na n\u00e1kup tejto ob\u013e\u00fabenej neleg\u00e1lnej drogy za prijate\u013en\u00fa cenu.<\/p>\n<p>&nbsp;<\/p>\n<p>Okrem \u0161irokej ponuky GoodDealersMeds produkty a konkuren\u010dn\u00e9 ceny, u\u017e\u00edvatelia tie\u017e profituj\u00fa z vynikaj\u00faceho t\u00edmu z\u00e1kazn\u00edckych slu\u017eieb Good Dealers Meds, ktor\u00fd v pr\u00edpade potreby poskytuje v\u00fdnimo\u010dn\u00fa podporu.<\/p>\n","protected":false},"excerpt":{"rendered":"<p>H\u013ead\u00e1te, kde k\u00fapi\u0165 GHB Powder? potom v\u00e1m m\u00f4\u017eeme doda\u0165 produkt presne vysokej \u010distoty za prijate\u013en\u00fa cenu.<\/p>\n","protected":false},"featured_media":1975,"comment_status":"open","ping_status":"closed","template":"","meta":{"inline_featured_image":false},"product_brand":[],"product_cat":[345],"product_tag":[519,520,522,518,521,517],"class_list":{"0":"post-1974","1":"product","2":"type-product","3":"status-publish","4":"has-post-thumbnail","6":"product_cat-psychedelick-drogy","7":"product_tag-ghb-powder-buy-online","8":"product_tag-ghb-prok-na-predaj-online","9":"product_tag-kde-mem-dosta-ghb-prok","10":"product_tag-kpi-ghb-doplnky","11":"product_tag-nkup-ghb-prok-online","12":"product_tag-buy-ghb-powder-online-usa","14":"first","15":"instock","16":"shipping-taxable","17":"purchasable","18":"product-type-variable","19":"has-default-attributes"},"yoast_head":"<!-- This site is optimized with the Yoast SEO Premium plugin v20.6 (Yoast SEO v27.3) - https:\/\/yoast.com\/product\/yoast-seo-premium-wordpress\/ -->\n<title>K\u00fapi\u0165 pr\u00e1\u0161ok gama hydroxybutyr\u00e1tu (GHB) | Good Dealers Meds<\/title>\n<meta name=\"description\" content=\"H\u013ead\u00e1te kde k\u00fapi\u0165 gama hydroxybutyr\u00e1tov\u00fd pr\u00e1\u0161ok? M\u00f4\u017eeme v\u00e1m doda\u0165 presne vysoko kvalitn\u00fd produkt za prijate\u013en\u00fa cenu.\" \/>\n<meta name=\"robots\" content=\"index, follow, max-snippet:-1, max-image-preview:large, max-video-preview:-1\" \/>\n<link rel=\"canonical\" href=\"https:\/\/gooddealersmeds.com\/sk\/product\/gama-hydroxybutyrat-ghb-prasok\/\" \/>\n<meta property=\"og:locale\" content=\"en_US\" \/>\n<meta property=\"og:type\" content=\"article\" \/>\n<meta property=\"og:title\" content=\"K\u00fapte si pr\u00e1\u0161ok gama hydroxybutyr\u00e1tu (GHB).\" \/>\n<meta property=\"og:description\" content=\"H\u013ead\u00e1te kde k\u00fapi\u0165 gama hydroxybutyr\u00e1tov\u00fd pr\u00e1\u0161ok? M\u00f4\u017eeme v\u00e1m doda\u0165 presne vysoko kvalitn\u00fd produkt za prijate\u013en\u00fa cenu.\" \/>\n<meta property=\"og:url\" content=\"https:\/\/gooddealersmeds.com\/sk\/product\/gama-hydroxybutyrat-ghb-prasok\/\" \/>\n<meta property=\"og:site_name\" content=\"Good Dealers Meds\" \/>\n<meta property=\"article:modified_time\" content=\"2022-10-03T22:02:27+00:00\" \/>\n<meta property=\"og:image\" content=\"https:\/\/gooddealersmeds.com\/sk\/wp-content\/uploads\/sites\/9\/2022\/07\/Gamma-Hydroxybutyrate-Ghb-Powder.jpg\" \/>\n\t<meta property=\"og:image:width\" content=\"600\" \/>\n\t<meta property=\"og:image:height\" content=\"600\" \/>\n\t<meta property=\"og:image:type\" content=\"image\/jpeg\" \/>\n<meta name=\"twitter:card\" content=\"summary_large_image\" \/>\n<meta name=\"twitter:label1\" content=\"Est. reading time\" \/>\n\t<meta name=\"twitter:data1\" content=\"1 minute\" \/>\n<script type=\"application\/ld+json\" class=\"yoast-schema-graph\">{\"@context\":\"https:\\\/\\\/schema.org\",\"@graph\":[{\"@type\":\"WebPage\",\"@id\":\"https:\\\/\\\/gooddealersmeds.com\\\/sk\\\/product\\\/gama-hydroxybutyrat-ghb-prasok\\\/\",\"url\":\"https:\\\/\\\/gooddealersmeds.com\\\/sk\\\/product\\\/gama-hydroxybutyrat-ghb-prasok\\\/\",\"name\":\"K\u00fapi\u0165 pr\u00e1\u0161ok gama hydroxybutyr\u00e1tu (GHB) | Good Dealers Meds\",\"isPartOf\":{\"@id\":\"https:\\\/\\\/gooddealersmeds.com\\\/sk\\\/#website\"},\"primaryImageOfPage\":{\"@id\":\"https:\\\/\\\/gooddealersmeds.com\\\/sk\\\/product\\\/gama-hydroxybutyrat-ghb-prasok\\\/#primaryimage\"},\"image\":{\"@id\":\"https:\\\/\\\/gooddealersmeds.com\\\/sk\\\/product\\\/gama-hydroxybutyrat-ghb-prasok\\\/#primaryimage\"},\"thumbnailUrl\":\"https:\\\/\\\/gooddealersmeds.com\\\/sk\\\/wp-content\\\/uploads\\\/sites\\\/9\\\/2022\\\/07\\\/Gamma-Hydroxybutyrate-Ghb-Powder.jpg\",\"datePublished\":\"2022-07-03T13:35:45+00:00\",\"dateModified\":\"2022-10-03T22:02:27+00:00\",\"description\":\"H\u013ead\u00e1te kde k\u00fapi\u0165 gama hydroxybutyr\u00e1tov\u00fd pr\u00e1\u0161ok? M\u00f4\u017eeme v\u00e1m doda\u0165 presne vysoko kvalitn\u00fd produkt za prijate\u013en\u00fa cenu.\",\"breadcrumb\":{\"@id\":\"https:\\\/\\\/gooddealersmeds.com\\\/sk\\\/product\\\/gama-hydroxybutyrat-ghb-prasok\\\/#breadcrumb\"},\"inLanguage\":\"en-US\",\"potentialAction\":[{\"@type\":\"ReadAction\",\"target\":[\"https:\\\/\\\/gooddealersmeds.com\\\/sk\\\/product\\\/gama-hydroxybutyrat-ghb-prasok\\\/\"]}]},{\"@type\":\"ImageObject\",\"inLanguage\":\"en-US\",\"@id\":\"https:\\\/\\\/gooddealersmeds.com\\\/sk\\\/product\\\/gama-hydroxybutyrat-ghb-prasok\\\/#primaryimage\",\"url\":\"https:\\\/\\\/gooddealersmeds.com\\\/sk\\\/wp-content\\\/uploads\\\/sites\\\/9\\\/2022\\\/07\\\/Gamma-Hydroxybutyrate-Ghb-Powder.jpg\",\"contentUrl\":\"https:\\\/\\\/gooddealersmeds.com\\\/sk\\\/wp-content\\\/uploads\\\/sites\\\/9\\\/2022\\\/07\\\/Gamma-Hydroxybutyrate-Ghb-Powder.jpg\",\"width\":600,\"height\":600,\"caption\":\"Buy Gamma Hydroxybutyrate Powder\"},{\"@type\":\"BreadcrumbList\",\"@id\":\"https:\\\/\\\/gooddealersmeds.com\\\/sk\\\/product\\\/gama-hydroxybutyrat-ghb-prasok\\\/#breadcrumb\",\"itemListElement\":[{\"@type\":\"ListItem\",\"position\":1,\"name\":\"Home\",\"item\":\"https:\\\/\\\/gooddealersmeds.com\\\/sk\\\/\"},{\"@type\":\"ListItem\",\"position\":2,\"name\":\"Produkty\",\"item\":\"https:\\\/\\\/gooddealersmeds.com\\\/sk\\\/produkty\\\/\"},{\"@type\":\"ListItem\",\"position\":3,\"name\":\"K\u00fapte si pr\u00e1\u0161ok gama hydroxybutyr\u00e1tu (GHB).\"}]},{\"@type\":\"WebSite\",\"@id\":\"https:\\\/\\\/gooddealersmeds.com\\\/sk\\\/#website\",\"url\":\"https:\\\/\\\/gooddealersmeds.com\\\/sk\\\/\",\"name\":\"Good Dealers Meds\",\"description\":\"All our best\",\"publisher\":{\"@id\":\"https:\\\/\\\/gooddealersmeds.com\\\/sk\\\/#organization\"},\"potentialAction\":[{\"@type\":\"SearchAction\",\"target\":{\"@type\":\"EntryPoint\",\"urlTemplate\":\"https:\\\/\\\/gooddealersmeds.com\\\/sk\\\/?s={search_term_string}\"},\"query-input\":{\"@type\":\"PropertyValueSpecification\",\"valueRequired\":true,\"valueName\":\"search_term_string\"}}],\"inLanguage\":\"en-US\"},{\"@type\":\"Organization\",\"@id\":\"https:\\\/\\\/gooddealersmeds.com\\\/sk\\\/#organization\",\"name\":\"Good Dealers Meds\",\"url\":\"https:\\\/\\\/gooddealersmeds.com\\\/sk\\\/\",\"logo\":{\"@type\":\"ImageObject\",\"inLanguage\":\"en-US\",\"@id\":\"https:\\\/\\\/gooddealersmeds.com\\\/sk\\\/#\\\/schema\\\/logo\\\/image\\\/\",\"url\":\"https:\\\/\\\/gooddealersmeds.com\\\/sk\\\/wp-content\\\/uploads\\\/sites\\\/9\\\/2022\\\/03\\\/gooddealersmeds__logo__20220317T222800Z.00.png\",\"contentUrl\":\"https:\\\/\\\/gooddealersmeds.com\\\/sk\\\/wp-content\\\/uploads\\\/sites\\\/9\\\/2022\\\/03\\\/gooddealersmeds__logo__20220317T222800Z.00.png\",\"width\":500,\"height\":325,\"caption\":\"Good Dealers Meds\"},\"image\":{\"@id\":\"https:\\\/\\\/gooddealersmeds.com\\\/sk\\\/#\\\/schema\\\/logo\\\/image\\\/\"}}]}<\/script>\n<!-- \/ Yoast SEO Premium plugin. -->","yoast_head_json":{"title":"K\u00fapi\u0165 pr\u00e1\u0161ok gama hydroxybutyr\u00e1tu (GHB) | Good Dealers Meds","description":"H\u013ead\u00e1te kde k\u00fapi\u0165 gama hydroxybutyr\u00e1tov\u00fd pr\u00e1\u0161ok? M\u00f4\u017eeme v\u00e1m doda\u0165 presne vysoko kvalitn\u00fd produkt za prijate\u013en\u00fa cenu.","robots":{"index":"index","follow":"follow","max-snippet":"max-snippet:-1","max-image-preview":"max-image-preview:large","max-video-preview":"max-video-preview:-1"},"canonical":"https:\/\/gooddealersmeds.com\/sk\/product\/gama-hydroxybutyrat-ghb-prasok\/","og_locale":"en_US","og_type":"article","og_title":"K\u00fapte si pr\u00e1\u0161ok gama hydroxybutyr\u00e1tu (GHB).","og_description":"H\u013ead\u00e1te kde k\u00fapi\u0165 gama hydroxybutyr\u00e1tov\u00fd pr\u00e1\u0161ok? M\u00f4\u017eeme v\u00e1m doda\u0165 presne vysoko kvalitn\u00fd produkt za prijate\u013en\u00fa cenu.","og_url":"https:\/\/gooddealersmeds.com\/sk\/product\/gama-hydroxybutyrat-ghb-prasok\/","og_site_name":"Good Dealers Meds","article_modified_time":"2022-10-03T22:02:27+00:00","og_image":[{"width":600,"height":600,"url":"https:\/\/gooddealersmeds.com\/sk\/wp-content\/uploads\/sites\/9\/2022\/07\/Gamma-Hydroxybutyrate-Ghb-Powder.jpg","type":"image\/jpeg"}],"twitter_card":"summary_large_image","twitter_misc":{"Est. reading time":"1 minute"},"schema":{"@context":"https:\/\/schema.org","@graph":[{"@type":"WebPage","@id":"https:\/\/gooddealersmeds.com\/sk\/product\/gama-hydroxybutyrat-ghb-prasok\/","url":"https:\/\/gooddealersmeds.com\/sk\/product\/gama-hydroxybutyrat-ghb-prasok\/","name":"K\u00fapi\u0165 pr\u00e1\u0161ok gama hydroxybutyr\u00e1tu (GHB) | Good Dealers Meds","isPartOf":{"@id":"https:\/\/gooddealersmeds.com\/sk\/#website"},"primaryImageOfPage":{"@id":"https:\/\/gooddealersmeds.com\/sk\/product\/gama-hydroxybutyrat-ghb-prasok\/#primaryimage"},"image":{"@id":"https:\/\/gooddealersmeds.com\/sk\/product\/gama-hydroxybutyrat-ghb-prasok\/#primaryimage"},"thumbnailUrl":"https:\/\/gooddealersmeds.com\/sk\/wp-content\/uploads\/sites\/9\/2022\/07\/Gamma-Hydroxybutyrate-Ghb-Powder.jpg","datePublished":"2022-07-03T13:35:45+00:00","dateModified":"2022-10-03T22:02:27+00:00","description":"H\u013ead\u00e1te kde k\u00fapi\u0165 gama hydroxybutyr\u00e1tov\u00fd pr\u00e1\u0161ok? M\u00f4\u017eeme v\u00e1m doda\u0165 presne vysoko kvalitn\u00fd produkt za prijate\u013en\u00fa cenu.","breadcrumb":{"@id":"https:\/\/gooddealersmeds.com\/sk\/product\/gama-hydroxybutyrat-ghb-prasok\/#breadcrumb"},"inLanguage":"en-US","potentialAction":[{"@type":"ReadAction","target":["https:\/\/gooddealersmeds.com\/sk\/product\/gama-hydroxybutyrat-ghb-prasok\/"]}]},{"@type":"ImageObject","inLanguage":"en-US","@id":"https:\/\/gooddealersmeds.com\/sk\/product\/gama-hydroxybutyrat-ghb-prasok\/#primaryimage","url":"https:\/\/gooddealersmeds.com\/sk\/wp-content\/uploads\/sites\/9\/2022\/07\/Gamma-Hydroxybutyrate-Ghb-Powder.jpg","contentUrl":"https:\/\/gooddealersmeds.com\/sk\/wp-content\/uploads\/sites\/9\/2022\/07\/Gamma-Hydroxybutyrate-Ghb-Powder.jpg","width":600,"height":600,"caption":"Buy Gamma Hydroxybutyrate Powder"},{"@type":"BreadcrumbList","@id":"https:\/\/gooddealersmeds.com\/sk\/product\/gama-hydroxybutyrat-ghb-prasok\/#breadcrumb","itemListElement":[{"@type":"ListItem","position":1,"name":"Home","item":"https:\/\/gooddealersmeds.com\/sk\/"},{"@type":"ListItem","position":2,"name":"Produkty","item":"https:\/\/gooddealersmeds.com\/sk\/produkty\/"},{"@type":"ListItem","position":3,"name":"K\u00fapte si pr\u00e1\u0161ok gama hydroxybutyr\u00e1tu (GHB)."}]},{"@type":"WebSite","@id":"https:\/\/gooddealersmeds.com\/sk\/#website","url":"https:\/\/gooddealersmeds.com\/sk\/","name":"Good Dealers Meds","description":"All our best","publisher":{"@id":"https:\/\/gooddealersmeds.com\/sk\/#organization"},"potentialAction":[{"@type":"SearchAction","target":{"@type":"EntryPoint","urlTemplate":"https:\/\/gooddealersmeds.com\/sk\/?s={search_term_string}"},"query-input":{"@type":"PropertyValueSpecification","valueRequired":true,"valueName":"search_term_string"}}],"inLanguage":"en-US"},{"@type":"Organization","@id":"https:\/\/gooddealersmeds.com\/sk\/#organization","name":"Good Dealers Meds","url":"https:\/\/gooddealersmeds.com\/sk\/","logo":{"@type":"ImageObject","inLanguage":"en-US","@id":"https:\/\/gooddealersmeds.com\/sk\/#\/schema\/logo\/image\/","url":"https:\/\/gooddealersmeds.com\/sk\/wp-content\/uploads\/sites\/9\/2022\/03\/gooddealersmeds__logo__20220317T222800Z.00.png","contentUrl":"https:\/\/gooddealersmeds.com\/sk\/wp-content\/uploads\/sites\/9\/2022\/03\/gooddealersmeds__logo__20220317T222800Z.00.png","width":500,"height":325,"caption":"Good Dealers Meds"},"image":{"@id":"https:\/\/gooddealersmeds.com\/sk\/#\/schema\/logo\/image\/"}}]}},"_links":{"self":[{"href":"https:\/\/gooddealersmeds.com\/sk\/wp-json\/wp\/v2\/product\/1974","targetHints":{"allow":["GET"]}}],"collection":[{"href":"https:\/\/gooddealersmeds.com\/sk\/wp-json\/wp\/v2\/product"}],"about":[{"href":"https:\/\/gooddealersmeds.com\/sk\/wp-json\/wp\/v2\/types\/product"}],"replies":[{"embeddable":true,"href":"https:\/\/gooddealersmeds.com\/sk\/wp-json\/wp\/v2\/comments?post=1974"}],"wp:featuredmedia":[{"embeddable":true,"href":"https:\/\/gooddealersmeds.com\/sk\/wp-json\/wp\/v2\/media\/1975"}],"wp:attachment":[{"href":"https:\/\/gooddealersmeds.com\/sk\/wp-json\/wp\/v2\/media?parent=1974"}],"wp:term":[{"taxonomy":"product_brand","embeddable":true,"href":"https:\/\/gooddealersmeds.com\/sk\/wp-json\/wp\/v2\/product_brand?post=1974"},{"taxonomy":"product_cat","embeddable":true,"href":"https:\/\/gooddealersmeds.com\/sk\/wp-json\/wp\/v2\/product_cat?post=1974"},{"taxonomy":"product_tag","embeddable":true,"href":"https:\/\/gooddealersmeds.com\/sk\/wp-json\/wp\/v2\/product_tag?post=1974"}],"curies":[{"name":"wp","href":"https:\/\/api.w.org\/{rel}","templated":true}]}}