{"id":1967,"date":"2022-07-03T13:18:30","date_gmt":"2022-07-03T13:18:30","guid":{"rendered":"https:\/\/gooddealersmeds.com\/sk\/?post_type=product&#038;p=1967"},"modified":"2024-11-25T14:42:04","modified_gmt":"2024-11-25T14:42:04","slug":"kupit-nembutal-prasok","status":"publish","type":"product","link":"https:\/\/gooddealersmeds.com\/sk\/product\/kupit-nembutal-prasok\/","title":{"rendered":"K\u00fapte si \u010dist\u00fd Nembutalov\u00fd pr\u00e1\u0161ok"},"content":{"rendered":"<p>K\u00fapte si \u010dist\u00fd <a href=\"https:\/\/gooddealersmeds.com\/sk\/product\/kupit-nembutal-prasok\/\">Nembutalov\u00fd<\/a> pr\u00e1\u0161ok v na\u0161om internetovom obchode. Ak ste ochotn\u00ed k\u00fapi\u0165 Nembutalov\u00fd pr\u00e1\u0161ok online od popredn\u00fdch dod\u00e1vate\u013eov Nembutalov\u00e9ho pr\u00e1\u0161ku, potom je na\u0161a lek\u00e1re\u0148 t\u00fdm spr\u00e1vnym miestom, kde to dosiahnu\u0165. Spojte sa s nami e\u0161te dnes a \u010doskoro vybavte svoje po\u017eiadavky. V\u00e1\u0161 liek sa k v\u00e1m dostane na vami preferovan\u00e9 miesto. Objednajte si Nembutal pr\u00e1\u0161ok online za najlep\u0161iu cenu teraz!<\/p>\n<p>M\u00e1te probl\u00e9my so sp\u00e1nkom v noci? C\u00edtite sa po rannom prebuden\u00ed unaven\u00ed? Nedostatok sp\u00e1nku m\u00f4\u017ee naru\u0161i\u0165 va\u0161u ka\u017edodenn\u00fa rutinu. Nielen\u017ee budete menej produkt\u00edvni, ale m\u00f4\u017ee to vies\u0165 aj k v\u00e1\u017enym n\u00e1sledkom, ako je obezita, oslaben\u00fd imunitn\u00fd syst\u00e9m a srdcov\u00e9 probl\u00e9my. Jednou z naj\u0165a\u017e\u0161\u00edch v\u00fdziev, ktor\u00fdm \u010del\u00edme, je zmena sp\u00f4sobu \u017eivota. Mo\u017eno to budete chcie\u0165 urobi\u0165, ale kv\u00f4li dlh\u00e9mu pracovn\u00e9mu \u010dasu a in\u00fdm povinnostiam sa st\u00e1le vraciate na za\u010diatok, Nembutalov\u00fd pr\u00e1\u0161ok online<\/p>\n<p>Nembutal Powder je dobre zn\u00e1my t\u00fdm, \u017ee navodzuje sp\u00e1nok u pacientov so sp\u00e1nkov\u00fdmi probl\u00e9mami, ako je nespavos\u0165 alebo \u0165a\u017ekosti spa\u0165. V mnoh\u00fdch pr\u00edpadoch sa pou\u017e\u00edva aj ako sedat\u00edvum proti nervozite. Ak m\u00e1te na mysli rovnak\u00e9 ciele, je m\u00fadre rozhodnutie zak\u00fapi\u0165 si Nembutal Powder online z na\u0161ej online lek\u00e1rne.<\/p>\n<p>Kvalita liekov hr\u00e1 z\u00e1sadn\u00fa \u00falohu pri ur\u010dovan\u00ed druhu \u00fa\u010dinku, ktor\u00fd bud\u00fa ma\u0165 na v\u00e1\u0161 telo. \u010dlovek by sa mal zdr\u017ea\u0165 n\u00e1kupu liekov, ktor\u00e9 neboli schv\u00e1len\u00e9 na \u013eudsk\u00fa spotrebu, K\u00fapte si \u010dist\u00fd Nembutalov\u00fd pr\u00e1\u0161ok<\/p>\n<p>Ke\u010f si objedn\u00e1te pr\u00e1\u0161ok nembutalu z n\u00e1\u0161ho internetov\u00e9ho obchodu, m\u00f4\u017eete si by\u0165 ist\u00ed jeho kvalitou. Pracujeme udr\u017eate\u013ene, aby sme zaru\u010dili maxim\u00e1lne v\u00fdsledky z na\u0161ich produktov. Pon\u00fakame vysoko kvalitn\u00fd Nembutal s \u010distotou 99,8% za najlep\u0161ie konkuren\u010dn\u00e9 ceny. Na\u0161u vynikaj\u00facu poves\u0165<br \/>\nsme si vybudovali t\u00fdm, \u017ee na\u0161im z\u00e1kazn\u00edkom pon\u00fakame vynikaj\u00facu kvalitu\/vysok\u00fa \u010distotu Nembutalu s diskr\u00e9tnym doru\u010den\u00edm a priate\u013eskou z\u00e1kazn\u00edckou podporou. Poskytujeme vynikaj\u00facu \u010distotu, bezpe\u010dn\u00fa platbu, ve\u013emi diskr\u00e9tne, r\u00fdchle a efekt\u00edvne doru\u010denie.<\/p>\n","protected":false},"excerpt":{"rendered":"<p>V\u0161etky vy\u0161\u0161ie op\u00edsan\u00e9 produkty poskytujeme za ve\u013emi prijate\u013en\u00e9 ceny a doru\u010dujeme ich na ak\u00e9ko\u013evek miesto po celom svete. Sme teda hrd\u00ed na to, \u017ee na\u0161e prepravn\u00e9 slu\u017eby s\u00fa 100% zaru\u010den\u00e9 a bezpe\u010dn\u00e9. Na\u0161e produkty s\u00fa dobre zabezpe\u010den\u00e9, aby sa zabr\u00e1nilo ak\u00e9muko\u013evek zachyteniu. Na\u0161e hlavn\u00e9 produkty s\u00fa:- Nembutal&#8217;s Powder, barbitur\u00e1tov\u00e1 testovacia s\u00faprava, Nembutalov\u00e9 pilulky, peror\u00e1lna tekutina a v\u0161etky s\u00fa zobrazen\u00e9 v na\u0161om internetovom obchode.<\/p>\n","protected":false},"featured_media":1968,"comment_status":"open","ping_status":"closed","template":"","meta":{"inline_featured_image":false},"product_brand":[],"product_cat":[343],"product_tag":[],"class_list":{"0":"post-1967","1":"product","2":"type-product","3":"status-publish","4":"has-post-thumbnail","6":"product_cat-in","8":"first","9":"instock","10":"shipping-taxable","11":"purchasable","12":"product-type-variable","13":"has-default-attributes"},"yoast_head":"<!-- This site is optimized with the Yoast SEO Premium plugin v20.6 (Yoast SEO v27.4) - https:\/\/yoast.com\/product\/yoast-seo-premium-wordpress\/ -->\n<title>Nembutalov\u00fd pr\u00e1\u0161ok online - k\u00fapi\u0165 v najlep\u0161ej kvalite |<\/title>\n<meta name=\"description\" content=\"K\u00fapte si nembutalov\u00fd pr\u00e1\u0161ok online (Pentobarbital) a nechajte si ho posla\u0165 domov. Doru\u010dujeme ho na ak\u00e9ko\u013evek miesto\/krajinu po celom svete.\" \/>\n<meta name=\"robots\" content=\"index, follow, max-snippet:-1, max-image-preview:large, max-video-preview:-1\" \/>\n<link rel=\"canonical\" href=\"https:\/\/gooddealersmeds.com\/sk\/product\/kupit-nembutal-prasok\/\" \/>\n<meta property=\"og:locale\" content=\"en_US\" \/>\n<meta property=\"og:type\" content=\"article\" \/>\n<meta property=\"og:title\" content=\"K\u00fapte si \u010dist\u00fd Nembutalov\u00fd pr\u00e1\u0161ok\" \/>\n<meta property=\"og:description\" content=\"K\u00fapte si nembutalov\u00fd pr\u00e1\u0161ok online (Pentobarbital) a nechajte si ho posla\u0165 domov. Doru\u010dujeme ho na ak\u00e9ko\u013evek miesto\/krajinu po celom svete.\" \/>\n<meta property=\"og:url\" content=\"https:\/\/gooddealersmeds.com\/sk\/product\/kupit-nembutal-prasok\/\" \/>\n<meta property=\"og:site_name\" content=\"Good Dealers Meds\" \/>\n<meta property=\"article:modified_time\" content=\"2024-11-25T14:42:04+00:00\" \/>\n<meta property=\"og:image\" content=\"https:\/\/gooddealersmeds.com\/sk\/wp-content\/uploads\/sites\/9\/2022\/07\/nembutal-powder.jpg\" \/>\n\t<meta property=\"og:image:width\" content=\"600\" \/>\n\t<meta property=\"og:image:height\" content=\"450\" \/>\n\t<meta property=\"og:image:type\" content=\"image\/jpeg\" \/>\n<meta name=\"twitter:card\" content=\"summary_large_image\" \/>\n<meta name=\"twitter:label1\" content=\"Est. reading time\" \/>\n\t<meta name=\"twitter:data1\" content=\"2 minutes\" \/>\n<script type=\"application\/ld+json\" class=\"yoast-schema-graph\">{\"@context\":\"https:\\\/\\\/schema.org\",\"@graph\":[{\"@type\":\"WebPage\",\"@id\":\"https:\\\/\\\/gooddealersmeds.com\\\/sk\\\/product\\\/kupit-nembutal-prasok\\\/\",\"url\":\"https:\\\/\\\/gooddealersmeds.com\\\/sk\\\/product\\\/kupit-nembutal-prasok\\\/\",\"name\":\"Nembutalov\u00fd pr\u00e1\u0161ok online - k\u00fapi\u0165 v najlep\u0161ej kvalite |\",\"isPartOf\":{\"@id\":\"https:\\\/\\\/gooddealersmeds.com\\\/sk\\\/#website\"},\"primaryImageOfPage\":{\"@id\":\"https:\\\/\\\/gooddealersmeds.com\\\/sk\\\/product\\\/kupit-nembutal-prasok\\\/#primaryimage\"},\"image\":{\"@id\":\"https:\\\/\\\/gooddealersmeds.com\\\/sk\\\/product\\\/kupit-nembutal-prasok\\\/#primaryimage\"},\"thumbnailUrl\":\"https:\\\/\\\/gooddealersmeds.com\\\/sk\\\/wp-content\\\/uploads\\\/sites\\\/9\\\/2022\\\/07\\\/nembutal-powder.jpg\",\"datePublished\":\"2022-07-03T13:18:30+00:00\",\"dateModified\":\"2024-11-25T14:42:04+00:00\",\"description\":\"K\u00fapte si nembutalov\u00fd pr\u00e1\u0161ok online (Pentobarbital) a nechajte si ho posla\u0165 domov. Doru\u010dujeme ho na ak\u00e9ko\u013evek miesto\\\/krajinu po celom svete.\",\"breadcrumb\":{\"@id\":\"https:\\\/\\\/gooddealersmeds.com\\\/sk\\\/product\\\/kupit-nembutal-prasok\\\/#breadcrumb\"},\"inLanguage\":\"en-US\",\"potentialAction\":[{\"@type\":\"ReadAction\",\"target\":[\"https:\\\/\\\/gooddealersmeds.com\\\/sk\\\/product\\\/kupit-nembutal-prasok\\\/\"]}]},{\"@type\":\"ImageObject\",\"inLanguage\":\"en-US\",\"@id\":\"https:\\\/\\\/gooddealersmeds.com\\\/sk\\\/product\\\/kupit-nembutal-prasok\\\/#primaryimage\",\"url\":\"https:\\\/\\\/gooddealersmeds.com\\\/sk\\\/wp-content\\\/uploads\\\/sites\\\/9\\\/2022\\\/07\\\/nembutal-powder.jpg\",\"contentUrl\":\"https:\\\/\\\/gooddealersmeds.com\\\/sk\\\/wp-content\\\/uploads\\\/sites\\\/9\\\/2022\\\/07\\\/nembutal-powder.jpg\",\"width\":600,\"height\":450,\"caption\":\"Nembutal Powder Online\"},{\"@type\":\"BreadcrumbList\",\"@id\":\"https:\\\/\\\/gooddealersmeds.com\\\/sk\\\/product\\\/kupit-nembutal-prasok\\\/#breadcrumb\",\"itemListElement\":[{\"@type\":\"ListItem\",\"position\":1,\"name\":\"Home\",\"item\":\"https:\\\/\\\/gooddealersmeds.com\\\/sk\\\/\"},{\"@type\":\"ListItem\",\"position\":2,\"name\":\"Produkty\",\"item\":\"https:\\\/\\\/gooddealersmeds.com\\\/sk\\\/produkty\\\/\"},{\"@type\":\"ListItem\",\"position\":3,\"name\":\"K\u00fapte si \u010dist\u00fd Nembutalov\u00fd pr\u00e1\u0161ok\"}]},{\"@type\":\"WebSite\",\"@id\":\"https:\\\/\\\/gooddealersmeds.com\\\/sk\\\/#website\",\"url\":\"https:\\\/\\\/gooddealersmeds.com\\\/sk\\\/\",\"name\":\"Good Dealers Meds\",\"description\":\"All our best\",\"publisher\":{\"@id\":\"https:\\\/\\\/gooddealersmeds.com\\\/sk\\\/#organization\"},\"potentialAction\":[{\"@type\":\"SearchAction\",\"target\":{\"@type\":\"EntryPoint\",\"urlTemplate\":\"https:\\\/\\\/gooddealersmeds.com\\\/sk\\\/?s={search_term_string}\"},\"query-input\":{\"@type\":\"PropertyValueSpecification\",\"valueRequired\":true,\"valueName\":\"search_term_string\"}}],\"inLanguage\":\"en-US\"},{\"@type\":\"Organization\",\"@id\":\"https:\\\/\\\/gooddealersmeds.com\\\/sk\\\/#organization\",\"name\":\"Good Dealers Meds\",\"url\":\"https:\\\/\\\/gooddealersmeds.com\\\/sk\\\/\",\"logo\":{\"@type\":\"ImageObject\",\"inLanguage\":\"en-US\",\"@id\":\"https:\\\/\\\/gooddealersmeds.com\\\/sk\\\/#\\\/schema\\\/logo\\\/image\\\/\",\"url\":\"https:\\\/\\\/gooddealersmeds.com\\\/sk\\\/wp-content\\\/uploads\\\/sites\\\/9\\\/2022\\\/03\\\/gooddealersmeds__logo__20220317T222800Z.00.png\",\"contentUrl\":\"https:\\\/\\\/gooddealersmeds.com\\\/sk\\\/wp-content\\\/uploads\\\/sites\\\/9\\\/2022\\\/03\\\/gooddealersmeds__logo__20220317T222800Z.00.png\",\"width\":500,\"height\":325,\"caption\":\"Good Dealers Meds\"},\"image\":{\"@id\":\"https:\\\/\\\/gooddealersmeds.com\\\/sk\\\/#\\\/schema\\\/logo\\\/image\\\/\"}}]}<\/script>\n<!-- \/ Yoast SEO Premium plugin. -->","yoast_head_json":{"title":"Nembutalov\u00fd pr\u00e1\u0161ok online - k\u00fapi\u0165 v najlep\u0161ej kvalite |","description":"K\u00fapte si nembutalov\u00fd pr\u00e1\u0161ok online (Pentobarbital) a nechajte si ho posla\u0165 domov. Doru\u010dujeme ho na ak\u00e9ko\u013evek miesto\/krajinu po celom svete.","robots":{"index":"index","follow":"follow","max-snippet":"max-snippet:-1","max-image-preview":"max-image-preview:large","max-video-preview":"max-video-preview:-1"},"canonical":"https:\/\/gooddealersmeds.com\/sk\/product\/kupit-nembutal-prasok\/","og_locale":"en_US","og_type":"article","og_title":"K\u00fapte si \u010dist\u00fd Nembutalov\u00fd pr\u00e1\u0161ok","og_description":"K\u00fapte si nembutalov\u00fd pr\u00e1\u0161ok online (Pentobarbital) a nechajte si ho posla\u0165 domov. Doru\u010dujeme ho na ak\u00e9ko\u013evek miesto\/krajinu po celom svete.","og_url":"https:\/\/gooddealersmeds.com\/sk\/product\/kupit-nembutal-prasok\/","og_site_name":"Good Dealers Meds","article_modified_time":"2024-11-25T14:42:04+00:00","og_image":[{"width":600,"height":450,"url":"https:\/\/gooddealersmeds.com\/sk\/wp-content\/uploads\/sites\/9\/2022\/07\/nembutal-powder.jpg","type":"image\/jpeg"}],"twitter_card":"summary_large_image","twitter_misc":{"Est. reading time":"2 minutes"},"schema":{"@context":"https:\/\/schema.org","@graph":[{"@type":"WebPage","@id":"https:\/\/gooddealersmeds.com\/sk\/product\/kupit-nembutal-prasok\/","url":"https:\/\/gooddealersmeds.com\/sk\/product\/kupit-nembutal-prasok\/","name":"Nembutalov\u00fd pr\u00e1\u0161ok online - k\u00fapi\u0165 v najlep\u0161ej kvalite |","isPartOf":{"@id":"https:\/\/gooddealersmeds.com\/sk\/#website"},"primaryImageOfPage":{"@id":"https:\/\/gooddealersmeds.com\/sk\/product\/kupit-nembutal-prasok\/#primaryimage"},"image":{"@id":"https:\/\/gooddealersmeds.com\/sk\/product\/kupit-nembutal-prasok\/#primaryimage"},"thumbnailUrl":"https:\/\/gooddealersmeds.com\/sk\/wp-content\/uploads\/sites\/9\/2022\/07\/nembutal-powder.jpg","datePublished":"2022-07-03T13:18:30+00:00","dateModified":"2024-11-25T14:42:04+00:00","description":"K\u00fapte si nembutalov\u00fd pr\u00e1\u0161ok online (Pentobarbital) a nechajte si ho posla\u0165 domov. Doru\u010dujeme ho na ak\u00e9ko\u013evek miesto\/krajinu po celom svete.","breadcrumb":{"@id":"https:\/\/gooddealersmeds.com\/sk\/product\/kupit-nembutal-prasok\/#breadcrumb"},"inLanguage":"en-US","potentialAction":[{"@type":"ReadAction","target":["https:\/\/gooddealersmeds.com\/sk\/product\/kupit-nembutal-prasok\/"]}]},{"@type":"ImageObject","inLanguage":"en-US","@id":"https:\/\/gooddealersmeds.com\/sk\/product\/kupit-nembutal-prasok\/#primaryimage","url":"https:\/\/gooddealersmeds.com\/sk\/wp-content\/uploads\/sites\/9\/2022\/07\/nembutal-powder.jpg","contentUrl":"https:\/\/gooddealersmeds.com\/sk\/wp-content\/uploads\/sites\/9\/2022\/07\/nembutal-powder.jpg","width":600,"height":450,"caption":"Nembutal Powder Online"},{"@type":"BreadcrumbList","@id":"https:\/\/gooddealersmeds.com\/sk\/product\/kupit-nembutal-prasok\/#breadcrumb","itemListElement":[{"@type":"ListItem","position":1,"name":"Home","item":"https:\/\/gooddealersmeds.com\/sk\/"},{"@type":"ListItem","position":2,"name":"Produkty","item":"https:\/\/gooddealersmeds.com\/sk\/produkty\/"},{"@type":"ListItem","position":3,"name":"K\u00fapte si \u010dist\u00fd Nembutalov\u00fd pr\u00e1\u0161ok"}]},{"@type":"WebSite","@id":"https:\/\/gooddealersmeds.com\/sk\/#website","url":"https:\/\/gooddealersmeds.com\/sk\/","name":"Good Dealers Meds","description":"All our best","publisher":{"@id":"https:\/\/gooddealersmeds.com\/sk\/#organization"},"potentialAction":[{"@type":"SearchAction","target":{"@type":"EntryPoint","urlTemplate":"https:\/\/gooddealersmeds.com\/sk\/?s={search_term_string}"},"query-input":{"@type":"PropertyValueSpecification","valueRequired":true,"valueName":"search_term_string"}}],"inLanguage":"en-US"},{"@type":"Organization","@id":"https:\/\/gooddealersmeds.com\/sk\/#organization","name":"Good Dealers Meds","url":"https:\/\/gooddealersmeds.com\/sk\/","logo":{"@type":"ImageObject","inLanguage":"en-US","@id":"https:\/\/gooddealersmeds.com\/sk\/#\/schema\/logo\/image\/","url":"https:\/\/gooddealersmeds.com\/sk\/wp-content\/uploads\/sites\/9\/2022\/03\/gooddealersmeds__logo__20220317T222800Z.00.png","contentUrl":"https:\/\/gooddealersmeds.com\/sk\/wp-content\/uploads\/sites\/9\/2022\/03\/gooddealersmeds__logo__20220317T222800Z.00.png","width":500,"height":325,"caption":"Good Dealers Meds"},"image":{"@id":"https:\/\/gooddealersmeds.com\/sk\/#\/schema\/logo\/image\/"}}]}},"_links":{"self":[{"href":"https:\/\/gooddealersmeds.com\/sk\/wp-json\/wp\/v2\/product\/1967","targetHints":{"allow":["GET"]}}],"collection":[{"href":"https:\/\/gooddealersmeds.com\/sk\/wp-json\/wp\/v2\/product"}],"about":[{"href":"https:\/\/gooddealersmeds.com\/sk\/wp-json\/wp\/v2\/types\/product"}],"replies":[{"embeddable":true,"href":"https:\/\/gooddealersmeds.com\/sk\/wp-json\/wp\/v2\/comments?post=1967"}],"wp:featuredmedia":[{"embeddable":true,"href":"https:\/\/gooddealersmeds.com\/sk\/wp-json\/wp\/v2\/media\/1968"}],"wp:attachment":[{"href":"https:\/\/gooddealersmeds.com\/sk\/wp-json\/wp\/v2\/media?parent=1967"}],"wp:term":[{"taxonomy":"product_brand","embeddable":true,"href":"https:\/\/gooddealersmeds.com\/sk\/wp-json\/wp\/v2\/product_brand?post=1967"},{"taxonomy":"product_cat","embeddable":true,"href":"https:\/\/gooddealersmeds.com\/sk\/wp-json\/wp\/v2\/product_cat?post=1967"},{"taxonomy":"product_tag","embeddable":true,"href":"https:\/\/gooddealersmeds.com\/sk\/wp-json\/wp\/v2\/product_tag?post=1967"}],"curies":[{"name":"wp","href":"https:\/\/api.w.org\/{rel}","templated":true}]}}