{"id":1965,"date":"2022-07-03T13:10:22","date_gmt":"2022-07-03T13:10:22","guid":{"rendered":"https:\/\/gooddealersmeds.com\/sk\/?post_type=product&#038;p=1965"},"modified":"2022-10-03T22:02:41","modified_gmt":"2022-10-03T22:02:41","slug":"kupit-koncert-online","status":"publish","type":"product","link":"https:\/\/gooddealersmeds.com\/sk\/product\/kupit-koncert-online\/","title":{"rendered":"K\u00fapi\u0165 Concerta online"},"content":{"rendered":"<h1><strong>Concerta na predaj online<\/strong><\/h1>\n<p>&nbsp;<\/p>\n<p>Concerta je liek, ktor\u00fd pom\u00e1ha lie\u010di\u0165 poruchu pozornosti (ADD) u dospel\u00fdch. Obsahuje metylfenid\u00e1t, ktor\u00fd je navrhnut\u00fd tak, aby pomohol \u013eu\u010fom viac sa s\u00fastredi\u0165 a s\u00fastredi\u0165. Concerta lie\u010di ADD u dospel\u00fdch, ktor\u00ed nereaguj\u00fa dobre na in\u00e9 lie\u010dby. M\u00f4\u017ee sa tie\u017e pou\u017ei\u0165 na lie\u010dbu narkolepsie u dospel\u00fdch, ktor\u00ed poci\u0165uj\u00fa nadmern\u00fa denn\u00fa ospalos\u0165.<\/p>\n<p>Lie\u010divo je dostupn\u00e9 vo forme tabliet a u\u017e\u00edva sa raz denne, s jedlom alebo bez jedla. Nemie\u0161ajte ho s alkoholom alebo in\u00fdmi drogami. Je to dlhodobo p\u00f4sobiaci liek, ktor\u00fd trv\u00e1 12 hod\u00edn po u\u017eit\u00ed, tak\u017ee v\u00e1m m\u00f4\u017ee pom\u00f4c\u0165 zosta\u0165 s\u00fastreden\u00fd a bdel\u00fd po\u010das cel\u00e9ho d\u0148a.<\/p>\n<p>M\u00e1 tie\u017e n\u00edzky potenci\u00e1l zneu\u017eitia, \u010do znamen\u00e1, \u017ee je nepravdepodobn\u00e9 sp\u00f4sobi\u0165 ved\u013eaj\u0161ie \u00fa\u010dinky, ako je vysok\u00fd krvn\u00fd tlak alebo srdcov\u00e9 probl\u00e9my. Concerta funguje tak, \u017ee zvy\u0161uje hladinu dopam\u00ednu vo va\u0161om mozgu, \u010do pom\u00e1ha zlep\u0161i\u0165 s\u00fastredenie, pozornos\u0165 a kontrolu impulzov.<\/p>\n<p>V skratke, Concerta bola predp\u00edsan\u00e1 pre \u013eud\u00ed, ktor\u00ed maj\u00fa probl\u00e9my so s\u00fastreden\u00edm a pozornos\u0165ou. Pom\u00e1ha tie\u017e kontrolova\u0165 hyperaktivitu, ako je vrtenie sa alebo pr\u00edli\u0161 ve\u013ea pohybu, ke\u010f by ste nemali.<\/p>\n<p>Neu\u017e\u00edvajte tento liek, ak ste tehotn\u00e1 alebo doj\u010d\u00edte kv\u00f4li riziku vroden\u00fdch por\u00fach alebo abstinen\u010dn\u00fdch pr\u00edznakov. ak prestanete u\u017e\u00edva\u0165 liek n\u00e1hle po dlhodobom u\u017e\u00edvan\u00ed (viac ako dva t\u00fd\u017edne).<\/p>\n<p><strong>\u00a0<\/strong><\/p>\n<h2><strong>Pre\u010do si objedna\u0165 Concerta online?<\/p>\n<p><strong>\u00a0<\/strong><\/p>\n<h2><strong>Pre\u010do si objedna\u0165 Concerta online?<\/p>\n<p> strong&gt;<\/h2>\n<p><strong>\u00a0<\/strong><\/p>\n<p>Nakupovanie Concerta online m\u00e1 mnoho v\u00fdhod. Povedzme, \u017ee na <a href=\"https:\/\/gooddealersmeds.com\/sk\/product\/buy-concerta-online\/\">k\u00fapu Concerta<\/a> online svojmu predajcovi nebudete musie\u0165 uk\u00e1za\u0165 \u017eiadny predpis. Ak m\u00e1te 21+ rokov, m\u00f4\u017eete \u00eds\u0165. Okrem toho si m\u00f4\u017eete objedna\u0165 po\u017eadovan\u00fd produkt bez ak\u00fdchko\u013evek \u010fal\u0161\u00edch obmedzen\u00ed. Aj to bez toho, aby ste museli h\u00fdba\u0165 zadkom alebo robi\u0165 nejak\u00fa tvrd\u00fa pr\u00e1cu.<\/p>\n<p><strong>\u00a0<\/strong><\/p>\n<p><strong>Ak\u00e9 je najlep\u0161ie miesto na n\u00e1kup Concerta online?<\/p>\n<p> strong&gt;<\/p>\n<p><strong>\u00a0<\/strong><\/p>\n<p>P\u00fader Concerta je mo\u017en\u00e9 zak\u00fapi\u0165 online. Najlep\u0161ie miesto na n\u00e1kup metylfenid\u00e1tu online je od spo\u013eahlivej spolo\u010dnosti, ako je GoodDealersMeds, preto\u017ee podnik\u00e1me u\u017e viac ako 10 rokov a osved\u010dili sme sa ako spo\u013eahliv\u00ed. M\u00e1me ve\u013ea produktov vr\u00e1tane metylfenid\u00e1tu, no na\u0161\u00edm hlavn\u00fdm zameran\u00edm je poskytovanie vysokokvalitn\u00fdch slu\u017eieb a spokojnos\u0165 z\u00e1kazn\u00edkov.<\/p>\n","protected":false},"excerpt":{"rendered":"<p>K\u00fapi\u0165 Concerta Online sa pou\u017e\u00edva na lie\u010dbu poruchy pozornosti s hyperaktivitou \u2013 ADHD. Funguje tak, \u017ee men\u00ed mno\u017estvo ur\u010dit\u00fdch pr\u00edrodn\u00fdch l\u00e1tok v mozgu. Metylfenid\u00e1t patr\u00ed do triedy liekov zn\u00e1mych ako stimulanty. M\u00f4\u017ee pom\u00f4c\u0165 zv\u00fd\u0161i\u0165 va\u0161u schopnos\u0165 venova\u0165 pozornos\u0165, s\u00fastredi\u0165 sa na aktivitu a kontrolova\u0165 probl\u00e9my so spr\u00e1van\u00edm. M\u00f4\u017ee v\u00e1m tie\u017e pom\u00f4c\u0165 zorganizova\u0165 si \u00falohy a zlep\u0161i\u0165 schopnos\u0165 po\u010d\u00fava\u0165.<\/p>\n","protected":false},"featured_media":1966,"comment_status":"open","ping_status":"closed","template":"","meta":{"inline_featured_image":false},"product_brand":[],"product_cat":[346],"product_tag":[],"class_list":{"0":"post-1965","1":"product","2":"type-product","3":"status-publish","4":"has-post-thumbnail","6":"product_cat-stimulanty","8":"first","9":"instock","10":"shipping-taxable","11":"purchasable","12":"product-type-simple"},"yoast_head":"<!-- This site is optimized with the Yoast SEO Premium plugin v20.6 (Yoast SEO v27.4) - https:\/\/yoast.com\/product\/yoast-seo-premium-wordpress\/ -->\n<title>K\u00fapi\u0165 Concerta online (metylfenid\u00e1t HCL) | Good Dealers Meds<\/title>\n<meta name=\"description\" content=\"K\u00fapi\u0165 Concerta Online; pou\u017e\u00edva sa na lie\u010dbu poruchy pozornosti s hyperaktivitou. Funguje tak, \u017ee men\u00ed prirodzen\u00e9 l\u00e1tky v mozgu.\" \/>\n<meta name=\"robots\" content=\"index, follow, max-snippet:-1, max-image-preview:large, max-video-preview:-1\" \/>\n<link rel=\"canonical\" href=\"https:\/\/gooddealersmeds.com\/sk\/product\/kupit-koncert-online\/\" \/>\n<meta property=\"og:locale\" content=\"en_US\" \/>\n<meta property=\"og:type\" content=\"article\" \/>\n<meta property=\"og:title\" content=\"K\u00fapi\u0165 Concerta online\" \/>\n<meta property=\"og:description\" content=\"K\u00fapi\u0165 Concerta Online; pou\u017e\u00edva sa na lie\u010dbu poruchy pozornosti s hyperaktivitou. Funguje tak, \u017ee men\u00ed prirodzen\u00e9 l\u00e1tky v mozgu.\" \/>\n<meta property=\"og:url\" content=\"https:\/\/gooddealersmeds.com\/sk\/product\/kupit-koncert-online\/\" \/>\n<meta property=\"og:site_name\" content=\"Good Dealers Meds\" \/>\n<meta property=\"article:modified_time\" content=\"2022-10-03T22:02:41+00:00\" \/>\n<meta property=\"og:image\" content=\"https:\/\/gooddealersmeds.com\/sk\/wp-content\/uploads\/sites\/9\/2022\/07\/concerta-36mg-500x500-1.png\" \/>\n\t<meta property=\"og:image:width\" content=\"500\" \/>\n\t<meta property=\"og:image:height\" content=\"500\" \/>\n\t<meta property=\"og:image:type\" content=\"image\/png\" \/>\n<meta name=\"twitter:card\" content=\"summary_large_image\" \/>\n<meta name=\"twitter:label1\" content=\"Est. reading time\" \/>\n\t<meta name=\"twitter:data1\" content=\"2 minutes\" \/>\n<script type=\"application\/ld+json\" class=\"yoast-schema-graph\">{\"@context\":\"https:\\\/\\\/schema.org\",\"@graph\":[{\"@type\":\"WebPage\",\"@id\":\"https:\\\/\\\/gooddealersmeds.com\\\/sk\\\/product\\\/kupit-koncert-online\\\/\",\"url\":\"https:\\\/\\\/gooddealersmeds.com\\\/sk\\\/product\\\/kupit-koncert-online\\\/\",\"name\":\"K\u00fapi\u0165 Concerta online (metylfenid\u00e1t HCL) | Good Dealers Meds\",\"isPartOf\":{\"@id\":\"https:\\\/\\\/gooddealersmeds.com\\\/sk\\\/#website\"},\"primaryImageOfPage\":{\"@id\":\"https:\\\/\\\/gooddealersmeds.com\\\/sk\\\/product\\\/kupit-koncert-online\\\/#primaryimage\"},\"image\":{\"@id\":\"https:\\\/\\\/gooddealersmeds.com\\\/sk\\\/product\\\/kupit-koncert-online\\\/#primaryimage\"},\"thumbnailUrl\":\"https:\\\/\\\/gooddealersmeds.com\\\/sk\\\/wp-content\\\/uploads\\\/sites\\\/9\\\/2022\\\/07\\\/concerta-36mg-500x500-1.png\",\"datePublished\":\"2022-07-03T13:10:22+00:00\",\"dateModified\":\"2022-10-03T22:02:41+00:00\",\"description\":\"K\u00fapi\u0165 Concerta Online; pou\u017e\u00edva sa na lie\u010dbu poruchy pozornosti s hyperaktivitou. Funguje tak, \u017ee men\u00ed prirodzen\u00e9 l\u00e1tky v mozgu.\",\"breadcrumb\":{\"@id\":\"https:\\\/\\\/gooddealersmeds.com\\\/sk\\\/product\\\/kupit-koncert-online\\\/#breadcrumb\"},\"inLanguage\":\"en-US\",\"potentialAction\":[{\"@type\":\"ReadAction\",\"target\":[\"https:\\\/\\\/gooddealersmeds.com\\\/sk\\\/product\\\/kupit-koncert-online\\\/\"]}]},{\"@type\":\"ImageObject\",\"inLanguage\":\"en-US\",\"@id\":\"https:\\\/\\\/gooddealersmeds.com\\\/sk\\\/product\\\/kupit-koncert-online\\\/#primaryimage\",\"url\":\"https:\\\/\\\/gooddealersmeds.com\\\/sk\\\/wp-content\\\/uploads\\\/sites\\\/9\\\/2022\\\/07\\\/concerta-36mg-500x500-1.png\",\"contentUrl\":\"https:\\\/\\\/gooddealersmeds.com\\\/sk\\\/wp-content\\\/uploads\\\/sites\\\/9\\\/2022\\\/07\\\/concerta-36mg-500x500-1.png\",\"width\":500,\"height\":500,\"caption\":\"Buy Concerta Online\"},{\"@type\":\"BreadcrumbList\",\"@id\":\"https:\\\/\\\/gooddealersmeds.com\\\/sk\\\/product\\\/kupit-koncert-online\\\/#breadcrumb\",\"itemListElement\":[{\"@type\":\"ListItem\",\"position\":1,\"name\":\"Home\",\"item\":\"https:\\\/\\\/gooddealersmeds.com\\\/sk\\\/\"},{\"@type\":\"ListItem\",\"position\":2,\"name\":\"Produkty\",\"item\":\"https:\\\/\\\/gooddealersmeds.com\\\/sk\\\/produkty\\\/\"},{\"@type\":\"ListItem\",\"position\":3,\"name\":\"K\u00fapi\u0165 Concerta online\"}]},{\"@type\":\"WebSite\",\"@id\":\"https:\\\/\\\/gooddealersmeds.com\\\/sk\\\/#website\",\"url\":\"https:\\\/\\\/gooddealersmeds.com\\\/sk\\\/\",\"name\":\"Good Dealers Meds\",\"description\":\"All our best\",\"publisher\":{\"@id\":\"https:\\\/\\\/gooddealersmeds.com\\\/sk\\\/#organization\"},\"potentialAction\":[{\"@type\":\"SearchAction\",\"target\":{\"@type\":\"EntryPoint\",\"urlTemplate\":\"https:\\\/\\\/gooddealersmeds.com\\\/sk\\\/?s={search_term_string}\"},\"query-input\":{\"@type\":\"PropertyValueSpecification\",\"valueRequired\":true,\"valueName\":\"search_term_string\"}}],\"inLanguage\":\"en-US\"},{\"@type\":\"Organization\",\"@id\":\"https:\\\/\\\/gooddealersmeds.com\\\/sk\\\/#organization\",\"name\":\"Good Dealers Meds\",\"url\":\"https:\\\/\\\/gooddealersmeds.com\\\/sk\\\/\",\"logo\":{\"@type\":\"ImageObject\",\"inLanguage\":\"en-US\",\"@id\":\"https:\\\/\\\/gooddealersmeds.com\\\/sk\\\/#\\\/schema\\\/logo\\\/image\\\/\",\"url\":\"https:\\\/\\\/gooddealersmeds.com\\\/sk\\\/wp-content\\\/uploads\\\/sites\\\/9\\\/2022\\\/03\\\/gooddealersmeds__logo__20220317T222800Z.00.png\",\"contentUrl\":\"https:\\\/\\\/gooddealersmeds.com\\\/sk\\\/wp-content\\\/uploads\\\/sites\\\/9\\\/2022\\\/03\\\/gooddealersmeds__logo__20220317T222800Z.00.png\",\"width\":500,\"height\":325,\"caption\":\"Good Dealers Meds\"},\"image\":{\"@id\":\"https:\\\/\\\/gooddealersmeds.com\\\/sk\\\/#\\\/schema\\\/logo\\\/image\\\/\"}}]}<\/script>\n<!-- \/ Yoast SEO Premium plugin. -->","yoast_head_json":{"title":"K\u00fapi\u0165 Concerta online (metylfenid\u00e1t HCL) | Good Dealers Meds","description":"K\u00fapi\u0165 Concerta Online; pou\u017e\u00edva sa na lie\u010dbu poruchy pozornosti s hyperaktivitou. Funguje tak, \u017ee men\u00ed prirodzen\u00e9 l\u00e1tky v mozgu.","robots":{"index":"index","follow":"follow","max-snippet":"max-snippet:-1","max-image-preview":"max-image-preview:large","max-video-preview":"max-video-preview:-1"},"canonical":"https:\/\/gooddealersmeds.com\/sk\/product\/kupit-koncert-online\/","og_locale":"en_US","og_type":"article","og_title":"K\u00fapi\u0165 Concerta online","og_description":"K\u00fapi\u0165 Concerta Online; pou\u017e\u00edva sa na lie\u010dbu poruchy pozornosti s hyperaktivitou. Funguje tak, \u017ee men\u00ed prirodzen\u00e9 l\u00e1tky v mozgu.","og_url":"https:\/\/gooddealersmeds.com\/sk\/product\/kupit-koncert-online\/","og_site_name":"Good Dealers Meds","article_modified_time":"2022-10-03T22:02:41+00:00","og_image":[{"width":500,"height":500,"url":"https:\/\/gooddealersmeds.com\/sk\/wp-content\/uploads\/sites\/9\/2022\/07\/concerta-36mg-500x500-1.png","type":"image\/png"}],"twitter_card":"summary_large_image","twitter_misc":{"Est. reading time":"2 minutes"},"schema":{"@context":"https:\/\/schema.org","@graph":[{"@type":"WebPage","@id":"https:\/\/gooddealersmeds.com\/sk\/product\/kupit-koncert-online\/","url":"https:\/\/gooddealersmeds.com\/sk\/product\/kupit-koncert-online\/","name":"K\u00fapi\u0165 Concerta online (metylfenid\u00e1t HCL) | Good Dealers Meds","isPartOf":{"@id":"https:\/\/gooddealersmeds.com\/sk\/#website"},"primaryImageOfPage":{"@id":"https:\/\/gooddealersmeds.com\/sk\/product\/kupit-koncert-online\/#primaryimage"},"image":{"@id":"https:\/\/gooddealersmeds.com\/sk\/product\/kupit-koncert-online\/#primaryimage"},"thumbnailUrl":"https:\/\/gooddealersmeds.com\/sk\/wp-content\/uploads\/sites\/9\/2022\/07\/concerta-36mg-500x500-1.png","datePublished":"2022-07-03T13:10:22+00:00","dateModified":"2022-10-03T22:02:41+00:00","description":"K\u00fapi\u0165 Concerta Online; pou\u017e\u00edva sa na lie\u010dbu poruchy pozornosti s hyperaktivitou. Funguje tak, \u017ee men\u00ed prirodzen\u00e9 l\u00e1tky v mozgu.","breadcrumb":{"@id":"https:\/\/gooddealersmeds.com\/sk\/product\/kupit-koncert-online\/#breadcrumb"},"inLanguage":"en-US","potentialAction":[{"@type":"ReadAction","target":["https:\/\/gooddealersmeds.com\/sk\/product\/kupit-koncert-online\/"]}]},{"@type":"ImageObject","inLanguage":"en-US","@id":"https:\/\/gooddealersmeds.com\/sk\/product\/kupit-koncert-online\/#primaryimage","url":"https:\/\/gooddealersmeds.com\/sk\/wp-content\/uploads\/sites\/9\/2022\/07\/concerta-36mg-500x500-1.png","contentUrl":"https:\/\/gooddealersmeds.com\/sk\/wp-content\/uploads\/sites\/9\/2022\/07\/concerta-36mg-500x500-1.png","width":500,"height":500,"caption":"Buy Concerta Online"},{"@type":"BreadcrumbList","@id":"https:\/\/gooddealersmeds.com\/sk\/product\/kupit-koncert-online\/#breadcrumb","itemListElement":[{"@type":"ListItem","position":1,"name":"Home","item":"https:\/\/gooddealersmeds.com\/sk\/"},{"@type":"ListItem","position":2,"name":"Produkty","item":"https:\/\/gooddealersmeds.com\/sk\/produkty\/"},{"@type":"ListItem","position":3,"name":"K\u00fapi\u0165 Concerta online"}]},{"@type":"WebSite","@id":"https:\/\/gooddealersmeds.com\/sk\/#website","url":"https:\/\/gooddealersmeds.com\/sk\/","name":"Good Dealers Meds","description":"All our best","publisher":{"@id":"https:\/\/gooddealersmeds.com\/sk\/#organization"},"potentialAction":[{"@type":"SearchAction","target":{"@type":"EntryPoint","urlTemplate":"https:\/\/gooddealersmeds.com\/sk\/?s={search_term_string}"},"query-input":{"@type":"PropertyValueSpecification","valueRequired":true,"valueName":"search_term_string"}}],"inLanguage":"en-US"},{"@type":"Organization","@id":"https:\/\/gooddealersmeds.com\/sk\/#organization","name":"Good Dealers Meds","url":"https:\/\/gooddealersmeds.com\/sk\/","logo":{"@type":"ImageObject","inLanguage":"en-US","@id":"https:\/\/gooddealersmeds.com\/sk\/#\/schema\/logo\/image\/","url":"https:\/\/gooddealersmeds.com\/sk\/wp-content\/uploads\/sites\/9\/2022\/03\/gooddealersmeds__logo__20220317T222800Z.00.png","contentUrl":"https:\/\/gooddealersmeds.com\/sk\/wp-content\/uploads\/sites\/9\/2022\/03\/gooddealersmeds__logo__20220317T222800Z.00.png","width":500,"height":325,"caption":"Good Dealers Meds"},"image":{"@id":"https:\/\/gooddealersmeds.com\/sk\/#\/schema\/logo\/image\/"}}]}},"_links":{"self":[{"href":"https:\/\/gooddealersmeds.com\/sk\/wp-json\/wp\/v2\/product\/1965","targetHints":{"allow":["GET"]}}],"collection":[{"href":"https:\/\/gooddealersmeds.com\/sk\/wp-json\/wp\/v2\/product"}],"about":[{"href":"https:\/\/gooddealersmeds.com\/sk\/wp-json\/wp\/v2\/types\/product"}],"replies":[{"embeddable":true,"href":"https:\/\/gooddealersmeds.com\/sk\/wp-json\/wp\/v2\/comments?post=1965"}],"wp:featuredmedia":[{"embeddable":true,"href":"https:\/\/gooddealersmeds.com\/sk\/wp-json\/wp\/v2\/media\/1966"}],"wp:attachment":[{"href":"https:\/\/gooddealersmeds.com\/sk\/wp-json\/wp\/v2\/media?parent=1965"}],"wp:term":[{"taxonomy":"product_brand","embeddable":true,"href":"https:\/\/gooddealersmeds.com\/sk\/wp-json\/wp\/v2\/product_brand?post=1965"},{"taxonomy":"product_cat","embeddable":true,"href":"https:\/\/gooddealersmeds.com\/sk\/wp-json\/wp\/v2\/product_cat?post=1965"},{"taxonomy":"product_tag","embeddable":true,"href":"https:\/\/gooddealersmeds.com\/sk\/wp-json\/wp\/v2\/product_tag?post=1965"}],"curies":[{"name":"wp","href":"https:\/\/api.w.org\/{rel}","templated":true}]}}