{"id":1951,"date":"2022-07-03T13:05:03","date_gmt":"2022-07-03T13:05:03","guid":{"rendered":"https:\/\/gooddealersmeds.com\/sk\/?post_type=product&#038;p=1951"},"modified":"2022-10-03T22:02:48","modified_gmt":"2022-10-03T22:02:48","slug":"kupit-ritalin-pilulky","status":"publish","type":"product","link":"https:\/\/gooddealersmeds.com\/sk\/product\/kupit-ritalin-pilulky\/","title":{"rendered":"K\u00fapte si pilulky Ritalin"},"content":{"rendered":"<p>K\u00fapte si rital\u00ednov\u00e9 tabletky v na\u0161om internetovom obchode bez lek\u00e1rskeho predpisu. Ritalin Tablet je stimulant centr\u00e1lneho nervov\u00e9ho syst\u00e9mu, ktor\u00fd lie\u010di poruchu pozornosti s hyperaktivitou (ADHD). T\u00e1to porucha zah\u0155\u0148a nekontrolovate\u013en\u00e9 \u010diny, \u0165a\u017e\u0161ie s\u00fastredenie a zotrvanie v pokoji v porovnan\u00ed s in\u00fdmi \u013eu\u010fmi v rovnakej vekovej skupine. T\u00e1to tabletka tie\u017e lie\u010di narkolepsiu, poruchu sp\u00e1nku, ktor\u00e1 sp\u00f4sobuje n\u00e1hle z\u00e1chvaty sp\u00e1nku a denn\u00fa ospalos\u0165. T\u00e1to pilulka v\u00e1m tie\u017e m\u00f4\u017ee pom\u00f4c\u0165 zorganizova\u0165 si \u00falohy a zlep\u0161i\u0165 svoje schopnosti po\u010d\u00fava\u0165. Okrem toho t\u00e1to tableta zni\u017euje pr\u00edznaky probl\u00e9mov so spr\u00e1van\u00edm a zvy\u0161uje va\u0161u schopnos\u0165 s\u00fastredi\u0165 sa a venova\u0165 pozornos\u0165. Ritalin sa tie\u017e pou\u017e\u00edva v poradenstve alebo pri in\u00fdch terapi\u00e1ch.<\/p>\n<p>Ritalin je siln\u00fd stimulant, ktor\u00fd v\u00e1m m\u00f4\u017ee pom\u00f4c\u0165 zn\u00ed\u017ei\u0165 pr\u00edznaky poruchy pozornosti. Lek\u00e1ri a lek\u00e1rnici pova\u017euj\u00fa Ritalin za jeden z naj\u00fa\u010dinnej\u0161\u00edch sp\u00f4sobov lie\u010dby dennej ospalosti alebo neo\u010dak\u00e1van\u00fdch z\u00e1chvatov sp\u00e1nku. Ritalin je \u00fa\u010dinn\u00fd do dvadsiatich a\u017e tridsiatich min\u00fat po podan\u00ed a m\u00e1 pol\u010das asi osem hod\u00edn. Okrem toho v\u00e1m t\u00e1to tabletka pom\u00e1ha s\u00fastredi\u0165 sa a venova\u0165 pozornos\u0165 va\u0161im \u00faloh\u00e1m.<\/p>\n<p>Ritalin je jednou z najlep\u0161\u00edch mo\u017enost\u00ed na prevenciu a lie\u010dbu poruchy pozornosti s hyperaktivitou alebo probl\u00e9mov so sp\u00e1nkom. T\u00e1to tableta v\u00e1m umo\u017e\u0148uje zmeni\u0165 mno\u017estvo pr\u00edrodn\u00fdch l\u00e1tok vo va\u0161om mozgu. Okrem toho sa Ritalin pova\u017euje za bezpe\u010dn\u00fd pre deti star\u0161ie ako \u0161es\u0165 rokov, dospel\u00fdch a star\u0161\u00edch \u013eud\u00ed, ktor\u00ed maj\u00fa poruchu pozornosti s hyperaktivitou alebo probl\u00e9my so sp\u00e1nkom.<\/p>\n<p>Metylfenid\u00e1t hydrochlorid, akt\u00edvna zlo\u017eka lieku Ritalin, patr\u00ed do triedy lieky zn\u00e1me ako stimulanty centr\u00e1lneho nervov\u00e9ho syst\u00e9mu. Tieto stimulanty zvy\u0161uj\u00fa hladiny katecholam\u00ednov (chemik\u00e1lie) vo va\u0161om mozgu, \u010do zvy\u0161uje energiu, bdelos\u0165 a pozornos\u0165.<\/p>\n<p>Ritalin \u00fa\u010dinkuje tak, \u017ee men\u00ed koncentr\u00e1ciu pr\u00edrodn\u00fdch l\u00e1tok v mozgu (katecholam\u00edn). Tento liek v\u00e1m tie\u017e pom\u00e1ha zosta\u0165 s\u00fastreden\u00fd, zlep\u0161uje va\u0161u schopnos\u0165 venova\u0165 pozornos\u0165 a zvl\u00e1da probl\u00e9my so spr\u00e1van\u00edm.<\/p>\n<p>Zvy\u010dajne sa odpor\u00fa\u010da pou\u017e\u00edva\u0165 Ritalin na odpor\u00fa\u010danie lek\u00e1ra. Ale na lie\u010dbu poruchy pozornosti s hyperaktivitou alebo n\u00e1hlych z\u00e1chvatov sp\u00e1nku budete Ritalin pou\u017e\u00edva\u0165 ako dlhodob\u00fa lie\u010dbu. Rital\u00ednov\u00e9 tabletky si m\u00f4\u017eete k\u00fapi\u0165 v na\u0161om <a href=\"https:\/\/gooddealersmeds.com\/sk\/products\/\">internetovom obchode<\/a> s bezpe\u010dnou dopravou.<\/p>\n<p>&nbsp;<\/p>\n","protected":false},"excerpt":{"rendered":"<p>K\u00fapte si Ritalin LA 10mg Capsules 30 online, teraz k dispoz\u00edcii. Prezrite si n\u00e1\u0161 internetov\u00fd obchod. Z\u00edskajte online Ritalin 100% z\u00e1ruku spokojnosti. Ako m\u00f4\u017eem z\u00edska\u0165 Ritalin bez lek\u00e1rskeho predpisu.<\/p>\n","protected":false},"featured_media":1963,"comment_status":"open","ping_status":"closed","template":"","meta":{"inline_featured_image":false},"product_brand":[],"product_cat":[346],"product_tag":[502,505,506,507,508,509,510,511,514,515,516,504,503,512,513],"class_list":{"0":"post-1951","1":"product","2":"type-product","3":"status-publish","4":"has-post-thumbnail","6":"product_cat-stimulanty","7":"product_tag-buy-20mg-ritalin-online","8":"product_tag-buy-ritalin-10mg-online","9":"product_tag-buy-ritalin-10mg-online-in-usa","10":"product_tag-buy-ritalin-online","11":"product_tag-buy-ritalin-online-forum","12":"product_tag-buy-ritalin-online-no-rx","13":"product_tag-buy-ritalin-pills","14":"product_tag-buy-ritalin-pills-in-south-africa","15":"product_tag-kde-kpi-ritaln-online","16":"product_tag-kde-k-kupit-ritalin-online-bez-predpisu","17":"product_tag-kde-na-kpi-ritaln-online-nevyaduje-sa-rx","18":"product_tag-kpi-online-predpis-ritaln-bez-predpisu","19":"product_tag-kpi-generic-ritaln-online","20":"product_tag-reddit-kpi-ritaln-online-bez-predpisu","21":"product_tag-ritaln-kpi-online","23":"first","24":"instock","25":"shipping-taxable","26":"purchasable","27":"product-type-variable","28":"has-default-attributes"},"yoast_head":"<!-- This site is optimized with the Yoast SEO Premium plugin v20.6 (Yoast SEO v27.4) - https:\/\/yoast.com\/product\/yoast-seo-premium-wordpress\/ -->\n<title>K\u00fapi\u0165 pilulky Ritalin (metylfenid\u00e1t hcl) | Good Dealers Meds<\/title>\n<meta name=\"description\" content=\"K\u00fapte si Ritalin LA 10 mg Pills 30 online. Prezrite si n\u00e1\u0161 internetov\u00fd obchod bez lek\u00e1rskeho predpisu. Z\u00edskajte online Ritalin so 100% spokojnos\u0165ou.\" \/>\n<meta name=\"robots\" content=\"index, follow, max-snippet:-1, max-image-preview:large, max-video-preview:-1\" \/>\n<link rel=\"canonical\" href=\"https:\/\/gooddealersmeds.com\/sk\/product\/kupit-ritalin-pilulky\/\" \/>\n<meta property=\"og:locale\" content=\"en_US\" \/>\n<meta property=\"og:type\" content=\"article\" \/>\n<meta property=\"og:title\" content=\"K\u00fapte si pilulky Ritalin\" \/>\n<meta property=\"og:description\" content=\"K\u00fapte si Ritalin LA 10 mg Pills 30 online. Prezrite si n\u00e1\u0161 internetov\u00fd obchod bez lek\u00e1rskeho predpisu. Z\u00edskajte online Ritalin so 100% spokojnos\u0165ou.\" \/>\n<meta property=\"og:url\" content=\"https:\/\/gooddealersmeds.com\/sk\/product\/kupit-ritalin-pilulky\/\" \/>\n<meta property=\"og:site_name\" content=\"Good Dealers Meds\" \/>\n<meta property=\"article:modified_time\" content=\"2022-10-03T22:02:48+00:00\" \/>\n<meta property=\"og:image\" content=\"https:\/\/gooddealersmeds.com\/sk\/wp-content\/uploads\/sites\/9\/2022\/07\/buy-ritalin-online.jpg\" \/>\n\t<meta property=\"og:image:width\" content=\"1464\" \/>\n\t<meta property=\"og:image:height\" content=\"975\" \/>\n\t<meta property=\"og:image:type\" content=\"image\/jpeg\" \/>\n<meta name=\"twitter:card\" content=\"summary_large_image\" \/>\n<meta name=\"twitter:label1\" content=\"Est. reading time\" \/>\n\t<meta name=\"twitter:data1\" content=\"2 minutes\" \/>\n<script type=\"application\/ld+json\" class=\"yoast-schema-graph\">{\"@context\":\"https:\\\/\\\/schema.org\",\"@graph\":[{\"@type\":\"WebPage\",\"@id\":\"https:\\\/\\\/gooddealersmeds.com\\\/sk\\\/product\\\/kupit-ritalin-pilulky\\\/\",\"url\":\"https:\\\/\\\/gooddealersmeds.com\\\/sk\\\/product\\\/kupit-ritalin-pilulky\\\/\",\"name\":\"K\u00fapi\u0165 pilulky Ritalin (metylfenid\u00e1t hcl) | Good Dealers Meds\",\"isPartOf\":{\"@id\":\"https:\\\/\\\/gooddealersmeds.com\\\/sk\\\/#website\"},\"primaryImageOfPage\":{\"@id\":\"https:\\\/\\\/gooddealersmeds.com\\\/sk\\\/product\\\/kupit-ritalin-pilulky\\\/#primaryimage\"},\"image\":{\"@id\":\"https:\\\/\\\/gooddealersmeds.com\\\/sk\\\/product\\\/kupit-ritalin-pilulky\\\/#primaryimage\"},\"thumbnailUrl\":\"https:\\\/\\\/gooddealersmeds.com\\\/sk\\\/wp-content\\\/uploads\\\/sites\\\/9\\\/2022\\\/07\\\/buy-ritalin-online.jpg\",\"datePublished\":\"2022-07-03T13:05:03+00:00\",\"dateModified\":\"2022-10-03T22:02:48+00:00\",\"description\":\"K\u00fapte si Ritalin LA 10 mg Pills 30 online. Prezrite si n\u00e1\u0161 internetov\u00fd obchod bez lek\u00e1rskeho predpisu. Z\u00edskajte online Ritalin so 100% spokojnos\u0165ou.\",\"breadcrumb\":{\"@id\":\"https:\\\/\\\/gooddealersmeds.com\\\/sk\\\/product\\\/kupit-ritalin-pilulky\\\/#breadcrumb\"},\"inLanguage\":\"en-US\",\"potentialAction\":[{\"@type\":\"ReadAction\",\"target\":[\"https:\\\/\\\/gooddealersmeds.com\\\/sk\\\/product\\\/kupit-ritalin-pilulky\\\/\"]}]},{\"@type\":\"ImageObject\",\"inLanguage\":\"en-US\",\"@id\":\"https:\\\/\\\/gooddealersmeds.com\\\/sk\\\/product\\\/kupit-ritalin-pilulky\\\/#primaryimage\",\"url\":\"https:\\\/\\\/gooddealersmeds.com\\\/sk\\\/wp-content\\\/uploads\\\/sites\\\/9\\\/2022\\\/07\\\/buy-ritalin-online.jpg\",\"contentUrl\":\"https:\\\/\\\/gooddealersmeds.com\\\/sk\\\/wp-content\\\/uploads\\\/sites\\\/9\\\/2022\\\/07\\\/buy-ritalin-online.jpg\",\"width\":1464,\"height\":975,\"caption\":\"Buy Ritalin Pills\"},{\"@type\":\"BreadcrumbList\",\"@id\":\"https:\\\/\\\/gooddealersmeds.com\\\/sk\\\/product\\\/kupit-ritalin-pilulky\\\/#breadcrumb\",\"itemListElement\":[{\"@type\":\"ListItem\",\"position\":1,\"name\":\"Home\",\"item\":\"https:\\\/\\\/gooddealersmeds.com\\\/sk\\\/\"},{\"@type\":\"ListItem\",\"position\":2,\"name\":\"Produkty\",\"item\":\"https:\\\/\\\/gooddealersmeds.com\\\/sk\\\/produkty\\\/\"},{\"@type\":\"ListItem\",\"position\":3,\"name\":\"K\u00fapte si pilulky Ritalin\"}]},{\"@type\":\"WebSite\",\"@id\":\"https:\\\/\\\/gooddealersmeds.com\\\/sk\\\/#website\",\"url\":\"https:\\\/\\\/gooddealersmeds.com\\\/sk\\\/\",\"name\":\"Good Dealers Meds\",\"description\":\"All our best\",\"publisher\":{\"@id\":\"https:\\\/\\\/gooddealersmeds.com\\\/sk\\\/#organization\"},\"potentialAction\":[{\"@type\":\"SearchAction\",\"target\":{\"@type\":\"EntryPoint\",\"urlTemplate\":\"https:\\\/\\\/gooddealersmeds.com\\\/sk\\\/?s={search_term_string}\"},\"query-input\":{\"@type\":\"PropertyValueSpecification\",\"valueRequired\":true,\"valueName\":\"search_term_string\"}}],\"inLanguage\":\"en-US\"},{\"@type\":\"Organization\",\"@id\":\"https:\\\/\\\/gooddealersmeds.com\\\/sk\\\/#organization\",\"name\":\"Good Dealers Meds\",\"url\":\"https:\\\/\\\/gooddealersmeds.com\\\/sk\\\/\",\"logo\":{\"@type\":\"ImageObject\",\"inLanguage\":\"en-US\",\"@id\":\"https:\\\/\\\/gooddealersmeds.com\\\/sk\\\/#\\\/schema\\\/logo\\\/image\\\/\",\"url\":\"https:\\\/\\\/gooddealersmeds.com\\\/sk\\\/wp-content\\\/uploads\\\/sites\\\/9\\\/2022\\\/03\\\/gooddealersmeds__logo__20220317T222800Z.00.png\",\"contentUrl\":\"https:\\\/\\\/gooddealersmeds.com\\\/sk\\\/wp-content\\\/uploads\\\/sites\\\/9\\\/2022\\\/03\\\/gooddealersmeds__logo__20220317T222800Z.00.png\",\"width\":500,\"height\":325,\"caption\":\"Good Dealers Meds\"},\"image\":{\"@id\":\"https:\\\/\\\/gooddealersmeds.com\\\/sk\\\/#\\\/schema\\\/logo\\\/image\\\/\"}}]}<\/script>\n<!-- \/ Yoast SEO Premium plugin. -->","yoast_head_json":{"title":"K\u00fapi\u0165 pilulky Ritalin (metylfenid\u00e1t hcl) | Good Dealers Meds","description":"K\u00fapte si Ritalin LA 10 mg Pills 30 online. Prezrite si n\u00e1\u0161 internetov\u00fd obchod bez lek\u00e1rskeho predpisu. Z\u00edskajte online Ritalin so 100% spokojnos\u0165ou.","robots":{"index":"index","follow":"follow","max-snippet":"max-snippet:-1","max-image-preview":"max-image-preview:large","max-video-preview":"max-video-preview:-1"},"canonical":"https:\/\/gooddealersmeds.com\/sk\/product\/kupit-ritalin-pilulky\/","og_locale":"en_US","og_type":"article","og_title":"K\u00fapte si pilulky Ritalin","og_description":"K\u00fapte si Ritalin LA 10 mg Pills 30 online. Prezrite si n\u00e1\u0161 internetov\u00fd obchod bez lek\u00e1rskeho predpisu. Z\u00edskajte online Ritalin so 100% spokojnos\u0165ou.","og_url":"https:\/\/gooddealersmeds.com\/sk\/product\/kupit-ritalin-pilulky\/","og_site_name":"Good Dealers Meds","article_modified_time":"2022-10-03T22:02:48+00:00","og_image":[{"width":1464,"height":975,"url":"https:\/\/gooddealersmeds.com\/sk\/wp-content\/uploads\/sites\/9\/2022\/07\/buy-ritalin-online.jpg","type":"image\/jpeg"}],"twitter_card":"summary_large_image","twitter_misc":{"Est. reading time":"2 minutes"},"schema":{"@context":"https:\/\/schema.org","@graph":[{"@type":"WebPage","@id":"https:\/\/gooddealersmeds.com\/sk\/product\/kupit-ritalin-pilulky\/","url":"https:\/\/gooddealersmeds.com\/sk\/product\/kupit-ritalin-pilulky\/","name":"K\u00fapi\u0165 pilulky Ritalin (metylfenid\u00e1t hcl) | Good Dealers Meds","isPartOf":{"@id":"https:\/\/gooddealersmeds.com\/sk\/#website"},"primaryImageOfPage":{"@id":"https:\/\/gooddealersmeds.com\/sk\/product\/kupit-ritalin-pilulky\/#primaryimage"},"image":{"@id":"https:\/\/gooddealersmeds.com\/sk\/product\/kupit-ritalin-pilulky\/#primaryimage"},"thumbnailUrl":"https:\/\/gooddealersmeds.com\/sk\/wp-content\/uploads\/sites\/9\/2022\/07\/buy-ritalin-online.jpg","datePublished":"2022-07-03T13:05:03+00:00","dateModified":"2022-10-03T22:02:48+00:00","description":"K\u00fapte si Ritalin LA 10 mg Pills 30 online. Prezrite si n\u00e1\u0161 internetov\u00fd obchod bez lek\u00e1rskeho predpisu. Z\u00edskajte online Ritalin so 100% spokojnos\u0165ou.","breadcrumb":{"@id":"https:\/\/gooddealersmeds.com\/sk\/product\/kupit-ritalin-pilulky\/#breadcrumb"},"inLanguage":"en-US","potentialAction":[{"@type":"ReadAction","target":["https:\/\/gooddealersmeds.com\/sk\/product\/kupit-ritalin-pilulky\/"]}]},{"@type":"ImageObject","inLanguage":"en-US","@id":"https:\/\/gooddealersmeds.com\/sk\/product\/kupit-ritalin-pilulky\/#primaryimage","url":"https:\/\/gooddealersmeds.com\/sk\/wp-content\/uploads\/sites\/9\/2022\/07\/buy-ritalin-online.jpg","contentUrl":"https:\/\/gooddealersmeds.com\/sk\/wp-content\/uploads\/sites\/9\/2022\/07\/buy-ritalin-online.jpg","width":1464,"height":975,"caption":"Buy Ritalin Pills"},{"@type":"BreadcrumbList","@id":"https:\/\/gooddealersmeds.com\/sk\/product\/kupit-ritalin-pilulky\/#breadcrumb","itemListElement":[{"@type":"ListItem","position":1,"name":"Home","item":"https:\/\/gooddealersmeds.com\/sk\/"},{"@type":"ListItem","position":2,"name":"Produkty","item":"https:\/\/gooddealersmeds.com\/sk\/produkty\/"},{"@type":"ListItem","position":3,"name":"K\u00fapte si pilulky Ritalin"}]},{"@type":"WebSite","@id":"https:\/\/gooddealersmeds.com\/sk\/#website","url":"https:\/\/gooddealersmeds.com\/sk\/","name":"Good Dealers Meds","description":"All our best","publisher":{"@id":"https:\/\/gooddealersmeds.com\/sk\/#organization"},"potentialAction":[{"@type":"SearchAction","target":{"@type":"EntryPoint","urlTemplate":"https:\/\/gooddealersmeds.com\/sk\/?s={search_term_string}"},"query-input":{"@type":"PropertyValueSpecification","valueRequired":true,"valueName":"search_term_string"}}],"inLanguage":"en-US"},{"@type":"Organization","@id":"https:\/\/gooddealersmeds.com\/sk\/#organization","name":"Good Dealers Meds","url":"https:\/\/gooddealersmeds.com\/sk\/","logo":{"@type":"ImageObject","inLanguage":"en-US","@id":"https:\/\/gooddealersmeds.com\/sk\/#\/schema\/logo\/image\/","url":"https:\/\/gooddealersmeds.com\/sk\/wp-content\/uploads\/sites\/9\/2022\/03\/gooddealersmeds__logo__20220317T222800Z.00.png","contentUrl":"https:\/\/gooddealersmeds.com\/sk\/wp-content\/uploads\/sites\/9\/2022\/03\/gooddealersmeds__logo__20220317T222800Z.00.png","width":500,"height":325,"caption":"Good Dealers Meds"},"image":{"@id":"https:\/\/gooddealersmeds.com\/sk\/#\/schema\/logo\/image\/"}}]}},"_links":{"self":[{"href":"https:\/\/gooddealersmeds.com\/sk\/wp-json\/wp\/v2\/product\/1951","targetHints":{"allow":["GET"]}}],"collection":[{"href":"https:\/\/gooddealersmeds.com\/sk\/wp-json\/wp\/v2\/product"}],"about":[{"href":"https:\/\/gooddealersmeds.com\/sk\/wp-json\/wp\/v2\/types\/product"}],"replies":[{"embeddable":true,"href":"https:\/\/gooddealersmeds.com\/sk\/wp-json\/wp\/v2\/comments?post=1951"}],"wp:featuredmedia":[{"embeddable":true,"href":"https:\/\/gooddealersmeds.com\/sk\/wp-json\/wp\/v2\/media\/1963"}],"wp:attachment":[{"href":"https:\/\/gooddealersmeds.com\/sk\/wp-json\/wp\/v2\/media?parent=1951"}],"wp:term":[{"taxonomy":"product_brand","embeddable":true,"href":"https:\/\/gooddealersmeds.com\/sk\/wp-json\/wp\/v2\/product_brand?post=1951"},{"taxonomy":"product_cat","embeddable":true,"href":"https:\/\/gooddealersmeds.com\/sk\/wp-json\/wp\/v2\/product_cat?post=1951"},{"taxonomy":"product_tag","embeddable":true,"href":"https:\/\/gooddealersmeds.com\/sk\/wp-json\/wp\/v2\/product_tag?post=1951"}],"curies":[{"name":"wp","href":"https:\/\/api.w.org\/{rel}","templated":true}]}}