{"id":1944,"date":"2022-07-03T12:27:49","date_gmt":"2022-07-03T12:27:49","guid":{"rendered":"https:\/\/gooddealersmeds.com\/sk\/?post_type=product&#038;p=1944"},"modified":"2022-10-03T22:02:56","modified_gmt":"2022-10-03T22:02:56","slug":"kupit-dexedrin-er-pilulky-online","status":"publish","type":"product","link":"https:\/\/gooddealersmeds.com\/sk\/product\/kupit-dexedrin-er-pilulky-online\/","title":{"rendered":"K\u00fapte si online tabletky Dexedrine"},"content":{"rendered":"<p>K\u00fapte si dexedr\u00edn online , doru\u010dovanie cez noc je dostupn\u00e9 do v\u0161etk\u00fdch eur\u00f3pskych \u0161t\u00e1tov. Dexedr\u00edn patr\u00ed do skupiny liekov zn\u00e1mych ako stimulanty. Dexedr\u00edn (Dexamfetam\u00edn) je liek, ktor\u00fd sa pou\u017e\u00edva na lie\u010dbu poruchy pozornosti s hyperaktivitou (ADHD) a narkolepsie (zasp\u00e1vanie v nevhodn\u00fd \u010das bez akejko\u013evek kontroly). Funguje pri lie\u010dbe narkolepsie t\u00fdm, \u017ee p\u00f4sob\u00ed ako stimulant mozgu. Dexedrine Er Pills si m\u00f4\u017eete k\u00fapi\u0165 online na predaj od Good Dealers Meds.<\/p>\n<p>Tento liek sa pou\u017e\u00edva na lie\u010dbu ADHD, zn\u00e1mej aj ako porucha pozornosti s hyperaktivitou. Funguje tak, \u017ee men\u00ed koncentr\u00e1cie ur\u010dit\u00fdch pr\u00edrodn\u00fdch chemik\u00e1li\u00ed v mozgu. Dextroamfetam\u00edn je typ lieku zn\u00e1my ako kardiostimul\u00e1tor. To v\u00e1m m\u00f4\u017ee pom\u00f4c\u0165 zlep\u0161i\u0165 va\u0161u schopnos\u0165 s\u00fastredi\u0165 sa na aktivitu a kontrolova\u0165 probl\u00e9my so spr\u00e1van\u00edm. M\u00f4\u017ee v\u00e1m tie\u017e pom\u00f4c\u0165 pri organizovan\u00ed a zlep\u0161ovan\u00ed va\u0161ich \u00faloh. Tento liek sa tie\u017e pou\u017e\u00edva na lie\u010dbu probl\u00e9mov so sp\u00e1nkom (narkolepsia), \u010do v\u00e1m umo\u017e\u0148uje zosta\u0165 v bdelom stave po\u010das d\u0148a. Nemal by sa pou\u017e\u00edva\u0165 na lie\u010dbu vy\u010derpania alebo na zabr\u00e1nenie sp\u00e1nku \u013eu\u010fom, ktor\u00ed nemaj\u00fa poruchu sp\u00e1nku.<\/p>\n<p>Okrem po\u017eadovan\u00e9ho \u00fa\u010dinku m\u00f4\u017ee tento liek sp\u00f4sobi\u0165 niektor\u00e9 \u00fa\u010dinky, najm\u00e4:<\/p>\n<ul>\n<li>M\u00f4\u017ee to zn\u00ed\u017ei\u0165 va\u0161u chu\u0165 do jedla<\/li>\n<li>V z\u00e1vislosti od osoby to m\u00f4\u017ee sp\u00f4sobi\u0165 hna\u010dku alebo z\u00e1pchu<\/li>\n<li>M\u00f4\u017ee to sp\u00f4sobi\u0165 bolesti hlavy<\/li>\n<li>M\u00f4\u017ee to sp\u00f4sobi\u0165 poruchy sp\u00e1nku alebo nespavos\u0165<\/li>\n<\/ul>\n<p><a href=\"https:\/\/gooddealersmeds.com\/sk\/product\/buy-dexedrine-er-pills-online\/\">Dexedrine<\/a> Er Tabletky, ako v\u00e4\u010d\u0161ina farmaceutick\u00fdch pr\u00edpravkov, by sa mali skladova\u0165 pri izbovej teplote. Malo by sa uchov\u00e1va\u0165 na bezpe\u010dnom mieste mimo dosahu nadmern\u00e9ho tepla, vlhkosti a priameho slne\u010dn\u00e9ho \u017eiarenia. Uistite sa, \u017ee v\u0161etky zvy\u0161ky s\u00fa spr\u00e1vne zlikvidovan\u00e9.<\/p>\n<p>U\u017e\u00edvajte tento liek s jedlom alebo bez jedla, zvy\u010dajne 1 a\u017e 3-kr\u00e1t denne, pod\u013ea odpor\u00fa\u010dania svojho lek\u00e1ra. Prv\u00e1 d\u00e1vka sa zvy\u010dajne pod\u00e1va ako prv\u00e1 vec r\u00e1no. Ak v\u00e1m lek\u00e1r predp\u00ed\u0161e viac d\u00e1vok, u\u017eite ich pod\u013ea indik\u00e1cie, zvy\u010dajne s odstupom 4-6 hod\u00edn. U\u017e\u00edvanie tohto lieku neskoro po\u010das d\u0148a m\u00f4\u017ee s\u0165a\u017ei\u0165 sp\u00e1nok.<\/p>\n<p>Dexedrine Er pilulky (15 mg tablety) si m\u00f4\u017eete k\u00fapi\u0165 online bez lek\u00e1rskeho predpisu (bez RX) od Good Dealers Meds Online.<\/p>\n","protected":false},"excerpt":{"rendered":"<p>K\u00fapte si tabletky Dexedrine Er online bez lek\u00e1rskeho predpisu. Objednajte si dexedr\u00edn ve\u013emi r\u00fdchlo a jednoducho. Na\u0161a doru\u010dovacia slu\u017eba v\u00e1m zabezpe\u010d\u00ed va\u0161u objedn\u00e1vku na dextroamfetam\u00edn v \u010do najkrat\u0161om \u010dase!<\/p>\n","protected":false},"featured_media":1949,"comment_status":"open","ping_status":"closed","template":"","meta":{"inline_featured_image":false},"product_brand":[],"product_cat":[346],"product_tag":[497,498,499,496,494,495,492,491,501,493,500],"class_list":{"0":"post-1944","1":"product","2":"type-product","3":"status-publish","4":"has-post-thumbnail","6":"product_cat-stimulanty","7":"product_tag-dexedrine-5mg-usa","8":"product_tag-dextroamphetamine-5mg-usa","9":"product_tag-dextroamphetamine-5mg-vendor","10":"product_tag-buy-dexedrine-australia","11":"product_tag-kpi-dexedrn-5-mg-tablety-online","12":"product_tag-buy-dexedrine-5mg-usa","13":"product_tag-buy-dexedrine-5mg-canada","14":"product_tag-kpi-lacno-dexedrn","15":"product_tag-nkup-dexedrn-online","16":"product_tag-kpi-dexedrn-5-mg-online","17":"product_tag-objedna-dexedrn-online","19":"first","20":"instock","21":"shipping-taxable","22":"purchasable","23":"product-type-variable","24":"has-default-attributes"},"yoast_head":"<!-- This site is optimized with the Yoast SEO Premium plugin v20.6 (Yoast SEO v27.3) - https:\/\/yoast.com\/product\/yoast-seo-premium-wordpress\/ -->\n<title>K\u00fapi\u0165 Dexedrine Er Pills online bez lek\u00e1rskeho predpisu | Good Dealers Meds<\/title>\n<meta name=\"description\" content=\"K\u00fapte si Dexedrine Er Pills online bez lek\u00e1rskeho predpisu. Objednajte si dexedr\u00edn online z n\u00e1\u0161ho online obchodu a z\u00edskajte ve\u013emi r\u00fdchle doru\u010denie do cel\u00e9ho sveta.\" \/>\n<meta name=\"robots\" content=\"index, follow, max-snippet:-1, max-image-preview:large, max-video-preview:-1\" \/>\n<link rel=\"canonical\" href=\"https:\/\/gooddealersmeds.com\/sk\/product\/kupit-dexedrin-er-pilulky-online\/\" \/>\n<meta property=\"og:locale\" content=\"en_US\" \/>\n<meta property=\"og:type\" content=\"article\" \/>\n<meta property=\"og:title\" content=\"K\u00fapte si online tabletky Dexedrine\" \/>\n<meta property=\"og:description\" content=\"K\u00fapte si Dexedrine Er Pills online bez lek\u00e1rskeho predpisu. Objednajte si dexedr\u00edn online z n\u00e1\u0161ho online obchodu a z\u00edskajte ve\u013emi r\u00fdchle doru\u010denie do cel\u00e9ho sveta.\" \/>\n<meta property=\"og:url\" content=\"https:\/\/gooddealersmeds.com\/sk\/product\/kupit-dexedrin-er-pilulky-online\/\" \/>\n<meta property=\"og:site_name\" content=\"Good Dealers Meds\" \/>\n<meta property=\"article:modified_time\" content=\"2022-10-03T22:02:56+00:00\" \/>\n<meta property=\"og:image\" content=\"https:\/\/gooddealersmeds.com\/sk\/wp-content\/uploads\/sites\/9\/2022\/07\/Buy-Dexedrine-Er-Pills-Online.png\" \/>\n\t<meta property=\"og:image:width\" content=\"600\" \/>\n\t<meta property=\"og:image:height\" content=\"600\" \/>\n\t<meta property=\"og:image:type\" content=\"image\/png\" \/>\n<meta name=\"twitter:card\" content=\"summary_large_image\" \/>\n<meta name=\"twitter:label1\" content=\"Est. reading time\" \/>\n\t<meta name=\"twitter:data1\" content=\"2 minutes\" \/>\n<script type=\"application\/ld+json\" class=\"yoast-schema-graph\">{\"@context\":\"https:\\\/\\\/schema.org\",\"@graph\":[{\"@type\":\"WebPage\",\"@id\":\"https:\\\/\\\/gooddealersmeds.com\\\/sk\\\/product\\\/kupit-dexedrin-er-pilulky-online\\\/\",\"url\":\"https:\\\/\\\/gooddealersmeds.com\\\/sk\\\/product\\\/kupit-dexedrin-er-pilulky-online\\\/\",\"name\":\"K\u00fapi\u0165 Dexedrine Er Pills online bez lek\u00e1rskeho predpisu | Good Dealers Meds\",\"isPartOf\":{\"@id\":\"https:\\\/\\\/gooddealersmeds.com\\\/sk\\\/#website\"},\"primaryImageOfPage\":{\"@id\":\"https:\\\/\\\/gooddealersmeds.com\\\/sk\\\/product\\\/kupit-dexedrin-er-pilulky-online\\\/#primaryimage\"},\"image\":{\"@id\":\"https:\\\/\\\/gooddealersmeds.com\\\/sk\\\/product\\\/kupit-dexedrin-er-pilulky-online\\\/#primaryimage\"},\"thumbnailUrl\":\"https:\\\/\\\/gooddealersmeds.com\\\/sk\\\/wp-content\\\/uploads\\\/sites\\\/9\\\/2022\\\/07\\\/Buy-Dexedrine-Er-Pills-Online.png\",\"datePublished\":\"2022-07-03T12:27:49+00:00\",\"dateModified\":\"2022-10-03T22:02:56+00:00\",\"description\":\"K\u00fapte si Dexedrine Er Pills online bez lek\u00e1rskeho predpisu. Objednajte si dexedr\u00edn online z n\u00e1\u0161ho online obchodu a z\u00edskajte ve\u013emi r\u00fdchle doru\u010denie do cel\u00e9ho sveta.\",\"breadcrumb\":{\"@id\":\"https:\\\/\\\/gooddealersmeds.com\\\/sk\\\/product\\\/kupit-dexedrin-er-pilulky-online\\\/#breadcrumb\"},\"inLanguage\":\"en-US\",\"potentialAction\":[{\"@type\":\"ReadAction\",\"target\":[\"https:\\\/\\\/gooddealersmeds.com\\\/sk\\\/product\\\/kupit-dexedrin-er-pilulky-online\\\/\"]}]},{\"@type\":\"ImageObject\",\"inLanguage\":\"en-US\",\"@id\":\"https:\\\/\\\/gooddealersmeds.com\\\/sk\\\/product\\\/kupit-dexedrin-er-pilulky-online\\\/#primaryimage\",\"url\":\"https:\\\/\\\/gooddealersmeds.com\\\/sk\\\/wp-content\\\/uploads\\\/sites\\\/9\\\/2022\\\/07\\\/Buy-Dexedrine-Er-Pills-Online.png\",\"contentUrl\":\"https:\\\/\\\/gooddealersmeds.com\\\/sk\\\/wp-content\\\/uploads\\\/sites\\\/9\\\/2022\\\/07\\\/Buy-Dexedrine-Er-Pills-Online.png\",\"width\":600,\"height\":600,\"caption\":\"Buy Dexedrine Er Pills Online\"},{\"@type\":\"BreadcrumbList\",\"@id\":\"https:\\\/\\\/gooddealersmeds.com\\\/sk\\\/product\\\/kupit-dexedrin-er-pilulky-online\\\/#breadcrumb\",\"itemListElement\":[{\"@type\":\"ListItem\",\"position\":1,\"name\":\"Home\",\"item\":\"https:\\\/\\\/gooddealersmeds.com\\\/sk\\\/\"},{\"@type\":\"ListItem\",\"position\":2,\"name\":\"Produkty\",\"item\":\"https:\\\/\\\/gooddealersmeds.com\\\/sk\\\/produkty\\\/\"},{\"@type\":\"ListItem\",\"position\":3,\"name\":\"K\u00fapte si online tabletky Dexedrine\"}]},{\"@type\":\"WebSite\",\"@id\":\"https:\\\/\\\/gooddealersmeds.com\\\/sk\\\/#website\",\"url\":\"https:\\\/\\\/gooddealersmeds.com\\\/sk\\\/\",\"name\":\"Good Dealers Meds\",\"description\":\"All our best\",\"publisher\":{\"@id\":\"https:\\\/\\\/gooddealersmeds.com\\\/sk\\\/#organization\"},\"potentialAction\":[{\"@type\":\"SearchAction\",\"target\":{\"@type\":\"EntryPoint\",\"urlTemplate\":\"https:\\\/\\\/gooddealersmeds.com\\\/sk\\\/?s={search_term_string}\"},\"query-input\":{\"@type\":\"PropertyValueSpecification\",\"valueRequired\":true,\"valueName\":\"search_term_string\"}}],\"inLanguage\":\"en-US\"},{\"@type\":\"Organization\",\"@id\":\"https:\\\/\\\/gooddealersmeds.com\\\/sk\\\/#organization\",\"name\":\"Good Dealers Meds\",\"url\":\"https:\\\/\\\/gooddealersmeds.com\\\/sk\\\/\",\"logo\":{\"@type\":\"ImageObject\",\"inLanguage\":\"en-US\",\"@id\":\"https:\\\/\\\/gooddealersmeds.com\\\/sk\\\/#\\\/schema\\\/logo\\\/image\\\/\",\"url\":\"https:\\\/\\\/gooddealersmeds.com\\\/sk\\\/wp-content\\\/uploads\\\/sites\\\/9\\\/2022\\\/03\\\/gooddealersmeds__logo__20220317T222800Z.00.png\",\"contentUrl\":\"https:\\\/\\\/gooddealersmeds.com\\\/sk\\\/wp-content\\\/uploads\\\/sites\\\/9\\\/2022\\\/03\\\/gooddealersmeds__logo__20220317T222800Z.00.png\",\"width\":500,\"height\":325,\"caption\":\"Good Dealers Meds\"},\"image\":{\"@id\":\"https:\\\/\\\/gooddealersmeds.com\\\/sk\\\/#\\\/schema\\\/logo\\\/image\\\/\"}}]}<\/script>\n<!-- \/ Yoast SEO Premium plugin. -->","yoast_head_json":{"title":"K\u00fapi\u0165 Dexedrine Er Pills online bez lek\u00e1rskeho predpisu | Good Dealers Meds","description":"K\u00fapte si Dexedrine Er Pills online bez lek\u00e1rskeho predpisu. Objednajte si dexedr\u00edn online z n\u00e1\u0161ho online obchodu a z\u00edskajte ve\u013emi r\u00fdchle doru\u010denie do cel\u00e9ho sveta.","robots":{"index":"index","follow":"follow","max-snippet":"max-snippet:-1","max-image-preview":"max-image-preview:large","max-video-preview":"max-video-preview:-1"},"canonical":"https:\/\/gooddealersmeds.com\/sk\/product\/kupit-dexedrin-er-pilulky-online\/","og_locale":"en_US","og_type":"article","og_title":"K\u00fapte si online tabletky Dexedrine","og_description":"K\u00fapte si Dexedrine Er Pills online bez lek\u00e1rskeho predpisu. Objednajte si dexedr\u00edn online z n\u00e1\u0161ho online obchodu a z\u00edskajte ve\u013emi r\u00fdchle doru\u010denie do cel\u00e9ho sveta.","og_url":"https:\/\/gooddealersmeds.com\/sk\/product\/kupit-dexedrin-er-pilulky-online\/","og_site_name":"Good Dealers Meds","article_modified_time":"2022-10-03T22:02:56+00:00","og_image":[{"width":600,"height":600,"url":"https:\/\/gooddealersmeds.com\/sk\/wp-content\/uploads\/sites\/9\/2022\/07\/Buy-Dexedrine-Er-Pills-Online.png","type":"image\/png"}],"twitter_card":"summary_large_image","twitter_misc":{"Est. reading time":"2 minutes"},"schema":{"@context":"https:\/\/schema.org","@graph":[{"@type":"WebPage","@id":"https:\/\/gooddealersmeds.com\/sk\/product\/kupit-dexedrin-er-pilulky-online\/","url":"https:\/\/gooddealersmeds.com\/sk\/product\/kupit-dexedrin-er-pilulky-online\/","name":"K\u00fapi\u0165 Dexedrine Er Pills online bez lek\u00e1rskeho predpisu | Good Dealers Meds","isPartOf":{"@id":"https:\/\/gooddealersmeds.com\/sk\/#website"},"primaryImageOfPage":{"@id":"https:\/\/gooddealersmeds.com\/sk\/product\/kupit-dexedrin-er-pilulky-online\/#primaryimage"},"image":{"@id":"https:\/\/gooddealersmeds.com\/sk\/product\/kupit-dexedrin-er-pilulky-online\/#primaryimage"},"thumbnailUrl":"https:\/\/gooddealersmeds.com\/sk\/wp-content\/uploads\/sites\/9\/2022\/07\/Buy-Dexedrine-Er-Pills-Online.png","datePublished":"2022-07-03T12:27:49+00:00","dateModified":"2022-10-03T22:02:56+00:00","description":"K\u00fapte si Dexedrine Er Pills online bez lek\u00e1rskeho predpisu. Objednajte si dexedr\u00edn online z n\u00e1\u0161ho online obchodu a z\u00edskajte ve\u013emi r\u00fdchle doru\u010denie do cel\u00e9ho sveta.","breadcrumb":{"@id":"https:\/\/gooddealersmeds.com\/sk\/product\/kupit-dexedrin-er-pilulky-online\/#breadcrumb"},"inLanguage":"en-US","potentialAction":[{"@type":"ReadAction","target":["https:\/\/gooddealersmeds.com\/sk\/product\/kupit-dexedrin-er-pilulky-online\/"]}]},{"@type":"ImageObject","inLanguage":"en-US","@id":"https:\/\/gooddealersmeds.com\/sk\/product\/kupit-dexedrin-er-pilulky-online\/#primaryimage","url":"https:\/\/gooddealersmeds.com\/sk\/wp-content\/uploads\/sites\/9\/2022\/07\/Buy-Dexedrine-Er-Pills-Online.png","contentUrl":"https:\/\/gooddealersmeds.com\/sk\/wp-content\/uploads\/sites\/9\/2022\/07\/Buy-Dexedrine-Er-Pills-Online.png","width":600,"height":600,"caption":"Buy Dexedrine Er Pills Online"},{"@type":"BreadcrumbList","@id":"https:\/\/gooddealersmeds.com\/sk\/product\/kupit-dexedrin-er-pilulky-online\/#breadcrumb","itemListElement":[{"@type":"ListItem","position":1,"name":"Home","item":"https:\/\/gooddealersmeds.com\/sk\/"},{"@type":"ListItem","position":2,"name":"Produkty","item":"https:\/\/gooddealersmeds.com\/sk\/produkty\/"},{"@type":"ListItem","position":3,"name":"K\u00fapte si online tabletky Dexedrine"}]},{"@type":"WebSite","@id":"https:\/\/gooddealersmeds.com\/sk\/#website","url":"https:\/\/gooddealersmeds.com\/sk\/","name":"Good Dealers Meds","description":"All our best","publisher":{"@id":"https:\/\/gooddealersmeds.com\/sk\/#organization"},"potentialAction":[{"@type":"SearchAction","target":{"@type":"EntryPoint","urlTemplate":"https:\/\/gooddealersmeds.com\/sk\/?s={search_term_string}"},"query-input":{"@type":"PropertyValueSpecification","valueRequired":true,"valueName":"search_term_string"}}],"inLanguage":"en-US"},{"@type":"Organization","@id":"https:\/\/gooddealersmeds.com\/sk\/#organization","name":"Good Dealers Meds","url":"https:\/\/gooddealersmeds.com\/sk\/","logo":{"@type":"ImageObject","inLanguage":"en-US","@id":"https:\/\/gooddealersmeds.com\/sk\/#\/schema\/logo\/image\/","url":"https:\/\/gooddealersmeds.com\/sk\/wp-content\/uploads\/sites\/9\/2022\/03\/gooddealersmeds__logo__20220317T222800Z.00.png","contentUrl":"https:\/\/gooddealersmeds.com\/sk\/wp-content\/uploads\/sites\/9\/2022\/03\/gooddealersmeds__logo__20220317T222800Z.00.png","width":500,"height":325,"caption":"Good Dealers Meds"},"image":{"@id":"https:\/\/gooddealersmeds.com\/sk\/#\/schema\/logo\/image\/"}}]}},"_links":{"self":[{"href":"https:\/\/gooddealersmeds.com\/sk\/wp-json\/wp\/v2\/product\/1944","targetHints":{"allow":["GET"]}}],"collection":[{"href":"https:\/\/gooddealersmeds.com\/sk\/wp-json\/wp\/v2\/product"}],"about":[{"href":"https:\/\/gooddealersmeds.com\/sk\/wp-json\/wp\/v2\/types\/product"}],"replies":[{"embeddable":true,"href":"https:\/\/gooddealersmeds.com\/sk\/wp-json\/wp\/v2\/comments?post=1944"}],"wp:featuredmedia":[{"embeddable":true,"href":"https:\/\/gooddealersmeds.com\/sk\/wp-json\/wp\/v2\/media\/1949"}],"wp:attachment":[{"href":"https:\/\/gooddealersmeds.com\/sk\/wp-json\/wp\/v2\/media?parent=1944"}],"wp:term":[{"taxonomy":"product_brand","embeddable":true,"href":"https:\/\/gooddealersmeds.com\/sk\/wp-json\/wp\/v2\/product_brand?post=1944"},{"taxonomy":"product_cat","embeddable":true,"href":"https:\/\/gooddealersmeds.com\/sk\/wp-json\/wp\/v2\/product_cat?post=1944"},{"taxonomy":"product_tag","embeddable":true,"href":"https:\/\/gooddealersmeds.com\/sk\/wp-json\/wp\/v2\/product_tag?post=1944"}],"curies":[{"name":"wp","href":"https:\/\/api.w.org\/{rel}","templated":true}]}}