{"id":1938,"date":"2022-07-03T12:27:31","date_gmt":"2022-07-03T12:27:31","guid":{"rendered":"https:\/\/gooddealersmeds.com\/sk\/?post_type=product&#038;p=1938"},"modified":"2022-10-03T22:03:02","modified_gmt":"2022-10-03T22:03:02","slug":"kupit-dextrin-5mg-pilulky-online","status":"publish","type":"product","link":"https:\/\/gooddealersmeds.com\/sk\/product\/kupit-dextrin-5mg-pilulky-online\/","title":{"rendered":"K\u00fapte si online tabletky Dexedrine 5 mg"},"content":{"rendered":"<p><strong>K\u00fapte si online tabletky Dexedrine 5 mg<\/strong><\/p>\n<p><strong>\u00a0<\/strong><\/p>\n<p>Concerta je liek pou\u017e\u00edvan\u00fd na lie\u010dbu poruchy pozornosti s hyperaktivitou (ADHD) . Je to amfetam\u00edn, \u010do znamen\u00e1, \u017ee p\u00f4sob\u00ed stimul\u00e1ciou centr\u00e1lneho nervov\u00e9ho syst\u00e9mu.<\/p>\n<p>Dexedr\u00edn obsahuje soli d-amfetam\u00ednu a pod\u00e1va sa peror\u00e1lne alebo injek\u010dne. M\u00f4\u017ee sa u\u017e\u00edva\u0165 s jedlom alebo bez jedla. Odpor\u00fa\u010dan\u00e1 d\u00e1vka pre dospel\u00fdch je 10 mg raz denne, ale niektor\u00ed \u013eudia m\u00f4\u017eu potrebova\u0165 viac alebo menej v z\u00e1vislosti od ich individu\u00e1lnych potrieb. Treba v\u0161ak poznamena\u0165, \u017ee m\u00f4\u017ee by\u0165 nebezpe\u010dn\u00e9, ak sa u\u017e\u00edva vo vy\u0161\u0161\u00edch d\u00e1vkach, ako v\u00e1m predp\u00edsal v\u00e1\u0161 lek\u00e1r.<\/p>\n<p>Concerta sa dod\u00e1va vo forme tabliet a m\u00f4\u017ee sa u\u017e\u00edva\u0165 raz denne. Dod\u00e1va sa v sil\u00e1ch od 5 mg do 60 mg denne. Odpor\u00fa\u010dan\u00e1 d\u00e1vka z\u00e1vis\u00ed od veku a hmotnosti, ale v\u00e4\u010d\u0161ina dospel\u00fdch u\u017e\u00edva 15 mg denne alebo menej.<\/p>\n<p>&nbsp;<\/p>\n<p>&nbsp;<\/p>\n<p><strong>Pre\u010do kupova\u0165 dexedr\u00edn 5 mg tabletky online?<\/strong><\/p>\n<p>&nbsp;<\/p>\n<p>Mo\u017eno by ste mali zv\u00e1\u017ei\u0165 n\u00e1kup liekov na predpis online, ak na nich chcete u\u0161etri\u0165 nejak\u00e9 peniaze. Pri n\u00e1kupe online m\u00f4\u017eete z\u00edska\u0165 z\u013eavy a je to ve\u013emi jednoduch\u00e9. Tu je d\u00f4vod:<\/p>\n<ul>\n<li>N\u00e1kup liekov online m\u00f4\u017ee dramaticky zn\u00ed\u017ei\u0165 cenu.<\/li>\n<li>M\u00e1te viac mo\u017enost\u00ed ako kedyko\u013evek predt\u00fdm, preto\u017ee lek\u00e1rne pon\u00fakaj\u00fa v\u0161etko od generick\u00fdch liekov a\u017e po zna\u010dkov\u00e9 mo\u017enosti. <\/li>\n<li>V lek\u00e1rni sa nevy\u017eaduje, aby ste dlho \u010dakali v rade.<\/li>\n<li>Nemus\u00edte sa ob\u00e1va\u0165, \u017ee v\u00e1s podved\u00fa alebo uvid\u00edte niekoho, koho pozn\u00e1te, ako sa v\u00e1m sna\u017e\u00ed nie\u010do preda\u0165.<\/li>\n<\/ul>\n<p>&nbsp;<\/p>\n<p><strong>Kde si objedna\u0165 Dexedrine 5mg Pills online?<\/strong><\/p>\n<p>&nbsp;<\/p>\n<p> Mnoho drog\u00e9ri\u00ed pred\u00e1va tabletky Dexedrine 5 mg online, ale iba vtedy, ak maj\u00fa pr\u00edstup k dobr\u00fdm dod\u00e1vate\u013eom vysokej kvality! Dobrou spr\u00e1vou v\u0161ak je, \u017ee <a href=\"https:\/\/gooddealersmeds.com\/sk\/product\/buy-dexedrine-5mg-pills-online\/\">Dexedrine 5mg Pills<\/a> si m\u00f4\u017eete k\u00fapi\u0165 aj online od dobr\u00fdch predajcov Meds.<\/p>\n<p>&nbsp;<\/p>\n<p>Pred pokra\u010dovan\u00edm v procese n\u00e1kupu v\u00e1m bud\u00fa poskytnut\u00e9 v\u0161etky podrobnosti o va\u0161ej objedn\u00e1vke, tak\u017ee sa nemus\u00edte ni\u010doho ob\u00e1va\u0165!<\/p>\n","protected":false},"excerpt":{"rendered":"<p>K\u00fapte si tabletky Dexedrine 5 mg online bez lek\u00e1rskeho predpisu. Objednajte si dexedr\u00edn ve\u013emi r\u00fdchlo a jednoducho. Na\u0161a doru\u010dovacia slu\u017eba v\u00e1m zabezpe\u010d\u00ed va\u0161u objedn\u00e1vku na dextroamfetam\u00edn v \u010do najkrat\u0161om \u010dase!<\/p>\n","protected":false},"featured_media":1943,"comment_status":"open","ping_status":"closed","template":"","meta":{"inline_featured_image":false},"product_brand":[],"product_cat":[346],"product_tag":[497,498,499,496,494,495,492,491,501,493,500],"class_list":{"0":"post-1938","1":"product","2":"type-product","3":"status-publish","4":"has-post-thumbnail","6":"product_cat-stimulanty","7":"product_tag-dexedrine-5mg-usa","8":"product_tag-dextroamphetamine-5mg-usa","9":"product_tag-dextroamphetamine-5mg-vendor","10":"product_tag-buy-dexedrine-australia","11":"product_tag-kpi-dexedrn-5-mg-tablety-online","12":"product_tag-buy-dexedrine-5mg-usa","13":"product_tag-buy-dexedrine-5mg-canada","14":"product_tag-kpi-lacno-dexedrn","15":"product_tag-nkup-dexedrn-online","16":"product_tag-kpi-dexedrn-5-mg-online","17":"product_tag-objedna-dexedrn-online","19":"first","20":"instock","21":"shipping-taxable","22":"purchasable","23":"product-type-variable","24":"has-default-attributes"},"yoast_head":"<!-- This site is optimized with the Yoast SEO Premium plugin v20.6 (Yoast SEO v27.4) - https:\/\/yoast.com\/product\/yoast-seo-premium-wordpress\/ -->\n<title>K\u00fapte si online tabletky Dexedrine 5 mg | Good Dealers Meds<\/title>\n<meta name=\"description\" content=\"K\u00fapte si tabletky Dexedrine 5 mg online bez lek\u00e1rskeho predpisu. Objednajte si dexedr\u00edn a z\u00edskajte doru\u010dovaciu slu\u017ebu pred va\u0161imi dverami v \u010do najkrat\u0161om \u010dase!\" \/>\n<meta name=\"robots\" content=\"index, follow, max-snippet:-1, max-image-preview:large, max-video-preview:-1\" \/>\n<link rel=\"canonical\" href=\"https:\/\/gooddealersmeds.com\/sk\/product\/kupit-dextrin-5mg-pilulky-online\/\" \/>\n<meta property=\"og:locale\" content=\"en_US\" \/>\n<meta property=\"og:type\" content=\"article\" \/>\n<meta property=\"og:title\" content=\"K\u00fapte si online tabletky Dexedrine 5 mg\" \/>\n<meta property=\"og:description\" content=\"K\u00fapte si tabletky Dexedrine 5 mg online bez lek\u00e1rskeho predpisu. Objednajte si dexedr\u00edn a z\u00edskajte doru\u010dovaciu slu\u017ebu pred va\u0161imi dverami v \u010do najkrat\u0161om \u010dase!\" \/>\n<meta property=\"og:url\" content=\"https:\/\/gooddealersmeds.com\/sk\/product\/kupit-dextrin-5mg-pilulky-online\/\" \/>\n<meta property=\"og:site_name\" content=\"Good Dealers Meds\" \/>\n<meta property=\"article:modified_time\" content=\"2022-10-03T22:03:02+00:00\" \/>\n<meta property=\"og:image\" content=\"https:\/\/gooddealersmeds.com\/sk\/wp-content\/uploads\/sites\/9\/2022\/07\/Buy-Dexedrine-5mg-Pills-Online.jpg\" \/>\n\t<meta property=\"og:image:width\" content=\"600\" \/>\n\t<meta property=\"og:image:height\" content=\"600\" \/>\n\t<meta property=\"og:image:type\" content=\"image\/jpeg\" \/>\n<meta name=\"twitter:card\" content=\"summary_large_image\" \/>\n<meta name=\"twitter:label1\" content=\"Est. reading time\" \/>\n\t<meta name=\"twitter:data1\" content=\"2 minutes\" \/>\n<script type=\"application\/ld+json\" class=\"yoast-schema-graph\">{\"@context\":\"https:\\\/\\\/schema.org\",\"@graph\":[{\"@type\":\"WebPage\",\"@id\":\"https:\\\/\\\/gooddealersmeds.com\\\/sk\\\/product\\\/kupit-dextrin-5mg-pilulky-online\\\/\",\"url\":\"https:\\\/\\\/gooddealersmeds.com\\\/sk\\\/product\\\/kupit-dextrin-5mg-pilulky-online\\\/\",\"name\":\"K\u00fapte si online tabletky Dexedrine 5 mg | Good Dealers Meds\",\"isPartOf\":{\"@id\":\"https:\\\/\\\/gooddealersmeds.com\\\/sk\\\/#website\"},\"primaryImageOfPage\":{\"@id\":\"https:\\\/\\\/gooddealersmeds.com\\\/sk\\\/product\\\/kupit-dextrin-5mg-pilulky-online\\\/#primaryimage\"},\"image\":{\"@id\":\"https:\\\/\\\/gooddealersmeds.com\\\/sk\\\/product\\\/kupit-dextrin-5mg-pilulky-online\\\/#primaryimage\"},\"thumbnailUrl\":\"https:\\\/\\\/gooddealersmeds.com\\\/sk\\\/wp-content\\\/uploads\\\/sites\\\/9\\\/2022\\\/07\\\/Buy-Dexedrine-5mg-Pills-Online.jpg\",\"datePublished\":\"2022-07-03T12:27:31+00:00\",\"dateModified\":\"2022-10-03T22:03:02+00:00\",\"description\":\"K\u00fapte si tabletky Dexedrine 5 mg online bez lek\u00e1rskeho predpisu. Objednajte si dexedr\u00edn a z\u00edskajte doru\u010dovaciu slu\u017ebu pred va\u0161imi dverami v \u010do najkrat\u0161om \u010dase!\",\"breadcrumb\":{\"@id\":\"https:\\\/\\\/gooddealersmeds.com\\\/sk\\\/product\\\/kupit-dextrin-5mg-pilulky-online\\\/#breadcrumb\"},\"inLanguage\":\"en-US\",\"potentialAction\":[{\"@type\":\"ReadAction\",\"target\":[\"https:\\\/\\\/gooddealersmeds.com\\\/sk\\\/product\\\/kupit-dextrin-5mg-pilulky-online\\\/\"]}]},{\"@type\":\"ImageObject\",\"inLanguage\":\"en-US\",\"@id\":\"https:\\\/\\\/gooddealersmeds.com\\\/sk\\\/product\\\/kupit-dextrin-5mg-pilulky-online\\\/#primaryimage\",\"url\":\"https:\\\/\\\/gooddealersmeds.com\\\/sk\\\/wp-content\\\/uploads\\\/sites\\\/9\\\/2022\\\/07\\\/Buy-Dexedrine-5mg-Pills-Online.jpg\",\"contentUrl\":\"https:\\\/\\\/gooddealersmeds.com\\\/sk\\\/wp-content\\\/uploads\\\/sites\\\/9\\\/2022\\\/07\\\/Buy-Dexedrine-5mg-Pills-Online.jpg\",\"width\":600,\"height\":600,\"caption\":\"Buy Dexedrine 5mg Pills\"},{\"@type\":\"BreadcrumbList\",\"@id\":\"https:\\\/\\\/gooddealersmeds.com\\\/sk\\\/product\\\/kupit-dextrin-5mg-pilulky-online\\\/#breadcrumb\",\"itemListElement\":[{\"@type\":\"ListItem\",\"position\":1,\"name\":\"Home\",\"item\":\"https:\\\/\\\/gooddealersmeds.com\\\/sk\\\/\"},{\"@type\":\"ListItem\",\"position\":2,\"name\":\"Produkty\",\"item\":\"https:\\\/\\\/gooddealersmeds.com\\\/sk\\\/produkty\\\/\"},{\"@type\":\"ListItem\",\"position\":3,\"name\":\"K\u00fapte si online tabletky Dexedrine 5 mg\"}]},{\"@type\":\"WebSite\",\"@id\":\"https:\\\/\\\/gooddealersmeds.com\\\/sk\\\/#website\",\"url\":\"https:\\\/\\\/gooddealersmeds.com\\\/sk\\\/\",\"name\":\"Good Dealers Meds\",\"description\":\"All our best\",\"publisher\":{\"@id\":\"https:\\\/\\\/gooddealersmeds.com\\\/sk\\\/#organization\"},\"potentialAction\":[{\"@type\":\"SearchAction\",\"target\":{\"@type\":\"EntryPoint\",\"urlTemplate\":\"https:\\\/\\\/gooddealersmeds.com\\\/sk\\\/?s={search_term_string}\"},\"query-input\":{\"@type\":\"PropertyValueSpecification\",\"valueRequired\":true,\"valueName\":\"search_term_string\"}}],\"inLanguage\":\"en-US\"},{\"@type\":\"Organization\",\"@id\":\"https:\\\/\\\/gooddealersmeds.com\\\/sk\\\/#organization\",\"name\":\"Good Dealers Meds\",\"url\":\"https:\\\/\\\/gooddealersmeds.com\\\/sk\\\/\",\"logo\":{\"@type\":\"ImageObject\",\"inLanguage\":\"en-US\",\"@id\":\"https:\\\/\\\/gooddealersmeds.com\\\/sk\\\/#\\\/schema\\\/logo\\\/image\\\/\",\"url\":\"https:\\\/\\\/gooddealersmeds.com\\\/sk\\\/wp-content\\\/uploads\\\/sites\\\/9\\\/2022\\\/03\\\/gooddealersmeds__logo__20220317T222800Z.00.png\",\"contentUrl\":\"https:\\\/\\\/gooddealersmeds.com\\\/sk\\\/wp-content\\\/uploads\\\/sites\\\/9\\\/2022\\\/03\\\/gooddealersmeds__logo__20220317T222800Z.00.png\",\"width\":500,\"height\":325,\"caption\":\"Good Dealers Meds\"},\"image\":{\"@id\":\"https:\\\/\\\/gooddealersmeds.com\\\/sk\\\/#\\\/schema\\\/logo\\\/image\\\/\"}}]}<\/script>\n<!-- \/ Yoast SEO Premium plugin. -->","yoast_head_json":{"title":"K\u00fapte si online tabletky Dexedrine 5 mg | Good Dealers Meds","description":"K\u00fapte si tabletky Dexedrine 5 mg online bez lek\u00e1rskeho predpisu. Objednajte si dexedr\u00edn a z\u00edskajte doru\u010dovaciu slu\u017ebu pred va\u0161imi dverami v \u010do najkrat\u0161om \u010dase!","robots":{"index":"index","follow":"follow","max-snippet":"max-snippet:-1","max-image-preview":"max-image-preview:large","max-video-preview":"max-video-preview:-1"},"canonical":"https:\/\/gooddealersmeds.com\/sk\/product\/kupit-dextrin-5mg-pilulky-online\/","og_locale":"en_US","og_type":"article","og_title":"K\u00fapte si online tabletky Dexedrine 5 mg","og_description":"K\u00fapte si tabletky Dexedrine 5 mg online bez lek\u00e1rskeho predpisu. Objednajte si dexedr\u00edn a z\u00edskajte doru\u010dovaciu slu\u017ebu pred va\u0161imi dverami v \u010do najkrat\u0161om \u010dase!","og_url":"https:\/\/gooddealersmeds.com\/sk\/product\/kupit-dextrin-5mg-pilulky-online\/","og_site_name":"Good Dealers Meds","article_modified_time":"2022-10-03T22:03:02+00:00","og_image":[{"width":600,"height":600,"url":"https:\/\/gooddealersmeds.com\/sk\/wp-content\/uploads\/sites\/9\/2022\/07\/Buy-Dexedrine-5mg-Pills-Online.jpg","type":"image\/jpeg"}],"twitter_card":"summary_large_image","twitter_misc":{"Est. reading time":"2 minutes"},"schema":{"@context":"https:\/\/schema.org","@graph":[{"@type":"WebPage","@id":"https:\/\/gooddealersmeds.com\/sk\/product\/kupit-dextrin-5mg-pilulky-online\/","url":"https:\/\/gooddealersmeds.com\/sk\/product\/kupit-dextrin-5mg-pilulky-online\/","name":"K\u00fapte si online tabletky Dexedrine 5 mg | Good Dealers Meds","isPartOf":{"@id":"https:\/\/gooddealersmeds.com\/sk\/#website"},"primaryImageOfPage":{"@id":"https:\/\/gooddealersmeds.com\/sk\/product\/kupit-dextrin-5mg-pilulky-online\/#primaryimage"},"image":{"@id":"https:\/\/gooddealersmeds.com\/sk\/product\/kupit-dextrin-5mg-pilulky-online\/#primaryimage"},"thumbnailUrl":"https:\/\/gooddealersmeds.com\/sk\/wp-content\/uploads\/sites\/9\/2022\/07\/Buy-Dexedrine-5mg-Pills-Online.jpg","datePublished":"2022-07-03T12:27:31+00:00","dateModified":"2022-10-03T22:03:02+00:00","description":"K\u00fapte si tabletky Dexedrine 5 mg online bez lek\u00e1rskeho predpisu. Objednajte si dexedr\u00edn a z\u00edskajte doru\u010dovaciu slu\u017ebu pred va\u0161imi dverami v \u010do najkrat\u0161om \u010dase!","breadcrumb":{"@id":"https:\/\/gooddealersmeds.com\/sk\/product\/kupit-dextrin-5mg-pilulky-online\/#breadcrumb"},"inLanguage":"en-US","potentialAction":[{"@type":"ReadAction","target":["https:\/\/gooddealersmeds.com\/sk\/product\/kupit-dextrin-5mg-pilulky-online\/"]}]},{"@type":"ImageObject","inLanguage":"en-US","@id":"https:\/\/gooddealersmeds.com\/sk\/product\/kupit-dextrin-5mg-pilulky-online\/#primaryimage","url":"https:\/\/gooddealersmeds.com\/sk\/wp-content\/uploads\/sites\/9\/2022\/07\/Buy-Dexedrine-5mg-Pills-Online.jpg","contentUrl":"https:\/\/gooddealersmeds.com\/sk\/wp-content\/uploads\/sites\/9\/2022\/07\/Buy-Dexedrine-5mg-Pills-Online.jpg","width":600,"height":600,"caption":"Buy Dexedrine 5mg Pills"},{"@type":"BreadcrumbList","@id":"https:\/\/gooddealersmeds.com\/sk\/product\/kupit-dextrin-5mg-pilulky-online\/#breadcrumb","itemListElement":[{"@type":"ListItem","position":1,"name":"Home","item":"https:\/\/gooddealersmeds.com\/sk\/"},{"@type":"ListItem","position":2,"name":"Produkty","item":"https:\/\/gooddealersmeds.com\/sk\/produkty\/"},{"@type":"ListItem","position":3,"name":"K\u00fapte si online tabletky Dexedrine 5 mg"}]},{"@type":"WebSite","@id":"https:\/\/gooddealersmeds.com\/sk\/#website","url":"https:\/\/gooddealersmeds.com\/sk\/","name":"Good Dealers Meds","description":"All our best","publisher":{"@id":"https:\/\/gooddealersmeds.com\/sk\/#organization"},"potentialAction":[{"@type":"SearchAction","target":{"@type":"EntryPoint","urlTemplate":"https:\/\/gooddealersmeds.com\/sk\/?s={search_term_string}"},"query-input":{"@type":"PropertyValueSpecification","valueRequired":true,"valueName":"search_term_string"}}],"inLanguage":"en-US"},{"@type":"Organization","@id":"https:\/\/gooddealersmeds.com\/sk\/#organization","name":"Good Dealers Meds","url":"https:\/\/gooddealersmeds.com\/sk\/","logo":{"@type":"ImageObject","inLanguage":"en-US","@id":"https:\/\/gooddealersmeds.com\/sk\/#\/schema\/logo\/image\/","url":"https:\/\/gooddealersmeds.com\/sk\/wp-content\/uploads\/sites\/9\/2022\/03\/gooddealersmeds__logo__20220317T222800Z.00.png","contentUrl":"https:\/\/gooddealersmeds.com\/sk\/wp-content\/uploads\/sites\/9\/2022\/03\/gooddealersmeds__logo__20220317T222800Z.00.png","width":500,"height":325,"caption":"Good Dealers Meds"},"image":{"@id":"https:\/\/gooddealersmeds.com\/sk\/#\/schema\/logo\/image\/"}}]}},"_links":{"self":[{"href":"https:\/\/gooddealersmeds.com\/sk\/wp-json\/wp\/v2\/product\/1938","targetHints":{"allow":["GET"]}}],"collection":[{"href":"https:\/\/gooddealersmeds.com\/sk\/wp-json\/wp\/v2\/product"}],"about":[{"href":"https:\/\/gooddealersmeds.com\/sk\/wp-json\/wp\/v2\/types\/product"}],"replies":[{"embeddable":true,"href":"https:\/\/gooddealersmeds.com\/sk\/wp-json\/wp\/v2\/comments?post=1938"}],"wp:featuredmedia":[{"embeddable":true,"href":"https:\/\/gooddealersmeds.com\/sk\/wp-json\/wp\/v2\/media\/1943"}],"wp:attachment":[{"href":"https:\/\/gooddealersmeds.com\/sk\/wp-json\/wp\/v2\/media?parent=1938"}],"wp:term":[{"taxonomy":"product_brand","embeddable":true,"href":"https:\/\/gooddealersmeds.com\/sk\/wp-json\/wp\/v2\/product_brand?post=1938"},{"taxonomy":"product_cat","embeddable":true,"href":"https:\/\/gooddealersmeds.com\/sk\/wp-json\/wp\/v2\/product_cat?post=1938"},{"taxonomy":"product_tag","embeddable":true,"href":"https:\/\/gooddealersmeds.com\/sk\/wp-json\/wp\/v2\/product_tag?post=1938"}],"curies":[{"name":"wp","href":"https:\/\/api.w.org\/{rel}","templated":true}]}}