{"id":1932,"date":"2022-07-03T12:18:16","date_gmt":"2022-07-03T12:18:16","guid":{"rendered":"https:\/\/gooddealersmeds.com\/sk\/?post_type=product&#038;p=1932"},"modified":"2022-10-03T22:03:10","modified_gmt":"2022-10-03T22:03:10","slug":"4-fea-drogy","status":"publish","type":"product","link":"https:\/\/gooddealersmeds.com\/sk\/product\/4-fea-drogy\/","title":{"rendered":"K\u00fapte si 4-FEA lieky online"},"content":{"rendered":"<p><strong>K\u00fapte si lieky 4-FEA online <\/strong><\/p>\n<p>Kortikosteroidy s\u00fa skupinou liekov, ktor\u00e9 sa roky pou\u017e\u00edvaj\u00fa na lie\u010dbu v\u0161etk\u00fdch druhov stavov vr\u00e1tane astmy a alergick\u00fdch reakci\u00ed. Pou\u017e\u00edvaj\u00fa sa aj na lie\u010dbu bipol\u00e1rnej poruchy a in\u00fdch stavov du\u0161evn\u00e9ho zdravia.<\/p>\n<p>Teraz je v\u0161ak dostupn\u00e1 nov\u00e1 gener\u00e1cia kortikosteroidov \u2013 a je bezpe\u010dnej\u0161ia ako kedyko\u013evek predt\u00fdm! T\u00e1to nov\u0161ia gener\u00e1cia prich\u00e1dza vo forme <a href=\"https:\/\/gooddealersmeds.com\/sk\/product\/4-fea-drugs\/\">4-FEA liekov<\/a>. Tieto lieky s\u00fa navrhnut\u00e9 tak, aby boli pre va\u0161e telo jednoduch\u0161ie ako in\u00e9 tradi\u010dn\u00e9 kortikosteroidy, tak\u017ee ich m\u00f4\u017eete pou\u017e\u00edva\u0165 bez ob\u00e1v z ved\u013eaj\u0161\u00edch \u00fa\u010dinkov.<\/p>\n<p>P\u00fdtate sa: \u201eAko funguj\u00fa lieky 4-FEA?\u201c<\/p>\n<p> 4-FEA p\u00f4sobia tak, \u017ee zni\u017euj\u00fa z\u00e1pal vo va\u0161om tele. Zni\u017euj\u00fa tie\u017e opuchy a pom\u00e1haj\u00fa v\u00e1\u0161mu imunitn\u00e9mu syst\u00e9mu bojova\u0165 proti infekci\u00e1m. Ke\u010f\u017ee nemaj\u00fa rovnak\u00e9 ved\u013eaj\u0161ie \u00fa\u010dinky ako in\u00e9 mo\u017enosti lie\u010dby drogami, s\u00fa ide\u00e1lne pre \u013eud\u00ed, ktor\u00ed chc\u00fa nie\u010do, \u010do funguje r\u00fdchlo bez toho, aby sp\u00f4sobovalo boles\u0165 alebo nepohodlie.<\/p>\n<p>&nbsp;<\/p>\n<p><strong>Pre\u010do si objedna\u0165 lieky 4-FEA online?<\/strong><\/p>\n<p>&nbsp;<\/p>\n<p>S n\u00e1kupom liekov 4-FEA online nie s\u00fa spojen\u00e9 \u017eiadne rizik\u00e1, ktor\u00e9 by sa mohli vyskytn\u00fa\u0165, ke\u010f k\u00fapte si ich osobne.<\/p>\n<p>N\u00e1kup 4-FEA Drugs online m\u00f4\u017ee by\u0165 lacnej\u0161\u00ed ako n\u00e1kup v kancel\u00e1rii alebo lek\u00e1rni. Pri nakupovan\u00ed cien liekov 4-FEA sa uistite, \u017ee porovn\u00e1vate r\u00f4zne webov\u00e9 str\u00e1nky a zistite, \u010do pon\u00fakaj\u00fa.<\/p>\n<p>Ke\u010f si k\u00fapite lieky 4-FEA online, z\u00edskate pr\u00edstup ku v\u0161etk\u00fdm svojim liekom naraz. Najm\u00e4 ak m\u00e1te probl\u00e9m zapam\u00e4ta\u0165 si, kedy maj\u00fa by\u0165 va\u0161e predpisy splatn\u00e9, u\u017e nemus\u00edte nav\u0161tevova\u0165 nieko\u013eko lek\u00e1rn\u00ed, aby ste dostali lieky.<\/p>\n<p>&nbsp;<\/p>\n<p><strong>Kde k\u00fapi\u0165 4 -FEA Drugs Online?<\/strong><\/p>\n<p>&nbsp;<\/p>\n<p>M\u00f4\u017eete si k\u00fapi\u0165 4-FEA lieky online v Good Dealers Meds za prijate\u013en\u00e9 ceny. Pon\u00fakame v\u00e1m najlep\u0161ie ceny za n\u00e1kup a postar\u00e1me sa o v\u0161etko, \u010do by ste chceli vidie\u0165 pri n\u00e1kupe liekov online: napr\u00edklad kvalitu, pohodlie a s\u00fakromie.<\/p>\n","protected":false},"excerpt":{"rendered":"<p>K\u00fapte si 4-FEA drogy online je stimula\u010dn\u00e1 droga s\u00favisiaca s metamfetam\u00ednom a 4-flu\u00f3ramfetam\u00ednom. Uv\u00e1dza sa, \u017ee sa pred\u00e1va ako zna\u010dkov\u00e1 droga, ale m\u00e1lo sa vie o jej farmakol\u00f3gii alebo toxikol\u00f3gii.<\/p>\n","protected":false},"featured_media":1937,"comment_status":"open","ping_status":"closed","template":"","meta":{"inline_featured_image":false},"product_brand":[],"product_cat":[344],"product_tag":[],"class_list":{"0":"post-1932","1":"product","2":"type-product","3":"status-publish","4":"has-post-thumbnail","6":"product_cat-vskum-chemiklie","8":"first","9":"instock","10":"shipping-taxable","11":"purchasable","12":"product-type-variable","13":"has-default-attributes"},"yoast_head":"<!-- This site is optimized with the Yoast SEO Premium plugin v20.6 (Yoast SEO v27.3) - https:\/\/yoast.com\/product\/yoast-seo-premium-wordpress\/ -->\n<title>K\u00fapte si 4-FEA lieky online \u2013 najkvalitnej\u0161ie lieky |<\/title>\n<meta name=\"description\" content=\"K\u00fapi\u0165 4-FEA drogy online je stimula\u010dn\u00e1 droga s\u00favisiaca s metamfetam\u00ednom a 4-flu\u00f3ramfetam\u00ednom od Good Dealers Meds. 4-FEA lieky na predaj\" \/>\n<meta name=\"robots\" content=\"index, follow, max-snippet:-1, max-image-preview:large, max-video-preview:-1\" \/>\n<link rel=\"canonical\" href=\"https:\/\/gooddealersmeds.com\/sk\/product\/4-fea-drogy\/\" \/>\n<meta property=\"og:locale\" content=\"en_US\" \/>\n<meta property=\"og:type\" content=\"article\" \/>\n<meta property=\"og:title\" content=\"K\u00fapte si 4-FEA lieky online\" \/>\n<meta property=\"og:description\" content=\"K\u00fapi\u0165 4-FEA drogy online je stimula\u010dn\u00e1 droga s\u00favisiaca s metamfetam\u00ednom a 4-flu\u00f3ramfetam\u00ednom od Good Dealers Meds. 4-FEA lieky na predaj\" \/>\n<meta property=\"og:url\" content=\"https:\/\/gooddealersmeds.com\/sk\/product\/4-fea-drogy\/\" \/>\n<meta property=\"og:site_name\" content=\"Good Dealers Meds\" \/>\n<meta property=\"article:modified_time\" content=\"2022-10-03T22:03:10+00:00\" \/>\n<meta property=\"og:image\" content=\"https:\/\/gooddealersmeds.com\/sk\/wp-content\/uploads\/sites\/9\/2022\/07\/4-FEA-Drugs.jpg\" \/>\n\t<meta property=\"og:image:width\" content=\"600\" \/>\n\t<meta property=\"og:image:height\" content=\"600\" \/>\n\t<meta property=\"og:image:type\" content=\"image\/jpeg\" \/>\n<meta name=\"twitter:card\" content=\"summary_large_image\" \/>\n<meta name=\"twitter:label1\" content=\"Est. reading time\" \/>\n\t<meta name=\"twitter:data1\" content=\"2 minutes\" \/>\n<script type=\"application\/ld+json\" class=\"yoast-schema-graph\">{\"@context\":\"https:\\\/\\\/schema.org\",\"@graph\":[{\"@type\":\"WebPage\",\"@id\":\"https:\\\/\\\/gooddealersmeds.com\\\/sk\\\/product\\\/4-fea-drogy\\\/\",\"url\":\"https:\\\/\\\/gooddealersmeds.com\\\/sk\\\/product\\\/4-fea-drogy\\\/\",\"name\":\"K\u00fapte si 4-FEA lieky online \u2013 najkvalitnej\u0161ie lieky |\",\"isPartOf\":{\"@id\":\"https:\\\/\\\/gooddealersmeds.com\\\/sk\\\/#website\"},\"primaryImageOfPage\":{\"@id\":\"https:\\\/\\\/gooddealersmeds.com\\\/sk\\\/product\\\/4-fea-drogy\\\/#primaryimage\"},\"image\":{\"@id\":\"https:\\\/\\\/gooddealersmeds.com\\\/sk\\\/product\\\/4-fea-drogy\\\/#primaryimage\"},\"thumbnailUrl\":\"https:\\\/\\\/gooddealersmeds.com\\\/sk\\\/wp-content\\\/uploads\\\/sites\\\/9\\\/2022\\\/07\\\/4-FEA-Drugs.jpg\",\"datePublished\":\"2022-07-03T12:18:16+00:00\",\"dateModified\":\"2022-10-03T22:03:10+00:00\",\"description\":\"K\u00fapi\u0165 4-FEA drogy online je stimula\u010dn\u00e1 droga s\u00favisiaca s metamfetam\u00ednom a 4-flu\u00f3ramfetam\u00ednom od Good Dealers Meds. 4-FEA lieky na predaj\",\"breadcrumb\":{\"@id\":\"https:\\\/\\\/gooddealersmeds.com\\\/sk\\\/product\\\/4-fea-drogy\\\/#breadcrumb\"},\"inLanguage\":\"en-US\",\"potentialAction\":[{\"@type\":\"ReadAction\",\"target\":[\"https:\\\/\\\/gooddealersmeds.com\\\/sk\\\/product\\\/4-fea-drogy\\\/\"]}]},{\"@type\":\"ImageObject\",\"inLanguage\":\"en-US\",\"@id\":\"https:\\\/\\\/gooddealersmeds.com\\\/sk\\\/product\\\/4-fea-drogy\\\/#primaryimage\",\"url\":\"https:\\\/\\\/gooddealersmeds.com\\\/sk\\\/wp-content\\\/uploads\\\/sites\\\/9\\\/2022\\\/07\\\/4-FEA-Drugs.jpg\",\"contentUrl\":\"https:\\\/\\\/gooddealersmeds.com\\\/sk\\\/wp-content\\\/uploads\\\/sites\\\/9\\\/2022\\\/07\\\/4-FEA-Drugs.jpg\",\"width\":600,\"height\":600,\"caption\":\"4-FEA Drugs\"},{\"@type\":\"BreadcrumbList\",\"@id\":\"https:\\\/\\\/gooddealersmeds.com\\\/sk\\\/product\\\/4-fea-drogy\\\/#breadcrumb\",\"itemListElement\":[{\"@type\":\"ListItem\",\"position\":1,\"name\":\"Home\",\"item\":\"https:\\\/\\\/gooddealersmeds.com\\\/sk\\\/\"},{\"@type\":\"ListItem\",\"position\":2,\"name\":\"Produkty\",\"item\":\"https:\\\/\\\/gooddealersmeds.com\\\/sk\\\/produkty\\\/\"},{\"@type\":\"ListItem\",\"position\":3,\"name\":\"K\u00fapte si 4-FEA lieky online\"}]},{\"@type\":\"WebSite\",\"@id\":\"https:\\\/\\\/gooddealersmeds.com\\\/sk\\\/#website\",\"url\":\"https:\\\/\\\/gooddealersmeds.com\\\/sk\\\/\",\"name\":\"Good Dealers Meds\",\"description\":\"All our best\",\"publisher\":{\"@id\":\"https:\\\/\\\/gooddealersmeds.com\\\/sk\\\/#organization\"},\"potentialAction\":[{\"@type\":\"SearchAction\",\"target\":{\"@type\":\"EntryPoint\",\"urlTemplate\":\"https:\\\/\\\/gooddealersmeds.com\\\/sk\\\/?s={search_term_string}\"},\"query-input\":{\"@type\":\"PropertyValueSpecification\",\"valueRequired\":true,\"valueName\":\"search_term_string\"}}],\"inLanguage\":\"en-US\"},{\"@type\":\"Organization\",\"@id\":\"https:\\\/\\\/gooddealersmeds.com\\\/sk\\\/#organization\",\"name\":\"Good Dealers Meds\",\"url\":\"https:\\\/\\\/gooddealersmeds.com\\\/sk\\\/\",\"logo\":{\"@type\":\"ImageObject\",\"inLanguage\":\"en-US\",\"@id\":\"https:\\\/\\\/gooddealersmeds.com\\\/sk\\\/#\\\/schema\\\/logo\\\/image\\\/\",\"url\":\"https:\\\/\\\/gooddealersmeds.com\\\/sk\\\/wp-content\\\/uploads\\\/sites\\\/9\\\/2022\\\/03\\\/gooddealersmeds__logo__20220317T222800Z.00.png\",\"contentUrl\":\"https:\\\/\\\/gooddealersmeds.com\\\/sk\\\/wp-content\\\/uploads\\\/sites\\\/9\\\/2022\\\/03\\\/gooddealersmeds__logo__20220317T222800Z.00.png\",\"width\":500,\"height\":325,\"caption\":\"Good Dealers Meds\"},\"image\":{\"@id\":\"https:\\\/\\\/gooddealersmeds.com\\\/sk\\\/#\\\/schema\\\/logo\\\/image\\\/\"}}]}<\/script>\n<!-- \/ Yoast SEO Premium plugin. -->","yoast_head_json":{"title":"K\u00fapte si 4-FEA lieky online \u2013 najkvalitnej\u0161ie lieky |","description":"K\u00fapi\u0165 4-FEA drogy online je stimula\u010dn\u00e1 droga s\u00favisiaca s metamfetam\u00ednom a 4-flu\u00f3ramfetam\u00ednom od Good Dealers Meds. 4-FEA lieky na predaj","robots":{"index":"index","follow":"follow","max-snippet":"max-snippet:-1","max-image-preview":"max-image-preview:large","max-video-preview":"max-video-preview:-1"},"canonical":"https:\/\/gooddealersmeds.com\/sk\/product\/4-fea-drogy\/","og_locale":"en_US","og_type":"article","og_title":"K\u00fapte si 4-FEA lieky online","og_description":"K\u00fapi\u0165 4-FEA drogy online je stimula\u010dn\u00e1 droga s\u00favisiaca s metamfetam\u00ednom a 4-flu\u00f3ramfetam\u00ednom od Good Dealers Meds. 4-FEA lieky na predaj","og_url":"https:\/\/gooddealersmeds.com\/sk\/product\/4-fea-drogy\/","og_site_name":"Good Dealers Meds","article_modified_time":"2022-10-03T22:03:10+00:00","og_image":[{"width":600,"height":600,"url":"https:\/\/gooddealersmeds.com\/sk\/wp-content\/uploads\/sites\/9\/2022\/07\/4-FEA-Drugs.jpg","type":"image\/jpeg"}],"twitter_card":"summary_large_image","twitter_misc":{"Est. reading time":"2 minutes"},"schema":{"@context":"https:\/\/schema.org","@graph":[{"@type":"WebPage","@id":"https:\/\/gooddealersmeds.com\/sk\/product\/4-fea-drogy\/","url":"https:\/\/gooddealersmeds.com\/sk\/product\/4-fea-drogy\/","name":"K\u00fapte si 4-FEA lieky online \u2013 najkvalitnej\u0161ie lieky |","isPartOf":{"@id":"https:\/\/gooddealersmeds.com\/sk\/#website"},"primaryImageOfPage":{"@id":"https:\/\/gooddealersmeds.com\/sk\/product\/4-fea-drogy\/#primaryimage"},"image":{"@id":"https:\/\/gooddealersmeds.com\/sk\/product\/4-fea-drogy\/#primaryimage"},"thumbnailUrl":"https:\/\/gooddealersmeds.com\/sk\/wp-content\/uploads\/sites\/9\/2022\/07\/4-FEA-Drugs.jpg","datePublished":"2022-07-03T12:18:16+00:00","dateModified":"2022-10-03T22:03:10+00:00","description":"K\u00fapi\u0165 4-FEA drogy online je stimula\u010dn\u00e1 droga s\u00favisiaca s metamfetam\u00ednom a 4-flu\u00f3ramfetam\u00ednom od Good Dealers Meds. 4-FEA lieky na predaj","breadcrumb":{"@id":"https:\/\/gooddealersmeds.com\/sk\/product\/4-fea-drogy\/#breadcrumb"},"inLanguage":"en-US","potentialAction":[{"@type":"ReadAction","target":["https:\/\/gooddealersmeds.com\/sk\/product\/4-fea-drogy\/"]}]},{"@type":"ImageObject","inLanguage":"en-US","@id":"https:\/\/gooddealersmeds.com\/sk\/product\/4-fea-drogy\/#primaryimage","url":"https:\/\/gooddealersmeds.com\/sk\/wp-content\/uploads\/sites\/9\/2022\/07\/4-FEA-Drugs.jpg","contentUrl":"https:\/\/gooddealersmeds.com\/sk\/wp-content\/uploads\/sites\/9\/2022\/07\/4-FEA-Drugs.jpg","width":600,"height":600,"caption":"4-FEA Drugs"},{"@type":"BreadcrumbList","@id":"https:\/\/gooddealersmeds.com\/sk\/product\/4-fea-drogy\/#breadcrumb","itemListElement":[{"@type":"ListItem","position":1,"name":"Home","item":"https:\/\/gooddealersmeds.com\/sk\/"},{"@type":"ListItem","position":2,"name":"Produkty","item":"https:\/\/gooddealersmeds.com\/sk\/produkty\/"},{"@type":"ListItem","position":3,"name":"K\u00fapte si 4-FEA lieky online"}]},{"@type":"WebSite","@id":"https:\/\/gooddealersmeds.com\/sk\/#website","url":"https:\/\/gooddealersmeds.com\/sk\/","name":"Good Dealers Meds","description":"All our best","publisher":{"@id":"https:\/\/gooddealersmeds.com\/sk\/#organization"},"potentialAction":[{"@type":"SearchAction","target":{"@type":"EntryPoint","urlTemplate":"https:\/\/gooddealersmeds.com\/sk\/?s={search_term_string}"},"query-input":{"@type":"PropertyValueSpecification","valueRequired":true,"valueName":"search_term_string"}}],"inLanguage":"en-US"},{"@type":"Organization","@id":"https:\/\/gooddealersmeds.com\/sk\/#organization","name":"Good Dealers Meds","url":"https:\/\/gooddealersmeds.com\/sk\/","logo":{"@type":"ImageObject","inLanguage":"en-US","@id":"https:\/\/gooddealersmeds.com\/sk\/#\/schema\/logo\/image\/","url":"https:\/\/gooddealersmeds.com\/sk\/wp-content\/uploads\/sites\/9\/2022\/03\/gooddealersmeds__logo__20220317T222800Z.00.png","contentUrl":"https:\/\/gooddealersmeds.com\/sk\/wp-content\/uploads\/sites\/9\/2022\/03\/gooddealersmeds__logo__20220317T222800Z.00.png","width":500,"height":325,"caption":"Good Dealers Meds"},"image":{"@id":"https:\/\/gooddealersmeds.com\/sk\/#\/schema\/logo\/image\/"}}]}},"_links":{"self":[{"href":"https:\/\/gooddealersmeds.com\/sk\/wp-json\/wp\/v2\/product\/1932","targetHints":{"allow":["GET"]}}],"collection":[{"href":"https:\/\/gooddealersmeds.com\/sk\/wp-json\/wp\/v2\/product"}],"about":[{"href":"https:\/\/gooddealersmeds.com\/sk\/wp-json\/wp\/v2\/types\/product"}],"replies":[{"embeddable":true,"href":"https:\/\/gooddealersmeds.com\/sk\/wp-json\/wp\/v2\/comments?post=1932"}],"wp:featuredmedia":[{"embeddable":true,"href":"https:\/\/gooddealersmeds.com\/sk\/wp-json\/wp\/v2\/media\/1937"}],"wp:attachment":[{"href":"https:\/\/gooddealersmeds.com\/sk\/wp-json\/wp\/v2\/media?parent=1932"}],"wp:term":[{"taxonomy":"product_brand","embeddable":true,"href":"https:\/\/gooddealersmeds.com\/sk\/wp-json\/wp\/v2\/product_brand?post=1932"},{"taxonomy":"product_cat","embeddable":true,"href":"https:\/\/gooddealersmeds.com\/sk\/wp-json\/wp\/v2\/product_cat?post=1932"},{"taxonomy":"product_tag","embeddable":true,"href":"https:\/\/gooddealersmeds.com\/sk\/wp-json\/wp\/v2\/product_tag?post=1932"}],"curies":[{"name":"wp","href":"https:\/\/api.w.org\/{rel}","templated":true}]}}