{"id":1925,"date":"2022-07-03T12:14:01","date_gmt":"2022-07-03T12:14:01","guid":{"rendered":"https:\/\/gooddealersmeds.com\/sk\/?post_type=product&#038;p=1925"},"modified":"2022-10-03T22:03:18","modified_gmt":"2022-10-03T22:03:18","slug":"2-oxo-pce-drogy","status":"publish","type":"product","link":"https:\/\/gooddealersmeds.com\/sk\/product\/2-oxo-pce-drogy\/","title":{"rendered":"Objednajte si 2 Oxo Pce Drugs"},"content":{"rendered":"<p><strong>K\u00fapte si 2 lieky Oxo Pce online<\/strong><\/p>\n<p>Lieky Oxo Pce s\u00fa typom lieku, ktor\u00fd mo\u017eno pou\u017ei\u0165 na lie\u010dbu n\u00edzkej hladiny cukru v krvi. \u00da\u010dinkuj\u00fa tak, \u017ee pom\u00e1haj\u00fa pankreasu vytv\u00e1ra\u0165 horm\u00f3ny inzul\u00edn a glukag\u00f3n, ktor\u00e9 pom\u00e1haj\u00fa udr\u017eiava\u0165 stabiln\u00fa hladinu cukru v krvi.<\/p>\n<p>Na rozdiel od v\u00e4\u010d\u0161iny in\u00fdch protiz\u00e1palov\u00fdch liekov, Oxo-Pce p\u00f4sob\u00ed na viac ne\u017e len jeden typ z\u00e1palu. Pom\u00f4\u017ee pri reumatoidnej artrit\u00edde, osteoartrit\u00edde a in\u00fdch z\u00e1palov\u00fdch ochoreniach, ako je psori\u00e1za a dna.<\/p>\n<p>Uk\u00e1zalo sa, \u017ee liek je \u00fa\u010dinn\u00fd aj pri zni\u017eovan\u00ed rannej stuhnutosti sp\u00f4sobenej osteoartrit\u00eddou a reumatoidnou artrit\u00eddou (RA). To pom\u00e1ha \u013eu\u010fom vsta\u0165 a norm\u00e1lne fungova\u0165 po\u010das d\u0148a bez toho, aby sa museli ob\u00e1va\u0165 stuhnut\u00fdch k\u013abov, ktor\u00e9 s\u0165a\u017euj\u00fa pohyb alebo vykon\u00e1vanie z\u00e1kladn\u00fdch \u00faloh, ako je vst\u00e1vanie z postele ka\u017ed\u00e9 r\u00e1no.<\/p>\n<p>&nbsp;<\/p>\n<p><strong>Pre\u010do kupova\u0165 2 Oxo Pce Drugs online?<\/strong><\/p>\n<p>Hlavn\u00e9 d\u00f4vody, pre\u010do si k\u00fapi\u0165 2 Oxo Pce Drugs online, m\u00f4\u017eu by\u0165 tri:<\/p>\n<ul>\n<li>Pohodlie <\/li>\n<li>Ochrana osobn\u00fdch \u00fadajov<\/li>\n<li>Kvalita<\/li>\n<\/ul>\n<p>Ak si chcete pri n\u00e1kupe vychutna\u0165 najlep\u0161iu kombin\u00e1ciu v\u0161etk\u00fdch t\u00fdchto troch komponentov, mus\u00edte prejs\u0165 na n\u00e1kup online .<\/p>\n<p>&nbsp;<\/p>\n<p><strong>Najlep\u0161ie miesto na online objednanie 2 Oxo Pce Drugs<\/strong><\/p>\n<p><strong>\u00a0<\/strong><\/p>\n<p><a href=\"https:\/\/gooddealersmeds.com\/sk\/product\/2-oxo-pce-drugs\/\">Dobr\u00ed predajcovia liekov<\/a> s\u00fa najlep\u0161\u00edm miestom na predaj 2 liekov Oxo Pce online. Pred\u00e1vame \u0161irok\u00fa \u0161k\u00e1lu r\u00f4znych druhov liekov, vr\u00e1tane 2 Oxo Pce Drugs, tak\u017ee ur\u010dite n\u00e1jdete to, \u010do potrebujete. Ak h\u013ead\u00e1te jednoduch\u00fd sp\u00f4sob, ako sa postara\u0165 o svoje pr\u00edznaky artrit\u00eddy bez toho, aby ste ka\u017ed\u00fd mesiac m\u00ed\u0148ali ruku a nohu na lieky na predpis, 2 Oxo Pce Drugs m\u00f4\u017eu by\u0165 pre v\u00e1s to prav\u00e9!<\/p>\n","protected":false},"excerpt":{"rendered":"<p>Nakupujte 2\u2032-OXO-PCE lieky online je vysoko kvalitn\u00e1 v\u00fdskumn\u00e1 chemik\u00e1lia. 2\u2032-Oxo-PCE (Eticyclidone, O-PCE) si m\u00f4\u017eete k\u00fapi\u0165 online za ve\u013ekoobchodn\u00fa cenu od d\u00f4veryhodn\u00e9ho dod\u00e1vate\u013ea Virgin Health Pharmacy.<\/p>\n","protected":false},"featured_media":1931,"comment_status":"open","ping_status":"closed","template":"","meta":{"inline_featured_image":false},"product_brand":[],"product_cat":[344],"product_tag":[],"class_list":{"0":"post-1925","1":"product","2":"type-product","3":"status-publish","4":"has-post-thumbnail","6":"product_cat-vskum-chemiklie","8":"first","9":"instock","10":"shipping-taxable","11":"purchasable","12":"product-type-variable","13":"has-default-attributes"},"yoast_head":"<!-- This site is optimized with the Yoast SEO Premium plugin v20.6 (Yoast SEO v27.3) - https:\/\/yoast.com\/product\/yoast-seo-premium-wordpress\/ -->\n<title>K\u00fapi\u0165 2 Oxo Pce Drugs online | Good Dealers Meds<\/title>\n<meta name=\"description\" content=\"K\u00fapte si 2 Oxo Pce Drugs online (tie\u017e zn\u00e1me ako Eticyclidone) za ve\u013ekoobchodn\u00fa cenu od d\u00f4veryhodn\u00fdch dod\u00e1vate\u013eov s najvy\u0161\u0161ou \u010distotou.\" \/>\n<meta name=\"robots\" content=\"index, follow, max-snippet:-1, max-image-preview:large, max-video-preview:-1\" \/>\n<link rel=\"canonical\" href=\"https:\/\/gooddealersmeds.com\/sk\/product\/2-oxo-pce-drogy\/\" \/>\n<meta property=\"og:locale\" content=\"en_US\" \/>\n<meta property=\"og:type\" content=\"article\" \/>\n<meta property=\"og:title\" content=\"Objednajte si 2 Oxo Pce Drugs\" \/>\n<meta property=\"og:description\" content=\"K\u00fapte si 2 Oxo Pce Drugs online (tie\u017e zn\u00e1me ako Eticyclidone) za ve\u013ekoobchodn\u00fa cenu od d\u00f4veryhodn\u00fdch dod\u00e1vate\u013eov s najvy\u0161\u0161ou \u010distotou.\" \/>\n<meta property=\"og:url\" content=\"https:\/\/gooddealersmeds.com\/sk\/product\/2-oxo-pce-drogy\/\" \/>\n<meta property=\"og:site_name\" content=\"Good Dealers Meds\" \/>\n<meta property=\"article:modified_time\" content=\"2022-10-03T22:03:18+00:00\" \/>\n<meta property=\"og:image\" content=\"https:\/\/gooddealersmeds.com\/sk\/wp-content\/uploads\/sites\/9\/2022\/07\/2-Oxo-Pce-Drugs.jpg\" \/>\n\t<meta property=\"og:image:width\" content=\"600\" \/>\n\t<meta property=\"og:image:height\" content=\"600\" \/>\n\t<meta property=\"og:image:type\" content=\"image\/jpeg\" \/>\n<meta name=\"twitter:card\" content=\"summary_large_image\" \/>\n<meta name=\"twitter:label1\" content=\"Est. reading time\" \/>\n\t<meta name=\"twitter:data1\" content=\"2 minutes\" \/>\n<script type=\"application\/ld+json\" class=\"yoast-schema-graph\">{\"@context\":\"https:\\\/\\\/schema.org\",\"@graph\":[{\"@type\":\"WebPage\",\"@id\":\"https:\\\/\\\/gooddealersmeds.com\\\/sk\\\/product\\\/2-oxo-pce-drogy\\\/\",\"url\":\"https:\\\/\\\/gooddealersmeds.com\\\/sk\\\/product\\\/2-oxo-pce-drogy\\\/\",\"name\":\"K\u00fapi\u0165 2 Oxo Pce Drugs online | Good Dealers Meds\",\"isPartOf\":{\"@id\":\"https:\\\/\\\/gooddealersmeds.com\\\/sk\\\/#website\"},\"primaryImageOfPage\":{\"@id\":\"https:\\\/\\\/gooddealersmeds.com\\\/sk\\\/product\\\/2-oxo-pce-drogy\\\/#primaryimage\"},\"image\":{\"@id\":\"https:\\\/\\\/gooddealersmeds.com\\\/sk\\\/product\\\/2-oxo-pce-drogy\\\/#primaryimage\"},\"thumbnailUrl\":\"https:\\\/\\\/gooddealersmeds.com\\\/sk\\\/wp-content\\\/uploads\\\/sites\\\/9\\\/2022\\\/07\\\/2-Oxo-Pce-Drugs.jpg\",\"datePublished\":\"2022-07-03T12:14:01+00:00\",\"dateModified\":\"2022-10-03T22:03:18+00:00\",\"description\":\"K\u00fapte si 2 Oxo Pce Drugs online (tie\u017e zn\u00e1me ako Eticyclidone) za ve\u013ekoobchodn\u00fa cenu od d\u00f4veryhodn\u00fdch dod\u00e1vate\u013eov s najvy\u0161\u0161ou \u010distotou.\",\"breadcrumb\":{\"@id\":\"https:\\\/\\\/gooddealersmeds.com\\\/sk\\\/product\\\/2-oxo-pce-drogy\\\/#breadcrumb\"},\"inLanguage\":\"en-US\",\"potentialAction\":[{\"@type\":\"ReadAction\",\"target\":[\"https:\\\/\\\/gooddealersmeds.com\\\/sk\\\/product\\\/2-oxo-pce-drogy\\\/\"]}]},{\"@type\":\"ImageObject\",\"inLanguage\":\"en-US\",\"@id\":\"https:\\\/\\\/gooddealersmeds.com\\\/sk\\\/product\\\/2-oxo-pce-drogy\\\/#primaryimage\",\"url\":\"https:\\\/\\\/gooddealersmeds.com\\\/sk\\\/wp-content\\\/uploads\\\/sites\\\/9\\\/2022\\\/07\\\/2-Oxo-Pce-Drugs.jpg\",\"contentUrl\":\"https:\\\/\\\/gooddealersmeds.com\\\/sk\\\/wp-content\\\/uploads\\\/sites\\\/9\\\/2022\\\/07\\\/2-Oxo-Pce-Drugs.jpg\",\"width\":600,\"height\":600,\"caption\":\"Buy 2 Oxo Pce Drugs Online\"},{\"@type\":\"BreadcrumbList\",\"@id\":\"https:\\\/\\\/gooddealersmeds.com\\\/sk\\\/product\\\/2-oxo-pce-drogy\\\/#breadcrumb\",\"itemListElement\":[{\"@type\":\"ListItem\",\"position\":1,\"name\":\"Home\",\"item\":\"https:\\\/\\\/gooddealersmeds.com\\\/sk\\\/\"},{\"@type\":\"ListItem\",\"position\":2,\"name\":\"Produkty\",\"item\":\"https:\\\/\\\/gooddealersmeds.com\\\/sk\\\/produkty\\\/\"},{\"@type\":\"ListItem\",\"position\":3,\"name\":\"Objednajte si 2 Oxo Pce Drugs\"}]},{\"@type\":\"WebSite\",\"@id\":\"https:\\\/\\\/gooddealersmeds.com\\\/sk\\\/#website\",\"url\":\"https:\\\/\\\/gooddealersmeds.com\\\/sk\\\/\",\"name\":\"Good Dealers Meds\",\"description\":\"All our best\",\"publisher\":{\"@id\":\"https:\\\/\\\/gooddealersmeds.com\\\/sk\\\/#organization\"},\"potentialAction\":[{\"@type\":\"SearchAction\",\"target\":{\"@type\":\"EntryPoint\",\"urlTemplate\":\"https:\\\/\\\/gooddealersmeds.com\\\/sk\\\/?s={search_term_string}\"},\"query-input\":{\"@type\":\"PropertyValueSpecification\",\"valueRequired\":true,\"valueName\":\"search_term_string\"}}],\"inLanguage\":\"en-US\"},{\"@type\":\"Organization\",\"@id\":\"https:\\\/\\\/gooddealersmeds.com\\\/sk\\\/#organization\",\"name\":\"Good Dealers Meds\",\"url\":\"https:\\\/\\\/gooddealersmeds.com\\\/sk\\\/\",\"logo\":{\"@type\":\"ImageObject\",\"inLanguage\":\"en-US\",\"@id\":\"https:\\\/\\\/gooddealersmeds.com\\\/sk\\\/#\\\/schema\\\/logo\\\/image\\\/\",\"url\":\"https:\\\/\\\/gooddealersmeds.com\\\/sk\\\/wp-content\\\/uploads\\\/sites\\\/9\\\/2022\\\/03\\\/gooddealersmeds__logo__20220317T222800Z.00.png\",\"contentUrl\":\"https:\\\/\\\/gooddealersmeds.com\\\/sk\\\/wp-content\\\/uploads\\\/sites\\\/9\\\/2022\\\/03\\\/gooddealersmeds__logo__20220317T222800Z.00.png\",\"width\":500,\"height\":325,\"caption\":\"Good Dealers Meds\"},\"image\":{\"@id\":\"https:\\\/\\\/gooddealersmeds.com\\\/sk\\\/#\\\/schema\\\/logo\\\/image\\\/\"}}]}<\/script>\n<!-- \/ Yoast SEO Premium plugin. -->","yoast_head_json":{"title":"K\u00fapi\u0165 2 Oxo Pce Drugs online | Good Dealers Meds","description":"K\u00fapte si 2 Oxo Pce Drugs online (tie\u017e zn\u00e1me ako Eticyclidone) za ve\u013ekoobchodn\u00fa cenu od d\u00f4veryhodn\u00fdch dod\u00e1vate\u013eov s najvy\u0161\u0161ou \u010distotou.","robots":{"index":"index","follow":"follow","max-snippet":"max-snippet:-1","max-image-preview":"max-image-preview:large","max-video-preview":"max-video-preview:-1"},"canonical":"https:\/\/gooddealersmeds.com\/sk\/product\/2-oxo-pce-drogy\/","og_locale":"en_US","og_type":"article","og_title":"Objednajte si 2 Oxo Pce Drugs","og_description":"K\u00fapte si 2 Oxo Pce Drugs online (tie\u017e zn\u00e1me ako Eticyclidone) za ve\u013ekoobchodn\u00fa cenu od d\u00f4veryhodn\u00fdch dod\u00e1vate\u013eov s najvy\u0161\u0161ou \u010distotou.","og_url":"https:\/\/gooddealersmeds.com\/sk\/product\/2-oxo-pce-drogy\/","og_site_name":"Good Dealers Meds","article_modified_time":"2022-10-03T22:03:18+00:00","og_image":[{"width":600,"height":600,"url":"https:\/\/gooddealersmeds.com\/sk\/wp-content\/uploads\/sites\/9\/2022\/07\/2-Oxo-Pce-Drugs.jpg","type":"image\/jpeg"}],"twitter_card":"summary_large_image","twitter_misc":{"Est. reading time":"2 minutes"},"schema":{"@context":"https:\/\/schema.org","@graph":[{"@type":"WebPage","@id":"https:\/\/gooddealersmeds.com\/sk\/product\/2-oxo-pce-drogy\/","url":"https:\/\/gooddealersmeds.com\/sk\/product\/2-oxo-pce-drogy\/","name":"K\u00fapi\u0165 2 Oxo Pce Drugs online | Good Dealers Meds","isPartOf":{"@id":"https:\/\/gooddealersmeds.com\/sk\/#website"},"primaryImageOfPage":{"@id":"https:\/\/gooddealersmeds.com\/sk\/product\/2-oxo-pce-drogy\/#primaryimage"},"image":{"@id":"https:\/\/gooddealersmeds.com\/sk\/product\/2-oxo-pce-drogy\/#primaryimage"},"thumbnailUrl":"https:\/\/gooddealersmeds.com\/sk\/wp-content\/uploads\/sites\/9\/2022\/07\/2-Oxo-Pce-Drugs.jpg","datePublished":"2022-07-03T12:14:01+00:00","dateModified":"2022-10-03T22:03:18+00:00","description":"K\u00fapte si 2 Oxo Pce Drugs online (tie\u017e zn\u00e1me ako Eticyclidone) za ve\u013ekoobchodn\u00fa cenu od d\u00f4veryhodn\u00fdch dod\u00e1vate\u013eov s najvy\u0161\u0161ou \u010distotou.","breadcrumb":{"@id":"https:\/\/gooddealersmeds.com\/sk\/product\/2-oxo-pce-drogy\/#breadcrumb"},"inLanguage":"en-US","potentialAction":[{"@type":"ReadAction","target":["https:\/\/gooddealersmeds.com\/sk\/product\/2-oxo-pce-drogy\/"]}]},{"@type":"ImageObject","inLanguage":"en-US","@id":"https:\/\/gooddealersmeds.com\/sk\/product\/2-oxo-pce-drogy\/#primaryimage","url":"https:\/\/gooddealersmeds.com\/sk\/wp-content\/uploads\/sites\/9\/2022\/07\/2-Oxo-Pce-Drugs.jpg","contentUrl":"https:\/\/gooddealersmeds.com\/sk\/wp-content\/uploads\/sites\/9\/2022\/07\/2-Oxo-Pce-Drugs.jpg","width":600,"height":600,"caption":"Buy 2 Oxo Pce Drugs Online"},{"@type":"BreadcrumbList","@id":"https:\/\/gooddealersmeds.com\/sk\/product\/2-oxo-pce-drogy\/#breadcrumb","itemListElement":[{"@type":"ListItem","position":1,"name":"Home","item":"https:\/\/gooddealersmeds.com\/sk\/"},{"@type":"ListItem","position":2,"name":"Produkty","item":"https:\/\/gooddealersmeds.com\/sk\/produkty\/"},{"@type":"ListItem","position":3,"name":"Objednajte si 2 Oxo Pce Drugs"}]},{"@type":"WebSite","@id":"https:\/\/gooddealersmeds.com\/sk\/#website","url":"https:\/\/gooddealersmeds.com\/sk\/","name":"Good Dealers Meds","description":"All our best","publisher":{"@id":"https:\/\/gooddealersmeds.com\/sk\/#organization"},"potentialAction":[{"@type":"SearchAction","target":{"@type":"EntryPoint","urlTemplate":"https:\/\/gooddealersmeds.com\/sk\/?s={search_term_string}"},"query-input":{"@type":"PropertyValueSpecification","valueRequired":true,"valueName":"search_term_string"}}],"inLanguage":"en-US"},{"@type":"Organization","@id":"https:\/\/gooddealersmeds.com\/sk\/#organization","name":"Good Dealers Meds","url":"https:\/\/gooddealersmeds.com\/sk\/","logo":{"@type":"ImageObject","inLanguage":"en-US","@id":"https:\/\/gooddealersmeds.com\/sk\/#\/schema\/logo\/image\/","url":"https:\/\/gooddealersmeds.com\/sk\/wp-content\/uploads\/sites\/9\/2022\/03\/gooddealersmeds__logo__20220317T222800Z.00.png","contentUrl":"https:\/\/gooddealersmeds.com\/sk\/wp-content\/uploads\/sites\/9\/2022\/03\/gooddealersmeds__logo__20220317T222800Z.00.png","width":500,"height":325,"caption":"Good Dealers Meds"},"image":{"@id":"https:\/\/gooddealersmeds.com\/sk\/#\/schema\/logo\/image\/"}}]}},"_links":{"self":[{"href":"https:\/\/gooddealersmeds.com\/sk\/wp-json\/wp\/v2\/product\/1925","targetHints":{"allow":["GET"]}}],"collection":[{"href":"https:\/\/gooddealersmeds.com\/sk\/wp-json\/wp\/v2\/product"}],"about":[{"href":"https:\/\/gooddealersmeds.com\/sk\/wp-json\/wp\/v2\/types\/product"}],"replies":[{"embeddable":true,"href":"https:\/\/gooddealersmeds.com\/sk\/wp-json\/wp\/v2\/comments?post=1925"}],"wp:featuredmedia":[{"embeddable":true,"href":"https:\/\/gooddealersmeds.com\/sk\/wp-json\/wp\/v2\/media\/1931"}],"wp:attachment":[{"href":"https:\/\/gooddealersmeds.com\/sk\/wp-json\/wp\/v2\/media?parent=1925"}],"wp:term":[{"taxonomy":"product_brand","embeddable":true,"href":"https:\/\/gooddealersmeds.com\/sk\/wp-json\/wp\/v2\/product_brand?post=1925"},{"taxonomy":"product_cat","embeddable":true,"href":"https:\/\/gooddealersmeds.com\/sk\/wp-json\/wp\/v2\/product_cat?post=1925"},{"taxonomy":"product_tag","embeddable":true,"href":"https:\/\/gooddealersmeds.com\/sk\/wp-json\/wp\/v2\/product_tag?post=1925"}],"curies":[{"name":"wp","href":"https:\/\/api.w.org\/{rel}","templated":true}]}}