{"id":1918,"date":"2022-07-03T12:09:15","date_gmt":"2022-07-03T12:09:15","guid":{"rendered":"https:\/\/gooddealersmeds.com\/sk\/?post_type=product&#038;p=1918"},"modified":"2022-10-03T22:03:26","modified_gmt":"2022-10-03T22:03:26","slug":"2-a1mp-droga","status":"publish","type":"product","link":"https:\/\/gooddealersmeds.com\/sk\/product\/2-a1mp-droga\/","title":{"rendered":"2- A1MP liek na predaj"},"content":{"rendered":"<h1><strong>K\u00fapi\u0165 2-A1MP drogu online<\/strong><\/h1>\n<p>Mo\u017eno ste u\u017e po\u010duli o 2-A1MP, ale \u010do to je? Je to liek schv\u00e1len\u00fd FDA, ktor\u00fd sa pou\u017e\u00edva na lie\u010dbu \u013eud\u00ed s cukrovkou 2. Funguje tak, \u017ee zni\u017euje hladinu cukru v krvi \u2013 a v klinick\u00fdch \u0161t\u00fadi\u00e1ch sa preuk\u00e1zalo, \u017ee je bezpe\u010dn\u00fd a \u00fa\u010dinn\u00fd. K\u00fapi\u0165 liek 2-A1MP online<\/p>\n<p>2- A1MP Drug Online je liek, ktor\u00fd mo\u017eno pou\u017ei\u0165 na lie\u010dbu rakoviny prsn\u00edka. Liek zni\u017euje riziko recid\u00edvy rakoviny prsn\u00edka a zlep\u0161uje jej progresiu. Funguje tak, \u017ee inhibuje estrog\u00e9nov\u00e9 receptory a blokuje \u00fa\u010dinok estrog\u00e9nu na tkaniv\u00e1 v tele. Liek tie\u017e pom\u00e1ha zni\u017eova\u0165 z\u00e1pal a br\u00e1ni \u0161\u00edreniu rakovinov\u00fdch buniek.<\/p>\n<p>&nbsp;<\/p>\n<p><strong>Pre\u010do si objedna\u0165 2- A1MP Drugs online?<\/strong><\/p>\n<p>Ak h\u013ead\u00e1te produkt, ktor\u00fd bol schv\u00e1len\u00fd FDA a je \u00fa\u010dinn\u00fd pri lie\u010dbe v\u00e1\u0161ho ochorenia, mali by ste zv\u00e1\u017ei\u0165 n\u00e1kup 2-A1MP Drug Online. Tento liek v\u00e1m m\u00f4\u017ee pom\u00f4c\u0165 dosiahnu\u0165 lep\u0161iu kontrolu hladiny cukru v krvi a zn\u00ed\u017ei\u0165 riziko vzniku komplik\u00e1ci\u00ed cukrovky. M\u00e1 tie\u017e men\u0161ie ved\u013eaj\u0161ie \u00fa\u010dinky ako in\u00e9 lieky na dne\u0161nom trhu.<\/p>\n<p><strong>\u00a0<\/strong><\/p>\n<p><strong>Ak\u00e9 je najlep\u0161ie miesto na n\u00e1kup lieku 2- A1MP online ?<\/strong><\/p>\n<p>Drogu 2- A1MP si m\u00f4\u017eete k\u00fapi\u0165 online na mnoh\u00fdch r\u00f4znych miestach. M\u00f4\u017eete si ho k\u00fapi\u0165 u svojho lek\u00e1ra alebo prostredn\u00edctvom lek\u00e1rne, ako je CVS Health alebo Walgreens. Ak to pre v\u00e1s nie je mo\u017en\u00e9, odpor\u00fa\u010dame v\u00e1m pou\u017ei\u0165 online lek\u00e1re\u0148, ako je Good Dealers Meds.<\/p>\n<p>Najlep\u0161ie miesto na n\u00e1kup tohto lieku je online na <a href=\"https:\/\/gooddealersmeds. com\/sk\/product\/2-a1mp-drug\/\">Good Dealers Meds<\/a>, preto\u017ee s\u00fa dostupn\u00e9 za ni\u017e\u0161iu cenu s lep\u0161ou kvalitou produktov a slu\u017eieb.<\/p>\n<p>&nbsp;<\/p>\n","protected":false},"excerpt":{"rendered":"<p>Droga 2-A1MP online je chemick\u00e1 zl\u00fa\u010denina z triedy katin\u00f3nov, ktor\u00e1 sa pred\u00e1va online ako zna\u010dkov\u00fd liek. Je to beta-ket\u00f3nov\u00e1 verzia 5-Methoxy-MDMA.<\/p>\n","protected":false},"featured_media":1924,"comment_status":"open","ping_status":"closed","template":"","meta":{"inline_featured_image":false},"product_brand":[],"product_cat":[344],"product_tag":[],"class_list":{"0":"post-1918","1":"product","2":"type-product","3":"status-publish","4":"has-post-thumbnail","6":"product_cat-vskum-chemiklie","8":"first","9":"instock","10":"shipping-taxable","11":"purchasable","12":"product-type-variable","13":"has-default-attributes"},"yoast_head":"<!-- This site is optimized with the Yoast SEO Premium plugin v20.6 (Yoast SEO v27.4) - https:\/\/yoast.com\/product\/yoast-seo-premium-wordpress\/ -->\n<title>K\u00fapi\u0165 2-A1MP liek online (5-metoxymetyl\u00f3n) | Good Dealers Meds<\/title>\n<meta name=\"description\" content=\"K\u00fapte si liek 2-A1MP (be\u017ene zn\u00e1my ako 5-metoxymetyl\u00f3n) online za ve\u013ekoobchodn\u00fa cenu od d\u00f4veryhodn\u00fdch dod\u00e1vate\u013eov s najvy\u0161\u0161ou \u010distotou.\" \/>\n<meta name=\"robots\" content=\"index, follow, max-snippet:-1, max-image-preview:large, max-video-preview:-1\" \/>\n<link rel=\"canonical\" href=\"https:\/\/gooddealersmeds.com\/sk\/product\/2-a1mp-droga\/\" \/>\n<meta property=\"og:locale\" content=\"en_US\" \/>\n<meta property=\"og:type\" content=\"article\" \/>\n<meta property=\"og:title\" content=\"2- A1MP liek na predaj\" \/>\n<meta property=\"og:description\" content=\"K\u00fapte si liek 2-A1MP (be\u017ene zn\u00e1my ako 5-metoxymetyl\u00f3n) online za ve\u013ekoobchodn\u00fa cenu od d\u00f4veryhodn\u00fdch dod\u00e1vate\u013eov s najvy\u0161\u0161ou \u010distotou.\" \/>\n<meta property=\"og:url\" content=\"https:\/\/gooddealersmeds.com\/sk\/product\/2-a1mp-droga\/\" \/>\n<meta property=\"og:site_name\" content=\"Good Dealers Meds\" \/>\n<meta property=\"article:modified_time\" content=\"2022-10-03T22:03:26+00:00\" \/>\n<meta property=\"og:image\" content=\"https:\/\/gooddealersmeds.com\/sk\/wp-content\/uploads\/sites\/9\/2022\/07\/Buy-2-A1MP-drug-online.jpg\" \/>\n\t<meta property=\"og:image:width\" content=\"600\" \/>\n\t<meta property=\"og:image:height\" content=\"600\" \/>\n\t<meta property=\"og:image:type\" content=\"image\/jpeg\" \/>\n<meta name=\"twitter:card\" content=\"summary_large_image\" \/>\n<meta name=\"twitter:label1\" content=\"Est. reading time\" \/>\n\t<meta name=\"twitter:data1\" content=\"2 minutes\" \/>\n<script type=\"application\/ld+json\" class=\"yoast-schema-graph\">{\"@context\":\"https:\\\/\\\/schema.org\",\"@graph\":[{\"@type\":\"WebPage\",\"@id\":\"https:\\\/\\\/gooddealersmeds.com\\\/sk\\\/product\\\/2-a1mp-droga\\\/\",\"url\":\"https:\\\/\\\/gooddealersmeds.com\\\/sk\\\/product\\\/2-a1mp-droga\\\/\",\"name\":\"K\u00fapi\u0165 2-A1MP liek online (5-metoxymetyl\u00f3n) | Good Dealers Meds\",\"isPartOf\":{\"@id\":\"https:\\\/\\\/gooddealersmeds.com\\\/sk\\\/#website\"},\"primaryImageOfPage\":{\"@id\":\"https:\\\/\\\/gooddealersmeds.com\\\/sk\\\/product\\\/2-a1mp-droga\\\/#primaryimage\"},\"image\":{\"@id\":\"https:\\\/\\\/gooddealersmeds.com\\\/sk\\\/product\\\/2-a1mp-droga\\\/#primaryimage\"},\"thumbnailUrl\":\"https:\\\/\\\/gooddealersmeds.com\\\/sk\\\/wp-content\\\/uploads\\\/sites\\\/9\\\/2022\\\/07\\\/Buy-2-A1MP-drug-online.jpg\",\"datePublished\":\"2022-07-03T12:09:15+00:00\",\"dateModified\":\"2022-10-03T22:03:26+00:00\",\"description\":\"K\u00fapte si liek 2-A1MP (be\u017ene zn\u00e1my ako 5-metoxymetyl\u00f3n) online za ve\u013ekoobchodn\u00fa cenu od d\u00f4veryhodn\u00fdch dod\u00e1vate\u013eov s najvy\u0161\u0161ou \u010distotou.\",\"breadcrumb\":{\"@id\":\"https:\\\/\\\/gooddealersmeds.com\\\/sk\\\/product\\\/2-a1mp-droga\\\/#breadcrumb\"},\"inLanguage\":\"en-US\",\"potentialAction\":[{\"@type\":\"ReadAction\",\"target\":[\"https:\\\/\\\/gooddealersmeds.com\\\/sk\\\/product\\\/2-a1mp-droga\\\/\"]}]},{\"@type\":\"ImageObject\",\"inLanguage\":\"en-US\",\"@id\":\"https:\\\/\\\/gooddealersmeds.com\\\/sk\\\/product\\\/2-a1mp-droga\\\/#primaryimage\",\"url\":\"https:\\\/\\\/gooddealersmeds.com\\\/sk\\\/wp-content\\\/uploads\\\/sites\\\/9\\\/2022\\\/07\\\/Buy-2-A1MP-drug-online.jpg\",\"contentUrl\":\"https:\\\/\\\/gooddealersmeds.com\\\/sk\\\/wp-content\\\/uploads\\\/sites\\\/9\\\/2022\\\/07\\\/Buy-2-A1MP-drug-online.jpg\",\"width\":600,\"height\":600,\"caption\":\"Buy 2-A1MP drug online\"},{\"@type\":\"BreadcrumbList\",\"@id\":\"https:\\\/\\\/gooddealersmeds.com\\\/sk\\\/product\\\/2-a1mp-droga\\\/#breadcrumb\",\"itemListElement\":[{\"@type\":\"ListItem\",\"position\":1,\"name\":\"Home\",\"item\":\"https:\\\/\\\/gooddealersmeds.com\\\/sk\\\/\"},{\"@type\":\"ListItem\",\"position\":2,\"name\":\"Produkty\",\"item\":\"https:\\\/\\\/gooddealersmeds.com\\\/sk\\\/produkty\\\/\"},{\"@type\":\"ListItem\",\"position\":3,\"name\":\"2- A1MP liek na predaj\"}]},{\"@type\":\"WebSite\",\"@id\":\"https:\\\/\\\/gooddealersmeds.com\\\/sk\\\/#website\",\"url\":\"https:\\\/\\\/gooddealersmeds.com\\\/sk\\\/\",\"name\":\"Good Dealers Meds\",\"description\":\"All our best\",\"publisher\":{\"@id\":\"https:\\\/\\\/gooddealersmeds.com\\\/sk\\\/#organization\"},\"potentialAction\":[{\"@type\":\"SearchAction\",\"target\":{\"@type\":\"EntryPoint\",\"urlTemplate\":\"https:\\\/\\\/gooddealersmeds.com\\\/sk\\\/?s={search_term_string}\"},\"query-input\":{\"@type\":\"PropertyValueSpecification\",\"valueRequired\":true,\"valueName\":\"search_term_string\"}}],\"inLanguage\":\"en-US\"},{\"@type\":\"Organization\",\"@id\":\"https:\\\/\\\/gooddealersmeds.com\\\/sk\\\/#organization\",\"name\":\"Good Dealers Meds\",\"url\":\"https:\\\/\\\/gooddealersmeds.com\\\/sk\\\/\",\"logo\":{\"@type\":\"ImageObject\",\"inLanguage\":\"en-US\",\"@id\":\"https:\\\/\\\/gooddealersmeds.com\\\/sk\\\/#\\\/schema\\\/logo\\\/image\\\/\",\"url\":\"https:\\\/\\\/gooddealersmeds.com\\\/sk\\\/wp-content\\\/uploads\\\/sites\\\/9\\\/2022\\\/03\\\/gooddealersmeds__logo__20220317T222800Z.00.png\",\"contentUrl\":\"https:\\\/\\\/gooddealersmeds.com\\\/sk\\\/wp-content\\\/uploads\\\/sites\\\/9\\\/2022\\\/03\\\/gooddealersmeds__logo__20220317T222800Z.00.png\",\"width\":500,\"height\":325,\"caption\":\"Good Dealers Meds\"},\"image\":{\"@id\":\"https:\\\/\\\/gooddealersmeds.com\\\/sk\\\/#\\\/schema\\\/logo\\\/image\\\/\"}}]}<\/script>\n<!-- \/ Yoast SEO Premium plugin. -->","yoast_head_json":{"title":"K\u00fapi\u0165 2-A1MP liek online (5-metoxymetyl\u00f3n) | Good Dealers Meds","description":"K\u00fapte si liek 2-A1MP (be\u017ene zn\u00e1my ako 5-metoxymetyl\u00f3n) online za ve\u013ekoobchodn\u00fa cenu od d\u00f4veryhodn\u00fdch dod\u00e1vate\u013eov s najvy\u0161\u0161ou \u010distotou.","robots":{"index":"index","follow":"follow","max-snippet":"max-snippet:-1","max-image-preview":"max-image-preview:large","max-video-preview":"max-video-preview:-1"},"canonical":"https:\/\/gooddealersmeds.com\/sk\/product\/2-a1mp-droga\/","og_locale":"en_US","og_type":"article","og_title":"2- A1MP liek na predaj","og_description":"K\u00fapte si liek 2-A1MP (be\u017ene zn\u00e1my ako 5-metoxymetyl\u00f3n) online za ve\u013ekoobchodn\u00fa cenu od d\u00f4veryhodn\u00fdch dod\u00e1vate\u013eov s najvy\u0161\u0161ou \u010distotou.","og_url":"https:\/\/gooddealersmeds.com\/sk\/product\/2-a1mp-droga\/","og_site_name":"Good Dealers Meds","article_modified_time":"2022-10-03T22:03:26+00:00","og_image":[{"width":600,"height":600,"url":"https:\/\/gooddealersmeds.com\/sk\/wp-content\/uploads\/sites\/9\/2022\/07\/Buy-2-A1MP-drug-online.jpg","type":"image\/jpeg"}],"twitter_card":"summary_large_image","twitter_misc":{"Est. reading time":"2 minutes"},"schema":{"@context":"https:\/\/schema.org","@graph":[{"@type":"WebPage","@id":"https:\/\/gooddealersmeds.com\/sk\/product\/2-a1mp-droga\/","url":"https:\/\/gooddealersmeds.com\/sk\/product\/2-a1mp-droga\/","name":"K\u00fapi\u0165 2-A1MP liek online (5-metoxymetyl\u00f3n) | Good Dealers Meds","isPartOf":{"@id":"https:\/\/gooddealersmeds.com\/sk\/#website"},"primaryImageOfPage":{"@id":"https:\/\/gooddealersmeds.com\/sk\/product\/2-a1mp-droga\/#primaryimage"},"image":{"@id":"https:\/\/gooddealersmeds.com\/sk\/product\/2-a1mp-droga\/#primaryimage"},"thumbnailUrl":"https:\/\/gooddealersmeds.com\/sk\/wp-content\/uploads\/sites\/9\/2022\/07\/Buy-2-A1MP-drug-online.jpg","datePublished":"2022-07-03T12:09:15+00:00","dateModified":"2022-10-03T22:03:26+00:00","description":"K\u00fapte si liek 2-A1MP (be\u017ene zn\u00e1my ako 5-metoxymetyl\u00f3n) online za ve\u013ekoobchodn\u00fa cenu od d\u00f4veryhodn\u00fdch dod\u00e1vate\u013eov s najvy\u0161\u0161ou \u010distotou.","breadcrumb":{"@id":"https:\/\/gooddealersmeds.com\/sk\/product\/2-a1mp-droga\/#breadcrumb"},"inLanguage":"en-US","potentialAction":[{"@type":"ReadAction","target":["https:\/\/gooddealersmeds.com\/sk\/product\/2-a1mp-droga\/"]}]},{"@type":"ImageObject","inLanguage":"en-US","@id":"https:\/\/gooddealersmeds.com\/sk\/product\/2-a1mp-droga\/#primaryimage","url":"https:\/\/gooddealersmeds.com\/sk\/wp-content\/uploads\/sites\/9\/2022\/07\/Buy-2-A1MP-drug-online.jpg","contentUrl":"https:\/\/gooddealersmeds.com\/sk\/wp-content\/uploads\/sites\/9\/2022\/07\/Buy-2-A1MP-drug-online.jpg","width":600,"height":600,"caption":"Buy 2-A1MP drug online"},{"@type":"BreadcrumbList","@id":"https:\/\/gooddealersmeds.com\/sk\/product\/2-a1mp-droga\/#breadcrumb","itemListElement":[{"@type":"ListItem","position":1,"name":"Home","item":"https:\/\/gooddealersmeds.com\/sk\/"},{"@type":"ListItem","position":2,"name":"Produkty","item":"https:\/\/gooddealersmeds.com\/sk\/produkty\/"},{"@type":"ListItem","position":3,"name":"2- A1MP liek na predaj"}]},{"@type":"WebSite","@id":"https:\/\/gooddealersmeds.com\/sk\/#website","url":"https:\/\/gooddealersmeds.com\/sk\/","name":"Good Dealers Meds","description":"All our best","publisher":{"@id":"https:\/\/gooddealersmeds.com\/sk\/#organization"},"potentialAction":[{"@type":"SearchAction","target":{"@type":"EntryPoint","urlTemplate":"https:\/\/gooddealersmeds.com\/sk\/?s={search_term_string}"},"query-input":{"@type":"PropertyValueSpecification","valueRequired":true,"valueName":"search_term_string"}}],"inLanguage":"en-US"},{"@type":"Organization","@id":"https:\/\/gooddealersmeds.com\/sk\/#organization","name":"Good Dealers Meds","url":"https:\/\/gooddealersmeds.com\/sk\/","logo":{"@type":"ImageObject","inLanguage":"en-US","@id":"https:\/\/gooddealersmeds.com\/sk\/#\/schema\/logo\/image\/","url":"https:\/\/gooddealersmeds.com\/sk\/wp-content\/uploads\/sites\/9\/2022\/03\/gooddealersmeds__logo__20220317T222800Z.00.png","contentUrl":"https:\/\/gooddealersmeds.com\/sk\/wp-content\/uploads\/sites\/9\/2022\/03\/gooddealersmeds__logo__20220317T222800Z.00.png","width":500,"height":325,"caption":"Good Dealers Meds"},"image":{"@id":"https:\/\/gooddealersmeds.com\/sk\/#\/schema\/logo\/image\/"}}]}},"_links":{"self":[{"href":"https:\/\/gooddealersmeds.com\/sk\/wp-json\/wp\/v2\/product\/1918","targetHints":{"allow":["GET"]}}],"collection":[{"href":"https:\/\/gooddealersmeds.com\/sk\/wp-json\/wp\/v2\/product"}],"about":[{"href":"https:\/\/gooddealersmeds.com\/sk\/wp-json\/wp\/v2\/types\/product"}],"replies":[{"embeddable":true,"href":"https:\/\/gooddealersmeds.com\/sk\/wp-json\/wp\/v2\/comments?post=1918"}],"wp:featuredmedia":[{"embeddable":true,"href":"https:\/\/gooddealersmeds.com\/sk\/wp-json\/wp\/v2\/media\/1924"}],"wp:attachment":[{"href":"https:\/\/gooddealersmeds.com\/sk\/wp-json\/wp\/v2\/media?parent=1918"}],"wp:term":[{"taxonomy":"product_brand","embeddable":true,"href":"https:\/\/gooddealersmeds.com\/sk\/wp-json\/wp\/v2\/product_brand?post=1918"},{"taxonomy":"product_cat","embeddable":true,"href":"https:\/\/gooddealersmeds.com\/sk\/wp-json\/wp\/v2\/product_cat?post=1918"},{"taxonomy":"product_tag","embeddable":true,"href":"https:\/\/gooddealersmeds.com\/sk\/wp-json\/wp\/v2\/product_tag?post=1918"}],"curies":[{"name":"wp","href":"https:\/\/api.w.org\/{rel}","templated":true}]}}