{"id":1912,"date":"2022-07-03T12:03:51","date_gmt":"2022-07-03T12:03:51","guid":{"rendered":"https:\/\/gooddealersmeds.com\/sk\/?post_type=product&#038;p=1912"},"modified":"2022-10-03T22:03:33","modified_gmt":"2022-10-03T22:03:33","slug":"2-fdck-liek","status":"publish","type":"product","link":"https:\/\/gooddealersmeds.com\/sk\/product\/2-fdck-liek\/","title":{"rendered":"K\u00fapte si 2-Fdck drogu online"},"content":{"rendered":"<h1><strong>K\u00fapi\u0165 liek 2-Fdck online<\/strong><\/h1>\n<p>&nbsp;<\/p>\n<p>Droga 2-Fdck online je typ lieku, ktor\u00fd mo\u017eno pou\u017ei\u0165 na lie\u010dbu erektilnej dysfunkcia alebo pred\u010dasn\u00e1 ejakul\u00e1cia. Be\u017ene sa ozna\u010duje ako Viagra, Levitra, Cialis alebo Stendra. Tento liek funguje tak, \u017ee zlep\u0161uje prietok krvi do penisu a zahus\u0165uje krv, \u010do mu umo\u017e\u0148uje zosta\u0165 vzpriamen\u00fd po dlh\u0161iu dobu.<\/p>\n<p>Droga 2-Fdck online je dostupn\u00e1 vo forme tabliet a injekci\u00ed, z ktor\u00fdch ka\u017ed\u00e1 m\u00e1 svoje v\u00fdhody a nev\u00fdhody. Injek\u010dn\u00fa verziu je mo\u017en\u00e9 u\u017ei\u0165 ihne\u010f po sexe, no k\u00fazlo trv\u00e1 dlh\u0161ie ako tabletkov\u00e1 forma. Tabletov\u00e1 forma sa m\u00f4\u017ee u\u017e\u00edva\u0165 a\u017e 36 hod\u00edn pred sexu\u00e1lnou aktivitou; m\u00f4\u017ee v\u0161ak trva\u0165 a\u017e \u0161tyri hodiny, k\u00fdm za\u010dnete poci\u0165ova\u0165 ak\u00e9ko\u013evek \u00fa\u010dinky.<\/p>\n<p><strong>\u00a0<\/strong><\/p>\n<p><strong>Pre\u010do kupova\u0165 2-Fdck Drugs online?<\/p>\n<p> strong&gt;<\/p>\n<p><strong>\u00a0<\/strong><\/p>\n<p>Prv\u00e1 vec, ktor\u00e1 rob\u00ed n\u00e1kup <a href=\"https:\/\/gooddealersmeds.com\/sk\/product\/2-fdck- droga\/\">2-Fdck Drug Online<\/a> tak skvel\u00e9, \u017ee je to jednoduch\u00e9. Nie s\u00fa tu \u017eiadne chaotick\u00e9 recepty ani dlh\u00e9 rady papierova\u010diek, len web s jednoduchou navig\u00e1ciou a hotov\u00e9 bal\u00ed\u010dky liekov, ktor\u00e9 v\u00e1m poskytn\u00fa v\u0161etko, \u010do potrebujete, bez ak\u00fdchko\u013evek probl\u00e9mov.<\/p>\n<p>&lt;strong <\/p>\n<p>Chcete k\u00fapi\u0165 2-Fdck Drug Online? Nie ste sami.<\/p>\n<p>Mnoho \u013eud\u00ed zistilo, \u017ee tento produkt im m\u00f4\u017ee pom\u00f4c\u0165 zlep\u0161i\u0165 ich sexu\u00e1lny \u017eivot, ale je d\u00f4le\u017eit\u00e9, aby ste boli pri k\u00fape tohto produktu opatrn\u00ed.<\/p>\n<p>Existuje ve\u013ea r\u00f4znych miesta, kde si m\u00f4\u017eete objedna\u0165 2-Fdck Drug Online a ak si pozorne nepre\u010d\u00edtate recenzie, m\u00f4\u017eete skon\u010di\u0165 s produktom, ktor\u00fd nefunguje tak dobre ako ostatn\u00e9. Najlep\u0161ie miesto na n\u00e1kup 2-Fdck Drug Online je prostredn\u00edctvom na\u0161ej webovej str\u00e1nky, preto\u017ee tento typ produktu pred\u00e1vame u\u017e roky a vieme, \u010do funguje a \u010do nie, tak\u017ee sa m\u00f4\u017eeme uisti\u0165, \u017ee ka\u017ed\u00fd, kto si u n\u00e1s k\u00fapi, skon\u010d\u00ed s najlep\u0161\u00ed mo\u017en\u00fd z\u00e1\u017eitok.<\/p>\n","protected":false},"excerpt":{"rendered":"<p>K\u00fapte si 2-FDCK liek Purity online , 2-FDCK (zn\u00e1my aj ako 2-Fl-2\u2032-oxo-PCM, Fluoroketamine and 2-Fluorodeschloroketamine ) je disociat\u00edvne anestetikum. Je to anal\u00f3g ketam\u00ednu, kde bola chl\u00f3rov\u00e1 skupina nahraden\u00e1 flu\u00f3rom.<\/p>\n","protected":false},"featured_media":1917,"comment_status":"open","ping_status":"closed","template":"","meta":{"inline_featured_image":false},"product_brand":[],"product_cat":[344],"product_tag":[],"class_list":{"0":"post-1912","1":"product","2":"type-product","3":"status-publish","4":"has-post-thumbnail","6":"product_cat-vskum-chemiklie","8":"first","9":"instock","10":"shipping-taxable","11":"purchasable","12":"product-type-variable","13":"has-default-attributes"},"yoast_head":"<!-- This site is optimized with the Yoast SEO Premium plugin v20.6 (Yoast SEO v27.5) - https:\/\/yoast.com\/product\/yoast-seo-premium-wordpress\/ -->\n<title>K\u00fapi\u0165 2-Fdck liek online - ( 2-fdck na predaj ) |<\/title>\n<meta name=\"description\" content=\"K\u00fapte si liek 2-FDCK online, 2-FDCK (tie\u017e zn\u00e1my ako 2-Fl-2&#039;-oxo-PCM, flu\u00f3roketam\u00edn a 2-flu\u00f3rdeschl\u00f3rketam\u00edn) je disociat\u00edvne anestetikum.\" \/>\n<meta name=\"robots\" content=\"index, follow, max-snippet:-1, max-image-preview:large, max-video-preview:-1\" \/>\n<link rel=\"canonical\" href=\"https:\/\/gooddealersmeds.com\/sk\/product\/2-fdck-liek\/\" \/>\n<meta property=\"og:locale\" content=\"en_US\" \/>\n<meta property=\"og:type\" content=\"article\" \/>\n<meta property=\"og:title\" content=\"K\u00fapte si 2-Fdck drogu online\" \/>\n<meta property=\"og:description\" content=\"K\u00fapte si liek 2-FDCK online, 2-FDCK (tie\u017e zn\u00e1my ako 2-Fl-2&#039;-oxo-PCM, flu\u00f3roketam\u00edn a 2-flu\u00f3rdeschl\u00f3rketam\u00edn) je disociat\u00edvne anestetikum.\" \/>\n<meta property=\"og:url\" content=\"https:\/\/gooddealersmeds.com\/sk\/product\/2-fdck-liek\/\" \/>\n<meta property=\"og:site_name\" content=\"Good Dealers Meds\" \/>\n<meta property=\"article:modified_time\" content=\"2022-10-03T22:03:33+00:00\" \/>\n<meta property=\"og:image\" content=\"https:\/\/gooddealersmeds.com\/sk\/wp-content\/uploads\/sites\/9\/2022\/07\/2-Fdck-Drug.jpg\" \/>\n\t<meta property=\"og:image:width\" content=\"600\" \/>\n\t<meta property=\"og:image:height\" content=\"600\" \/>\n\t<meta property=\"og:image:type\" content=\"image\/jpeg\" \/>\n<meta name=\"twitter:card\" content=\"summary_large_image\" \/>\n<meta name=\"twitter:label1\" content=\"Est. reading time\" \/>\n\t<meta name=\"twitter:data1\" content=\"2 minutes\" \/>\n<script type=\"application\/ld+json\" class=\"yoast-schema-graph\">{\"@context\":\"https:\\\/\\\/schema.org\",\"@graph\":[{\"@type\":\"WebPage\",\"@id\":\"https:\\\/\\\/gooddealersmeds.com\\\/sk\\\/product\\\/2-fdck-liek\\\/\",\"url\":\"https:\\\/\\\/gooddealersmeds.com\\\/sk\\\/product\\\/2-fdck-liek\\\/\",\"name\":\"K\u00fapi\u0165 2-Fdck liek online - ( 2-fdck na predaj ) |\",\"isPartOf\":{\"@id\":\"https:\\\/\\\/gooddealersmeds.com\\\/sk\\\/#website\"},\"primaryImageOfPage\":{\"@id\":\"https:\\\/\\\/gooddealersmeds.com\\\/sk\\\/product\\\/2-fdck-liek\\\/#primaryimage\"},\"image\":{\"@id\":\"https:\\\/\\\/gooddealersmeds.com\\\/sk\\\/product\\\/2-fdck-liek\\\/#primaryimage\"},\"thumbnailUrl\":\"https:\\\/\\\/gooddealersmeds.com\\\/sk\\\/wp-content\\\/uploads\\\/sites\\\/9\\\/2022\\\/07\\\/2-Fdck-Drug.jpg\",\"datePublished\":\"2022-07-03T12:03:51+00:00\",\"dateModified\":\"2022-10-03T22:03:33+00:00\",\"description\":\"K\u00fapte si liek 2-FDCK online, 2-FDCK (tie\u017e zn\u00e1my ako 2-Fl-2'-oxo-PCM, flu\u00f3roketam\u00edn a 2-flu\u00f3rdeschl\u00f3rketam\u00edn) je disociat\u00edvne anestetikum.\",\"breadcrumb\":{\"@id\":\"https:\\\/\\\/gooddealersmeds.com\\\/sk\\\/product\\\/2-fdck-liek\\\/#breadcrumb\"},\"inLanguage\":\"en-US\",\"potentialAction\":[{\"@type\":\"ReadAction\",\"target\":[\"https:\\\/\\\/gooddealersmeds.com\\\/sk\\\/product\\\/2-fdck-liek\\\/\"]}]},{\"@type\":\"ImageObject\",\"inLanguage\":\"en-US\",\"@id\":\"https:\\\/\\\/gooddealersmeds.com\\\/sk\\\/product\\\/2-fdck-liek\\\/#primaryimage\",\"url\":\"https:\\\/\\\/gooddealersmeds.com\\\/sk\\\/wp-content\\\/uploads\\\/sites\\\/9\\\/2022\\\/07\\\/2-Fdck-Drug.jpg\",\"contentUrl\":\"https:\\\/\\\/gooddealersmeds.com\\\/sk\\\/wp-content\\\/uploads\\\/sites\\\/9\\\/2022\\\/07\\\/2-Fdck-Drug.jpg\",\"width\":600,\"height\":600,\"caption\":\"Buy 2-Fdck Drug Online\"},{\"@type\":\"BreadcrumbList\",\"@id\":\"https:\\\/\\\/gooddealersmeds.com\\\/sk\\\/product\\\/2-fdck-liek\\\/#breadcrumb\",\"itemListElement\":[{\"@type\":\"ListItem\",\"position\":1,\"name\":\"Home\",\"item\":\"https:\\\/\\\/gooddealersmeds.com\\\/sk\\\/\"},{\"@type\":\"ListItem\",\"position\":2,\"name\":\"Produkty\",\"item\":\"https:\\\/\\\/gooddealersmeds.com\\\/sk\\\/produkty\\\/\"},{\"@type\":\"ListItem\",\"position\":3,\"name\":\"K\u00fapte si 2-Fdck drogu online\"}]},{\"@type\":\"WebSite\",\"@id\":\"https:\\\/\\\/gooddealersmeds.com\\\/sk\\\/#website\",\"url\":\"https:\\\/\\\/gooddealersmeds.com\\\/sk\\\/\",\"name\":\"Good Dealers Meds\",\"description\":\"All our best\",\"publisher\":{\"@id\":\"https:\\\/\\\/gooddealersmeds.com\\\/sk\\\/#organization\"},\"potentialAction\":[{\"@type\":\"SearchAction\",\"target\":{\"@type\":\"EntryPoint\",\"urlTemplate\":\"https:\\\/\\\/gooddealersmeds.com\\\/sk\\\/?s={search_term_string}\"},\"query-input\":{\"@type\":\"PropertyValueSpecification\",\"valueRequired\":true,\"valueName\":\"search_term_string\"}}],\"inLanguage\":\"en-US\"},{\"@type\":\"Organization\",\"@id\":\"https:\\\/\\\/gooddealersmeds.com\\\/sk\\\/#organization\",\"name\":\"Good Dealers Meds\",\"url\":\"https:\\\/\\\/gooddealersmeds.com\\\/sk\\\/\",\"logo\":{\"@type\":\"ImageObject\",\"inLanguage\":\"en-US\",\"@id\":\"https:\\\/\\\/gooddealersmeds.com\\\/sk\\\/#\\\/schema\\\/logo\\\/image\\\/\",\"url\":\"https:\\\/\\\/gooddealersmeds.com\\\/sk\\\/wp-content\\\/uploads\\\/sites\\\/9\\\/2022\\\/03\\\/gooddealersmeds__logo__20220317T222800Z.00.png\",\"contentUrl\":\"https:\\\/\\\/gooddealersmeds.com\\\/sk\\\/wp-content\\\/uploads\\\/sites\\\/9\\\/2022\\\/03\\\/gooddealersmeds__logo__20220317T222800Z.00.png\",\"width\":500,\"height\":325,\"caption\":\"Good Dealers Meds\"},\"image\":{\"@id\":\"https:\\\/\\\/gooddealersmeds.com\\\/sk\\\/#\\\/schema\\\/logo\\\/image\\\/\"}}]}<\/script>\n<!-- \/ Yoast SEO Premium plugin. -->","yoast_head_json":{"title":"K\u00fapi\u0165 2-Fdck liek online - ( 2-fdck na predaj ) |","description":"K\u00fapte si liek 2-FDCK online, 2-FDCK (tie\u017e zn\u00e1my ako 2-Fl-2'-oxo-PCM, flu\u00f3roketam\u00edn a 2-flu\u00f3rdeschl\u00f3rketam\u00edn) je disociat\u00edvne anestetikum.","robots":{"index":"index","follow":"follow","max-snippet":"max-snippet:-1","max-image-preview":"max-image-preview:large","max-video-preview":"max-video-preview:-1"},"canonical":"https:\/\/gooddealersmeds.com\/sk\/product\/2-fdck-liek\/","og_locale":"en_US","og_type":"article","og_title":"K\u00fapte si 2-Fdck drogu online","og_description":"K\u00fapte si liek 2-FDCK online, 2-FDCK (tie\u017e zn\u00e1my ako 2-Fl-2'-oxo-PCM, flu\u00f3roketam\u00edn a 2-flu\u00f3rdeschl\u00f3rketam\u00edn) je disociat\u00edvne anestetikum.","og_url":"https:\/\/gooddealersmeds.com\/sk\/product\/2-fdck-liek\/","og_site_name":"Good Dealers Meds","article_modified_time":"2022-10-03T22:03:33+00:00","og_image":[{"width":600,"height":600,"url":"https:\/\/gooddealersmeds.com\/sk\/wp-content\/uploads\/sites\/9\/2022\/07\/2-Fdck-Drug.jpg","type":"image\/jpeg"}],"twitter_card":"summary_large_image","twitter_misc":{"Est. reading time":"2 minutes"},"schema":{"@context":"https:\/\/schema.org","@graph":[{"@type":"WebPage","@id":"https:\/\/gooddealersmeds.com\/sk\/product\/2-fdck-liek\/","url":"https:\/\/gooddealersmeds.com\/sk\/product\/2-fdck-liek\/","name":"K\u00fapi\u0165 2-Fdck liek online - ( 2-fdck na predaj ) |","isPartOf":{"@id":"https:\/\/gooddealersmeds.com\/sk\/#website"},"primaryImageOfPage":{"@id":"https:\/\/gooddealersmeds.com\/sk\/product\/2-fdck-liek\/#primaryimage"},"image":{"@id":"https:\/\/gooddealersmeds.com\/sk\/product\/2-fdck-liek\/#primaryimage"},"thumbnailUrl":"https:\/\/gooddealersmeds.com\/sk\/wp-content\/uploads\/sites\/9\/2022\/07\/2-Fdck-Drug.jpg","datePublished":"2022-07-03T12:03:51+00:00","dateModified":"2022-10-03T22:03:33+00:00","description":"K\u00fapte si liek 2-FDCK online, 2-FDCK (tie\u017e zn\u00e1my ako 2-Fl-2'-oxo-PCM, flu\u00f3roketam\u00edn a 2-flu\u00f3rdeschl\u00f3rketam\u00edn) je disociat\u00edvne anestetikum.","breadcrumb":{"@id":"https:\/\/gooddealersmeds.com\/sk\/product\/2-fdck-liek\/#breadcrumb"},"inLanguage":"en-US","potentialAction":[{"@type":"ReadAction","target":["https:\/\/gooddealersmeds.com\/sk\/product\/2-fdck-liek\/"]}]},{"@type":"ImageObject","inLanguage":"en-US","@id":"https:\/\/gooddealersmeds.com\/sk\/product\/2-fdck-liek\/#primaryimage","url":"https:\/\/gooddealersmeds.com\/sk\/wp-content\/uploads\/sites\/9\/2022\/07\/2-Fdck-Drug.jpg","contentUrl":"https:\/\/gooddealersmeds.com\/sk\/wp-content\/uploads\/sites\/9\/2022\/07\/2-Fdck-Drug.jpg","width":600,"height":600,"caption":"Buy 2-Fdck Drug Online"},{"@type":"BreadcrumbList","@id":"https:\/\/gooddealersmeds.com\/sk\/product\/2-fdck-liek\/#breadcrumb","itemListElement":[{"@type":"ListItem","position":1,"name":"Home","item":"https:\/\/gooddealersmeds.com\/sk\/"},{"@type":"ListItem","position":2,"name":"Produkty","item":"https:\/\/gooddealersmeds.com\/sk\/produkty\/"},{"@type":"ListItem","position":3,"name":"K\u00fapte si 2-Fdck drogu online"}]},{"@type":"WebSite","@id":"https:\/\/gooddealersmeds.com\/sk\/#website","url":"https:\/\/gooddealersmeds.com\/sk\/","name":"Good Dealers Meds","description":"All our best","publisher":{"@id":"https:\/\/gooddealersmeds.com\/sk\/#organization"},"potentialAction":[{"@type":"SearchAction","target":{"@type":"EntryPoint","urlTemplate":"https:\/\/gooddealersmeds.com\/sk\/?s={search_term_string}"},"query-input":{"@type":"PropertyValueSpecification","valueRequired":true,"valueName":"search_term_string"}}],"inLanguage":"en-US"},{"@type":"Organization","@id":"https:\/\/gooddealersmeds.com\/sk\/#organization","name":"Good Dealers Meds","url":"https:\/\/gooddealersmeds.com\/sk\/","logo":{"@type":"ImageObject","inLanguage":"en-US","@id":"https:\/\/gooddealersmeds.com\/sk\/#\/schema\/logo\/image\/","url":"https:\/\/gooddealersmeds.com\/sk\/wp-content\/uploads\/sites\/9\/2022\/03\/gooddealersmeds__logo__20220317T222800Z.00.png","contentUrl":"https:\/\/gooddealersmeds.com\/sk\/wp-content\/uploads\/sites\/9\/2022\/03\/gooddealersmeds__logo__20220317T222800Z.00.png","width":500,"height":325,"caption":"Good Dealers Meds"},"image":{"@id":"https:\/\/gooddealersmeds.com\/sk\/#\/schema\/logo\/image\/"}}]}},"_links":{"self":[{"href":"https:\/\/gooddealersmeds.com\/sk\/wp-json\/wp\/v2\/product\/1912","targetHints":{"allow":["GET"]}}],"collection":[{"href":"https:\/\/gooddealersmeds.com\/sk\/wp-json\/wp\/v2\/product"}],"about":[{"href":"https:\/\/gooddealersmeds.com\/sk\/wp-json\/wp\/v2\/types\/product"}],"replies":[{"embeddable":true,"href":"https:\/\/gooddealersmeds.com\/sk\/wp-json\/wp\/v2\/comments?post=1912"}],"wp:featuredmedia":[{"embeddable":true,"href":"https:\/\/gooddealersmeds.com\/sk\/wp-json\/wp\/v2\/media\/1917"}],"wp:attachment":[{"href":"https:\/\/gooddealersmeds.com\/sk\/wp-json\/wp\/v2\/media?parent=1912"}],"wp:term":[{"taxonomy":"product_brand","embeddable":true,"href":"https:\/\/gooddealersmeds.com\/sk\/wp-json\/wp\/v2\/product_brand?post=1912"},{"taxonomy":"product_cat","embeddable":true,"href":"https:\/\/gooddealersmeds.com\/sk\/wp-json\/wp\/v2\/product_cat?post=1912"},{"taxonomy":"product_tag","embeddable":true,"href":"https:\/\/gooddealersmeds.com\/sk\/wp-json\/wp\/v2\/product_tag?post=1912"}],"curies":[{"name":"wp","href":"https:\/\/api.w.org\/{rel}","templated":true}]}}