{"id":1905,"date":"2022-07-03T11:59:56","date_gmt":"2022-07-03T11:59:56","guid":{"rendered":"https:\/\/gooddealersmeds.com\/sk\/?post_type=product&#038;p=1905"},"modified":"2022-10-03T22:03:40","modified_gmt":"2022-10-03T22:03:40","slug":"25i-nboh-drogy","status":"publish","type":"product","link":"https:\/\/gooddealersmeds.com\/sk\/product\/25i-nboh-drogy\/","title":{"rendered":"K\u00fapte si 25i NBOH Drogy online"},"content":{"rendered":"<p>25i NBOH alebo fenetylam\u00edn triedy 2C-I-NBOH je nov\u00e1 syntetick\u00e1 psychedelick\u00e1 l\u00e1tka, ktor\u00e1 \u00fazko s\u00favis\u00ed s 25I-NBOMe. 25i NBOH je deriv\u00e1t halucinog\u00e9nu 2C-I odvoden\u00fd od fenetylam\u00ednu. T\u00edm z Purdue University ho objavil v roku 2006.<\/p>\n<p>Bol sk\u00faman\u00fd ako potenci\u00e1lny liek na mapovanie 5-HT2A receptorov v mozgu pozitr\u00f3novou emisnou tomografiou. Aj ke\u010f ich fyziologick\u00e9 a toxikologick\u00e9 vlastnosti nie s\u00fa \u00faplne charakterizovan\u00e9, zl\u00fa\u010deniny NBOH s\u00fa navrhovan\u00e9 ako z\u00e1konn\u00e1 alternat\u00edva k zl\u00fa\u010denin\u00e1m NBOMe.<\/p>\n<p>Zl\u00fa\u010deniny NBOH s\u00fa N-benzylhydroxyderiv\u00e1ty zo skupiny halucinog\u00e9nov 2C, ktor\u00e9 \u010dasto obsahuj\u00fa halog\u00e9n chl\u00f3r, br\u00f3m alebo j\u00f3d) v polohe 4 kruhu A a hydroxylov\u00e1 skupina v polohe 2&#8242; kruhu B. Aj ke\u010f ich fyziologick\u00e9 a toxikologick\u00e9 vlastnosti nie s\u00fa \u00faplne charakterizovan\u00e9, zl\u00fa\u010deniny NBOH sa navrhuj\u00fa ako z\u00e1konn\u00e1 alternat\u00edva k zl\u00fa\u010denin\u00e1m NBOH.<\/p>\n<ul>\n<li>Zl\u00fa\u010deniny NBOH s\u00fa neakt\u00edvne a mali by sa u\u017e\u00edva\u0165 iba sublingv\u00e1lne a sp\u00f4sobom \u010do umo\u017e\u0148uje r\u00fdchlu absorpciu.<\/li>\n<li>Ak pijavice nefunguj\u00fa tak r\u00fdchlo, ako by ste o\u010dak\u00e1vali, nepredpokladajte, \u017ee maj\u00fa n\u00edzku kvalitu; m\u00f4\u017eu zah\u0155\u0148a\u0165 in\u00fd liek, ktor\u00e9ho \u00fa\u010dinok trv\u00e1 dlh\u0161ie.<\/li>\n<li>Tento liek sa m\u00e1 pou\u017e\u00edva\u0165 opatrne. Mali by ste za\u010da\u0165 s malou d\u00e1vkou. Nekombinujte ho s in\u00fdmi l\u00e1tkami, ako je alkohol alebo predp\u00edsan\u00e9 lieky.<\/li>\n<\/ul>\n<p><strong>Ch\u00e9mia:<\/strong><\/p>\n<p>Fenetylam\u00edn 2C-I je deriv\u00e1t fenetylam\u00ednu 25I-NBOH. Tento liek je seroton\u00ednergn\u00fd N-benzylov\u00fd deriv\u00e1t. V chemickom zlo\u017een\u00ed 25I-NBOH s\u00fa pr\u00edtomn\u00e9 metoxyskupiny CH3O a j\u00f3d.<\/p>\n<p><strong>Vzh\u013ead:<\/strong><\/p>\n<p>Kry\u0161talick\u00e1 tuh\u00e1 l\u00e1tka, pr\u00e1\u0161ok<\/p>\n<p><strong>Doprava &amp; Skladovanie:<\/strong><\/p>\n<ul>\n<li>Skladovanie: -20 C<\/li>\n<li>V mokrom \u013eade<\/li>\n<li>Stabilita: pribl. 2 roky<\/li>\n<\/ul>\n<p><strong>Opatrenie:<\/strong><\/p>\n<p>Ak vy alebo niekto, s k\u00fdm ste, ochoriete, okam\u017eite vyh\u013eadajte lek\u00e1rsku pomoc! Okam\u017eite zavolajte do nemocnice a zosta\u0148te s nimi. Ak sa z\u00fa\u010dast\u0148ujete podujatia alebo festivalu, bude v\u00e1m k dispoz\u00edcii lek\u00e1rsky a soci\u00e1lny person\u00e1l, ktor\u00fd v\u00e1m pom\u00f4\u017ee.<\/p>\n<p><strong>Dostupnos\u0165:<\/strong><\/p>\n<p>M\u00f4\u017eete si k\u00fapi\u0165 25i NBOH Drogy online z n\u00e1\u0161ho obchodu s garantovan\u00fdm doru\u010den\u00edm.<\/p>\n","protected":false},"excerpt":{"rendered":"<p>Nakupujte lieky 25I-NBOH online je vysoko kvalitn\u00fd Research Chemicals. 25I-NBOH si m\u00f4\u017eete k\u00fapi\u0165 online za ve\u013ekoobchodn\u00fa cenu od d\u00f4veryhodn\u00e9ho dod\u00e1vate\u013ea. Bezpe\u010dn\u00e1 preprava 25I-NBOH do USA, BRAZ\u00cdLIE, E\u00da, Spojen\u00e9ho kr\u00e1\u013eovstva a \u010fal\u0161\u00edch kraj\u00edn.<\/p>\n","protected":false},"featured_media":1911,"comment_status":"open","ping_status":"closed","template":"","meta":{"inline_featured_image":false},"product_brand":[],"product_cat":[344],"product_tag":[],"class_list":{"0":"post-1905","1":"product","2":"type-product","3":"status-publish","4":"has-post-thumbnail","6":"product_cat-vskum-chemiklie","8":"first","9":"instock","10":"shipping-taxable","11":"purchasable","12":"product-type-variable","13":"has-default-attributes"},"yoast_head":"<!-- This site is optimized with the Yoast SEO Premium plugin v20.6 (Yoast SEO v27.3) - https:\/\/yoast.com\/product\/yoast-seo-premium-wordpress\/ -->\n<title>25i NBOH Drogy - nakupujte online v najlep\u0161ej kvalite |<\/title>\n<meta name=\"description\" content=\"K\u00fapte si 25i NBOH lieky online za ve\u013ekoobchodn\u00fa cenu od d\u00f4veryhodn\u00e9ho dod\u00e1vate\u013ea. Bezpe\u010dn\u00e1 preprava 25I-NBOH do USA, BRAZ\u00cdLIE, E\u00da, Ve\u013ekej Brit\u00e1nie a \u010fal\u0161\u00edch kraj\u00edn.\" \/>\n<meta name=\"robots\" content=\"index, follow, max-snippet:-1, max-image-preview:large, max-video-preview:-1\" \/>\n<link rel=\"canonical\" href=\"https:\/\/gooddealersmeds.com\/sk\/product\/25i-nboh-drogy\/\" \/>\n<meta property=\"og:locale\" content=\"en_US\" \/>\n<meta property=\"og:type\" content=\"article\" \/>\n<meta property=\"og:title\" content=\"K\u00fapte si 25i NBOH Drogy online\" \/>\n<meta property=\"og:description\" content=\"K\u00fapte si 25i NBOH lieky online za ve\u013ekoobchodn\u00fa cenu od d\u00f4veryhodn\u00e9ho dod\u00e1vate\u013ea. Bezpe\u010dn\u00e1 preprava 25I-NBOH do USA, BRAZ\u00cdLIE, E\u00da, Ve\u013ekej Brit\u00e1nie a \u010fal\u0161\u00edch kraj\u00edn.\" \/>\n<meta property=\"og:url\" content=\"https:\/\/gooddealersmeds.com\/sk\/product\/25i-nboh-drogy\/\" \/>\n<meta property=\"og:site_name\" content=\"Good Dealers Meds\" \/>\n<meta property=\"article:modified_time\" content=\"2022-10-03T22:03:40+00:00\" \/>\n<meta property=\"og:image\" content=\"https:\/\/gooddealersmeds.com\/sk\/wp-content\/uploads\/sites\/9\/2022\/07\/25i-NBOH-Drugs.png\" \/>\n\t<meta property=\"og:image:width\" content=\"600\" \/>\n\t<meta property=\"og:image:height\" content=\"600\" \/>\n\t<meta property=\"og:image:type\" content=\"image\/png\" \/>\n<meta name=\"twitter:card\" content=\"summary_large_image\" \/>\n<meta name=\"twitter:label1\" content=\"Est. reading time\" \/>\n\t<meta name=\"twitter:data1\" content=\"2 minutes\" \/>\n<script type=\"application\/ld+json\" class=\"yoast-schema-graph\">{\"@context\":\"https:\\\/\\\/schema.org\",\"@graph\":[{\"@type\":\"WebPage\",\"@id\":\"https:\\\/\\\/gooddealersmeds.com\\\/sk\\\/product\\\/25i-nboh-drogy\\\/\",\"url\":\"https:\\\/\\\/gooddealersmeds.com\\\/sk\\\/product\\\/25i-nboh-drogy\\\/\",\"name\":\"25i NBOH Drogy - nakupujte online v najlep\u0161ej kvalite |\",\"isPartOf\":{\"@id\":\"https:\\\/\\\/gooddealersmeds.com\\\/sk\\\/#website\"},\"primaryImageOfPage\":{\"@id\":\"https:\\\/\\\/gooddealersmeds.com\\\/sk\\\/product\\\/25i-nboh-drogy\\\/#primaryimage\"},\"image\":{\"@id\":\"https:\\\/\\\/gooddealersmeds.com\\\/sk\\\/product\\\/25i-nboh-drogy\\\/#primaryimage\"},\"thumbnailUrl\":\"https:\\\/\\\/gooddealersmeds.com\\\/sk\\\/wp-content\\\/uploads\\\/sites\\\/9\\\/2022\\\/07\\\/25i-NBOH-Drugs.png\",\"datePublished\":\"2022-07-03T11:59:56+00:00\",\"dateModified\":\"2022-10-03T22:03:40+00:00\",\"description\":\"K\u00fapte si 25i NBOH lieky online za ve\u013ekoobchodn\u00fa cenu od d\u00f4veryhodn\u00e9ho dod\u00e1vate\u013ea. Bezpe\u010dn\u00e1 preprava 25I-NBOH do USA, BRAZ\u00cdLIE, E\u00da, Ve\u013ekej Brit\u00e1nie a \u010fal\u0161\u00edch kraj\u00edn.\",\"breadcrumb\":{\"@id\":\"https:\\\/\\\/gooddealersmeds.com\\\/sk\\\/product\\\/25i-nboh-drogy\\\/#breadcrumb\"},\"inLanguage\":\"en-US\",\"potentialAction\":[{\"@type\":\"ReadAction\",\"target\":[\"https:\\\/\\\/gooddealersmeds.com\\\/sk\\\/product\\\/25i-nboh-drogy\\\/\"]}]},{\"@type\":\"ImageObject\",\"inLanguage\":\"en-US\",\"@id\":\"https:\\\/\\\/gooddealersmeds.com\\\/sk\\\/product\\\/25i-nboh-drogy\\\/#primaryimage\",\"url\":\"https:\\\/\\\/gooddealersmeds.com\\\/sk\\\/wp-content\\\/uploads\\\/sites\\\/9\\\/2022\\\/07\\\/25i-NBOH-Drugs.png\",\"contentUrl\":\"https:\\\/\\\/gooddealersmeds.com\\\/sk\\\/wp-content\\\/uploads\\\/sites\\\/9\\\/2022\\\/07\\\/25i-NBOH-Drugs.png\",\"width\":600,\"height\":600,\"caption\":\"25i NBOH Drugs\"},{\"@type\":\"BreadcrumbList\",\"@id\":\"https:\\\/\\\/gooddealersmeds.com\\\/sk\\\/product\\\/25i-nboh-drogy\\\/#breadcrumb\",\"itemListElement\":[{\"@type\":\"ListItem\",\"position\":1,\"name\":\"Home\",\"item\":\"https:\\\/\\\/gooddealersmeds.com\\\/sk\\\/\"},{\"@type\":\"ListItem\",\"position\":2,\"name\":\"Produkty\",\"item\":\"https:\\\/\\\/gooddealersmeds.com\\\/sk\\\/produkty\\\/\"},{\"@type\":\"ListItem\",\"position\":3,\"name\":\"K\u00fapte si 25i NBOH Drogy online\"}]},{\"@type\":\"WebSite\",\"@id\":\"https:\\\/\\\/gooddealersmeds.com\\\/sk\\\/#website\",\"url\":\"https:\\\/\\\/gooddealersmeds.com\\\/sk\\\/\",\"name\":\"Good Dealers Meds\",\"description\":\"All our best\",\"publisher\":{\"@id\":\"https:\\\/\\\/gooddealersmeds.com\\\/sk\\\/#organization\"},\"potentialAction\":[{\"@type\":\"SearchAction\",\"target\":{\"@type\":\"EntryPoint\",\"urlTemplate\":\"https:\\\/\\\/gooddealersmeds.com\\\/sk\\\/?s={search_term_string}\"},\"query-input\":{\"@type\":\"PropertyValueSpecification\",\"valueRequired\":true,\"valueName\":\"search_term_string\"}}],\"inLanguage\":\"en-US\"},{\"@type\":\"Organization\",\"@id\":\"https:\\\/\\\/gooddealersmeds.com\\\/sk\\\/#organization\",\"name\":\"Good Dealers Meds\",\"url\":\"https:\\\/\\\/gooddealersmeds.com\\\/sk\\\/\",\"logo\":{\"@type\":\"ImageObject\",\"inLanguage\":\"en-US\",\"@id\":\"https:\\\/\\\/gooddealersmeds.com\\\/sk\\\/#\\\/schema\\\/logo\\\/image\\\/\",\"url\":\"https:\\\/\\\/gooddealersmeds.com\\\/sk\\\/wp-content\\\/uploads\\\/sites\\\/9\\\/2022\\\/03\\\/gooddealersmeds__logo__20220317T222800Z.00.png\",\"contentUrl\":\"https:\\\/\\\/gooddealersmeds.com\\\/sk\\\/wp-content\\\/uploads\\\/sites\\\/9\\\/2022\\\/03\\\/gooddealersmeds__logo__20220317T222800Z.00.png\",\"width\":500,\"height\":325,\"caption\":\"Good Dealers Meds\"},\"image\":{\"@id\":\"https:\\\/\\\/gooddealersmeds.com\\\/sk\\\/#\\\/schema\\\/logo\\\/image\\\/\"}}]}<\/script>\n<!-- \/ Yoast SEO Premium plugin. -->","yoast_head_json":{"title":"25i NBOH Drogy - nakupujte online v najlep\u0161ej kvalite |","description":"K\u00fapte si 25i NBOH lieky online za ve\u013ekoobchodn\u00fa cenu od d\u00f4veryhodn\u00e9ho dod\u00e1vate\u013ea. Bezpe\u010dn\u00e1 preprava 25I-NBOH do USA, BRAZ\u00cdLIE, E\u00da, Ve\u013ekej Brit\u00e1nie a \u010fal\u0161\u00edch kraj\u00edn.","robots":{"index":"index","follow":"follow","max-snippet":"max-snippet:-1","max-image-preview":"max-image-preview:large","max-video-preview":"max-video-preview:-1"},"canonical":"https:\/\/gooddealersmeds.com\/sk\/product\/25i-nboh-drogy\/","og_locale":"en_US","og_type":"article","og_title":"K\u00fapte si 25i NBOH Drogy online","og_description":"K\u00fapte si 25i NBOH lieky online za ve\u013ekoobchodn\u00fa cenu od d\u00f4veryhodn\u00e9ho dod\u00e1vate\u013ea. Bezpe\u010dn\u00e1 preprava 25I-NBOH do USA, BRAZ\u00cdLIE, E\u00da, Ve\u013ekej Brit\u00e1nie a \u010fal\u0161\u00edch kraj\u00edn.","og_url":"https:\/\/gooddealersmeds.com\/sk\/product\/25i-nboh-drogy\/","og_site_name":"Good Dealers Meds","article_modified_time":"2022-10-03T22:03:40+00:00","og_image":[{"width":600,"height":600,"url":"https:\/\/gooddealersmeds.com\/sk\/wp-content\/uploads\/sites\/9\/2022\/07\/25i-NBOH-Drugs.png","type":"image\/png"}],"twitter_card":"summary_large_image","twitter_misc":{"Est. reading time":"2 minutes"},"schema":{"@context":"https:\/\/schema.org","@graph":[{"@type":"WebPage","@id":"https:\/\/gooddealersmeds.com\/sk\/product\/25i-nboh-drogy\/","url":"https:\/\/gooddealersmeds.com\/sk\/product\/25i-nboh-drogy\/","name":"25i NBOH Drogy - nakupujte online v najlep\u0161ej kvalite |","isPartOf":{"@id":"https:\/\/gooddealersmeds.com\/sk\/#website"},"primaryImageOfPage":{"@id":"https:\/\/gooddealersmeds.com\/sk\/product\/25i-nboh-drogy\/#primaryimage"},"image":{"@id":"https:\/\/gooddealersmeds.com\/sk\/product\/25i-nboh-drogy\/#primaryimage"},"thumbnailUrl":"https:\/\/gooddealersmeds.com\/sk\/wp-content\/uploads\/sites\/9\/2022\/07\/25i-NBOH-Drugs.png","datePublished":"2022-07-03T11:59:56+00:00","dateModified":"2022-10-03T22:03:40+00:00","description":"K\u00fapte si 25i NBOH lieky online za ve\u013ekoobchodn\u00fa cenu od d\u00f4veryhodn\u00e9ho dod\u00e1vate\u013ea. Bezpe\u010dn\u00e1 preprava 25I-NBOH do USA, BRAZ\u00cdLIE, E\u00da, Ve\u013ekej Brit\u00e1nie a \u010fal\u0161\u00edch kraj\u00edn.","breadcrumb":{"@id":"https:\/\/gooddealersmeds.com\/sk\/product\/25i-nboh-drogy\/#breadcrumb"},"inLanguage":"en-US","potentialAction":[{"@type":"ReadAction","target":["https:\/\/gooddealersmeds.com\/sk\/product\/25i-nboh-drogy\/"]}]},{"@type":"ImageObject","inLanguage":"en-US","@id":"https:\/\/gooddealersmeds.com\/sk\/product\/25i-nboh-drogy\/#primaryimage","url":"https:\/\/gooddealersmeds.com\/sk\/wp-content\/uploads\/sites\/9\/2022\/07\/25i-NBOH-Drugs.png","contentUrl":"https:\/\/gooddealersmeds.com\/sk\/wp-content\/uploads\/sites\/9\/2022\/07\/25i-NBOH-Drugs.png","width":600,"height":600,"caption":"25i NBOH Drugs"},{"@type":"BreadcrumbList","@id":"https:\/\/gooddealersmeds.com\/sk\/product\/25i-nboh-drogy\/#breadcrumb","itemListElement":[{"@type":"ListItem","position":1,"name":"Home","item":"https:\/\/gooddealersmeds.com\/sk\/"},{"@type":"ListItem","position":2,"name":"Produkty","item":"https:\/\/gooddealersmeds.com\/sk\/produkty\/"},{"@type":"ListItem","position":3,"name":"K\u00fapte si 25i NBOH Drogy online"}]},{"@type":"WebSite","@id":"https:\/\/gooddealersmeds.com\/sk\/#website","url":"https:\/\/gooddealersmeds.com\/sk\/","name":"Good Dealers Meds","description":"All our best","publisher":{"@id":"https:\/\/gooddealersmeds.com\/sk\/#organization"},"potentialAction":[{"@type":"SearchAction","target":{"@type":"EntryPoint","urlTemplate":"https:\/\/gooddealersmeds.com\/sk\/?s={search_term_string}"},"query-input":{"@type":"PropertyValueSpecification","valueRequired":true,"valueName":"search_term_string"}}],"inLanguage":"en-US"},{"@type":"Organization","@id":"https:\/\/gooddealersmeds.com\/sk\/#organization","name":"Good Dealers Meds","url":"https:\/\/gooddealersmeds.com\/sk\/","logo":{"@type":"ImageObject","inLanguage":"en-US","@id":"https:\/\/gooddealersmeds.com\/sk\/#\/schema\/logo\/image\/","url":"https:\/\/gooddealersmeds.com\/sk\/wp-content\/uploads\/sites\/9\/2022\/03\/gooddealersmeds__logo__20220317T222800Z.00.png","contentUrl":"https:\/\/gooddealersmeds.com\/sk\/wp-content\/uploads\/sites\/9\/2022\/03\/gooddealersmeds__logo__20220317T222800Z.00.png","width":500,"height":325,"caption":"Good Dealers Meds"},"image":{"@id":"https:\/\/gooddealersmeds.com\/sk\/#\/schema\/logo\/image\/"}}]}},"_links":{"self":[{"href":"https:\/\/gooddealersmeds.com\/sk\/wp-json\/wp\/v2\/product\/1905","targetHints":{"allow":["GET"]}}],"collection":[{"href":"https:\/\/gooddealersmeds.com\/sk\/wp-json\/wp\/v2\/product"}],"about":[{"href":"https:\/\/gooddealersmeds.com\/sk\/wp-json\/wp\/v2\/types\/product"}],"replies":[{"embeddable":true,"href":"https:\/\/gooddealersmeds.com\/sk\/wp-json\/wp\/v2\/comments?post=1905"}],"wp:featuredmedia":[{"embeddable":true,"href":"https:\/\/gooddealersmeds.com\/sk\/wp-json\/wp\/v2\/media\/1911"}],"wp:attachment":[{"href":"https:\/\/gooddealersmeds.com\/sk\/wp-json\/wp\/v2\/media?parent=1905"}],"wp:term":[{"taxonomy":"product_brand","embeddable":true,"href":"https:\/\/gooddealersmeds.com\/sk\/wp-json\/wp\/v2\/product_brand?post=1905"},{"taxonomy":"product_cat","embeddable":true,"href":"https:\/\/gooddealersmeds.com\/sk\/wp-json\/wp\/v2\/product_cat?post=1905"},{"taxonomy":"product_tag","embeddable":true,"href":"https:\/\/gooddealersmeds.com\/sk\/wp-json\/wp\/v2\/product_tag?post=1905"}],"curies":[{"name":"wp","href":"https:\/\/api.w.org\/{rel}","templated":true}]}}