{"id":1898,"date":"2022-07-03T11:54:52","date_gmt":"2022-07-03T11:54:52","guid":{"rendered":"https:\/\/gooddealersmeds.com\/sk\/?post_type=product&#038;p=1898"},"modified":"2022-10-03T22:03:47","modified_gmt":"2022-10-03T22:03:47","slug":"25i-nbome-droga","status":"publish","type":"product","link":"https:\/\/gooddealersmeds.com\/sk\/product\/25i-nbome-droga\/","title":{"rendered":"Objednajte si 25i NBOME Drug"},"content":{"rendered":"<p><strong>K\u00fapi\u0165 25i NBOME liek online<\/strong><\/p>\n<p>25i NBOME liek je typ lieku, ktor\u00fd sa pou\u017e\u00edva na lie\u010dbu \u0161irok\u00e9ho spektra zdravotn\u00fdch stavov. Lie\u010divo je zn\u00e1me ako 1-metyl-4-fenyl-1,2,3,6-tetrahydropyrid\u00edn (MPTP) a v minulosti sa pou\u017e\u00edvalo na lie\u010dbu Parkinsonovej choroby. Teraz je v\u0161ak zak\u00e1zan\u00fd pre jeho toxick\u00e9 \u00fa\u010dinky na mozog a uk\u00e1zalo sa, \u017ee u\u017e\u00edvanie tohto lieku m\u00f4\u017ee sp\u00f4sobi\u0165 trval\u00e9 po\u0161kodenie v\u00e1\u0161ho nervov\u00e9ho syst\u00e9mu.<\/p>\n<p>Ak uva\u017eujete o k\u00fape 25i NBOME Drug Online, potom by ste mali vedie\u0165, \u017ee tento liek bol pou\u017eit\u00fd v klinick\u00fdch \u0161t\u00fadi\u00e1ch. V\u00fdsledky t\u00fdchto \u0161t\u00fadi\u00ed uk\u00e1zali, \u017ee m\u00e1 celkov\u00fd pr\u00ednos pre pacientov, ktor\u00ed trpeli r\u00f4znymi typmi rakoviny, vr\u00e1tane rakoviny p\u013e\u00fac a lymf\u00f3mu. Okrem toho sa zistilo, \u017ee je \u00fa\u010dinn\u00fd proti viacer\u00fdm typom rakoviny naraz.<\/p>\n<p><strong>\u00a0<\/strong><\/p>\n<p><strong>Pre\u010do si k\u00fapi\u0165 25i NBOME Drug Online?<\/p>\n<p> strong&gt;<\/p>\n<p>Mnoho \u013eud\u00ed, ktor\u00ed u\u017e\u00edvali t\u00fato drogu roky, hl\u00e1silo, \u017ee sa po pr\u00edli\u0161 dlhom u\u017e\u00edvan\u00ed c\u00edtia depres\u00edvne alebo maj\u00fa slab\u00fa koncentr\u00e1ciu. Aj ke\u010f to m\u00f4\u017ee by\u0165 sp\u00f4soben\u00e9 t\u00fdm, \u017ee dosiahli svoj d\u00e1vkov\u00fd limit alebo ho \u00faplne prestali u\u017e\u00edva\u0165, niektor\u00ed \u013eudia bud\u00fa na\u010falej trpie\u0165 t\u00fdmito pr\u00edznakmi aj potom, \u010do prestan\u00fa u\u017e\u00edva\u0165 lieky 25i NBOME online. To znamen\u00e1, \u017ee existuje ve\u013ea \u013eud\u00ed, ktor\u00ed trpeli ved\u013eaj\u0161\u00edmi \u00fa\u010dinkami v d\u00f4sledku u\u017e\u00edvania tohto lieku bez toho, aby vopred vedeli o jeho nebezpe\u010denstv\u00e1ch!<\/p>\n<p><strong>\u00a0<\/strong><\/p>\n<p><strong>Kde k\u00fapi\u0165 25i NBOME Drug Online?<\/strong><\/p>\n<p>Ak sa chcete zbavi\u0165 toxick\u00fdch \u00fa\u010dinkov na v\u00e1\u0161 mozog, pozrite si 25i NBOME Drug Online. Good Dealers Meds pon\u00faka \u0161irok\u00fa \u0161k\u00e1lu produktov pre v\u0161etky potreby v\u00e1\u0161ho mozgu.<\/p>\n<p>M\u00e1me to, \u010do potrebujete, \u010di u\u017e h\u013ead\u00e1te nie\u010do, \u010do v\u00e1m pom\u00f4\u017ee relaxova\u0165 alebo vsta\u0165. Pred\u00e1vame aj in\u00e9 lieky, ktor\u00e9 m\u00f4\u017eu by\u0165 u\u017eito\u010dn\u00e9. Samozrejme, ak si chcete k\u00fapi\u0165 niektor\u00fd z t\u00fdchto liekov bez toho, aby ste museli cestova\u0165 do skuto\u010dnej lek\u00e1rne, potom sme to prav\u00e9 miesto pre v\u00e1s!<\/p>\n<p><strong>\u00a0<\/strong><\/p>\n","protected":false},"excerpt":{"rendered":"<p>K\u00fapte si 25I NBOMe Drug Online je vysoko kvalitn\u00e1 v\u00fdskumn\u00e1 chemik\u00e1lia. 25I-NBOMe si m\u00f4\u017eete k\u00fapi\u0165 online za ve\u013ekoobchodn\u00fa cenu. Bezpe\u010dn\u00e1 preprava 25I-NBOMe do USA, E\u00da, Spojen\u00e9ho kr\u00e1\u013eovstva a \u010fal\u0161\u00edch kraj\u00edn.<\/p>\n","protected":false},"featured_media":1904,"comment_status":"open","ping_status":"closed","template":"","meta":{"inline_featured_image":false},"product_brand":[],"product_cat":[344],"product_tag":[],"class_list":{"0":"post-1898","1":"product","2":"type-product","3":"status-publish","4":"has-post-thumbnail","6":"product_cat-vskum-chemiklie","8":"first","9":"instock","10":"shipping-taxable","11":"purchasable","12":"product-type-variable","13":"has-default-attributes"},"yoast_head":"<!-- This site is optimized with the Yoast SEO Premium plugin v20.6 (Yoast SEO v27.3) - https:\/\/yoast.com\/product\/yoast-seo-premium-wordpress\/ -->\n<title>K\u00fapi\u0165 25I NBOMe drogu online \u2013 25I NBOMe na predaj | Good Dealers Meds<\/title>\n<meta name=\"description\" content=\"K\u00fapte si 25I NBOMe drogu online, 25I-NBOMe si m\u00f4\u017eete k\u00fapi\u0165 online za ve\u013ekoobchodn\u00fa cenu. Bezpe\u010dn\u00e1 preprava 25I-NBOMe do USA, E\u00da, Ve\u013ekej Brit\u00e1nie a \u010fal\u0161\u00edch kraj\u00edn.\" \/>\n<meta name=\"robots\" content=\"index, follow, max-snippet:-1, max-image-preview:large, max-video-preview:-1\" \/>\n<link rel=\"canonical\" href=\"https:\/\/gooddealersmeds.com\/sk\/product\/25i-nbome-droga\/\" \/>\n<meta property=\"og:locale\" content=\"en_US\" \/>\n<meta property=\"og:type\" content=\"article\" \/>\n<meta property=\"og:title\" content=\"Objednajte si 25i NBOME Drug\" \/>\n<meta property=\"og:description\" content=\"K\u00fapte si 25I NBOMe drogu online, 25I-NBOMe si m\u00f4\u017eete k\u00fapi\u0165 online za ve\u013ekoobchodn\u00fa cenu. Bezpe\u010dn\u00e1 preprava 25I-NBOMe do USA, E\u00da, Ve\u013ekej Brit\u00e1nie a \u010fal\u0161\u00edch kraj\u00edn.\" \/>\n<meta property=\"og:url\" content=\"https:\/\/gooddealersmeds.com\/sk\/product\/25i-nbome-droga\/\" \/>\n<meta property=\"og:site_name\" content=\"Good Dealers Meds\" \/>\n<meta property=\"article:modified_time\" content=\"2022-10-03T22:03:47+00:00\" \/>\n<meta property=\"og:image\" content=\"https:\/\/gooddealersmeds.com\/sk\/wp-content\/uploads\/sites\/9\/2022\/07\/25i-NBOME-Drug.jpg\" \/>\n\t<meta property=\"og:image:width\" content=\"600\" \/>\n\t<meta property=\"og:image:height\" content=\"600\" \/>\n\t<meta property=\"og:image:type\" content=\"image\/jpeg\" \/>\n<meta name=\"twitter:card\" content=\"summary_large_image\" \/>\n<meta name=\"twitter:label1\" content=\"Est. reading time\" \/>\n\t<meta name=\"twitter:data1\" content=\"2 minutes\" \/>\n<script type=\"application\/ld+json\" class=\"yoast-schema-graph\">{\"@context\":\"https:\\\/\\\/schema.org\",\"@graph\":[{\"@type\":\"WebPage\",\"@id\":\"https:\\\/\\\/gooddealersmeds.com\\\/sk\\\/product\\\/25i-nbome-droga\\\/\",\"url\":\"https:\\\/\\\/gooddealersmeds.com\\\/sk\\\/product\\\/25i-nbome-droga\\\/\",\"name\":\"K\u00fapi\u0165 25I NBOMe drogu online \u2013 25I NBOMe na predaj | Good Dealers Meds\",\"isPartOf\":{\"@id\":\"https:\\\/\\\/gooddealersmeds.com\\\/sk\\\/#website\"},\"primaryImageOfPage\":{\"@id\":\"https:\\\/\\\/gooddealersmeds.com\\\/sk\\\/product\\\/25i-nbome-droga\\\/#primaryimage\"},\"image\":{\"@id\":\"https:\\\/\\\/gooddealersmeds.com\\\/sk\\\/product\\\/25i-nbome-droga\\\/#primaryimage\"},\"thumbnailUrl\":\"https:\\\/\\\/gooddealersmeds.com\\\/sk\\\/wp-content\\\/uploads\\\/sites\\\/9\\\/2022\\\/07\\\/25i-NBOME-Drug.jpg\",\"datePublished\":\"2022-07-03T11:54:52+00:00\",\"dateModified\":\"2022-10-03T22:03:47+00:00\",\"description\":\"K\u00fapte si 25I NBOMe drogu online, 25I-NBOMe si m\u00f4\u017eete k\u00fapi\u0165 online za ve\u013ekoobchodn\u00fa cenu. Bezpe\u010dn\u00e1 preprava 25I-NBOMe do USA, E\u00da, Ve\u013ekej Brit\u00e1nie a \u010fal\u0161\u00edch kraj\u00edn.\",\"breadcrumb\":{\"@id\":\"https:\\\/\\\/gooddealersmeds.com\\\/sk\\\/product\\\/25i-nbome-droga\\\/#breadcrumb\"},\"inLanguage\":\"en-US\",\"potentialAction\":[{\"@type\":\"ReadAction\",\"target\":[\"https:\\\/\\\/gooddealersmeds.com\\\/sk\\\/product\\\/25i-nbome-droga\\\/\"]}]},{\"@type\":\"ImageObject\",\"inLanguage\":\"en-US\",\"@id\":\"https:\\\/\\\/gooddealersmeds.com\\\/sk\\\/product\\\/25i-nbome-droga\\\/#primaryimage\",\"url\":\"https:\\\/\\\/gooddealersmeds.com\\\/sk\\\/wp-content\\\/uploads\\\/sites\\\/9\\\/2022\\\/07\\\/25i-NBOME-Drug.jpg\",\"contentUrl\":\"https:\\\/\\\/gooddealersmeds.com\\\/sk\\\/wp-content\\\/uploads\\\/sites\\\/9\\\/2022\\\/07\\\/25i-NBOME-Drug.jpg\",\"width\":600,\"height\":600,\"caption\":\"Buy 25I NBOMe Drug\"},{\"@type\":\"BreadcrumbList\",\"@id\":\"https:\\\/\\\/gooddealersmeds.com\\\/sk\\\/product\\\/25i-nbome-droga\\\/#breadcrumb\",\"itemListElement\":[{\"@type\":\"ListItem\",\"position\":1,\"name\":\"Home\",\"item\":\"https:\\\/\\\/gooddealersmeds.com\\\/sk\\\/\"},{\"@type\":\"ListItem\",\"position\":2,\"name\":\"Produkty\",\"item\":\"https:\\\/\\\/gooddealersmeds.com\\\/sk\\\/produkty\\\/\"},{\"@type\":\"ListItem\",\"position\":3,\"name\":\"Objednajte si 25i NBOME Drug\"}]},{\"@type\":\"WebSite\",\"@id\":\"https:\\\/\\\/gooddealersmeds.com\\\/sk\\\/#website\",\"url\":\"https:\\\/\\\/gooddealersmeds.com\\\/sk\\\/\",\"name\":\"Good Dealers Meds\",\"description\":\"All our best\",\"publisher\":{\"@id\":\"https:\\\/\\\/gooddealersmeds.com\\\/sk\\\/#organization\"},\"potentialAction\":[{\"@type\":\"SearchAction\",\"target\":{\"@type\":\"EntryPoint\",\"urlTemplate\":\"https:\\\/\\\/gooddealersmeds.com\\\/sk\\\/?s={search_term_string}\"},\"query-input\":{\"@type\":\"PropertyValueSpecification\",\"valueRequired\":true,\"valueName\":\"search_term_string\"}}],\"inLanguage\":\"en-US\"},{\"@type\":\"Organization\",\"@id\":\"https:\\\/\\\/gooddealersmeds.com\\\/sk\\\/#organization\",\"name\":\"Good Dealers Meds\",\"url\":\"https:\\\/\\\/gooddealersmeds.com\\\/sk\\\/\",\"logo\":{\"@type\":\"ImageObject\",\"inLanguage\":\"en-US\",\"@id\":\"https:\\\/\\\/gooddealersmeds.com\\\/sk\\\/#\\\/schema\\\/logo\\\/image\\\/\",\"url\":\"https:\\\/\\\/gooddealersmeds.com\\\/sk\\\/wp-content\\\/uploads\\\/sites\\\/9\\\/2022\\\/03\\\/gooddealersmeds__logo__20220317T222800Z.00.png\",\"contentUrl\":\"https:\\\/\\\/gooddealersmeds.com\\\/sk\\\/wp-content\\\/uploads\\\/sites\\\/9\\\/2022\\\/03\\\/gooddealersmeds__logo__20220317T222800Z.00.png\",\"width\":500,\"height\":325,\"caption\":\"Good Dealers Meds\"},\"image\":{\"@id\":\"https:\\\/\\\/gooddealersmeds.com\\\/sk\\\/#\\\/schema\\\/logo\\\/image\\\/\"}}]}<\/script>\n<!-- \/ Yoast SEO Premium plugin. -->","yoast_head_json":{"title":"K\u00fapi\u0165 25I NBOMe drogu online \u2013 25I NBOMe na predaj | Good Dealers Meds","description":"K\u00fapte si 25I NBOMe drogu online, 25I-NBOMe si m\u00f4\u017eete k\u00fapi\u0165 online za ve\u013ekoobchodn\u00fa cenu. Bezpe\u010dn\u00e1 preprava 25I-NBOMe do USA, E\u00da, Ve\u013ekej Brit\u00e1nie a \u010fal\u0161\u00edch kraj\u00edn.","robots":{"index":"index","follow":"follow","max-snippet":"max-snippet:-1","max-image-preview":"max-image-preview:large","max-video-preview":"max-video-preview:-1"},"canonical":"https:\/\/gooddealersmeds.com\/sk\/product\/25i-nbome-droga\/","og_locale":"en_US","og_type":"article","og_title":"Objednajte si 25i NBOME Drug","og_description":"K\u00fapte si 25I NBOMe drogu online, 25I-NBOMe si m\u00f4\u017eete k\u00fapi\u0165 online za ve\u013ekoobchodn\u00fa cenu. Bezpe\u010dn\u00e1 preprava 25I-NBOMe do USA, E\u00da, Ve\u013ekej Brit\u00e1nie a \u010fal\u0161\u00edch kraj\u00edn.","og_url":"https:\/\/gooddealersmeds.com\/sk\/product\/25i-nbome-droga\/","og_site_name":"Good Dealers Meds","article_modified_time":"2022-10-03T22:03:47+00:00","og_image":[{"width":600,"height":600,"url":"https:\/\/gooddealersmeds.com\/sk\/wp-content\/uploads\/sites\/9\/2022\/07\/25i-NBOME-Drug.jpg","type":"image\/jpeg"}],"twitter_card":"summary_large_image","twitter_misc":{"Est. reading time":"2 minutes"},"schema":{"@context":"https:\/\/schema.org","@graph":[{"@type":"WebPage","@id":"https:\/\/gooddealersmeds.com\/sk\/product\/25i-nbome-droga\/","url":"https:\/\/gooddealersmeds.com\/sk\/product\/25i-nbome-droga\/","name":"K\u00fapi\u0165 25I NBOMe drogu online \u2013 25I NBOMe na predaj | Good Dealers Meds","isPartOf":{"@id":"https:\/\/gooddealersmeds.com\/sk\/#website"},"primaryImageOfPage":{"@id":"https:\/\/gooddealersmeds.com\/sk\/product\/25i-nbome-droga\/#primaryimage"},"image":{"@id":"https:\/\/gooddealersmeds.com\/sk\/product\/25i-nbome-droga\/#primaryimage"},"thumbnailUrl":"https:\/\/gooddealersmeds.com\/sk\/wp-content\/uploads\/sites\/9\/2022\/07\/25i-NBOME-Drug.jpg","datePublished":"2022-07-03T11:54:52+00:00","dateModified":"2022-10-03T22:03:47+00:00","description":"K\u00fapte si 25I NBOMe drogu online, 25I-NBOMe si m\u00f4\u017eete k\u00fapi\u0165 online za ve\u013ekoobchodn\u00fa cenu. Bezpe\u010dn\u00e1 preprava 25I-NBOMe do USA, E\u00da, Ve\u013ekej Brit\u00e1nie a \u010fal\u0161\u00edch kraj\u00edn.","breadcrumb":{"@id":"https:\/\/gooddealersmeds.com\/sk\/product\/25i-nbome-droga\/#breadcrumb"},"inLanguage":"en-US","potentialAction":[{"@type":"ReadAction","target":["https:\/\/gooddealersmeds.com\/sk\/product\/25i-nbome-droga\/"]}]},{"@type":"ImageObject","inLanguage":"en-US","@id":"https:\/\/gooddealersmeds.com\/sk\/product\/25i-nbome-droga\/#primaryimage","url":"https:\/\/gooddealersmeds.com\/sk\/wp-content\/uploads\/sites\/9\/2022\/07\/25i-NBOME-Drug.jpg","contentUrl":"https:\/\/gooddealersmeds.com\/sk\/wp-content\/uploads\/sites\/9\/2022\/07\/25i-NBOME-Drug.jpg","width":600,"height":600,"caption":"Buy 25I NBOMe Drug"},{"@type":"BreadcrumbList","@id":"https:\/\/gooddealersmeds.com\/sk\/product\/25i-nbome-droga\/#breadcrumb","itemListElement":[{"@type":"ListItem","position":1,"name":"Home","item":"https:\/\/gooddealersmeds.com\/sk\/"},{"@type":"ListItem","position":2,"name":"Produkty","item":"https:\/\/gooddealersmeds.com\/sk\/produkty\/"},{"@type":"ListItem","position":3,"name":"Objednajte si 25i NBOME Drug"}]},{"@type":"WebSite","@id":"https:\/\/gooddealersmeds.com\/sk\/#website","url":"https:\/\/gooddealersmeds.com\/sk\/","name":"Good Dealers Meds","description":"All our best","publisher":{"@id":"https:\/\/gooddealersmeds.com\/sk\/#organization"},"potentialAction":[{"@type":"SearchAction","target":{"@type":"EntryPoint","urlTemplate":"https:\/\/gooddealersmeds.com\/sk\/?s={search_term_string}"},"query-input":{"@type":"PropertyValueSpecification","valueRequired":true,"valueName":"search_term_string"}}],"inLanguage":"en-US"},{"@type":"Organization","@id":"https:\/\/gooddealersmeds.com\/sk\/#organization","name":"Good Dealers Meds","url":"https:\/\/gooddealersmeds.com\/sk\/","logo":{"@type":"ImageObject","inLanguage":"en-US","@id":"https:\/\/gooddealersmeds.com\/sk\/#\/schema\/logo\/image\/","url":"https:\/\/gooddealersmeds.com\/sk\/wp-content\/uploads\/sites\/9\/2022\/03\/gooddealersmeds__logo__20220317T222800Z.00.png","contentUrl":"https:\/\/gooddealersmeds.com\/sk\/wp-content\/uploads\/sites\/9\/2022\/03\/gooddealersmeds__logo__20220317T222800Z.00.png","width":500,"height":325,"caption":"Good Dealers Meds"},"image":{"@id":"https:\/\/gooddealersmeds.com\/sk\/#\/schema\/logo\/image\/"}}]}},"_links":{"self":[{"href":"https:\/\/gooddealersmeds.com\/sk\/wp-json\/wp\/v2\/product\/1898","targetHints":{"allow":["GET"]}}],"collection":[{"href":"https:\/\/gooddealersmeds.com\/sk\/wp-json\/wp\/v2\/product"}],"about":[{"href":"https:\/\/gooddealersmeds.com\/sk\/wp-json\/wp\/v2\/types\/product"}],"replies":[{"embeddable":true,"href":"https:\/\/gooddealersmeds.com\/sk\/wp-json\/wp\/v2\/comments?post=1898"}],"wp:featuredmedia":[{"embeddable":true,"href":"https:\/\/gooddealersmeds.com\/sk\/wp-json\/wp\/v2\/media\/1904"}],"wp:attachment":[{"href":"https:\/\/gooddealersmeds.com\/sk\/wp-json\/wp\/v2\/media?parent=1898"}],"wp:term":[{"taxonomy":"product_brand","embeddable":true,"href":"https:\/\/gooddealersmeds.com\/sk\/wp-json\/wp\/v2\/product_brand?post=1898"},{"taxonomy":"product_cat","embeddable":true,"href":"https:\/\/gooddealersmeds.com\/sk\/wp-json\/wp\/v2\/product_cat?post=1898"},{"taxonomy":"product_tag","embeddable":true,"href":"https:\/\/gooddealersmeds.com\/sk\/wp-json\/wp\/v2\/product_tag?post=1898"}],"curies":[{"name":"wp","href":"https:\/\/api.w.org\/{rel}","templated":true}]}}