{"id":1891,"date":"2022-07-03T11:48:53","date_gmt":"2022-07-03T11:48:53","guid":{"rendered":"https:\/\/gooddealersmeds.com\/sk\/?post_type=product&#038;p=1891"},"modified":"2022-10-03T22:03:55","modified_gmt":"2022-10-03T22:03:55","slug":"3-meo-pcp-liek","status":"publish","type":"product","link":"https:\/\/gooddealersmeds.com\/sk\/product\/3-meo-pcp-liek\/","title":{"rendered":"K\u00fapte si 3-MEO PCP liek"},"content":{"rendered":"<h1><strong>K\u00fapi\u0165 <\/strong>\u00a0<strong>3-MEO PCP liek online<\/strong><\/h1>\n<p>N\u00e1vrhov\u00fd liek <a href=\"https:\/\/en.wikipedia.org\/wiki \/3-MeO-PCP\">3-metoxyfencyklid\u00edn<\/a> patr\u00ed do triedy arylcyklohexylam\u00ednov disocia\u010dn\u00fdch halucinog\u00e9nov. Jeho prim\u00e1rnym cie\u013eom s\u00fa NMDA receptory, ale tie\u017e interaguje so sigma 1-3 receptormi a transport\u00e9rom seroton\u00ednu. V lieku nie je pr\u00edtomn\u00e1 \u017eiadna opioidn\u00e1 aktivita, ani nep\u00f4sob\u00ed ako inhib\u00edtor sp\u00e4tn\u00e9ho vychyt\u00e1vania dopam\u00ednu. K\u00fapte si 3-MeO-PCP liek online.<\/p>\n<p>&nbsp;<\/p>\n<p><strong>\u010co rob\u00ed n\u00e1kup 25i NBOME lieku online najlep\u0161\u00edm?<\/strong><\/p>\n<p>Vy mo\u017eno budete chcie\u0165 objedna\u0165 25i NBOME Drug online, ak h\u013ead\u00e1te formu lie\u010dby bez ob\u00e1v z ved\u013eaj\u0161\u00edch \u00fa\u010dinkov alebo ko\u013eko to stoj\u00ed vo va\u0161ej miestnej lek\u00e1rni. Navy\u0161e, v\u00e4\u010d\u0161ina pova\u017euje n\u00e1kup t\u00fdchto liekov online za ove\u013ea pohodlnej\u0161\u00ed a ekonomickej\u0161\u00ed ako ich n\u00e1kup osobne.<\/p>\n<p>&nbsp;<\/p>\n<p><strong>Najlep\u0161ie miesto na objedn\u00e1vku <\/strong><strong> 3-MEO PCP liek<\/strong><\/p>\n<p>Najlep\u0161ie miesto na n\u00e1kup lieku 3-MEO PCP online je z renomovanej lek\u00e1rne alebo internetov\u00e9ho obchodu. V\u017edy by ste sa mali uisti\u0165, \u017ee spolo\u010dnos\u0165 pred\u00e1vaj\u00faca tento produkt m\u00e1 licenciu od FDA a certifikovan\u00fa inou agent\u00farou, ako je napr\u00edklad N\u00e1rodn\u00e1 asoci\u00e1cia farmaceutick\u00fdch \u00faradov (NABP). T\u00fdm sa zabezpe\u010d\u00ed, \u017ee pri distrib\u00facii svojich produktov po celej krajine bud\u00fa dodr\u017eiava\u0165 pr\u00edsne pokyny.<\/p>\n<p>A <a href=\"https:\/\/gooddealersmeds.com\/sk\/product\/3-meo-pcp-drug \/\">Good Dealers Meds<\/a> je miesto, ktor\u00e9 za\u0161krt\u00e1va v\u0161etky pol\u00ed\u010dka v zozname po\u017eiadaviek.<\/p>\n","protected":false},"excerpt":{"rendered":"<p>Nakupujte 3-MeO-PCP liek online ve\u013ekoobchodne od v\u00fdrobcu, vysok\u00e1 kvalita za n\u00edzku cenu s dopravou do cel\u00e9ho sveta.3-meo-pcp s form\u00e1lnym n\u00e1zvom 1-[1-(3-metoxyfenyl)cyklohexyl]-piperid\u00edn je klasifikovan\u00e1 ako disocia\u010dn\u00e1 zl\u00fa\u010denina.<\/p>\n","protected":false},"featured_media":1897,"comment_status":"open","ping_status":"closed","template":"","meta":{"inline_featured_image":false},"product_brand":[],"product_cat":[344],"product_tag":[],"class_list":{"0":"post-1891","1":"product","2":"type-product","3":"status-publish","4":"has-post-thumbnail","6":"product_cat-vskum-chemiklie","8":"first","9":"instock","10":"shipping-taxable","11":"purchasable","12":"product-type-variable","13":"has-default-attributes"},"yoast_head":"<!-- This site is optimized with the Yoast SEO Premium plugin v20.6 (Yoast SEO v27.4) - https:\/\/yoast.com\/product\/yoast-seo-premium-wordpress\/ -->\n<title>K\u00fapi\u0165 drogu 3-MeO-PCP online \u2013 3-MeO-PCP na predaj | Good Dealers Meds<\/title>\n<meta name=\"description\" content=\"K\u00fapte si 3-MeO-PCP Drug Online ve\u013ekoobchodne od v\u00fdrobcu v Good Dealers Meds, vysok\u00e1 kvalita za n\u00edzku cenu s dopravou do cel\u00e9ho sveta.\" \/>\n<meta name=\"robots\" content=\"index, follow, max-snippet:-1, max-image-preview:large, max-video-preview:-1\" \/>\n<link rel=\"canonical\" href=\"https:\/\/gooddealersmeds.com\/sk\/product\/3-meo-pcp-liek\/\" \/>\n<meta property=\"og:locale\" content=\"en_US\" \/>\n<meta property=\"og:type\" content=\"article\" \/>\n<meta property=\"og:title\" content=\"K\u00fapte si 3-MEO PCP liek\" \/>\n<meta property=\"og:description\" content=\"K\u00fapte si 3-MeO-PCP Drug Online ve\u013ekoobchodne od v\u00fdrobcu v Good Dealers Meds, vysok\u00e1 kvalita za n\u00edzku cenu s dopravou do cel\u00e9ho sveta.\" \/>\n<meta property=\"og:url\" content=\"https:\/\/gooddealersmeds.com\/sk\/product\/3-meo-pcp-liek\/\" \/>\n<meta property=\"og:site_name\" content=\"Good Dealers Meds\" \/>\n<meta property=\"article:modified_time\" content=\"2022-10-03T22:03:55+00:00\" \/>\n<meta property=\"og:image\" content=\"https:\/\/gooddealersmeds.com\/sk\/wp-content\/uploads\/sites\/9\/2022\/07\/3-MEO-PCP-Drug.jpg\" \/>\n\t<meta property=\"og:image:width\" content=\"600\" \/>\n\t<meta property=\"og:image:height\" content=\"600\" \/>\n\t<meta property=\"og:image:type\" content=\"image\/jpeg\" \/>\n<meta name=\"twitter:card\" content=\"summary_large_image\" \/>\n<meta name=\"twitter:label1\" content=\"Est. reading time\" \/>\n\t<meta name=\"twitter:data1\" content=\"1 minute\" \/>\n<script type=\"application\/ld+json\" class=\"yoast-schema-graph\">{\"@context\":\"https:\\\/\\\/schema.org\",\"@graph\":[{\"@type\":\"WebPage\",\"@id\":\"https:\\\/\\\/gooddealersmeds.com\\\/sk\\\/product\\\/3-meo-pcp-liek\\\/\",\"url\":\"https:\\\/\\\/gooddealersmeds.com\\\/sk\\\/product\\\/3-meo-pcp-liek\\\/\",\"name\":\"K\u00fapi\u0165 drogu 3-MeO-PCP online \u2013 3-MeO-PCP na predaj | Good Dealers Meds\",\"isPartOf\":{\"@id\":\"https:\\\/\\\/gooddealersmeds.com\\\/sk\\\/#website\"},\"primaryImageOfPage\":{\"@id\":\"https:\\\/\\\/gooddealersmeds.com\\\/sk\\\/product\\\/3-meo-pcp-liek\\\/#primaryimage\"},\"image\":{\"@id\":\"https:\\\/\\\/gooddealersmeds.com\\\/sk\\\/product\\\/3-meo-pcp-liek\\\/#primaryimage\"},\"thumbnailUrl\":\"https:\\\/\\\/gooddealersmeds.com\\\/sk\\\/wp-content\\\/uploads\\\/sites\\\/9\\\/2022\\\/07\\\/3-MEO-PCP-Drug.jpg\",\"datePublished\":\"2022-07-03T11:48:53+00:00\",\"dateModified\":\"2022-10-03T22:03:55+00:00\",\"description\":\"K\u00fapte si 3-MeO-PCP Drug Online ve\u013ekoobchodne od v\u00fdrobcu v Good Dealers Meds, vysok\u00e1 kvalita za n\u00edzku cenu s dopravou do cel\u00e9ho sveta.\",\"breadcrumb\":{\"@id\":\"https:\\\/\\\/gooddealersmeds.com\\\/sk\\\/product\\\/3-meo-pcp-liek\\\/#breadcrumb\"},\"inLanguage\":\"en-US\",\"potentialAction\":[{\"@type\":\"ReadAction\",\"target\":[\"https:\\\/\\\/gooddealersmeds.com\\\/sk\\\/product\\\/3-meo-pcp-liek\\\/\"]}]},{\"@type\":\"ImageObject\",\"inLanguage\":\"en-US\",\"@id\":\"https:\\\/\\\/gooddealersmeds.com\\\/sk\\\/product\\\/3-meo-pcp-liek\\\/#primaryimage\",\"url\":\"https:\\\/\\\/gooddealersmeds.com\\\/sk\\\/wp-content\\\/uploads\\\/sites\\\/9\\\/2022\\\/07\\\/3-MEO-PCP-Drug.jpg\",\"contentUrl\":\"https:\\\/\\\/gooddealersmeds.com\\\/sk\\\/wp-content\\\/uploads\\\/sites\\\/9\\\/2022\\\/07\\\/3-MEO-PCP-Drug.jpg\",\"width\":600,\"height\":600,\"caption\":\"Buy 3-MeO-PCP Drug Online\"},{\"@type\":\"BreadcrumbList\",\"@id\":\"https:\\\/\\\/gooddealersmeds.com\\\/sk\\\/product\\\/3-meo-pcp-liek\\\/#breadcrumb\",\"itemListElement\":[{\"@type\":\"ListItem\",\"position\":1,\"name\":\"Home\",\"item\":\"https:\\\/\\\/gooddealersmeds.com\\\/sk\\\/\"},{\"@type\":\"ListItem\",\"position\":2,\"name\":\"Produkty\",\"item\":\"https:\\\/\\\/gooddealersmeds.com\\\/sk\\\/produkty\\\/\"},{\"@type\":\"ListItem\",\"position\":3,\"name\":\"K\u00fapte si 3-MEO PCP liek\"}]},{\"@type\":\"WebSite\",\"@id\":\"https:\\\/\\\/gooddealersmeds.com\\\/sk\\\/#website\",\"url\":\"https:\\\/\\\/gooddealersmeds.com\\\/sk\\\/\",\"name\":\"Good Dealers Meds\",\"description\":\"All our best\",\"publisher\":{\"@id\":\"https:\\\/\\\/gooddealersmeds.com\\\/sk\\\/#organization\"},\"potentialAction\":[{\"@type\":\"SearchAction\",\"target\":{\"@type\":\"EntryPoint\",\"urlTemplate\":\"https:\\\/\\\/gooddealersmeds.com\\\/sk\\\/?s={search_term_string}\"},\"query-input\":{\"@type\":\"PropertyValueSpecification\",\"valueRequired\":true,\"valueName\":\"search_term_string\"}}],\"inLanguage\":\"en-US\"},{\"@type\":\"Organization\",\"@id\":\"https:\\\/\\\/gooddealersmeds.com\\\/sk\\\/#organization\",\"name\":\"Good Dealers Meds\",\"url\":\"https:\\\/\\\/gooddealersmeds.com\\\/sk\\\/\",\"logo\":{\"@type\":\"ImageObject\",\"inLanguage\":\"en-US\",\"@id\":\"https:\\\/\\\/gooddealersmeds.com\\\/sk\\\/#\\\/schema\\\/logo\\\/image\\\/\",\"url\":\"https:\\\/\\\/gooddealersmeds.com\\\/sk\\\/wp-content\\\/uploads\\\/sites\\\/9\\\/2022\\\/03\\\/gooddealersmeds__logo__20220317T222800Z.00.png\",\"contentUrl\":\"https:\\\/\\\/gooddealersmeds.com\\\/sk\\\/wp-content\\\/uploads\\\/sites\\\/9\\\/2022\\\/03\\\/gooddealersmeds__logo__20220317T222800Z.00.png\",\"width\":500,\"height\":325,\"caption\":\"Good Dealers Meds\"},\"image\":{\"@id\":\"https:\\\/\\\/gooddealersmeds.com\\\/sk\\\/#\\\/schema\\\/logo\\\/image\\\/\"}}]}<\/script>\n<!-- \/ Yoast SEO Premium plugin. -->","yoast_head_json":{"title":"K\u00fapi\u0165 drogu 3-MeO-PCP online \u2013 3-MeO-PCP na predaj | Good Dealers Meds","description":"K\u00fapte si 3-MeO-PCP Drug Online ve\u013ekoobchodne od v\u00fdrobcu v Good Dealers Meds, vysok\u00e1 kvalita za n\u00edzku cenu s dopravou do cel\u00e9ho sveta.","robots":{"index":"index","follow":"follow","max-snippet":"max-snippet:-1","max-image-preview":"max-image-preview:large","max-video-preview":"max-video-preview:-1"},"canonical":"https:\/\/gooddealersmeds.com\/sk\/product\/3-meo-pcp-liek\/","og_locale":"en_US","og_type":"article","og_title":"K\u00fapte si 3-MEO PCP liek","og_description":"K\u00fapte si 3-MeO-PCP Drug Online ve\u013ekoobchodne od v\u00fdrobcu v Good Dealers Meds, vysok\u00e1 kvalita za n\u00edzku cenu s dopravou do cel\u00e9ho sveta.","og_url":"https:\/\/gooddealersmeds.com\/sk\/product\/3-meo-pcp-liek\/","og_site_name":"Good Dealers Meds","article_modified_time":"2022-10-03T22:03:55+00:00","og_image":[{"width":600,"height":600,"url":"https:\/\/gooddealersmeds.com\/sk\/wp-content\/uploads\/sites\/9\/2022\/07\/3-MEO-PCP-Drug.jpg","type":"image\/jpeg"}],"twitter_card":"summary_large_image","twitter_misc":{"Est. reading time":"1 minute"},"schema":{"@context":"https:\/\/schema.org","@graph":[{"@type":"WebPage","@id":"https:\/\/gooddealersmeds.com\/sk\/product\/3-meo-pcp-liek\/","url":"https:\/\/gooddealersmeds.com\/sk\/product\/3-meo-pcp-liek\/","name":"K\u00fapi\u0165 drogu 3-MeO-PCP online \u2013 3-MeO-PCP na predaj | Good Dealers Meds","isPartOf":{"@id":"https:\/\/gooddealersmeds.com\/sk\/#website"},"primaryImageOfPage":{"@id":"https:\/\/gooddealersmeds.com\/sk\/product\/3-meo-pcp-liek\/#primaryimage"},"image":{"@id":"https:\/\/gooddealersmeds.com\/sk\/product\/3-meo-pcp-liek\/#primaryimage"},"thumbnailUrl":"https:\/\/gooddealersmeds.com\/sk\/wp-content\/uploads\/sites\/9\/2022\/07\/3-MEO-PCP-Drug.jpg","datePublished":"2022-07-03T11:48:53+00:00","dateModified":"2022-10-03T22:03:55+00:00","description":"K\u00fapte si 3-MeO-PCP Drug Online ve\u013ekoobchodne od v\u00fdrobcu v Good Dealers Meds, vysok\u00e1 kvalita za n\u00edzku cenu s dopravou do cel\u00e9ho sveta.","breadcrumb":{"@id":"https:\/\/gooddealersmeds.com\/sk\/product\/3-meo-pcp-liek\/#breadcrumb"},"inLanguage":"en-US","potentialAction":[{"@type":"ReadAction","target":["https:\/\/gooddealersmeds.com\/sk\/product\/3-meo-pcp-liek\/"]}]},{"@type":"ImageObject","inLanguage":"en-US","@id":"https:\/\/gooddealersmeds.com\/sk\/product\/3-meo-pcp-liek\/#primaryimage","url":"https:\/\/gooddealersmeds.com\/sk\/wp-content\/uploads\/sites\/9\/2022\/07\/3-MEO-PCP-Drug.jpg","contentUrl":"https:\/\/gooddealersmeds.com\/sk\/wp-content\/uploads\/sites\/9\/2022\/07\/3-MEO-PCP-Drug.jpg","width":600,"height":600,"caption":"Buy 3-MeO-PCP Drug Online"},{"@type":"BreadcrumbList","@id":"https:\/\/gooddealersmeds.com\/sk\/product\/3-meo-pcp-liek\/#breadcrumb","itemListElement":[{"@type":"ListItem","position":1,"name":"Home","item":"https:\/\/gooddealersmeds.com\/sk\/"},{"@type":"ListItem","position":2,"name":"Produkty","item":"https:\/\/gooddealersmeds.com\/sk\/produkty\/"},{"@type":"ListItem","position":3,"name":"K\u00fapte si 3-MEO PCP liek"}]},{"@type":"WebSite","@id":"https:\/\/gooddealersmeds.com\/sk\/#website","url":"https:\/\/gooddealersmeds.com\/sk\/","name":"Good Dealers Meds","description":"All our best","publisher":{"@id":"https:\/\/gooddealersmeds.com\/sk\/#organization"},"potentialAction":[{"@type":"SearchAction","target":{"@type":"EntryPoint","urlTemplate":"https:\/\/gooddealersmeds.com\/sk\/?s={search_term_string}"},"query-input":{"@type":"PropertyValueSpecification","valueRequired":true,"valueName":"search_term_string"}}],"inLanguage":"en-US"},{"@type":"Organization","@id":"https:\/\/gooddealersmeds.com\/sk\/#organization","name":"Good Dealers Meds","url":"https:\/\/gooddealersmeds.com\/sk\/","logo":{"@type":"ImageObject","inLanguage":"en-US","@id":"https:\/\/gooddealersmeds.com\/sk\/#\/schema\/logo\/image\/","url":"https:\/\/gooddealersmeds.com\/sk\/wp-content\/uploads\/sites\/9\/2022\/03\/gooddealersmeds__logo__20220317T222800Z.00.png","contentUrl":"https:\/\/gooddealersmeds.com\/sk\/wp-content\/uploads\/sites\/9\/2022\/03\/gooddealersmeds__logo__20220317T222800Z.00.png","width":500,"height":325,"caption":"Good Dealers Meds"},"image":{"@id":"https:\/\/gooddealersmeds.com\/sk\/#\/schema\/logo\/image\/"}}]}},"_links":{"self":[{"href":"https:\/\/gooddealersmeds.com\/sk\/wp-json\/wp\/v2\/product\/1891","targetHints":{"allow":["GET"]}}],"collection":[{"href":"https:\/\/gooddealersmeds.com\/sk\/wp-json\/wp\/v2\/product"}],"about":[{"href":"https:\/\/gooddealersmeds.com\/sk\/wp-json\/wp\/v2\/types\/product"}],"replies":[{"embeddable":true,"href":"https:\/\/gooddealersmeds.com\/sk\/wp-json\/wp\/v2\/comments?post=1891"}],"wp:featuredmedia":[{"embeddable":true,"href":"https:\/\/gooddealersmeds.com\/sk\/wp-json\/wp\/v2\/media\/1897"}],"wp:attachment":[{"href":"https:\/\/gooddealersmeds.com\/sk\/wp-json\/wp\/v2\/media?parent=1891"}],"wp:term":[{"taxonomy":"product_brand","embeddable":true,"href":"https:\/\/gooddealersmeds.com\/sk\/wp-json\/wp\/v2\/product_brand?post=1891"},{"taxonomy":"product_cat","embeddable":true,"href":"https:\/\/gooddealersmeds.com\/sk\/wp-json\/wp\/v2\/product_cat?post=1891"},{"taxonomy":"product_tag","embeddable":true,"href":"https:\/\/gooddealersmeds.com\/sk\/wp-json\/wp\/v2\/product_tag?post=1891"}],"curies":[{"name":"wp","href":"https:\/\/api.w.org\/{rel}","templated":true}]}}