{"id":1885,"date":"2022-07-03T11:42:40","date_gmt":"2022-07-03T11:42:40","guid":{"rendered":"https:\/\/gooddealersmeds.com\/sk\/?post_type=product&#038;p=1885"},"modified":"2022-10-03T22:04:02","modified_gmt":"2022-10-03T22:04:02","slug":"4-ako-dmt-droga","status":"publish","type":"product","link":"https:\/\/gooddealersmeds.com\/sk\/product\/4-ako-dmt-droga\/","title":{"rendered":"K\u00fapte si 4-ACO DMT Drug"},"content":{"rendered":"<h1><strong>K\u00fapte si liek 4-ACO DMT online. <\/strong><\/h1>\n<p>4-ACO DMT Drug je psychoakt\u00edvna droga vyroben\u00e1 z jedu tela ur\u010dit\u00e9ho druhu chrob\u00e1ka. N\u00e1zov znamen\u00e1 v \u0161paniel\u010dine \u201e\u0161tyri stovky\u201c. Domorodci ho p\u00f4vodne pou\u017e\u00edvali v Mexiku a Strednej Amerike na duchovn\u00e9 \u00fa\u010dely, no v niektor\u00fdch krajin\u00e1ch je teraz leg\u00e1lne aj na rekrea\u010dn\u00e9 pou\u017eitie. K\u00fapi\u0165 4-ACO-DMT liek online<\/p>\n<p>\u00da\u010dinnou zlo\u017ekou lieku 4-ACO DMT je 5-metoxy-N (5-MeO-DIPT). Je to podobn\u00e9 ako in\u00e9 tryptam\u00edny, ako s\u00fa huby psilocyb\u00edn a \u0161alvia divinorum, ale silnej\u0161ie. \u00da\u010dinky tejto drogy trvaj\u00fa dlh\u0161ie a je menej pravdepodobn\u00e9, \u017ee ich poc\u00edtia \u013eudia, ktor\u00ed ju u\u017e\u00edvaj\u00fa rekrea\u010dne, ako t\u00ed, ktor\u00ed rekrea\u010dne u\u017e\u00edvaj\u00fa psilocyb\u00ednov\u00e9 huby alebo \u0161alviu divinorum, preto\u017ee m\u00e1 ove\u013ea vy\u0161\u0161iu koncentr\u00e1ciu 5-MeO-DIPT ako ktor\u00e1ko\u013evek z t\u00fdchto in\u00fdch zl\u00fa\u010den\u00edn. <\/p>\n<p><strong>\u00a0<\/strong><\/p>\n<p><strong>Pre\u010do kupova\u0165 liek 4-ACO DMT online?<\/strong><\/p>\n<p>K\u00fapi\u0165 liek 4-ACO DMT Online je najlep\u0161\u00ed sp\u00f4sob, ako k\u00fapi\u0165 liek, preto\u017ee mnoho online webov\u00fdch str\u00e1nok pon\u00faka spo\u013eahliv\u00e9 pohodlie a bezpe\u010dnos\u0165. S pr\u00edchodom internetu \u010doraz viac \u013eud\u00ed vyu\u017e\u00edva internetov\u00e9 str\u00e1nky a drog\u00e9rie na n\u00e1kup drog, ktor\u00e9 si fyzicky \u0165a\u017eko kupuj\u00fa. K\u00fapi\u0165 liek 4-ACO-DMT online<\/p>\n<p><strong>\u00a0<\/strong><\/p>\n<p><strong>Najlep\u0161ie miesto na objednanie lieku 4-ACO-DMT<\/strong><\/p>\n<p>Najlep\u0161\u00edm miestom na n\u00e1kup lieku 4-ACO DMT Drug Online je <a href=\"https:\/\/gooddealersmeds.com\/sk\/product\/4-aco-dmt-drug\/\">Meds Good Dealers<\/a>. Pon\u00fakaj\u00fa \u0161irok\u00fa \u0161k\u00e1lu r\u00f4znych druhov liekov za n\u00edzke ceny, tak\u017ee m\u00f4\u017eete z\u00edska\u0165 presne to, \u010do chcete, bez ob\u00e1v z naru\u0161enia v\u00e1\u0161ho rozpo\u010dtu!<\/p>\n","protected":false},"excerpt":{"rendered":"<p>K\u00fapte si 4-Aco-DMT Drug Online, 4-AcO-DMT \u00a0je synteticky vyr\u00e1ban\u00e1 psychoakt\u00edvna droga a David Nichols ju navrhol ako potenci\u00e1lne u\u017eito\u010dn\u00fa alternat\u00edvu psilocyb\u00ednu pre farmakologick\u00e9 \u0161t\u00fadie.<\/p>\n","protected":false},"featured_media":1890,"comment_status":"open","ping_status":"closed","template":"","meta":{"inline_featured_image":false},"product_brand":[],"product_cat":[344],"product_tag":[],"class_list":{"0":"post-1885","1":"product","2":"type-product","3":"status-publish","4":"has-post-thumbnail","6":"product_cat-vskum-chemiklie","8":"first","9":"instock","10":"shipping-taxable","11":"purchasable","12":"product-type-variable","13":"has-default-attributes"},"yoast_head":"<!-- This site is optimized with the Yoast SEO Premium plugin v20.6 (Yoast SEO v27.3) - https:\/\/yoast.com\/product\/yoast-seo-premium-wordpress\/ -->\n<title>K\u00fapi\u0165 drogu 4-ACO-DMT online \u2013 4-ACO-DMT na predaj | Good Dealers Meds<\/title>\n<meta name=\"description\" content=\"K\u00fapte si 4-Aco-DMT Drug Online, synteticky vyroben\u00fd psychoakt\u00edvny liek, potenci\u00e1lne u\u017eito\u010dn\u00e1 alternat\u00edva k psilocyb\u00ednu pre farmakologick\u00e9 \u0161t\u00fadie.\" \/>\n<meta name=\"robots\" content=\"index, follow, max-snippet:-1, max-image-preview:large, max-video-preview:-1\" \/>\n<link rel=\"canonical\" href=\"https:\/\/gooddealersmeds.com\/sk\/product\/4-ako-dmt-droga\/\" \/>\n<meta property=\"og:locale\" content=\"en_US\" \/>\n<meta property=\"og:type\" content=\"article\" \/>\n<meta property=\"og:title\" content=\"K\u00fapte si 4-ACO DMT Drug\" \/>\n<meta property=\"og:description\" content=\"K\u00fapte si 4-Aco-DMT Drug Online, synteticky vyroben\u00fd psychoakt\u00edvny liek, potenci\u00e1lne u\u017eito\u010dn\u00e1 alternat\u00edva k psilocyb\u00ednu pre farmakologick\u00e9 \u0161t\u00fadie.\" \/>\n<meta property=\"og:url\" content=\"https:\/\/gooddealersmeds.com\/sk\/product\/4-ako-dmt-droga\/\" \/>\n<meta property=\"og:site_name\" content=\"Good Dealers Meds\" \/>\n<meta property=\"article:modified_time\" content=\"2022-10-03T22:04:02+00:00\" \/>\n<meta property=\"og:image\" content=\"https:\/\/gooddealersmeds.com\/sk\/wp-content\/uploads\/sites\/9\/2022\/07\/Buy-4-Aco-DMT-Quality-Drug-Online.jpg\" \/>\n\t<meta property=\"og:image:width\" content=\"600\" \/>\n\t<meta property=\"og:image:height\" content=\"600\" \/>\n\t<meta property=\"og:image:type\" content=\"image\/jpeg\" \/>\n<meta name=\"twitter:card\" content=\"summary_large_image\" \/>\n<meta name=\"twitter:label1\" content=\"Est. reading time\" \/>\n\t<meta name=\"twitter:data1\" content=\"1 minute\" \/>\n<script type=\"application\/ld+json\" class=\"yoast-schema-graph\">{\"@context\":\"https:\\\/\\\/schema.org\",\"@graph\":[{\"@type\":\"WebPage\",\"@id\":\"https:\\\/\\\/gooddealersmeds.com\\\/sk\\\/product\\\/4-ako-dmt-droga\\\/\",\"url\":\"https:\\\/\\\/gooddealersmeds.com\\\/sk\\\/product\\\/4-ako-dmt-droga\\\/\",\"name\":\"K\u00fapi\u0165 drogu 4-ACO-DMT online \u2013 4-ACO-DMT na predaj | Good Dealers Meds\",\"isPartOf\":{\"@id\":\"https:\\\/\\\/gooddealersmeds.com\\\/sk\\\/#website\"},\"primaryImageOfPage\":{\"@id\":\"https:\\\/\\\/gooddealersmeds.com\\\/sk\\\/product\\\/4-ako-dmt-droga\\\/#primaryimage\"},\"image\":{\"@id\":\"https:\\\/\\\/gooddealersmeds.com\\\/sk\\\/product\\\/4-ako-dmt-droga\\\/#primaryimage\"},\"thumbnailUrl\":\"https:\\\/\\\/gooddealersmeds.com\\\/sk\\\/wp-content\\\/uploads\\\/sites\\\/9\\\/2022\\\/07\\\/Buy-4-Aco-DMT-Quality-Drug-Online.jpg\",\"datePublished\":\"2022-07-03T11:42:40+00:00\",\"dateModified\":\"2022-10-03T22:04:02+00:00\",\"description\":\"K\u00fapte si 4-Aco-DMT Drug Online, synteticky vyroben\u00fd psychoakt\u00edvny liek, potenci\u00e1lne u\u017eito\u010dn\u00e1 alternat\u00edva k psilocyb\u00ednu pre farmakologick\u00e9 \u0161t\u00fadie.\",\"breadcrumb\":{\"@id\":\"https:\\\/\\\/gooddealersmeds.com\\\/sk\\\/product\\\/4-ako-dmt-droga\\\/#breadcrumb\"},\"inLanguage\":\"en-US\",\"potentialAction\":[{\"@type\":\"ReadAction\",\"target\":[\"https:\\\/\\\/gooddealersmeds.com\\\/sk\\\/product\\\/4-ako-dmt-droga\\\/\"]}]},{\"@type\":\"ImageObject\",\"inLanguage\":\"en-US\",\"@id\":\"https:\\\/\\\/gooddealersmeds.com\\\/sk\\\/product\\\/4-ako-dmt-droga\\\/#primaryimage\",\"url\":\"https:\\\/\\\/gooddealersmeds.com\\\/sk\\\/wp-content\\\/uploads\\\/sites\\\/9\\\/2022\\\/07\\\/Buy-4-Aco-DMT-Quality-Drug-Online.jpg\",\"contentUrl\":\"https:\\\/\\\/gooddealersmeds.com\\\/sk\\\/wp-content\\\/uploads\\\/sites\\\/9\\\/2022\\\/07\\\/Buy-4-Aco-DMT-Quality-Drug-Online.jpg\",\"width\":600,\"height\":600,\"caption\":\"Buy 4-ACO-DMT Drug Online\"},{\"@type\":\"BreadcrumbList\",\"@id\":\"https:\\\/\\\/gooddealersmeds.com\\\/sk\\\/product\\\/4-ako-dmt-droga\\\/#breadcrumb\",\"itemListElement\":[{\"@type\":\"ListItem\",\"position\":1,\"name\":\"Home\",\"item\":\"https:\\\/\\\/gooddealersmeds.com\\\/sk\\\/\"},{\"@type\":\"ListItem\",\"position\":2,\"name\":\"Produkty\",\"item\":\"https:\\\/\\\/gooddealersmeds.com\\\/sk\\\/produkty\\\/\"},{\"@type\":\"ListItem\",\"position\":3,\"name\":\"K\u00fapte si 4-ACO DMT Drug\"}]},{\"@type\":\"WebSite\",\"@id\":\"https:\\\/\\\/gooddealersmeds.com\\\/sk\\\/#website\",\"url\":\"https:\\\/\\\/gooddealersmeds.com\\\/sk\\\/\",\"name\":\"Good Dealers Meds\",\"description\":\"All our best\",\"publisher\":{\"@id\":\"https:\\\/\\\/gooddealersmeds.com\\\/sk\\\/#organization\"},\"potentialAction\":[{\"@type\":\"SearchAction\",\"target\":{\"@type\":\"EntryPoint\",\"urlTemplate\":\"https:\\\/\\\/gooddealersmeds.com\\\/sk\\\/?s={search_term_string}\"},\"query-input\":{\"@type\":\"PropertyValueSpecification\",\"valueRequired\":true,\"valueName\":\"search_term_string\"}}],\"inLanguage\":\"en-US\"},{\"@type\":\"Organization\",\"@id\":\"https:\\\/\\\/gooddealersmeds.com\\\/sk\\\/#organization\",\"name\":\"Good Dealers Meds\",\"url\":\"https:\\\/\\\/gooddealersmeds.com\\\/sk\\\/\",\"logo\":{\"@type\":\"ImageObject\",\"inLanguage\":\"en-US\",\"@id\":\"https:\\\/\\\/gooddealersmeds.com\\\/sk\\\/#\\\/schema\\\/logo\\\/image\\\/\",\"url\":\"https:\\\/\\\/gooddealersmeds.com\\\/sk\\\/wp-content\\\/uploads\\\/sites\\\/9\\\/2022\\\/03\\\/gooddealersmeds__logo__20220317T222800Z.00.png\",\"contentUrl\":\"https:\\\/\\\/gooddealersmeds.com\\\/sk\\\/wp-content\\\/uploads\\\/sites\\\/9\\\/2022\\\/03\\\/gooddealersmeds__logo__20220317T222800Z.00.png\",\"width\":500,\"height\":325,\"caption\":\"Good Dealers Meds\"},\"image\":{\"@id\":\"https:\\\/\\\/gooddealersmeds.com\\\/sk\\\/#\\\/schema\\\/logo\\\/image\\\/\"}}]}<\/script>\n<!-- \/ Yoast SEO Premium plugin. -->","yoast_head_json":{"title":"K\u00fapi\u0165 drogu 4-ACO-DMT online \u2013 4-ACO-DMT na predaj | Good Dealers Meds","description":"K\u00fapte si 4-Aco-DMT Drug Online, synteticky vyroben\u00fd psychoakt\u00edvny liek, potenci\u00e1lne u\u017eito\u010dn\u00e1 alternat\u00edva k psilocyb\u00ednu pre farmakologick\u00e9 \u0161t\u00fadie.","robots":{"index":"index","follow":"follow","max-snippet":"max-snippet:-1","max-image-preview":"max-image-preview:large","max-video-preview":"max-video-preview:-1"},"canonical":"https:\/\/gooddealersmeds.com\/sk\/product\/4-ako-dmt-droga\/","og_locale":"en_US","og_type":"article","og_title":"K\u00fapte si 4-ACO DMT Drug","og_description":"K\u00fapte si 4-Aco-DMT Drug Online, synteticky vyroben\u00fd psychoakt\u00edvny liek, potenci\u00e1lne u\u017eito\u010dn\u00e1 alternat\u00edva k psilocyb\u00ednu pre farmakologick\u00e9 \u0161t\u00fadie.","og_url":"https:\/\/gooddealersmeds.com\/sk\/product\/4-ako-dmt-droga\/","og_site_name":"Good Dealers Meds","article_modified_time":"2022-10-03T22:04:02+00:00","og_image":[{"width":600,"height":600,"url":"https:\/\/gooddealersmeds.com\/sk\/wp-content\/uploads\/sites\/9\/2022\/07\/Buy-4-Aco-DMT-Quality-Drug-Online.jpg","type":"image\/jpeg"}],"twitter_card":"summary_large_image","twitter_misc":{"Est. reading time":"1 minute"},"schema":{"@context":"https:\/\/schema.org","@graph":[{"@type":"WebPage","@id":"https:\/\/gooddealersmeds.com\/sk\/product\/4-ako-dmt-droga\/","url":"https:\/\/gooddealersmeds.com\/sk\/product\/4-ako-dmt-droga\/","name":"K\u00fapi\u0165 drogu 4-ACO-DMT online \u2013 4-ACO-DMT na predaj | Good Dealers Meds","isPartOf":{"@id":"https:\/\/gooddealersmeds.com\/sk\/#website"},"primaryImageOfPage":{"@id":"https:\/\/gooddealersmeds.com\/sk\/product\/4-ako-dmt-droga\/#primaryimage"},"image":{"@id":"https:\/\/gooddealersmeds.com\/sk\/product\/4-ako-dmt-droga\/#primaryimage"},"thumbnailUrl":"https:\/\/gooddealersmeds.com\/sk\/wp-content\/uploads\/sites\/9\/2022\/07\/Buy-4-Aco-DMT-Quality-Drug-Online.jpg","datePublished":"2022-07-03T11:42:40+00:00","dateModified":"2022-10-03T22:04:02+00:00","description":"K\u00fapte si 4-Aco-DMT Drug Online, synteticky vyroben\u00fd psychoakt\u00edvny liek, potenci\u00e1lne u\u017eito\u010dn\u00e1 alternat\u00edva k psilocyb\u00ednu pre farmakologick\u00e9 \u0161t\u00fadie.","breadcrumb":{"@id":"https:\/\/gooddealersmeds.com\/sk\/product\/4-ako-dmt-droga\/#breadcrumb"},"inLanguage":"en-US","potentialAction":[{"@type":"ReadAction","target":["https:\/\/gooddealersmeds.com\/sk\/product\/4-ako-dmt-droga\/"]}]},{"@type":"ImageObject","inLanguage":"en-US","@id":"https:\/\/gooddealersmeds.com\/sk\/product\/4-ako-dmt-droga\/#primaryimage","url":"https:\/\/gooddealersmeds.com\/sk\/wp-content\/uploads\/sites\/9\/2022\/07\/Buy-4-Aco-DMT-Quality-Drug-Online.jpg","contentUrl":"https:\/\/gooddealersmeds.com\/sk\/wp-content\/uploads\/sites\/9\/2022\/07\/Buy-4-Aco-DMT-Quality-Drug-Online.jpg","width":600,"height":600,"caption":"Buy 4-ACO-DMT Drug Online"},{"@type":"BreadcrumbList","@id":"https:\/\/gooddealersmeds.com\/sk\/product\/4-ako-dmt-droga\/#breadcrumb","itemListElement":[{"@type":"ListItem","position":1,"name":"Home","item":"https:\/\/gooddealersmeds.com\/sk\/"},{"@type":"ListItem","position":2,"name":"Produkty","item":"https:\/\/gooddealersmeds.com\/sk\/produkty\/"},{"@type":"ListItem","position":3,"name":"K\u00fapte si 4-ACO DMT Drug"}]},{"@type":"WebSite","@id":"https:\/\/gooddealersmeds.com\/sk\/#website","url":"https:\/\/gooddealersmeds.com\/sk\/","name":"Good Dealers Meds","description":"All our best","publisher":{"@id":"https:\/\/gooddealersmeds.com\/sk\/#organization"},"potentialAction":[{"@type":"SearchAction","target":{"@type":"EntryPoint","urlTemplate":"https:\/\/gooddealersmeds.com\/sk\/?s={search_term_string}"},"query-input":{"@type":"PropertyValueSpecification","valueRequired":true,"valueName":"search_term_string"}}],"inLanguage":"en-US"},{"@type":"Organization","@id":"https:\/\/gooddealersmeds.com\/sk\/#organization","name":"Good Dealers Meds","url":"https:\/\/gooddealersmeds.com\/sk\/","logo":{"@type":"ImageObject","inLanguage":"en-US","@id":"https:\/\/gooddealersmeds.com\/sk\/#\/schema\/logo\/image\/","url":"https:\/\/gooddealersmeds.com\/sk\/wp-content\/uploads\/sites\/9\/2022\/03\/gooddealersmeds__logo__20220317T222800Z.00.png","contentUrl":"https:\/\/gooddealersmeds.com\/sk\/wp-content\/uploads\/sites\/9\/2022\/03\/gooddealersmeds__logo__20220317T222800Z.00.png","width":500,"height":325,"caption":"Good Dealers Meds"},"image":{"@id":"https:\/\/gooddealersmeds.com\/sk\/#\/schema\/logo\/image\/"}}]}},"_links":{"self":[{"href":"https:\/\/gooddealersmeds.com\/sk\/wp-json\/wp\/v2\/product\/1885","targetHints":{"allow":["GET"]}}],"collection":[{"href":"https:\/\/gooddealersmeds.com\/sk\/wp-json\/wp\/v2\/product"}],"about":[{"href":"https:\/\/gooddealersmeds.com\/sk\/wp-json\/wp\/v2\/types\/product"}],"replies":[{"embeddable":true,"href":"https:\/\/gooddealersmeds.com\/sk\/wp-json\/wp\/v2\/comments?post=1885"}],"wp:featuredmedia":[{"embeddable":true,"href":"https:\/\/gooddealersmeds.com\/sk\/wp-json\/wp\/v2\/media\/1890"}],"wp:attachment":[{"href":"https:\/\/gooddealersmeds.com\/sk\/wp-json\/wp\/v2\/media?parent=1885"}],"wp:term":[{"taxonomy":"product_brand","embeddable":true,"href":"https:\/\/gooddealersmeds.com\/sk\/wp-json\/wp\/v2\/product_brand?post=1885"},{"taxonomy":"product_cat","embeddable":true,"href":"https:\/\/gooddealersmeds.com\/sk\/wp-json\/wp\/v2\/product_cat?post=1885"},{"taxonomy":"product_tag","embeddable":true,"href":"https:\/\/gooddealersmeds.com\/sk\/wp-json\/wp\/v2\/product_tag?post=1885"}],"curies":[{"name":"wp","href":"https:\/\/api.w.org\/{rel}","templated":true}]}}