{"id":1877,"date":"2022-07-03T11:36:36","date_gmt":"2022-07-03T11:36:36","guid":{"rendered":"https:\/\/gooddealersmeds.com\/sk\/?post_type=product&#038;p=1877"},"modified":"2022-10-03T22:04:10","modified_gmt":"2022-10-03T22:04:10","slug":"4-cec-liek","status":"publish","type":"product","link":"https:\/\/gooddealersmeds.com\/sk\/product\/4-cec-liek\/","title":{"rendered":"K\u00fapte si liek 4-CEC online"},"content":{"rendered":"<h1><strong>K\u00fapi\u0165 4-CEC liek online<\/strong><\/h1>\n<p><strong>\u00a0<\/strong><\/p>\n<p>4-CEC liek online je nov\u00fd typ lieku, ktor\u00fd m\u00e1 bol vyvinut\u00fd na pomoc \u013eu\u010fom, ktor\u00ed trpia chronickou boles\u0165ou. M\u00f4\u017ee sa pou\u017ei\u0165 u pacientov, ktor\u00ed dlhodobo trpeli chronickou boles\u0165ou, ako je boles\u0165 chrbta alebo ischias.<\/p>\n<p>Tento liek je dostupn\u00fd vo forme tabliet, ale mo\u017eno ho u\u017e\u00edva\u0165 aj sublingv\u00e1lne jednoduch\u00fdm umiestnen\u00edm jednej k\u00fasok pod jazyk na 30 sek\u00fand alebo dva kusy naraz, ak d\u00e1vate prednos\u0165 tejto met\u00f3de pred \u017euvan\u00edm alebo preh\u013atan\u00edm tabliet vcelku.<\/p>\n<p>&nbsp;<\/p>\n<h2><strong>D\u00f4vody, pre\u010do si k\u00fapi\u0165 liek 4-CEC Online.<\/strong><\/h2>\n<p>Mali by ste zv\u00e1\u017ei\u0165 <a href=\"https:\/\/infoboerse-neue-drogen.de\/substanzen\/4-cec-4-chloroethcathinon\/\">4-CEC<\/a> Droga online, preto\u017ee bolo preuk\u00e1zan\u00e9, \u017ee funguje r\u00fdchlej\u0161ie ako in\u00e9 drogy. U\u017e\u00edvatelia zaznamenaj\u00fa zlep\u0161enie svojho stavu v priebehu nieko\u013ek\u00fdch dn\u00ed po pou\u017eit\u00ed tohto lieku. V\u00fdhody pou\u017e\u00edvania lieku 4-CEC online zah\u0155\u0148aj\u00fa:<\/p>\n<p>&nbsp;<\/p>\n<ol>\n<li>Zni\u017euje riziko \u010fal\u0161ieho zranenia a pom\u00e1ha v\u00e1m r\u00fdchlej\u0161ie sa zotavi\u0165 zo s\u00fa\u010dasn\u00e9ho zranenia;<\/li>\n<li>Pom\u00e1ha zni\u017eova\u0165 z\u00e1pal a zni\u017eova\u0165 opuchy, \u010d\u00edm zlep\u0161uje va\u0161u pohyblivos\u0165;<\/li>\n<li>Zmier\u0148uje svalov\u00e9 k\u0155\u010de a zlep\u0161uje pohyblivos\u0165 zn\u00ed\u017een\u00edm bolesti a stuhnutosti;<\/li>\n<li>Pom\u00e1ha zmierni\u0165 \u00fazkos\u0165 a depresie a z\u00e1rove\u0148 zlep\u0161uje va\u0161u celkov\u00fa n\u00e1ladu;<\/li>\n<li>Pom\u00e1ha obnovi\u0165 rovnov\u00e1hu v\u00e1\u0161ho tela po nehode alebo oper\u00e1cii zn\u00ed\u017een\u00edm z\u00e1palu v poranenej oblasti;<\/li>\n<li>\u00da\u010dinkuje lep\u0161ie ako v\u00e4\u010d\u0161ina in\u00fdch liekov na na trhu dnes, preto\u017ee nem\u00e1 \u017eiadne negat\u00edvne ved\u013eaj\u0161ie \u00fa\u010dinky, ako je sucho v \u00fastach alebo z\u00e1pcha.<\/li>\n<\/ol>\n<p>&nbsp;<\/p>\n<p><strong>Kde k\u00fapi\u0165 4-CEC lieky online? <\/strong><\/p>\n<p>Najlep\u0161ie miesto na <a href=\"https:\/\/gooddealersmeds.com\/sk\/product\/4-cec-drug\/\">k\u00fapu liekov 4-CEC online<\/a> je Great Dealers Meds. Pon\u00fakaj\u00fa ve\u013ea r\u00f4znych druhov liekov za n\u00edzke ceny, tak\u017ee m\u00f4\u017eete z\u00edska\u0165 presne to, \u010do potrebujete, bez toho, aby ste sa museli stresova\u0165 t\u00fdm, \u017ee miniete viac pe\u0148az\u00ed, ako ste si mysleli. K\u00fapte si liek 4-CEC online.<\/p>\n","protected":false},"excerpt":{"rendered":"<p>K\u00fapte si 4-CEC Drug Online, 4-Chlormethcathinone je stimula\u010dn\u00fd liek z triedy katin\u00f3nov, ktor\u00fd sa pred\u00e1va online ako zna\u010dkov\u00fd liek. Je to podobn\u00e9 ako s 4-CMC (anal\u00f3g 4-CMC).<\/p>\n","protected":false},"featured_media":1884,"comment_status":"open","ping_status":"closed","template":"","meta":{"inline_featured_image":false},"product_brand":[],"product_cat":[344],"product_tag":[],"class_list":{"0":"post-1877","1":"product","2":"type-product","3":"status-publish","4":"has-post-thumbnail","6":"product_cat-vskum-chemiklie","8":"first","9":"instock","10":"shipping-taxable","11":"purchasable","12":"product-type-variable","13":"has-default-attributes"},"yoast_head":"<!-- This site is optimized with the Yoast SEO Premium plugin v20.6 (Yoast SEO v27.4) - https:\/\/yoast.com\/product\/yoast-seo-premium-wordpress\/ -->\n<title>K\u00fapi\u0165 4-CEC liek online - (4-chl\u00f3rethkatin\u00f3n) |<\/title>\n<meta name=\"description\" content=\"K\u00fapte si 4-CEC drogu online, je to stimula\u010dn\u00e1 droga triedy katin\u00f3nov, ktor\u00e1 sa pred\u00e1va online ako zna\u010dkov\u00e1 droga. Podobne je to aj s 4-CMC.\" \/>\n<meta name=\"robots\" content=\"index, follow, max-snippet:-1, max-image-preview:large, max-video-preview:-1\" \/>\n<link rel=\"canonical\" href=\"https:\/\/gooddealersmeds.com\/sk\/product\/4-cec-liek\/\" \/>\n<meta property=\"og:locale\" content=\"en_US\" \/>\n<meta property=\"og:type\" content=\"article\" \/>\n<meta property=\"og:title\" content=\"K\u00fapte si liek 4-CEC online\" \/>\n<meta property=\"og:description\" content=\"K\u00fapte si 4-CEC drogu online, je to stimula\u010dn\u00e1 droga triedy katin\u00f3nov, ktor\u00e1 sa pred\u00e1va online ako zna\u010dkov\u00e1 droga. Podobne je to aj s 4-CMC.\" \/>\n<meta property=\"og:url\" content=\"https:\/\/gooddealersmeds.com\/sk\/product\/4-cec-liek\/\" \/>\n<meta property=\"og:site_name\" content=\"Good Dealers Meds\" \/>\n<meta property=\"article:modified_time\" content=\"2022-10-03T22:04:10+00:00\" \/>\n<meta property=\"og:image\" content=\"https:\/\/gooddealersmeds.com\/sk\/wp-content\/uploads\/sites\/9\/2022\/07\/4-CEC.jpg\" \/>\n\t<meta property=\"og:image:width\" content=\"600\" \/>\n\t<meta property=\"og:image:height\" content=\"600\" \/>\n\t<meta property=\"og:image:type\" content=\"image\/jpeg\" \/>\n<meta name=\"twitter:card\" content=\"summary_large_image\" \/>\n<meta name=\"twitter:label1\" content=\"Est. reading time\" \/>\n\t<meta name=\"twitter:data1\" content=\"2 minutes\" \/>\n<script type=\"application\/ld+json\" class=\"yoast-schema-graph\">{\"@context\":\"https:\\\/\\\/schema.org\",\"@graph\":[{\"@type\":\"WebPage\",\"@id\":\"https:\\\/\\\/gooddealersmeds.com\\\/sk\\\/product\\\/4-cec-liek\\\/\",\"url\":\"https:\\\/\\\/gooddealersmeds.com\\\/sk\\\/product\\\/4-cec-liek\\\/\",\"name\":\"K\u00fapi\u0165 4-CEC liek online - (4-chl\u00f3rethkatin\u00f3n) |\",\"isPartOf\":{\"@id\":\"https:\\\/\\\/gooddealersmeds.com\\\/sk\\\/#website\"},\"primaryImageOfPage\":{\"@id\":\"https:\\\/\\\/gooddealersmeds.com\\\/sk\\\/product\\\/4-cec-liek\\\/#primaryimage\"},\"image\":{\"@id\":\"https:\\\/\\\/gooddealersmeds.com\\\/sk\\\/product\\\/4-cec-liek\\\/#primaryimage\"},\"thumbnailUrl\":\"https:\\\/\\\/gooddealersmeds.com\\\/sk\\\/wp-content\\\/uploads\\\/sites\\\/9\\\/2022\\\/07\\\/4-CEC.jpg\",\"datePublished\":\"2022-07-03T11:36:36+00:00\",\"dateModified\":\"2022-10-03T22:04:10+00:00\",\"description\":\"K\u00fapte si 4-CEC drogu online, je to stimula\u010dn\u00e1 droga triedy katin\u00f3nov, ktor\u00e1 sa pred\u00e1va online ako zna\u010dkov\u00e1 droga. Podobne je to aj s 4-CMC.\",\"breadcrumb\":{\"@id\":\"https:\\\/\\\/gooddealersmeds.com\\\/sk\\\/product\\\/4-cec-liek\\\/#breadcrumb\"},\"inLanguage\":\"en-US\",\"potentialAction\":[{\"@type\":\"ReadAction\",\"target\":[\"https:\\\/\\\/gooddealersmeds.com\\\/sk\\\/product\\\/4-cec-liek\\\/\"]}]},{\"@type\":\"ImageObject\",\"inLanguage\":\"en-US\",\"@id\":\"https:\\\/\\\/gooddealersmeds.com\\\/sk\\\/product\\\/4-cec-liek\\\/#primaryimage\",\"url\":\"https:\\\/\\\/gooddealersmeds.com\\\/sk\\\/wp-content\\\/uploads\\\/sites\\\/9\\\/2022\\\/07\\\/4-CEC.jpg\",\"contentUrl\":\"https:\\\/\\\/gooddealersmeds.com\\\/sk\\\/wp-content\\\/uploads\\\/sites\\\/9\\\/2022\\\/07\\\/4-CEC.jpg\",\"width\":600,\"height\":600,\"caption\":\"Buy 4-CEC Drug Online\"},{\"@type\":\"BreadcrumbList\",\"@id\":\"https:\\\/\\\/gooddealersmeds.com\\\/sk\\\/product\\\/4-cec-liek\\\/#breadcrumb\",\"itemListElement\":[{\"@type\":\"ListItem\",\"position\":1,\"name\":\"Home\",\"item\":\"https:\\\/\\\/gooddealersmeds.com\\\/sk\\\/\"},{\"@type\":\"ListItem\",\"position\":2,\"name\":\"Produkty\",\"item\":\"https:\\\/\\\/gooddealersmeds.com\\\/sk\\\/produkty\\\/\"},{\"@type\":\"ListItem\",\"position\":3,\"name\":\"K\u00fapte si liek 4-CEC online\"}]},{\"@type\":\"WebSite\",\"@id\":\"https:\\\/\\\/gooddealersmeds.com\\\/sk\\\/#website\",\"url\":\"https:\\\/\\\/gooddealersmeds.com\\\/sk\\\/\",\"name\":\"Good Dealers Meds\",\"description\":\"All our best\",\"publisher\":{\"@id\":\"https:\\\/\\\/gooddealersmeds.com\\\/sk\\\/#organization\"},\"potentialAction\":[{\"@type\":\"SearchAction\",\"target\":{\"@type\":\"EntryPoint\",\"urlTemplate\":\"https:\\\/\\\/gooddealersmeds.com\\\/sk\\\/?s={search_term_string}\"},\"query-input\":{\"@type\":\"PropertyValueSpecification\",\"valueRequired\":true,\"valueName\":\"search_term_string\"}}],\"inLanguage\":\"en-US\"},{\"@type\":\"Organization\",\"@id\":\"https:\\\/\\\/gooddealersmeds.com\\\/sk\\\/#organization\",\"name\":\"Good Dealers Meds\",\"url\":\"https:\\\/\\\/gooddealersmeds.com\\\/sk\\\/\",\"logo\":{\"@type\":\"ImageObject\",\"inLanguage\":\"en-US\",\"@id\":\"https:\\\/\\\/gooddealersmeds.com\\\/sk\\\/#\\\/schema\\\/logo\\\/image\\\/\",\"url\":\"https:\\\/\\\/gooddealersmeds.com\\\/sk\\\/wp-content\\\/uploads\\\/sites\\\/9\\\/2022\\\/03\\\/gooddealersmeds__logo__20220317T222800Z.00.png\",\"contentUrl\":\"https:\\\/\\\/gooddealersmeds.com\\\/sk\\\/wp-content\\\/uploads\\\/sites\\\/9\\\/2022\\\/03\\\/gooddealersmeds__logo__20220317T222800Z.00.png\",\"width\":500,\"height\":325,\"caption\":\"Good Dealers Meds\"},\"image\":{\"@id\":\"https:\\\/\\\/gooddealersmeds.com\\\/sk\\\/#\\\/schema\\\/logo\\\/image\\\/\"}}]}<\/script>\n<!-- \/ Yoast SEO Premium plugin. -->","yoast_head_json":{"title":"K\u00fapi\u0165 4-CEC liek online - (4-chl\u00f3rethkatin\u00f3n) |","description":"K\u00fapte si 4-CEC drogu online, je to stimula\u010dn\u00e1 droga triedy katin\u00f3nov, ktor\u00e1 sa pred\u00e1va online ako zna\u010dkov\u00e1 droga. Podobne je to aj s 4-CMC.","robots":{"index":"index","follow":"follow","max-snippet":"max-snippet:-1","max-image-preview":"max-image-preview:large","max-video-preview":"max-video-preview:-1"},"canonical":"https:\/\/gooddealersmeds.com\/sk\/product\/4-cec-liek\/","og_locale":"en_US","og_type":"article","og_title":"K\u00fapte si liek 4-CEC online","og_description":"K\u00fapte si 4-CEC drogu online, je to stimula\u010dn\u00e1 droga triedy katin\u00f3nov, ktor\u00e1 sa pred\u00e1va online ako zna\u010dkov\u00e1 droga. Podobne je to aj s 4-CMC.","og_url":"https:\/\/gooddealersmeds.com\/sk\/product\/4-cec-liek\/","og_site_name":"Good Dealers Meds","article_modified_time":"2022-10-03T22:04:10+00:00","og_image":[{"width":600,"height":600,"url":"https:\/\/gooddealersmeds.com\/sk\/wp-content\/uploads\/sites\/9\/2022\/07\/4-CEC.jpg","type":"image\/jpeg"}],"twitter_card":"summary_large_image","twitter_misc":{"Est. reading time":"2 minutes"},"schema":{"@context":"https:\/\/schema.org","@graph":[{"@type":"WebPage","@id":"https:\/\/gooddealersmeds.com\/sk\/product\/4-cec-liek\/","url":"https:\/\/gooddealersmeds.com\/sk\/product\/4-cec-liek\/","name":"K\u00fapi\u0165 4-CEC liek online - (4-chl\u00f3rethkatin\u00f3n) |","isPartOf":{"@id":"https:\/\/gooddealersmeds.com\/sk\/#website"},"primaryImageOfPage":{"@id":"https:\/\/gooddealersmeds.com\/sk\/product\/4-cec-liek\/#primaryimage"},"image":{"@id":"https:\/\/gooddealersmeds.com\/sk\/product\/4-cec-liek\/#primaryimage"},"thumbnailUrl":"https:\/\/gooddealersmeds.com\/sk\/wp-content\/uploads\/sites\/9\/2022\/07\/4-CEC.jpg","datePublished":"2022-07-03T11:36:36+00:00","dateModified":"2022-10-03T22:04:10+00:00","description":"K\u00fapte si 4-CEC drogu online, je to stimula\u010dn\u00e1 droga triedy katin\u00f3nov, ktor\u00e1 sa pred\u00e1va online ako zna\u010dkov\u00e1 droga. Podobne je to aj s 4-CMC.","breadcrumb":{"@id":"https:\/\/gooddealersmeds.com\/sk\/product\/4-cec-liek\/#breadcrumb"},"inLanguage":"en-US","potentialAction":[{"@type":"ReadAction","target":["https:\/\/gooddealersmeds.com\/sk\/product\/4-cec-liek\/"]}]},{"@type":"ImageObject","inLanguage":"en-US","@id":"https:\/\/gooddealersmeds.com\/sk\/product\/4-cec-liek\/#primaryimage","url":"https:\/\/gooddealersmeds.com\/sk\/wp-content\/uploads\/sites\/9\/2022\/07\/4-CEC.jpg","contentUrl":"https:\/\/gooddealersmeds.com\/sk\/wp-content\/uploads\/sites\/9\/2022\/07\/4-CEC.jpg","width":600,"height":600,"caption":"Buy 4-CEC Drug Online"},{"@type":"BreadcrumbList","@id":"https:\/\/gooddealersmeds.com\/sk\/product\/4-cec-liek\/#breadcrumb","itemListElement":[{"@type":"ListItem","position":1,"name":"Home","item":"https:\/\/gooddealersmeds.com\/sk\/"},{"@type":"ListItem","position":2,"name":"Produkty","item":"https:\/\/gooddealersmeds.com\/sk\/produkty\/"},{"@type":"ListItem","position":3,"name":"K\u00fapte si liek 4-CEC online"}]},{"@type":"WebSite","@id":"https:\/\/gooddealersmeds.com\/sk\/#website","url":"https:\/\/gooddealersmeds.com\/sk\/","name":"Good Dealers Meds","description":"All our best","publisher":{"@id":"https:\/\/gooddealersmeds.com\/sk\/#organization"},"potentialAction":[{"@type":"SearchAction","target":{"@type":"EntryPoint","urlTemplate":"https:\/\/gooddealersmeds.com\/sk\/?s={search_term_string}"},"query-input":{"@type":"PropertyValueSpecification","valueRequired":true,"valueName":"search_term_string"}}],"inLanguage":"en-US"},{"@type":"Organization","@id":"https:\/\/gooddealersmeds.com\/sk\/#organization","name":"Good Dealers Meds","url":"https:\/\/gooddealersmeds.com\/sk\/","logo":{"@type":"ImageObject","inLanguage":"en-US","@id":"https:\/\/gooddealersmeds.com\/sk\/#\/schema\/logo\/image\/","url":"https:\/\/gooddealersmeds.com\/sk\/wp-content\/uploads\/sites\/9\/2022\/03\/gooddealersmeds__logo__20220317T222800Z.00.png","contentUrl":"https:\/\/gooddealersmeds.com\/sk\/wp-content\/uploads\/sites\/9\/2022\/03\/gooddealersmeds__logo__20220317T222800Z.00.png","width":500,"height":325,"caption":"Good Dealers Meds"},"image":{"@id":"https:\/\/gooddealersmeds.com\/sk\/#\/schema\/logo\/image\/"}}]}},"_links":{"self":[{"href":"https:\/\/gooddealersmeds.com\/sk\/wp-json\/wp\/v2\/product\/1877","targetHints":{"allow":["GET"]}}],"collection":[{"href":"https:\/\/gooddealersmeds.com\/sk\/wp-json\/wp\/v2\/product"}],"about":[{"href":"https:\/\/gooddealersmeds.com\/sk\/wp-json\/wp\/v2\/types\/product"}],"replies":[{"embeddable":true,"href":"https:\/\/gooddealersmeds.com\/sk\/wp-json\/wp\/v2\/comments?post=1877"}],"wp:featuredmedia":[{"embeddable":true,"href":"https:\/\/gooddealersmeds.com\/sk\/wp-json\/wp\/v2\/media\/1884"}],"wp:attachment":[{"href":"https:\/\/gooddealersmeds.com\/sk\/wp-json\/wp\/v2\/media?parent=1877"}],"wp:term":[{"taxonomy":"product_brand","embeddable":true,"href":"https:\/\/gooddealersmeds.com\/sk\/wp-json\/wp\/v2\/product_brand?post=1877"},{"taxonomy":"product_cat","embeddable":true,"href":"https:\/\/gooddealersmeds.com\/sk\/wp-json\/wp\/v2\/product_cat?post=1877"},{"taxonomy":"product_tag","embeddable":true,"href":"https:\/\/gooddealersmeds.com\/sk\/wp-json\/wp\/v2\/product_tag?post=1877"}],"curies":[{"name":"wp","href":"https:\/\/api.w.org\/{rel}","templated":true}]}}