{"id":1875,"date":"2022-06-30T00:12:13","date_gmt":"2022-06-30T00:12:13","guid":{"rendered":"https:\/\/gooddealersmeds.com\/sk\/?post_type=product&#038;p=1875"},"modified":"2022-10-03T22:04:16","modified_gmt":"2022-10-03T22:04:16","slug":"fialova-kralovna","status":"publish","type":"product","link":"https:\/\/gooddealersmeds.com\/sk\/product\/fialova-kralovna\/","title":{"rendered":"K\u00fapte si Purple Queen online"},"content":{"rendered":"<p><strong>K\u00fapi\u0165 Purple Queen online<\/strong><\/p>\n<p>Purple Queen online je liek, ktor\u00fd sa pou\u017e\u00edva pri lie\u010dbe \u0161irok\u00e9ho spektra ochoren\u00ed. Bol schv\u00e1len\u00fd FDA a mnoh\u00fdmi \u010fal\u0161\u00edmi krajinami po celom svete. Je to siln\u00e9 antidepres\u00edvum, ktor\u00e9 blokuje prenos seroton\u00ednu, norepinefr\u00ednu, dopam\u00ednu a in\u00fdch neurotransmiterov vo va\u0161om mozgu. Ke\u010f sa to stane, budete sa c\u00edti\u0165 \u0161\u0165astnej\u0161\u00ed, uvo\u013enenej\u0161\u00ed a budete ma\u0165 lep\u0161iu n\u00e1ladu.<\/p>\n<p>Purple Queen Online je liek pou\u017e\u00edvan\u00fd na lie\u010dbu depresie. Funguje tak, \u017ee podporuje produkciu ur\u010dit\u00fdch chemik\u00e1li\u00ed v mozgu.<\/p>\n<p>Purple Queen Online nie je pre ka\u017ed\u00e9ho \u2013 mali by ste ho pou\u017e\u00edva\u0165 iba vtedy, ak ste ne\u00faspe\u0161ne vysk\u00fa\u0161ali in\u00e9 lieky.<\/p>\n<p>The Purple Queen Online nie je pre ka\u017ed\u00e9ho. Dobrou spr\u00e1vou je, \u017ee Purple Queen Online bol schv\u00e1len\u00fd FDA a je v\u0161eobecne pova\u017eovan\u00fd za bezpe\u010dn\u00fd. U niektor\u00fdch \u013eud\u00ed v\u0161ak m\u00f4\u017ee sp\u00f4sobi\u0165 ved\u013eaj\u0161ie \u00fa\u010dinky, preto je d\u00f4le\u017eit\u00e9, aby ste sa pred u\u017eit\u00edm tohto lieku porozpr\u00e1vali so svoj\u00edm lek\u00e1rom, ak m\u00e1te ak\u00e9ko\u013evek ot\u00e1zky alebo obavy t\u00fdkaj\u00face sa jeho pou\u017eitia.<\/p>\n<p>Purple Queen Online funguje najlep\u0161ie, ke\u010f sa u\u017e\u00edva. pravideln\u00fd rozvrh, preto sa neodpor\u00fa\u010da pou\u017e\u00edva\u0165 ako n\u00e1hradu terapie alebo poradensk\u00fdch seden\u00ed. Ak sa to rozhodnete vysk\u00fa\u0161a\u0165 bez toho, aby ste sa najprv poradili so svoj\u00edm lek\u00e1rom, povedzte mu, ak\u00e9 kroky pl\u00e1nujete podnikn\u00fa\u0165 pred za\u010dat\u00edm lie\u010dby Purple Queen Online.<\/p>\n<p>Purple Queen je k dispoz\u00edcii vo forme tabliet, ktor\u00e9 sa dod\u00e1vaj\u00fa vo f\u013ea\u0161ti\u010dke s obsahom 120 tablety (30 mg ka\u017ed\u00e1). Tento liek sa m\u00e1 u\u017e\u00edva\u0165 peror\u00e1lne 30 min\u00fat pred jedlom s ve\u013ek\u00fdm mno\u017estvom vody.<\/p>\n<p><strong>\u00a0<\/strong><\/p>\n<p><strong>Pre\u010do si k\u00fapi\u0165 Purple Queen online?<\/strong><\/p>\n<p>Najlep\u0161\u00ed sp\u00f4sob, ako z\u00edska\u0165 Purple Queen Online, je k\u00fapi\u0165 si ju od d\u00f4veryhodn\u00e9ho predajcu, ktor\u00fd u\u017e roky pred\u00e1va drogy. M\u00f4\u017eete im d\u00f4verova\u0165, preto\u017ee vedia, ako sa postara\u0165 o to, aby ste dostali najlep\u0161\u00ed liek pre va\u0161e potreby bez ak\u00fdchko\u013evek probl\u00e9mov alebo ved\u013eaj\u0161\u00edch \u00fa\u010dinkov. Maj\u00fa rozsiahle znalosti o r\u00f4znych typoch liekov a o tom, ako p\u00f4sobia na va\u0161e telo, tak\u017ee s\u00fa schopn\u00ed r\u00fdchlo a \u013eahko n\u00e1js\u0165 ten spr\u00e1vny pre v\u00e1s.<\/p>\n<p>Purple Queen si m\u00f4\u017eete k\u00fapi\u0165 online od Good Dealers Meds. <\/p>\n","protected":false},"excerpt":{"rendered":"<p>Purple Queen je \u010dist\u00e1 indica. Spojen\u00edm najnepolapite\u013enej\u0161\u00edch a vysoko cenen\u00fdch fialov\u00fdch fenotypov kme\u0148ov Kush mountain kmene vyvinuli majstri \u0161\u013eachtite\u013eov v Royal Queen Seeds jedine\u010dn\u00fd hybrid Kush. Od Purple Queen sa daj\u00fa o\u010dak\u00e1va\u0165 \u017eiariv\u00e9 fialov\u00e9 farby, \u0161tip\u013eav\u00e9 v\u00f4ne borovicov\u00e9ho paliva a hlboko prenikav\u00fd, fyzicky kamenn\u00fd efekt.<\/p>\n","protected":false},"featured_media":1876,"comment_status":"open","ping_status":"closed","template":"","meta":{"inline_featured_image":false},"product_brand":[],"product_cat":[348],"product_tag":[451,482,452,453,454,455,456,457,458,460,477,478,479,480,481,462,463,464,465,469,489,490,461,467,470,483,484,411,485,476,468,475,459,472,471,473,474,486,466,487,488],"class_list":{"0":"post-1875","1":"product","2":"type-product","3":"status-publish","4":"has-post-thumbnail","6":"product_cat-marihuana","7":"product_tag-100-kanabisov-olej-na-predaj","8":"product_tag-bylinn-konope-na-predaj","9":"product_tag-can-i-buy-cannabis","10":"product_tag-cannabis-buds-for-sale","11":"product_tag-cannabis-capsules-for-sale","12":"product_tag-cannabis-cigarettes-for-sale","13":"product_tag-cannabis-clones-for-sale","14":"product_tag-cannabis-cuttings-for-sale","15":"product_tag-cannabis-cuttings-for-sale-uk","16":"product_tag-cannabis-e-liquid-na-predaj","17":"product_tag-cannabis-sale-uk","18":"product_tag-cannabis-seeds-for-sale-in-england","19":"product_tag-cannabis-terpenes-for-sale","20":"product_tag-cannabis-vaporizer-for-sale","21":"product_tag-cheap-cannabis-seeds-for-sale","22":"product_tag-kanabis-na-predaj","23":"product_tag-kanabis-na-predaj-online","24":"product_tag-cannabis-for-sale-online-uk","25":"product_tag-kanabis-na-predaj-uk","26":"product_tag-konopn-olej-na-predaj-online","27":"product_tag-kde-mem-dosta-konope","28":"product_tag-kde-si-objedna-kanabis","29":"product_tag-konope-jedl-na-predaj","30":"product_tag-cannabis-lights-na-predaj","31":"product_tag-konopn-olej-na-predaj-uk","32":"product_tag-leglne-konope-na-predaj","33":"product_tag-legal-cannabis-for-sale-uk","34":"product_tag-marihuana-na-predaj","35":"product_tag-marihuanov-olej-na-predaj","36":"product_tag-kanabisov-ivica-na-predaj","37":"product_tag-kanabisov-olej-na-predaj","38":"product_tag-kanabis-pe-na-predaj","39":"product_tag-e-cigarety-kanabisu-na-predaj","40":"product_tag-kanabis-rastlina-na-predaj","41":"product_tag-konope-rastlinna-potrava-na-predaj","42":"product_tag-rastliny-konope-na-predaj","43":"product_tag-konope-rastliny-na-predaj-uk","44":"product_tag-marihuanov-semen-na-predaj","45":"product_tag-stany-na-pestovanie-konope-na-predaj","46":"product_tag-syntetick-konope-na-predaj","47":"product_tag-thc-cannabis-olej-na-predaj","49":"first","50":"instock","51":"shipping-taxable","52":"purchasable","53":"product-type-simple"},"yoast_head":"<!-- This site is optimized with the Yoast SEO Premium plugin v20.6 (Yoast SEO v27.4) - https:\/\/yoast.com\/product\/yoast-seo-premium-wordpress\/ -->\n<title>K\u00fapte si Purple Queen online - objednajte si marihuanu |<\/title>\n<meta name=\"description\" content=\"Ak chcete k\u00fapi\u0165 Purple Queen online za prijate\u013en\u00e9 ceny, nechajte si ho doru\u010di\u0165 a\u017e k va\u0161im dver\u00e1m. Dod\u00e1vame do cel\u00e9ho sveta, spokojnos\u0165 zaru\u010den\u00e1.\" \/>\n<meta name=\"robots\" content=\"index, follow, max-snippet:-1, max-image-preview:large, max-video-preview:-1\" \/>\n<link rel=\"canonical\" href=\"https:\/\/gooddealersmeds.com\/sk\/product\/fialova-kralovna\/\" \/>\n<meta property=\"og:locale\" content=\"en_US\" \/>\n<meta property=\"og:type\" content=\"article\" \/>\n<meta property=\"og:title\" content=\"K\u00fapte si Purple Queen online\" \/>\n<meta property=\"og:description\" content=\"Ak chcete k\u00fapi\u0165 Purple Queen online za prijate\u013en\u00e9 ceny, nechajte si ho doru\u010di\u0165 a\u017e k va\u0161im dver\u00e1m. Dod\u00e1vame do cel\u00e9ho sveta, spokojnos\u0165 zaru\u010den\u00e1.\" \/>\n<meta property=\"og:url\" content=\"https:\/\/gooddealersmeds.com\/sk\/product\/fialova-kralovna\/\" \/>\n<meta property=\"og:site_name\" content=\"Good Dealers Meds\" \/>\n<meta property=\"article:modified_time\" content=\"2022-10-03T22:04:16+00:00\" \/>\n<meta property=\"og:image\" content=\"https:\/\/gooddealersmeds.com\/sk\/wp-content\/uploads\/sites\/9\/2022\/06\/PURPLE-QUEEN.jpg\" \/>\n\t<meta property=\"og:image:width\" content=\"600\" \/>\n\t<meta property=\"og:image:height\" content=\"600\" \/>\n\t<meta property=\"og:image:type\" content=\"image\/jpeg\" \/>\n<meta name=\"twitter:card\" content=\"summary_large_image\" \/>\n<meta name=\"twitter:label1\" content=\"Est. reading time\" \/>\n\t<meta name=\"twitter:data1\" content=\"2 minutes\" \/>\n<script type=\"application\/ld+json\" class=\"yoast-schema-graph\">{\"@context\":\"https:\\\/\\\/schema.org\",\"@graph\":[{\"@type\":\"WebPage\",\"@id\":\"https:\\\/\\\/gooddealersmeds.com\\\/sk\\\/product\\\/fialova-kralovna\\\/\",\"url\":\"https:\\\/\\\/gooddealersmeds.com\\\/sk\\\/product\\\/fialova-kralovna\\\/\",\"name\":\"K\u00fapte si Purple Queen online - objednajte si marihuanu |\",\"isPartOf\":{\"@id\":\"https:\\\/\\\/gooddealersmeds.com\\\/sk\\\/#website\"},\"primaryImageOfPage\":{\"@id\":\"https:\\\/\\\/gooddealersmeds.com\\\/sk\\\/product\\\/fialova-kralovna\\\/#primaryimage\"},\"image\":{\"@id\":\"https:\\\/\\\/gooddealersmeds.com\\\/sk\\\/product\\\/fialova-kralovna\\\/#primaryimage\"},\"thumbnailUrl\":\"https:\\\/\\\/gooddealersmeds.com\\\/sk\\\/wp-content\\\/uploads\\\/sites\\\/9\\\/2022\\\/06\\\/PURPLE-QUEEN.jpg\",\"datePublished\":\"2022-06-30T00:12:13+00:00\",\"dateModified\":\"2022-10-03T22:04:16+00:00\",\"description\":\"Ak chcete k\u00fapi\u0165 Purple Queen online za prijate\u013en\u00e9 ceny, nechajte si ho doru\u010di\u0165 a\u017e k va\u0161im dver\u00e1m. Dod\u00e1vame do cel\u00e9ho sveta, spokojnos\u0165 zaru\u010den\u00e1.\",\"breadcrumb\":{\"@id\":\"https:\\\/\\\/gooddealersmeds.com\\\/sk\\\/product\\\/fialova-kralovna\\\/#breadcrumb\"},\"inLanguage\":\"en-US\",\"potentialAction\":[{\"@type\":\"ReadAction\",\"target\":[\"https:\\\/\\\/gooddealersmeds.com\\\/sk\\\/product\\\/fialova-kralovna\\\/\"]}]},{\"@type\":\"ImageObject\",\"inLanguage\":\"en-US\",\"@id\":\"https:\\\/\\\/gooddealersmeds.com\\\/sk\\\/product\\\/fialova-kralovna\\\/#primaryimage\",\"url\":\"https:\\\/\\\/gooddealersmeds.com\\\/sk\\\/wp-content\\\/uploads\\\/sites\\\/9\\\/2022\\\/06\\\/PURPLE-QUEEN.jpg\",\"contentUrl\":\"https:\\\/\\\/gooddealersmeds.com\\\/sk\\\/wp-content\\\/uploads\\\/sites\\\/9\\\/2022\\\/06\\\/PURPLE-QUEEN.jpg\",\"width\":600,\"height\":600,\"caption\":\"Buy Purple Queen Online\"},{\"@type\":\"BreadcrumbList\",\"@id\":\"https:\\\/\\\/gooddealersmeds.com\\\/sk\\\/product\\\/fialova-kralovna\\\/#breadcrumb\",\"itemListElement\":[{\"@type\":\"ListItem\",\"position\":1,\"name\":\"Home\",\"item\":\"https:\\\/\\\/gooddealersmeds.com\\\/sk\\\/\"},{\"@type\":\"ListItem\",\"position\":2,\"name\":\"Produkty\",\"item\":\"https:\\\/\\\/gooddealersmeds.com\\\/sk\\\/produkty\\\/\"},{\"@type\":\"ListItem\",\"position\":3,\"name\":\"K\u00fapte si Purple Queen online\"}]},{\"@type\":\"WebSite\",\"@id\":\"https:\\\/\\\/gooddealersmeds.com\\\/sk\\\/#website\",\"url\":\"https:\\\/\\\/gooddealersmeds.com\\\/sk\\\/\",\"name\":\"Good Dealers Meds\",\"description\":\"All our best\",\"publisher\":{\"@id\":\"https:\\\/\\\/gooddealersmeds.com\\\/sk\\\/#organization\"},\"potentialAction\":[{\"@type\":\"SearchAction\",\"target\":{\"@type\":\"EntryPoint\",\"urlTemplate\":\"https:\\\/\\\/gooddealersmeds.com\\\/sk\\\/?s={search_term_string}\"},\"query-input\":{\"@type\":\"PropertyValueSpecification\",\"valueRequired\":true,\"valueName\":\"search_term_string\"}}],\"inLanguage\":\"en-US\"},{\"@type\":\"Organization\",\"@id\":\"https:\\\/\\\/gooddealersmeds.com\\\/sk\\\/#organization\",\"name\":\"Good Dealers Meds\",\"url\":\"https:\\\/\\\/gooddealersmeds.com\\\/sk\\\/\",\"logo\":{\"@type\":\"ImageObject\",\"inLanguage\":\"en-US\",\"@id\":\"https:\\\/\\\/gooddealersmeds.com\\\/sk\\\/#\\\/schema\\\/logo\\\/image\\\/\",\"url\":\"https:\\\/\\\/gooddealersmeds.com\\\/sk\\\/wp-content\\\/uploads\\\/sites\\\/9\\\/2022\\\/03\\\/gooddealersmeds__logo__20220317T222800Z.00.png\",\"contentUrl\":\"https:\\\/\\\/gooddealersmeds.com\\\/sk\\\/wp-content\\\/uploads\\\/sites\\\/9\\\/2022\\\/03\\\/gooddealersmeds__logo__20220317T222800Z.00.png\",\"width\":500,\"height\":325,\"caption\":\"Good Dealers Meds\"},\"image\":{\"@id\":\"https:\\\/\\\/gooddealersmeds.com\\\/sk\\\/#\\\/schema\\\/logo\\\/image\\\/\"}}]}<\/script>\n<!-- \/ Yoast SEO Premium plugin. -->","yoast_head_json":{"title":"K\u00fapte si Purple Queen online - objednajte si marihuanu |","description":"Ak chcete k\u00fapi\u0165 Purple Queen online za prijate\u013en\u00e9 ceny, nechajte si ho doru\u010di\u0165 a\u017e k va\u0161im dver\u00e1m. Dod\u00e1vame do cel\u00e9ho sveta, spokojnos\u0165 zaru\u010den\u00e1.","robots":{"index":"index","follow":"follow","max-snippet":"max-snippet:-1","max-image-preview":"max-image-preview:large","max-video-preview":"max-video-preview:-1"},"canonical":"https:\/\/gooddealersmeds.com\/sk\/product\/fialova-kralovna\/","og_locale":"en_US","og_type":"article","og_title":"K\u00fapte si Purple Queen online","og_description":"Ak chcete k\u00fapi\u0165 Purple Queen online za prijate\u013en\u00e9 ceny, nechajte si ho doru\u010di\u0165 a\u017e k va\u0161im dver\u00e1m. Dod\u00e1vame do cel\u00e9ho sveta, spokojnos\u0165 zaru\u010den\u00e1.","og_url":"https:\/\/gooddealersmeds.com\/sk\/product\/fialova-kralovna\/","og_site_name":"Good Dealers Meds","article_modified_time":"2022-10-03T22:04:16+00:00","og_image":[{"width":600,"height":600,"url":"https:\/\/gooddealersmeds.com\/sk\/wp-content\/uploads\/sites\/9\/2022\/06\/PURPLE-QUEEN.jpg","type":"image\/jpeg"}],"twitter_card":"summary_large_image","twitter_misc":{"Est. reading time":"2 minutes"},"schema":{"@context":"https:\/\/schema.org","@graph":[{"@type":"WebPage","@id":"https:\/\/gooddealersmeds.com\/sk\/product\/fialova-kralovna\/","url":"https:\/\/gooddealersmeds.com\/sk\/product\/fialova-kralovna\/","name":"K\u00fapte si Purple Queen online - objednajte si marihuanu |","isPartOf":{"@id":"https:\/\/gooddealersmeds.com\/sk\/#website"},"primaryImageOfPage":{"@id":"https:\/\/gooddealersmeds.com\/sk\/product\/fialova-kralovna\/#primaryimage"},"image":{"@id":"https:\/\/gooddealersmeds.com\/sk\/product\/fialova-kralovna\/#primaryimage"},"thumbnailUrl":"https:\/\/gooddealersmeds.com\/sk\/wp-content\/uploads\/sites\/9\/2022\/06\/PURPLE-QUEEN.jpg","datePublished":"2022-06-30T00:12:13+00:00","dateModified":"2022-10-03T22:04:16+00:00","description":"Ak chcete k\u00fapi\u0165 Purple Queen online za prijate\u013en\u00e9 ceny, nechajte si ho doru\u010di\u0165 a\u017e k va\u0161im dver\u00e1m. Dod\u00e1vame do cel\u00e9ho sveta, spokojnos\u0165 zaru\u010den\u00e1.","breadcrumb":{"@id":"https:\/\/gooddealersmeds.com\/sk\/product\/fialova-kralovna\/#breadcrumb"},"inLanguage":"en-US","potentialAction":[{"@type":"ReadAction","target":["https:\/\/gooddealersmeds.com\/sk\/product\/fialova-kralovna\/"]}]},{"@type":"ImageObject","inLanguage":"en-US","@id":"https:\/\/gooddealersmeds.com\/sk\/product\/fialova-kralovna\/#primaryimage","url":"https:\/\/gooddealersmeds.com\/sk\/wp-content\/uploads\/sites\/9\/2022\/06\/PURPLE-QUEEN.jpg","contentUrl":"https:\/\/gooddealersmeds.com\/sk\/wp-content\/uploads\/sites\/9\/2022\/06\/PURPLE-QUEEN.jpg","width":600,"height":600,"caption":"Buy Purple Queen Online"},{"@type":"BreadcrumbList","@id":"https:\/\/gooddealersmeds.com\/sk\/product\/fialova-kralovna\/#breadcrumb","itemListElement":[{"@type":"ListItem","position":1,"name":"Home","item":"https:\/\/gooddealersmeds.com\/sk\/"},{"@type":"ListItem","position":2,"name":"Produkty","item":"https:\/\/gooddealersmeds.com\/sk\/produkty\/"},{"@type":"ListItem","position":3,"name":"K\u00fapte si Purple Queen online"}]},{"@type":"WebSite","@id":"https:\/\/gooddealersmeds.com\/sk\/#website","url":"https:\/\/gooddealersmeds.com\/sk\/","name":"Good Dealers Meds","description":"All our best","publisher":{"@id":"https:\/\/gooddealersmeds.com\/sk\/#organization"},"potentialAction":[{"@type":"SearchAction","target":{"@type":"EntryPoint","urlTemplate":"https:\/\/gooddealersmeds.com\/sk\/?s={search_term_string}"},"query-input":{"@type":"PropertyValueSpecification","valueRequired":true,"valueName":"search_term_string"}}],"inLanguage":"en-US"},{"@type":"Organization","@id":"https:\/\/gooddealersmeds.com\/sk\/#organization","name":"Good Dealers Meds","url":"https:\/\/gooddealersmeds.com\/sk\/","logo":{"@type":"ImageObject","inLanguage":"en-US","@id":"https:\/\/gooddealersmeds.com\/sk\/#\/schema\/logo\/image\/","url":"https:\/\/gooddealersmeds.com\/sk\/wp-content\/uploads\/sites\/9\/2022\/03\/gooddealersmeds__logo__20220317T222800Z.00.png","contentUrl":"https:\/\/gooddealersmeds.com\/sk\/wp-content\/uploads\/sites\/9\/2022\/03\/gooddealersmeds__logo__20220317T222800Z.00.png","width":500,"height":325,"caption":"Good Dealers Meds"},"image":{"@id":"https:\/\/gooddealersmeds.com\/sk\/#\/schema\/logo\/image\/"}}]}},"_links":{"self":[{"href":"https:\/\/gooddealersmeds.com\/sk\/wp-json\/wp\/v2\/product\/1875","targetHints":{"allow":["GET"]}}],"collection":[{"href":"https:\/\/gooddealersmeds.com\/sk\/wp-json\/wp\/v2\/product"}],"about":[{"href":"https:\/\/gooddealersmeds.com\/sk\/wp-json\/wp\/v2\/types\/product"}],"replies":[{"embeddable":true,"href":"https:\/\/gooddealersmeds.com\/sk\/wp-json\/wp\/v2\/comments?post=1875"}],"wp:featuredmedia":[{"embeddable":true,"href":"https:\/\/gooddealersmeds.com\/sk\/wp-json\/wp\/v2\/media\/1876"}],"wp:attachment":[{"href":"https:\/\/gooddealersmeds.com\/sk\/wp-json\/wp\/v2\/media?parent=1875"}],"wp:term":[{"taxonomy":"product_brand","embeddable":true,"href":"https:\/\/gooddealersmeds.com\/sk\/wp-json\/wp\/v2\/product_brand?post=1875"},{"taxonomy":"product_cat","embeddable":true,"href":"https:\/\/gooddealersmeds.com\/sk\/wp-json\/wp\/v2\/product_cat?post=1875"},{"taxonomy":"product_tag","embeddable":true,"href":"https:\/\/gooddealersmeds.com\/sk\/wp-json\/wp\/v2\/product_tag?post=1875"}],"curies":[{"name":"wp","href":"https:\/\/api.w.org\/{rel}","templated":true}]}}