{"id":1873,"date":"2022-06-30T00:09:17","date_gmt":"2022-06-30T00:09:17","guid":{"rendered":"https:\/\/gooddealersmeds.com\/sk\/?post_type=product&#038;p=1873"},"modified":"2022-10-03T22:04:23","modified_gmt":"2022-10-03T22:04:23","slug":"kupit-hulkberry-online","status":"publish","type":"product","link":"https:\/\/gooddealersmeds.com\/sk\/product\/kupit-hulkberry-online\/","title":{"rendered":"K\u00fapte si Hulkberry online"},"content":{"rendered":"<p>K\u00fapte si Hulkberry online v na\u0161om obchode. T\u00e1to d\u00e1ma je potomkom dvoch vysoko uzn\u00e1van\u00fdch kme\u0148ov. OG Kush a Strawberry Diesel sa spojili v hor\u00e1ch Colorada, aby vytvorili t\u00fato siln\u00fa vlhk\u00fa odrodu. Kone\u010dn\u00fdm v\u00fdsledkom je zdrav\u00e1 d\u00e1vka sirupovej, ovocnej chuti. Zistilo sa, \u017ee vzorky HulkBerry obsahuj\u00fa 28 % THC. Hoci sa pred\u00e1vali iba v Colorade, boli feminizovan\u00e9 a teraz sa pred\u00e1vaj\u00fa po celom svete.<\/p>\n<p>Listy tohto kme\u0148a s\u00fa zlo\u017eit\u00e9, tmavofialov\u00e9 a ga\u0161tanov\u00e9. Kr\u00e1sne kontrastuje so \u017eivou svie\u017eos\u0165ou nugov. Nugy nie s\u00fa len svie\u017ee; je tu tie\u017e sie\u0165 tmavo\u010derven\u00fdch ch\u013apkov, ktor\u00e9 s\u00fa takmer hned\u00e9 a oran\u017eov\u00e9, ktor\u00e9 sa tiahnu cez p\u00fa\u010dik.<\/p>\n<p>HulkBerry je najnov\u0161\u00ed kme\u0148, ktor\u00fd sa objavil pri honbe za vysoko \u00fa\u010dinn\u00fdmi kme\u0148mi. N\u00e1hle a ne\u010dakane porod\u00ed ohromuj\u00faci cerebr\u00e1l. Dostane v\u00e1s do psychoakt\u00edvneho stavu. Niektor\u00fdm u\u017e\u00edvate\u013eom m\u00f4\u017ee pripada\u0165 desiv\u00e1.<\/p>\n<p>Zatia\u013e \u010do tento kme\u0148 poskytuje intenz\u00edvne po\u017eitie, m\u00e1 tie\u017e mno\u017estvo lie\u010div\u00fdch v\u00fdhod. Jeho sila bojuje proti stresu, depresii a strachu. U\u017e\u00edvatelia m\u00f4\u017eu u\u017e\u00edva\u0165 mal\u00e9 d\u00e1vky, k\u00fdm nie s\u00fa schopn\u00ed zvl\u00e1dnu\u0165 svoju depresiu. In\u00ed uv\u00e1dzaj\u00fa, \u017ee kme\u0148 zvy\u0161uje ich chu\u0165 do jedla. Jeho munchies s\u00fa ide\u00e1lne pre \u013eud\u00ed, ktor\u00ed trpia nevo\u013enos\u0165ou.<\/p>\n<p>HulkBerry Feminized Seeds s\u00fa jedn\u00fdm z najpopul\u00e1rnej\u0161\u00edch druhov lek\u00e1rskej marihuany na dne\u0161nom trhu. Tieto semen\u00e1 s\u00fa dobre zn\u00e1me pre svoje siln\u00e9 lie\u010div\u00e9 vlastnosti, medzi ktor\u00e9 patr\u00ed \u00fa\u013eava od bolesti, \u00fazkosti, depresie a strata chuti do jedla. S\u00fa tie\u017e zn\u00e1me t\u00fdm, \u017ee maj\u00fa vysok\u00fd obsah THC, \u010do z nich rob\u00ed ob\u013e\u00faben\u00fa vo\u013ebu medzi pacientmi s marihuanou na lek\u00e1rske \u00fa\u010dely.<\/p>\n<p>Okrem ich lie\u010div\u00fdch vlastnost\u00ed s\u00fa semen\u00e1 zn\u00e1me aj pre svoju v\u00fdrazn\u00fa chu\u0165 a v\u00f4\u0148u. Chu\u0165 a v\u00f4\u0148a s\u00fa \u010dasto popisovan\u00e9 ako zemit\u00e9 a citrusov\u00e9. Semen\u00e1 s\u00fa ob\u013e\u00faben\u00e9 medzi pacientmi lek\u00e1rskej marihuany aj rekrea\u010dn\u00fdmi u\u017e\u00edvate\u013emi marihuany.<\/p>\n<p>Poskytujeme kvalitn\u00e9 hulkberry, nakupujte hulkberry online z n\u00e1\u0161ho <a href=\"https:\/\/gooddealersmeds.com\/sk\/products\/\"> obchod<\/a>. N\u00e1\u0161 online obchod tie\u017e poskytuje pacientom zdroje, ktor\u00e9 potrebuj\u00fa na zvl\u00e1dnutie ADHD a pocit v\u00e4\u010d\u0161ej kontroly nad svojimi \u017eivotmi.<\/p>\n","protected":false},"excerpt":{"rendered":"<p>HulkBerry je alter-ego The Incredible Hulk. Tento superhrdina Sinsemilla je tu, aby zachr\u00e1nil skr\u00fd\u0161u na hlave. Niekde v Rocky Mountains v Colorade sa zrazili vlhk\u00e9 sily OG Kush a Strawberry Diesel. Teraz sa v\u00fdbuchov\u00e1 vlna THC preh\u00e1\u0148a Eur\u00f3pou.<\/p>\n","protected":false},"featured_media":1874,"comment_status":"open","ping_status":"closed","template":"","meta":{"inline_featured_image":false},"product_brand":[],"product_cat":[348],"product_tag":[440,434,420,435,438,439,415,376,441,448,449,450,374,437,436,446,445,411,442,443,444,447],"class_list":{"0":"post-1873","1":"product","2":"type-product","3":"status-publish","4":"has-post-thumbnail","6":"product_cat-marihuana","7":"product_tag-ako-objednat-burinu-online","8":"product_tag-amsterdam-burina","9":"product_tag-burinu-na-predaj","10":"product_tag-buy-ganja-online","11":"product_tag-buying-weed-online","12":"product_tag-cannbis-for-you","13":"product_tag-dodvate-marihuany","14":"product_tag-ganja-na-predaj","15":"product_tag-kush-online-shop","16":"product_tag-kde-kpi-marihuanu","17":"product_tag-kde-zohna-marihuanu-v-londne","18":"product_tag-kde-na-zohnat-burinu-v-uk","19":"product_tag-kpi-lacno-burinu-online","20":"product_tag-kpi-trvu-blzko-mne","21":"product_tag-kpi-burinu-mailom","22":"product_tag-kvalita-burina-online","23":"product_tag-kvalita-konope-online","24":"product_tag-marihuana-na-predaj","25":"product_tag-marihuana-online","26":"product_tag-objednvka-ganja-tu","27":"product_tag-objedna-burinu-online","28":"product_tag-thc","30":"first","31":"instock","32":"shipping-taxable","33":"purchasable","34":"product-type-simple"},"yoast_head":"<!-- This site is optimized with the Yoast SEO Premium plugin v20.6 (Yoast SEO v27.4) - https:\/\/yoast.com\/product\/yoast-seo-premium-wordpress\/ -->\n<title>K\u00fapi\u0165 Hulkberry online | N\u00e1kup kvalitn\u00fdch kme\u0148ov buriny online | Kush Tu<\/title>\n<meta name=\"description\" content=\"K\u00fapte si Hulkberry online, dod\u00e1vame kvalitn\u00fa burinu za prijate\u013en\u00e9 ceny, k\u00fapte tu a z\u00edskajte odrody A+. Zasielame po celej Eur\u00f3pe.\" \/>\n<meta name=\"robots\" content=\"index, follow, max-snippet:-1, max-image-preview:large, max-video-preview:-1\" \/>\n<link rel=\"canonical\" href=\"https:\/\/gooddealersmeds.com\/sk\/product\/kupit-hulkberry-online\/\" \/>\n<meta property=\"og:locale\" content=\"en_US\" \/>\n<meta property=\"og:type\" content=\"article\" \/>\n<meta property=\"og:title\" content=\"K\u00fapte si Hulkberry online\" \/>\n<meta property=\"og:description\" content=\"K\u00fapte si Hulkberry online, dod\u00e1vame kvalitn\u00fa burinu za prijate\u013en\u00e9 ceny, k\u00fapte tu a z\u00edskajte odrody A+. Zasielame po celej Eur\u00f3pe.\" \/>\n<meta property=\"og:url\" content=\"https:\/\/gooddealersmeds.com\/sk\/product\/kupit-hulkberry-online\/\" \/>\n<meta property=\"og:site_name\" content=\"Good Dealers Meds\" \/>\n<meta property=\"article:modified_time\" content=\"2022-10-03T22:04:23+00:00\" \/>\n<meta property=\"og:image\" content=\"https:\/\/gooddealersmeds.com\/sk\/wp-content\/uploads\/sites\/9\/2022\/06\/HULKBERRY.jpg\" \/>\n\t<meta property=\"og:image:width\" content=\"600\" \/>\n\t<meta property=\"og:image:height\" content=\"600\" \/>\n\t<meta property=\"og:image:type\" content=\"image\/jpeg\" \/>\n<meta name=\"twitter:card\" content=\"summary_large_image\" \/>\n<meta name=\"twitter:label1\" content=\"Est. reading time\" \/>\n\t<meta name=\"twitter:data1\" content=\"2 minutes\" \/>\n<script type=\"application\/ld+json\" class=\"yoast-schema-graph\">{\"@context\":\"https:\\\/\\\/schema.org\",\"@graph\":[{\"@type\":\"WebPage\",\"@id\":\"https:\\\/\\\/gooddealersmeds.com\\\/sk\\\/product\\\/kupit-hulkberry-online\\\/\",\"url\":\"https:\\\/\\\/gooddealersmeds.com\\\/sk\\\/product\\\/kupit-hulkberry-online\\\/\",\"name\":\"K\u00fapi\u0165 Hulkberry online | N\u00e1kup kvalitn\u00fdch kme\u0148ov buriny online | Kush Tu\",\"isPartOf\":{\"@id\":\"https:\\\/\\\/gooddealersmeds.com\\\/sk\\\/#website\"},\"primaryImageOfPage\":{\"@id\":\"https:\\\/\\\/gooddealersmeds.com\\\/sk\\\/product\\\/kupit-hulkberry-online\\\/#primaryimage\"},\"image\":{\"@id\":\"https:\\\/\\\/gooddealersmeds.com\\\/sk\\\/product\\\/kupit-hulkberry-online\\\/#primaryimage\"},\"thumbnailUrl\":\"https:\\\/\\\/gooddealersmeds.com\\\/sk\\\/wp-content\\\/uploads\\\/sites\\\/9\\\/2022\\\/06\\\/HULKBERRY.jpg\",\"datePublished\":\"2022-06-30T00:09:17+00:00\",\"dateModified\":\"2022-10-03T22:04:23+00:00\",\"description\":\"K\u00fapte si Hulkberry online, dod\u00e1vame kvalitn\u00fa burinu za prijate\u013en\u00e9 ceny, k\u00fapte tu a z\u00edskajte odrody A+. Zasielame po celej Eur\u00f3pe.\",\"breadcrumb\":{\"@id\":\"https:\\\/\\\/gooddealersmeds.com\\\/sk\\\/product\\\/kupit-hulkberry-online\\\/#breadcrumb\"},\"inLanguage\":\"en-US\",\"potentialAction\":[{\"@type\":\"ReadAction\",\"target\":[\"https:\\\/\\\/gooddealersmeds.com\\\/sk\\\/product\\\/kupit-hulkberry-online\\\/\"]}]},{\"@type\":\"ImageObject\",\"inLanguage\":\"en-US\",\"@id\":\"https:\\\/\\\/gooddealersmeds.com\\\/sk\\\/product\\\/kupit-hulkberry-online\\\/#primaryimage\",\"url\":\"https:\\\/\\\/gooddealersmeds.com\\\/sk\\\/wp-content\\\/uploads\\\/sites\\\/9\\\/2022\\\/06\\\/HULKBERRY.jpg\",\"contentUrl\":\"https:\\\/\\\/gooddealersmeds.com\\\/sk\\\/wp-content\\\/uploads\\\/sites\\\/9\\\/2022\\\/06\\\/HULKBERRY.jpg\",\"width\":600,\"height\":600,\"caption\":\"Buy Hulkberry Online\"},{\"@type\":\"BreadcrumbList\",\"@id\":\"https:\\\/\\\/gooddealersmeds.com\\\/sk\\\/product\\\/kupit-hulkberry-online\\\/#breadcrumb\",\"itemListElement\":[{\"@type\":\"ListItem\",\"position\":1,\"name\":\"Home\",\"item\":\"https:\\\/\\\/gooddealersmeds.com\\\/sk\\\/\"},{\"@type\":\"ListItem\",\"position\":2,\"name\":\"Produkty\",\"item\":\"https:\\\/\\\/gooddealersmeds.com\\\/sk\\\/produkty\\\/\"},{\"@type\":\"ListItem\",\"position\":3,\"name\":\"K\u00fapte si Hulkberry online\"}]},{\"@type\":\"WebSite\",\"@id\":\"https:\\\/\\\/gooddealersmeds.com\\\/sk\\\/#website\",\"url\":\"https:\\\/\\\/gooddealersmeds.com\\\/sk\\\/\",\"name\":\"Good Dealers Meds\",\"description\":\"All our best\",\"publisher\":{\"@id\":\"https:\\\/\\\/gooddealersmeds.com\\\/sk\\\/#organization\"},\"potentialAction\":[{\"@type\":\"SearchAction\",\"target\":{\"@type\":\"EntryPoint\",\"urlTemplate\":\"https:\\\/\\\/gooddealersmeds.com\\\/sk\\\/?s={search_term_string}\"},\"query-input\":{\"@type\":\"PropertyValueSpecification\",\"valueRequired\":true,\"valueName\":\"search_term_string\"}}],\"inLanguage\":\"en-US\"},{\"@type\":\"Organization\",\"@id\":\"https:\\\/\\\/gooddealersmeds.com\\\/sk\\\/#organization\",\"name\":\"Good Dealers Meds\",\"url\":\"https:\\\/\\\/gooddealersmeds.com\\\/sk\\\/\",\"logo\":{\"@type\":\"ImageObject\",\"inLanguage\":\"en-US\",\"@id\":\"https:\\\/\\\/gooddealersmeds.com\\\/sk\\\/#\\\/schema\\\/logo\\\/image\\\/\",\"url\":\"https:\\\/\\\/gooddealersmeds.com\\\/sk\\\/wp-content\\\/uploads\\\/sites\\\/9\\\/2022\\\/03\\\/gooddealersmeds__logo__20220317T222800Z.00.png\",\"contentUrl\":\"https:\\\/\\\/gooddealersmeds.com\\\/sk\\\/wp-content\\\/uploads\\\/sites\\\/9\\\/2022\\\/03\\\/gooddealersmeds__logo__20220317T222800Z.00.png\",\"width\":500,\"height\":325,\"caption\":\"Good Dealers Meds\"},\"image\":{\"@id\":\"https:\\\/\\\/gooddealersmeds.com\\\/sk\\\/#\\\/schema\\\/logo\\\/image\\\/\"}}]}<\/script>\n<!-- \/ Yoast SEO Premium plugin. -->","yoast_head_json":{"title":"K\u00fapi\u0165 Hulkberry online | N\u00e1kup kvalitn\u00fdch kme\u0148ov buriny online | Kush Tu","description":"K\u00fapte si Hulkberry online, dod\u00e1vame kvalitn\u00fa burinu za prijate\u013en\u00e9 ceny, k\u00fapte tu a z\u00edskajte odrody A+. Zasielame po celej Eur\u00f3pe.","robots":{"index":"index","follow":"follow","max-snippet":"max-snippet:-1","max-image-preview":"max-image-preview:large","max-video-preview":"max-video-preview:-1"},"canonical":"https:\/\/gooddealersmeds.com\/sk\/product\/kupit-hulkberry-online\/","og_locale":"en_US","og_type":"article","og_title":"K\u00fapte si Hulkberry online","og_description":"K\u00fapte si Hulkberry online, dod\u00e1vame kvalitn\u00fa burinu za prijate\u013en\u00e9 ceny, k\u00fapte tu a z\u00edskajte odrody A+. Zasielame po celej Eur\u00f3pe.","og_url":"https:\/\/gooddealersmeds.com\/sk\/product\/kupit-hulkberry-online\/","og_site_name":"Good Dealers Meds","article_modified_time":"2022-10-03T22:04:23+00:00","og_image":[{"width":600,"height":600,"url":"https:\/\/gooddealersmeds.com\/sk\/wp-content\/uploads\/sites\/9\/2022\/06\/HULKBERRY.jpg","type":"image\/jpeg"}],"twitter_card":"summary_large_image","twitter_misc":{"Est. reading time":"2 minutes"},"schema":{"@context":"https:\/\/schema.org","@graph":[{"@type":"WebPage","@id":"https:\/\/gooddealersmeds.com\/sk\/product\/kupit-hulkberry-online\/","url":"https:\/\/gooddealersmeds.com\/sk\/product\/kupit-hulkberry-online\/","name":"K\u00fapi\u0165 Hulkberry online | N\u00e1kup kvalitn\u00fdch kme\u0148ov buriny online | Kush Tu","isPartOf":{"@id":"https:\/\/gooddealersmeds.com\/sk\/#website"},"primaryImageOfPage":{"@id":"https:\/\/gooddealersmeds.com\/sk\/product\/kupit-hulkberry-online\/#primaryimage"},"image":{"@id":"https:\/\/gooddealersmeds.com\/sk\/product\/kupit-hulkberry-online\/#primaryimage"},"thumbnailUrl":"https:\/\/gooddealersmeds.com\/sk\/wp-content\/uploads\/sites\/9\/2022\/06\/HULKBERRY.jpg","datePublished":"2022-06-30T00:09:17+00:00","dateModified":"2022-10-03T22:04:23+00:00","description":"K\u00fapte si Hulkberry online, dod\u00e1vame kvalitn\u00fa burinu za prijate\u013en\u00e9 ceny, k\u00fapte tu a z\u00edskajte odrody A+. Zasielame po celej Eur\u00f3pe.","breadcrumb":{"@id":"https:\/\/gooddealersmeds.com\/sk\/product\/kupit-hulkberry-online\/#breadcrumb"},"inLanguage":"en-US","potentialAction":[{"@type":"ReadAction","target":["https:\/\/gooddealersmeds.com\/sk\/product\/kupit-hulkberry-online\/"]}]},{"@type":"ImageObject","inLanguage":"en-US","@id":"https:\/\/gooddealersmeds.com\/sk\/product\/kupit-hulkberry-online\/#primaryimage","url":"https:\/\/gooddealersmeds.com\/sk\/wp-content\/uploads\/sites\/9\/2022\/06\/HULKBERRY.jpg","contentUrl":"https:\/\/gooddealersmeds.com\/sk\/wp-content\/uploads\/sites\/9\/2022\/06\/HULKBERRY.jpg","width":600,"height":600,"caption":"Buy Hulkberry Online"},{"@type":"BreadcrumbList","@id":"https:\/\/gooddealersmeds.com\/sk\/product\/kupit-hulkberry-online\/#breadcrumb","itemListElement":[{"@type":"ListItem","position":1,"name":"Home","item":"https:\/\/gooddealersmeds.com\/sk\/"},{"@type":"ListItem","position":2,"name":"Produkty","item":"https:\/\/gooddealersmeds.com\/sk\/produkty\/"},{"@type":"ListItem","position":3,"name":"K\u00fapte si Hulkberry online"}]},{"@type":"WebSite","@id":"https:\/\/gooddealersmeds.com\/sk\/#website","url":"https:\/\/gooddealersmeds.com\/sk\/","name":"Good Dealers Meds","description":"All our best","publisher":{"@id":"https:\/\/gooddealersmeds.com\/sk\/#organization"},"potentialAction":[{"@type":"SearchAction","target":{"@type":"EntryPoint","urlTemplate":"https:\/\/gooddealersmeds.com\/sk\/?s={search_term_string}"},"query-input":{"@type":"PropertyValueSpecification","valueRequired":true,"valueName":"search_term_string"}}],"inLanguage":"en-US"},{"@type":"Organization","@id":"https:\/\/gooddealersmeds.com\/sk\/#organization","name":"Good Dealers Meds","url":"https:\/\/gooddealersmeds.com\/sk\/","logo":{"@type":"ImageObject","inLanguage":"en-US","@id":"https:\/\/gooddealersmeds.com\/sk\/#\/schema\/logo\/image\/","url":"https:\/\/gooddealersmeds.com\/sk\/wp-content\/uploads\/sites\/9\/2022\/03\/gooddealersmeds__logo__20220317T222800Z.00.png","contentUrl":"https:\/\/gooddealersmeds.com\/sk\/wp-content\/uploads\/sites\/9\/2022\/03\/gooddealersmeds__logo__20220317T222800Z.00.png","width":500,"height":325,"caption":"Good Dealers Meds"},"image":{"@id":"https:\/\/gooddealersmeds.com\/sk\/#\/schema\/logo\/image\/"}}]}},"_links":{"self":[{"href":"https:\/\/gooddealersmeds.com\/sk\/wp-json\/wp\/v2\/product\/1873","targetHints":{"allow":["GET"]}}],"collection":[{"href":"https:\/\/gooddealersmeds.com\/sk\/wp-json\/wp\/v2\/product"}],"about":[{"href":"https:\/\/gooddealersmeds.com\/sk\/wp-json\/wp\/v2\/types\/product"}],"replies":[{"embeddable":true,"href":"https:\/\/gooddealersmeds.com\/sk\/wp-json\/wp\/v2\/comments?post=1873"}],"wp:featuredmedia":[{"embeddable":true,"href":"https:\/\/gooddealersmeds.com\/sk\/wp-json\/wp\/v2\/media\/1874"}],"wp:attachment":[{"href":"https:\/\/gooddealersmeds.com\/sk\/wp-json\/wp\/v2\/media?parent=1873"}],"wp:term":[{"taxonomy":"product_brand","embeddable":true,"href":"https:\/\/gooddealersmeds.com\/sk\/wp-json\/wp\/v2\/product_brand?post=1873"},{"taxonomy":"product_cat","embeddable":true,"href":"https:\/\/gooddealersmeds.com\/sk\/wp-json\/wp\/v2\/product_cat?post=1873"},{"taxonomy":"product_tag","embeddable":true,"href":"https:\/\/gooddealersmeds.com\/sk\/wp-json\/wp\/v2\/product_tag?post=1873"}],"curies":[{"name":"wp","href":"https:\/\/api.w.org\/{rel}","templated":true}]}}