{"id":1871,"date":"2022-06-30T00:04:45","date_gmt":"2022-06-30T00:04:45","guid":{"rendered":"https:\/\/gooddealersmeds.com\/sk\/?post_type=product&#038;p=1871"},"modified":"2022-10-03T22:04:30","modified_gmt":"2022-10-03T22:04:30","slug":"tuk-banan","status":"publish","type":"product","link":"https:\/\/gooddealersmeds.com\/sk\/product\/tuk-banan\/","title":{"rendered":"Objednajte si tu\u010dn\u00fd ban\u00e1n online"},"content":{"rendered":"<h1><strong>K\u00fapi\u0165 Fat Banana Weed Strain online<\/strong><\/h1>\n<p>Fat Banana Weed Strain je kme\u0148, ktor\u00fd je zn\u00e1my svojimi dominantn\u00fdmi vlastnos\u0165ami Indica. Tu\u010dn\u00fd ban\u00e1n na predaj, je zn\u00e1my t\u00fdm, \u017ee je mimoriadne uvo\u013e\u0148uj\u00faci a povzn\u00e1\u0161aj\u00faci, v\u010faka \u010domu je ide\u00e1lny pre t\u00fdch, ktor\u00ed si chc\u00fa odd\u00fdchnu\u0165 po dlhom dni v pr\u00e1ci alebo v \u0161kole. Kme\u0148 m\u00e1 tie\u017e sladk\u00fa v\u00f4\u0148u, v\u010faka \u010domu je \u013eahk\u00e9 ho identifikova\u0165 pri h\u013eadan\u00ed spr\u00e1vnej marihuany v lek\u00e1rni.<\/p>\n<p>Fat Banana Weed Strain, tie\u017e zn\u00e1my ako Banana OG, je siln\u00fd hybridn\u00fd kme\u0148 kanabisu, ktor\u00fd je zn\u00e1my pre svoju ovocn\u00fa, sladk\u00fa v\u00f4\u0148u a chu\u0165. Op\u00edsan\u00e1 ako chu\u0165 ban\u00e1nov a \u017euva\u010dky, je ide\u00e1lna na lie\u010dbu \u00fazkosti a depresie. Je op\u00edsan\u00e1 ako chu\u0165 ban\u00e1nov a \u017euva\u010diek a je ide\u00e1lna na lie\u010dbu \u00fazkosti a depresie.<\/p>\n<p>Fat Banana Weed Strain z\u00edskal nieko\u013eko ocenen\u00ed za svoju lek\u00e1rsku \u00fa\u010dinnos\u0165 a schopnos\u0165 pom\u00f4c\u0165 pou\u017e\u00edvate\u013eom relaxova\u0165. M\u00f4\u017ee sa tie\u017e pou\u017ei\u0165 na zn\u00ed\u017eenie stresu a zv\u00fd\u0161enie s\u00fastredenia na zlep\u0161enie produktivity v pr\u00e1ci alebo v \u0161kole.<\/p>\n<p>&nbsp;<\/p>\n<p><strong>Pre\u010do si objedna\u0165 Fat Banana Weed Strain online?<\/strong> <\/p>\n<p>&nbsp;<\/p>\n<p><a href=\"https:\/\/www.leafly.com\/strains\/fat-banana\">Fat Banana Weed Strain<\/a> je jedn\u00fdm z Najlep\u0161ie kmene k\u00fapi\u0165 online, preto\u017ee je \u013eahk\u00e9 ich n\u00e1js\u0165 a nemus\u00edte sa ob\u00e1va\u0165, \u017ee v\u00e1s okradne obchodn\u00edk, ktor\u00fd pred\u00e1va falo\u0161n\u00fa tr\u00e1vu. V skuto\u010dnosti, ak nakupujete od renomovan\u00e9ho predajcu, po\u0161l\u00fa v\u00e1m produkt dokonca priamo domov. Aj ke\u010f sami radi nakupujeme v ambulanci\u00e1ch, niekedy potrebujete nie\u010do r\u00fdchle a pohodln\u00e9, ke\u010f v\u00e1m doch\u00e1dza \u010das alebo jednoducho nem\u00e1te \u010das jazdi\u0165 a h\u013eada\u0165 nie\u010do konkr\u00e9tne. Ak to znie ako vy, potom Fat Banana Weed Strain m\u00f4\u017ee by\u0165 presne to, \u010do potrebujete!<\/p>\n<p>&nbsp;<\/p>\n<p><strong>Najlep\u0161ie miesta na n\u00e1kup Fat Banana Weed Strain online<\/strong><\/p>\n<p>Ke\u010f\u017ee je tento kme\u0148 tak\u00fd popul\u00e1rny, existuje mnoho sp\u00f4sobov, ako si m\u00f4\u017eete <a href=\"https:\/\/gooddealersmeds.com\/sk\/product\/fat-banana\/\">k\u00fapi\u0165 kme\u0148 Fat Banana Weed online bez toho, aby v\u00e1s oklamali predajcovia, ktor\u00ed sa v\u00e1m sna\u017eia preda\u0165 podradn\u00e9 produkty<\/a>. Good Dealers Meds je najlep\u0161\u00edm miestom na n\u00e1kup Fat Banana Weed Strain online.<\/p>\n","protected":false},"excerpt":{"rendered":"<p>Fat Banana je produktom superselekt\u00edvneho procesu v\u00fdvoja kme\u0148a, ktor\u00e9ho cie\u013eom bolo hybridizova\u0165 najv\u00e4\u010d\u0161ie a najtu\u010dnej\u0161ie exempl\u00e1re Banana OG. Teraz v\u00e1m RQS m\u00f4\u017ee pon\u00faknu\u0165 to najlep\u0161ie. Fat Banana m\u00e1 ve\u013ek\u00fa chu\u0165 a obsahuje ve\u013ek\u00e9 mno\u017estvo kanabinoidov.<\/p>\n","protected":false},"featured_media":1872,"comment_status":"open","ping_status":"closed","template":"","meta":{"inline_featured_image":false},"product_brand":[],"product_cat":[348],"product_tag":[396,402,404,405,420,399,419,400,429,415,406,407,431,433,403,418,398,408,409,410,411,412,416,426,414,417,427,428,430,423,424,425,397,422,421,432,413,401],"class_list":{"0":"post-1871","1":"product","2":"type-product","3":"status-publish","4":"has-post-thumbnail","6":"product_cat-marihuana","7":"product_tag-100-burn-on-hand","8":"product_tag-ako-mem-objedna-marihuanu","9":"product_tag-ako-zska-marihuanu","10":"product_tag-ako-zska-burinu","11":"product_tag-burinu-na-predaj","12":"product_tag-can-i-buy-weed","13":"product_tag-chcie-kpi-marihuanu","14":"product_tag-cheap-weed-for-sale","15":"product_tag-dodvate-buriny","16":"product_tag-dodvate-marihuany","17":"product_tag-how-to-get-weed-online","18":"product_tag-je-burina-legalna","19":"product_tag-kde-mem-dosta-trvu","20":"product_tag-kde-k-objedna-burinu","21":"product_tag-ktoko-je-marihuana","22":"product_tag-nkup-marihuana-online","23":"product_tag-kpi-burinu-online","24":"product_tag-kush-na-predaj","25":"product_tag-legal-burina-na-predaj","26":"product_tag-legal-weedfor-sale","27":"product_tag-marihuana-na-predaj","28":"product_tag-marihuana-na-predaj-uk","29":"product_tag-medical-benefits-of-marijuana","30":"product_tag-burina-ivica-na-predaj","31":"product_tag-obchod-s-marihuanou","32":"product_tag-objednvanie-buriny-online","33":"product_tag-weed-sales-uk","34":"product_tag-obchod-s-burinou","35":"product_tag-burinu-odparova-na-predaj","36":"product_tag-stany-na-pestovanie-buriny-na-predaj","37":"product_tag-burina-rastliny-na-predaj","38":"product_tag-burina-rastliny-na-predaj-uk","39":"product_tag-vhody-fajenia-marihuany","40":"product_tag-burina-na-predaj-uk","41":"product_tag-burina-na-predaj-v-anglicku","42":"product_tag-where-to-buy-cheap-weed","43":"product_tag-marihuana-zdravotne-benefity","44":"product_tag-zdravotn-benefity-marihuany","46":"first","47":"instock","48":"shipping-taxable","49":"purchasable","50":"product-type-simple"},"yoast_head":"<!-- This site is optimized with the Yoast SEO Premium plugin v20.6 (Yoast SEO v27.3) - https:\/\/yoast.com\/product\/yoast-seo-premium-wordpress\/ -->\n<title>Tu\u010dn\u00fd ban\u00e1n na predaj - Objednajte si kanabis online |<\/title>\n<meta name=\"description\" content=\"Fat Banana na predaj je hybridn\u00fd kme\u0148 marihuany vyroben\u00fd kr\u00ed\u017een\u00edm OG Kush s Chiquita Banana. K\u00fapte si ho v na\u0161om obchode s kanabisom online.\" \/>\n<meta name=\"robots\" content=\"index, follow, max-snippet:-1, max-image-preview:large, max-video-preview:-1\" \/>\n<link rel=\"canonical\" href=\"https:\/\/gooddealersmeds.com\/sk\/product\/tuk-banan\/\" \/>\n<meta property=\"og:locale\" content=\"en_US\" \/>\n<meta property=\"og:type\" content=\"article\" \/>\n<meta property=\"og:title\" content=\"Objednajte si tu\u010dn\u00fd ban\u00e1n online\" \/>\n<meta property=\"og:description\" content=\"Fat Banana na predaj je hybridn\u00fd kme\u0148 marihuany vyroben\u00fd kr\u00ed\u017een\u00edm OG Kush s Chiquita Banana. K\u00fapte si ho v na\u0161om obchode s kanabisom online.\" \/>\n<meta property=\"og:url\" content=\"https:\/\/gooddealersmeds.com\/sk\/product\/tuk-banan\/\" \/>\n<meta property=\"og:site_name\" content=\"Good Dealers Meds\" \/>\n<meta property=\"article:modified_time\" content=\"2022-10-03T22:04:30+00:00\" \/>\n<meta property=\"og:image\" content=\"https:\/\/gooddealersmeds.com\/sk\/wp-content\/uploads\/sites\/9\/2022\/06\/FAT-BANANA.jpg\" \/>\n\t<meta property=\"og:image:width\" content=\"600\" \/>\n\t<meta property=\"og:image:height\" content=\"600\" \/>\n\t<meta property=\"og:image:type\" content=\"image\/jpeg\" \/>\n<meta name=\"twitter:card\" content=\"summary_large_image\" \/>\n<meta name=\"twitter:label1\" content=\"Est. reading time\" \/>\n\t<meta name=\"twitter:data1\" content=\"2 minutes\" \/>\n<script type=\"application\/ld+json\" class=\"yoast-schema-graph\">{\"@context\":\"https:\\\/\\\/schema.org\",\"@graph\":[{\"@type\":\"WebPage\",\"@id\":\"https:\\\/\\\/gooddealersmeds.com\\\/sk\\\/product\\\/tuk-banan\\\/\",\"url\":\"https:\\\/\\\/gooddealersmeds.com\\\/sk\\\/product\\\/tuk-banan\\\/\",\"name\":\"Tu\u010dn\u00fd ban\u00e1n na predaj - Objednajte si kanabis online |\",\"isPartOf\":{\"@id\":\"https:\\\/\\\/gooddealersmeds.com\\\/sk\\\/#website\"},\"primaryImageOfPage\":{\"@id\":\"https:\\\/\\\/gooddealersmeds.com\\\/sk\\\/product\\\/tuk-banan\\\/#primaryimage\"},\"image\":{\"@id\":\"https:\\\/\\\/gooddealersmeds.com\\\/sk\\\/product\\\/tuk-banan\\\/#primaryimage\"},\"thumbnailUrl\":\"https:\\\/\\\/gooddealersmeds.com\\\/sk\\\/wp-content\\\/uploads\\\/sites\\\/9\\\/2022\\\/06\\\/FAT-BANANA.jpg\",\"datePublished\":\"2022-06-30T00:04:45+00:00\",\"dateModified\":\"2022-10-03T22:04:30+00:00\",\"description\":\"Fat Banana na predaj je hybridn\u00fd kme\u0148 marihuany vyroben\u00fd kr\u00ed\u017een\u00edm OG Kush s Chiquita Banana. K\u00fapte si ho v na\u0161om obchode s kanabisom online.\",\"breadcrumb\":{\"@id\":\"https:\\\/\\\/gooddealersmeds.com\\\/sk\\\/product\\\/tuk-banan\\\/#breadcrumb\"},\"inLanguage\":\"en-US\",\"potentialAction\":[{\"@type\":\"ReadAction\",\"target\":[\"https:\\\/\\\/gooddealersmeds.com\\\/sk\\\/product\\\/tuk-banan\\\/\"]}]},{\"@type\":\"ImageObject\",\"inLanguage\":\"en-US\",\"@id\":\"https:\\\/\\\/gooddealersmeds.com\\\/sk\\\/product\\\/tuk-banan\\\/#primaryimage\",\"url\":\"https:\\\/\\\/gooddealersmeds.com\\\/sk\\\/wp-content\\\/uploads\\\/sites\\\/9\\\/2022\\\/06\\\/FAT-BANANA.jpg\",\"contentUrl\":\"https:\\\/\\\/gooddealersmeds.com\\\/sk\\\/wp-content\\\/uploads\\\/sites\\\/9\\\/2022\\\/06\\\/FAT-BANANA.jpg\",\"width\":600,\"height\":600,\"caption\":\"Buy Fat Banana Online\"},{\"@type\":\"BreadcrumbList\",\"@id\":\"https:\\\/\\\/gooddealersmeds.com\\\/sk\\\/product\\\/tuk-banan\\\/#breadcrumb\",\"itemListElement\":[{\"@type\":\"ListItem\",\"position\":1,\"name\":\"Home\",\"item\":\"https:\\\/\\\/gooddealersmeds.com\\\/sk\\\/\"},{\"@type\":\"ListItem\",\"position\":2,\"name\":\"Produkty\",\"item\":\"https:\\\/\\\/gooddealersmeds.com\\\/sk\\\/produkty\\\/\"},{\"@type\":\"ListItem\",\"position\":3,\"name\":\"Objednajte si tu\u010dn\u00fd ban\u00e1n online\"}]},{\"@type\":\"WebSite\",\"@id\":\"https:\\\/\\\/gooddealersmeds.com\\\/sk\\\/#website\",\"url\":\"https:\\\/\\\/gooddealersmeds.com\\\/sk\\\/\",\"name\":\"Good Dealers Meds\",\"description\":\"All our best\",\"publisher\":{\"@id\":\"https:\\\/\\\/gooddealersmeds.com\\\/sk\\\/#organization\"},\"potentialAction\":[{\"@type\":\"SearchAction\",\"target\":{\"@type\":\"EntryPoint\",\"urlTemplate\":\"https:\\\/\\\/gooddealersmeds.com\\\/sk\\\/?s={search_term_string}\"},\"query-input\":{\"@type\":\"PropertyValueSpecification\",\"valueRequired\":true,\"valueName\":\"search_term_string\"}}],\"inLanguage\":\"en-US\"},{\"@type\":\"Organization\",\"@id\":\"https:\\\/\\\/gooddealersmeds.com\\\/sk\\\/#organization\",\"name\":\"Good Dealers Meds\",\"url\":\"https:\\\/\\\/gooddealersmeds.com\\\/sk\\\/\",\"logo\":{\"@type\":\"ImageObject\",\"inLanguage\":\"en-US\",\"@id\":\"https:\\\/\\\/gooddealersmeds.com\\\/sk\\\/#\\\/schema\\\/logo\\\/image\\\/\",\"url\":\"https:\\\/\\\/gooddealersmeds.com\\\/sk\\\/wp-content\\\/uploads\\\/sites\\\/9\\\/2022\\\/03\\\/gooddealersmeds__logo__20220317T222800Z.00.png\",\"contentUrl\":\"https:\\\/\\\/gooddealersmeds.com\\\/sk\\\/wp-content\\\/uploads\\\/sites\\\/9\\\/2022\\\/03\\\/gooddealersmeds__logo__20220317T222800Z.00.png\",\"width\":500,\"height\":325,\"caption\":\"Good Dealers Meds\"},\"image\":{\"@id\":\"https:\\\/\\\/gooddealersmeds.com\\\/sk\\\/#\\\/schema\\\/logo\\\/image\\\/\"}}]}<\/script>\n<!-- \/ Yoast SEO Premium plugin. -->","yoast_head_json":{"title":"Tu\u010dn\u00fd ban\u00e1n na predaj - Objednajte si kanabis online |","description":"Fat Banana na predaj je hybridn\u00fd kme\u0148 marihuany vyroben\u00fd kr\u00ed\u017een\u00edm OG Kush s Chiquita Banana. K\u00fapte si ho v na\u0161om obchode s kanabisom online.","robots":{"index":"index","follow":"follow","max-snippet":"max-snippet:-1","max-image-preview":"max-image-preview:large","max-video-preview":"max-video-preview:-1"},"canonical":"https:\/\/gooddealersmeds.com\/sk\/product\/tuk-banan\/","og_locale":"en_US","og_type":"article","og_title":"Objednajte si tu\u010dn\u00fd ban\u00e1n online","og_description":"Fat Banana na predaj je hybridn\u00fd kme\u0148 marihuany vyroben\u00fd kr\u00ed\u017een\u00edm OG Kush s Chiquita Banana. K\u00fapte si ho v na\u0161om obchode s kanabisom online.","og_url":"https:\/\/gooddealersmeds.com\/sk\/product\/tuk-banan\/","og_site_name":"Good Dealers Meds","article_modified_time":"2022-10-03T22:04:30+00:00","og_image":[{"width":600,"height":600,"url":"https:\/\/gooddealersmeds.com\/sk\/wp-content\/uploads\/sites\/9\/2022\/06\/FAT-BANANA.jpg","type":"image\/jpeg"}],"twitter_card":"summary_large_image","twitter_misc":{"Est. reading time":"2 minutes"},"schema":{"@context":"https:\/\/schema.org","@graph":[{"@type":"WebPage","@id":"https:\/\/gooddealersmeds.com\/sk\/product\/tuk-banan\/","url":"https:\/\/gooddealersmeds.com\/sk\/product\/tuk-banan\/","name":"Tu\u010dn\u00fd ban\u00e1n na predaj - Objednajte si kanabis online |","isPartOf":{"@id":"https:\/\/gooddealersmeds.com\/sk\/#website"},"primaryImageOfPage":{"@id":"https:\/\/gooddealersmeds.com\/sk\/product\/tuk-banan\/#primaryimage"},"image":{"@id":"https:\/\/gooddealersmeds.com\/sk\/product\/tuk-banan\/#primaryimage"},"thumbnailUrl":"https:\/\/gooddealersmeds.com\/sk\/wp-content\/uploads\/sites\/9\/2022\/06\/FAT-BANANA.jpg","datePublished":"2022-06-30T00:04:45+00:00","dateModified":"2022-10-03T22:04:30+00:00","description":"Fat Banana na predaj je hybridn\u00fd kme\u0148 marihuany vyroben\u00fd kr\u00ed\u017een\u00edm OG Kush s Chiquita Banana. K\u00fapte si ho v na\u0161om obchode s kanabisom online.","breadcrumb":{"@id":"https:\/\/gooddealersmeds.com\/sk\/product\/tuk-banan\/#breadcrumb"},"inLanguage":"en-US","potentialAction":[{"@type":"ReadAction","target":["https:\/\/gooddealersmeds.com\/sk\/product\/tuk-banan\/"]}]},{"@type":"ImageObject","inLanguage":"en-US","@id":"https:\/\/gooddealersmeds.com\/sk\/product\/tuk-banan\/#primaryimage","url":"https:\/\/gooddealersmeds.com\/sk\/wp-content\/uploads\/sites\/9\/2022\/06\/FAT-BANANA.jpg","contentUrl":"https:\/\/gooddealersmeds.com\/sk\/wp-content\/uploads\/sites\/9\/2022\/06\/FAT-BANANA.jpg","width":600,"height":600,"caption":"Buy Fat Banana Online"},{"@type":"BreadcrumbList","@id":"https:\/\/gooddealersmeds.com\/sk\/product\/tuk-banan\/#breadcrumb","itemListElement":[{"@type":"ListItem","position":1,"name":"Home","item":"https:\/\/gooddealersmeds.com\/sk\/"},{"@type":"ListItem","position":2,"name":"Produkty","item":"https:\/\/gooddealersmeds.com\/sk\/produkty\/"},{"@type":"ListItem","position":3,"name":"Objednajte si tu\u010dn\u00fd ban\u00e1n online"}]},{"@type":"WebSite","@id":"https:\/\/gooddealersmeds.com\/sk\/#website","url":"https:\/\/gooddealersmeds.com\/sk\/","name":"Good Dealers Meds","description":"All our best","publisher":{"@id":"https:\/\/gooddealersmeds.com\/sk\/#organization"},"potentialAction":[{"@type":"SearchAction","target":{"@type":"EntryPoint","urlTemplate":"https:\/\/gooddealersmeds.com\/sk\/?s={search_term_string}"},"query-input":{"@type":"PropertyValueSpecification","valueRequired":true,"valueName":"search_term_string"}}],"inLanguage":"en-US"},{"@type":"Organization","@id":"https:\/\/gooddealersmeds.com\/sk\/#organization","name":"Good Dealers Meds","url":"https:\/\/gooddealersmeds.com\/sk\/","logo":{"@type":"ImageObject","inLanguage":"en-US","@id":"https:\/\/gooddealersmeds.com\/sk\/#\/schema\/logo\/image\/","url":"https:\/\/gooddealersmeds.com\/sk\/wp-content\/uploads\/sites\/9\/2022\/03\/gooddealersmeds__logo__20220317T222800Z.00.png","contentUrl":"https:\/\/gooddealersmeds.com\/sk\/wp-content\/uploads\/sites\/9\/2022\/03\/gooddealersmeds__logo__20220317T222800Z.00.png","width":500,"height":325,"caption":"Good Dealers Meds"},"image":{"@id":"https:\/\/gooddealersmeds.com\/sk\/#\/schema\/logo\/image\/"}}]}},"_links":{"self":[{"href":"https:\/\/gooddealersmeds.com\/sk\/wp-json\/wp\/v2\/product\/1871","targetHints":{"allow":["GET"]}}],"collection":[{"href":"https:\/\/gooddealersmeds.com\/sk\/wp-json\/wp\/v2\/product"}],"about":[{"href":"https:\/\/gooddealersmeds.com\/sk\/wp-json\/wp\/v2\/types\/product"}],"replies":[{"embeddable":true,"href":"https:\/\/gooddealersmeds.com\/sk\/wp-json\/wp\/v2\/comments?post=1871"}],"wp:featuredmedia":[{"embeddable":true,"href":"https:\/\/gooddealersmeds.com\/sk\/wp-json\/wp\/v2\/media\/1872"}],"wp:attachment":[{"href":"https:\/\/gooddealersmeds.com\/sk\/wp-json\/wp\/v2\/media?parent=1871"}],"wp:term":[{"taxonomy":"product_brand","embeddable":true,"href":"https:\/\/gooddealersmeds.com\/sk\/wp-json\/wp\/v2\/product_brand?post=1871"},{"taxonomy":"product_cat","embeddable":true,"href":"https:\/\/gooddealersmeds.com\/sk\/wp-json\/wp\/v2\/product_cat?post=1871"},{"taxonomy":"product_tag","embeddable":true,"href":"https:\/\/gooddealersmeds.com\/sk\/wp-json\/wp\/v2\/product_tag?post=1871"}],"curies":[{"name":"wp","href":"https:\/\/api.w.org\/{rel}","templated":true}]}}