{"id":1869,"date":"2022-06-30T00:00:32","date_gmt":"2022-06-30T00:00:32","guid":{"rendered":"https:\/\/gooddealersmeds.com\/sk\/?post_type=product&#038;p=1869"},"modified":"2022-10-03T22:04:40","modified_gmt":"2022-10-03T22:04:40","slug":"susienky-gelato","status":"publish","type":"product","link":"https:\/\/gooddealersmeds.com\/sk\/product\/susienky-gelato\/","title":{"rendered":"K\u00fapte si Cookies Gelato online"},"content":{"rendered":"<h1><strong>Cookies Gelato na predaj\u00a0\u00a0<\/strong><\/h1>\n<p>Cookies Gelato Online je str\u00e1nka <a href=\"https:\/\/gooddealersmeds.com\/sk\/product\/cookies-gelato\/\"> kde si m\u00f4\u017eete k\u00fapi\u0165 su\u0161ienky gelato online<\/a>. Cookies Gelato na predaj, Spolo\u010dnos\u0165 bola zalo\u017een\u00e1 v roku 2016 a s\u00eddli mimo New Yorku. Cookies Gelato Online pred\u00e1va mno\u017estvo r\u00f4znych druhov gelato, ale ich najob\u013e\u00fabenej\u0161\u00edm produktom s\u00fa cookies gelato. Pred\u00e1vaj\u00fa aj in\u00e9 druhy zmrzl\u00edn, no ich najob\u013e\u00fabenej\u0161\u00edm druhom zmrzliny je su\u0161ienka gelato. Spolo\u010dnos\u0165 existuje u\u017e asi rok a st\u00e1le ve\u013emi r\u00fdchlo rastie! Cookies Gelato Online s\u00fa ka\u017ed\u00fdm d\u0148om \u010doraz popul\u00e1rnej\u0161ie, preto\u017ee je \u013eahk\u00e9 si u nich k\u00fapi\u0165 gelato online; sta\u010d\u00ed vyplni\u0165 online formul\u00e1r so v\u0161etk\u00fdmi svojimi inform\u00e1ciami a oni potom va\u0161u objedn\u00e1vku ihne\u010f po\u0161l\u00fa!<\/p>\n<p><strong>\u00a0<\/strong><\/p>\n<h2><strong>Pre\u010do K\u00fapi\u0165 cookies Gelato online?<\/strong><\/h2>\n<p>&nbsp;<\/p>\n<p>Existuje mno\u017estvo d\u00f4vodov, pre\u010do by ste si mali k\u00fapi\u0165 cookies gelato online od Cookies Gelato Online:<\/p>\n<p> 1) M\u00f4\u017eete si vybra\u0165, ak\u00fa pr\u00edchu\u0165 chcete.<\/p>\n<p>2) Nemus\u00edte nikam chodi\u0165 ani vych\u00e1dza\u0165 z domu.<\/p>\n<p>3) Bez toho m\u00f4\u017eete z\u00edska\u0165 presne to, \u010do chcete. ak\u00e9ko\u013evek rozruch.<\/p>\n<p>&nbsp;<\/p>\n<p><strong>Najlep\u0161ie miesto na n\u00e1kup cookies Gelato online?<\/strong><\/p>\n<p>&nbsp;<\/p>\n<p>Je ich ve\u013ea! Ak v\u0161ak chcete presta\u0165 pracova\u0165 a prist\u00e1\u0165 len na jednom mieste, ktor\u00e9 v\u00e1m pon\u00faka najlep\u0161iu ponuku, Good Dealers Meds je to prav\u00e9 miesto. Pozrite si cel\u00fa na\u0161u \u0161k\u00e1lu rekrea\u010dn\u00fdch a lie\u010div\u00fdch drog a n\u00e1jdite ponuky, pri ktor\u00fdch nebudete \u013eutova\u0165, \u017ee ste minuli svoje peniaze.<\/p>\n","protected":false},"excerpt":{"rendered":"<p>Cookies Gelato je milencom dvoch legend\u00e1rnych kme\u0148ov kanabisu. Zdedila \u0161ialen\u00fa potenciu, sladk\u00fa chu\u0165 a p\u00f4sobiv\u00fa produktivitu.<\/p>\n","protected":false},"featured_media":1870,"comment_status":"open","ping_status":"closed","template":"","meta":{"inline_featured_image":false},"product_brand":[],"product_cat":[348],"product_tag":[369,394,373,375,382,390,389,376,378,379,370,381,380,374,393,392,383,371,386,387,388,385,384,391,377,372,395],"class_list":{"0":"post-1869","1":"product","2":"type-product","3":"status-publish","4":"has-post-thumbnail","6":"product_cat-marihuana","7":"product_tag-afgansk-kush","8":"product_tag-biely-nosoroec","9":"product_tag-blueberry-yum-yum","10":"product_tag-buy-wholesale-marijuana","11":"product_tag-citrnov-kvapka","12":"product_tag-purpurovo-kush","13":"product_tag-fialov-opar","14":"product_tag-ganja-na-predaj","15":"product_tag-grand-daddy-purple","16":"product_tag-green-crack","17":"product_tag-guov-vak","18":"product_tag-kandy-kush","19":"product_tag-konope-na-predaj","20":"product_tag-kpi-lacno-burinu-online","21":"product_tag-sour-and-kush","22":"product_tag-kysl-nafta","23":"product_tag-mango-kush","24":"product_tag-best-weed-joints","25":"product_tag-og-kush","26":"product_tag-pineapple-kush","27":"product_tag-stroskotanie-lietadla","28":"product_tag-polrna-iara-5","29":"product_tag-marihuana-rastliny","30":"product_tag-sensi-star-x-ak47","31":"product_tag-skautsk-koliky","32":"product_tag-vek-ponuka","33":"product_tag-biela-vdova-x-severne-svetla","35":"first","36":"instock","37":"shipping-taxable","38":"purchasable","39":"product-type-simple"},"yoast_head":"<!-- This site is optimized with the Yoast SEO Premium plugin v20.6 (Yoast SEO v27.4) - https:\/\/yoast.com\/product\/yoast-seo-premium-wordpress\/ -->\n<title>Cookies Gelato na predaj - najlep\u0161ie miesto na n\u00e1kup buriny |<\/title>\n<meta name=\"description\" content=\"K\u00fapte si Gelato Cookies Weed online od. Gelato je dr\u00e1\u017ediv\u00fd hybridn\u00fd kme\u0148 kanabisu od Cookie Fam a Sherbinski. Cookies Gelato na predaj\" \/>\n<meta name=\"robots\" content=\"index, follow, max-snippet:-1, max-image-preview:large, max-video-preview:-1\" \/>\n<link rel=\"canonical\" href=\"https:\/\/gooddealersmeds.com\/sk\/product\/susienky-gelato\/\" \/>\n<meta property=\"og:locale\" content=\"en_US\" \/>\n<meta property=\"og:type\" content=\"article\" \/>\n<meta property=\"og:title\" content=\"K\u00fapte si Cookies Gelato online\" \/>\n<meta property=\"og:description\" content=\"K\u00fapte si Gelato Cookies Weed online od. Gelato je dr\u00e1\u017ediv\u00fd hybridn\u00fd kme\u0148 kanabisu od Cookie Fam a Sherbinski. Cookies Gelato na predaj\" \/>\n<meta property=\"og:url\" content=\"https:\/\/gooddealersmeds.com\/sk\/product\/susienky-gelato\/\" \/>\n<meta property=\"og:site_name\" content=\"Good Dealers Meds\" \/>\n<meta property=\"article:modified_time\" content=\"2022-10-03T22:04:40+00:00\" \/>\n<meta property=\"og:image\" content=\"https:\/\/gooddealersmeds.com\/sk\/wp-content\/uploads\/sites\/9\/2022\/06\/COOKIES-GELATO.jpg\" \/>\n\t<meta property=\"og:image:width\" content=\"600\" \/>\n\t<meta property=\"og:image:height\" content=\"600\" \/>\n\t<meta property=\"og:image:type\" content=\"image\/jpeg\" \/>\n<meta name=\"twitter:card\" content=\"summary_large_image\" \/>\n<meta name=\"twitter:label1\" content=\"Est. reading time\" \/>\n\t<meta name=\"twitter:data1\" content=\"1 minute\" \/>\n<script type=\"application\/ld+json\" class=\"yoast-schema-graph\">{\"@context\":\"https:\\\/\\\/schema.org\",\"@graph\":[{\"@type\":\"WebPage\",\"@id\":\"https:\\\/\\\/gooddealersmeds.com\\\/sk\\\/product\\\/susienky-gelato\\\/\",\"url\":\"https:\\\/\\\/gooddealersmeds.com\\\/sk\\\/product\\\/susienky-gelato\\\/\",\"name\":\"Cookies Gelato na predaj - najlep\u0161ie miesto na n\u00e1kup buriny |\",\"isPartOf\":{\"@id\":\"https:\\\/\\\/gooddealersmeds.com\\\/sk\\\/#website\"},\"primaryImageOfPage\":{\"@id\":\"https:\\\/\\\/gooddealersmeds.com\\\/sk\\\/product\\\/susienky-gelato\\\/#primaryimage\"},\"image\":{\"@id\":\"https:\\\/\\\/gooddealersmeds.com\\\/sk\\\/product\\\/susienky-gelato\\\/#primaryimage\"},\"thumbnailUrl\":\"https:\\\/\\\/gooddealersmeds.com\\\/sk\\\/wp-content\\\/uploads\\\/sites\\\/9\\\/2022\\\/06\\\/COOKIES-GELATO.jpg\",\"datePublished\":\"2022-06-30T00:00:32+00:00\",\"dateModified\":\"2022-10-03T22:04:40+00:00\",\"description\":\"K\u00fapte si Gelato Cookies Weed online od. Gelato je dr\u00e1\u017ediv\u00fd hybridn\u00fd kme\u0148 kanabisu od Cookie Fam a Sherbinski. Cookies Gelato na predaj\",\"breadcrumb\":{\"@id\":\"https:\\\/\\\/gooddealersmeds.com\\\/sk\\\/product\\\/susienky-gelato\\\/#breadcrumb\"},\"inLanguage\":\"en-US\",\"potentialAction\":[{\"@type\":\"ReadAction\",\"target\":[\"https:\\\/\\\/gooddealersmeds.com\\\/sk\\\/product\\\/susienky-gelato\\\/\"]}]},{\"@type\":\"ImageObject\",\"inLanguage\":\"en-US\",\"@id\":\"https:\\\/\\\/gooddealersmeds.com\\\/sk\\\/product\\\/susienky-gelato\\\/#primaryimage\",\"url\":\"https:\\\/\\\/gooddealersmeds.com\\\/sk\\\/wp-content\\\/uploads\\\/sites\\\/9\\\/2022\\\/06\\\/COOKIES-GELATO.jpg\",\"contentUrl\":\"https:\\\/\\\/gooddealersmeds.com\\\/sk\\\/wp-content\\\/uploads\\\/sites\\\/9\\\/2022\\\/06\\\/COOKIES-GELATO.jpg\",\"width\":600,\"height\":600,\"caption\":\"Cookies Gelato\"},{\"@type\":\"BreadcrumbList\",\"@id\":\"https:\\\/\\\/gooddealersmeds.com\\\/sk\\\/product\\\/susienky-gelato\\\/#breadcrumb\",\"itemListElement\":[{\"@type\":\"ListItem\",\"position\":1,\"name\":\"Home\",\"item\":\"https:\\\/\\\/gooddealersmeds.com\\\/sk\\\/\"},{\"@type\":\"ListItem\",\"position\":2,\"name\":\"Produkty\",\"item\":\"https:\\\/\\\/gooddealersmeds.com\\\/sk\\\/produkty\\\/\"},{\"@type\":\"ListItem\",\"position\":3,\"name\":\"K\u00fapte si Cookies Gelato online\"}]},{\"@type\":\"WebSite\",\"@id\":\"https:\\\/\\\/gooddealersmeds.com\\\/sk\\\/#website\",\"url\":\"https:\\\/\\\/gooddealersmeds.com\\\/sk\\\/\",\"name\":\"Good Dealers Meds\",\"description\":\"All our best\",\"publisher\":{\"@id\":\"https:\\\/\\\/gooddealersmeds.com\\\/sk\\\/#organization\"},\"potentialAction\":[{\"@type\":\"SearchAction\",\"target\":{\"@type\":\"EntryPoint\",\"urlTemplate\":\"https:\\\/\\\/gooddealersmeds.com\\\/sk\\\/?s={search_term_string}\"},\"query-input\":{\"@type\":\"PropertyValueSpecification\",\"valueRequired\":true,\"valueName\":\"search_term_string\"}}],\"inLanguage\":\"en-US\"},{\"@type\":\"Organization\",\"@id\":\"https:\\\/\\\/gooddealersmeds.com\\\/sk\\\/#organization\",\"name\":\"Good Dealers Meds\",\"url\":\"https:\\\/\\\/gooddealersmeds.com\\\/sk\\\/\",\"logo\":{\"@type\":\"ImageObject\",\"inLanguage\":\"en-US\",\"@id\":\"https:\\\/\\\/gooddealersmeds.com\\\/sk\\\/#\\\/schema\\\/logo\\\/image\\\/\",\"url\":\"https:\\\/\\\/gooddealersmeds.com\\\/sk\\\/wp-content\\\/uploads\\\/sites\\\/9\\\/2022\\\/03\\\/gooddealersmeds__logo__20220317T222800Z.00.png\",\"contentUrl\":\"https:\\\/\\\/gooddealersmeds.com\\\/sk\\\/wp-content\\\/uploads\\\/sites\\\/9\\\/2022\\\/03\\\/gooddealersmeds__logo__20220317T222800Z.00.png\",\"width\":500,\"height\":325,\"caption\":\"Good Dealers Meds\"},\"image\":{\"@id\":\"https:\\\/\\\/gooddealersmeds.com\\\/sk\\\/#\\\/schema\\\/logo\\\/image\\\/\"}}]}<\/script>\n<!-- \/ Yoast SEO Premium plugin. -->","yoast_head_json":{"title":"Cookies Gelato na predaj - najlep\u0161ie miesto na n\u00e1kup buriny |","description":"K\u00fapte si Gelato Cookies Weed online od. Gelato je dr\u00e1\u017ediv\u00fd hybridn\u00fd kme\u0148 kanabisu od Cookie Fam a Sherbinski. Cookies Gelato na predaj","robots":{"index":"index","follow":"follow","max-snippet":"max-snippet:-1","max-image-preview":"max-image-preview:large","max-video-preview":"max-video-preview:-1"},"canonical":"https:\/\/gooddealersmeds.com\/sk\/product\/susienky-gelato\/","og_locale":"en_US","og_type":"article","og_title":"K\u00fapte si Cookies Gelato online","og_description":"K\u00fapte si Gelato Cookies Weed online od. Gelato je dr\u00e1\u017ediv\u00fd hybridn\u00fd kme\u0148 kanabisu od Cookie Fam a Sherbinski. Cookies Gelato na predaj","og_url":"https:\/\/gooddealersmeds.com\/sk\/product\/susienky-gelato\/","og_site_name":"Good Dealers Meds","article_modified_time":"2022-10-03T22:04:40+00:00","og_image":[{"width":600,"height":600,"url":"https:\/\/gooddealersmeds.com\/sk\/wp-content\/uploads\/sites\/9\/2022\/06\/COOKIES-GELATO.jpg","type":"image\/jpeg"}],"twitter_card":"summary_large_image","twitter_misc":{"Est. reading time":"1 minute"},"schema":{"@context":"https:\/\/schema.org","@graph":[{"@type":"WebPage","@id":"https:\/\/gooddealersmeds.com\/sk\/product\/susienky-gelato\/","url":"https:\/\/gooddealersmeds.com\/sk\/product\/susienky-gelato\/","name":"Cookies Gelato na predaj - najlep\u0161ie miesto na n\u00e1kup buriny |","isPartOf":{"@id":"https:\/\/gooddealersmeds.com\/sk\/#website"},"primaryImageOfPage":{"@id":"https:\/\/gooddealersmeds.com\/sk\/product\/susienky-gelato\/#primaryimage"},"image":{"@id":"https:\/\/gooddealersmeds.com\/sk\/product\/susienky-gelato\/#primaryimage"},"thumbnailUrl":"https:\/\/gooddealersmeds.com\/sk\/wp-content\/uploads\/sites\/9\/2022\/06\/COOKIES-GELATO.jpg","datePublished":"2022-06-30T00:00:32+00:00","dateModified":"2022-10-03T22:04:40+00:00","description":"K\u00fapte si Gelato Cookies Weed online od. Gelato je dr\u00e1\u017ediv\u00fd hybridn\u00fd kme\u0148 kanabisu od Cookie Fam a Sherbinski. Cookies Gelato na predaj","breadcrumb":{"@id":"https:\/\/gooddealersmeds.com\/sk\/product\/susienky-gelato\/#breadcrumb"},"inLanguage":"en-US","potentialAction":[{"@type":"ReadAction","target":["https:\/\/gooddealersmeds.com\/sk\/product\/susienky-gelato\/"]}]},{"@type":"ImageObject","inLanguage":"en-US","@id":"https:\/\/gooddealersmeds.com\/sk\/product\/susienky-gelato\/#primaryimage","url":"https:\/\/gooddealersmeds.com\/sk\/wp-content\/uploads\/sites\/9\/2022\/06\/COOKIES-GELATO.jpg","contentUrl":"https:\/\/gooddealersmeds.com\/sk\/wp-content\/uploads\/sites\/9\/2022\/06\/COOKIES-GELATO.jpg","width":600,"height":600,"caption":"Cookies Gelato"},{"@type":"BreadcrumbList","@id":"https:\/\/gooddealersmeds.com\/sk\/product\/susienky-gelato\/#breadcrumb","itemListElement":[{"@type":"ListItem","position":1,"name":"Home","item":"https:\/\/gooddealersmeds.com\/sk\/"},{"@type":"ListItem","position":2,"name":"Produkty","item":"https:\/\/gooddealersmeds.com\/sk\/produkty\/"},{"@type":"ListItem","position":3,"name":"K\u00fapte si Cookies Gelato online"}]},{"@type":"WebSite","@id":"https:\/\/gooddealersmeds.com\/sk\/#website","url":"https:\/\/gooddealersmeds.com\/sk\/","name":"Good Dealers Meds","description":"All our best","publisher":{"@id":"https:\/\/gooddealersmeds.com\/sk\/#organization"},"potentialAction":[{"@type":"SearchAction","target":{"@type":"EntryPoint","urlTemplate":"https:\/\/gooddealersmeds.com\/sk\/?s={search_term_string}"},"query-input":{"@type":"PropertyValueSpecification","valueRequired":true,"valueName":"search_term_string"}}],"inLanguage":"en-US"},{"@type":"Organization","@id":"https:\/\/gooddealersmeds.com\/sk\/#organization","name":"Good Dealers Meds","url":"https:\/\/gooddealersmeds.com\/sk\/","logo":{"@type":"ImageObject","inLanguage":"en-US","@id":"https:\/\/gooddealersmeds.com\/sk\/#\/schema\/logo\/image\/","url":"https:\/\/gooddealersmeds.com\/sk\/wp-content\/uploads\/sites\/9\/2022\/03\/gooddealersmeds__logo__20220317T222800Z.00.png","contentUrl":"https:\/\/gooddealersmeds.com\/sk\/wp-content\/uploads\/sites\/9\/2022\/03\/gooddealersmeds__logo__20220317T222800Z.00.png","width":500,"height":325,"caption":"Good Dealers Meds"},"image":{"@id":"https:\/\/gooddealersmeds.com\/sk\/#\/schema\/logo\/image\/"}}]}},"_links":{"self":[{"href":"https:\/\/gooddealersmeds.com\/sk\/wp-json\/wp\/v2\/product\/1869","targetHints":{"allow":["GET"]}}],"collection":[{"href":"https:\/\/gooddealersmeds.com\/sk\/wp-json\/wp\/v2\/product"}],"about":[{"href":"https:\/\/gooddealersmeds.com\/sk\/wp-json\/wp\/v2\/types\/product"}],"replies":[{"embeddable":true,"href":"https:\/\/gooddealersmeds.com\/sk\/wp-json\/wp\/v2\/comments?post=1869"}],"wp:featuredmedia":[{"embeddable":true,"href":"https:\/\/gooddealersmeds.com\/sk\/wp-json\/wp\/v2\/media\/1870"}],"wp:attachment":[{"href":"https:\/\/gooddealersmeds.com\/sk\/wp-json\/wp\/v2\/media?parent=1869"}],"wp:term":[{"taxonomy":"product_brand","embeddable":true,"href":"https:\/\/gooddealersmeds.com\/sk\/wp-json\/wp\/v2\/product_brand?post=1869"},{"taxonomy":"product_cat","embeddable":true,"href":"https:\/\/gooddealersmeds.com\/sk\/wp-json\/wp\/v2\/product_cat?post=1869"},{"taxonomy":"product_tag","embeddable":true,"href":"https:\/\/gooddealersmeds.com\/sk\/wp-json\/wp\/v2\/product_tag?post=1869"}],"curies":[{"name":"wp","href":"https:\/\/api.w.org\/{rel}","templated":true}]}}