{"id":1867,"date":"2022-06-29T23:56:03","date_gmt":"2022-06-29T23:56:03","guid":{"rendered":"https:\/\/gooddealersmeds.com\/sk\/?post_type=product&#038;p=1867"},"modified":"2022-10-03T22:04:47","modified_gmt":"2022-10-03T22:04:47","slug":"amnezia-opar","status":"publish","type":"product","link":"https:\/\/gooddealersmeds.com\/sk\/product\/amnezia-opar\/","title":{"rendered":"K\u00fapi\u0165 Amnesia Haze online"},"content":{"rendered":"<h1><strong>K\u00fapi\u0165 Amnesia Haze online <\/strong><\/h1>\n<p><strong>\u00a0<\/strong><\/p>\n<p><a href=\"https:\/\/gooddealersmeds.com\/sk\/ product\/amnesia-haze\/\">Amnesia Haze Online<\/a> s\u00fa najkvalitnej\u0161ie a naj\u00fa\u010dinnej\u0161ie kmene kanabisu, ak\u00e9 m\u00f4\u017eete n\u00e1js\u0165. Je to kme\u0148 s dominanciou Sativy s vlhkou ar\u00f3mou a chu\u0165ou. High je ve\u013emi siln\u00fd a vydr\u017e\u00ed asi 2 hodiny. M\u00e1 pomer Sativa\/Indica 60\/40 s obsahom THC 16 % a obsahom CBD 1 %.<\/p>\n<p>Amnesia Haze je siln\u00fd kme\u0148 Indica pre cel\u00e9 telo, ktor\u00fd rastie v hu\u0148atom, hustom tvare . P\u00fa\u010diky s\u00fa pokryt\u00e9 zelen\u00fdmi piestikmi a oran\u017eov\u00fdmi ch\u013apkami. P\u00fa\u010diky maj\u00fa siln\u00fa skunky ar\u00f3mu s n\u00e1dychom sladk\u00e9ho ovocia. Rastlina je stredne ve\u013ek\u00e1, s dlh\u00fdmi, tmavozelen\u00fdmi listami. Kvety maj\u00fa fialov\u00e9 piestiky a oran\u017eov\u00e9 ch\u013apky.<\/p>\n<p>Amnesia Haze je jemn\u00e1 vlna s \u00fa\u010dinkami, ktor\u00e9 trvaj\u00fa a\u017e dve hodiny. Je ide\u00e1lny na relax\u00e1ciu, \u010d\u00edtanie alebo sledovanie filmov.<\/p>\n<p>Vysok\u00e1 \u00farove\u0148 nastupuje pomaly a \u010dasom narast\u00e1, ke\u010f sa jej obsah THC po\u010das z\u00e1\u017eitku zvy\u0161uje. Mozgov\u00e9 \u00fa\u010dinky zah\u0155\u0148aj\u00fa siln\u00fa euf\u00f3riu, ktor\u00e1 m\u00f4\u017ee by\u0165 sprev\u00e1dzan\u00e1 z\u00e1vratmi, relax\u00e1ciou a zn\u00ed\u017eenou \u00farov\u0148ou \u00fazkosti. \u00da\u010dinky na telo zah\u0155\u0148aj\u00fa znecitlivenie kon\u010dat\u00edn, sucho v \u00fastach a \u0165a\u017ek\u00e9 po\u0161kodenie zraku, \u010do m\u00f4\u017ee ma\u0165 za n\u00e1sledok zl\u00fa bezpe\u010dnos\u0165 jazdy pri pou\u017e\u00edvan\u00ed tohto produktu.<\/p>\n<p><strong>\u00a0<\/strong><\/p>\n<p><strong>Pre\u010do nakupova\u0165 Amnesia Haze online <\/strong><\/p>\n<p><strong>\u00a0<\/strong><\/p>\n<p>Ke\u010f sa chyst\u00e1te k\u00fapi\u0165 kanabis, existuje ve\u013ea d\u00f4vodov, pre\u010do by ste si mali k\u00fapi\u0165 Amnesia Haze online .<\/p>\n<p>Po prv\u00e9, budete ma\u0165 pr\u00edstup k r\u00f4znym kme\u0148om, k\u00fdm s\u00fa st\u00e1le na sklade.<\/p>\n<p>Po druh\u00e9, m\u00f4\u017eete u\u0161etri\u0165 \u010das, preto\u017ee neexistuj\u00fa \u017eiadne \u010dakacie doby ani limity, pokia\u013e ide o nakupovanie produktov online.<\/p>\n<p>Po tretie, ak si chcete k\u00fapi\u0165 nejak\u00e9 \u010fal\u0161ie pr\u00edslu\u0161enstvo, ako s\u00fa bongy alebo vaporiz\u00e9ry, potom je to \u010fal\u0161ia v\u00fdhoda a nakoniec, pre mnoh\u00fdch \u013eud\u00ed, ktor\u00ed vtedy ne\u017eij\u00fa dos\u0165 bl\u00edzko, je to nie je to tak\u00fd ve\u013ek\u00fd probl\u00e9m, preto\u017ee<\/p>\n<p><strong>\u00a0<\/strong><\/p>\n<p><strong>Najlep\u0161ie miesto na n\u00e1kup Amnesia Haze online<\/strong><\/p>\n<p> Prem\u00fd\u0161\u013eali ste niekedy, kde je najlep\u0161ie k\u00fapi\u0165 Amnesia Haze Online? Nie si s\u00e1m. Amnesia Haze si m\u00f4\u017eete objedna\u0165 online od Good Dealers Meds za najlep\u0161ie ceny. Sta\u010d\u00ed si u n\u00e1s objedna\u0165, sadn\u00fa\u0165 si a relaxova\u0165. Va\u0161a objedn\u00e1vka bude doru\u010den\u00e1 v s\u013e\u00fabenom \u010dasovom r\u00e1mci.<\/p>\n","protected":false},"excerpt":{"rendered":"<p>Po tom, \u010do sa do Holandska dostala genetika z\u00e1kalu a bolo vyroben\u00fdch nieko\u013eko hybridov, americk\u00fd expat nesk\u00f4r skombinoval jeden z t\u00fdchto hybridov so samcom z\u00edskan\u00fdm zo semien z\u00e1kalu starej \u0161koly, \u010d\u00edm sa vytvorila Amnesia Haze.<\/p>\n","protected":false},"featured_media":1868,"comment_status":"open","ping_status":"closed","template":"","meta":{"inline_featured_image":false},"product_brand":[],"product_cat":[348],"product_tag":[355,356,351,352,353,354,357,358,359,361,368,365,363,364,362,366,367,350,349,360],"class_list":{"0":"post-1867","1":"product","2":"type-product","3":"status-publish","4":"has-post-thumbnail","6":"product_cat-marihuana","7":"product_tag-ako-kpi-burinu","8":"product_tag-ako-kpi-burinu-v-nemecku","9":"product_tag-can-you-buy-weed","10":"product_tag-can-you-buy-weed-in-austria","11":"product_tag-can-you-buy-weed-in-switzerland","12":"product_tag-can-you-buy-weed-online","13":"product_tag-how-to-buy-weed-in-slovakia","14":"product_tag-how-to-buy-weed-in-slovenia","15":"product_tag-how-to-buy-weed-online","16":"product_tag-kde-kpi-trvu","17":"product_tag-kde-kpi-trvu-v-okolo-ma","18":"product_tag-kde-kupit-burinu-na-slovensku","19":"product_tag-kde-kpi-burinu-v-nemecku","20":"product_tag-kde-kpi-burinu-v-posku","21":"product_tag-kde-kpi-burinu-v-rakusku","22":"product_tag-kde-kupit-burinu-vo-svajciarsku","23":"product_tag-kde-na-kupit-burinu-v-uk","24":"product_tag-kpi-burinu-jedol-online","25":"product_tag-best-weed-stock-k-buy","26":"product_tag-burinu-stocks-to-buy","28":"first","29":"instock","30":"shipping-taxable","31":"purchasable","32":"product-type-simple"},"yoast_head":"<!-- This site is optimized with the Yoast SEO Premium plugin v20.6 (Yoast SEO v27.4) - https:\/\/yoast.com\/product\/yoast-seo-premium-wordpress\/ -->\n<title>K\u00fapi\u0165 Amnesia Haze online \u2013 semen\u00e1 kanabisu | Good Dealers Meds<\/title>\n<meta name=\"description\" content=\"K\u00fapte si Amnesia Haze online kme\u0148 u Good Dealers Meds a z\u00edskajte najlep\u0161ie ceny. To najlep\u0161ie zo \u0161vaj\u010diarskeho konope pod jednou strechou. Nakupujte online teraz!\" \/>\n<meta name=\"robots\" content=\"index, follow, max-snippet:-1, max-image-preview:large, max-video-preview:-1\" \/>\n<link rel=\"canonical\" href=\"https:\/\/gooddealersmeds.com\/sk\/product\/amnezia-opar\/\" \/>\n<meta property=\"og:locale\" content=\"en_US\" \/>\n<meta property=\"og:type\" content=\"article\" \/>\n<meta property=\"og:title\" content=\"K\u00fapi\u0165 Amnesia Haze online\" \/>\n<meta property=\"og:description\" content=\"K\u00fapte si Amnesia Haze online kme\u0148 u Good Dealers Meds a z\u00edskajte najlep\u0161ie ceny. To najlep\u0161ie zo \u0161vaj\u010diarskeho konope pod jednou strechou. Nakupujte online teraz!\" \/>\n<meta property=\"og:url\" content=\"https:\/\/gooddealersmeds.com\/sk\/product\/amnezia-opar\/\" \/>\n<meta property=\"og:site_name\" content=\"Good Dealers Meds\" \/>\n<meta property=\"article:modified_time\" content=\"2022-10-03T22:04:47+00:00\" \/>\n<meta property=\"og:image\" content=\"https:\/\/gooddealersmeds.com\/sk\/wp-content\/uploads\/sites\/9\/2022\/06\/AMNESIA-HAZE.jpg\" \/>\n\t<meta property=\"og:image:width\" content=\"600\" \/>\n\t<meta property=\"og:image:height\" content=\"600\" \/>\n\t<meta property=\"og:image:type\" content=\"image\/jpeg\" \/>\n<meta name=\"twitter:card\" content=\"summary_large_image\" \/>\n<meta name=\"twitter:label1\" content=\"Est. reading time\" \/>\n\t<meta name=\"twitter:data1\" content=\"2 minutes\" \/>\n<script type=\"application\/ld+json\" class=\"yoast-schema-graph\">{\"@context\":\"https:\\\/\\\/schema.org\",\"@graph\":[{\"@type\":\"WebPage\",\"@id\":\"https:\\\/\\\/gooddealersmeds.com\\\/sk\\\/product\\\/amnezia-opar\\\/\",\"url\":\"https:\\\/\\\/gooddealersmeds.com\\\/sk\\\/product\\\/amnezia-opar\\\/\",\"name\":\"K\u00fapi\u0165 Amnesia Haze online \u2013 semen\u00e1 kanabisu | Good Dealers Meds\",\"isPartOf\":{\"@id\":\"https:\\\/\\\/gooddealersmeds.com\\\/sk\\\/#website\"},\"primaryImageOfPage\":{\"@id\":\"https:\\\/\\\/gooddealersmeds.com\\\/sk\\\/product\\\/amnezia-opar\\\/#primaryimage\"},\"image\":{\"@id\":\"https:\\\/\\\/gooddealersmeds.com\\\/sk\\\/product\\\/amnezia-opar\\\/#primaryimage\"},\"thumbnailUrl\":\"https:\\\/\\\/gooddealersmeds.com\\\/sk\\\/wp-content\\\/uploads\\\/sites\\\/9\\\/2022\\\/06\\\/AMNESIA-HAZE.jpg\",\"datePublished\":\"2022-06-29T23:56:03+00:00\",\"dateModified\":\"2022-10-03T22:04:47+00:00\",\"description\":\"K\u00fapte si Amnesia Haze online kme\u0148 u Good Dealers Meds a z\u00edskajte najlep\u0161ie ceny. To najlep\u0161ie zo \u0161vaj\u010diarskeho konope pod jednou strechou. Nakupujte online teraz!\",\"breadcrumb\":{\"@id\":\"https:\\\/\\\/gooddealersmeds.com\\\/sk\\\/product\\\/amnezia-opar\\\/#breadcrumb\"},\"inLanguage\":\"en-US\",\"potentialAction\":[{\"@type\":\"ReadAction\",\"target\":[\"https:\\\/\\\/gooddealersmeds.com\\\/sk\\\/product\\\/amnezia-opar\\\/\"]}]},{\"@type\":\"ImageObject\",\"inLanguage\":\"en-US\",\"@id\":\"https:\\\/\\\/gooddealersmeds.com\\\/sk\\\/product\\\/amnezia-opar\\\/#primaryimage\",\"url\":\"https:\\\/\\\/gooddealersmeds.com\\\/sk\\\/wp-content\\\/uploads\\\/sites\\\/9\\\/2022\\\/06\\\/AMNESIA-HAZE.jpg\",\"contentUrl\":\"https:\\\/\\\/gooddealersmeds.com\\\/sk\\\/wp-content\\\/uploads\\\/sites\\\/9\\\/2022\\\/06\\\/AMNESIA-HAZE.jpg\",\"width\":600,\"height\":600,\"caption\":\"Buy Amnesia Haze\"},{\"@type\":\"BreadcrumbList\",\"@id\":\"https:\\\/\\\/gooddealersmeds.com\\\/sk\\\/product\\\/amnezia-opar\\\/#breadcrumb\",\"itemListElement\":[{\"@type\":\"ListItem\",\"position\":1,\"name\":\"Home\",\"item\":\"https:\\\/\\\/gooddealersmeds.com\\\/sk\\\/\"},{\"@type\":\"ListItem\",\"position\":2,\"name\":\"Produkty\",\"item\":\"https:\\\/\\\/gooddealersmeds.com\\\/sk\\\/produkty\\\/\"},{\"@type\":\"ListItem\",\"position\":3,\"name\":\"K\u00fapi\u0165 Amnesia Haze online\"}]},{\"@type\":\"WebSite\",\"@id\":\"https:\\\/\\\/gooddealersmeds.com\\\/sk\\\/#website\",\"url\":\"https:\\\/\\\/gooddealersmeds.com\\\/sk\\\/\",\"name\":\"Good Dealers Meds\",\"description\":\"All our best\",\"publisher\":{\"@id\":\"https:\\\/\\\/gooddealersmeds.com\\\/sk\\\/#organization\"},\"potentialAction\":[{\"@type\":\"SearchAction\",\"target\":{\"@type\":\"EntryPoint\",\"urlTemplate\":\"https:\\\/\\\/gooddealersmeds.com\\\/sk\\\/?s={search_term_string}\"},\"query-input\":{\"@type\":\"PropertyValueSpecification\",\"valueRequired\":true,\"valueName\":\"search_term_string\"}}],\"inLanguage\":\"en-US\"},{\"@type\":\"Organization\",\"@id\":\"https:\\\/\\\/gooddealersmeds.com\\\/sk\\\/#organization\",\"name\":\"Good Dealers Meds\",\"url\":\"https:\\\/\\\/gooddealersmeds.com\\\/sk\\\/\",\"logo\":{\"@type\":\"ImageObject\",\"inLanguage\":\"en-US\",\"@id\":\"https:\\\/\\\/gooddealersmeds.com\\\/sk\\\/#\\\/schema\\\/logo\\\/image\\\/\",\"url\":\"https:\\\/\\\/gooddealersmeds.com\\\/sk\\\/wp-content\\\/uploads\\\/sites\\\/9\\\/2022\\\/03\\\/gooddealersmeds__logo__20220317T222800Z.00.png\",\"contentUrl\":\"https:\\\/\\\/gooddealersmeds.com\\\/sk\\\/wp-content\\\/uploads\\\/sites\\\/9\\\/2022\\\/03\\\/gooddealersmeds__logo__20220317T222800Z.00.png\",\"width\":500,\"height\":325,\"caption\":\"Good Dealers Meds\"},\"image\":{\"@id\":\"https:\\\/\\\/gooddealersmeds.com\\\/sk\\\/#\\\/schema\\\/logo\\\/image\\\/\"}}]}<\/script>\n<!-- \/ Yoast SEO Premium plugin. -->","yoast_head_json":{"title":"K\u00fapi\u0165 Amnesia Haze online \u2013 semen\u00e1 kanabisu | Good Dealers Meds","description":"K\u00fapte si Amnesia Haze online kme\u0148 u Good Dealers Meds a z\u00edskajte najlep\u0161ie ceny. To najlep\u0161ie zo \u0161vaj\u010diarskeho konope pod jednou strechou. Nakupujte online teraz!","robots":{"index":"index","follow":"follow","max-snippet":"max-snippet:-1","max-image-preview":"max-image-preview:large","max-video-preview":"max-video-preview:-1"},"canonical":"https:\/\/gooddealersmeds.com\/sk\/product\/amnezia-opar\/","og_locale":"en_US","og_type":"article","og_title":"K\u00fapi\u0165 Amnesia Haze online","og_description":"K\u00fapte si Amnesia Haze online kme\u0148 u Good Dealers Meds a z\u00edskajte najlep\u0161ie ceny. To najlep\u0161ie zo \u0161vaj\u010diarskeho konope pod jednou strechou. Nakupujte online teraz!","og_url":"https:\/\/gooddealersmeds.com\/sk\/product\/amnezia-opar\/","og_site_name":"Good Dealers Meds","article_modified_time":"2022-10-03T22:04:47+00:00","og_image":[{"width":600,"height":600,"url":"https:\/\/gooddealersmeds.com\/sk\/wp-content\/uploads\/sites\/9\/2022\/06\/AMNESIA-HAZE.jpg","type":"image\/jpeg"}],"twitter_card":"summary_large_image","twitter_misc":{"Est. reading time":"2 minutes"},"schema":{"@context":"https:\/\/schema.org","@graph":[{"@type":"WebPage","@id":"https:\/\/gooddealersmeds.com\/sk\/product\/amnezia-opar\/","url":"https:\/\/gooddealersmeds.com\/sk\/product\/amnezia-opar\/","name":"K\u00fapi\u0165 Amnesia Haze online \u2013 semen\u00e1 kanabisu | Good Dealers Meds","isPartOf":{"@id":"https:\/\/gooddealersmeds.com\/sk\/#website"},"primaryImageOfPage":{"@id":"https:\/\/gooddealersmeds.com\/sk\/product\/amnezia-opar\/#primaryimage"},"image":{"@id":"https:\/\/gooddealersmeds.com\/sk\/product\/amnezia-opar\/#primaryimage"},"thumbnailUrl":"https:\/\/gooddealersmeds.com\/sk\/wp-content\/uploads\/sites\/9\/2022\/06\/AMNESIA-HAZE.jpg","datePublished":"2022-06-29T23:56:03+00:00","dateModified":"2022-10-03T22:04:47+00:00","description":"K\u00fapte si Amnesia Haze online kme\u0148 u Good Dealers Meds a z\u00edskajte najlep\u0161ie ceny. To najlep\u0161ie zo \u0161vaj\u010diarskeho konope pod jednou strechou. Nakupujte online teraz!","breadcrumb":{"@id":"https:\/\/gooddealersmeds.com\/sk\/product\/amnezia-opar\/#breadcrumb"},"inLanguage":"en-US","potentialAction":[{"@type":"ReadAction","target":["https:\/\/gooddealersmeds.com\/sk\/product\/amnezia-opar\/"]}]},{"@type":"ImageObject","inLanguage":"en-US","@id":"https:\/\/gooddealersmeds.com\/sk\/product\/amnezia-opar\/#primaryimage","url":"https:\/\/gooddealersmeds.com\/sk\/wp-content\/uploads\/sites\/9\/2022\/06\/AMNESIA-HAZE.jpg","contentUrl":"https:\/\/gooddealersmeds.com\/sk\/wp-content\/uploads\/sites\/9\/2022\/06\/AMNESIA-HAZE.jpg","width":600,"height":600,"caption":"Buy Amnesia Haze"},{"@type":"BreadcrumbList","@id":"https:\/\/gooddealersmeds.com\/sk\/product\/amnezia-opar\/#breadcrumb","itemListElement":[{"@type":"ListItem","position":1,"name":"Home","item":"https:\/\/gooddealersmeds.com\/sk\/"},{"@type":"ListItem","position":2,"name":"Produkty","item":"https:\/\/gooddealersmeds.com\/sk\/produkty\/"},{"@type":"ListItem","position":3,"name":"K\u00fapi\u0165 Amnesia Haze online"}]},{"@type":"WebSite","@id":"https:\/\/gooddealersmeds.com\/sk\/#website","url":"https:\/\/gooddealersmeds.com\/sk\/","name":"Good Dealers Meds","description":"All our best","publisher":{"@id":"https:\/\/gooddealersmeds.com\/sk\/#organization"},"potentialAction":[{"@type":"SearchAction","target":{"@type":"EntryPoint","urlTemplate":"https:\/\/gooddealersmeds.com\/sk\/?s={search_term_string}"},"query-input":{"@type":"PropertyValueSpecification","valueRequired":true,"valueName":"search_term_string"}}],"inLanguage":"en-US"},{"@type":"Organization","@id":"https:\/\/gooddealersmeds.com\/sk\/#organization","name":"Good Dealers Meds","url":"https:\/\/gooddealersmeds.com\/sk\/","logo":{"@type":"ImageObject","inLanguage":"en-US","@id":"https:\/\/gooddealersmeds.com\/sk\/#\/schema\/logo\/image\/","url":"https:\/\/gooddealersmeds.com\/sk\/wp-content\/uploads\/sites\/9\/2022\/03\/gooddealersmeds__logo__20220317T222800Z.00.png","contentUrl":"https:\/\/gooddealersmeds.com\/sk\/wp-content\/uploads\/sites\/9\/2022\/03\/gooddealersmeds__logo__20220317T222800Z.00.png","width":500,"height":325,"caption":"Good Dealers Meds"},"image":{"@id":"https:\/\/gooddealersmeds.com\/sk\/#\/schema\/logo\/image\/"}}]}},"_links":{"self":[{"href":"https:\/\/gooddealersmeds.com\/sk\/wp-json\/wp\/v2\/product\/1867","targetHints":{"allow":["GET"]}}],"collection":[{"href":"https:\/\/gooddealersmeds.com\/sk\/wp-json\/wp\/v2\/product"}],"about":[{"href":"https:\/\/gooddealersmeds.com\/sk\/wp-json\/wp\/v2\/types\/product"}],"replies":[{"embeddable":true,"href":"https:\/\/gooddealersmeds.com\/sk\/wp-json\/wp\/v2\/comments?post=1867"}],"wp:featuredmedia":[{"embeddable":true,"href":"https:\/\/gooddealersmeds.com\/sk\/wp-json\/wp\/v2\/media\/1868"}],"wp:attachment":[{"href":"https:\/\/gooddealersmeds.com\/sk\/wp-json\/wp\/v2\/media?parent=1867"}],"wp:term":[{"taxonomy":"product_brand","embeddable":true,"href":"https:\/\/gooddealersmeds.com\/sk\/wp-json\/wp\/v2\/product_brand?post=1867"},{"taxonomy":"product_cat","embeddable":true,"href":"https:\/\/gooddealersmeds.com\/sk\/wp-json\/wp\/v2\/product_cat?post=1867"},{"taxonomy":"product_tag","embeddable":true,"href":"https:\/\/gooddealersmeds.com\/sk\/wp-json\/wp\/v2\/product_tag?post=1867"}],"curies":[{"name":"wp","href":"https:\/\/api.w.org\/{rel}","templated":true}]}}