{"id":1833,"date":"2022-06-22T20:57:16","date_gmt":"2022-06-22T20:57:16","guid":{"rendered":"https:\/\/gooddealersmeds.com\/sk\/?post_type=product&#038;p=1833"},"modified":"2022-10-03T22:04:54","modified_gmt":"2022-10-03T22:04:54","slug":"rivotril","status":"publish","type":"product","link":"https:\/\/gooddealersmeds.com\/sk\/product\/rivotril\/","title":{"rendered":"K\u00fapte si Rivotril online"},"content":{"rendered":"<h1><strong>K\u00fapi\u0165 Rivotril online<\/strong><\/h1>\n<p><a href=\"https:\/\/gooddealersmeds.com\/sk\/product\/rivotril\/\">Rivotril<\/a> je liek, ktor\u00fd sa pou\u017e\u00edva pri lie\u010dbe vysok\u00e9ho krvn\u00e9ho tlaku. Je dostupn\u00fd ako tableta, kapsula a tableta s pred\u013a\u017een\u00fdm uvo\u013e\u0148ovan\u00edm. Liek patr\u00ed do skupiny blok\u00e1torov v\u00e1pnikov\u00fdch kan\u00e1lov. Na rozdiel od in\u00fdch liekov na vysok\u00fd krvn\u00fd tlak, ktor\u00e9 uvo\u013e\u0148uj\u00fa tepny a zni\u017euj\u00fa srdcov\u00fa frekvenciu, tento liek blokuje v\u00e1pnikov\u00e9 kan\u00e1ly v srdci, \u010do vedie k zv\u00fd\u0161eniu srdcovej frekvencie a krvn\u00e9ho tlaku.<\/p>\n<p>&nbsp;<\/p>\n<p>Rivotril je liek, ktor\u00fd mo\u017eno pou\u017ei\u0165 na lie\u010dbu depresie, \u00fazkosti a z\u00e1chvatov paniky. Funguje tak, \u017ee blokuje ur\u010dit\u00e9 chemick\u00e9 l\u00e1tky v mozgu, ktor\u00e9 m\u00f4\u017eu sp\u00f4sobova\u0165 sympt\u00f3my. Je k dispoz\u00edcii ako online obchod s drogami.<\/p>\n<p>Droga bola schv\u00e1len\u00e1 \u00daradom pre potraviny a lie\u010div\u00e1 v USA v roku 1987 a bola dostupn\u00e1 na predpis na lie\u010dbu depresie a <a href=\"https:\/\/www.apotheken -umschau.de\/medikamente\/beipackzettel\/rivotril-2-mg-tabletten-1874385.html\">\u00fazkostn\u00e9 poruchy<\/a>. Odvtedy sa predpisuje aj pri in\u00fdch ochoreniach, ako je bipol\u00e1rna porucha a z\u00e1chvaty paniky.<\/p>\n<p><strong>\u00a0<\/strong><\/p>\n<p><strong>Pre\u010do si k\u00fapi\u0165 Rivotril online?<\/strong><\/p>\n<p><strong>\u00a0<\/strong><\/p>\n<p>V\u00fdhody u\u017e\u00edvania tohto lieku zah\u0155\u0148aj\u00fa:<\/p>\n<p>1)\u00a0 Je \u00fa\u010dinn\u00fd pri kontrole krvn\u00e9ho tlaku a zni\u017eovan\u00ed riziko m\u0155tvice<\/p>\n<p>2)\u00a0 Pom\u00e1ha pri prevencii obli\u010dkov\u00fdch kame\u0148ov regul\u00e1ciou mo\u010denia<\/p>\n<p>3)\u00a0 V\u010faka svojim dlhotrvaj\u00facim \u00fa\u010dinkom v\u00e1m m\u00f4\u017ee pom\u00f4c\u0165 lep\u0161ie spa\u0165 a zn\u00ed\u017ei\u0165 \u00fanavu po pr\u00e1ci hod\u00edn<\/p>\n<p>4)\u00a0 Pom\u00e1ha predch\u00e1dza\u0165 po\u0161kodeniu obli\u010diek v d\u00f4sledku nadmern\u00e9ho zadr\u017eiavania tekut\u00edn v d\u00f4sledku vysok\u00e9ho krvn\u00e9ho tlaku<\/p>\n<p><strong>\u00a0<\/strong><\/p>\n<p><strong> Najlep\u0161ie miesto na n\u00e1kup Rivotrilu online<\/strong><\/p>\n<p>Mnoho lek\u00e1rn\u00ed d\u00e1va Rivotril na webe, no liek Great Dealers Meds je najlep\u0161\u00edm miestom na vystopovanie tohto lieku. Pon\u00fakame v\u00e1\u017ene n\u00e1klady a ve\u013ek\u00e9 mno\u017estvo liekov vr\u00e1tane Rivotrilu. Rivotril si m\u00f4\u017eete rezervova\u0165 aj online prostredn\u00edctvom Great Dealers Meds na na\u0161ej str\u00e1nke obchodu online.<\/p>\n","protected":false},"excerpt":{"rendered":"<p>K\u00fapte si Rivotril 2 mg online, ide o\u00a0benzodiazep\u00edn, \u010do znamen\u00e1, \u017ee m\u00e1 upokojuj\u00faci \u00fa\u010dinok na mozog. Zni\u017euje z\u00e1chvaty, \u00fazkos\u0165 a pou\u017e\u00edva sa na lie\u010dbu z\u00e1chvatov\u00fdch por\u00fach. Rivotril spoma\u013euje \u010dinnos\u0165 nervov v mozgu, uvo\u013e\u0148uje nap\u00e4t\u00e9 svaly a m\u00f4\u017ee pom\u00f4c\u0165 pri probl\u00e9moch so sp\u00e1nkom (nespavos\u0165). Rivotril 2 mg sa zvy\u010dajne predpisuje na kr\u00e1tke obdobie, ak sa pou\u017e\u00edva na lie\u010dbu probl\u00e9mov so sp\u00e1nkom. Ak u\u017e\u00edvate Clonazepam dlh\u0161\u00ed \u010das alebo vo vysok\u00fdch d\u00e1vkach, pred ukon\u010den\u00edm sa pora\u010fte so svoj\u00edm lek\u00e1rom.<\/p>\n","protected":false},"featured_media":1840,"comment_status":"open","ping_status":"closed","template":"","meta":{"inline_featured_image":false},"product_brand":[],"product_cat":[347],"product_tag":[338,339,341,340],"class_list":{"0":"post-1833","1":"product","2":"type-product","3":"status-publish","4":"has-post-thumbnail","6":"product_cat-opioidn-liek-proti-bolesti","7":"product_tag-barbiturty","8":"product_tag-nembutal","9":"product_tag-samovraedn-spravy","10":"product_tag-vskum-chemiklie","12":"first","13":"instock","14":"shipping-taxable","15":"purchasable","16":"product-type-variable","17":"has-default-attributes"},"yoast_head":"<!-- This site is optimized with the Yoast SEO Premium plugin v20.6 (Yoast SEO v27.5) - https:\/\/yoast.com\/product\/yoast-seo-premium-wordpress\/ -->\n<title>K\u00fapi\u0165 online Rivotril (2 mg) Clonazepam |<\/title>\n<meta name=\"description\" content=\"K\u00fapte si Rivotril 2 mg online od Good Dealers Meds. Pou\u017e\u00edva sa na lie\u010dbu z\u00e1chvatov, \u00fazkosti a pou\u017e\u00edva sa na lie\u010dbu z\u00e1chvatov\u00fdch por\u00fach.\" \/>\n<meta name=\"robots\" content=\"index, follow, max-snippet:-1, max-image-preview:large, max-video-preview:-1\" \/>\n<link rel=\"canonical\" href=\"https:\/\/gooddealersmeds.com\/sk\/product\/rivotril\/\" \/>\n<meta property=\"og:locale\" content=\"en_US\" \/>\n<meta property=\"og:type\" content=\"article\" \/>\n<meta property=\"og:title\" content=\"K\u00fapte si Rivotril online\" \/>\n<meta property=\"og:description\" content=\"K\u00fapte si Rivotril 2 mg online od Good Dealers Meds. Pou\u017e\u00edva sa na lie\u010dbu z\u00e1chvatov, \u00fazkosti a pou\u017e\u00edva sa na lie\u010dbu z\u00e1chvatov\u00fdch por\u00fach.\" \/>\n<meta property=\"og:url\" content=\"https:\/\/gooddealersmeds.com\/sk\/product\/rivotril\/\" \/>\n<meta property=\"og:site_name\" content=\"Good Dealers Meds\" \/>\n<meta property=\"article:modified_time\" content=\"2022-10-03T22:04:54+00:00\" \/>\n<meta property=\"og:image\" content=\"https:\/\/gooddealersmeds.com\/sk\/wp-content\/uploads\/sites\/9\/2022\/06\/Rivotril-2mg.webp\" \/>\n\t<meta property=\"og:image:width\" content=\"600\" \/>\n\t<meta property=\"og:image:height\" content=\"600\" \/>\n\t<meta property=\"og:image:type\" content=\"image\/webp\" \/>\n<meta name=\"twitter:card\" content=\"summary_large_image\" \/>\n<meta name=\"twitter:label1\" content=\"Est. reading time\" \/>\n\t<meta name=\"twitter:data1\" content=\"2 minutes\" \/>\n<script type=\"application\/ld+json\" class=\"yoast-schema-graph\">{\"@context\":\"https:\\\/\\\/schema.org\",\"@graph\":[{\"@type\":\"WebPage\",\"@id\":\"https:\\\/\\\/gooddealersmeds.com\\\/sk\\\/product\\\/rivotril\\\/\",\"url\":\"https:\\\/\\\/gooddealersmeds.com\\\/sk\\\/product\\\/rivotril\\\/\",\"name\":\"K\u00fapi\u0165 online Rivotril (2 mg) Clonazepam |\",\"isPartOf\":{\"@id\":\"https:\\\/\\\/gooddealersmeds.com\\\/sk\\\/#website\"},\"primaryImageOfPage\":{\"@id\":\"https:\\\/\\\/gooddealersmeds.com\\\/sk\\\/product\\\/rivotril\\\/#primaryimage\"},\"image\":{\"@id\":\"https:\\\/\\\/gooddealersmeds.com\\\/sk\\\/product\\\/rivotril\\\/#primaryimage\"},\"thumbnailUrl\":\"https:\\\/\\\/gooddealersmeds.com\\\/sk\\\/wp-content\\\/uploads\\\/sites\\\/9\\\/2022\\\/06\\\/Rivotril-2mg.webp\",\"datePublished\":\"2022-06-22T20:57:16+00:00\",\"dateModified\":\"2022-10-03T22:04:54+00:00\",\"description\":\"K\u00fapte si Rivotril 2 mg online od Good Dealers Meds. Pou\u017e\u00edva sa na lie\u010dbu z\u00e1chvatov, \u00fazkosti a pou\u017e\u00edva sa na lie\u010dbu z\u00e1chvatov\u00fdch por\u00fach.\",\"breadcrumb\":{\"@id\":\"https:\\\/\\\/gooddealersmeds.com\\\/sk\\\/product\\\/rivotril\\\/#breadcrumb\"},\"inLanguage\":\"en-US\",\"potentialAction\":[{\"@type\":\"ReadAction\",\"target\":[\"https:\\\/\\\/gooddealersmeds.com\\\/sk\\\/product\\\/rivotril\\\/\"]}]},{\"@type\":\"ImageObject\",\"inLanguage\":\"en-US\",\"@id\":\"https:\\\/\\\/gooddealersmeds.com\\\/sk\\\/product\\\/rivotril\\\/#primaryimage\",\"url\":\"https:\\\/\\\/gooddealersmeds.com\\\/sk\\\/wp-content\\\/uploads\\\/sites\\\/9\\\/2022\\\/06\\\/Rivotril-2mg.webp\",\"contentUrl\":\"https:\\\/\\\/gooddealersmeds.com\\\/sk\\\/wp-content\\\/uploads\\\/sites\\\/9\\\/2022\\\/06\\\/Rivotril-2mg.webp\",\"width\":600,\"height\":600,\"caption\":\"Buy Rivotril Online\"},{\"@type\":\"BreadcrumbList\",\"@id\":\"https:\\\/\\\/gooddealersmeds.com\\\/sk\\\/product\\\/rivotril\\\/#breadcrumb\",\"itemListElement\":[{\"@type\":\"ListItem\",\"position\":1,\"name\":\"Home\",\"item\":\"https:\\\/\\\/gooddealersmeds.com\\\/sk\\\/\"},{\"@type\":\"ListItem\",\"position\":2,\"name\":\"Produkty\",\"item\":\"https:\\\/\\\/gooddealersmeds.com\\\/sk\\\/produkty\\\/\"},{\"@type\":\"ListItem\",\"position\":3,\"name\":\"K\u00fapte si Rivotril online\"}]},{\"@type\":\"WebSite\",\"@id\":\"https:\\\/\\\/gooddealersmeds.com\\\/sk\\\/#website\",\"url\":\"https:\\\/\\\/gooddealersmeds.com\\\/sk\\\/\",\"name\":\"Good Dealers Meds\",\"description\":\"All our best\",\"publisher\":{\"@id\":\"https:\\\/\\\/gooddealersmeds.com\\\/sk\\\/#organization\"},\"potentialAction\":[{\"@type\":\"SearchAction\",\"target\":{\"@type\":\"EntryPoint\",\"urlTemplate\":\"https:\\\/\\\/gooddealersmeds.com\\\/sk\\\/?s={search_term_string}\"},\"query-input\":{\"@type\":\"PropertyValueSpecification\",\"valueRequired\":true,\"valueName\":\"search_term_string\"}}],\"inLanguage\":\"en-US\"},{\"@type\":\"Organization\",\"@id\":\"https:\\\/\\\/gooddealersmeds.com\\\/sk\\\/#organization\",\"name\":\"Good Dealers Meds\",\"url\":\"https:\\\/\\\/gooddealersmeds.com\\\/sk\\\/\",\"logo\":{\"@type\":\"ImageObject\",\"inLanguage\":\"en-US\",\"@id\":\"https:\\\/\\\/gooddealersmeds.com\\\/sk\\\/#\\\/schema\\\/logo\\\/image\\\/\",\"url\":\"https:\\\/\\\/gooddealersmeds.com\\\/sk\\\/wp-content\\\/uploads\\\/sites\\\/9\\\/2022\\\/03\\\/gooddealersmeds__logo__20220317T222800Z.00.png\",\"contentUrl\":\"https:\\\/\\\/gooddealersmeds.com\\\/sk\\\/wp-content\\\/uploads\\\/sites\\\/9\\\/2022\\\/03\\\/gooddealersmeds__logo__20220317T222800Z.00.png\",\"width\":500,\"height\":325,\"caption\":\"Good Dealers Meds\"},\"image\":{\"@id\":\"https:\\\/\\\/gooddealersmeds.com\\\/sk\\\/#\\\/schema\\\/logo\\\/image\\\/\"}}]}<\/script>\n<!-- \/ Yoast SEO Premium plugin. -->","yoast_head_json":{"title":"K\u00fapi\u0165 online Rivotril (2 mg) Clonazepam |","description":"K\u00fapte si Rivotril 2 mg online od Good Dealers Meds. Pou\u017e\u00edva sa na lie\u010dbu z\u00e1chvatov, \u00fazkosti a pou\u017e\u00edva sa na lie\u010dbu z\u00e1chvatov\u00fdch por\u00fach.","robots":{"index":"index","follow":"follow","max-snippet":"max-snippet:-1","max-image-preview":"max-image-preview:large","max-video-preview":"max-video-preview:-1"},"canonical":"https:\/\/gooddealersmeds.com\/sk\/product\/rivotril\/","og_locale":"en_US","og_type":"article","og_title":"K\u00fapte si Rivotril online","og_description":"K\u00fapte si Rivotril 2 mg online od Good Dealers Meds. Pou\u017e\u00edva sa na lie\u010dbu z\u00e1chvatov, \u00fazkosti a pou\u017e\u00edva sa na lie\u010dbu z\u00e1chvatov\u00fdch por\u00fach.","og_url":"https:\/\/gooddealersmeds.com\/sk\/product\/rivotril\/","og_site_name":"Good Dealers Meds","article_modified_time":"2022-10-03T22:04:54+00:00","og_image":[{"width":600,"height":600,"url":"https:\/\/gooddealersmeds.com\/sk\/wp-content\/uploads\/sites\/9\/2022\/06\/Rivotril-2mg.webp","type":"image\/webp"}],"twitter_card":"summary_large_image","twitter_misc":{"Est. reading time":"2 minutes"},"schema":{"@context":"https:\/\/schema.org","@graph":[{"@type":"WebPage","@id":"https:\/\/gooddealersmeds.com\/sk\/product\/rivotril\/","url":"https:\/\/gooddealersmeds.com\/sk\/product\/rivotril\/","name":"K\u00fapi\u0165 online Rivotril (2 mg) Clonazepam |","isPartOf":{"@id":"https:\/\/gooddealersmeds.com\/sk\/#website"},"primaryImageOfPage":{"@id":"https:\/\/gooddealersmeds.com\/sk\/product\/rivotril\/#primaryimage"},"image":{"@id":"https:\/\/gooddealersmeds.com\/sk\/product\/rivotril\/#primaryimage"},"thumbnailUrl":"https:\/\/gooddealersmeds.com\/sk\/wp-content\/uploads\/sites\/9\/2022\/06\/Rivotril-2mg.webp","datePublished":"2022-06-22T20:57:16+00:00","dateModified":"2022-10-03T22:04:54+00:00","description":"K\u00fapte si Rivotril 2 mg online od Good Dealers Meds. Pou\u017e\u00edva sa na lie\u010dbu z\u00e1chvatov, \u00fazkosti a pou\u017e\u00edva sa na lie\u010dbu z\u00e1chvatov\u00fdch por\u00fach.","breadcrumb":{"@id":"https:\/\/gooddealersmeds.com\/sk\/product\/rivotril\/#breadcrumb"},"inLanguage":"en-US","potentialAction":[{"@type":"ReadAction","target":["https:\/\/gooddealersmeds.com\/sk\/product\/rivotril\/"]}]},{"@type":"ImageObject","inLanguage":"en-US","@id":"https:\/\/gooddealersmeds.com\/sk\/product\/rivotril\/#primaryimage","url":"https:\/\/gooddealersmeds.com\/sk\/wp-content\/uploads\/sites\/9\/2022\/06\/Rivotril-2mg.webp","contentUrl":"https:\/\/gooddealersmeds.com\/sk\/wp-content\/uploads\/sites\/9\/2022\/06\/Rivotril-2mg.webp","width":600,"height":600,"caption":"Buy Rivotril Online"},{"@type":"BreadcrumbList","@id":"https:\/\/gooddealersmeds.com\/sk\/product\/rivotril\/#breadcrumb","itemListElement":[{"@type":"ListItem","position":1,"name":"Home","item":"https:\/\/gooddealersmeds.com\/sk\/"},{"@type":"ListItem","position":2,"name":"Produkty","item":"https:\/\/gooddealersmeds.com\/sk\/produkty\/"},{"@type":"ListItem","position":3,"name":"K\u00fapte si Rivotril online"}]},{"@type":"WebSite","@id":"https:\/\/gooddealersmeds.com\/sk\/#website","url":"https:\/\/gooddealersmeds.com\/sk\/","name":"Good Dealers Meds","description":"All our best","publisher":{"@id":"https:\/\/gooddealersmeds.com\/sk\/#organization"},"potentialAction":[{"@type":"SearchAction","target":{"@type":"EntryPoint","urlTemplate":"https:\/\/gooddealersmeds.com\/sk\/?s={search_term_string}"},"query-input":{"@type":"PropertyValueSpecification","valueRequired":true,"valueName":"search_term_string"}}],"inLanguage":"en-US"},{"@type":"Organization","@id":"https:\/\/gooddealersmeds.com\/sk\/#organization","name":"Good Dealers Meds","url":"https:\/\/gooddealersmeds.com\/sk\/","logo":{"@type":"ImageObject","inLanguage":"en-US","@id":"https:\/\/gooddealersmeds.com\/sk\/#\/schema\/logo\/image\/","url":"https:\/\/gooddealersmeds.com\/sk\/wp-content\/uploads\/sites\/9\/2022\/03\/gooddealersmeds__logo__20220317T222800Z.00.png","contentUrl":"https:\/\/gooddealersmeds.com\/sk\/wp-content\/uploads\/sites\/9\/2022\/03\/gooddealersmeds__logo__20220317T222800Z.00.png","width":500,"height":325,"caption":"Good Dealers Meds"},"image":{"@id":"https:\/\/gooddealersmeds.com\/sk\/#\/schema\/logo\/image\/"}}]}},"_links":{"self":[{"href":"https:\/\/gooddealersmeds.com\/sk\/wp-json\/wp\/v2\/product\/1833","targetHints":{"allow":["GET"]}}],"collection":[{"href":"https:\/\/gooddealersmeds.com\/sk\/wp-json\/wp\/v2\/product"}],"about":[{"href":"https:\/\/gooddealersmeds.com\/sk\/wp-json\/wp\/v2\/types\/product"}],"replies":[{"embeddable":true,"href":"https:\/\/gooddealersmeds.com\/sk\/wp-json\/wp\/v2\/comments?post=1833"}],"wp:featuredmedia":[{"embeddable":true,"href":"https:\/\/gooddealersmeds.com\/sk\/wp-json\/wp\/v2\/media\/1840"}],"wp:attachment":[{"href":"https:\/\/gooddealersmeds.com\/sk\/wp-json\/wp\/v2\/media?parent=1833"}],"wp:term":[{"taxonomy":"product_brand","embeddable":true,"href":"https:\/\/gooddealersmeds.com\/sk\/wp-json\/wp\/v2\/product_brand?post=1833"},{"taxonomy":"product_cat","embeddable":true,"href":"https:\/\/gooddealersmeds.com\/sk\/wp-json\/wp\/v2\/product_cat?post=1833"},{"taxonomy":"product_tag","embeddable":true,"href":"https:\/\/gooddealersmeds.com\/sk\/wp-json\/wp\/v2\/product_tag?post=1833"}],"curies":[{"name":"wp","href":"https:\/\/api.w.org\/{rel}","templated":true}]}}