{"id":1823,"date":"2022-06-22T20:56:09","date_gmt":"2022-06-22T20:56:09","guid":{"rendered":"https:\/\/gooddealersmeds.com\/sk\/?post_type=product&#038;p=1823"},"modified":"2022-10-03T22:05:02","modified_gmt":"2022-10-03T22:05:02","slug":"nembutalove-pilulky","status":"publish","type":"product","link":"https:\/\/gooddealersmeds.com\/sk\/product\/nembutalove-pilulky\/","title":{"rendered":"K\u00fapte si Nembutal pilulky online"},"content":{"rendered":"<p><strong>K\u00fapi\u0165 Nembutal pilulky online<\/strong><\/p>\n<p><strong>\u00a0<\/strong><\/p>\n<p>Nembutalov\u00e9 pilulky s\u00fa typ barbitur\u00e1tu, ktor\u00fd sa pou\u017e\u00edva na lie\u010dbu nespavosti a \u00fazkosti . Liek sa m\u00f4\u017ee pou\u017ei\u0165 aj pri in\u00fdch ochoreniach, ktor\u00e9 ur\u010d\u00ed v\u00e1\u0161 lek\u00e1r.<\/p>\n<p>&nbsp;<\/p>\n<p>Nembutal pilulky s\u00fa dostupn\u00e9 v r\u00f4znych sil\u00e1ch (alebo hladin\u00e1ch) v z\u00e1vislosti od toho, ak\u00fd liek u\u017e\u00edvate , v\u010faka \u010domu s\u00fa \u00fa\u010dinnej\u0161ie ako v\u00e4\u010d\u0161ina in\u00fdch typov liekov na spanie. Tieto lieky funguj\u00fa tak, \u017ee spoma\u013euj\u00fa aktivitu vo va\u0161om mozgu, \u010do sp\u00f4sobuje, \u017ee sa c\u00edtite ospal\u00ed alebo r\u00fdchlo zasp\u00edte. Niektor\u00ed \u013eudia zistia, \u017ee nedok\u00e1\u017eu zaspa\u0165, k\u00fdm si nevezm\u00fa tieto tabletky, zatia\u013e \u010do in\u00ed zistia, \u017ee dok\u00e1\u017eu r\u00fdchlo zaspa\u0165 a prespa\u0165 cel\u00fa noc iba s jednou tabletkou.<\/p>\n<p><strong>\u00a0<\/strong> <\/p>\n<p>&nbsp;<\/p>\n<p><strong>Pre\u010do kupova\u0165 Nembutal pilulky online<\/strong><\/p>\n<p>&nbsp;<\/p>\n<p>Nembutal je mo\u017en\u00e9 zak\u00fapi\u0165 online z miestnej lek\u00e1rne z r\u00f4znych d\u00f4vodov. V prvom rade to bude st\u00e1\u0165 menej, ako keby ste tam i\u0161li osobne; po druh\u00e9, je pohodln\u00e9 objedna\u0165 online, ke\u010f to potrebujete; po tretie, \u0161etr\u00ed \u010das, preto\u017ee nemus\u00edte \u010daka\u0165 pri pulte lek\u00e1rne; po \u0161tvrt\u00e9, m\u00f4\u017eete u\u0161etri\u0165 peniaze n\u00e1kupom liekov online namiesto platenia maloobchodn\u00fdch cien v lek\u00e1r\u0148ach ka\u017ed\u00fd mesiac.<\/p>\n<p>&nbsp;<\/p>\n<p><strong>Najlep\u0161ie miesto na objednanie <\/strong><strong>Nembutal Pills Online<\/strong><\/p>\n<p>&nbsp;<\/p>\n<p>Mnoho drog\u00e9ri\u00ed pon\u00faka Nembutal Pills online, ale Good Dealers Meds je najlep\u0161\u00edm miestom na n\u00e1jdenie tohto lieku. Pon\u00fakame konkuren\u010dn\u00e9 ceny a \u0161irok\u00fd sortiment liekov vr\u00e1tane\u00a0 <a href=\"https:\/\/gooddealersmeds.com\/sk\/product\/nembutal-pills\/\">Nembutal Pills<\/a>. M\u00f4\u017eete si tu tie\u017e rezervova\u0165 zriedkav\u00e9 lieky kliknut\u00edm na tla\u010didlo \u201eRezervova\u0165 teraz\u201c ni\u017e\u0161ie.<\/p>\n","protected":false},"excerpt":{"rendered":"<p>Nembutal pilulky online je liek zaraden\u00fd do skupiny liekov naz\u00fdvan\u00fdch\u00a0barbitur\u00e1ty. Be\u017ene a \u0161iroko sa pou\u017e\u00edval v 40. a 50. rokoch minul\u00e9ho storo\u010dia ako tabletka na spanie alebo ako lie\u010dba proti \u00fazkosti (sedat\u00edvum). Hoci sa Nembutal pilulky pou\u017e\u00edvaj\u00fa na lie\u010dbu nespavosti, pri pred\u00e1vkovan\u00ed je vysoko smrte\u013en\u00fd.<\/p>\n","protected":false},"featured_media":1831,"comment_status":"open","ping_status":"closed","template":"","meta":{"inline_featured_image":false},"product_brand":[],"product_cat":[343],"product_tag":[],"class_list":{"0":"post-1823","1":"product","2":"type-product","3":"status-publish","4":"has-post-thumbnail","6":"product_cat-in","8":"first","9":"instock","10":"shipping-taxable","11":"purchasable","12":"product-type-variable","13":"has-default-attributes"},"yoast_head":"<!-- This site is optimized with the Yoast SEO Premium plugin v20.6 (Yoast SEO v27.3) - https:\/\/yoast.com\/product\/yoast-seo-premium-wordpress\/ -->\n<title>Objednajte si Nembutal Pills online \u2013 Nembutal d\u00e1vka | Good Dealers Meds<\/title>\n<meta name=\"description\" content=\"Objednajte si Nembutalov\u00e9 pilulky online, dod\u00e1vame vysoko kvalitn\u00fd Nembutal (Pentobarbital) za najlep\u0161ie ceny. K\u00fapte si teraz a nechajte si ho doru\u010di\u0165 a\u017e k va\u0161im dver\u00e1m.\" \/>\n<meta name=\"robots\" content=\"index, follow, max-snippet:-1, max-image-preview:large, max-video-preview:-1\" \/>\n<link rel=\"canonical\" href=\"https:\/\/gooddealersmeds.com\/sk\/product\/nembutalove-pilulky\/\" \/>\n<meta property=\"og:locale\" content=\"en_US\" \/>\n<meta property=\"og:type\" content=\"article\" \/>\n<meta property=\"og:title\" content=\"K\u00fapte si Nembutal pilulky online\" \/>\n<meta property=\"og:description\" content=\"Objednajte si Nembutalov\u00e9 pilulky online, dod\u00e1vame vysoko kvalitn\u00fd Nembutal (Pentobarbital) za najlep\u0161ie ceny. K\u00fapte si teraz a nechajte si ho doru\u010di\u0165 a\u017e k va\u0161im dver\u00e1m.\" \/>\n<meta property=\"og:url\" content=\"https:\/\/gooddealersmeds.com\/sk\/product\/nembutalove-pilulky\/\" \/>\n<meta property=\"og:site_name\" content=\"Good Dealers Meds\" \/>\n<meta property=\"article:modified_time\" content=\"2022-10-03T22:05:02+00:00\" \/>\n<meta property=\"og:image\" content=\"https:\/\/gooddealersmeds.com\/sk\/wp-content\/uploads\/sites\/9\/2022\/06\/Nembutal-Pills.webp\" \/>\n\t<meta property=\"og:image:width\" content=\"1200\" \/>\n\t<meta property=\"og:image:height\" content=\"630\" \/>\n\t<meta property=\"og:image:type\" content=\"image\/webp\" \/>\n<meta name=\"twitter:card\" content=\"summary_large_image\" \/>\n<meta name=\"twitter:label1\" content=\"Est. reading time\" \/>\n\t<meta name=\"twitter:data1\" content=\"1 minute\" \/>\n<script type=\"application\/ld+json\" class=\"yoast-schema-graph\">{\"@context\":\"https:\\\/\\\/schema.org\",\"@graph\":[{\"@type\":\"WebPage\",\"@id\":\"https:\\\/\\\/gooddealersmeds.com\\\/sk\\\/product\\\/nembutalove-pilulky\\\/\",\"url\":\"https:\\\/\\\/gooddealersmeds.com\\\/sk\\\/product\\\/nembutalove-pilulky\\\/\",\"name\":\"Objednajte si Nembutal Pills online \u2013 Nembutal d\u00e1vka | Good Dealers Meds\",\"isPartOf\":{\"@id\":\"https:\\\/\\\/gooddealersmeds.com\\\/sk\\\/#website\"},\"primaryImageOfPage\":{\"@id\":\"https:\\\/\\\/gooddealersmeds.com\\\/sk\\\/product\\\/nembutalove-pilulky\\\/#primaryimage\"},\"image\":{\"@id\":\"https:\\\/\\\/gooddealersmeds.com\\\/sk\\\/product\\\/nembutalove-pilulky\\\/#primaryimage\"},\"thumbnailUrl\":\"https:\\\/\\\/gooddealersmeds.com\\\/sk\\\/wp-content\\\/uploads\\\/sites\\\/9\\\/2022\\\/06\\\/Nembutal-Pills.webp\",\"datePublished\":\"2022-06-22T20:56:09+00:00\",\"dateModified\":\"2022-10-03T22:05:02+00:00\",\"description\":\"Objednajte si Nembutalov\u00e9 pilulky online, dod\u00e1vame vysoko kvalitn\u00fd Nembutal (Pentobarbital) za najlep\u0161ie ceny. K\u00fapte si teraz a nechajte si ho doru\u010di\u0165 a\u017e k va\u0161im dver\u00e1m.\",\"breadcrumb\":{\"@id\":\"https:\\\/\\\/gooddealersmeds.com\\\/sk\\\/product\\\/nembutalove-pilulky\\\/#breadcrumb\"},\"inLanguage\":\"en-US\",\"potentialAction\":[{\"@type\":\"ReadAction\",\"target\":[\"https:\\\/\\\/gooddealersmeds.com\\\/sk\\\/product\\\/nembutalove-pilulky\\\/\"]}]},{\"@type\":\"ImageObject\",\"inLanguage\":\"en-US\",\"@id\":\"https:\\\/\\\/gooddealersmeds.com\\\/sk\\\/product\\\/nembutalove-pilulky\\\/#primaryimage\",\"url\":\"https:\\\/\\\/gooddealersmeds.com\\\/sk\\\/wp-content\\\/uploads\\\/sites\\\/9\\\/2022\\\/06\\\/Nembutal-Pills.webp\",\"contentUrl\":\"https:\\\/\\\/gooddealersmeds.com\\\/sk\\\/wp-content\\\/uploads\\\/sites\\\/9\\\/2022\\\/06\\\/Nembutal-Pills.webp\",\"width\":1200,\"height\":630,\"caption\":\"Nembutal Pills Online\"},{\"@type\":\"BreadcrumbList\",\"@id\":\"https:\\\/\\\/gooddealersmeds.com\\\/sk\\\/product\\\/nembutalove-pilulky\\\/#breadcrumb\",\"itemListElement\":[{\"@type\":\"ListItem\",\"position\":1,\"name\":\"Home\",\"item\":\"https:\\\/\\\/gooddealersmeds.com\\\/sk\\\/\"},{\"@type\":\"ListItem\",\"position\":2,\"name\":\"Produkty\",\"item\":\"https:\\\/\\\/gooddealersmeds.com\\\/sk\\\/produkty\\\/\"},{\"@type\":\"ListItem\",\"position\":3,\"name\":\"K\u00fapte si Nembutal pilulky online\"}]},{\"@type\":\"WebSite\",\"@id\":\"https:\\\/\\\/gooddealersmeds.com\\\/sk\\\/#website\",\"url\":\"https:\\\/\\\/gooddealersmeds.com\\\/sk\\\/\",\"name\":\"Good Dealers Meds\",\"description\":\"All our best\",\"publisher\":{\"@id\":\"https:\\\/\\\/gooddealersmeds.com\\\/sk\\\/#organization\"},\"potentialAction\":[{\"@type\":\"SearchAction\",\"target\":{\"@type\":\"EntryPoint\",\"urlTemplate\":\"https:\\\/\\\/gooddealersmeds.com\\\/sk\\\/?s={search_term_string}\"},\"query-input\":{\"@type\":\"PropertyValueSpecification\",\"valueRequired\":true,\"valueName\":\"search_term_string\"}}],\"inLanguage\":\"en-US\"},{\"@type\":\"Organization\",\"@id\":\"https:\\\/\\\/gooddealersmeds.com\\\/sk\\\/#organization\",\"name\":\"Good Dealers Meds\",\"url\":\"https:\\\/\\\/gooddealersmeds.com\\\/sk\\\/\",\"logo\":{\"@type\":\"ImageObject\",\"inLanguage\":\"en-US\",\"@id\":\"https:\\\/\\\/gooddealersmeds.com\\\/sk\\\/#\\\/schema\\\/logo\\\/image\\\/\",\"url\":\"https:\\\/\\\/gooddealersmeds.com\\\/sk\\\/wp-content\\\/uploads\\\/sites\\\/9\\\/2022\\\/03\\\/gooddealersmeds__logo__20220317T222800Z.00.png\",\"contentUrl\":\"https:\\\/\\\/gooddealersmeds.com\\\/sk\\\/wp-content\\\/uploads\\\/sites\\\/9\\\/2022\\\/03\\\/gooddealersmeds__logo__20220317T222800Z.00.png\",\"width\":500,\"height\":325,\"caption\":\"Good Dealers Meds\"},\"image\":{\"@id\":\"https:\\\/\\\/gooddealersmeds.com\\\/sk\\\/#\\\/schema\\\/logo\\\/image\\\/\"}}]}<\/script>\n<!-- \/ Yoast SEO Premium plugin. -->","yoast_head_json":{"title":"Objednajte si Nembutal Pills online \u2013 Nembutal d\u00e1vka | Good Dealers Meds","description":"Objednajte si Nembutalov\u00e9 pilulky online, dod\u00e1vame vysoko kvalitn\u00fd Nembutal (Pentobarbital) za najlep\u0161ie ceny. K\u00fapte si teraz a nechajte si ho doru\u010di\u0165 a\u017e k va\u0161im dver\u00e1m.","robots":{"index":"index","follow":"follow","max-snippet":"max-snippet:-1","max-image-preview":"max-image-preview:large","max-video-preview":"max-video-preview:-1"},"canonical":"https:\/\/gooddealersmeds.com\/sk\/product\/nembutalove-pilulky\/","og_locale":"en_US","og_type":"article","og_title":"K\u00fapte si Nembutal pilulky online","og_description":"Objednajte si Nembutalov\u00e9 pilulky online, dod\u00e1vame vysoko kvalitn\u00fd Nembutal (Pentobarbital) za najlep\u0161ie ceny. K\u00fapte si teraz a nechajte si ho doru\u010di\u0165 a\u017e k va\u0161im dver\u00e1m.","og_url":"https:\/\/gooddealersmeds.com\/sk\/product\/nembutalove-pilulky\/","og_site_name":"Good Dealers Meds","article_modified_time":"2022-10-03T22:05:02+00:00","og_image":[{"width":1200,"height":630,"url":"https:\/\/gooddealersmeds.com\/sk\/wp-content\/uploads\/sites\/9\/2022\/06\/Nembutal-Pills.webp","type":"image\/webp"}],"twitter_card":"summary_large_image","twitter_misc":{"Est. reading time":"1 minute"},"schema":{"@context":"https:\/\/schema.org","@graph":[{"@type":"WebPage","@id":"https:\/\/gooddealersmeds.com\/sk\/product\/nembutalove-pilulky\/","url":"https:\/\/gooddealersmeds.com\/sk\/product\/nembutalove-pilulky\/","name":"Objednajte si Nembutal Pills online \u2013 Nembutal d\u00e1vka | Good Dealers Meds","isPartOf":{"@id":"https:\/\/gooddealersmeds.com\/sk\/#website"},"primaryImageOfPage":{"@id":"https:\/\/gooddealersmeds.com\/sk\/product\/nembutalove-pilulky\/#primaryimage"},"image":{"@id":"https:\/\/gooddealersmeds.com\/sk\/product\/nembutalove-pilulky\/#primaryimage"},"thumbnailUrl":"https:\/\/gooddealersmeds.com\/sk\/wp-content\/uploads\/sites\/9\/2022\/06\/Nembutal-Pills.webp","datePublished":"2022-06-22T20:56:09+00:00","dateModified":"2022-10-03T22:05:02+00:00","description":"Objednajte si Nembutalov\u00e9 pilulky online, dod\u00e1vame vysoko kvalitn\u00fd Nembutal (Pentobarbital) za najlep\u0161ie ceny. K\u00fapte si teraz a nechajte si ho doru\u010di\u0165 a\u017e k va\u0161im dver\u00e1m.","breadcrumb":{"@id":"https:\/\/gooddealersmeds.com\/sk\/product\/nembutalove-pilulky\/#breadcrumb"},"inLanguage":"en-US","potentialAction":[{"@type":"ReadAction","target":["https:\/\/gooddealersmeds.com\/sk\/product\/nembutalove-pilulky\/"]}]},{"@type":"ImageObject","inLanguage":"en-US","@id":"https:\/\/gooddealersmeds.com\/sk\/product\/nembutalove-pilulky\/#primaryimage","url":"https:\/\/gooddealersmeds.com\/sk\/wp-content\/uploads\/sites\/9\/2022\/06\/Nembutal-Pills.webp","contentUrl":"https:\/\/gooddealersmeds.com\/sk\/wp-content\/uploads\/sites\/9\/2022\/06\/Nembutal-Pills.webp","width":1200,"height":630,"caption":"Nembutal Pills Online"},{"@type":"BreadcrumbList","@id":"https:\/\/gooddealersmeds.com\/sk\/product\/nembutalove-pilulky\/#breadcrumb","itemListElement":[{"@type":"ListItem","position":1,"name":"Home","item":"https:\/\/gooddealersmeds.com\/sk\/"},{"@type":"ListItem","position":2,"name":"Produkty","item":"https:\/\/gooddealersmeds.com\/sk\/produkty\/"},{"@type":"ListItem","position":3,"name":"K\u00fapte si Nembutal pilulky online"}]},{"@type":"WebSite","@id":"https:\/\/gooddealersmeds.com\/sk\/#website","url":"https:\/\/gooddealersmeds.com\/sk\/","name":"Good Dealers Meds","description":"All our best","publisher":{"@id":"https:\/\/gooddealersmeds.com\/sk\/#organization"},"potentialAction":[{"@type":"SearchAction","target":{"@type":"EntryPoint","urlTemplate":"https:\/\/gooddealersmeds.com\/sk\/?s={search_term_string}"},"query-input":{"@type":"PropertyValueSpecification","valueRequired":true,"valueName":"search_term_string"}}],"inLanguage":"en-US"},{"@type":"Organization","@id":"https:\/\/gooddealersmeds.com\/sk\/#organization","name":"Good Dealers Meds","url":"https:\/\/gooddealersmeds.com\/sk\/","logo":{"@type":"ImageObject","inLanguage":"en-US","@id":"https:\/\/gooddealersmeds.com\/sk\/#\/schema\/logo\/image\/","url":"https:\/\/gooddealersmeds.com\/sk\/wp-content\/uploads\/sites\/9\/2022\/03\/gooddealersmeds__logo__20220317T222800Z.00.png","contentUrl":"https:\/\/gooddealersmeds.com\/sk\/wp-content\/uploads\/sites\/9\/2022\/03\/gooddealersmeds__logo__20220317T222800Z.00.png","width":500,"height":325,"caption":"Good Dealers Meds"},"image":{"@id":"https:\/\/gooddealersmeds.com\/sk\/#\/schema\/logo\/image\/"}}]}},"_links":{"self":[{"href":"https:\/\/gooddealersmeds.com\/sk\/wp-json\/wp\/v2\/product\/1823","targetHints":{"allow":["GET"]}}],"collection":[{"href":"https:\/\/gooddealersmeds.com\/sk\/wp-json\/wp\/v2\/product"}],"about":[{"href":"https:\/\/gooddealersmeds.com\/sk\/wp-json\/wp\/v2\/types\/product"}],"replies":[{"embeddable":true,"href":"https:\/\/gooddealersmeds.com\/sk\/wp-json\/wp\/v2\/comments?post=1823"}],"wp:featuredmedia":[{"embeddable":true,"href":"https:\/\/gooddealersmeds.com\/sk\/wp-json\/wp\/v2\/media\/1831"}],"wp:attachment":[{"href":"https:\/\/gooddealersmeds.com\/sk\/wp-json\/wp\/v2\/media?parent=1823"}],"wp:term":[{"taxonomy":"product_brand","embeddable":true,"href":"https:\/\/gooddealersmeds.com\/sk\/wp-json\/wp\/v2\/product_brand?post=1823"},{"taxonomy":"product_cat","embeddable":true,"href":"https:\/\/gooddealersmeds.com\/sk\/wp-json\/wp\/v2\/product_cat?post=1823"},{"taxonomy":"product_tag","embeddable":true,"href":"https:\/\/gooddealersmeds.com\/sk\/wp-json\/wp\/v2\/product_tag?post=1823"}],"curies":[{"name":"wp","href":"https:\/\/api.w.org\/{rel}","templated":true}]}}