{"id":1818,"date":"2022-06-22T20:49:15","date_gmt":"2022-06-22T20:49:15","guid":{"rendered":"https:\/\/gooddealersmeds.com\/sk\/?post_type=product&#038;p=1818"},"modified":"2024-11-25T14:48:54","modified_gmt":"2024-11-25T14:48:54","slug":"nembutal-oralna-kvapalina","status":"publish","type":"product","link":"https:\/\/gooddealersmeds.com\/sk\/product\/nembutal-oralna-kvapalina\/","title":{"rendered":"K\u00fapte si peror\u00e1lnu tekutinu Nembutal"},"content":{"rendered":"<h2>Kde z\u00edska\u0165 Nembutal peror\u00e1lnu tekutinu online v profesion\u00e1lnej lek\u00e1rni<\/h2>\n<p>K\u00fapte si Nembutal liquid online, Nembutal liquid je jedn\u00fdm z hlavn\u00fdch faktorov, pre\u010do \u013eudia uprednost\u0148uj\u00fa Nembutal Pentobarbital na peror\u00e1lne pou\u017eitie, K\u00fapte si peror\u00e1lnu tekutinu Nembutal<\/p>\n<p>Nembutal tekut\u00fd Fenobarbital (obchodn\u00fd n\u00e1zov: Nembutal) je barbitur\u00e1tov\u00fd liek. Be\u017ene sa pou\u017e\u00edva ako sedat\u00edvum alebo liek proti \u00fazkosti. Na rozdiel od modern\u00fdch liekov na spanie je Nembutal pri pred\u00e1vkovan\u00ed extr\u00e9mne smrte\u013en\u00fd.<\/p>\n<p><a href=\"https:\/\/gooddealersmeds.com\/sk\/product\/nembutal-oralna-kvapalina\/\">Pentobarbital<\/a> (Nembutal) je barbitur\u00e1t. Barbitur\u00e1ty s\u00fa slab\u00e9 kyseliny, ktor\u00e9 sa r\u00fdchlo vstreb\u00e1vaj\u00fa a distribuuj\u00fa do cel\u00e9ho tela, s vysok\u00fdmi koncentr\u00e1ciami v mozgu, pe\u010deni a obli\u010dk\u00e1ch. Rozpustnos\u0165 barbitur\u00e1tov v lipidoch je najd\u00f4le\u017eitej\u0161\u00edm faktorom pri ich distrib\u00facii v tele. \u010c\u00edm je barbitur\u00e1t rozpustnej\u0161\u00ed v tukoch, t\u00fdm r\u00fdchlej\u0161ie prenik\u00e1 do v\u0161etk\u00fdch telesn\u00fdch tkan\u00edv. Zni\u017euje \u010dinnos\u0165 mozgu a nervov\u00e9ho syst\u00e9mu. Pou\u017e\u00edva sa ako kr\u00e1tkodob\u00e9 sedat\u00edvum na lie\u010dbu nespavosti alebo na usp\u00e1vanie pred oper\u00e1ciou. Pentobarbital sa tie\u017e pou\u017e\u00edva ako n\u00fadzov\u00e1 lie\u010dba z\u00e1chvatov.<\/p>\n<p>\u010co je Nembutal peror\u00e1lna tekutina a ako sa pou\u017e\u00edva?<\/p>\n<p>Po podan\u00ed pentobarbitalu v nemocni\u010dnom prostred\u00ed bude d\u00f4kladne monitorovan\u00e9 va\u0161e d\u00fdchanie, krvn\u00fd tlak, hladina kysl\u00edka, funkcia obli\u010diek a \u010fal\u0161ie vit\u00e1lne znaky. Ak pentobarbital zmenil farbu alebo obsahuje \u010dastice, nepou\u017e\u00edvajte ho. Pre nov\u00fd liek kontaktujte svojho lek\u00e1rnika. K\u00fapte si peror\u00e1lnu tekutinu Nembutal<\/p>\n<p>Ak u\u017e\u00edvate tento liek dlhodobo, mo\u017eno budete potrebova\u0165 \u010dast\u00e9 lek\u00e1rske vy\u0161etrenia. Nepresta\u0148te u\u017e\u00edva\u0165 tento liek n\u00e1hle po dlhodobom u\u017e\u00edvan\u00ed, inak by ste mohli ma\u0165 nepr\u00edjemn\u00e9 abstinen\u010dn\u00e9 pr\u00edznaky. Op\u00fdtajte sa svojho lek\u00e1ra, ako bezpe\u010dne presta\u0165 pou\u017e\u00edva\u0165 pentobarbital.<\/p>\n<p>Skladujte pri izbovej teplote mimo dosahu vlhkosti a tepla.<br \/>\nNeuchov\u00e1vajte v mrazni\u010dke<\/p>\n<p>Nembutal Or\u00e1lna tekutina na eutan\u00e1ziu<\/p>\n<p>Barbitur\u00e1ty sa maj\u00fa pou\u017e\u00edva\u0165 opatrne u pacientov trpiacich ak\u00fatnou alebo chronickou boles\u0165ou, preto\u017ee m\u00f4\u017ee d\u00f4js\u0165 k paradoxn\u00e9mu vzru\u0161eniu alebo maskovaniu d\u00f4le\u017eit\u00fdch sympt\u00f3mov. Na druhej strane barbitur\u00e1ty maj\u00fa dlh\u00fa hist\u00f3riu pou\u017e\u00edvania ako sedat\u00edva v poopera\u010dnom chirurgickom obdob\u00ed a ako doplnok k chemoterapii rakoviny.<\/p>\n<p>Nembutalov\u00fa peror\u00e1lnu tekutinu si m\u00f4\u017eete k\u00fapi\u0165 v na\u0161om internetovom obchode s bezpe\u010dnou dopravou.<\/p>\n","protected":false},"excerpt":{"rendered":"<p>K\u00fapte si pentobarbital online, pod zna\u010dkou Nembutal je pentobarbital sodn\u00fd dostupn\u00fd ako peror\u00e1lny roztok, ktor\u00fd m\u00f4\u017eu \u013eudia u\u017e\u00edva\u0165 peror\u00e1lne. M\u00f4\u017eu ho pod\u00e1va\u0165 vy\u0161kolen\u00ed odborn\u00edci v nemocniciach a na klinik\u00e1ch alebo doma. M\u00e1 to ved\u013eaj\u0161\u00ed \u00fa\u010dinok, \u017ee sa \u010dlovek c\u00edti ospal\u00fd, ale nemal by vies\u0165 k v\u00fdpadkom alebo strate pam\u00e4ti. Tento produkt by sa mal pou\u017e\u00edva\u0165 iba pod priamym doh\u013eadom lek\u00e1ra.<\/p>\n","protected":false},"featured_media":1822,"comment_status":"open","ping_status":"closed","template":"","meta":{"inline_featured_image":false},"product_brand":[],"product_cat":[343],"product_tag":[],"class_list":{"0":"post-1818","1":"product","2":"type-product","3":"status-publish","4":"has-post-thumbnail","6":"product_cat-in","8":"first","9":"instock","10":"shipping-taxable","11":"purchasable","12":"product-type-variable","13":"has-default-attributes"},"yoast_head":"<!-- This site is optimized with the Yoast SEO Premium plugin v20.6 (Yoast SEO v27.3) - https:\/\/yoast.com\/product\/yoast-seo-premium-wordpress\/ -->\n<title>K\u00fapte si peror\u00e1lnu tekutinu Nembutal online (pentobarbital) | Good Dealers Meds<\/title>\n<meta name=\"description\" content=\"K\u00fapte si peror\u00e1lnu tekutinu Nembutal (Pentobarbital Sodium), barbitur\u00e1t, ktor\u00fd p\u00f4sob\u00ed ako depres\u00edvum alebo sedat\u00edvum, ktor\u00fd sa pou\u017e\u00edva kr\u00e1tkodobo na lie\u010dbu nespavosti.\" \/>\n<meta name=\"robots\" content=\"index, follow, max-snippet:-1, max-image-preview:large, max-video-preview:-1\" \/>\n<link rel=\"canonical\" href=\"https:\/\/gooddealersmeds.com\/sk\/product\/nembutal-oralna-kvapalina\/\" \/>\n<meta property=\"og:locale\" content=\"en_US\" \/>\n<meta property=\"og:type\" content=\"article\" \/>\n<meta property=\"og:title\" content=\"K\u00fapte si peror\u00e1lnu tekutinu Nembutal\" \/>\n<meta property=\"og:description\" content=\"K\u00fapte si peror\u00e1lnu tekutinu Nembutal (Pentobarbital Sodium), barbitur\u00e1t, ktor\u00fd p\u00f4sob\u00ed ako depres\u00edvum alebo sedat\u00edvum, ktor\u00fd sa pou\u017e\u00edva kr\u00e1tkodobo na lie\u010dbu nespavosti.\" \/>\n<meta property=\"og:url\" content=\"https:\/\/gooddealersmeds.com\/sk\/product\/nembutal-oralna-kvapalina\/\" \/>\n<meta property=\"og:site_name\" content=\"Good Dealers Meds\" \/>\n<meta property=\"article:modified_time\" content=\"2024-11-25T14:48:54+00:00\" \/>\n<meta property=\"og:image\" content=\"https:\/\/gooddealersmeds.com\/sk\/wp-content\/uploads\/sites\/9\/2022\/06\/Buy-Nembutal-oral-Liquid.webp\" \/>\n\t<meta property=\"og:image:width\" content=\"600\" \/>\n\t<meta property=\"og:image:height\" content=\"600\" \/>\n\t<meta property=\"og:image:type\" content=\"image\/webp\" \/>\n<meta name=\"twitter:card\" content=\"summary_large_image\" \/>\n<meta name=\"twitter:label1\" content=\"Est. reading time\" \/>\n\t<meta name=\"twitter:data1\" content=\"2 minutes\" \/>\n<script type=\"application\/ld+json\" class=\"yoast-schema-graph\">{\"@context\":\"https:\\\/\\\/schema.org\",\"@graph\":[{\"@type\":\"WebPage\",\"@id\":\"https:\\\/\\\/gooddealersmeds.com\\\/sk\\\/product\\\/nembutal-oralna-kvapalina\\\/\",\"url\":\"https:\\\/\\\/gooddealersmeds.com\\\/sk\\\/product\\\/nembutal-oralna-kvapalina\\\/\",\"name\":\"K\u00fapte si peror\u00e1lnu tekutinu Nembutal online (pentobarbital) | Good Dealers Meds\",\"isPartOf\":{\"@id\":\"https:\\\/\\\/gooddealersmeds.com\\\/sk\\\/#website\"},\"primaryImageOfPage\":{\"@id\":\"https:\\\/\\\/gooddealersmeds.com\\\/sk\\\/product\\\/nembutal-oralna-kvapalina\\\/#primaryimage\"},\"image\":{\"@id\":\"https:\\\/\\\/gooddealersmeds.com\\\/sk\\\/product\\\/nembutal-oralna-kvapalina\\\/#primaryimage\"},\"thumbnailUrl\":\"https:\\\/\\\/gooddealersmeds.com\\\/sk\\\/wp-content\\\/uploads\\\/sites\\\/9\\\/2022\\\/06\\\/Buy-Nembutal-oral-Liquid.webp\",\"datePublished\":\"2022-06-22T20:49:15+00:00\",\"dateModified\":\"2024-11-25T14:48:54+00:00\",\"description\":\"K\u00fapte si peror\u00e1lnu tekutinu Nembutal (Pentobarbital Sodium), barbitur\u00e1t, ktor\u00fd p\u00f4sob\u00ed ako depres\u00edvum alebo sedat\u00edvum, ktor\u00fd sa pou\u017e\u00edva kr\u00e1tkodobo na lie\u010dbu nespavosti.\",\"breadcrumb\":{\"@id\":\"https:\\\/\\\/gooddealersmeds.com\\\/sk\\\/product\\\/nembutal-oralna-kvapalina\\\/#breadcrumb\"},\"inLanguage\":\"en-US\",\"potentialAction\":[{\"@type\":\"ReadAction\",\"target\":[\"https:\\\/\\\/gooddealersmeds.com\\\/sk\\\/product\\\/nembutal-oralna-kvapalina\\\/\"]}]},{\"@type\":\"ImageObject\",\"inLanguage\":\"en-US\",\"@id\":\"https:\\\/\\\/gooddealersmeds.com\\\/sk\\\/product\\\/nembutal-oralna-kvapalina\\\/#primaryimage\",\"url\":\"https:\\\/\\\/gooddealersmeds.com\\\/sk\\\/wp-content\\\/uploads\\\/sites\\\/9\\\/2022\\\/06\\\/Buy-Nembutal-oral-Liquid.webp\",\"contentUrl\":\"https:\\\/\\\/gooddealersmeds.com\\\/sk\\\/wp-content\\\/uploads\\\/sites\\\/9\\\/2022\\\/06\\\/Buy-Nembutal-oral-Liquid.webp\",\"width\":600,\"height\":600,\"caption\":\"Buy Nembutal Oral Liquid\"},{\"@type\":\"BreadcrumbList\",\"@id\":\"https:\\\/\\\/gooddealersmeds.com\\\/sk\\\/product\\\/nembutal-oralna-kvapalina\\\/#breadcrumb\",\"itemListElement\":[{\"@type\":\"ListItem\",\"position\":1,\"name\":\"Home\",\"item\":\"https:\\\/\\\/gooddealersmeds.com\\\/sk\\\/\"},{\"@type\":\"ListItem\",\"position\":2,\"name\":\"Produkty\",\"item\":\"https:\\\/\\\/gooddealersmeds.com\\\/sk\\\/produkty\\\/\"},{\"@type\":\"ListItem\",\"position\":3,\"name\":\"K\u00fapte si peror\u00e1lnu tekutinu Nembutal\"}]},{\"@type\":\"WebSite\",\"@id\":\"https:\\\/\\\/gooddealersmeds.com\\\/sk\\\/#website\",\"url\":\"https:\\\/\\\/gooddealersmeds.com\\\/sk\\\/\",\"name\":\"Good Dealers Meds\",\"description\":\"All our best\",\"publisher\":{\"@id\":\"https:\\\/\\\/gooddealersmeds.com\\\/sk\\\/#organization\"},\"potentialAction\":[{\"@type\":\"SearchAction\",\"target\":{\"@type\":\"EntryPoint\",\"urlTemplate\":\"https:\\\/\\\/gooddealersmeds.com\\\/sk\\\/?s={search_term_string}\"},\"query-input\":{\"@type\":\"PropertyValueSpecification\",\"valueRequired\":true,\"valueName\":\"search_term_string\"}}],\"inLanguage\":\"en-US\"},{\"@type\":\"Organization\",\"@id\":\"https:\\\/\\\/gooddealersmeds.com\\\/sk\\\/#organization\",\"name\":\"Good Dealers Meds\",\"url\":\"https:\\\/\\\/gooddealersmeds.com\\\/sk\\\/\",\"logo\":{\"@type\":\"ImageObject\",\"inLanguage\":\"en-US\",\"@id\":\"https:\\\/\\\/gooddealersmeds.com\\\/sk\\\/#\\\/schema\\\/logo\\\/image\\\/\",\"url\":\"https:\\\/\\\/gooddealersmeds.com\\\/sk\\\/wp-content\\\/uploads\\\/sites\\\/9\\\/2022\\\/03\\\/gooddealersmeds__logo__20220317T222800Z.00.png\",\"contentUrl\":\"https:\\\/\\\/gooddealersmeds.com\\\/sk\\\/wp-content\\\/uploads\\\/sites\\\/9\\\/2022\\\/03\\\/gooddealersmeds__logo__20220317T222800Z.00.png\",\"width\":500,\"height\":325,\"caption\":\"Good Dealers Meds\"},\"image\":{\"@id\":\"https:\\\/\\\/gooddealersmeds.com\\\/sk\\\/#\\\/schema\\\/logo\\\/image\\\/\"}}]}<\/script>\n<!-- \/ Yoast SEO Premium plugin. -->","yoast_head_json":{"title":"K\u00fapte si peror\u00e1lnu tekutinu Nembutal online (pentobarbital) | Good Dealers Meds","description":"K\u00fapte si peror\u00e1lnu tekutinu Nembutal (Pentobarbital Sodium), barbitur\u00e1t, ktor\u00fd p\u00f4sob\u00ed ako depres\u00edvum alebo sedat\u00edvum, ktor\u00fd sa pou\u017e\u00edva kr\u00e1tkodobo na lie\u010dbu nespavosti.","robots":{"index":"index","follow":"follow","max-snippet":"max-snippet:-1","max-image-preview":"max-image-preview:large","max-video-preview":"max-video-preview:-1"},"canonical":"https:\/\/gooddealersmeds.com\/sk\/product\/nembutal-oralna-kvapalina\/","og_locale":"en_US","og_type":"article","og_title":"K\u00fapte si peror\u00e1lnu tekutinu Nembutal","og_description":"K\u00fapte si peror\u00e1lnu tekutinu Nembutal (Pentobarbital Sodium), barbitur\u00e1t, ktor\u00fd p\u00f4sob\u00ed ako depres\u00edvum alebo sedat\u00edvum, ktor\u00fd sa pou\u017e\u00edva kr\u00e1tkodobo na lie\u010dbu nespavosti.","og_url":"https:\/\/gooddealersmeds.com\/sk\/product\/nembutal-oralna-kvapalina\/","og_site_name":"Good Dealers Meds","article_modified_time":"2024-11-25T14:48:54+00:00","og_image":[{"width":600,"height":600,"url":"https:\/\/gooddealersmeds.com\/sk\/wp-content\/uploads\/sites\/9\/2022\/06\/Buy-Nembutal-oral-Liquid.webp","type":"image\/webp"}],"twitter_card":"summary_large_image","twitter_misc":{"Est. reading time":"2 minutes"},"schema":{"@context":"https:\/\/schema.org","@graph":[{"@type":"WebPage","@id":"https:\/\/gooddealersmeds.com\/sk\/product\/nembutal-oralna-kvapalina\/","url":"https:\/\/gooddealersmeds.com\/sk\/product\/nembutal-oralna-kvapalina\/","name":"K\u00fapte si peror\u00e1lnu tekutinu Nembutal online (pentobarbital) | Good Dealers Meds","isPartOf":{"@id":"https:\/\/gooddealersmeds.com\/sk\/#website"},"primaryImageOfPage":{"@id":"https:\/\/gooddealersmeds.com\/sk\/product\/nembutal-oralna-kvapalina\/#primaryimage"},"image":{"@id":"https:\/\/gooddealersmeds.com\/sk\/product\/nembutal-oralna-kvapalina\/#primaryimage"},"thumbnailUrl":"https:\/\/gooddealersmeds.com\/sk\/wp-content\/uploads\/sites\/9\/2022\/06\/Buy-Nembutal-oral-Liquid.webp","datePublished":"2022-06-22T20:49:15+00:00","dateModified":"2024-11-25T14:48:54+00:00","description":"K\u00fapte si peror\u00e1lnu tekutinu Nembutal (Pentobarbital Sodium), barbitur\u00e1t, ktor\u00fd p\u00f4sob\u00ed ako depres\u00edvum alebo sedat\u00edvum, ktor\u00fd sa pou\u017e\u00edva kr\u00e1tkodobo na lie\u010dbu nespavosti.","breadcrumb":{"@id":"https:\/\/gooddealersmeds.com\/sk\/product\/nembutal-oralna-kvapalina\/#breadcrumb"},"inLanguage":"en-US","potentialAction":[{"@type":"ReadAction","target":["https:\/\/gooddealersmeds.com\/sk\/product\/nembutal-oralna-kvapalina\/"]}]},{"@type":"ImageObject","inLanguage":"en-US","@id":"https:\/\/gooddealersmeds.com\/sk\/product\/nembutal-oralna-kvapalina\/#primaryimage","url":"https:\/\/gooddealersmeds.com\/sk\/wp-content\/uploads\/sites\/9\/2022\/06\/Buy-Nembutal-oral-Liquid.webp","contentUrl":"https:\/\/gooddealersmeds.com\/sk\/wp-content\/uploads\/sites\/9\/2022\/06\/Buy-Nembutal-oral-Liquid.webp","width":600,"height":600,"caption":"Buy Nembutal Oral Liquid"},{"@type":"BreadcrumbList","@id":"https:\/\/gooddealersmeds.com\/sk\/product\/nembutal-oralna-kvapalina\/#breadcrumb","itemListElement":[{"@type":"ListItem","position":1,"name":"Home","item":"https:\/\/gooddealersmeds.com\/sk\/"},{"@type":"ListItem","position":2,"name":"Produkty","item":"https:\/\/gooddealersmeds.com\/sk\/produkty\/"},{"@type":"ListItem","position":3,"name":"K\u00fapte si peror\u00e1lnu tekutinu Nembutal"}]},{"@type":"WebSite","@id":"https:\/\/gooddealersmeds.com\/sk\/#website","url":"https:\/\/gooddealersmeds.com\/sk\/","name":"Good Dealers Meds","description":"All our best","publisher":{"@id":"https:\/\/gooddealersmeds.com\/sk\/#organization"},"potentialAction":[{"@type":"SearchAction","target":{"@type":"EntryPoint","urlTemplate":"https:\/\/gooddealersmeds.com\/sk\/?s={search_term_string}"},"query-input":{"@type":"PropertyValueSpecification","valueRequired":true,"valueName":"search_term_string"}}],"inLanguage":"en-US"},{"@type":"Organization","@id":"https:\/\/gooddealersmeds.com\/sk\/#organization","name":"Good Dealers Meds","url":"https:\/\/gooddealersmeds.com\/sk\/","logo":{"@type":"ImageObject","inLanguage":"en-US","@id":"https:\/\/gooddealersmeds.com\/sk\/#\/schema\/logo\/image\/","url":"https:\/\/gooddealersmeds.com\/sk\/wp-content\/uploads\/sites\/9\/2022\/03\/gooddealersmeds__logo__20220317T222800Z.00.png","contentUrl":"https:\/\/gooddealersmeds.com\/sk\/wp-content\/uploads\/sites\/9\/2022\/03\/gooddealersmeds__logo__20220317T222800Z.00.png","width":500,"height":325,"caption":"Good Dealers Meds"},"image":{"@id":"https:\/\/gooddealersmeds.com\/sk\/#\/schema\/logo\/image\/"}}]}},"_links":{"self":[{"href":"https:\/\/gooddealersmeds.com\/sk\/wp-json\/wp\/v2\/product\/1818","targetHints":{"allow":["GET"]}}],"collection":[{"href":"https:\/\/gooddealersmeds.com\/sk\/wp-json\/wp\/v2\/product"}],"about":[{"href":"https:\/\/gooddealersmeds.com\/sk\/wp-json\/wp\/v2\/types\/product"}],"replies":[{"embeddable":true,"href":"https:\/\/gooddealersmeds.com\/sk\/wp-json\/wp\/v2\/comments?post=1818"}],"wp:featuredmedia":[{"embeddable":true,"href":"https:\/\/gooddealersmeds.com\/sk\/wp-json\/wp\/v2\/media\/1822"}],"wp:attachment":[{"href":"https:\/\/gooddealersmeds.com\/sk\/wp-json\/wp\/v2\/media?parent=1818"}],"wp:term":[{"taxonomy":"product_brand","embeddable":true,"href":"https:\/\/gooddealersmeds.com\/sk\/wp-json\/wp\/v2\/product_brand?post=1818"},{"taxonomy":"product_cat","embeddable":true,"href":"https:\/\/gooddealersmeds.com\/sk\/wp-json\/wp\/v2\/product_cat?post=1818"},{"taxonomy":"product_tag","embeddable":true,"href":"https:\/\/gooddealersmeds.com\/sk\/wp-json\/wp\/v2\/product_tag?post=1818"}],"curies":[{"name":"wp","href":"https:\/\/api.w.org\/{rel}","templated":true}]}}