{"id":1799,"date":"2022-06-22T20:40:51","date_gmt":"2022-06-22T20:40:51","guid":{"rendered":"https:\/\/gooddealersmeds.com\/sk\/?post_type=product&#038;p=1799"},"modified":"2022-10-03T22:05:16","modified_gmt":"2022-10-03T22:05:16","slug":"buy-vyvanse-online","status":"publish","type":"product","link":"https:\/\/gooddealersmeds.com\/sk\/product\/buy-vyvanse-online\/","title":{"rendered":"K\u00fapte si Vyvanse online"},"content":{"rendered":"<p>K\u00fapte si Vyvanse online v na\u0161om obchode. Lisdexamfetam\u00edn je v\u0161eobecn\u00fd n\u00e1zov pre Vyvanse. Lisdexamfetam\u00edn sa pou\u017e\u00edva na lie\u010dbu poruchy pozornosti s hyperaktivitou (ADHD) ako s\u00fa\u010das\u0165 komplexn\u00e9ho lie\u010debn\u00e9ho pl\u00e1nu, ktor\u00fd zah\u0155\u0148a psychologick\u00e9, soci\u00e1lne a in\u00e9 intervencie. M\u00f4\u017ee pom\u00f4c\u0165 zlep\u0161i\u0165 rozsah pozornosti, zosta\u0165 s\u00fastreden\u00fd a zn\u00ed\u017ei\u0165 nervozitu. Porucha prejedania sa m\u00f4\u017ee by\u0165 lie\u010den\u00e1 aj lisdexamfetam\u00ednom (BED). M\u00f4\u017ee pom\u00f4c\u0165 zn\u00ed\u017ei\u0165 po\u010det dn\u00ed prejedania sa.<\/p>\n<p>Toto je stimula\u010dn\u00fd liek. Predpoklad\u00e1 sa, \u017ee funguje tak, \u017ee obnovuje rovnov\u00e1hu ur\u010dit\u00fdch pr\u00edrodn\u00fdch chemik\u00e1li\u00ed v mozgu (neurotransmitery). Kv\u00f4li riziku z\u00e1va\u017en\u00fdch ved\u013eaj\u0161\u00edch \u00fa\u010dinkov sa tento liek neodpor\u00fa\u010da na chudnutie.<\/p>\n<p><a href=\"https:\/\/gooddealersmeds.com\/sk\/product\/buy-vyvanse-online\/\"> Vyvanse<\/a>je dostupn\u00fd ako r\u00fdchlo p\u00f4sobiaca tableta alebo tableta s pomal\u00fdm uvo\u013e\u0148ovan\u00edm, ako aj \u017euvacia tableta. Lie\u010divo za\u010dne p\u00f4sobi\u0165 do 2 hod\u00edn po podan\u00ed a zvy\u010dajne trv\u00e1 10-12 hod\u00edn. Zvy\u010dajne sa tie\u017e predpisuje v d\u00e1vkach 10, 20 alebo 30 mg piluliek alebo \u017euvac\u00edch tabliet. Vyhnete sa tak mnoh\u00fdm probl\u00e9mom spojen\u00fdm s Adderallom, ako napr\u00edklad upozorni\u0165 pou\u017e\u00edvate\u013eov, ktor\u00ed nem\u00f4\u017eu u\u017e\u00edva\u0165 tabletky, aby rozbili kapsuly.<\/p>\n<p>Vyvanse sa m\u00e1 u\u017e\u00edva\u0165 raz denne r\u00e1no. Najlep\u0161ie je u\u017ei\u0165 ho ako prv\u00fa vec r\u00e1no, preto\u017ee m\u00f4\u017ee naru\u0161i\u0165 sp\u00e1nok nesk\u00f4r po\u010das d\u0148a. Ak vy alebo va\u0161e die\u0165a u\u017e\u00edvate alebo ste ned\u00e1vno u\u017e\u00edvali inhib\u00edtor monoaminooxid\u00e1zy, neu\u017e\u00edvajte Vyvanse. Ved\u013eaj\u0161ie \u00fa\u010dinky lieku Vyvanse be\u017ene zah\u0155\u0148aj\u00fa zn\u00ed\u017een\u00fa chu\u0165 do jedla, \u0165a\u017ekosti so sp\u00e1nkom, stratu hmotnosti a sucho v \u00fastach. Informujte svojho lek\u00e1ra, ak m\u00e1te vysok\u00fd krvn\u00fd tlak.<\/p>\n<p>V\u00e4\u010d\u0161ina \u013eud\u00ed, ktor\u00ed h\u013eadaj\u00fa generikum vyvanse, si chce k\u00fapi\u0165 a doplni\u0165 svoj recept z renomovan\u00e9ho zdroja. Na\u0161\u00edm poslan\u00edm je poskytn\u00fa\u0165 miesto, kde m\u00f4\u017eu pacienti z\u00edska\u0165 svoje lieky bez oh\u013eadu na ich poistn\u00e9 krytie alebo finan\u010dn\u00fa situ\u00e1ciu. S na\u0161ou pomocou m\u00f4\u017eete \u013eahko z\u00edska\u0165 generick\u00e9 vyvanse online a spravova\u0165 svoje predpisy.<\/p>\n<p>Poskytujeme \u010dist\u00e9 vyvanse, nakupujte vyvanse online z n\u00e1\u0161ho <a href=\"https:\/\/gooddealersmeds.com\/sk\/products\/\">obchod<\/a>. N\u00e1\u0161 online obchod tie\u017e poskytuje pacientom zdroje, ktor\u00e9 potrebuj\u00fa na zvl\u00e1dnutie ADHD a pocit v\u00e4\u010d\u0161ej kontroly nad svojimi \u017eivotmi.<\/p>\n","protected":false},"excerpt":{"rendered":"<p>Vyvanse mo\u017eno predp\u00edsa\u0165 na lie\u010dbu poruchy pozornosti s hyperaktivitou (ADHD) u dospel\u00fdch a det\u00ed vo veku \u0161es\u0165 a viac rokov, ako aj na lie\u010dbu stredne \u0165a\u017ekej a\u017e \u0165a\u017ekej poruchy prejedania sa u dospel\u00fdch. Bezpe\u010dnos\u0165 a \u00fa\u010dinnos\u0165 lisdexamfetam\u00edn dimesyl\u00e1tu u det\u00ed s ADHD vo veku od troch do piatich rokov neboli stanoven\u00e9.<\/p>\n","protected":false},"featured_media":1801,"comment_status":"open","ping_status":"closed","template":"","meta":{"inline_featured_image":false},"product_brand":[],"product_cat":[346],"product_tag":[],"class_list":{"0":"post-1799","1":"product","2":"type-product","3":"status-publish","4":"has-post-thumbnail","6":"product_cat-stimulanty","7":"pa_pills-100-pills","8":"pa_pills-1000-pills","9":"pa_pills-30-pills","10":"pa_pills-300-pills","11":"pa_pills-50-pills","12":"pa_pills-500-pills","14":"first","15":"instock","16":"shipping-taxable","17":"purchasable","18":"product-type-variable","19":"has-default-attributes"},"yoast_head":"<!-- This site is optimized with the Yoast SEO Premium plugin v20.6 (Yoast SEO v27.4) - https:\/\/yoast.com\/product\/yoast-seo-premium-wordpress\/ -->\n<title>K\u00fapi\u0165 Vyvanse online - Najkvalitnej\u0161ie Vyvanse | Dobr\u00ed predajcovia liekov<\/title>\n<meta name=\"description\" content=\"K\u00fapte si Vyvanse online za n\u00edzku cenu od Good Dealers Meds na lie\u010dbu ADHD u det\u00ed vo veku 6-12 rokov, dospievaj\u00facich a dospel\u00fdch.\" \/>\n<meta name=\"robots\" content=\"index, follow, max-snippet:-1, max-image-preview:large, max-video-preview:-1\" \/>\n<link rel=\"canonical\" href=\"https:\/\/gooddealersmeds.com\/sk\/product\/buy-vyvanse-online\/\" \/>\n<meta property=\"og:locale\" content=\"en_US\" \/>\n<meta property=\"og:type\" content=\"article\" \/>\n<meta property=\"og:title\" content=\"K\u00fapte si Vyvanse online\" \/>\n<meta property=\"og:description\" content=\"K\u00fapte si Vyvanse online za n\u00edzku cenu od Good Dealers Meds na lie\u010dbu ADHD u det\u00ed vo veku 6-12 rokov, dospievaj\u00facich a dospel\u00fdch.\" \/>\n<meta property=\"og:url\" content=\"https:\/\/gooddealersmeds.com\/sk\/product\/buy-vyvanse-online\/\" \/>\n<meta property=\"og:site_name\" content=\"Good Dealers Meds\" \/>\n<meta property=\"article:modified_time\" content=\"2022-10-03T22:05:16+00:00\" \/>\n<meta property=\"og:image\" content=\"https:\/\/gooddealersmeds.com\/sk\/wp-content\/uploads\/sites\/9\/2022\/04\/Sept15Vyvanse-1.png\" \/>\n\t<meta property=\"og:image:width\" content=\"469\" \/>\n\t<meta property=\"og:image:height\" content=\"314\" \/>\n\t<meta property=\"og:image:type\" content=\"image\/png\" \/>\n<meta name=\"twitter:card\" content=\"summary_large_image\" \/>\n<meta name=\"twitter:label1\" content=\"Est. reading time\" \/>\n\t<meta name=\"twitter:data1\" content=\"2 minutes\" \/>\n<script type=\"application\/ld+json\" class=\"yoast-schema-graph\">{\"@context\":\"https:\\\/\\\/schema.org\",\"@graph\":[{\"@type\":\"WebPage\",\"@id\":\"https:\\\/\\\/gooddealersmeds.com\\\/sk\\\/product\\\/buy-vyvanse-online\\\/\",\"url\":\"https:\\\/\\\/gooddealersmeds.com\\\/sk\\\/product\\\/buy-vyvanse-online\\\/\",\"name\":\"K\u00fapi\u0165 Vyvanse online - Najkvalitnej\u0161ie Vyvanse | Dobr\u00ed predajcovia liekov\",\"isPartOf\":{\"@id\":\"https:\\\/\\\/gooddealersmeds.com\\\/sk\\\/#website\"},\"primaryImageOfPage\":{\"@id\":\"https:\\\/\\\/gooddealersmeds.com\\\/sk\\\/product\\\/buy-vyvanse-online\\\/#primaryimage\"},\"image\":{\"@id\":\"https:\\\/\\\/gooddealersmeds.com\\\/sk\\\/product\\\/buy-vyvanse-online\\\/#primaryimage\"},\"thumbnailUrl\":\"https:\\\/\\\/gooddealersmeds.com\\\/sk\\\/wp-content\\\/uploads\\\/sites\\\/9\\\/2022\\\/04\\\/Sept15Vyvanse-1.png\",\"datePublished\":\"2022-06-22T20:40:51+00:00\",\"dateModified\":\"2022-10-03T22:05:16+00:00\",\"description\":\"K\u00fapte si Vyvanse online za n\u00edzku cenu od Good Dealers Meds na lie\u010dbu ADHD u det\u00ed vo veku 6-12 rokov, dospievaj\u00facich a dospel\u00fdch.\",\"breadcrumb\":{\"@id\":\"https:\\\/\\\/gooddealersmeds.com\\\/sk\\\/product\\\/buy-vyvanse-online\\\/#breadcrumb\"},\"inLanguage\":\"en-US\",\"potentialAction\":[{\"@type\":\"ReadAction\",\"target\":[\"https:\\\/\\\/gooddealersmeds.com\\\/sk\\\/product\\\/buy-vyvanse-online\\\/\"]}]},{\"@type\":\"ImageObject\",\"inLanguage\":\"en-US\",\"@id\":\"https:\\\/\\\/gooddealersmeds.com\\\/sk\\\/product\\\/buy-vyvanse-online\\\/#primaryimage\",\"url\":\"https:\\\/\\\/gooddealersmeds.com\\\/sk\\\/wp-content\\\/uploads\\\/sites\\\/9\\\/2022\\\/04\\\/Sept15Vyvanse-1.png\",\"contentUrl\":\"https:\\\/\\\/gooddealersmeds.com\\\/sk\\\/wp-content\\\/uploads\\\/sites\\\/9\\\/2022\\\/04\\\/Sept15Vyvanse-1.png\",\"width\":469,\"height\":314,\"caption\":\"Buy Vyvanse Online\"},{\"@type\":\"BreadcrumbList\",\"@id\":\"https:\\\/\\\/gooddealersmeds.com\\\/sk\\\/product\\\/buy-vyvanse-online\\\/#breadcrumb\",\"itemListElement\":[{\"@type\":\"ListItem\",\"position\":1,\"name\":\"Home\",\"item\":\"https:\\\/\\\/gooddealersmeds.com\\\/sk\\\/\"},{\"@type\":\"ListItem\",\"position\":2,\"name\":\"Produkty\",\"item\":\"https:\\\/\\\/gooddealersmeds.com\\\/sk\\\/produkty\\\/\"},{\"@type\":\"ListItem\",\"position\":3,\"name\":\"K\u00fapte si Vyvanse online\"}]},{\"@type\":\"WebSite\",\"@id\":\"https:\\\/\\\/gooddealersmeds.com\\\/sk\\\/#website\",\"url\":\"https:\\\/\\\/gooddealersmeds.com\\\/sk\\\/\",\"name\":\"Good Dealers Meds\",\"description\":\"All our best\",\"publisher\":{\"@id\":\"https:\\\/\\\/gooddealersmeds.com\\\/sk\\\/#organization\"},\"potentialAction\":[{\"@type\":\"SearchAction\",\"target\":{\"@type\":\"EntryPoint\",\"urlTemplate\":\"https:\\\/\\\/gooddealersmeds.com\\\/sk\\\/?s={search_term_string}\"},\"query-input\":{\"@type\":\"PropertyValueSpecification\",\"valueRequired\":true,\"valueName\":\"search_term_string\"}}],\"inLanguage\":\"en-US\"},{\"@type\":\"Organization\",\"@id\":\"https:\\\/\\\/gooddealersmeds.com\\\/sk\\\/#organization\",\"name\":\"Good Dealers Meds\",\"url\":\"https:\\\/\\\/gooddealersmeds.com\\\/sk\\\/\",\"logo\":{\"@type\":\"ImageObject\",\"inLanguage\":\"en-US\",\"@id\":\"https:\\\/\\\/gooddealersmeds.com\\\/sk\\\/#\\\/schema\\\/logo\\\/image\\\/\",\"url\":\"https:\\\/\\\/gooddealersmeds.com\\\/sk\\\/wp-content\\\/uploads\\\/sites\\\/9\\\/2022\\\/03\\\/gooddealersmeds__logo__20220317T222800Z.00.png\",\"contentUrl\":\"https:\\\/\\\/gooddealersmeds.com\\\/sk\\\/wp-content\\\/uploads\\\/sites\\\/9\\\/2022\\\/03\\\/gooddealersmeds__logo__20220317T222800Z.00.png\",\"width\":500,\"height\":325,\"caption\":\"Good Dealers Meds\"},\"image\":{\"@id\":\"https:\\\/\\\/gooddealersmeds.com\\\/sk\\\/#\\\/schema\\\/logo\\\/image\\\/\"}}]}<\/script>\n<!-- \/ Yoast SEO Premium plugin. -->","yoast_head_json":{"title":"K\u00fapi\u0165 Vyvanse online - Najkvalitnej\u0161ie Vyvanse | Dobr\u00ed predajcovia liekov","description":"K\u00fapte si Vyvanse online za n\u00edzku cenu od Good Dealers Meds na lie\u010dbu ADHD u det\u00ed vo veku 6-12 rokov, dospievaj\u00facich a dospel\u00fdch.","robots":{"index":"index","follow":"follow","max-snippet":"max-snippet:-1","max-image-preview":"max-image-preview:large","max-video-preview":"max-video-preview:-1"},"canonical":"https:\/\/gooddealersmeds.com\/sk\/product\/buy-vyvanse-online\/","og_locale":"en_US","og_type":"article","og_title":"K\u00fapte si Vyvanse online","og_description":"K\u00fapte si Vyvanse online za n\u00edzku cenu od Good Dealers Meds na lie\u010dbu ADHD u det\u00ed vo veku 6-12 rokov, dospievaj\u00facich a dospel\u00fdch.","og_url":"https:\/\/gooddealersmeds.com\/sk\/product\/buy-vyvanse-online\/","og_site_name":"Good Dealers Meds","article_modified_time":"2022-10-03T22:05:16+00:00","og_image":[{"width":469,"height":314,"url":"https:\/\/gooddealersmeds.com\/sk\/wp-content\/uploads\/sites\/9\/2022\/04\/Sept15Vyvanse-1.png","type":"image\/png"}],"twitter_card":"summary_large_image","twitter_misc":{"Est. reading time":"2 minutes"},"schema":{"@context":"https:\/\/schema.org","@graph":[{"@type":"WebPage","@id":"https:\/\/gooddealersmeds.com\/sk\/product\/buy-vyvanse-online\/","url":"https:\/\/gooddealersmeds.com\/sk\/product\/buy-vyvanse-online\/","name":"K\u00fapi\u0165 Vyvanse online - Najkvalitnej\u0161ie Vyvanse | Dobr\u00ed predajcovia liekov","isPartOf":{"@id":"https:\/\/gooddealersmeds.com\/sk\/#website"},"primaryImageOfPage":{"@id":"https:\/\/gooddealersmeds.com\/sk\/product\/buy-vyvanse-online\/#primaryimage"},"image":{"@id":"https:\/\/gooddealersmeds.com\/sk\/product\/buy-vyvanse-online\/#primaryimage"},"thumbnailUrl":"https:\/\/gooddealersmeds.com\/sk\/wp-content\/uploads\/sites\/9\/2022\/04\/Sept15Vyvanse-1.png","datePublished":"2022-06-22T20:40:51+00:00","dateModified":"2022-10-03T22:05:16+00:00","description":"K\u00fapte si Vyvanse online za n\u00edzku cenu od Good Dealers Meds na lie\u010dbu ADHD u det\u00ed vo veku 6-12 rokov, dospievaj\u00facich a dospel\u00fdch.","breadcrumb":{"@id":"https:\/\/gooddealersmeds.com\/sk\/product\/buy-vyvanse-online\/#breadcrumb"},"inLanguage":"en-US","potentialAction":[{"@type":"ReadAction","target":["https:\/\/gooddealersmeds.com\/sk\/product\/buy-vyvanse-online\/"]}]},{"@type":"ImageObject","inLanguage":"en-US","@id":"https:\/\/gooddealersmeds.com\/sk\/product\/buy-vyvanse-online\/#primaryimage","url":"https:\/\/gooddealersmeds.com\/sk\/wp-content\/uploads\/sites\/9\/2022\/04\/Sept15Vyvanse-1.png","contentUrl":"https:\/\/gooddealersmeds.com\/sk\/wp-content\/uploads\/sites\/9\/2022\/04\/Sept15Vyvanse-1.png","width":469,"height":314,"caption":"Buy Vyvanse Online"},{"@type":"BreadcrumbList","@id":"https:\/\/gooddealersmeds.com\/sk\/product\/buy-vyvanse-online\/#breadcrumb","itemListElement":[{"@type":"ListItem","position":1,"name":"Home","item":"https:\/\/gooddealersmeds.com\/sk\/"},{"@type":"ListItem","position":2,"name":"Produkty","item":"https:\/\/gooddealersmeds.com\/sk\/produkty\/"},{"@type":"ListItem","position":3,"name":"K\u00fapte si Vyvanse online"}]},{"@type":"WebSite","@id":"https:\/\/gooddealersmeds.com\/sk\/#website","url":"https:\/\/gooddealersmeds.com\/sk\/","name":"Good Dealers Meds","description":"All our best","publisher":{"@id":"https:\/\/gooddealersmeds.com\/sk\/#organization"},"potentialAction":[{"@type":"SearchAction","target":{"@type":"EntryPoint","urlTemplate":"https:\/\/gooddealersmeds.com\/sk\/?s={search_term_string}"},"query-input":{"@type":"PropertyValueSpecification","valueRequired":true,"valueName":"search_term_string"}}],"inLanguage":"en-US"},{"@type":"Organization","@id":"https:\/\/gooddealersmeds.com\/sk\/#organization","name":"Good Dealers Meds","url":"https:\/\/gooddealersmeds.com\/sk\/","logo":{"@type":"ImageObject","inLanguage":"en-US","@id":"https:\/\/gooddealersmeds.com\/sk\/#\/schema\/logo\/image\/","url":"https:\/\/gooddealersmeds.com\/sk\/wp-content\/uploads\/sites\/9\/2022\/03\/gooddealersmeds__logo__20220317T222800Z.00.png","contentUrl":"https:\/\/gooddealersmeds.com\/sk\/wp-content\/uploads\/sites\/9\/2022\/03\/gooddealersmeds__logo__20220317T222800Z.00.png","width":500,"height":325,"caption":"Good Dealers Meds"},"image":{"@id":"https:\/\/gooddealersmeds.com\/sk\/#\/schema\/logo\/image\/"}}]}},"_links":{"self":[{"href":"https:\/\/gooddealersmeds.com\/sk\/wp-json\/wp\/v2\/product\/1799","targetHints":{"allow":["GET"]}}],"collection":[{"href":"https:\/\/gooddealersmeds.com\/sk\/wp-json\/wp\/v2\/product"}],"about":[{"href":"https:\/\/gooddealersmeds.com\/sk\/wp-json\/wp\/v2\/types\/product"}],"replies":[{"embeddable":true,"href":"https:\/\/gooddealersmeds.com\/sk\/wp-json\/wp\/v2\/comments?post=1799"}],"wp:featuredmedia":[{"embeddable":true,"href":"https:\/\/gooddealersmeds.com\/sk\/wp-json\/wp\/v2\/media\/1801"}],"wp:attachment":[{"href":"https:\/\/gooddealersmeds.com\/sk\/wp-json\/wp\/v2\/media?parent=1799"}],"wp:term":[{"taxonomy":"product_brand","embeddable":true,"href":"https:\/\/gooddealersmeds.com\/sk\/wp-json\/wp\/v2\/product_brand?post=1799"},{"taxonomy":"product_cat","embeddable":true,"href":"https:\/\/gooddealersmeds.com\/sk\/wp-json\/wp\/v2\/product_cat?post=1799"},{"taxonomy":"product_tag","embeddable":true,"href":"https:\/\/gooddealersmeds.com\/sk\/wp-json\/wp\/v2\/product_tag?post=1799"}],"curies":[{"name":"wp","href":"https:\/\/api.w.org\/{rel}","templated":true}]}}